{"id":1283,"date":"2025-05-21T17:03:41","date_gmt":"2025-05-21T20:03:41","guid":{"rendered":"https:\/\/redeicm.org.br\/gloria\/?page_id=1283"},"modified":"2026-01-07T08:42:14","modified_gmt":"2026-01-07T11:42:14","slug":"bolsa-de-estudos-2025","status":"publish","type":"page","link":"https:\/\/redeicm.org.br\/gloria\/bolsa-de-estudos-2025\/","title":{"rendered":"Bolsa de Estudos 2026"},"content":{"rendered":"<h5><\/h5>\n<h4><em>RESULTADO DO PROCESSO de Bolsas de Estudo na Educa\u00e7\u00e3o B\u00e1sica 01\/2026 &#8211; Portaria Complementar <\/em><\/h4>\n<p><a href=\"https:\/\/redeicm.org.br\/gloria\/wp-content\/uploads\/sites\/11\/2026\/01\/RESULTADO-PORTARIA-COMPLEMENTAR-01-ATA-PARA-SELECAO-E-E-DELIBERACAO-SOBRE-CONCESSAO-DE-BOLSA-DE-ESTUDOS-2026.pdf\">Clique aqui para visualizar o resultado<\/a><\/p>\n<h4><strong><em>NOVO!<\/em> <u>PORTARIA COMPLEMENTAR DE BOLSAS DE ESTUDO<\/u><\/strong><strong> &#8211; <\/strong><strong>PORTARIA N\u00ba<u> 1, de 05 de dezembro de 2025\u00a0<\/u><\/strong><\/h4>\n<p><a href=\"https:\/\/redeicm.org.br\/gloria\/wp-content\/uploads\/sites\/11\/2025\/12\/Portaria-Complementar-2026.pdf\">Clique aqui para visualizar a portaria complementar<\/a><\/p>\n<p><a href=\"https:\/\/redeicm.org.br\/gloria\/wp-content\/uploads\/sites\/11\/2025\/12\/Ficha-SocioEconomica-2026-1.pdf\">Clique aqui para baixar a ficha socioecon\u00f4mica<\/a><\/p>\n<h4 style=\"text-align: left\"><strong>MODELOS DE DECLARA\u00c7\u00d5ES PARA DOWNLOAD:<\/strong><\/h4>\n<pre><a href=\"https:\/\/redeicm.org.br\/gloria\/wp-content\/uploads\/sites\/11\/2025\/09\/Tabela-de-informacoes-financeiras-do-grupo-familiar-despesas.pdf\">INFORMA\u00c7\u00d5ES FINANCEIRAS DO GRUPO FAMILIAR (DESPESAS E RECEITAS)<\/a>\r\n\r\n<a href=\"https:\/\/redeicm.org.br\/gloria\/wp-content\/uploads\/sites\/11\/2025\/09\/Declaracao-uniao_estavel.pdf\"><u>DECLARA\u00c7\u00c3O DE UNI\u00c3O EST\u00c1VEL<\/u><\/a>\r\n\r\n<a href=\"https:\/\/redeicm.org.br\/gloria\/wp-content\/uploads\/sites\/11\/2025\/09\/Declaracao-trabalho_autonomo.pdf\"><u>DECLARA\u00c7\u00c3O DE TRABALHO INFORMAL<\/u><\/a>\r\n\r\n<u><\/u><a href=\"https:\/\/redeicm.org.br\/gloria\/wp-content\/uploads\/sites\/11\/2025\/09\/Declaracao-pensao_alimenticia.pdf\">DECLARA\u00c7\u00c3O DEPENS\u00c3O ALIMENT\u00cdCIA<\/a>\r\n\r\n<a href=\"https:\/\/redeicm.org.br\/gloria\/wp-content\/uploads\/sites\/11\/2025\/09\/Declaracao-MEI.pdf\"><u>DECLARA\u00c7\u00c3O DE <\/u><u>MICROEMPREENDEDOR INDIVIDUAL (MEI)<\/u><\/a>\r\n\r\n<a href=\"https:\/\/redeicm.org.br\/gloria\/wp-content\/uploads\/sites\/11\/2025\/09\/Declaracao-estado_civil.pdf\">DECLARA\u00c7\u00c3O DE ESTADO CIVIL<\/a>\r\n<a href=\"https:\/\/redeicm.org.br\/gloria\/wp-content\/uploads\/sites\/11\/2025\/09\/Declaracao-contribuicao_material_eou_financeira.pdf\"><u>DECLARA\u00c7\u00c3O DE CONTRIBUI\u00c7\u00c3O <\/u><u>MATERIAL<\/u> <u>E\/OU<\/u> <u>FINANCEIRA<\/u><\/a>\r\n\r\n<a href=\"https:\/\/redeicm.org.br\/gloria\/wp-content\/uploads\/sites\/11\/2025\/09\/Declaracao-desempregado.pdf\"><u>DECLARA\u00c7\u00c3O DE DESEMPREGADO\u00a0<\/u><u>E\/OU<\/u> <u>DE<\/u> <u>AFAZERES<\/u><u> DOM\u00c9STICOS<\/u><\/a>\r\n\r\n<a href=\"https:\/\/redeicm.org.br\/gloria\/wp-content\/uploads\/sites\/11\/2025\/09\/Declaracao-cedencia_ou_locacao_imovel.pdf\">DECLARA\u00c7\u00c3O DE CED\u00caNCIA OU LOCA\u00c7\u00c3O DE IM\u00d3VEL<\/a>\r\n<\/pre>\n<h5>RESULTADO DO PROCESSO DE RENOVA\u00c7\u00c3O de Bolsas de Estudos na Educa\u00e7\u00e3o B\u00e1sica 01\/2026<\/h5>\n<p><a href=\"https:\/\/redeicm.org.br\/gloria\/wp-content\/uploads\/sites\/11\/2025\/11\/Resultado-do-Processo-de-Renovacao-de-Bolsas-de-Estudos-2026.pdf\">Clique aqui para visualizar o documento com o resultado<\/a>.<\/p>\n<h5><\/h5>\n<h5>Edital de Bolsas de Estudos na Educa\u00e7\u00e3o B\u00e1sica 01\/2026.<\/h5>\n<p>As Bolsas de Estudo 2026 representam uma oportunidade de acesso \u00e0 educa\u00e7\u00e3o de excel\u00eancia. Aqui voc\u00ea encontra todas as informa\u00e7\u00f5es necess\u00e1rias para compreender o processo, requisitos e etapas de inscri\u00e7\u00e3o.<\/p>\n<p><a href=\"https:\/\/redeicm.org.br\/gloria\/wp-content\/uploads\/sites\/11\/2025\/09\/Edital-01-2026-1.pdf\" target=\"_blank\" rel=\"noopener\">Acesse o documento abaixo ou clique aqui para baixar.<\/a><\/p>\n<h4 style=\"text-align: left\"><strong>MODELOS DE DECLARA\u00c7\u00d5ES PARA DOWNLOAD:<\/strong><\/h4>\n<pre><a href=\"https:\/\/redeicm.org.br\/gloria\/wp-content\/uploads\/sites\/11\/2025\/09\/Tabela-de-informacoes-financeiras-do-grupo-familiar-despesas.pdf\">INFORMA\u00c7\u00d5ES FINANCEIRAS DO GRUPO FAMILIAR (DESPESAS E RECEITAS)<\/a>\r\n\r\n<a href=\"https:\/\/redeicm.org.br\/gloria\/wp-content\/uploads\/sites\/11\/2025\/09\/Declaracao-uniao_estavel.pdf\"><u>DECLARA\u00c7\u00c3O DE UNI\u00c3O EST\u00c1VEL<\/u><\/a>\r\n\r\n<a href=\"https:\/\/redeicm.org.br\/gloria\/wp-content\/uploads\/sites\/11\/2025\/09\/Declaracao-trabalho_autonomo.pdf\"><u>DECLARA\u00c7\u00c3O DE TRABALHO INFORMAL<\/u><\/a>\r\n\r\n<u><\/u><a href=\"https:\/\/redeicm.org.br\/gloria\/wp-content\/uploads\/sites\/11\/2025\/09\/Declaracao-pensao_alimenticia.pdf\">DECLARA\u00c7\u00c3O DEPENS\u00c3O ALIMENT\u00cdCIA<\/a>\r\n\r\n<a href=\"https:\/\/redeicm.org.br\/gloria\/wp-content\/uploads\/sites\/11\/2025\/09\/Declaracao-MEI.pdf\"><u>DECLARA\u00c7\u00c3O DE <\/u><u>MICROEMPREENDEDOR INDIVIDUAL (MEI)<\/u><\/a>\r\n\r\n<a href=\"https:\/\/redeicm.org.br\/gloria\/wp-content\/uploads\/sites\/11\/2025\/09\/Declaracao-estado_civil.pdf\">DECLARA\u00c7\u00c3O DE ESTADO CIVIL<\/a>\r\n<a href=\"https:\/\/redeicm.org.br\/gloria\/wp-content\/uploads\/sites\/11\/2025\/09\/Declaracao-contribuicao_material_eou_financeira.pdf\"><u>DECLARA\u00c7\u00c3O DE CONTRIBUI\u00c7\u00c3O <\/u><u>MATERIAL<\/u> <u>E\/OU<\/u> <u>FINANCEIRA<\/u><\/a>\r\n\r\n<a href=\"https:\/\/redeicm.org.br\/gloria\/wp-content\/uploads\/sites\/11\/2025\/09\/Declaracao-desempregado.pdf\"><u>DECLARA\u00c7\u00c3O DE DESEMPREGADO\u00a0<\/u><u>E\/OU<\/u> <u>DE<\/u> <u>AFAZERES<\/u><u> DOM\u00c9STICOS<\/u><\/a>\r\n\r\n<a href=\"https:\/\/redeicm.org.br\/gloria\/wp-content\/uploads\/sites\/11\/2025\/09\/Declaracao-cedencia_ou_locacao_imovel.pdf\">DECLARA\u00c7\u00c3O DE CED\u00caNCIA OU LOCA\u00c7\u00c3O DE IM\u00d3VEL<\/a>\r\n\r\n<\/pre>\n<h1 style=\"margin-top: 0cm;text-align: center\" align=\"center\"><\/h1>\n<p>Desenvolvido por EmbedPress<\/p>\n","protected":false},"excerpt":{"rendered":"<p>RESULTADO DO PROCESSO de Bolsas de Estudo na Educa\u00e7\u00e3o B\u00e1sica 01\/2026 &#8211; Portaria Complementar Clique aqui para visualizar o resultado NOVO! PORTARIA COMPLEMENTAR DE BOLSAS DE ESTUDO &#8211; PORTARIA N\u00ba 1, de 05 de dezembro de 2025\u00a0 Clique aqui para visualizar a portaria complementar Clique aqui para baixar a ficha socioecon\u00f4mica MODELOS DE DECLARA\u00c7\u00d5ES PARA [&hellip;]<\/p>\n","protected":false},"author":1,"featured_media":172,"parent":0,"menu_order":0,"comment_status":"closed","ping_status":"closed","template":"","meta":{"_acf_changed":false,"footnotes":""},"class_list":["post-1283","page","type-page","status-publish","has-post-thumbnail","hentry"],"acf":[],"yoast_head":"<!-- This site is optimized with the Yoast SEO plugin v26.3 - https:\/\/yoast.com\/wordpress\/plugins\/seo\/ -->\n<title>Bolsa de Estudos 2026 - Col\u00e9gio Nossa Senhora da Gl\u00f3ria | Rede ICM de Educa\u00e7\u00e3o<\/title>\n<meta name=\"robots\" content=\"index, follow, max-snippet:-1, max-image-preview:large, max-video-preview:-1\" \/>\n<link rel=\"canonical\" href=\"https:\/\/redeicm.org.br\/gloria\/bolsa-de-estudos-2025\/\" \/>\n<meta property=\"og:locale\" content=\"pt_BR\" \/>\n<meta property=\"og:type\" content=\"article\" \/>\n<meta property=\"og:title\" content=\"Bolsa de Estudos 2026 - Col\u00e9gio Nossa Senhora da Gl\u00f3ria | Rede ICM de Educa\u00e7\u00e3o\" \/>\n<meta property=\"og:description\" content=\"RESULTADO DO PROCESSO de Bolsas de Estudo na Educa\u00e7\u00e3o B\u00e1sica 01\/2026 &#8211; Portaria Complementar Clique aqui para visualizar o resultado NOVO! PORTARIA COMPLEMENTAR DE BOLSAS DE ESTUDO &#8211; PORTARIA N\u00ba 1, de 05 de dezembro de 2025\u00a0 Clique aqui para visualizar a portaria complementar Clique aqui para baixar a ficha socioecon\u00f4mica MODELOS DE DECLARA\u00c7\u00d5ES PARA [&hellip;]\" \/>\n<meta property=\"og:url\" content=\"https:\/\/redeicm.org.br\/gloria\/bolsa-de-estudos-2025\/\" \/>\n<meta property=\"og:site_name\" content=\"Col\u00e9gio Nossa Senhora da Gl\u00f3ria | Rede ICM de Educa\u00e7\u00e3o\" \/>\n<meta property=\"article:modified_time\" content=\"2026-01-07T11:42:14+00:00\" \/>\n<meta property=\"og:image\" content=\"https:\/\/redeicm.org.br\/gloria\/wp-content\/uploads\/sites\/11\/2024\/08\/banner-projetos-educativos-1.jpg\" \/>\n\t<meta property=\"og:image:width\" content=\"1440\" \/>\n\t<meta property=\"og:image:height\" content=\"400\" \/>\n\t<meta property=\"og:image:type\" content=\"image\/jpeg\" \/>\n<meta name=\"twitter:card\" content=\"summary_large_image\" \/>\n<meta name=\"twitter:label1\" content=\"Est. tempo de leitura\" \/>\n\t<meta name=\"twitter:data1\" content=\"1 minuto\" \/>\n<script type=\"application\/ld+json\" class=\"yoast-schema-graph\">{\"@context\":\"https:\/\/schema.org\",\"@graph\":[{\"@type\":\"WebPage\",\"@id\":\"https:\/\/redeicm.org.br\/gloria\/bolsa-de-estudos-2025\/\",\"url\":\"https:\/\/redeicm.org.br\/gloria\/bolsa-de-estudos-2025\/\",\"name\":\"Bolsa de Estudos 2026 - Col\u00e9gio Nossa Senhora da Gl\u00f3ria | Rede ICM de Educa\u00e7\u00e3o\",\"isPartOf\":{\"@id\":\"https:\/\/redeicm.org.br\/gloria\/#website\"},\"primaryImageOfPage\":{\"@id\":\"https:\/\/redeicm.org.br\/gloria\/bolsa-de-estudos-2025\/#primaryimage\"},\"image\":{\"@id\":\"https:\/\/redeicm.org.br\/gloria\/bolsa-de-estudos-2025\/#primaryimage\"},\"thumbnailUrl\":\"https:\/\/redeicm.org.br\/gloria\/wp-content\/uploads\/sites\/11\/2024\/08\/banner-projetos-educativos-1.jpg\",\"datePublished\":\"2025-05-21T20:03:41+00:00\",\"dateModified\":\"2026-01-07T11:42:14+00:00\",\"breadcrumb\":{\"@id\":\"https:\/\/redeicm.org.br\/gloria\/bolsa-de-estudos-2025\/#breadcrumb\"},\"inLanguage\":\"pt-BR\",\"potentialAction\":[{\"@type\":\"ReadAction\",\"target\":[\"https:\/\/redeicm.org.br\/gloria\/bolsa-de-estudos-2025\/\"]}]},{\"@type\":\"ImageObject\",\"inLanguage\":\"pt-BR\",\"@id\":\"https:\/\/redeicm.org.br\/gloria\/bolsa-de-estudos-2025\/#primaryimage\",\"url\":\"https:\/\/redeicm.org.br\/gloria\/wp-content\/uploads\/sites\/11\/2024\/08\/banner-projetos-educativos-1.jpg\",\"contentUrl\":\"https:\/\/redeicm.org.br\/gloria\/wp-content\/uploads\/sites\/11\/2024\/08\/banner-projetos-educativos-1.jpg\",\"width\":1440,\"height\":400},{\"@type\":\"BreadcrumbList\",\"@id\":\"https:\/\/redeicm.org.br\/gloria\/bolsa-de-estudos-2025\/#breadcrumb\",\"itemListElement\":[{\"@type\":\"ListItem\",\"position\":1,\"name\":\"In\u00edcio\",\"item\":\"https:\/\/redeicm.org.br\/gloria\/\"},{\"@type\":\"ListItem\",\"position\":2,\"name\":\"Bolsa de Estudos 2026\"}]},{\"@type\":\"WebSite\",\"@id\":\"https:\/\/redeicm.org.br\/gloria\/#website\",\"url\":\"https:\/\/redeicm.org.br\/gloria\/\",\"name\":\"Col\u00e9gio Nossa Senhora da Gl\u00f3ria | Rede ICM de Educa\u00e7\u00e3o\",\"description\":\"\",\"publisher\":{\"@id\":\"https:\/\/redeicm.org.br\/gloria\/#organization\"},\"potentialAction\":[{\"@type\":\"SearchAction\",\"target\":{\"@type\":\"EntryPoint\",\"urlTemplate\":\"https:\/\/redeicm.org.br\/gloria\/?s={search_term_string}\"},\"query-input\":{\"@type\":\"PropertyValueSpecification\",\"valueRequired\":true,\"valueName\":\"search_term_string\"}}],\"inLanguage\":\"pt-BR\"},{\"@type\":\"Organization\",\"@id\":\"https:\/\/redeicm.org.br\/gloria\/#organization\",\"name\":\"Col\u00e9gio Nossa Senhora da Gl\u00f3ria | Rede ICM de Educa\u00e7\u00e3o\",\"url\":\"https:\/\/redeicm.org.br\/gloria\/\",\"logo\":{\"@type\":\"ImageObject\",\"inLanguage\":\"pt-BR\",\"@id\":\"https:\/\/redeicm.org.br\/gloria\/#\/schema\/logo\/image\/\",\"url\":\"https:\/\/redeicm.org.br\/gloria\/wp-content\/uploads\/sites\/11\/2024\/08\/icm_educacao_gloria_preferencial_cores-1024x512-1.webp\",\"contentUrl\":\"https:\/\/redeicm.org.br\/gloria\/wp-content\/uploads\/sites\/11\/2024\/08\/icm_educacao_gloria_preferencial_cores-1024x512-1.webp\",\"width\":1024,\"height\":512,\"caption\":\"Col\u00e9gio Nossa Senhora da Gl\u00f3ria | Rede ICM de Educa\u00e7\u00e3o\"},\"image\":{\"@id\":\"https:\/\/redeicm.org.br\/gloria\/#\/schema\/logo\/image\/\"}}]}<\/script>\n<!-- \/ Yoast SEO plugin. -->","yoast_head_json":{"title":"Bolsa de Estudos 2026 - Col\u00e9gio Nossa Senhora da Gl\u00f3ria | Rede ICM de Educa\u00e7\u00e3o","robots":{"index":"index","follow":"follow","max-snippet":"max-snippet:-1","max-image-preview":"max-image-preview:large","max-video-preview":"max-video-preview:-1"},"canonical":"https:\/\/redeicm.org.br\/gloria\/bolsa-de-estudos-2025\/","og_locale":"pt_BR","og_type":"article","og_title":"Bolsa de Estudos 2026 - Col\u00e9gio Nossa Senhora da Gl\u00f3ria | Rede ICM de Educa\u00e7\u00e3o","og_description":"RESULTADO DO PROCESSO de Bolsas de Estudo na Educa\u00e7\u00e3o B\u00e1sica 01\/2026 &#8211; Portaria Complementar Clique aqui para visualizar o resultado NOVO! PORTARIA COMPLEMENTAR DE BOLSAS DE ESTUDO &#8211; PORTARIA N\u00ba 1, de 05 de dezembro de 2025\u00a0 Clique aqui para visualizar a portaria complementar Clique aqui para baixar a ficha socioecon\u00f4mica MODELOS DE DECLARA\u00c7\u00d5ES PARA [&hellip;]","og_url":"https:\/\/redeicm.org.br\/gloria\/bolsa-de-estudos-2025\/","og_site_name":"Col\u00e9gio Nossa Senhora da Gl\u00f3ria | Rede ICM de Educa\u00e7\u00e3o","article_modified_time":"2026-01-07T11:42:14+00:00","og_image":[{"width":1440,"height":400,"url":"https:\/\/redeicm.org.br\/gloria\/wp-content\/uploads\/sites\/11\/2024\/08\/banner-projetos-educativos-1.jpg","type":"image\/jpeg"}],"twitter_card":"summary_large_image","twitter_misc":{"Est. tempo de leitura":"1 minuto"},"schema":{"@context":"https:\/\/schema.org","@graph":[{"@type":"WebPage","@id":"https:\/\/redeicm.org.br\/gloria\/bolsa-de-estudos-2025\/","url":"https:\/\/redeicm.org.br\/gloria\/bolsa-de-estudos-2025\/","name":"Bolsa de Estudos 2026 - Col\u00e9gio Nossa Senhora da Gl\u00f3ria | Rede ICM de Educa\u00e7\u00e3o","isPartOf":{"@id":"https:\/\/redeicm.org.br\/gloria\/#website"},"primaryImageOfPage":{"@id":"https:\/\/redeicm.org.br\/gloria\/bolsa-de-estudos-2025\/#primaryimage"},"image":{"@id":"https:\/\/redeicm.org.br\/gloria\/bolsa-de-estudos-2025\/#primaryimage"},"thumbnailUrl":"https:\/\/redeicm.org.br\/gloria\/wp-content\/uploads\/sites\/11\/2024\/08\/banner-projetos-educativos-1.jpg","datePublished":"2025-05-21T20:03:41+00:00","dateModified":"2026-01-07T11:42:14+00:00","breadcrumb":{"@id":"https:\/\/redeicm.org.br\/gloria\/bolsa-de-estudos-2025\/#breadcrumb"},"inLanguage":"pt-BR","potentialAction":[{"@type":"ReadAction","target":["https:\/\/redeicm.org.br\/gloria\/bolsa-de-estudos-2025\/"]}]},{"@type":"ImageObject","inLanguage":"pt-BR","@id":"https:\/\/redeicm.org.br\/gloria\/bolsa-de-estudos-2025\/#primaryimage","url":"https:\/\/redeicm.org.br\/gloria\/wp-content\/uploads\/sites\/11\/2024\/08\/banner-projetos-educativos-1.jpg","contentUrl":"https:\/\/redeicm.org.br\/gloria\/wp-content\/uploads\/sites\/11\/2024\/08\/banner-projetos-educativos-1.jpg","width":1440,"height":400},{"@type":"BreadcrumbList","@id":"https:\/\/redeicm.org.br\/gloria\/bolsa-de-estudos-2025\/#breadcrumb","itemListElement":[{"@type":"ListItem","position":1,"name":"In\u00edcio","item":"https:\/\/redeicm.org.br\/gloria\/"},{"@type":"ListItem","position":2,"name":"Bolsa de Estudos 2026"}]},{"@type":"WebSite","@id":"https:\/\/redeicm.org.br\/gloria\/#website","url":"https:\/\/redeicm.org.br\/gloria\/","name":"Col\u00e9gio Nossa Senhora da Gl\u00f3ria | Rede ICM de Educa\u00e7\u00e3o","description":"","publisher":{"@id":"https:\/\/redeicm.org.br\/gloria\/#organization"},"potentialAction":[{"@type":"SearchAction","target":{"@type":"EntryPoint","urlTemplate":"https:\/\/redeicm.org.br\/gloria\/?s={search_term_string}"},"query-input":{"@type":"PropertyValueSpecification","valueRequired":true,"valueName":"search_term_string"}}],"inLanguage":"pt-BR"},{"@type":"Organization","@id":"https:\/\/redeicm.org.br\/gloria\/#organization","name":"Col\u00e9gio Nossa Senhora da Gl\u00f3ria | Rede ICM de Educa\u00e7\u00e3o","url":"https:\/\/redeicm.org.br\/gloria\/","logo":{"@type":"ImageObject","inLanguage":"pt-BR","@id":"https:\/\/redeicm.org.br\/gloria\/#\/schema\/logo\/image\/","url":"https:\/\/redeicm.org.br\/gloria\/wp-content\/uploads\/sites\/11\/2024\/08\/icm_educacao_gloria_preferencial_cores-1024x512-1.webp","contentUrl":"https:\/\/redeicm.org.br\/gloria\/wp-content\/uploads\/sites\/11\/2024\/08\/icm_educacao_gloria_preferencial_cores-1024x512-1.webp","width":1024,"height":512,"caption":"Col\u00e9gio Nossa Senhora da Gl\u00f3ria | Rede ICM de Educa\u00e7\u00e3o"},"image":{"@id":"https:\/\/redeicm.org.br\/gloria\/#\/schema\/logo\/image\/"}}]}},"_links":{"self":[{"href":"https:\/\/redeicm.org.br\/gloria\/wp-json\/wp\/v2\/pages\/1283","targetHints":{"allow":["GET"]}}],"collection":[{"href":"https:\/\/redeicm.org.br\/gloria\/wp-json\/wp\/v2\/pages"}],"about":[{"href":"https:\/\/redeicm.org.br\/gloria\/wp-json\/wp\/v2\/types\/page"}],"author":[{"embeddable":true,"href":"https:\/\/redeicm.org.br\/gloria\/wp-json\/wp\/v2\/users\/1"}],"replies":[{"embeddable":true,"href":"https:\/\/redeicm.org.br\/gloria\/wp-json\/wp\/v2\/comments?post=1283"}],"version-history":[{"count":30,"href":"https:\/\/redeicm.org.br\/gloria\/wp-json\/wp\/v2\/pages\/1283\/revisions"}],"predecessor-version":[{"id":1972,"href":"https:\/\/redeicm.org.br\/gloria\/wp-json\/wp\/v2\/pages\/1283\/revisions\/1972"}],"wp:featuredmedia":[{"embeddable":true,"href":"https:\/\/redeicm.org.br\/gloria\/wp-json\/wp\/v2\/media\/172"}],"wp:attachment":[{"href":"https:\/\/redeicm.org.br\/gloria\/wp-json\/wp\/v2\/media?parent=1283"}],"curies":[{"name":"wp","href":"https:\/\/api.w.org\/{rel}","templated":true}]}}