{"id":118,"date":"2024-08-16T09:29:21","date_gmt":"2024-08-16T12:29:21","guid":{"rendered":"https:\/\/redeicm.org.br\/gloria\/ensino-medio\/"},"modified":"2025-10-13T15:28:33","modified_gmt":"2025-10-13T18:28:33","slug":"ensino-medio","status":"publish","type":"page","link":"https:\/\/redeicm.org.br\/gloria\/ensino-medio\/","title":{"rendered":"Ensino M\u00e9dio"},"content":{"rendered":"\t\t<div data-elementor-type=\"wp-page\" data-elementor-id=\"118\" class=\"elementor elementor-118\" data-elementor-post-type=\"page\">\n\t\t\t\t<div class=\"elementor-element elementor-element-4218b99c e-flex e-con-boxed e-con e-parent\" data-id=\"4218b99c\" data-element_type=\"container\" data-e-type=\"container\" data-settings=\"{&quot;background_background&quot;:&quot;classic&quot;}\">\n\t\t\t\t\t<div class=\"e-con-inner\">\n\t\t\t\t\t<\/div>\n\t\t\t\t<\/div>\n\t\t<div class=\"elementor-element elementor-element-6246261b e-flex e-con-boxed e-con e-parent\" data-id=\"6246261b\" data-element_type=\"container\" data-e-type=\"container\">\n\t\t\t\t\t<div class=\"e-con-inner\">\n\t\t\t\t<div class=\"elementor-element elementor-element-7468e21e elementor-widget elementor-widget-heading\" data-id=\"7468e21e\" data-element_type=\"widget\" data-e-type=\"widget\" data-widget_type=\"heading.default\">\n\t\t\t\t<div class=\"elementor-widget-container\">\n\t\t\t\t\t<h1 class=\"elementor-heading-title elementor-size-default\">Ensino M\u00e9dio<\/h1>\t\t\t\t<\/div>\n\t\t\t\t<\/div>\n\t\t\t\t\t<\/div>\n\t\t\t\t<\/div>\n\t\t<div class=\"elementor-element elementor-element-c3a04f4 e-con-full e-flex e-con e-parent\" data-id=\"c3a04f4\" data-element_type=\"container\" data-e-type=\"container\">\n\t\t<div class=\"elementor-element elementor-element-5b7509b7 e-flex e-con-boxed e-con e-child\" data-id=\"5b7509b7\" data-element_type=\"container\" data-e-type=\"container\">\n\t\t\t\t\t<div class=\"e-con-inner\">\n\t\t\t\t<div class=\"elementor-element elementor-element-4770902 elementor-invisible elementor-widget elementor-widget-text-editor\" data-id=\"4770902\" data-element_type=\"widget\" data-e-type=\"widget\" data-settings=\"{&quot;_animation&quot;:&quot;fadeInUp&quot;}\" data-widget_type=\"text-editor.default\">\n\t\t\t\t<div class=\"elementor-widget-container\">\n\t\t\t\t\t\t\t\t\t<p>O Ensino M\u00e9dio \u00e9 uma etapa de ensino que procura aprofundar os conhecimentos constitu\u00eddos nas etapas anteriores, a\u00e7\u00e3o necess\u00e1ria para os jovens que se encontram com seus n\u00edveis de pensamento cada vez mais complexos. O curr\u00edculo \u00e9 elaborado a partir de comportamentos que hoje o ENEM exige tendo como ponto de partida a constru\u00e7\u00e3o de conceitos, compet\u00eancias e habilidades nas diversas \u00e1reas do conhecimento, inserida a uma proposta interdisciplinar que privilegia a leitura de mundo, a mobilidade do conhecimento, a problematiza\u00e7\u00e3o, a contextualiza\u00e7\u00e3o e a metodologia de projetos. Os projetos privilegiam diversos espa\u00e7os de aprendizagem observando a realidade atual que se vive e o como exercer a cidadania.<\/p><p>Dentre os projetos que comp\u00f5em o conjunto de a\u00e7\u00f5es propostas pela Escola para os alunos do Ensino M\u00e9dio ao longo dessa etapa de escolariza\u00e7\u00e3o, destacam-se: Simulados Enem e UFRGS, Inicia\u00e7\u00e3o Cient\u00edfica, Simula\u00e7\u00e3o de Assembleia das Na\u00e7\u00f5es Unidas, sa\u00eddas de campo e a integra\u00e7\u00e3o com profissionais ligados \u00e0 din\u00e2mica do Vestibular. Somam-se a esses as participa\u00e7\u00f5es de nossos alunos em projetos das Universidades Locais, tais como UFRGS Mundi, Sal\u00e3o de Inicia\u00e7\u00e3o Cient\u00edfica da UFRGS e Feira de Ci\u00eancia e Inova\u00e7\u00e3o da PUC-RS. Buscando relacionar o conhecimento escolar ao mundo do trabalho e ao empreendedorismo, desenvolvemos o \u201cProjeto Miniempresa\u201d em parceria com a Associa\u00e7\u00e3o Junior Achievement.<\/p><p>A pr\u00e1tica da leitura \u00e9 promovida atrav\u00e9s do contato com obras cl\u00e1ssicas e contempor\u00e2neas da literatura brasileira e mundial, a partir das quais os alunos s\u00e3o incentivados a desenvolver apresenta\u00e7\u00f5es teatrais e a participarem da din\u00e2mica proposta na Semana Liter\u00e1ria e na Feira do Livro, eventos anuais da Escola.<\/p><p>Para incentivar a troca de experi\u00eancias entre os alunos, s\u00e3o realizados anualmente a Mostra Cultural, o Sal\u00e3o de Artes e o Sal\u00e3o de Inicia\u00e7\u00e3o Cient\u00edfica, nos quais os estudantes podem apresentar os seus trabalhos para professores e familiares, e, com isso, ampliam o conhecimento adquirido em sala de aula.<\/p>\t\t\t\t\t\t\t\t<\/div>\n\t\t\t\t<\/div>\n\t\t\t\t\t<\/div>\n\t\t\t\t<\/div>\n\t\t\t\t<\/div>\n\t\t\t\t<\/div>\n\t\t","protected":false},"excerpt":{"rendered":"<p>O Ensino M\u00e9dio \u00e9 uma etapa de ensino que procura aprofundar os conhecimentos constitu\u00eddos nas etapas anteriores, a\u00e7\u00e3o necess\u00e1ria para os jovens que se encontram com seus n\u00edveis de pensamento cada vez mais complexos. O curr\u00edculo \u00e9 elaborado a partir de comportamentos que hoje o ENEM exige tendo como ponto de partida a constru\u00e7\u00e3o de [&hellip;]<\/p>\n","protected":false},"author":1,"featured_media":788,"parent":0,"menu_order":0,"comment_status":"closed","ping_status":"closed","template":"","meta":{"_acf_changed":false,"footnotes":""},"class_list":["post-118","page","type-page","status-publish","has-post-thumbnail","hentry"],"acf":[],"yoast_head":"<!-- This site is optimized with the Yoast SEO plugin v26.3 - https:\/\/yoast.com\/wordpress\/plugins\/seo\/ -->\n<title>Ensino M\u00e9dio - Col\u00e9gio Nossa Senhora da Gl\u00f3ria | Rede ICM de Educa\u00e7\u00e3o<\/title>\n<meta name=\"robots\" content=\"index, follow, max-snippet:-1, max-image-preview:large, max-video-preview:-1\" \/>\n<link rel=\"canonical\" href=\"https:\/\/redeicm.org.br\/gloria\/ensino-medio\/\" \/>\n<meta property=\"og:locale\" content=\"pt_BR\" \/>\n<meta property=\"og:type\" content=\"article\" \/>\n<meta property=\"og:title\" content=\"Ensino M\u00e9dio - Col\u00e9gio Nossa Senhora da Gl\u00f3ria | Rede ICM de Educa\u00e7\u00e3o\" \/>\n<meta property=\"og:description\" content=\"O Ensino M\u00e9dio \u00e9 uma etapa de ensino que procura aprofundar os conhecimentos constitu\u00eddos nas etapas anteriores, a\u00e7\u00e3o necess\u00e1ria para os jovens que se encontram com seus n\u00edveis de pensamento cada vez mais complexos. O curr\u00edculo \u00e9 elaborado a partir de comportamentos que hoje o ENEM exige tendo como ponto de partida a constru\u00e7\u00e3o de [&hellip;]\" \/>\n<meta property=\"og:url\" content=\"https:\/\/redeicm.org.br\/gloria\/ensino-medio\/\" \/>\n<meta property=\"og:site_name\" content=\"Col\u00e9gio Nossa Senhora da Gl\u00f3ria | Rede ICM de Educa\u00e7\u00e3o\" \/>\n<meta property=\"article:modified_time\" content=\"2025-10-13T18:28:33+00:00\" \/>\n<meta property=\"og:image\" content=\"https:\/\/redeicm.org.br\/gloria\/wp-content\/uploads\/sites\/11\/2024\/10\/imagem_2024-10-08_144528779.webp\" \/>\n\t<meta property=\"og:image:width\" content=\"1130\" \/>\n\t<meta property=\"og:image:height\" content=\"425\" \/>\n\t<meta property=\"og:image:type\" content=\"image\/webp\" \/>\n<meta name=\"twitter:card\" content=\"summary_large_image\" \/>\n<meta name=\"twitter:label1\" content=\"Est. tempo de leitura\" \/>\n\t<meta name=\"twitter:data1\" content=\"2 minutos\" \/>\n<script type=\"application\/ld+json\" class=\"yoast-schema-graph\">{\"@context\":\"https:\/\/schema.org\",\"@graph\":[{\"@type\":\"WebPage\",\"@id\":\"https:\/\/redeicm.org.br\/gloria\/ensino-medio\/\",\"url\":\"https:\/\/redeicm.org.br\/gloria\/ensino-medio\/\",\"name\":\"Ensino M\u00e9dio - Col\u00e9gio Nossa Senhora da Gl\u00f3ria | Rede ICM de Educa\u00e7\u00e3o\",\"isPartOf\":{\"@id\":\"https:\/\/redeicm.org.br\/gloria\/#website\"},\"primaryImageOfPage\":{\"@id\":\"https:\/\/redeicm.org.br\/gloria\/ensino-medio\/#primaryimage\"},\"image\":{\"@id\":\"https:\/\/redeicm.org.br\/gloria\/ensino-medio\/#primaryimage\"},\"thumbnailUrl\":\"https:\/\/redeicm.org.br\/gloria\/wp-content\/uploads\/sites\/11\/2024\/10\/imagem_2024-10-08_144528779.webp\",\"datePublished\":\"2024-08-16T12:29:21+00:00\",\"dateModified\":\"2025-10-13T18:28:33+00:00\",\"breadcrumb\":{\"@id\":\"https:\/\/redeicm.org.br\/gloria\/ensino-medio\/#breadcrumb\"},\"inLanguage\":\"pt-BR\",\"potentialAction\":[{\"@type\":\"ReadAction\",\"target\":[\"https:\/\/redeicm.org.br\/gloria\/ensino-medio\/\"]}]},{\"@type\":\"ImageObject\",\"inLanguage\":\"pt-BR\",\"@id\":\"https:\/\/redeicm.org.br\/gloria\/ensino-medio\/#primaryimage\",\"url\":\"https:\/\/redeicm.org.br\/gloria\/wp-content\/uploads\/sites\/11\/2024\/10\/imagem_2024-10-08_144528779.webp\",\"contentUrl\":\"https:\/\/redeicm.org.br\/gloria\/wp-content\/uploads\/sites\/11\/2024\/10\/imagem_2024-10-08_144528779.webp\",\"width\":1130,\"height\":425},{\"@type\":\"BreadcrumbList\",\"@id\":\"https:\/\/redeicm.org.br\/gloria\/ensino-medio\/#breadcrumb\",\"itemListElement\":[{\"@type\":\"ListItem\",\"position\":1,\"name\":\"In\u00edcio\",\"item\":\"https:\/\/redeicm.org.br\/gloria\/\"},{\"@type\":\"ListItem\",\"position\":2,\"name\":\"Ensino M\u00e9dio\"}]},{\"@type\":\"WebSite\",\"@id\":\"https:\/\/redeicm.org.br\/gloria\/#website\",\"url\":\"https:\/\/redeicm.org.br\/gloria\/\",\"name\":\"Col\u00e9gio Nossa Senhora da Gl\u00f3ria | Rede ICM de Educa\u00e7\u00e3o\",\"description\":\"\",\"publisher\":{\"@id\":\"https:\/\/redeicm.org.br\/gloria\/#organization\"},\"potentialAction\":[{\"@type\":\"SearchAction\",\"target\":{\"@type\":\"EntryPoint\",\"urlTemplate\":\"https:\/\/redeicm.org.br\/gloria\/?s={search_term_string}\"},\"query-input\":{\"@type\":\"PropertyValueSpecification\",\"valueRequired\":true,\"valueName\":\"search_term_string\"}}],\"inLanguage\":\"pt-BR\"},{\"@type\":\"Organization\",\"@id\":\"https:\/\/redeicm.org.br\/gloria\/#organization\",\"name\":\"Col\u00e9gio Nossa Senhora da Gl\u00f3ria | Rede ICM de Educa\u00e7\u00e3o\",\"url\":\"https:\/\/redeicm.org.br\/gloria\/\",\"logo\":{\"@type\":\"ImageObject\",\"inLanguage\":\"pt-BR\",\"@id\":\"https:\/\/redeicm.org.br\/gloria\/#\/schema\/logo\/image\/\",\"url\":\"https:\/\/redeicm.org.br\/gloria\/wp-content\/uploads\/sites\/11\/2024\/08\/icm_educacao_gloria_preferencial_cores-1024x512-1.webp\",\"contentUrl\":\"https:\/\/redeicm.org.br\/gloria\/wp-content\/uploads\/sites\/11\/2024\/08\/icm_educacao_gloria_preferencial_cores-1024x512-1.webp\",\"width\":1024,\"height\":512,\"caption\":\"Col\u00e9gio Nossa Senhora da Gl\u00f3ria | Rede ICM de Educa\u00e7\u00e3o\"},\"image\":{\"@id\":\"https:\/\/redeicm.org.br\/gloria\/#\/schema\/logo\/image\/\"}}]}<\/script>\n<!-- \/ Yoast SEO plugin. -->","yoast_head_json":{"title":"Ensino M\u00e9dio - Col\u00e9gio Nossa Senhora da Gl\u00f3ria | Rede ICM de Educa\u00e7\u00e3o","robots":{"index":"index","follow":"follow","max-snippet":"max-snippet:-1","max-image-preview":"max-image-preview:large","max-video-preview":"max-video-preview:-1"},"canonical":"https:\/\/redeicm.org.br\/gloria\/ensino-medio\/","og_locale":"pt_BR","og_type":"article","og_title":"Ensino M\u00e9dio - Col\u00e9gio Nossa Senhora da Gl\u00f3ria | Rede ICM de Educa\u00e7\u00e3o","og_description":"O Ensino M\u00e9dio \u00e9 uma etapa de ensino que procura aprofundar os conhecimentos constitu\u00eddos nas etapas anteriores, a\u00e7\u00e3o necess\u00e1ria para os jovens que se encontram com seus n\u00edveis de pensamento cada vez mais complexos. O curr\u00edculo \u00e9 elaborado a partir de comportamentos que hoje o ENEM exige tendo como ponto de partida a constru\u00e7\u00e3o de [&hellip;]","og_url":"https:\/\/redeicm.org.br\/gloria\/ensino-medio\/","og_site_name":"Col\u00e9gio Nossa Senhora da Gl\u00f3ria | Rede ICM de Educa\u00e7\u00e3o","article_modified_time":"2025-10-13T18:28:33+00:00","og_image":[{"width":1130,"height":425,"url":"https:\/\/redeicm.org.br\/gloria\/wp-content\/uploads\/sites\/11\/2024\/10\/imagem_2024-10-08_144528779.webp","type":"image\/webp"}],"twitter_card":"summary_large_image","twitter_misc":{"Est. tempo de leitura":"2 minutos"},"schema":{"@context":"https:\/\/schema.org","@graph":[{"@type":"WebPage","@id":"https:\/\/redeicm.org.br\/gloria\/ensino-medio\/","url":"https:\/\/redeicm.org.br\/gloria\/ensino-medio\/","name":"Ensino M\u00e9dio - Col\u00e9gio Nossa Senhora da Gl\u00f3ria | Rede ICM de Educa\u00e7\u00e3o","isPartOf":{"@id":"https:\/\/redeicm.org.br\/gloria\/#website"},"primaryImageOfPage":{"@id":"https:\/\/redeicm.org.br\/gloria\/ensino-medio\/#primaryimage"},"image":{"@id":"https:\/\/redeicm.org.br\/gloria\/ensino-medio\/#primaryimage"},"thumbnailUrl":"https:\/\/redeicm.org.br\/gloria\/wp-content\/uploads\/sites\/11\/2024\/10\/imagem_2024-10-08_144528779.webp","datePublished":"2024-08-16T12:29:21+00:00","dateModified":"2025-10-13T18:28:33+00:00","breadcrumb":{"@id":"https:\/\/redeicm.org.br\/gloria\/ensino-medio\/#breadcrumb"},"inLanguage":"pt-BR","potentialAction":[{"@type":"ReadAction","target":["https:\/\/redeicm.org.br\/gloria\/ensino-medio\/"]}]},{"@type":"ImageObject","inLanguage":"pt-BR","@id":"https:\/\/redeicm.org.br\/gloria\/ensino-medio\/#primaryimage","url":"https:\/\/redeicm.org.br\/gloria\/wp-content\/uploads\/sites\/11\/2024\/10\/imagem_2024-10-08_144528779.webp","contentUrl":"https:\/\/redeicm.org.br\/gloria\/wp-content\/uploads\/sites\/11\/2024\/10\/imagem_2024-10-08_144528779.webp","width":1130,"height":425},{"@type":"BreadcrumbList","@id":"https:\/\/redeicm.org.br\/gloria\/ensino-medio\/#breadcrumb","itemListElement":[{"@type":"ListItem","position":1,"name":"In\u00edcio","item":"https:\/\/redeicm.org.br\/gloria\/"},{"@type":"ListItem","position":2,"name":"Ensino M\u00e9dio"}]},{"@type":"WebSite","@id":"https:\/\/redeicm.org.br\/gloria\/#website","url":"https:\/\/redeicm.org.br\/gloria\/","name":"Col\u00e9gio Nossa Senhora da Gl\u00f3ria | Rede ICM de Educa\u00e7\u00e3o","description":"","publisher":{"@id":"https:\/\/redeicm.org.br\/gloria\/#organization"},"potentialAction":[{"@type":"SearchAction","target":{"@type":"EntryPoint","urlTemplate":"https:\/\/redeicm.org.br\/gloria\/?s={search_term_string}"},"query-input":{"@type":"PropertyValueSpecification","valueRequired":true,"valueName":"search_term_string"}}],"inLanguage":"pt-BR"},{"@type":"Organization","@id":"https:\/\/redeicm.org.br\/gloria\/#organization","name":"Col\u00e9gio Nossa Senhora da Gl\u00f3ria | Rede ICM de Educa\u00e7\u00e3o","url":"https:\/\/redeicm.org.br\/gloria\/","logo":{"@type":"ImageObject","inLanguage":"pt-BR","@id":"https:\/\/redeicm.org.br\/gloria\/#\/schema\/logo\/image\/","url":"https:\/\/redeicm.org.br\/gloria\/wp-content\/uploads\/sites\/11\/2024\/08\/icm_educacao_gloria_preferencial_cores-1024x512-1.webp","contentUrl":"https:\/\/redeicm.org.br\/gloria\/wp-content\/uploads\/sites\/11\/2024\/08\/icm_educacao_gloria_preferencial_cores-1024x512-1.webp","width":1024,"height":512,"caption":"Col\u00e9gio Nossa Senhora da Gl\u00f3ria | Rede ICM de Educa\u00e7\u00e3o"},"image":{"@id":"https:\/\/redeicm.org.br\/gloria\/#\/schema\/logo\/image\/"}}]}},"_links":{"self":[{"href":"https:\/\/redeicm.org.br\/gloria\/wp-json\/wp\/v2\/pages\/118","targetHints":{"allow":["GET"]}}],"collection":[{"href":"https:\/\/redeicm.org.br\/gloria\/wp-json\/wp\/v2\/pages"}],"about":[{"href":"https:\/\/redeicm.org.br\/gloria\/wp-json\/wp\/v2\/types\/page"}],"author":[{"embeddable":true,"href":"https:\/\/redeicm.org.br\/gloria\/wp-json\/wp\/v2\/users\/1"}],"replies":[{"embeddable":true,"href":"https:\/\/redeicm.org.br\/gloria\/wp-json\/wp\/v2\/comments?post=118"}],"version-history":[{"count":3,"href":"https:\/\/redeicm.org.br\/gloria\/wp-json\/wp\/v2\/pages\/118\/revisions"}],"predecessor-version":[{"id":1510,"href":"https:\/\/redeicm.org.br\/gloria\/wp-json\/wp\/v2\/pages\/118\/revisions\/1510"}],"wp:featuredmedia":[{"embeddable":true,"href":"https:\/\/redeicm.org.br\/gloria\/wp-json\/wp\/v2\/media\/788"}],"wp:attachment":[{"href":"https:\/\/redeicm.org.br\/gloria\/wp-json\/wp\/v2\/media?parent=118"}],"curies":[{"name":"wp","href":"https:\/\/api.w.org\/{rel}","templated":true}]}}