{"id":1163,"date":"2025-05-19T12:19:47","date_gmt":"2025-05-19T15:19:47","guid":{"rendered":"https:\/\/redeicm.org.br\/gloria\/?page_id=1163"},"modified":"2025-10-13T15:33:02","modified_gmt":"2025-10-13T18:33:02","slug":"uniforme-escolar","status":"publish","type":"page","link":"https:\/\/redeicm.org.br\/gloria\/uniforme-escolar\/","title":{"rendered":"Uniforme Escolar"},"content":{"rendered":"\t\t<div data-elementor-type=\"wp-page\" data-elementor-id=\"1163\" class=\"elementor elementor-1163\" data-elementor-post-type=\"page\">\n\t\t\t\t<div class=\"elementor-element elementor-element-12fb1a9e e-flex e-con-boxed e-con e-parent\" data-id=\"12fb1a9e\" data-element_type=\"container\" data-e-type=\"container\" data-settings=\"{&quot;background_background&quot;:&quot;classic&quot;}\">\n\t\t\t\t\t<div class=\"e-con-inner\">\n\t\t\t\t<div class=\"elementor-element elementor-element-2eda4c7f elementor-widget elementor-widget-heading\" data-id=\"2eda4c7f\" data-element_type=\"widget\" data-e-type=\"widget\" data-widget_type=\"heading.default\">\n\t\t\t\t<div class=\"elementor-widget-container\">\n\t\t\t\t\t<h1 class=\"elementor-heading-title elementor-size-default\">Uniforme Escolar<\/h1>\t\t\t\t<\/div>\n\t\t\t\t<\/div>\n\t\t\t\t\t<\/div>\n\t\t\t\t<\/div>\n\t\t<div class=\"elementor-element elementor-element-7b1c197 e-flex e-con-boxed e-con e-parent\" data-id=\"7b1c197\" data-element_type=\"container\" data-e-type=\"container\" data-settings=\"{&quot;background_background&quot;:&quot;classic&quot;}\">\n\t\t\t\t\t<div class=\"e-con-inner\">\n\t\t<div class=\"elementor-element elementor-element-a59855a e-con-full e-flex e-con e-child\" data-id=\"a59855a\" data-element_type=\"container\" data-e-type=\"container\">\n\t\t\t\t<div class=\"elementor-element elementor-element-f5e50c3 elementor-view-default elementor-widget elementor-widget-icon\" data-id=\"f5e50c3\" data-element_type=\"widget\" data-e-type=\"widget\" data-widget_type=\"icon.default\">\n\t\t\t\t<div class=\"elementor-widget-container\">\n\t\t\t\t\t\t\t<div class=\"elementor-icon-wrapper\">\n\t\t\t<div class=\"elementor-icon\">\n\t\t\t<svg aria-hidden=\"true\" class=\"e-font-icon-svg e-fas-quote-left\" viewBox=\"0 0 512 512\" xmlns=\"http:\/\/www.w3.org\/2000\/svg\"><path d=\"M464 256h-80v-64c0-35.3 28.7-64 64-64h8c13.3 0 24-10.7 24-24V56c0-13.3-10.7-24-24-24h-8c-88.4 0-160 71.6-160 160v240c0 26.5 21.5 48 48 48h128c26.5 0 48-21.5 48-48V304c0-26.5-21.5-48-48-48zm-288 0H96v-64c0-35.3 28.7-64 64-64h8c13.3 0 24-10.7 24-24V56c0-13.3-10.7-24-24-24h-8C71.6 32 0 103.6 0 192v240c0 26.5 21.5 48 48 48h128c26.5 0 48-21.5 48-48V304c0-26.5-21.5-48-48-48z\"><\/path><\/svg>\t\t\t<\/div>\n\t\t<\/div>\n\t\t\t\t\t\t<\/div>\n\t\t\t\t<\/div>\n\t\t\t\t<div class=\"elementor-element elementor-element-627b92c elementor-widget elementor-widget-text-editor\" data-id=\"627b92c\" data-element_type=\"widget\" data-e-type=\"widget\" data-widget_type=\"text-editor.default\">\n\t\t\t\t<div class=\"elementor-widget-container\">\n\t\t\t\t\t\t\t\t\t<h3>O uso do uniforme \u00e9\u00a0<strong>obrigat\u00f3rio<\/strong>\u00a0em todas as depend\u00eancias do Col\u00e9gio e nas Sa\u00eddas de Estudos, independentemente do hor\u00e1rio, turno e da atividade que o aluno estiver realizando.<\/h3>\t\t\t\t\t\t\t\t<\/div>\n\t\t\t\t<\/div>\n\t\t\t\t<\/div>\n\t\t\t\t\t<\/div>\n\t\t\t\t<\/div>\n\t\t<div class=\"elementor-element elementor-element-461b51b e-flex e-con-boxed e-con e-parent\" data-id=\"461b51b\" data-element_type=\"container\" data-e-type=\"container\">\n\t\t\t\t\t<div class=\"e-con-inner\">\n\t\t<div class=\"elementor-element elementor-element-e8476a2 e-flex e-con-boxed e-con e-child\" data-id=\"e8476a2\" data-element_type=\"container\" data-e-type=\"container\">\n\t\t\t\t\t<div class=\"e-con-inner\">\n\t\t<div class=\"elementor-element elementor-element-c7d1c88 e-con-full e-flex e-con e-child\" data-id=\"c7d1c88\" data-element_type=\"container\" data-e-type=\"container\">\n\t\t\t\t<div class=\"elementor-element elementor-element-6a6d52f elementor-view-default elementor-widget elementor-widget-icon\" data-id=\"6a6d52f\" data-element_type=\"widget\" data-e-type=\"widget\" data-widget_type=\"icon.default\">\n\t\t\t\t<div class=\"elementor-widget-container\">\n\t\t\t\t\t\t\t<div class=\"elementor-icon-wrapper\">\n\t\t\t<div class=\"elementor-icon\">\n\t\t\t<svg aria-hidden=\"true\" class=\"e-font-icon-svg e-fas-tags\" viewBox=\"0 0 640 512\" xmlns=\"http:\/\/www.w3.org\/2000\/svg\"><path d=\"M497.941 225.941L286.059 14.059A48 48 0 0 0 252.118 0H48C21.49 0 0 21.49 0 48v204.118a48 48 0 0 0 14.059 33.941l211.882 211.882c18.744 18.745 49.136 18.746 67.882 0l204.118-204.118c18.745-18.745 18.745-49.137 0-67.882zM112 160c-26.51 0-48-21.49-48-48s21.49-48 48-48 48 21.49 48 48-21.49 48-48 48zm513.941 133.823L421.823 497.941c-18.745 18.745-49.137 18.745-67.882 0l-.36-.36L527.64 323.522c16.999-16.999 26.36-39.6 26.36-63.64s-9.362-46.641-26.36-63.64L331.397 0h48.721a48 48 0 0 1 33.941 14.059l211.882 211.882c18.745 18.745 18.745 49.137 0 67.882z\"><\/path><\/svg>\t\t\t<\/div>\n\t\t<\/div>\n\t\t\t\t\t\t<\/div>\n\t\t\t\t<\/div>\n\t\t\t\t<div class=\"elementor-element elementor-element-d10e17d elementor-widget elementor-widget-heading\" data-id=\"d10e17d\" data-element_type=\"widget\" data-e-type=\"widget\" data-widget_type=\"heading.default\">\n\t\t\t\t<div class=\"elementor-widget-container\">\n\t\t\t\t\t<h2 class=\"elementor-heading-title elementor-size-default\">CG Uniformes<\/h2>\t\t\t\t<\/div>\n\t\t\t\t<\/div>\n\t\t\t\t<\/div>\n\t\t\t\t<div class=\"elementor-element elementor-element-817d4f9 elementor-widget elementor-widget-heading\" data-id=\"817d4f9\" data-element_type=\"widget\" data-e-type=\"widget\" data-widget_type=\"heading.default\">\n\t\t\t\t<div class=\"elementor-widget-container\">\n\t\t\t\t\t<p class=\"elementor-heading-title elementor-size-default\">Av. Professor Oscar Pereira, 3052 \u2013 Sala 115 <br>(No pr\u00f3prio Col\u00e9gio Gl\u00f3ria) <br>Contato: 3110-3679 ( Fixo e WhatsApp da Loja) ou <br>98263-6453 Graci)<\/p>\t\t\t\t<\/div>\n\t\t\t\t<\/div>\n\t\t\t\t\t<\/div>\n\t\t\t\t<\/div>\n\t\t<div class=\"elementor-element elementor-element-57a82ba e-con-full e-flex e-con e-child\" data-id=\"57a82ba\" data-element_type=\"container\" data-e-type=\"container\">\n\t\t<div class=\"elementor-element elementor-element-ac0394e e-con-full e-flex e-con e-child\" data-id=\"ac0394e\" data-element_type=\"container\" data-e-type=\"container\">\n\t\t\t\t<div class=\"elementor-element elementor-element-805966f elementor-view-default elementor-widget elementor-widget-icon\" data-id=\"805966f\" data-element_type=\"widget\" data-e-type=\"widget\" data-widget_type=\"icon.default\">\n\t\t\t\t<div class=\"elementor-widget-container\">\n\t\t\t\t\t\t\t<div class=\"elementor-icon-wrapper\">\n\t\t\t<div class=\"elementor-icon\">\n\t\t\t<svg aria-hidden=\"true\" class=\"e-font-icon-svg e-fas-tags\" viewBox=\"0 0 640 512\" xmlns=\"http:\/\/www.w3.org\/2000\/svg\"><path d=\"M497.941 225.941L286.059 14.059A48 48 0 0 0 252.118 0H48C21.49 0 0 21.49 0 48v204.118a48 48 0 0 0 14.059 33.941l211.882 211.882c18.744 18.745 49.136 18.746 67.882 0l204.118-204.118c18.745-18.745 18.745-49.137 0-67.882zM112 160c-26.51 0-48-21.49-48-48s21.49-48 48-48 48 21.49 48 48-21.49 48-48 48zm513.941 133.823L421.823 497.941c-18.745 18.745-49.137 18.745-67.882 0l-.36-.36L527.64 323.522c16.999-16.999 26.36-39.6 26.36-63.64s-9.362-46.641-26.36-63.64L331.397 0h48.721a48 48 0 0 1 33.941 14.059l211.882 211.882c18.745 18.745 18.745 49.137 0 67.882z\"><\/path><\/svg>\t\t\t<\/div>\n\t\t<\/div>\n\t\t\t\t\t\t<\/div>\n\t\t\t\t<\/div>\n\t\t\t\t<div class=\"elementor-element elementor-element-e4399f9 elementor-widget elementor-widget-heading\" data-id=\"e4399f9\" data-element_type=\"widget\" data-e-type=\"widget\" data-widget_type=\"heading.default\">\n\t\t\t\t<div class=\"elementor-widget-container\">\n\t\t\t\t\t<h2 class=\"elementor-heading-title elementor-size-default\">S\u00f4nia Loja de Uniformes<\/h2>\t\t\t\t<\/div>\n\t\t\t\t<\/div>\n\t\t\t\t<\/div>\n\t\t\t\t<div class=\"elementor-element elementor-element-0753bcc elementor-widget elementor-widget-heading\" data-id=\"0753bcc\" data-element_type=\"widget\" data-e-type=\"widget\" data-widget_type=\"heading.default\">\n\t\t\t\t<div class=\"elementor-widget-container\">\n\t\t\t\t\t<p class=\"elementor-heading-title elementor-size-default\">Sala 206 A \u2013 No pr\u00f3prio Col\u00e9gio Gl\u00f3ria\nTelefone para contato: 986-000-497.<\/p>\t\t\t\t<\/div>\n\t\t\t\t<\/div>\n\t\t\t\t<\/div>\n\t\t\t\t\t<\/div>\n\t\t\t\t<\/div>\n\t\t\t\t<\/div>\n\t\t","protected":false},"excerpt":{"rendered":"<p>O uso do uniforme \u00e9\u00a0obrigat\u00f3rio\u00a0em todas as depend\u00eancias do Col\u00e9gio e nas Sa\u00eddas de Estudos, independentemente do hor\u00e1rio, turno e da atividade que o aluno estiver realizando. CG Uniformes Av. Professor Oscar Pereira, 3052 \u2013 Sala 115 (No pr\u00f3prio Col\u00e9gio Gl\u00f3ria) Contato: 3110-3679 ( Fixo e WhatsApp da Loja) ou 98263-6453 Graci) S\u00f4nia Loja de [&hellip;]<\/p>\n","protected":false},"author":1,"featured_media":172,"parent":0,"menu_order":0,"comment_status":"closed","ping_status":"closed","template":"","meta":{"_acf_changed":false,"footnotes":""},"class_list":["post-1163","page","type-page","status-publish","has-post-thumbnail","hentry"],"acf":[],"yoast_head":"<!-- This site is optimized with the Yoast SEO plugin v26.3 - https:\/\/yoast.com\/wordpress\/plugins\/seo\/ -->\n<title>Uniforme Escolar - Col\u00e9gio Nossa Senhora da Gl\u00f3ria | Rede ICM de Educa\u00e7\u00e3o<\/title>\n<meta name=\"robots\" content=\"index, follow, max-snippet:-1, max-image-preview:large, max-video-preview:-1\" \/>\n<link rel=\"canonical\" href=\"https:\/\/redeicm.org.br\/gloria\/uniforme-escolar\/\" \/>\n<meta property=\"og:locale\" content=\"pt_BR\" \/>\n<meta property=\"og:type\" content=\"article\" \/>\n<meta property=\"og:title\" content=\"Uniforme Escolar - Col\u00e9gio Nossa Senhora da Gl\u00f3ria | Rede ICM de Educa\u00e7\u00e3o\" \/>\n<meta property=\"og:description\" content=\"O uso do uniforme \u00e9\u00a0obrigat\u00f3rio\u00a0em todas as depend\u00eancias do Col\u00e9gio e nas Sa\u00eddas de Estudos, independentemente do hor\u00e1rio, turno e da atividade que o aluno estiver realizando. CG Uniformes Av. Professor Oscar Pereira, 3052 \u2013 Sala 115 (No pr\u00f3prio Col\u00e9gio Gl\u00f3ria) Contato: 3110-3679 ( Fixo e WhatsApp da Loja) ou 98263-6453 Graci) S\u00f4nia Loja de [&hellip;]\" \/>\n<meta property=\"og:url\" content=\"https:\/\/redeicm.org.br\/gloria\/uniforme-escolar\/\" \/>\n<meta property=\"og:site_name\" content=\"Col\u00e9gio Nossa Senhora da Gl\u00f3ria | Rede ICM de Educa\u00e7\u00e3o\" \/>\n<meta property=\"article:modified_time\" content=\"2025-10-13T18:33:02+00:00\" \/>\n<meta property=\"og:image\" content=\"https:\/\/redeicm.org.br\/gloria\/wp-content\/uploads\/sites\/11\/2024\/08\/banner-projetos-educativos-1.jpg\" \/>\n\t<meta property=\"og:image:width\" content=\"1440\" \/>\n\t<meta property=\"og:image:height\" content=\"400\" \/>\n\t<meta property=\"og:image:type\" content=\"image\/jpeg\" \/>\n<meta name=\"twitter:card\" content=\"summary_large_image\" \/>\n<meta name=\"twitter:label1\" content=\"Est. tempo de leitura\" \/>\n\t<meta name=\"twitter:data1\" content=\"1 minuto\" \/>\n<script type=\"application\/ld+json\" class=\"yoast-schema-graph\">{\"@context\":\"https:\/\/schema.org\",\"@graph\":[{\"@type\":\"WebPage\",\"@id\":\"https:\/\/redeicm.org.br\/gloria\/uniforme-escolar\/\",\"url\":\"https:\/\/redeicm.org.br\/gloria\/uniforme-escolar\/\",\"name\":\"Uniforme Escolar - Col\u00e9gio Nossa Senhora da Gl\u00f3ria | Rede ICM de Educa\u00e7\u00e3o\",\"isPartOf\":{\"@id\":\"https:\/\/redeicm.org.br\/gloria\/#website\"},\"primaryImageOfPage\":{\"@id\":\"https:\/\/redeicm.org.br\/gloria\/uniforme-escolar\/#primaryimage\"},\"image\":{\"@id\":\"https:\/\/redeicm.org.br\/gloria\/uniforme-escolar\/#primaryimage\"},\"thumbnailUrl\":\"https:\/\/redeicm.org.br\/gloria\/wp-content\/uploads\/sites\/11\/2024\/08\/banner-projetos-educativos-1.jpg\",\"datePublished\":\"2025-05-19T15:19:47+00:00\",\"dateModified\":\"2025-10-13T18:33:02+00:00\",\"breadcrumb\":{\"@id\":\"https:\/\/redeicm.org.br\/gloria\/uniforme-escolar\/#breadcrumb\"},\"inLanguage\":\"pt-BR\",\"potentialAction\":[{\"@type\":\"ReadAction\",\"target\":[\"https:\/\/redeicm.org.br\/gloria\/uniforme-escolar\/\"]}]},{\"@type\":\"ImageObject\",\"inLanguage\":\"pt-BR\",\"@id\":\"https:\/\/redeicm.org.br\/gloria\/uniforme-escolar\/#primaryimage\",\"url\":\"https:\/\/redeicm.org.br\/gloria\/wp-content\/uploads\/sites\/11\/2024\/08\/banner-projetos-educativos-1.jpg\",\"contentUrl\":\"https:\/\/redeicm.org.br\/gloria\/wp-content\/uploads\/sites\/11\/2024\/08\/banner-projetos-educativos-1.jpg\",\"width\":1440,\"height\":400},{\"@type\":\"BreadcrumbList\",\"@id\":\"https:\/\/redeicm.org.br\/gloria\/uniforme-escolar\/#breadcrumb\",\"itemListElement\":[{\"@type\":\"ListItem\",\"position\":1,\"name\":\"In\u00edcio\",\"item\":\"https:\/\/redeicm.org.br\/gloria\/\"},{\"@type\":\"ListItem\",\"position\":2,\"name\":\"Uniforme Escolar\"}]},{\"@type\":\"WebSite\",\"@id\":\"https:\/\/redeicm.org.br\/gloria\/#website\",\"url\":\"https:\/\/redeicm.org.br\/gloria\/\",\"name\":\"Col\u00e9gio Nossa Senhora da Gl\u00f3ria | Rede ICM de Educa\u00e7\u00e3o\",\"description\":\"\",\"publisher\":{\"@id\":\"https:\/\/redeicm.org.br\/gloria\/#organization\"},\"potentialAction\":[{\"@type\":\"SearchAction\",\"target\":{\"@type\":\"EntryPoint\",\"urlTemplate\":\"https:\/\/redeicm.org.br\/gloria\/?s={search_term_string}\"},\"query-input\":{\"@type\":\"PropertyValueSpecification\",\"valueRequired\":true,\"valueName\":\"search_term_string\"}}],\"inLanguage\":\"pt-BR\"},{\"@type\":\"Organization\",\"@id\":\"https:\/\/redeicm.org.br\/gloria\/#organization\",\"name\":\"Col\u00e9gio Nossa Senhora da Gl\u00f3ria | Rede ICM de Educa\u00e7\u00e3o\",\"url\":\"https:\/\/redeicm.org.br\/gloria\/\",\"logo\":{\"@type\":\"ImageObject\",\"inLanguage\":\"pt-BR\",\"@id\":\"https:\/\/redeicm.org.br\/gloria\/#\/schema\/logo\/image\/\",\"url\":\"https:\/\/redeicm.org.br\/gloria\/wp-content\/uploads\/sites\/11\/2024\/08\/icm_educacao_gloria_preferencial_cores-1024x512-1.webp\",\"contentUrl\":\"https:\/\/redeicm.org.br\/gloria\/wp-content\/uploads\/sites\/11\/2024\/08\/icm_educacao_gloria_preferencial_cores-1024x512-1.webp\",\"width\":1024,\"height\":512,\"caption\":\"Col\u00e9gio Nossa Senhora da Gl\u00f3ria | Rede ICM de Educa\u00e7\u00e3o\"},\"image\":{\"@id\":\"https:\/\/redeicm.org.br\/gloria\/#\/schema\/logo\/image\/\"}}]}<\/script>\n<!-- \/ Yoast SEO plugin. -->","yoast_head_json":{"title":"Uniforme Escolar - Col\u00e9gio Nossa Senhora da Gl\u00f3ria | Rede ICM de Educa\u00e7\u00e3o","robots":{"index":"index","follow":"follow","max-snippet":"max-snippet:-1","max-image-preview":"max-image-preview:large","max-video-preview":"max-video-preview:-1"},"canonical":"https:\/\/redeicm.org.br\/gloria\/uniforme-escolar\/","og_locale":"pt_BR","og_type":"article","og_title":"Uniforme Escolar - Col\u00e9gio Nossa Senhora da Gl\u00f3ria | Rede ICM de Educa\u00e7\u00e3o","og_description":"O uso do uniforme \u00e9\u00a0obrigat\u00f3rio\u00a0em todas as depend\u00eancias do Col\u00e9gio e nas Sa\u00eddas de Estudos, independentemente do hor\u00e1rio, turno e da atividade que o aluno estiver realizando. CG Uniformes Av. Professor Oscar Pereira, 3052 \u2013 Sala 115 (No pr\u00f3prio Col\u00e9gio Gl\u00f3ria) Contato: 3110-3679 ( Fixo e WhatsApp da Loja) ou 98263-6453 Graci) S\u00f4nia Loja de [&hellip;]","og_url":"https:\/\/redeicm.org.br\/gloria\/uniforme-escolar\/","og_site_name":"Col\u00e9gio Nossa Senhora da Gl\u00f3ria | Rede ICM de Educa\u00e7\u00e3o","article_modified_time":"2025-10-13T18:33:02+00:00","og_image":[{"width":1440,"height":400,"url":"https:\/\/redeicm.org.br\/gloria\/wp-content\/uploads\/sites\/11\/2024\/08\/banner-projetos-educativos-1.jpg","type":"image\/jpeg"}],"twitter_card":"summary_large_image","twitter_misc":{"Est. tempo de leitura":"1 minuto"},"schema":{"@context":"https:\/\/schema.org","@graph":[{"@type":"WebPage","@id":"https:\/\/redeicm.org.br\/gloria\/uniforme-escolar\/","url":"https:\/\/redeicm.org.br\/gloria\/uniforme-escolar\/","name":"Uniforme Escolar - Col\u00e9gio Nossa Senhora da Gl\u00f3ria | Rede ICM de Educa\u00e7\u00e3o","isPartOf":{"@id":"https:\/\/redeicm.org.br\/gloria\/#website"},"primaryImageOfPage":{"@id":"https:\/\/redeicm.org.br\/gloria\/uniforme-escolar\/#primaryimage"},"image":{"@id":"https:\/\/redeicm.org.br\/gloria\/uniforme-escolar\/#primaryimage"},"thumbnailUrl":"https:\/\/redeicm.org.br\/gloria\/wp-content\/uploads\/sites\/11\/2024\/08\/banner-projetos-educativos-1.jpg","datePublished":"2025-05-19T15:19:47+00:00","dateModified":"2025-10-13T18:33:02+00:00","breadcrumb":{"@id":"https:\/\/redeicm.org.br\/gloria\/uniforme-escolar\/#breadcrumb"},"inLanguage":"pt-BR","potentialAction":[{"@type":"ReadAction","target":["https:\/\/redeicm.org.br\/gloria\/uniforme-escolar\/"]}]},{"@type":"ImageObject","inLanguage":"pt-BR","@id":"https:\/\/redeicm.org.br\/gloria\/uniforme-escolar\/#primaryimage","url":"https:\/\/redeicm.org.br\/gloria\/wp-content\/uploads\/sites\/11\/2024\/08\/banner-projetos-educativos-1.jpg","contentUrl":"https:\/\/redeicm.org.br\/gloria\/wp-content\/uploads\/sites\/11\/2024\/08\/banner-projetos-educativos-1.jpg","width":1440,"height":400},{"@type":"BreadcrumbList","@id":"https:\/\/redeicm.org.br\/gloria\/uniforme-escolar\/#breadcrumb","itemListElement":[{"@type":"ListItem","position":1,"name":"In\u00edcio","item":"https:\/\/redeicm.org.br\/gloria\/"},{"@type":"ListItem","position":2,"name":"Uniforme Escolar"}]},{"@type":"WebSite","@id":"https:\/\/redeicm.org.br\/gloria\/#website","url":"https:\/\/redeicm.org.br\/gloria\/","name":"Col\u00e9gio Nossa Senhora da Gl\u00f3ria | Rede ICM de Educa\u00e7\u00e3o","description":"","publisher":{"@id":"https:\/\/redeicm.org.br\/gloria\/#organization"},"potentialAction":[{"@type":"SearchAction","target":{"@type":"EntryPoint","urlTemplate":"https:\/\/redeicm.org.br\/gloria\/?s={search_term_string}"},"query-input":{"@type":"PropertyValueSpecification","valueRequired":true,"valueName":"search_term_string"}}],"inLanguage":"pt-BR"},{"@type":"Organization","@id":"https:\/\/redeicm.org.br\/gloria\/#organization","name":"Col\u00e9gio Nossa Senhora da Gl\u00f3ria | Rede ICM de Educa\u00e7\u00e3o","url":"https:\/\/redeicm.org.br\/gloria\/","logo":{"@type":"ImageObject","inLanguage":"pt-BR","@id":"https:\/\/redeicm.org.br\/gloria\/#\/schema\/logo\/image\/","url":"https:\/\/redeicm.org.br\/gloria\/wp-content\/uploads\/sites\/11\/2024\/08\/icm_educacao_gloria_preferencial_cores-1024x512-1.webp","contentUrl":"https:\/\/redeicm.org.br\/gloria\/wp-content\/uploads\/sites\/11\/2024\/08\/icm_educacao_gloria_preferencial_cores-1024x512-1.webp","width":1024,"height":512,"caption":"Col\u00e9gio Nossa Senhora da Gl\u00f3ria | Rede ICM de Educa\u00e7\u00e3o"},"image":{"@id":"https:\/\/redeicm.org.br\/gloria\/#\/schema\/logo\/image\/"}}]}},"_links":{"self":[{"href":"https:\/\/redeicm.org.br\/gloria\/wp-json\/wp\/v2\/pages\/1163","targetHints":{"allow":["GET"]}}],"collection":[{"href":"https:\/\/redeicm.org.br\/gloria\/wp-json\/wp\/v2\/pages"}],"about":[{"href":"https:\/\/redeicm.org.br\/gloria\/wp-json\/wp\/v2\/types\/page"}],"author":[{"embeddable":true,"href":"https:\/\/redeicm.org.br\/gloria\/wp-json\/wp\/v2\/users\/1"}],"replies":[{"embeddable":true,"href":"https:\/\/redeicm.org.br\/gloria\/wp-json\/wp\/v2\/comments?post=1163"}],"version-history":[{"count":12,"href":"https:\/\/redeicm.org.br\/gloria\/wp-json\/wp\/v2\/pages\/1163\/revisions"}],"predecessor-version":[{"id":1528,"href":"https:\/\/redeicm.org.br\/gloria\/wp-json\/wp\/v2\/pages\/1163\/revisions\/1528"}],"wp:featuredmedia":[{"embeddable":true,"href":"https:\/\/redeicm.org.br\/gloria\/wp-json\/wp\/v2\/media\/172"}],"wp:attachment":[{"href":"https:\/\/redeicm.org.br\/gloria\/wp-json\/wp\/v2\/media?parent=1163"}],"curies":[{"name":"wp","href":"https:\/\/api.w.org\/{rel}","templated":true}]}}