{"id":1126,"date":"2025-05-16T12:22:19","date_gmt":"2025-05-16T15:22:19","guid":{"rendered":"https:\/\/redeicm.org.br\/gloria\/?page_id=1126"},"modified":"2025-05-21T18:10:10","modified_gmt":"2025-05-21T21:10:10","slug":"boleto-online","status":"publish","type":"page","link":"https:\/\/redeicm.org.br\/gloria\/boleto-online\/","title":{"rendered":"Boleto Online"},"content":{"rendered":"\t\t<div data-elementor-type=\"wp-page\" data-elementor-id=\"1126\" class=\"elementor elementor-1126\" data-elementor-post-type=\"page\">\n\t\t\t\t<div class=\"elementor-element elementor-element-12fb1a9e e-flex e-con-boxed e-con e-parent\" data-id=\"12fb1a9e\" data-element_type=\"container\" data-e-type=\"container\" data-settings=\"{&quot;background_background&quot;:&quot;classic&quot;}\">\n\t\t\t\t\t<div class=\"e-con-inner\">\n\t\t\t\t<div class=\"elementor-element elementor-element-2eda4c7f elementor-widget elementor-widget-heading\" data-id=\"2eda4c7f\" data-element_type=\"widget\" data-e-type=\"widget\" data-widget_type=\"heading.default\">\n\t\t\t\t<div class=\"elementor-widget-container\">\n\t\t\t\t\t<h1 class=\"elementor-heading-title elementor-size-default\">Boleto Online<\/h1>\t\t\t\t<\/div>\n\t\t\t\t<\/div>\n\t\t\t\t\t<\/div>\n\t\t\t\t<\/div>\n\t\t<div class=\"elementor-element elementor-element-910ae2d e-con-full e-flex e-con e-parent\" data-id=\"910ae2d\" data-element_type=\"container\" data-e-type=\"container\">\n\t\t<div class=\"elementor-element elementor-element-a98e6ef e-flex e-con-boxed e-con e-child\" data-id=\"a98e6ef\" data-element_type=\"container\" data-e-type=\"container\">\n\t\t\t\t\t<div class=\"e-con-inner\">\n\t\t\t\t<div class=\"elementor-element elementor-element-c74efc9 elementor-widget elementor-widget-heading\" data-id=\"c74efc9\" data-element_type=\"widget\" data-e-type=\"widget\" data-widget_type=\"heading.default\">\n\t\t\t\t<div class=\"elementor-widget-container\">\n\t\t\t\t\t<h2 class=\"elementor-heading-title elementor-size-default\">T\u00cdTULOS E PARCELAS<\/h2>\t\t\t\t<\/div>\n\t\t\t\t<\/div>\n\t\t\t\t<div class=\"elementor-element elementor-element-a8fe44b elementor-widget elementor-widget-heading\" data-id=\"a8fe44b\" data-element_type=\"widget\" data-e-type=\"widget\" data-widget_type=\"heading.default\">\n\t\t\t\t<div class=\"elementor-widget-container\">\n\t\t\t\t\t<h2 class=\"elementor-heading-title elementor-size-default\">ATUALIZA\u00c7\u00c3O DE BOLETO VENCIDO<\/h2>\t\t\t\t<\/div>\n\t\t\t\t<\/div>\n\t\t\t\t<div class=\"elementor-element elementor-element-792b153 elementor-invisible elementor-widget elementor-widget-text-editor\" data-id=\"792b153\" data-element_type=\"widget\" data-e-type=\"widget\" data-settings=\"{&quot;_animation&quot;:&quot;fadeInUp&quot;}\" data-widget_type=\"text-editor.default\">\n\t\t\t\t<div class=\"elementor-widget-container\">\n\t\t\t\t\t\t\t\t\t<p>Passo a passo:<\/p><ul><li>Acessar o site\u00a0<a href=\"https:\/\/redeicm.org.br\/\">\u00a0https:\/\/www.redeicm.org.br\/<\/a><br \/>Selecionar Portal Acad\u00eamico<br \/>\u2013 Opera\u00e7\u00f5es<br \/>\u2013 T\u00edtulos e parcelas<br \/>Clicar no c\u00f3digo de barras ao lado da mensalidade a ser paga<br \/>\u2013 Downloads<\/li><\/ul>\t\t\t\t\t\t\t\t<\/div>\n\t\t\t\t<\/div>\n\t\t\t\t<div class=\"elementor-element elementor-element-a096006 elementor-invisible elementor-widget elementor-widget-text-editor\" data-id=\"a096006\" data-element_type=\"widget\" data-e-type=\"widget\" data-settings=\"{&quot;_animation&quot;:&quot;fadeInUp&quot;}\" data-widget_type=\"text-editor.default\">\n\t\t\t\t<div class=\"elementor-widget-container\">\n\t\t\t\t\t\t\t\t\t<p>Passo a passo:<\/p><ul><li>Digitar no Google: Portal Internet\/Servi\u00e7os<br \/>\u2013 Ir na Aba: Para voc\u00ea \u2013 Servi\u00e7os 2\u00aa via T\u00edtulo<br \/>\u2013 Servi\u00e7os on-line<br \/>\u2013 Emiss\u00e3o de 2\u00aa via t\u00edtulo<br \/>\u2013 Escolher: Boleto espec\u00edfico ou Linha digit\u00e1vel<br \/>\u2013 N\u00e3o sou um rob\u00f4<br \/>\u2013 Consultar<br \/>\u2013 Gerar boleto<br \/>\u2013 Fazer download e imprimir<\/li><\/ul>\t\t\t\t\t\t\t\t<\/div>\n\t\t\t\t<\/div>\n\t\t\t\t\t<\/div>\n\t\t\t\t<\/div>\n\t\t\t\t<\/div>\n\t\t\t\t<\/div>\n\t\t","protected":false},"excerpt":{"rendered":"<p>T\u00cdTULOS E PARCELAS ATUALIZA\u00c7\u00c3O DE BOLETO VENCIDO Passo a passo: Acessar o site\u00a0\u00a0https:\/\/www.redeicm.org.br\/Selecionar Portal Acad\u00eamico\u2013 Opera\u00e7\u00f5es\u2013 T\u00edtulos e parcelasClicar no c\u00f3digo de barras ao lado da mensalidade a ser paga\u2013 Downloads Passo a passo: Digitar no Google: Portal Internet\/Servi\u00e7os\u2013 Ir na Aba: Para voc\u00ea \u2013 Servi\u00e7os 2\u00aa via T\u00edtulo\u2013 Servi\u00e7os on-line\u2013 Emiss\u00e3o de 2\u00aa via [&hellip;]<\/p>\n","protected":false},"author":1,"featured_media":172,"parent":0,"menu_order":0,"comment_status":"closed","ping_status":"closed","template":"","meta":{"_acf_changed":false,"footnotes":""},"class_list":["post-1126","page","type-page","status-publish","has-post-thumbnail","hentry"],"acf":[],"yoast_head":"<!-- This site is optimized with the Yoast SEO plugin v26.3 - https:\/\/yoast.com\/wordpress\/plugins\/seo\/ -->\n<title>Boleto Online - Col\u00e9gio Nossa Senhora da Gl\u00f3ria | Rede ICM de Educa\u00e7\u00e3o<\/title>\n<meta name=\"robots\" content=\"index, follow, max-snippet:-1, max-image-preview:large, max-video-preview:-1\" \/>\n<link rel=\"canonical\" href=\"https:\/\/redeicm.org.br\/gloria\/boleto-online\/\" \/>\n<meta property=\"og:locale\" content=\"pt_BR\" \/>\n<meta property=\"og:type\" content=\"article\" \/>\n<meta property=\"og:title\" content=\"Boleto Online - Col\u00e9gio Nossa Senhora da Gl\u00f3ria | Rede ICM de Educa\u00e7\u00e3o\" \/>\n<meta property=\"og:description\" content=\"T\u00cdTULOS E PARCELAS ATUALIZA\u00c7\u00c3O DE BOLETO VENCIDO Passo a passo: Acessar o site\u00a0\u00a0https:\/\/www.redeicm.org.br\/Selecionar Portal Acad\u00eamico\u2013 Opera\u00e7\u00f5es\u2013 T\u00edtulos e parcelasClicar no c\u00f3digo de barras ao lado da mensalidade a ser paga\u2013 Downloads Passo a passo: Digitar no Google: Portal Internet\/Servi\u00e7os\u2013 Ir na Aba: Para voc\u00ea \u2013 Servi\u00e7os 2\u00aa via T\u00edtulo\u2013 Servi\u00e7os on-line\u2013 Emiss\u00e3o de 2\u00aa via [&hellip;]\" \/>\n<meta property=\"og:url\" content=\"https:\/\/redeicm.org.br\/gloria\/boleto-online\/\" \/>\n<meta property=\"og:site_name\" content=\"Col\u00e9gio Nossa Senhora da Gl\u00f3ria | Rede ICM de Educa\u00e7\u00e3o\" \/>\n<meta property=\"article:modified_time\" content=\"2025-05-21T21:10:10+00:00\" \/>\n<meta property=\"og:image\" content=\"https:\/\/redeicm.org.br\/gloria\/wp-content\/uploads\/sites\/11\/2024\/08\/banner-projetos-educativos-1.jpg\" \/>\n\t<meta property=\"og:image:width\" content=\"1440\" \/>\n\t<meta property=\"og:image:height\" content=\"400\" \/>\n\t<meta property=\"og:image:type\" content=\"image\/jpeg\" \/>\n<meta name=\"twitter:card\" content=\"summary_large_image\" \/>\n<meta name=\"twitter:label1\" content=\"Est. tempo de leitura\" \/>\n\t<meta name=\"twitter:data1\" content=\"1 minuto\" \/>\n<script type=\"application\/ld+json\" class=\"yoast-schema-graph\">{\"@context\":\"https:\/\/schema.org\",\"@graph\":[{\"@type\":\"WebPage\",\"@id\":\"https:\/\/redeicm.org.br\/gloria\/boleto-online\/\",\"url\":\"https:\/\/redeicm.org.br\/gloria\/boleto-online\/\",\"name\":\"Boleto Online - Col\u00e9gio Nossa Senhora da Gl\u00f3ria | Rede ICM de Educa\u00e7\u00e3o\",\"isPartOf\":{\"@id\":\"https:\/\/redeicm.org.br\/gloria\/#website\"},\"primaryImageOfPage\":{\"@id\":\"https:\/\/redeicm.org.br\/gloria\/boleto-online\/#primaryimage\"},\"image\":{\"@id\":\"https:\/\/redeicm.org.br\/gloria\/boleto-online\/#primaryimage\"},\"thumbnailUrl\":\"https:\/\/redeicm.org.br\/gloria\/wp-content\/uploads\/sites\/11\/2024\/08\/banner-projetos-educativos-1.jpg\",\"datePublished\":\"2025-05-16T15:22:19+00:00\",\"dateModified\":\"2025-05-21T21:10:10+00:00\",\"breadcrumb\":{\"@id\":\"https:\/\/redeicm.org.br\/gloria\/boleto-online\/#breadcrumb\"},\"inLanguage\":\"pt-BR\",\"potentialAction\":[{\"@type\":\"ReadAction\",\"target\":[\"https:\/\/redeicm.org.br\/gloria\/boleto-online\/\"]}]},{\"@type\":\"ImageObject\",\"inLanguage\":\"pt-BR\",\"@id\":\"https:\/\/redeicm.org.br\/gloria\/boleto-online\/#primaryimage\",\"url\":\"https:\/\/redeicm.org.br\/gloria\/wp-content\/uploads\/sites\/11\/2024\/08\/banner-projetos-educativos-1.jpg\",\"contentUrl\":\"https:\/\/redeicm.org.br\/gloria\/wp-content\/uploads\/sites\/11\/2024\/08\/banner-projetos-educativos-1.jpg\",\"width\":1440,\"height\":400},{\"@type\":\"BreadcrumbList\",\"@id\":\"https:\/\/redeicm.org.br\/gloria\/boleto-online\/#breadcrumb\",\"itemListElement\":[{\"@type\":\"ListItem\",\"position\":1,\"name\":\"In\u00edcio\",\"item\":\"https:\/\/redeicm.org.br\/gloria\/\"},{\"@type\":\"ListItem\",\"position\":2,\"name\":\"Boleto Online\"}]},{\"@type\":\"WebSite\",\"@id\":\"https:\/\/redeicm.org.br\/gloria\/#website\",\"url\":\"https:\/\/redeicm.org.br\/gloria\/\",\"name\":\"Col\u00e9gio Nossa Senhora da Gl\u00f3ria | Rede ICM de Educa\u00e7\u00e3o\",\"description\":\"\",\"publisher\":{\"@id\":\"https:\/\/redeicm.org.br\/gloria\/#organization\"},\"potentialAction\":[{\"@type\":\"SearchAction\",\"target\":{\"@type\":\"EntryPoint\",\"urlTemplate\":\"https:\/\/redeicm.org.br\/gloria\/?s={search_term_string}\"},\"query-input\":{\"@type\":\"PropertyValueSpecification\",\"valueRequired\":true,\"valueName\":\"search_term_string\"}}],\"inLanguage\":\"pt-BR\"},{\"@type\":\"Organization\",\"@id\":\"https:\/\/redeicm.org.br\/gloria\/#organization\",\"name\":\"Col\u00e9gio Nossa Senhora da Gl\u00f3ria | Rede ICM de Educa\u00e7\u00e3o\",\"url\":\"https:\/\/redeicm.org.br\/gloria\/\",\"logo\":{\"@type\":\"ImageObject\",\"inLanguage\":\"pt-BR\",\"@id\":\"https:\/\/redeicm.org.br\/gloria\/#\/schema\/logo\/image\/\",\"url\":\"https:\/\/redeicm.org.br\/gloria\/wp-content\/uploads\/sites\/11\/2024\/08\/icm_educacao_gloria_preferencial_cores-1024x512-1.webp\",\"contentUrl\":\"https:\/\/redeicm.org.br\/gloria\/wp-content\/uploads\/sites\/11\/2024\/08\/icm_educacao_gloria_preferencial_cores-1024x512-1.webp\",\"width\":1024,\"height\":512,\"caption\":\"Col\u00e9gio Nossa Senhora da Gl\u00f3ria | Rede ICM de Educa\u00e7\u00e3o\"},\"image\":{\"@id\":\"https:\/\/redeicm.org.br\/gloria\/#\/schema\/logo\/image\/\"}}]}<\/script>\n<!-- \/ Yoast SEO plugin. -->","yoast_head_json":{"title":"Boleto Online - Col\u00e9gio Nossa Senhora da Gl\u00f3ria | Rede ICM de Educa\u00e7\u00e3o","robots":{"index":"index","follow":"follow","max-snippet":"max-snippet:-1","max-image-preview":"max-image-preview:large","max-video-preview":"max-video-preview:-1"},"canonical":"https:\/\/redeicm.org.br\/gloria\/boleto-online\/","og_locale":"pt_BR","og_type":"article","og_title":"Boleto Online - Col\u00e9gio Nossa Senhora da Gl\u00f3ria | Rede ICM de Educa\u00e7\u00e3o","og_description":"T\u00cdTULOS E PARCELAS ATUALIZA\u00c7\u00c3O DE BOLETO VENCIDO Passo a passo: Acessar o site\u00a0\u00a0https:\/\/www.redeicm.org.br\/Selecionar Portal Acad\u00eamico\u2013 Opera\u00e7\u00f5es\u2013 T\u00edtulos e parcelasClicar no c\u00f3digo de barras ao lado da mensalidade a ser paga\u2013 Downloads Passo a passo: Digitar no Google: Portal Internet\/Servi\u00e7os\u2013 Ir na Aba: Para voc\u00ea \u2013 Servi\u00e7os 2\u00aa via T\u00edtulo\u2013 Servi\u00e7os on-line\u2013 Emiss\u00e3o de 2\u00aa via [&hellip;]","og_url":"https:\/\/redeicm.org.br\/gloria\/boleto-online\/","og_site_name":"Col\u00e9gio Nossa Senhora da Gl\u00f3ria | Rede ICM de Educa\u00e7\u00e3o","article_modified_time":"2025-05-21T21:10:10+00:00","og_image":[{"width":1440,"height":400,"url":"https:\/\/redeicm.org.br\/gloria\/wp-content\/uploads\/sites\/11\/2024\/08\/banner-projetos-educativos-1.jpg","type":"image\/jpeg"}],"twitter_card":"summary_large_image","twitter_misc":{"Est. tempo de leitura":"1 minuto"},"schema":{"@context":"https:\/\/schema.org","@graph":[{"@type":"WebPage","@id":"https:\/\/redeicm.org.br\/gloria\/boleto-online\/","url":"https:\/\/redeicm.org.br\/gloria\/boleto-online\/","name":"Boleto Online - Col\u00e9gio Nossa Senhora da Gl\u00f3ria | Rede ICM de Educa\u00e7\u00e3o","isPartOf":{"@id":"https:\/\/redeicm.org.br\/gloria\/#website"},"primaryImageOfPage":{"@id":"https:\/\/redeicm.org.br\/gloria\/boleto-online\/#primaryimage"},"image":{"@id":"https:\/\/redeicm.org.br\/gloria\/boleto-online\/#primaryimage"},"thumbnailUrl":"https:\/\/redeicm.org.br\/gloria\/wp-content\/uploads\/sites\/11\/2024\/08\/banner-projetos-educativos-1.jpg","datePublished":"2025-05-16T15:22:19+00:00","dateModified":"2025-05-21T21:10:10+00:00","breadcrumb":{"@id":"https:\/\/redeicm.org.br\/gloria\/boleto-online\/#breadcrumb"},"inLanguage":"pt-BR","potentialAction":[{"@type":"ReadAction","target":["https:\/\/redeicm.org.br\/gloria\/boleto-online\/"]}]},{"@type":"ImageObject","inLanguage":"pt-BR","@id":"https:\/\/redeicm.org.br\/gloria\/boleto-online\/#primaryimage","url":"https:\/\/redeicm.org.br\/gloria\/wp-content\/uploads\/sites\/11\/2024\/08\/banner-projetos-educativos-1.jpg","contentUrl":"https:\/\/redeicm.org.br\/gloria\/wp-content\/uploads\/sites\/11\/2024\/08\/banner-projetos-educativos-1.jpg","width":1440,"height":400},{"@type":"BreadcrumbList","@id":"https:\/\/redeicm.org.br\/gloria\/boleto-online\/#breadcrumb","itemListElement":[{"@type":"ListItem","position":1,"name":"In\u00edcio","item":"https:\/\/redeicm.org.br\/gloria\/"},{"@type":"ListItem","position":2,"name":"Boleto Online"}]},{"@type":"WebSite","@id":"https:\/\/redeicm.org.br\/gloria\/#website","url":"https:\/\/redeicm.org.br\/gloria\/","name":"Col\u00e9gio Nossa Senhora da Gl\u00f3ria | Rede ICM de Educa\u00e7\u00e3o","description":"","publisher":{"@id":"https:\/\/redeicm.org.br\/gloria\/#organization"},"potentialAction":[{"@type":"SearchAction","target":{"@type":"EntryPoint","urlTemplate":"https:\/\/redeicm.org.br\/gloria\/?s={search_term_string}"},"query-input":{"@type":"PropertyValueSpecification","valueRequired":true,"valueName":"search_term_string"}}],"inLanguage":"pt-BR"},{"@type":"Organization","@id":"https:\/\/redeicm.org.br\/gloria\/#organization","name":"Col\u00e9gio Nossa Senhora da Gl\u00f3ria | Rede ICM de Educa\u00e7\u00e3o","url":"https:\/\/redeicm.org.br\/gloria\/","logo":{"@type":"ImageObject","inLanguage":"pt-BR","@id":"https:\/\/redeicm.org.br\/gloria\/#\/schema\/logo\/image\/","url":"https:\/\/redeicm.org.br\/gloria\/wp-content\/uploads\/sites\/11\/2024\/08\/icm_educacao_gloria_preferencial_cores-1024x512-1.webp","contentUrl":"https:\/\/redeicm.org.br\/gloria\/wp-content\/uploads\/sites\/11\/2024\/08\/icm_educacao_gloria_preferencial_cores-1024x512-1.webp","width":1024,"height":512,"caption":"Col\u00e9gio Nossa Senhora da Gl\u00f3ria | Rede ICM de Educa\u00e7\u00e3o"},"image":{"@id":"https:\/\/redeicm.org.br\/gloria\/#\/schema\/logo\/image\/"}}]}},"_links":{"self":[{"href":"https:\/\/redeicm.org.br\/gloria\/wp-json\/wp\/v2\/pages\/1126","targetHints":{"allow":["GET"]}}],"collection":[{"href":"https:\/\/redeicm.org.br\/gloria\/wp-json\/wp\/v2\/pages"}],"about":[{"href":"https:\/\/redeicm.org.br\/gloria\/wp-json\/wp\/v2\/types\/page"}],"author":[{"embeddable":true,"href":"https:\/\/redeicm.org.br\/gloria\/wp-json\/wp\/v2\/users\/1"}],"replies":[{"embeddable":true,"href":"https:\/\/redeicm.org.br\/gloria\/wp-json\/wp\/v2\/comments?post=1126"}],"version-history":[{"count":13,"href":"https:\/\/redeicm.org.br\/gloria\/wp-json\/wp\/v2\/pages\/1126\/revisions"}],"predecessor-version":[{"id":1338,"href":"https:\/\/redeicm.org.br\/gloria\/wp-json\/wp\/v2\/pages\/1126\/revisions\/1338"}],"wp:featuredmedia":[{"embeddable":true,"href":"https:\/\/redeicm.org.br\/gloria\/wp-json\/wp\/v2\/media\/172"}],"wp:attachment":[{"href":"https:\/\/redeicm.org.br\/gloria\/wp-json\/wp\/v2\/media?parent=1126"}],"curies":[{"name":"wp","href":"https:\/\/api.w.org\/{rel}","templated":true}]}}