{"id":110,"date":"2024-08-16T09:29:20","date_gmt":"2024-08-16T12:29:20","guid":{"rendered":"https:\/\/redeicm.org.br\/gloria\/ensino-fundamental-anos-finais\/"},"modified":"2025-10-13T15:29:26","modified_gmt":"2025-10-13T18:29:26","slug":"ensino-fundamental-anos-finais","status":"publish","type":"page","link":"https:\/\/redeicm.org.br\/gloria\/ensino-fundamental-anos-finais\/","title":{"rendered":"Ensino Fundamental \u2013 Anos Finais"},"content":{"rendered":"\t\t<div data-elementor-type=\"wp-page\" data-elementor-id=\"110\" class=\"elementor elementor-110\" data-elementor-post-type=\"page\">\n\t\t\t\t<div class=\"elementor-element elementor-element-7d9f9446 e-flex e-con-boxed e-con e-parent\" data-id=\"7d9f9446\" data-element_type=\"container\" data-e-type=\"container\" data-settings=\"{&quot;background_background&quot;:&quot;classic&quot;}\">\n\t\t\t\t\t<div class=\"e-con-inner\">\n\t\t\t\t\t<\/div>\n\t\t\t\t<\/div>\n\t\t<div class=\"elementor-element elementor-element-1937eeec e-flex e-con-boxed e-con e-parent\" data-id=\"1937eeec\" data-element_type=\"container\" data-e-type=\"container\">\n\t\t\t\t\t<div class=\"e-con-inner\">\n\t\t\t\t<div class=\"elementor-element elementor-element-2fb7211d elementor-widget elementor-widget-heading\" data-id=\"2fb7211d\" data-element_type=\"widget\" data-e-type=\"widget\" data-widget_type=\"heading.default\">\n\t\t\t\t<div class=\"elementor-widget-container\">\n\t\t\t\t\t<h1 class=\"elementor-heading-title elementor-size-default\">Ensino Fundamental \u2013 Anos Finais<\/h1>\t\t\t\t<\/div>\n\t\t\t\t<\/div>\n\t\t\t\t\t<\/div>\n\t\t\t\t<\/div>\n\t\t<div class=\"elementor-element elementor-element-3bc92487 e-con-full e-flex e-con e-parent\" data-id=\"3bc92487\" data-element_type=\"container\" data-e-type=\"container\">\n\t\t<div class=\"elementor-element elementor-element-31cd7a96 e-flex e-con-boxed e-con e-child\" data-id=\"31cd7a96\" data-element_type=\"container\" data-e-type=\"container\">\n\t\t\t\t\t<div class=\"e-con-inner\">\n\t\t\t\t<div class=\"elementor-element elementor-element-1a72e9a5 elementor-invisible elementor-widget elementor-widget-text-editor\" data-id=\"1a72e9a5\" data-element_type=\"widget\" data-e-type=\"widget\" data-settings=\"{&quot;_animation&quot;:&quot;fadeInUp&quot;}\" data-widget_type=\"text-editor.default\">\n\t\t\t\t<div class=\"elementor-widget-container\">\n\t\t\t\t\t\t\t\t\t<p>Nos Anos Finais do Ensino Fundamental (6\u00ba ao 9\u00ba) busca-se caracterizar conhecimentos fundamentais da humanidade, de forma contextualizada nas diferentes \u00e1reas, desenvolvendo compet\u00eancias e habilidades, priorizando a forma\u00e7\u00e3o \u00e9tica, a autonomia intelectual, o pensamento cr\u00edtico e cient\u00edfico, atrav\u00e9s da aplica\u00e7\u00e3o dos conceitos constru\u00eddos e do desenvolvimento da reflex\u00e3o sobre tudo aquilo que \u00e9 pass\u00edvel de explora\u00e7\u00e3o, capacitando, assim, o educando para a vida em sociedade.<\/p>\n<p>\u00a0<\/p>\n<p>Do 6\u00ba ao 9\u00ba ano, os alunos s\u00e3o desafiados a refletir, argumentar, desenvolver autonomia e criatividade, ampliando, assim, sua leitura de mundo, de forma progressiva e cont\u00ednua. V\u00e1rios projetos interdisciplinares s\u00e3o desenvolvidos ao longo do ano, buscando trabalhar compet\u00eancias tanto na \u00e1rea acad\u00eamica como na \u00e1rea relacional e propiciando a viv\u00eancia de aspectos relacionados \u00e0 preserva\u00e7\u00e3o ambiental, \u00e0 sustentabilidade, ao desenvolvimento dos seres vivos, \u00e0 representa\u00e7\u00e3o do espa\u00e7o geogr\u00e1fico, \u00e0 compreens\u00e3o das temporalidades hist\u00f3ricas, \u00e0 aplica\u00e7\u00e3o da matem\u00e1tica, \u00e0 aprecia\u00e7\u00e3o da literatura e das artes, \u00e0 pr\u00e1tica da l\u00edngua inglesa e espanhola, e ao exerc\u00edcio da leitura e da escrita na l\u00edngua materna.<\/p>\t\t\t\t\t\t\t\t<\/div>\n\t\t\t\t<\/div>\n\t\t\t\t\t<\/div>\n\t\t\t\t<\/div>\n\t\t\t\t<\/div>\n\t\t\t\t<\/div>\n\t\t","protected":false},"excerpt":{"rendered":"<p>Nos Anos Finais do Ensino Fundamental (6\u00ba ao 9\u00ba) busca-se caracterizar conhecimentos fundamentais da humanidade, de forma contextualizada nas diferentes \u00e1reas, desenvolvendo compet\u00eancias e habilidades, priorizando a forma\u00e7\u00e3o \u00e9tica, a autonomia intelectual, o pensamento cr\u00edtico e cient\u00edfico, atrav\u00e9s da aplica\u00e7\u00e3o dos conceitos constru\u00eddos e do desenvolvimento da reflex\u00e3o sobre tudo aquilo que \u00e9 pass\u00edvel de [&hellip;]<\/p>\n","protected":false},"author":1,"featured_media":777,"parent":0,"menu_order":0,"comment_status":"closed","ping_status":"closed","template":"","meta":{"_acf_changed":false,"footnotes":""},"class_list":["post-110","page","type-page","status-publish","has-post-thumbnail","hentry"],"acf":[],"yoast_head":"<!-- This site is optimized with the Yoast SEO plugin v26.3 - https:\/\/yoast.com\/wordpress\/plugins\/seo\/ -->\n<title>Ensino Fundamental \u2013 Anos Finais - Col\u00e9gio Nossa Senhora da Gl\u00f3ria | Rede ICM de Educa\u00e7\u00e3o<\/title>\n<meta name=\"robots\" content=\"index, follow, max-snippet:-1, max-image-preview:large, max-video-preview:-1\" \/>\n<link rel=\"canonical\" href=\"https:\/\/redeicm.org.br\/gloria\/ensino-fundamental-anos-finais\/\" \/>\n<meta property=\"og:locale\" content=\"pt_BR\" \/>\n<meta property=\"og:type\" content=\"article\" \/>\n<meta property=\"og:title\" content=\"Ensino Fundamental \u2013 Anos Finais - Col\u00e9gio Nossa Senhora da Gl\u00f3ria | Rede ICM de Educa\u00e7\u00e3o\" \/>\n<meta property=\"og:description\" content=\"Nos Anos Finais do Ensino Fundamental (6\u00ba ao 9\u00ba) busca-se caracterizar conhecimentos fundamentais da humanidade, de forma contextualizada nas diferentes \u00e1reas, desenvolvendo compet\u00eancias e habilidades, priorizando a forma\u00e7\u00e3o \u00e9tica, a autonomia intelectual, o pensamento cr\u00edtico e cient\u00edfico, atrav\u00e9s da aplica\u00e7\u00e3o dos conceitos constru\u00eddos e do desenvolvimento da reflex\u00e3o sobre tudo aquilo que \u00e9 pass\u00edvel de [&hellip;]\" \/>\n<meta property=\"og:url\" content=\"https:\/\/redeicm.org.br\/gloria\/ensino-fundamental-anos-finais\/\" \/>\n<meta property=\"og:site_name\" content=\"Col\u00e9gio Nossa Senhora da Gl\u00f3ria | Rede ICM de Educa\u00e7\u00e3o\" \/>\n<meta property=\"article:modified_time\" content=\"2025-10-13T18:29:26+00:00\" \/>\n<meta property=\"og:image\" content=\"https:\/\/redeicm.org.br\/gloria\/wp-content\/uploads\/sites\/11\/2024\/10\/imagem_2024-10-08_143655450.webp\" \/>\n\t<meta property=\"og:image:width\" content=\"1123\" \/>\n\t<meta property=\"og:image:height\" content=\"422\" \/>\n\t<meta property=\"og:image:type\" content=\"image\/webp\" \/>\n<meta name=\"twitter:card\" content=\"summary_large_image\" \/>\n<meta name=\"twitter:label1\" content=\"Est. tempo de leitura\" \/>\n\t<meta name=\"twitter:data1\" content=\"1 minuto\" \/>\n<script type=\"application\/ld+json\" class=\"yoast-schema-graph\">{\"@context\":\"https:\/\/schema.org\",\"@graph\":[{\"@type\":\"WebPage\",\"@id\":\"https:\/\/redeicm.org.br\/gloria\/ensino-fundamental-anos-finais\/\",\"url\":\"https:\/\/redeicm.org.br\/gloria\/ensino-fundamental-anos-finais\/\",\"name\":\"Ensino Fundamental \u2013 Anos Finais - Col\u00e9gio Nossa Senhora da Gl\u00f3ria | Rede ICM de Educa\u00e7\u00e3o\",\"isPartOf\":{\"@id\":\"https:\/\/redeicm.org.br\/gloria\/#website\"},\"primaryImageOfPage\":{\"@id\":\"https:\/\/redeicm.org.br\/gloria\/ensino-fundamental-anos-finais\/#primaryimage\"},\"image\":{\"@id\":\"https:\/\/redeicm.org.br\/gloria\/ensino-fundamental-anos-finais\/#primaryimage\"},\"thumbnailUrl\":\"https:\/\/redeicm.org.br\/gloria\/wp-content\/uploads\/sites\/11\/2024\/10\/imagem_2024-10-08_143655450.webp\",\"datePublished\":\"2024-08-16T12:29:20+00:00\",\"dateModified\":\"2025-10-13T18:29:26+00:00\",\"breadcrumb\":{\"@id\":\"https:\/\/redeicm.org.br\/gloria\/ensino-fundamental-anos-finais\/#breadcrumb\"},\"inLanguage\":\"pt-BR\",\"potentialAction\":[{\"@type\":\"ReadAction\",\"target\":[\"https:\/\/redeicm.org.br\/gloria\/ensino-fundamental-anos-finais\/\"]}]},{\"@type\":\"ImageObject\",\"inLanguage\":\"pt-BR\",\"@id\":\"https:\/\/redeicm.org.br\/gloria\/ensino-fundamental-anos-finais\/#primaryimage\",\"url\":\"https:\/\/redeicm.org.br\/gloria\/wp-content\/uploads\/sites\/11\/2024\/10\/imagem_2024-10-08_143655450.webp\",\"contentUrl\":\"https:\/\/redeicm.org.br\/gloria\/wp-content\/uploads\/sites\/11\/2024\/10\/imagem_2024-10-08_143655450.webp\",\"width\":1123,\"height\":422},{\"@type\":\"BreadcrumbList\",\"@id\":\"https:\/\/redeicm.org.br\/gloria\/ensino-fundamental-anos-finais\/#breadcrumb\",\"itemListElement\":[{\"@type\":\"ListItem\",\"position\":1,\"name\":\"In\u00edcio\",\"item\":\"https:\/\/redeicm.org.br\/gloria\/\"},{\"@type\":\"ListItem\",\"position\":2,\"name\":\"Ensino Fundamental \u2013 Anos Finais\"}]},{\"@type\":\"WebSite\",\"@id\":\"https:\/\/redeicm.org.br\/gloria\/#website\",\"url\":\"https:\/\/redeicm.org.br\/gloria\/\",\"name\":\"Col\u00e9gio Nossa Senhora da Gl\u00f3ria | Rede ICM de Educa\u00e7\u00e3o\",\"description\":\"\",\"publisher\":{\"@id\":\"https:\/\/redeicm.org.br\/gloria\/#organization\"},\"potentialAction\":[{\"@type\":\"SearchAction\",\"target\":{\"@type\":\"EntryPoint\",\"urlTemplate\":\"https:\/\/redeicm.org.br\/gloria\/?s={search_term_string}\"},\"query-input\":{\"@type\":\"PropertyValueSpecification\",\"valueRequired\":true,\"valueName\":\"search_term_string\"}}],\"inLanguage\":\"pt-BR\"},{\"@type\":\"Organization\",\"@id\":\"https:\/\/redeicm.org.br\/gloria\/#organization\",\"name\":\"Col\u00e9gio Nossa Senhora da Gl\u00f3ria | Rede ICM de Educa\u00e7\u00e3o\",\"url\":\"https:\/\/redeicm.org.br\/gloria\/\",\"logo\":{\"@type\":\"ImageObject\",\"inLanguage\":\"pt-BR\",\"@id\":\"https:\/\/redeicm.org.br\/gloria\/#\/schema\/logo\/image\/\",\"url\":\"https:\/\/redeicm.org.br\/gloria\/wp-content\/uploads\/sites\/11\/2024\/08\/icm_educacao_gloria_preferencial_cores-1024x512-1.webp\",\"contentUrl\":\"https:\/\/redeicm.org.br\/gloria\/wp-content\/uploads\/sites\/11\/2024\/08\/icm_educacao_gloria_preferencial_cores-1024x512-1.webp\",\"width\":1024,\"height\":512,\"caption\":\"Col\u00e9gio Nossa Senhora da Gl\u00f3ria | Rede ICM de Educa\u00e7\u00e3o\"},\"image\":{\"@id\":\"https:\/\/redeicm.org.br\/gloria\/#\/schema\/logo\/image\/\"}}]}<\/script>\n<!-- \/ Yoast SEO plugin. -->","yoast_head_json":{"title":"Ensino Fundamental \u2013 Anos Finais - Col\u00e9gio Nossa Senhora da Gl\u00f3ria | Rede ICM de Educa\u00e7\u00e3o","robots":{"index":"index","follow":"follow","max-snippet":"max-snippet:-1","max-image-preview":"max-image-preview:large","max-video-preview":"max-video-preview:-1"},"canonical":"https:\/\/redeicm.org.br\/gloria\/ensino-fundamental-anos-finais\/","og_locale":"pt_BR","og_type":"article","og_title":"Ensino Fundamental \u2013 Anos Finais - Col\u00e9gio Nossa Senhora da Gl\u00f3ria | Rede ICM de Educa\u00e7\u00e3o","og_description":"Nos Anos Finais do Ensino Fundamental (6\u00ba ao 9\u00ba) busca-se caracterizar conhecimentos fundamentais da humanidade, de forma contextualizada nas diferentes \u00e1reas, desenvolvendo compet\u00eancias e habilidades, priorizando a forma\u00e7\u00e3o \u00e9tica, a autonomia intelectual, o pensamento cr\u00edtico e cient\u00edfico, atrav\u00e9s da aplica\u00e7\u00e3o dos conceitos constru\u00eddos e do desenvolvimento da reflex\u00e3o sobre tudo aquilo que \u00e9 pass\u00edvel de [&hellip;]","og_url":"https:\/\/redeicm.org.br\/gloria\/ensino-fundamental-anos-finais\/","og_site_name":"Col\u00e9gio Nossa Senhora da Gl\u00f3ria | Rede ICM de Educa\u00e7\u00e3o","article_modified_time":"2025-10-13T18:29:26+00:00","og_image":[{"width":1123,"height":422,"url":"https:\/\/redeicm.org.br\/gloria\/wp-content\/uploads\/sites\/11\/2024\/10\/imagem_2024-10-08_143655450.webp","type":"image\/webp"}],"twitter_card":"summary_large_image","twitter_misc":{"Est. tempo de leitura":"1 minuto"},"schema":{"@context":"https:\/\/schema.org","@graph":[{"@type":"WebPage","@id":"https:\/\/redeicm.org.br\/gloria\/ensino-fundamental-anos-finais\/","url":"https:\/\/redeicm.org.br\/gloria\/ensino-fundamental-anos-finais\/","name":"Ensino Fundamental \u2013 Anos Finais - Col\u00e9gio Nossa Senhora da Gl\u00f3ria | Rede ICM de Educa\u00e7\u00e3o","isPartOf":{"@id":"https:\/\/redeicm.org.br\/gloria\/#website"},"primaryImageOfPage":{"@id":"https:\/\/redeicm.org.br\/gloria\/ensino-fundamental-anos-finais\/#primaryimage"},"image":{"@id":"https:\/\/redeicm.org.br\/gloria\/ensino-fundamental-anos-finais\/#primaryimage"},"thumbnailUrl":"https:\/\/redeicm.org.br\/gloria\/wp-content\/uploads\/sites\/11\/2024\/10\/imagem_2024-10-08_143655450.webp","datePublished":"2024-08-16T12:29:20+00:00","dateModified":"2025-10-13T18:29:26+00:00","breadcrumb":{"@id":"https:\/\/redeicm.org.br\/gloria\/ensino-fundamental-anos-finais\/#breadcrumb"},"inLanguage":"pt-BR","potentialAction":[{"@type":"ReadAction","target":["https:\/\/redeicm.org.br\/gloria\/ensino-fundamental-anos-finais\/"]}]},{"@type":"ImageObject","inLanguage":"pt-BR","@id":"https:\/\/redeicm.org.br\/gloria\/ensino-fundamental-anos-finais\/#primaryimage","url":"https:\/\/redeicm.org.br\/gloria\/wp-content\/uploads\/sites\/11\/2024\/10\/imagem_2024-10-08_143655450.webp","contentUrl":"https:\/\/redeicm.org.br\/gloria\/wp-content\/uploads\/sites\/11\/2024\/10\/imagem_2024-10-08_143655450.webp","width":1123,"height":422},{"@type":"BreadcrumbList","@id":"https:\/\/redeicm.org.br\/gloria\/ensino-fundamental-anos-finais\/#breadcrumb","itemListElement":[{"@type":"ListItem","position":1,"name":"In\u00edcio","item":"https:\/\/redeicm.org.br\/gloria\/"},{"@type":"ListItem","position":2,"name":"Ensino Fundamental \u2013 Anos Finais"}]},{"@type":"WebSite","@id":"https:\/\/redeicm.org.br\/gloria\/#website","url":"https:\/\/redeicm.org.br\/gloria\/","name":"Col\u00e9gio Nossa Senhora da Gl\u00f3ria | Rede ICM de Educa\u00e7\u00e3o","description":"","publisher":{"@id":"https:\/\/redeicm.org.br\/gloria\/#organization"},"potentialAction":[{"@type":"SearchAction","target":{"@type":"EntryPoint","urlTemplate":"https:\/\/redeicm.org.br\/gloria\/?s={search_term_string}"},"query-input":{"@type":"PropertyValueSpecification","valueRequired":true,"valueName":"search_term_string"}}],"inLanguage":"pt-BR"},{"@type":"Organization","@id":"https:\/\/redeicm.org.br\/gloria\/#organization","name":"Col\u00e9gio Nossa Senhora da Gl\u00f3ria | Rede ICM de Educa\u00e7\u00e3o","url":"https:\/\/redeicm.org.br\/gloria\/","logo":{"@type":"ImageObject","inLanguage":"pt-BR","@id":"https:\/\/redeicm.org.br\/gloria\/#\/schema\/logo\/image\/","url":"https:\/\/redeicm.org.br\/gloria\/wp-content\/uploads\/sites\/11\/2024\/08\/icm_educacao_gloria_preferencial_cores-1024x512-1.webp","contentUrl":"https:\/\/redeicm.org.br\/gloria\/wp-content\/uploads\/sites\/11\/2024\/08\/icm_educacao_gloria_preferencial_cores-1024x512-1.webp","width":1024,"height":512,"caption":"Col\u00e9gio Nossa Senhora da Gl\u00f3ria | Rede ICM de Educa\u00e7\u00e3o"},"image":{"@id":"https:\/\/redeicm.org.br\/gloria\/#\/schema\/logo\/image\/"}}]}},"_links":{"self":[{"href":"https:\/\/redeicm.org.br\/gloria\/wp-json\/wp\/v2\/pages\/110","targetHints":{"allow":["GET"]}}],"collection":[{"href":"https:\/\/redeicm.org.br\/gloria\/wp-json\/wp\/v2\/pages"}],"about":[{"href":"https:\/\/redeicm.org.br\/gloria\/wp-json\/wp\/v2\/types\/page"}],"author":[{"embeddable":true,"href":"https:\/\/redeicm.org.br\/gloria\/wp-json\/wp\/v2\/users\/1"}],"replies":[{"embeddable":true,"href":"https:\/\/redeicm.org.br\/gloria\/wp-json\/wp\/v2\/comments?post=110"}],"version-history":[{"count":4,"href":"https:\/\/redeicm.org.br\/gloria\/wp-json\/wp\/v2\/pages\/110\/revisions"}],"predecessor-version":[{"id":1513,"href":"https:\/\/redeicm.org.br\/gloria\/wp-json\/wp\/v2\/pages\/110\/revisions\/1513"}],"wp:featuredmedia":[{"embeddable":true,"href":"https:\/\/redeicm.org.br\/gloria\/wp-json\/wp\/v2\/media\/777"}],"wp:attachment":[{"href":"https:\/\/redeicm.org.br\/gloria\/wp-json\/wp\/v2\/media?parent=110"}],"curies":[{"name":"wp","href":"https:\/\/api.w.org\/{rel}","templated":true}]}}