{"id":1033,"date":"2024-10-08T21:18:59","date_gmt":"2024-10-09T00:18:59","guid":{"rendered":"https:\/\/redeicm.org.br\/gloria\/?page_id=1033"},"modified":"2026-03-09T10:49:09","modified_gmt":"2026-03-09T13:49:09","slug":"biblioteca","status":"publish","type":"page","link":"https:\/\/redeicm.org.br\/gloria\/biblioteca\/","title":{"rendered":"Biblioteca"},"content":{"rendered":"\t\t<div data-elementor-type=\"wp-page\" data-elementor-id=\"1033\" class=\"elementor elementor-1033\" data-elementor-post-type=\"page\">\n\t\t\t\t<div class=\"elementor-element elementor-element-13b370a3 e-flex e-con-boxed e-con e-parent\" data-id=\"13b370a3\" data-element_type=\"container\" data-e-type=\"container\" data-settings=\"{&quot;background_background&quot;:&quot;classic&quot;}\">\n\t\t\t\t\t<div class=\"e-con-inner\">\n\t\t\t\t\t<\/div>\n\t\t\t\t<\/div>\n\t\t<div class=\"elementor-element elementor-element-66320bb6 e-flex e-con-boxed e-con e-parent\" data-id=\"66320bb6\" data-element_type=\"container\" data-e-type=\"container\">\n\t\t\t\t\t<div class=\"e-con-inner\">\n\t\t\t\t<div class=\"elementor-element elementor-element-2ca62c84 elementor-widget elementor-widget-heading\" data-id=\"2ca62c84\" data-element_type=\"widget\" data-e-type=\"widget\" data-widget_type=\"heading.default\">\n\t\t\t\t<div class=\"elementor-widget-container\">\n\t\t\t\t\t<h1 class=\"elementor-heading-title elementor-size-default\">Biblioteca<\/h1>\t\t\t\t<\/div>\n\t\t\t\t<\/div>\n\t\t\t\t\t<\/div>\n\t\t\t\t<\/div>\n\t\t<div class=\"elementor-element elementor-element-494a42c7 e-con-full e-flex e-con e-parent\" data-id=\"494a42c7\" data-element_type=\"container\" data-e-type=\"container\">\n\t\t<div class=\"elementor-element elementor-element-81ab19f e-flex e-con-boxed e-con e-child\" data-id=\"81ab19f\" data-element_type=\"container\" data-e-type=\"container\">\n\t\t\t\t\t<div class=\"e-con-inner\">\n\t\t\t\t<div class=\"elementor-element elementor-element-b740dd5 elementor-invisible elementor-widget elementor-widget-text-editor\" data-id=\"b740dd5\" data-element_type=\"widget\" data-e-type=\"widget\" data-settings=\"{&quot;_animation&quot;:&quot;fadeInUp&quot;}\" data-widget_type=\"text-editor.default\">\n\t\t\t\t<div class=\"elementor-widget-container\">\n\t\t\t\t\t\t\t\t\t<p>A Biblioteca do Col\u00e9gio Nossa Senhora da Gl\u00f3ria est\u00e1 localizada no primeiro andar do pr\u00e9dio A.<br \/>\u00c9 um ambiente de estudo, leitura e pesquisa, que apoia a educa\u00e7\u00e3o visando desenvolver o conhecimento da comunidade escolar.<\/p>\t\t\t\t\t\t\t\t<\/div>\n\t\t\t\t<\/div>\n\t\t\t\t<div class=\"elementor-element elementor-element-fb1dd60 elementor-widget elementor-widget-heading\" data-id=\"fb1dd60\" data-element_type=\"widget\" data-e-type=\"widget\" data-widget_type=\"heading.default\">\n\t\t\t\t<div class=\"elementor-widget-container\">\n\t\t\t\t\t<h2 class=\"elementor-heading-title elementor-size-default\">INFORMA\u00c7\u00d5ES B\u00c1SICAS<\/h2>\t\t\t\t<\/div>\n\t\t\t\t<\/div>\n\t\t\t\t<div class=\"elementor-element elementor-element-6605b8c elementor-invisible elementor-widget elementor-widget-text-editor\" data-id=\"6605b8c\" data-element_type=\"widget\" data-e-type=\"widget\" data-settings=\"{&quot;_animation&quot;:&quot;fadeInUp&quot;}\" data-widget_type=\"text-editor.default\">\n\t\t\t\t<div class=\"elementor-widget-container\">\n\t\t\t\t\t\t\t\t\t<p>Para acessar o Regulamento completo, clique\u00a0<a href=\"https:\/\/redeicm.org.br\/gloria\/wp-content\/uploads\/sites\/11\/2026\/03\/REGULAMENTO-BIBLIOTECA-2024-1.pdf\" target=\"_blank\" rel=\"noopener\"><strong>AQUI.<\/strong><\/a><\/p><p>Consulte nosso <a href=\"https:\/\/biblioteca.redeicm.org.br\/?q=&amp;for=LIVRE&amp;id_biblioteca=3\" target=\"_blank\" rel=\"noopener\"><strong>CAT\u00c1LOGO ON-LINE.<\/strong><\/a><\/p><p>Acesse o\u00a0<a href=\"https:\/\/www.redeicm.org.br\/gloria\/wp-content\/uploads\/sites\/28\/2021\/10\/TUTORIAL-CONSULTA-AO-ACERVO-1.pdf\" target=\"_blank\" rel=\"noopener\"><strong>TUTORIAL<\/strong><\/a>\u00a0de uso do Cat\u00e1logo.<\/p><p><strong>Contato<\/strong>: <a href=\"mailto:biblioteca@colegiogloria.com.br\" target=\"_blank\" rel=\"noopener\">biblioteca@colegiogloria.com.br<\/a><\/p><p><b>Hor\u00e1rio de funcionamento<\/b><\/p><p>Segunda a sexta-feira<br \/>Manh\u00e3: 7h25min \u00e0s 12h<br \/>Tarde: 13h \u00e0s 17h<\/p><div>\u00a0<\/div>\t\t\t\t\t\t\t\t<\/div>\n\t\t\t\t<\/div>\n\t\t\t\t\t<\/div>\n\t\t\t\t<\/div>\n\t\t\t\t<\/div>\n\t\t\t\t<\/div>\n\t\t","protected":false},"excerpt":{"rendered":"<p>A Biblioteca do Col\u00e9gio Nossa Senhora da Gl\u00f3ria est\u00e1 localizada no primeiro andar do pr\u00e9dio A.\u00c9 um ambiente de estudo, leitura e pesquisa, que apoia a educa\u00e7\u00e3o visando desenvolver o conhecimento da comunidade escolar. INFORMA\u00c7\u00d5ES B\u00c1SICAS Para acessar o Regulamento completo, clique\u00a0AQUI. Consulte nosso CAT\u00c1LOGO ON-LINE. Acesse o\u00a0TUTORIAL\u00a0de uso do Cat\u00e1logo. Contato: biblioteca@colegiogloria.com.br Hor\u00e1rio de [&hellip;]<\/p>\n","protected":false},"author":1,"featured_media":1034,"parent":0,"menu_order":0,"comment_status":"closed","ping_status":"closed","template":"","meta":{"_acf_changed":false,"footnotes":""},"class_list":["post-1033","page","type-page","status-publish","has-post-thumbnail","hentry"],"acf":[],"yoast_head":"<!-- This site is optimized with the Yoast SEO plugin v26.3 - https:\/\/yoast.com\/wordpress\/plugins\/seo\/ -->\n<title>Biblioteca - Col\u00e9gio Nossa Senhora da Gl\u00f3ria | Rede ICM de Educa\u00e7\u00e3o<\/title>\n<meta name=\"robots\" content=\"index, follow, max-snippet:-1, max-image-preview:large, max-video-preview:-1\" \/>\n<link rel=\"canonical\" href=\"https:\/\/redeicm.org.br\/gloria\/biblioteca\/\" \/>\n<meta property=\"og:locale\" content=\"pt_BR\" \/>\n<meta property=\"og:type\" content=\"article\" \/>\n<meta property=\"og:title\" content=\"Biblioteca - Col\u00e9gio Nossa Senhora da Gl\u00f3ria | Rede ICM de Educa\u00e7\u00e3o\" \/>\n<meta property=\"og:description\" content=\"A Biblioteca do Col\u00e9gio Nossa Senhora da Gl\u00f3ria est\u00e1 localizada no primeiro andar do pr\u00e9dio A.\u00c9 um ambiente de estudo, leitura e pesquisa, que apoia a educa\u00e7\u00e3o visando desenvolver o conhecimento da comunidade escolar. INFORMA\u00c7\u00d5ES B\u00c1SICAS Para acessar o Regulamento completo, clique\u00a0AQUI. Consulte nosso CAT\u00c1LOGO ON-LINE. Acesse o\u00a0TUTORIAL\u00a0de uso do Cat\u00e1logo. Contato: biblioteca@colegiogloria.com.br Hor\u00e1rio de [&hellip;]\" \/>\n<meta property=\"og:url\" content=\"https:\/\/redeicm.org.br\/gloria\/biblioteca\/\" \/>\n<meta property=\"og:site_name\" content=\"Col\u00e9gio Nossa Senhora da Gl\u00f3ria | Rede ICM de Educa\u00e7\u00e3o\" \/>\n<meta property=\"article:modified_time\" content=\"2026-03-09T13:49:09+00:00\" \/>\n<meta property=\"og:image\" content=\"https:\/\/redeicm.org.br\/gloria\/wp-content\/uploads\/sites\/11\/2024\/10\/Image00003-768x512-1.jpg\" \/>\n\t<meta property=\"og:image:width\" content=\"768\" \/>\n\t<meta property=\"og:image:height\" content=\"512\" \/>\n\t<meta property=\"og:image:type\" content=\"image\/jpeg\" \/>\n<meta name=\"twitter:card\" content=\"summary_large_image\" \/>\n<meta name=\"twitter:label1\" content=\"Est. tempo de leitura\" \/>\n\t<meta name=\"twitter:data1\" content=\"1 minuto\" \/>\n<script type=\"application\/ld+json\" class=\"yoast-schema-graph\">{\"@context\":\"https:\/\/schema.org\",\"@graph\":[{\"@type\":\"WebPage\",\"@id\":\"https:\/\/redeicm.org.br\/gloria\/biblioteca\/\",\"url\":\"https:\/\/redeicm.org.br\/gloria\/biblioteca\/\",\"name\":\"Biblioteca - Col\u00e9gio Nossa Senhora da Gl\u00f3ria | Rede ICM de Educa\u00e7\u00e3o\",\"isPartOf\":{\"@id\":\"https:\/\/redeicm.org.br\/gloria\/#website\"},\"primaryImageOfPage\":{\"@id\":\"https:\/\/redeicm.org.br\/gloria\/biblioteca\/#primaryimage\"},\"image\":{\"@id\":\"https:\/\/redeicm.org.br\/gloria\/biblioteca\/#primaryimage\"},\"thumbnailUrl\":\"https:\/\/redeicm.org.br\/gloria\/wp-content\/uploads\/sites\/11\/2024\/10\/Image00003-768x512-1.jpg\",\"datePublished\":\"2024-10-09T00:18:59+00:00\",\"dateModified\":\"2026-03-09T13:49:09+00:00\",\"breadcrumb\":{\"@id\":\"https:\/\/redeicm.org.br\/gloria\/biblioteca\/#breadcrumb\"},\"inLanguage\":\"pt-BR\",\"potentialAction\":[{\"@type\":\"ReadAction\",\"target\":[\"https:\/\/redeicm.org.br\/gloria\/biblioteca\/\"]}]},{\"@type\":\"ImageObject\",\"inLanguage\":\"pt-BR\",\"@id\":\"https:\/\/redeicm.org.br\/gloria\/biblioteca\/#primaryimage\",\"url\":\"https:\/\/redeicm.org.br\/gloria\/wp-content\/uploads\/sites\/11\/2024\/10\/Image00003-768x512-1.jpg\",\"contentUrl\":\"https:\/\/redeicm.org.br\/gloria\/wp-content\/uploads\/sites\/11\/2024\/10\/Image00003-768x512-1.jpg\",\"width\":768,\"height\":512},{\"@type\":\"BreadcrumbList\",\"@id\":\"https:\/\/redeicm.org.br\/gloria\/biblioteca\/#breadcrumb\",\"itemListElement\":[{\"@type\":\"ListItem\",\"position\":1,\"name\":\"In\u00edcio\",\"item\":\"https:\/\/redeicm.org.br\/gloria\/\"},{\"@type\":\"ListItem\",\"position\":2,\"name\":\"Biblioteca\"}]},{\"@type\":\"WebSite\",\"@id\":\"https:\/\/redeicm.org.br\/gloria\/#website\",\"url\":\"https:\/\/redeicm.org.br\/gloria\/\",\"name\":\"Col\u00e9gio Nossa Senhora da Gl\u00f3ria | Rede ICM de Educa\u00e7\u00e3o\",\"description\":\"\",\"publisher\":{\"@id\":\"https:\/\/redeicm.org.br\/gloria\/#organization\"},\"potentialAction\":[{\"@type\":\"SearchAction\",\"target\":{\"@type\":\"EntryPoint\",\"urlTemplate\":\"https:\/\/redeicm.org.br\/gloria\/?s={search_term_string}\"},\"query-input\":{\"@type\":\"PropertyValueSpecification\",\"valueRequired\":true,\"valueName\":\"search_term_string\"}}],\"inLanguage\":\"pt-BR\"},{\"@type\":\"Organization\",\"@id\":\"https:\/\/redeicm.org.br\/gloria\/#organization\",\"name\":\"Col\u00e9gio Nossa Senhora da Gl\u00f3ria | Rede ICM de Educa\u00e7\u00e3o\",\"url\":\"https:\/\/redeicm.org.br\/gloria\/\",\"logo\":{\"@type\":\"ImageObject\",\"inLanguage\":\"pt-BR\",\"@id\":\"https:\/\/redeicm.org.br\/gloria\/#\/schema\/logo\/image\/\",\"url\":\"https:\/\/redeicm.org.br\/gloria\/wp-content\/uploads\/sites\/11\/2024\/08\/icm_educacao_gloria_preferencial_cores-1024x512-1.webp\",\"contentUrl\":\"https:\/\/redeicm.org.br\/gloria\/wp-content\/uploads\/sites\/11\/2024\/08\/icm_educacao_gloria_preferencial_cores-1024x512-1.webp\",\"width\":1024,\"height\":512,\"caption\":\"Col\u00e9gio Nossa Senhora da Gl\u00f3ria | Rede ICM de Educa\u00e7\u00e3o\"},\"image\":{\"@id\":\"https:\/\/redeicm.org.br\/gloria\/#\/schema\/logo\/image\/\"}}]}<\/script>\n<!-- \/ Yoast SEO plugin. -->","yoast_head_json":{"title":"Biblioteca - Col\u00e9gio Nossa Senhora da Gl\u00f3ria | Rede ICM de Educa\u00e7\u00e3o","robots":{"index":"index","follow":"follow","max-snippet":"max-snippet:-1","max-image-preview":"max-image-preview:large","max-video-preview":"max-video-preview:-1"},"canonical":"https:\/\/redeicm.org.br\/gloria\/biblioteca\/","og_locale":"pt_BR","og_type":"article","og_title":"Biblioteca - Col\u00e9gio Nossa Senhora da Gl\u00f3ria | Rede ICM de Educa\u00e7\u00e3o","og_description":"A Biblioteca do Col\u00e9gio Nossa Senhora da Gl\u00f3ria est\u00e1 localizada no primeiro andar do pr\u00e9dio A.\u00c9 um ambiente de estudo, leitura e pesquisa, que apoia a educa\u00e7\u00e3o visando desenvolver o conhecimento da comunidade escolar. INFORMA\u00c7\u00d5ES B\u00c1SICAS Para acessar o Regulamento completo, clique\u00a0AQUI. Consulte nosso CAT\u00c1LOGO ON-LINE. Acesse o\u00a0TUTORIAL\u00a0de uso do Cat\u00e1logo. Contato: biblioteca@colegiogloria.com.br Hor\u00e1rio de [&hellip;]","og_url":"https:\/\/redeicm.org.br\/gloria\/biblioteca\/","og_site_name":"Col\u00e9gio Nossa Senhora da Gl\u00f3ria | Rede ICM de Educa\u00e7\u00e3o","article_modified_time":"2026-03-09T13:49:09+00:00","og_image":[{"width":768,"height":512,"url":"https:\/\/redeicm.org.br\/gloria\/wp-content\/uploads\/sites\/11\/2024\/10\/Image00003-768x512-1.jpg","type":"image\/jpeg"}],"twitter_card":"summary_large_image","twitter_misc":{"Est. tempo de leitura":"1 minuto"},"schema":{"@context":"https:\/\/schema.org","@graph":[{"@type":"WebPage","@id":"https:\/\/redeicm.org.br\/gloria\/biblioteca\/","url":"https:\/\/redeicm.org.br\/gloria\/biblioteca\/","name":"Biblioteca - Col\u00e9gio Nossa Senhora da Gl\u00f3ria | Rede ICM de Educa\u00e7\u00e3o","isPartOf":{"@id":"https:\/\/redeicm.org.br\/gloria\/#website"},"primaryImageOfPage":{"@id":"https:\/\/redeicm.org.br\/gloria\/biblioteca\/#primaryimage"},"image":{"@id":"https:\/\/redeicm.org.br\/gloria\/biblioteca\/#primaryimage"},"thumbnailUrl":"https:\/\/redeicm.org.br\/gloria\/wp-content\/uploads\/sites\/11\/2024\/10\/Image00003-768x512-1.jpg","datePublished":"2024-10-09T00:18:59+00:00","dateModified":"2026-03-09T13:49:09+00:00","breadcrumb":{"@id":"https:\/\/redeicm.org.br\/gloria\/biblioteca\/#breadcrumb"},"inLanguage":"pt-BR","potentialAction":[{"@type":"ReadAction","target":["https:\/\/redeicm.org.br\/gloria\/biblioteca\/"]}]},{"@type":"ImageObject","inLanguage":"pt-BR","@id":"https:\/\/redeicm.org.br\/gloria\/biblioteca\/#primaryimage","url":"https:\/\/redeicm.org.br\/gloria\/wp-content\/uploads\/sites\/11\/2024\/10\/Image00003-768x512-1.jpg","contentUrl":"https:\/\/redeicm.org.br\/gloria\/wp-content\/uploads\/sites\/11\/2024\/10\/Image00003-768x512-1.jpg","width":768,"height":512},{"@type":"BreadcrumbList","@id":"https:\/\/redeicm.org.br\/gloria\/biblioteca\/#breadcrumb","itemListElement":[{"@type":"ListItem","position":1,"name":"In\u00edcio","item":"https:\/\/redeicm.org.br\/gloria\/"},{"@type":"ListItem","position":2,"name":"Biblioteca"}]},{"@type":"WebSite","@id":"https:\/\/redeicm.org.br\/gloria\/#website","url":"https:\/\/redeicm.org.br\/gloria\/","name":"Col\u00e9gio Nossa Senhora da Gl\u00f3ria | Rede ICM de Educa\u00e7\u00e3o","description":"","publisher":{"@id":"https:\/\/redeicm.org.br\/gloria\/#organization"},"potentialAction":[{"@type":"SearchAction","target":{"@type":"EntryPoint","urlTemplate":"https:\/\/redeicm.org.br\/gloria\/?s={search_term_string}"},"query-input":{"@type":"PropertyValueSpecification","valueRequired":true,"valueName":"search_term_string"}}],"inLanguage":"pt-BR"},{"@type":"Organization","@id":"https:\/\/redeicm.org.br\/gloria\/#organization","name":"Col\u00e9gio Nossa Senhora da Gl\u00f3ria | Rede ICM de Educa\u00e7\u00e3o","url":"https:\/\/redeicm.org.br\/gloria\/","logo":{"@type":"ImageObject","inLanguage":"pt-BR","@id":"https:\/\/redeicm.org.br\/gloria\/#\/schema\/logo\/image\/","url":"https:\/\/redeicm.org.br\/gloria\/wp-content\/uploads\/sites\/11\/2024\/08\/icm_educacao_gloria_preferencial_cores-1024x512-1.webp","contentUrl":"https:\/\/redeicm.org.br\/gloria\/wp-content\/uploads\/sites\/11\/2024\/08\/icm_educacao_gloria_preferencial_cores-1024x512-1.webp","width":1024,"height":512,"caption":"Col\u00e9gio Nossa Senhora da Gl\u00f3ria | Rede ICM de Educa\u00e7\u00e3o"},"image":{"@id":"https:\/\/redeicm.org.br\/gloria\/#\/schema\/logo\/image\/"}}]}},"_links":{"self":[{"href":"https:\/\/redeicm.org.br\/gloria\/wp-json\/wp\/v2\/pages\/1033","targetHints":{"allow":["GET"]}}],"collection":[{"href":"https:\/\/redeicm.org.br\/gloria\/wp-json\/wp\/v2\/pages"}],"about":[{"href":"https:\/\/redeicm.org.br\/gloria\/wp-json\/wp\/v2\/types\/page"}],"author":[{"embeddable":true,"href":"https:\/\/redeicm.org.br\/gloria\/wp-json\/wp\/v2\/users\/1"}],"replies":[{"embeddable":true,"href":"https:\/\/redeicm.org.br\/gloria\/wp-json\/wp\/v2\/comments?post=1033"}],"version-history":[{"count":12,"href":"https:\/\/redeicm.org.br\/gloria\/wp-json\/wp\/v2\/pages\/1033\/revisions"}],"predecessor-version":[{"id":1989,"href":"https:\/\/redeicm.org.br\/gloria\/wp-json\/wp\/v2\/pages\/1033\/revisions\/1989"}],"wp:featuredmedia":[{"embeddable":true,"href":"https:\/\/redeicm.org.br\/gloria\/wp-json\/wp\/v2\/media\/1034"}],"wp:attachment":[{"href":"https:\/\/redeicm.org.br\/gloria\/wp-json\/wp\/v2\/media?parent=1033"}],"curies":[{"name":"wp","href":"https:\/\/api.w.org\/{rel}","templated":true}]}}