{"id":1022,"date":"2024-10-08T21:15:39","date_gmt":"2024-10-09T00:15:39","guid":{"rendered":"https:\/\/redeicm.org.br\/gloria\/?page_id=1022"},"modified":"2024-10-08T21:16:08","modified_gmt":"2024-10-09T00:16:08","slug":"nig-nucleo-de-iniciacao-cientifica","status":"publish","type":"page","link":"https:\/\/redeicm.org.br\/gloria\/nig-nucleo-de-iniciacao-cientifica\/","title":{"rendered":"NIG \u2013 N\u00facleo de Inicia\u00e7\u00e3o Cient\u00edfica"},"content":{"rendered":"\t\t<div data-elementor-type=\"wp-page\" data-elementor-id=\"1022\" class=\"elementor elementor-1022\" data-elementor-post-type=\"page\">\n\t\t\t\t<div class=\"elementor-element elementor-element-12fb1a9e e-flex e-con-boxed e-con e-parent\" data-id=\"12fb1a9e\" data-element_type=\"container\" data-e-type=\"container\" data-settings=\"{&quot;background_background&quot;:&quot;classic&quot;}\">\n\t\t\t\t\t<div class=\"e-con-inner\">\n\t\t\t\t<div class=\"elementor-element elementor-element-2eda4c7f elementor-widget elementor-widget-heading\" data-id=\"2eda4c7f\" data-element_type=\"widget\" data-e-type=\"widget\" data-widget_type=\"heading.default\">\n\t\t\t\t<div class=\"elementor-widget-container\">\n\t\t\t\t\t<h1 class=\"elementor-heading-title elementor-size-default\">NIG \u2013 N\u00facleo de Inicia\u00e7\u00e3o Cient\u00edfica<\/h1>\t\t\t\t<\/div>\n\t\t\t\t<\/div>\n\t\t\t\t\t<\/div>\n\t\t\t\t<\/div>\n\t\t<div class=\"elementor-element elementor-element-ad7fb53 e-flex e-con-boxed e-con e-parent\" data-id=\"ad7fb53\" data-element_type=\"container\" data-e-type=\"container\">\n\t\t\t\t\t<div class=\"e-con-inner\">\n\t\t\t\t<div class=\"elementor-element elementor-element-9b04648 elementor-widget elementor-widget-text-editor\" data-id=\"9b04648\" data-element_type=\"widget\" data-e-type=\"widget\" data-widget_type=\"text-editor.default\">\n\t\t\t\t<div class=\"elementor-widget-container\">\n\t\t\t\t\t\t\t\t\t<p><strong>Objetivo:<\/strong>\u00a0colocar o aluno desde cedo em contato com atividades experimentais, despertando interesse pela inicia\u00e7\u00e3o cient\u00edfica.<\/p>\n<p><strong>Coordenadora:<\/strong>\u00a0 Daniele Veech<\/p>\n<p><strong>Atribui\u00e7\u00f5es do coordenador do NIG:<\/strong>\u00a0sistematizar o projeto de inicia\u00e7\u00e3o cient\u00edfica em todos os segmentos da escola atrav\u00e9s de:<\/p>\n<ol>\n<li>aulas de laborat\u00f3rio para alunos de todos os anos\/ s\u00e9ries;<\/li>\n<li>\u00a0cria\u00e7\u00e3o de programa pedag\u00f3gico e material did\u00e1tico (avulso e apostilas) para as aulas de laborat\u00f3rio, tomando como refer\u00eancia o plano de estudos da escola.<\/li>\n<li>desenvolvimento de oficinas \u201cIntrodu\u00e7\u00e3o \u00e0 Metodologia Cient\u00edfica\u201d para o nono ano.<\/li>\n<li>organiza\u00e7\u00e3o do cronograma do projeto de inicia\u00e7\u00e3o cient\u00edfica do EM;<\/li>\n<li>acompanhamento e sistematiza\u00e7\u00e3o da realiza\u00e7\u00e3o dos projetos de inicia\u00e7\u00e3o cient\u00edfica dos alunos do EM.<\/li>\n<li>inscri\u00e7\u00e3o dos alunos do EM no Sal\u00e3o UFRGS Jovem e Feira de Inova\u00e7\u00e3o da PUC.<\/li>\n<li>acompanhamento dos alunos do EM no Sal\u00e3o UFRGS Jovem e Feira de Inova\u00e7\u00e3o da PUC.<\/li>\n<li>organiza\u00e7\u00e3o do Sal\u00e3o de Inicia\u00e7\u00e3o Cient\u00edfica da Escola, a ser realizado No m\u00eas de agosto de cada ano letivo, contando com a participa\u00e7\u00e3o de todos os segmentos de alunos da escola.<\/li>\n<\/ol>\t\t\t\t\t\t\t\t<\/div>\n\t\t\t\t<\/div>\n\t\t\t\t\t<\/div>\n\t\t\t\t<\/div>\n\t\t\t\t<\/div>\n\t\t","protected":false},"excerpt":{"rendered":"<p>Objetivo:\u00a0colocar o aluno desde cedo em contato com atividades experimentais, despertando interesse pela inicia\u00e7\u00e3o cient\u00edfica. Coordenadora:\u00a0 Daniele Veech Atribui\u00e7\u00f5es do coordenador do NIG:\u00a0sistematizar o projeto de inicia\u00e7\u00e3o cient\u00edfica em todos os segmentos da escola atrav\u00e9s de: aulas de laborat\u00f3rio para alunos de todos os anos\/ s\u00e9ries; \u00a0cria\u00e7\u00e3o de programa pedag\u00f3gico e material did\u00e1tico (avulso e [&hellip;]<\/p>\n","protected":false},"author":1,"featured_media":172,"parent":0,"menu_order":0,"comment_status":"closed","ping_status":"closed","template":"","meta":{"_acf_changed":false,"footnotes":""},"class_list":["post-1022","page","type-page","status-publish","has-post-thumbnail","hentry"],"acf":[],"yoast_head":"<!-- This site is optimized with the Yoast SEO plugin v26.3 - https:\/\/yoast.com\/wordpress\/plugins\/seo\/ -->\n<title>NIG \u2013 N\u00facleo de Inicia\u00e7\u00e3o Cient\u00edfica - Col\u00e9gio Nossa Senhora da Gl\u00f3ria | Rede ICM de Educa\u00e7\u00e3o<\/title>\n<meta name=\"robots\" content=\"index, follow, max-snippet:-1, max-image-preview:large, max-video-preview:-1\" \/>\n<link rel=\"canonical\" href=\"https:\/\/redeicm.org.br\/gloria\/nig-nucleo-de-iniciacao-cientifica\/\" \/>\n<meta property=\"og:locale\" content=\"pt_BR\" \/>\n<meta property=\"og:type\" content=\"article\" \/>\n<meta property=\"og:title\" content=\"NIG \u2013 N\u00facleo de Inicia\u00e7\u00e3o Cient\u00edfica - Col\u00e9gio Nossa Senhora da Gl\u00f3ria | Rede ICM de Educa\u00e7\u00e3o\" \/>\n<meta property=\"og:description\" content=\"Objetivo:\u00a0colocar o aluno desde cedo em contato com atividades experimentais, despertando interesse pela inicia\u00e7\u00e3o cient\u00edfica. Coordenadora:\u00a0 Daniele Veech Atribui\u00e7\u00f5es do coordenador do NIG:\u00a0sistematizar o projeto de inicia\u00e7\u00e3o cient\u00edfica em todos os segmentos da escola atrav\u00e9s de: aulas de laborat\u00f3rio para alunos de todos os anos\/ s\u00e9ries; \u00a0cria\u00e7\u00e3o de programa pedag\u00f3gico e material did\u00e1tico (avulso e [&hellip;]\" \/>\n<meta property=\"og:url\" content=\"https:\/\/redeicm.org.br\/gloria\/nig-nucleo-de-iniciacao-cientifica\/\" \/>\n<meta property=\"og:site_name\" content=\"Col\u00e9gio Nossa Senhora da Gl\u00f3ria | Rede ICM de Educa\u00e7\u00e3o\" \/>\n<meta property=\"article:modified_time\" content=\"2024-10-09T00:16:08+00:00\" \/>\n<meta property=\"og:image\" content=\"https:\/\/redeicm.org.br\/gloria\/wp-content\/uploads\/sites\/11\/2024\/08\/banner-projetos-educativos-1.jpg\" \/>\n\t<meta property=\"og:image:width\" content=\"1440\" \/>\n\t<meta property=\"og:image:height\" content=\"400\" \/>\n\t<meta property=\"og:image:type\" content=\"image\/jpeg\" \/>\n<meta name=\"twitter:card\" content=\"summary_large_image\" \/>\n<meta name=\"twitter:label1\" content=\"Est. tempo de leitura\" \/>\n\t<meta name=\"twitter:data1\" content=\"1 minuto\" \/>\n<script type=\"application\/ld+json\" class=\"yoast-schema-graph\">{\"@context\":\"https:\/\/schema.org\",\"@graph\":[{\"@type\":\"WebPage\",\"@id\":\"https:\/\/redeicm.org.br\/gloria\/nig-nucleo-de-iniciacao-cientifica\/\",\"url\":\"https:\/\/redeicm.org.br\/gloria\/nig-nucleo-de-iniciacao-cientifica\/\",\"name\":\"NIG \u2013 N\u00facleo de Inicia\u00e7\u00e3o Cient\u00edfica - Col\u00e9gio Nossa Senhora da Gl\u00f3ria | Rede ICM de Educa\u00e7\u00e3o\",\"isPartOf\":{\"@id\":\"https:\/\/redeicm.org.br\/gloria\/#website\"},\"primaryImageOfPage\":{\"@id\":\"https:\/\/redeicm.org.br\/gloria\/nig-nucleo-de-iniciacao-cientifica\/#primaryimage\"},\"image\":{\"@id\":\"https:\/\/redeicm.org.br\/gloria\/nig-nucleo-de-iniciacao-cientifica\/#primaryimage\"},\"thumbnailUrl\":\"https:\/\/redeicm.org.br\/gloria\/wp-content\/uploads\/sites\/11\/2024\/08\/banner-projetos-educativos-1.jpg\",\"datePublished\":\"2024-10-09T00:15:39+00:00\",\"dateModified\":\"2024-10-09T00:16:08+00:00\",\"breadcrumb\":{\"@id\":\"https:\/\/redeicm.org.br\/gloria\/nig-nucleo-de-iniciacao-cientifica\/#breadcrumb\"},\"inLanguage\":\"pt-BR\",\"potentialAction\":[{\"@type\":\"ReadAction\",\"target\":[\"https:\/\/redeicm.org.br\/gloria\/nig-nucleo-de-iniciacao-cientifica\/\"]}]},{\"@type\":\"ImageObject\",\"inLanguage\":\"pt-BR\",\"@id\":\"https:\/\/redeicm.org.br\/gloria\/nig-nucleo-de-iniciacao-cientifica\/#primaryimage\",\"url\":\"https:\/\/redeicm.org.br\/gloria\/wp-content\/uploads\/sites\/11\/2024\/08\/banner-projetos-educativos-1.jpg\",\"contentUrl\":\"https:\/\/redeicm.org.br\/gloria\/wp-content\/uploads\/sites\/11\/2024\/08\/banner-projetos-educativos-1.jpg\",\"width\":1440,\"height\":400},{\"@type\":\"BreadcrumbList\",\"@id\":\"https:\/\/redeicm.org.br\/gloria\/nig-nucleo-de-iniciacao-cientifica\/#breadcrumb\",\"itemListElement\":[{\"@type\":\"ListItem\",\"position\":1,\"name\":\"In\u00edcio\",\"item\":\"https:\/\/redeicm.org.br\/gloria\/\"},{\"@type\":\"ListItem\",\"position\":2,\"name\":\"NIG \u2013 N\u00facleo de Inicia\u00e7\u00e3o Cient\u00edfica\"}]},{\"@type\":\"WebSite\",\"@id\":\"https:\/\/redeicm.org.br\/gloria\/#website\",\"url\":\"https:\/\/redeicm.org.br\/gloria\/\",\"name\":\"Col\u00e9gio Nossa Senhora da Gl\u00f3ria | Rede ICM de Educa\u00e7\u00e3o\",\"description\":\"\",\"publisher\":{\"@id\":\"https:\/\/redeicm.org.br\/gloria\/#organization\"},\"potentialAction\":[{\"@type\":\"SearchAction\",\"target\":{\"@type\":\"EntryPoint\",\"urlTemplate\":\"https:\/\/redeicm.org.br\/gloria\/?s={search_term_string}\"},\"query-input\":{\"@type\":\"PropertyValueSpecification\",\"valueRequired\":true,\"valueName\":\"search_term_string\"}}],\"inLanguage\":\"pt-BR\"},{\"@type\":\"Organization\",\"@id\":\"https:\/\/redeicm.org.br\/gloria\/#organization\",\"name\":\"Col\u00e9gio Nossa Senhora da Gl\u00f3ria | Rede ICM de Educa\u00e7\u00e3o\",\"url\":\"https:\/\/redeicm.org.br\/gloria\/\",\"logo\":{\"@type\":\"ImageObject\",\"inLanguage\":\"pt-BR\",\"@id\":\"https:\/\/redeicm.org.br\/gloria\/#\/schema\/logo\/image\/\",\"url\":\"https:\/\/redeicm.org.br\/gloria\/wp-content\/uploads\/sites\/11\/2024\/08\/icm_educacao_gloria_preferencial_cores-1024x512-1.webp\",\"contentUrl\":\"https:\/\/redeicm.org.br\/gloria\/wp-content\/uploads\/sites\/11\/2024\/08\/icm_educacao_gloria_preferencial_cores-1024x512-1.webp\",\"width\":1024,\"height\":512,\"caption\":\"Col\u00e9gio Nossa Senhora da Gl\u00f3ria | Rede ICM de Educa\u00e7\u00e3o\"},\"image\":{\"@id\":\"https:\/\/redeicm.org.br\/gloria\/#\/schema\/logo\/image\/\"}}]}<\/script>\n<!-- \/ Yoast SEO plugin. -->","yoast_head_json":{"title":"NIG \u2013 N\u00facleo de Inicia\u00e7\u00e3o Cient\u00edfica - Col\u00e9gio Nossa Senhora da Gl\u00f3ria | Rede ICM de Educa\u00e7\u00e3o","robots":{"index":"index","follow":"follow","max-snippet":"max-snippet:-1","max-image-preview":"max-image-preview:large","max-video-preview":"max-video-preview:-1"},"canonical":"https:\/\/redeicm.org.br\/gloria\/nig-nucleo-de-iniciacao-cientifica\/","og_locale":"pt_BR","og_type":"article","og_title":"NIG \u2013 N\u00facleo de Inicia\u00e7\u00e3o Cient\u00edfica - Col\u00e9gio Nossa Senhora da Gl\u00f3ria | Rede ICM de Educa\u00e7\u00e3o","og_description":"Objetivo:\u00a0colocar o aluno desde cedo em contato com atividades experimentais, despertando interesse pela inicia\u00e7\u00e3o cient\u00edfica. Coordenadora:\u00a0 Daniele Veech Atribui\u00e7\u00f5es do coordenador do NIG:\u00a0sistematizar o projeto de inicia\u00e7\u00e3o cient\u00edfica em todos os segmentos da escola atrav\u00e9s de: aulas de laborat\u00f3rio para alunos de todos os anos\/ s\u00e9ries; \u00a0cria\u00e7\u00e3o de programa pedag\u00f3gico e material did\u00e1tico (avulso e [&hellip;]","og_url":"https:\/\/redeicm.org.br\/gloria\/nig-nucleo-de-iniciacao-cientifica\/","og_site_name":"Col\u00e9gio Nossa Senhora da Gl\u00f3ria | Rede ICM de Educa\u00e7\u00e3o","article_modified_time":"2024-10-09T00:16:08+00:00","og_image":[{"width":1440,"height":400,"url":"https:\/\/redeicm.org.br\/gloria\/wp-content\/uploads\/sites\/11\/2024\/08\/banner-projetos-educativos-1.jpg","type":"image\/jpeg"}],"twitter_card":"summary_large_image","twitter_misc":{"Est. tempo de leitura":"1 minuto"},"schema":{"@context":"https:\/\/schema.org","@graph":[{"@type":"WebPage","@id":"https:\/\/redeicm.org.br\/gloria\/nig-nucleo-de-iniciacao-cientifica\/","url":"https:\/\/redeicm.org.br\/gloria\/nig-nucleo-de-iniciacao-cientifica\/","name":"NIG \u2013 N\u00facleo de Inicia\u00e7\u00e3o Cient\u00edfica - Col\u00e9gio Nossa Senhora da Gl\u00f3ria | Rede ICM de Educa\u00e7\u00e3o","isPartOf":{"@id":"https:\/\/redeicm.org.br\/gloria\/#website"},"primaryImageOfPage":{"@id":"https:\/\/redeicm.org.br\/gloria\/nig-nucleo-de-iniciacao-cientifica\/#primaryimage"},"image":{"@id":"https:\/\/redeicm.org.br\/gloria\/nig-nucleo-de-iniciacao-cientifica\/#primaryimage"},"thumbnailUrl":"https:\/\/redeicm.org.br\/gloria\/wp-content\/uploads\/sites\/11\/2024\/08\/banner-projetos-educativos-1.jpg","datePublished":"2024-10-09T00:15:39+00:00","dateModified":"2024-10-09T00:16:08+00:00","breadcrumb":{"@id":"https:\/\/redeicm.org.br\/gloria\/nig-nucleo-de-iniciacao-cientifica\/#breadcrumb"},"inLanguage":"pt-BR","potentialAction":[{"@type":"ReadAction","target":["https:\/\/redeicm.org.br\/gloria\/nig-nucleo-de-iniciacao-cientifica\/"]}]},{"@type":"ImageObject","inLanguage":"pt-BR","@id":"https:\/\/redeicm.org.br\/gloria\/nig-nucleo-de-iniciacao-cientifica\/#primaryimage","url":"https:\/\/redeicm.org.br\/gloria\/wp-content\/uploads\/sites\/11\/2024\/08\/banner-projetos-educativos-1.jpg","contentUrl":"https:\/\/redeicm.org.br\/gloria\/wp-content\/uploads\/sites\/11\/2024\/08\/banner-projetos-educativos-1.jpg","width":1440,"height":400},{"@type":"BreadcrumbList","@id":"https:\/\/redeicm.org.br\/gloria\/nig-nucleo-de-iniciacao-cientifica\/#breadcrumb","itemListElement":[{"@type":"ListItem","position":1,"name":"In\u00edcio","item":"https:\/\/redeicm.org.br\/gloria\/"},{"@type":"ListItem","position":2,"name":"NIG \u2013 N\u00facleo de Inicia\u00e7\u00e3o Cient\u00edfica"}]},{"@type":"WebSite","@id":"https:\/\/redeicm.org.br\/gloria\/#website","url":"https:\/\/redeicm.org.br\/gloria\/","name":"Col\u00e9gio Nossa Senhora da Gl\u00f3ria | Rede ICM de Educa\u00e7\u00e3o","description":"","publisher":{"@id":"https:\/\/redeicm.org.br\/gloria\/#organization"},"potentialAction":[{"@type":"SearchAction","target":{"@type":"EntryPoint","urlTemplate":"https:\/\/redeicm.org.br\/gloria\/?s={search_term_string}"},"query-input":{"@type":"PropertyValueSpecification","valueRequired":true,"valueName":"search_term_string"}}],"inLanguage":"pt-BR"},{"@type":"Organization","@id":"https:\/\/redeicm.org.br\/gloria\/#organization","name":"Col\u00e9gio Nossa Senhora da Gl\u00f3ria | Rede ICM de Educa\u00e7\u00e3o","url":"https:\/\/redeicm.org.br\/gloria\/","logo":{"@type":"ImageObject","inLanguage":"pt-BR","@id":"https:\/\/redeicm.org.br\/gloria\/#\/schema\/logo\/image\/","url":"https:\/\/redeicm.org.br\/gloria\/wp-content\/uploads\/sites\/11\/2024\/08\/icm_educacao_gloria_preferencial_cores-1024x512-1.webp","contentUrl":"https:\/\/redeicm.org.br\/gloria\/wp-content\/uploads\/sites\/11\/2024\/08\/icm_educacao_gloria_preferencial_cores-1024x512-1.webp","width":1024,"height":512,"caption":"Col\u00e9gio Nossa Senhora da Gl\u00f3ria | Rede ICM de Educa\u00e7\u00e3o"},"image":{"@id":"https:\/\/redeicm.org.br\/gloria\/#\/schema\/logo\/image\/"}}]}},"_links":{"self":[{"href":"https:\/\/redeicm.org.br\/gloria\/wp-json\/wp\/v2\/pages\/1022","targetHints":{"allow":["GET"]}}],"collection":[{"href":"https:\/\/redeicm.org.br\/gloria\/wp-json\/wp\/v2\/pages"}],"about":[{"href":"https:\/\/redeicm.org.br\/gloria\/wp-json\/wp\/v2\/types\/page"}],"author":[{"embeddable":true,"href":"https:\/\/redeicm.org.br\/gloria\/wp-json\/wp\/v2\/users\/1"}],"replies":[{"embeddable":true,"href":"https:\/\/redeicm.org.br\/gloria\/wp-json\/wp\/v2\/comments?post=1022"}],"version-history":[{"count":0,"href":"https:\/\/redeicm.org.br\/gloria\/wp-json\/wp\/v2\/pages\/1022\/revisions"}],"wp:featuredmedia":[{"embeddable":true,"href":"https:\/\/redeicm.org.br\/gloria\/wp-json\/wp\/v2\/media\/172"}],"wp:attachment":[{"href":"https:\/\/redeicm.org.br\/gloria\/wp-json\/wp\/v2\/media?parent=1022"}],"curies":[{"name":"wp","href":"https:\/\/api.w.org\/{rel}","templated":true}]}}