{"id":342,"date":"2024-08-29T14:13:35","date_gmt":"2024-08-29T17:13:35","guid":{"rendered":"https:\/\/redeicm.org.br\/domfeliciano\/?page_id=342"},"modified":"2025-06-30T09:54:08","modified_gmt":"2025-06-30T12:54:08","slug":"boletos-dda","status":"publish","type":"page","link":"https:\/\/redeicm.org.br\/domfeliciano\/boletos-dda\/","title":{"rendered":"Boletos DDA"},"content":{"rendered":"\t\t<div data-elementor-type=\"wp-page\" data-elementor-id=\"342\" class=\"elementor elementor-342\" data-elementor-post-type=\"page\">\n\t\t\t\t<div class=\"elementor-element elementor-element-13b370a3 e-flex e-con-boxed e-con e-parent\" data-id=\"13b370a3\" data-element_type=\"container\" data-e-type=\"container\" data-settings=\"{&quot;background_background&quot;:&quot;classic&quot;}\">\n\t\t\t\t\t<div class=\"e-con-inner\">\n\t\t\t\t<div class=\"elementor-element elementor-element-2ca62c84 elementor-widget elementor-widget-heading\" data-id=\"2ca62c84\" data-element_type=\"widget\" data-e-type=\"widget\" data-widget_type=\"heading.default\">\n\t\t\t\t<div class=\"elementor-widget-container\">\n\t\t\t\t\t<h1 class=\"elementor-heading-title elementor-size-default\">Boletos DDA<\/h1>\t\t\t\t<\/div>\n\t\t\t\t<\/div>\n\t\t\t\t\t<\/div>\n\t\t\t\t<\/div>\n\t\t<div class=\"elementor-element elementor-element-9862880 e-flex e-con-boxed e-con e-parent\" data-id=\"9862880\" data-element_type=\"container\" data-e-type=\"container\">\n\t\t\t\t\t<div class=\"e-con-inner\">\n\t\t<div class=\"elementor-element elementor-element-b2124d8 e-con-full e-flex e-con e-child\" data-id=\"b2124d8\" data-element_type=\"container\" data-e-type=\"container\">\n\t\t\t\t<div class=\"elementor-element elementor-element-2906c76 elementor-widget elementor-widget-text-editor\" data-id=\"2906c76\" data-element_type=\"widget\" data-e-type=\"widget\" data-widget_type=\"text-editor.default\">\n\t\t\t\t<div class=\"elementor-widget-container\">\n\t\t\t\t\t\t\t\t\t<div class=\"title-stripes\" style=\"text-align: justify;\">O <strong>DDA (D\u00e9bito Direto Autorizado)<\/strong>consiste em um servi\u00e7o de apresenta\u00e7\u00e3o eletr\u00f4nica de boletos para os clientes que se cadastrarem como \u201csacado eletr\u00f4nico\u201d.<\/div><p style=\"text-align: justify;\" align=\"justify\">Lembramos que os\u00a0<strong>boletos DDA<\/strong>\u00a0n\u00e3o ser\u00e3o debitados automaticamente em conta corrente do cliente. Este dever\u00e1 acessar regularmente o meio eletr\u00f4nico de sua prefer\u00eancia (internet, caixa eletr\u00f4nico, telefone, etc.), a fim de consultar e agendar os pagamentos desejados.<\/p><p style=\"text-align: justify;\">Os boletos DDA trazem v\u00e1rios benef\u00edcios:<br \/>\u00bb Contribuem para a economia de papel e a preserva\u00e7\u00e3o ambiental;<br \/>\u00bb Comodidade ao receber seus boletos eletronicamente;<br \/>\u00bb Seguran\u00e7a, pois ser\u00e1 eliminada a possibilidade de perda ou extravio de documento.<\/p><p style=\"text-align: justify;\">Esclarecemos que, assim como o cadastro, o cancelamento do sacado eletr\u00f4nico dever\u00e1 ser efetuado diretamente com seu gerente de conta. Conforme cartilha da FEBRABAN, \u201cse voc\u00ea deixar de ser \u201csacado eletr\u00f4nico\u201d, dever\u00e1 solicitar o cancelamento em todos os bancos nos quais se cadastrou\u201d.<\/p><p style=\"text-align: justify;\">(<a href=\"https:\/\/cmsarquivos.febraban.org.br\/Arquivos\/documentos\/PDF\/CartilhaDDA.pdf\">https:\/\/cmsarquivos.febraban.org.br\/Arquivos\/documentos\/PDF\/CartilhaDDA.pdf<\/a>, consulta realizada em 2025).<\/p>\t\t\t\t\t\t\t\t<\/div>\n\t\t\t\t<\/div>\n\t\t\t\t<\/div>\n\t\t<div class=\"elementor-element elementor-element-3511823 e-con-full e-flex e-con e-child\" data-id=\"3511823\" data-element_type=\"container\" data-e-type=\"container\">\n\t\t\t\t<div class=\"elementor-element elementor-element-fedd029 elementor-widget elementor-widget-image\" data-id=\"fedd029\" data-element_type=\"widget\" data-e-type=\"widget\" data-widget_type=\"image.default\">\n\t\t\t\t<div class=\"elementor-widget-container\">\n\t\t\t\t\t\t\t\t\t\t\t\t\t\t\t<img fetchpriority=\"high\" decoding=\"async\" width=\"306\" height=\"238\" src=\"https:\/\/redeicm.org.br\/domfeliciano\/wp-content\/uploads\/sites\/10\/2025\/04\/img-DDA.jpeg\" class=\"attachment-large size-large wp-image-2480\" alt=\"\" srcset=\"https:\/\/redeicm.org.br\/domfeliciano\/wp-content\/uploads\/sites\/10\/2025\/04\/img-DDA.jpeg 306w, https:\/\/redeicm.org.br\/domfeliciano\/wp-content\/uploads\/sites\/10\/2025\/04\/img-DDA-300x233.jpeg 300w\" sizes=\"(max-width: 306px) 100vw, 306px\" \/>\t\t\t\t\t\t\t\t\t\t\t\t\t\t\t<\/div>\n\t\t\t\t<\/div>\n\t\t\t\t<\/div>\n\t\t\t\t\t<\/div>\n\t\t\t\t<\/div>\n\t\t\t\t<\/div>\n\t\t","protected":false},"excerpt":{"rendered":"<p>O DDA (D\u00e9bito Direto Autorizado)consiste em um servi\u00e7o de apresenta\u00e7\u00e3o eletr\u00f4nica de boletos para os clientes que se cadastrarem como \u201csacado eletr\u00f4nico\u201d. Lembramos que os\u00a0boletos DDA\u00a0n\u00e3o ser\u00e3o debitados automaticamente em conta corrente do cliente. Este dever\u00e1 acessar regularmente o meio eletr\u00f4nico de sua prefer\u00eancia (internet, caixa eletr\u00f4nico, telefone, etc.), a fim de consultar e agendar [&hellip;]<\/p>\n","protected":false},"author":1,"featured_media":0,"parent":0,"menu_order":0,"comment_status":"closed","ping_status":"closed","template":"","meta":{"_acf_changed":false,"footnotes":""},"class_list":["post-342","page","type-page","status-publish","hentry"],"acf":[],"yoast_head":"<!-- This site is optimized with the Yoast SEO plugin v26.3 - https:\/\/yoast.com\/wordpress\/plugins\/seo\/ -->\n<title>Boletos DDA - Col\u00e9gio Dom Feliciano | Rede ICM de educa\u00e7\u00e3o<\/title>\n<meta name=\"robots\" content=\"index, follow, max-snippet:-1, max-image-preview:large, max-video-preview:-1\" \/>\n<link rel=\"canonical\" href=\"https:\/\/redeicm.org.br\/domfeliciano\/boletos-dda\/\" \/>\n<meta property=\"og:locale\" content=\"pt_BR\" \/>\n<meta property=\"og:type\" content=\"article\" \/>\n<meta property=\"og:title\" content=\"Boletos DDA - Col\u00e9gio Dom Feliciano | Rede ICM de educa\u00e7\u00e3o\" \/>\n<meta property=\"og:description\" content=\"O DDA (D\u00e9bito Direto Autorizado)consiste em um servi\u00e7o de apresenta\u00e7\u00e3o eletr\u00f4nica de boletos para os clientes que se cadastrarem como \u201csacado eletr\u00f4nico\u201d. Lembramos que os\u00a0boletos DDA\u00a0n\u00e3o ser\u00e3o debitados automaticamente em conta corrente do cliente. Este dever\u00e1 acessar regularmente o meio eletr\u00f4nico de sua prefer\u00eancia (internet, caixa eletr\u00f4nico, telefone, etc.), a fim de consultar e agendar [&hellip;]\" \/>\n<meta property=\"og:url\" content=\"https:\/\/redeicm.org.br\/domfeliciano\/boletos-dda\/\" \/>\n<meta property=\"og:site_name\" content=\"Col\u00e9gio Dom Feliciano | Rede ICM de educa\u00e7\u00e3o\" \/>\n<meta property=\"article:modified_time\" content=\"2025-06-30T12:54:08+00:00\" \/>\n<meta property=\"og:image\" content=\"https:\/\/redeicm.org.br\/domfeliciano\/wp-content\/uploads\/sites\/10\/2025\/04\/img-DDA.jpeg\" \/>\n\t<meta property=\"og:image:width\" content=\"306\" \/>\n\t<meta property=\"og:image:height\" content=\"238\" \/>\n\t<meta property=\"og:image:type\" content=\"image\/jpeg\" \/>\n<meta name=\"twitter:card\" content=\"summary_large_image\" \/>\n<meta name=\"twitter:label1\" content=\"Est. tempo de leitura\" \/>\n\t<meta name=\"twitter:data1\" content=\"2 minutos\" \/>\n<script type=\"application\/ld+json\" class=\"yoast-schema-graph\">{\"@context\":\"https:\/\/schema.org\",\"@graph\":[{\"@type\":\"WebPage\",\"@id\":\"https:\/\/redeicm.org.br\/domfeliciano\/boletos-dda\/\",\"url\":\"https:\/\/redeicm.org.br\/domfeliciano\/boletos-dda\/\",\"name\":\"Boletos DDA - Col\u00e9gio Dom Feliciano | Rede ICM de educa\u00e7\u00e3o\",\"isPartOf\":{\"@id\":\"https:\/\/redeicm.org.br\/domfeliciano\/#website\"},\"primaryImageOfPage\":{\"@id\":\"https:\/\/redeicm.org.br\/domfeliciano\/boletos-dda\/#primaryimage\"},\"image\":{\"@id\":\"https:\/\/redeicm.org.br\/domfeliciano\/boletos-dda\/#primaryimage\"},\"thumbnailUrl\":\"https:\/\/redeicm.org.br\/domfeliciano\/wp-content\/uploads\/sites\/10\/2025\/04\/img-DDA.jpeg\",\"datePublished\":\"2024-08-29T17:13:35+00:00\",\"dateModified\":\"2025-06-30T12:54:08+00:00\",\"breadcrumb\":{\"@id\":\"https:\/\/redeicm.org.br\/domfeliciano\/boletos-dda\/#breadcrumb\"},\"inLanguage\":\"pt-BR\",\"potentialAction\":[{\"@type\":\"ReadAction\",\"target\":[\"https:\/\/redeicm.org.br\/domfeliciano\/boletos-dda\/\"]}]},{\"@type\":\"ImageObject\",\"inLanguage\":\"pt-BR\",\"@id\":\"https:\/\/redeicm.org.br\/domfeliciano\/boletos-dda\/#primaryimage\",\"url\":\"https:\/\/redeicm.org.br\/domfeliciano\/wp-content\/uploads\/sites\/10\/2025\/04\/img-DDA.jpeg\",\"contentUrl\":\"https:\/\/redeicm.org.br\/domfeliciano\/wp-content\/uploads\/sites\/10\/2025\/04\/img-DDA.jpeg\",\"width\":306,\"height\":238},{\"@type\":\"BreadcrumbList\",\"@id\":\"https:\/\/redeicm.org.br\/domfeliciano\/boletos-dda\/#breadcrumb\",\"itemListElement\":[{\"@type\":\"ListItem\",\"position\":1,\"name\":\"In\u00edcio\",\"item\":\"https:\/\/redeicm.org.br\/domfeliciano\/\"},{\"@type\":\"ListItem\",\"position\":2,\"name\":\"Boletos DDA\"}]},{\"@type\":\"WebSite\",\"@id\":\"https:\/\/redeicm.org.br\/domfeliciano\/#website\",\"url\":\"https:\/\/redeicm.org.br\/domfeliciano\/\",\"name\":\"Col\u00e9gio Dom Feliciano | Rede ICM de educa\u00e7\u00e3o\",\"description\":\"\",\"publisher\":{\"@id\":\"https:\/\/redeicm.org.br\/domfeliciano\/#organization\"},\"potentialAction\":[{\"@type\":\"SearchAction\",\"target\":{\"@type\":\"EntryPoint\",\"urlTemplate\":\"https:\/\/redeicm.org.br\/domfeliciano\/?s={search_term_string}\"},\"query-input\":{\"@type\":\"PropertyValueSpecification\",\"valueRequired\":true,\"valueName\":\"search_term_string\"}}],\"inLanguage\":\"pt-BR\"},{\"@type\":\"Organization\",\"@id\":\"https:\/\/redeicm.org.br\/domfeliciano\/#organization\",\"name\":\"Col\u00e9gio Dom Feliciano | Rede ICM de educa\u00e7\u00e3o\",\"url\":\"https:\/\/redeicm.org.br\/domfeliciano\/\",\"logo\":{\"@type\":\"ImageObject\",\"inLanguage\":\"pt-BR\",\"@id\":\"https:\/\/redeicm.org.br\/domfeliciano\/#\/schema\/logo\/image\/\",\"url\":\"https:\/\/redeicm.org.br\/domfeliciano\/wp-content\/uploads\/sites\/10\/2024\/08\/Logo-ColegioDomFeliciano-100Anos.png\",\"contentUrl\":\"https:\/\/redeicm.org.br\/domfeliciano\/wp-content\/uploads\/sites\/10\/2024\/08\/Logo-ColegioDomFeliciano-100Anos.png\",\"width\":950,\"height\":228,\"caption\":\"Col\u00e9gio Dom Feliciano | Rede ICM de educa\u00e7\u00e3o\"},\"image\":{\"@id\":\"https:\/\/redeicm.org.br\/domfeliciano\/#\/schema\/logo\/image\/\"}}]}<\/script>\n<!-- \/ Yoast SEO plugin. -->","yoast_head_json":{"title":"Boletos DDA - Col\u00e9gio Dom Feliciano | Rede ICM de educa\u00e7\u00e3o","robots":{"index":"index","follow":"follow","max-snippet":"max-snippet:-1","max-image-preview":"max-image-preview:large","max-video-preview":"max-video-preview:-1"},"canonical":"https:\/\/redeicm.org.br\/domfeliciano\/boletos-dda\/","og_locale":"pt_BR","og_type":"article","og_title":"Boletos DDA - Col\u00e9gio Dom Feliciano | Rede ICM de educa\u00e7\u00e3o","og_description":"O DDA (D\u00e9bito Direto Autorizado)consiste em um servi\u00e7o de apresenta\u00e7\u00e3o eletr\u00f4nica de boletos para os clientes que se cadastrarem como \u201csacado eletr\u00f4nico\u201d. Lembramos que os\u00a0boletos DDA\u00a0n\u00e3o ser\u00e3o debitados automaticamente em conta corrente do cliente. Este dever\u00e1 acessar regularmente o meio eletr\u00f4nico de sua prefer\u00eancia (internet, caixa eletr\u00f4nico, telefone, etc.), a fim de consultar e agendar [&hellip;]","og_url":"https:\/\/redeicm.org.br\/domfeliciano\/boletos-dda\/","og_site_name":"Col\u00e9gio Dom Feliciano | Rede ICM de educa\u00e7\u00e3o","article_modified_time":"2025-06-30T12:54:08+00:00","og_image":[{"width":306,"height":238,"url":"https:\/\/redeicm.org.br\/domfeliciano\/wp-content\/uploads\/sites\/10\/2025\/04\/img-DDA.jpeg","type":"image\/jpeg"}],"twitter_card":"summary_large_image","twitter_misc":{"Est. tempo de leitura":"2 minutos"},"schema":{"@context":"https:\/\/schema.org","@graph":[{"@type":"WebPage","@id":"https:\/\/redeicm.org.br\/domfeliciano\/boletos-dda\/","url":"https:\/\/redeicm.org.br\/domfeliciano\/boletos-dda\/","name":"Boletos DDA - Col\u00e9gio Dom Feliciano | Rede ICM de educa\u00e7\u00e3o","isPartOf":{"@id":"https:\/\/redeicm.org.br\/domfeliciano\/#website"},"primaryImageOfPage":{"@id":"https:\/\/redeicm.org.br\/domfeliciano\/boletos-dda\/#primaryimage"},"image":{"@id":"https:\/\/redeicm.org.br\/domfeliciano\/boletos-dda\/#primaryimage"},"thumbnailUrl":"https:\/\/redeicm.org.br\/domfeliciano\/wp-content\/uploads\/sites\/10\/2025\/04\/img-DDA.jpeg","datePublished":"2024-08-29T17:13:35+00:00","dateModified":"2025-06-30T12:54:08+00:00","breadcrumb":{"@id":"https:\/\/redeicm.org.br\/domfeliciano\/boletos-dda\/#breadcrumb"},"inLanguage":"pt-BR","potentialAction":[{"@type":"ReadAction","target":["https:\/\/redeicm.org.br\/domfeliciano\/boletos-dda\/"]}]},{"@type":"ImageObject","inLanguage":"pt-BR","@id":"https:\/\/redeicm.org.br\/domfeliciano\/boletos-dda\/#primaryimage","url":"https:\/\/redeicm.org.br\/domfeliciano\/wp-content\/uploads\/sites\/10\/2025\/04\/img-DDA.jpeg","contentUrl":"https:\/\/redeicm.org.br\/domfeliciano\/wp-content\/uploads\/sites\/10\/2025\/04\/img-DDA.jpeg","width":306,"height":238},{"@type":"BreadcrumbList","@id":"https:\/\/redeicm.org.br\/domfeliciano\/boletos-dda\/#breadcrumb","itemListElement":[{"@type":"ListItem","position":1,"name":"In\u00edcio","item":"https:\/\/redeicm.org.br\/domfeliciano\/"},{"@type":"ListItem","position":2,"name":"Boletos DDA"}]},{"@type":"WebSite","@id":"https:\/\/redeicm.org.br\/domfeliciano\/#website","url":"https:\/\/redeicm.org.br\/domfeliciano\/","name":"Col\u00e9gio Dom Feliciano | Rede ICM de educa\u00e7\u00e3o","description":"","publisher":{"@id":"https:\/\/redeicm.org.br\/domfeliciano\/#organization"},"potentialAction":[{"@type":"SearchAction","target":{"@type":"EntryPoint","urlTemplate":"https:\/\/redeicm.org.br\/domfeliciano\/?s={search_term_string}"},"query-input":{"@type":"PropertyValueSpecification","valueRequired":true,"valueName":"search_term_string"}}],"inLanguage":"pt-BR"},{"@type":"Organization","@id":"https:\/\/redeicm.org.br\/domfeliciano\/#organization","name":"Col\u00e9gio Dom Feliciano | Rede ICM de educa\u00e7\u00e3o","url":"https:\/\/redeicm.org.br\/domfeliciano\/","logo":{"@type":"ImageObject","inLanguage":"pt-BR","@id":"https:\/\/redeicm.org.br\/domfeliciano\/#\/schema\/logo\/image\/","url":"https:\/\/redeicm.org.br\/domfeliciano\/wp-content\/uploads\/sites\/10\/2024\/08\/Logo-ColegioDomFeliciano-100Anos.png","contentUrl":"https:\/\/redeicm.org.br\/domfeliciano\/wp-content\/uploads\/sites\/10\/2024\/08\/Logo-ColegioDomFeliciano-100Anos.png","width":950,"height":228,"caption":"Col\u00e9gio Dom Feliciano | Rede ICM de educa\u00e7\u00e3o"},"image":{"@id":"https:\/\/redeicm.org.br\/domfeliciano\/#\/schema\/logo\/image\/"}}]}},"_links":{"self":[{"href":"https:\/\/redeicm.org.br\/domfeliciano\/wp-json\/wp\/v2\/pages\/342","targetHints":{"allow":["GET"]}}],"collection":[{"href":"https:\/\/redeicm.org.br\/domfeliciano\/wp-json\/wp\/v2\/pages"}],"about":[{"href":"https:\/\/redeicm.org.br\/domfeliciano\/wp-json\/wp\/v2\/types\/page"}],"author":[{"embeddable":true,"href":"https:\/\/redeicm.org.br\/domfeliciano\/wp-json\/wp\/v2\/users\/1"}],"replies":[{"embeddable":true,"href":"https:\/\/redeicm.org.br\/domfeliciano\/wp-json\/wp\/v2\/comments?post=342"}],"version-history":[{"count":6,"href":"https:\/\/redeicm.org.br\/domfeliciano\/wp-json\/wp\/v2\/pages\/342\/revisions"}],"predecessor-version":[{"id":3268,"href":"https:\/\/redeicm.org.br\/domfeliciano\/wp-json\/wp\/v2\/pages\/342\/revisions\/3268"}],"wp:attachment":[{"href":"https:\/\/redeicm.org.br\/domfeliciano\/wp-json\/wp\/v2\/media?parent=342"}],"curies":[{"name":"wp","href":"https:\/\/api.w.org\/{rel}","templated":true}]}}