{"id":337,"date":"2024-08-29T14:12:54","date_gmt":"2024-08-29T17:12:54","guid":{"rendered":"https:\/\/redeicm.org.br\/domfeliciano\/?page_id=337"},"modified":"2025-06-30T09:53:12","modified_gmt":"2025-06-30T12:53:12","slug":"atualizacao-de-boleto-vencido","status":"publish","type":"page","link":"https:\/\/redeicm.org.br\/domfeliciano\/atualizacao-de-boleto-vencido\/","title":{"rendered":"Atualiza\u00e7\u00e3o de Boleto Vencido"},"content":{"rendered":"\t\t<div data-elementor-type=\"wp-page\" data-elementor-id=\"337\" class=\"elementor elementor-337\" data-elementor-post-type=\"page\">\n\t\t\t\t<div class=\"elementor-element elementor-element-13b370a3 e-flex e-con-boxed e-con e-parent\" data-id=\"13b370a3\" data-element_type=\"container\" data-e-type=\"container\" data-settings=\"{&quot;background_background&quot;:&quot;classic&quot;}\">\n\t\t\t\t\t<div class=\"e-con-inner\">\n\t\t\t\t<div class=\"elementor-element elementor-element-2ca62c84 elementor-widget elementor-widget-heading\" data-id=\"2ca62c84\" data-element_type=\"widget\" data-e-type=\"widget\" data-widget_type=\"heading.default\">\n\t\t\t\t<div class=\"elementor-widget-container\">\n\t\t\t\t\t<h1 class=\"elementor-heading-title elementor-size-default\">Atualiza\u00e7\u00e3o de Boleto Vencido<\/h1>\t\t\t\t<\/div>\n\t\t\t\t<\/div>\n\t\t\t\t\t<\/div>\n\t\t\t\t<\/div>\n\t\t<div class=\"elementor-element elementor-element-afce361 e-con-full e-flex e-con e-parent\" data-id=\"afce361\" data-element_type=\"container\" data-e-type=\"container\">\n\t\t<div class=\"elementor-element elementor-element-70e9d11 e-flex e-con-boxed e-con e-child\" data-id=\"70e9d11\" data-element_type=\"container\" data-e-type=\"container\">\n\t\t\t\t\t<div class=\"e-con-inner\">\n\t\t\t\t<div class=\"elementor-element elementor-element-8f9794a elementor-invisible elementor-widget elementor-widget-text-editor\" data-id=\"8f9794a\" data-element_type=\"widget\" data-e-type=\"widget\" data-settings=\"{&quot;_animation&quot;:&quot;fadeInUp&quot;}\" data-widget_type=\"text-editor.default\">\n\t\t\t\t<div class=\"elementor-widget-container\">\n\t\t\t\t\t\t\t\t\t<h4><strong>1)<\/strong>\u00a0<strong>Para impress\u00e3o da 2\u00aa via do boleto banc\u00e1rio por Nosso N\u00famero:<\/strong><\/h4><ul><li>Entre em contato com a Tesouraria atrav\u00e9s do\u00a0<em>e-mail:<\/em>\u00a0<a href=\"mailto:financeiro@colegiodomfeliciano.com.br\">financeiro@colegiodomfeliciano.com.br<\/a>\u00a0ou pelo telefone 3488-1400 e solicite o \u201cNosso N\u00famero\u201d (este n\u00famero muda a cada m\u00eas);<\/li><li>Clique em \u201cBloqueto Espec\u00edfico\u201d;<\/li><li>Informe o Nosso N\u00famero;<\/li><li>Clique em Consultar.<\/li><\/ul><h4><strong>2)<\/strong>\u00a0<strong>Para Impress\u00e3o da 2\u00ba via do boleto banc\u00e1rio por CPF\/CNPJ do Respons\u00e1vel:<\/strong><\/h4><ul><li>Clique em \u201cValor Aproximado e\/ou Vencimento\u201d;<\/li><li>Informe o C\u00f3digo Benefici\u00e1rio: 0670003597038<\/li><li>Informe o CPF\/CNPJ do Pagador (respons\u00e1vel) e a Data de Vencimento;<\/li><li>Clique em Consultar.<\/li><\/ul><h6>O usu\u00e1rio dever\u00e1 utilizar Internet Explorer ou Mozilla FireFox.<\/h6><h4><strong>Acesse o link abaixo:<\/strong><\/h4><p><a href=\"https:\/\/ww8.banrisul.com.br\/brb\/link\/Brbw2Lhw_Bloqueto_Titulos_Internet.aspx?SegundaVia=1&amp;CodCedente=0670003597038\">https:\/\/ww8.banrisul.com.br\/brb\/link\/Brbw2Lhw_Bloqueto_Titulos_Internet.aspx?SegundaVia=1&amp;CodCedente=0670003597038<\/a><\/p>\t\t\t\t\t\t\t\t<\/div>\n\t\t\t\t<\/div>\n\t\t\t\t\t<\/div>\n\t\t\t\t<\/div>\n\t\t\t\t<\/div>\n\t\t\t\t<\/div>\n\t\t","protected":false},"excerpt":{"rendered":"<p>1)\u00a0Para impress\u00e3o da 2\u00aa via do boleto banc\u00e1rio por Nosso N\u00famero: Entre em contato com a Tesouraria atrav\u00e9s do\u00a0e-mail:\u00a0financeiro@colegiodomfeliciano.com.br\u00a0ou pelo telefone 3488-1400 e solicite o \u201cNosso N\u00famero\u201d (este n\u00famero muda a cada m\u00eas); Clique em \u201cBloqueto Espec\u00edfico\u201d; Informe o Nosso N\u00famero; Clique em Consultar. 2)\u00a0Para Impress\u00e3o da 2\u00ba via do boleto banc\u00e1rio por CPF\/CNPJ do [&hellip;]<\/p>\n","protected":false},"author":1,"featured_media":0,"parent":0,"menu_order":0,"comment_status":"closed","ping_status":"closed","template":"","meta":{"_acf_changed":false,"footnotes":""},"class_list":["post-337","page","type-page","status-publish","hentry"],"acf":[],"yoast_head":"<!-- This site is optimized with the Yoast SEO plugin v26.3 - https:\/\/yoast.com\/wordpress\/plugins\/seo\/ -->\n<title>Atualiza\u00e7\u00e3o de Boleto Vencido - Col\u00e9gio Dom Feliciano | Rede ICM de educa\u00e7\u00e3o<\/title>\n<meta name=\"robots\" content=\"index, follow, max-snippet:-1, max-image-preview:large, max-video-preview:-1\" \/>\n<link rel=\"canonical\" href=\"https:\/\/redeicm.org.br\/domfeliciano\/atualizacao-de-boleto-vencido\/\" \/>\n<meta property=\"og:locale\" content=\"pt_BR\" \/>\n<meta property=\"og:type\" content=\"article\" \/>\n<meta property=\"og:title\" content=\"Atualiza\u00e7\u00e3o de Boleto Vencido - Col\u00e9gio Dom Feliciano | Rede ICM de educa\u00e7\u00e3o\" \/>\n<meta property=\"og:description\" content=\"1)\u00a0Para impress\u00e3o da 2\u00aa via do boleto banc\u00e1rio por Nosso N\u00famero: Entre em contato com a Tesouraria atrav\u00e9s do\u00a0e-mail:\u00a0financeiro@colegiodomfeliciano.com.br\u00a0ou pelo telefone 3488-1400 e solicite o \u201cNosso N\u00famero\u201d (este n\u00famero muda a cada m\u00eas); Clique em \u201cBloqueto Espec\u00edfico\u201d; Informe o Nosso N\u00famero; Clique em Consultar. 2)\u00a0Para Impress\u00e3o da 2\u00ba via do boleto banc\u00e1rio por CPF\/CNPJ do [&hellip;]\" \/>\n<meta property=\"og:url\" content=\"https:\/\/redeicm.org.br\/domfeliciano\/atualizacao-de-boleto-vencido\/\" \/>\n<meta property=\"og:site_name\" content=\"Col\u00e9gio Dom Feliciano | Rede ICM de educa\u00e7\u00e3o\" \/>\n<meta property=\"article:modified_time\" content=\"2025-06-30T12:53:12+00:00\" \/>\n<meta name=\"twitter:card\" content=\"summary_large_image\" \/>\n<meta name=\"twitter:label1\" content=\"Est. tempo de leitura\" \/>\n\t<meta name=\"twitter:data1\" content=\"1 minuto\" \/>\n<script type=\"application\/ld+json\" class=\"yoast-schema-graph\">{\"@context\":\"https:\/\/schema.org\",\"@graph\":[{\"@type\":\"WebPage\",\"@id\":\"https:\/\/redeicm.org.br\/domfeliciano\/atualizacao-de-boleto-vencido\/\",\"url\":\"https:\/\/redeicm.org.br\/domfeliciano\/atualizacao-de-boleto-vencido\/\",\"name\":\"Atualiza\u00e7\u00e3o de Boleto Vencido - Col\u00e9gio Dom Feliciano | Rede ICM de educa\u00e7\u00e3o\",\"isPartOf\":{\"@id\":\"https:\/\/redeicm.org.br\/domfeliciano\/#website\"},\"datePublished\":\"2024-08-29T17:12:54+00:00\",\"dateModified\":\"2025-06-30T12:53:12+00:00\",\"breadcrumb\":{\"@id\":\"https:\/\/redeicm.org.br\/domfeliciano\/atualizacao-de-boleto-vencido\/#breadcrumb\"},\"inLanguage\":\"pt-BR\",\"potentialAction\":[{\"@type\":\"ReadAction\",\"target\":[\"https:\/\/redeicm.org.br\/domfeliciano\/atualizacao-de-boleto-vencido\/\"]}]},{\"@type\":\"BreadcrumbList\",\"@id\":\"https:\/\/redeicm.org.br\/domfeliciano\/atualizacao-de-boleto-vencido\/#breadcrumb\",\"itemListElement\":[{\"@type\":\"ListItem\",\"position\":1,\"name\":\"In\u00edcio\",\"item\":\"https:\/\/redeicm.org.br\/domfeliciano\/\"},{\"@type\":\"ListItem\",\"position\":2,\"name\":\"Atualiza\u00e7\u00e3o de Boleto Vencido\"}]},{\"@type\":\"WebSite\",\"@id\":\"https:\/\/redeicm.org.br\/domfeliciano\/#website\",\"url\":\"https:\/\/redeicm.org.br\/domfeliciano\/\",\"name\":\"Col\u00e9gio Dom Feliciano | Rede ICM de educa\u00e7\u00e3o\",\"description\":\"\",\"publisher\":{\"@id\":\"https:\/\/redeicm.org.br\/domfeliciano\/#organization\"},\"potentialAction\":[{\"@type\":\"SearchAction\",\"target\":{\"@type\":\"EntryPoint\",\"urlTemplate\":\"https:\/\/redeicm.org.br\/domfeliciano\/?s={search_term_string}\"},\"query-input\":{\"@type\":\"PropertyValueSpecification\",\"valueRequired\":true,\"valueName\":\"search_term_string\"}}],\"inLanguage\":\"pt-BR\"},{\"@type\":\"Organization\",\"@id\":\"https:\/\/redeicm.org.br\/domfeliciano\/#organization\",\"name\":\"Col\u00e9gio Dom Feliciano | Rede ICM de educa\u00e7\u00e3o\",\"url\":\"https:\/\/redeicm.org.br\/domfeliciano\/\",\"logo\":{\"@type\":\"ImageObject\",\"inLanguage\":\"pt-BR\",\"@id\":\"https:\/\/redeicm.org.br\/domfeliciano\/#\/schema\/logo\/image\/\",\"url\":\"https:\/\/redeicm.org.br\/domfeliciano\/wp-content\/uploads\/sites\/10\/2024\/08\/Logo-ColegioDomFeliciano-100Anos.png\",\"contentUrl\":\"https:\/\/redeicm.org.br\/domfeliciano\/wp-content\/uploads\/sites\/10\/2024\/08\/Logo-ColegioDomFeliciano-100Anos.png\",\"width\":950,\"height\":228,\"caption\":\"Col\u00e9gio Dom Feliciano | Rede ICM de educa\u00e7\u00e3o\"},\"image\":{\"@id\":\"https:\/\/redeicm.org.br\/domfeliciano\/#\/schema\/logo\/image\/\"}}]}<\/script>\n<!-- \/ Yoast SEO plugin. -->","yoast_head_json":{"title":"Atualiza\u00e7\u00e3o de Boleto Vencido - Col\u00e9gio Dom Feliciano | Rede ICM de educa\u00e7\u00e3o","robots":{"index":"index","follow":"follow","max-snippet":"max-snippet:-1","max-image-preview":"max-image-preview:large","max-video-preview":"max-video-preview:-1"},"canonical":"https:\/\/redeicm.org.br\/domfeliciano\/atualizacao-de-boleto-vencido\/","og_locale":"pt_BR","og_type":"article","og_title":"Atualiza\u00e7\u00e3o de Boleto Vencido - Col\u00e9gio Dom Feliciano | Rede ICM de educa\u00e7\u00e3o","og_description":"1)\u00a0Para impress\u00e3o da 2\u00aa via do boleto banc\u00e1rio por Nosso N\u00famero: Entre em contato com a Tesouraria atrav\u00e9s do\u00a0e-mail:\u00a0financeiro@colegiodomfeliciano.com.br\u00a0ou pelo telefone 3488-1400 e solicite o \u201cNosso N\u00famero\u201d (este n\u00famero muda a cada m\u00eas); Clique em \u201cBloqueto Espec\u00edfico\u201d; Informe o Nosso N\u00famero; Clique em Consultar. 2)\u00a0Para Impress\u00e3o da 2\u00ba via do boleto banc\u00e1rio por CPF\/CNPJ do [&hellip;]","og_url":"https:\/\/redeicm.org.br\/domfeliciano\/atualizacao-de-boleto-vencido\/","og_site_name":"Col\u00e9gio Dom Feliciano | Rede ICM de educa\u00e7\u00e3o","article_modified_time":"2025-06-30T12:53:12+00:00","twitter_card":"summary_large_image","twitter_misc":{"Est. tempo de leitura":"1 minuto"},"schema":{"@context":"https:\/\/schema.org","@graph":[{"@type":"WebPage","@id":"https:\/\/redeicm.org.br\/domfeliciano\/atualizacao-de-boleto-vencido\/","url":"https:\/\/redeicm.org.br\/domfeliciano\/atualizacao-de-boleto-vencido\/","name":"Atualiza\u00e7\u00e3o de Boleto Vencido - Col\u00e9gio Dom Feliciano | Rede ICM de educa\u00e7\u00e3o","isPartOf":{"@id":"https:\/\/redeicm.org.br\/domfeliciano\/#website"},"datePublished":"2024-08-29T17:12:54+00:00","dateModified":"2025-06-30T12:53:12+00:00","breadcrumb":{"@id":"https:\/\/redeicm.org.br\/domfeliciano\/atualizacao-de-boleto-vencido\/#breadcrumb"},"inLanguage":"pt-BR","potentialAction":[{"@type":"ReadAction","target":["https:\/\/redeicm.org.br\/domfeliciano\/atualizacao-de-boleto-vencido\/"]}]},{"@type":"BreadcrumbList","@id":"https:\/\/redeicm.org.br\/domfeliciano\/atualizacao-de-boleto-vencido\/#breadcrumb","itemListElement":[{"@type":"ListItem","position":1,"name":"In\u00edcio","item":"https:\/\/redeicm.org.br\/domfeliciano\/"},{"@type":"ListItem","position":2,"name":"Atualiza\u00e7\u00e3o de Boleto Vencido"}]},{"@type":"WebSite","@id":"https:\/\/redeicm.org.br\/domfeliciano\/#website","url":"https:\/\/redeicm.org.br\/domfeliciano\/","name":"Col\u00e9gio Dom Feliciano | Rede ICM de educa\u00e7\u00e3o","description":"","publisher":{"@id":"https:\/\/redeicm.org.br\/domfeliciano\/#organization"},"potentialAction":[{"@type":"SearchAction","target":{"@type":"EntryPoint","urlTemplate":"https:\/\/redeicm.org.br\/domfeliciano\/?s={search_term_string}"},"query-input":{"@type":"PropertyValueSpecification","valueRequired":true,"valueName":"search_term_string"}}],"inLanguage":"pt-BR"},{"@type":"Organization","@id":"https:\/\/redeicm.org.br\/domfeliciano\/#organization","name":"Col\u00e9gio Dom Feliciano | Rede ICM de educa\u00e7\u00e3o","url":"https:\/\/redeicm.org.br\/domfeliciano\/","logo":{"@type":"ImageObject","inLanguage":"pt-BR","@id":"https:\/\/redeicm.org.br\/domfeliciano\/#\/schema\/logo\/image\/","url":"https:\/\/redeicm.org.br\/domfeliciano\/wp-content\/uploads\/sites\/10\/2024\/08\/Logo-ColegioDomFeliciano-100Anos.png","contentUrl":"https:\/\/redeicm.org.br\/domfeliciano\/wp-content\/uploads\/sites\/10\/2024\/08\/Logo-ColegioDomFeliciano-100Anos.png","width":950,"height":228,"caption":"Col\u00e9gio Dom Feliciano | Rede ICM de educa\u00e7\u00e3o"},"image":{"@id":"https:\/\/redeicm.org.br\/domfeliciano\/#\/schema\/logo\/image\/"}}]}},"_links":{"self":[{"href":"https:\/\/redeicm.org.br\/domfeliciano\/wp-json\/wp\/v2\/pages\/337","targetHints":{"allow":["GET"]}}],"collection":[{"href":"https:\/\/redeicm.org.br\/domfeliciano\/wp-json\/wp\/v2\/pages"}],"about":[{"href":"https:\/\/redeicm.org.br\/domfeliciano\/wp-json\/wp\/v2\/types\/page"}],"author":[{"embeddable":true,"href":"https:\/\/redeicm.org.br\/domfeliciano\/wp-json\/wp\/v2\/users\/1"}],"replies":[{"embeddable":true,"href":"https:\/\/redeicm.org.br\/domfeliciano\/wp-json\/wp\/v2\/comments?post=337"}],"version-history":[{"count":3,"href":"https:\/\/redeicm.org.br\/domfeliciano\/wp-json\/wp\/v2\/pages\/337\/revisions"}],"predecessor-version":[{"id":3262,"href":"https:\/\/redeicm.org.br\/domfeliciano\/wp-json\/wp\/v2\/pages\/337\/revisions\/3262"}],"wp:attachment":[{"href":"https:\/\/redeicm.org.br\/domfeliciano\/wp-json\/wp\/v2\/media?parent=337"}],"curies":[{"name":"wp","href":"https:\/\/api.w.org\/{rel}","templated":true}]}}