{"id":320,"date":"2024-08-29T13:52:46","date_gmt":"2024-08-29T16:52:46","guid":{"rendered":"https:\/\/redeicm.org.br\/domfeliciano\/?page_id=320"},"modified":"2025-05-30T09:28:38","modified_gmt":"2025-05-30T12:28:38","slug":"hino","status":"publish","type":"page","link":"https:\/\/redeicm.org.br\/domfeliciano\/hino\/","title":{"rendered":"Hino"},"content":{"rendered":"\t\t<div data-elementor-type=\"wp-page\" data-elementor-id=\"320\" class=\"elementor elementor-320\" data-elementor-post-type=\"page\">\n\t\t\t\t<div class=\"elementor-element elementor-element-13b370a3 e-flex e-con-boxed e-con e-parent\" data-id=\"13b370a3\" data-element_type=\"container\" data-e-type=\"container\" data-settings=\"{&quot;background_background&quot;:&quot;classic&quot;}\">\n\t\t\t\t\t<div class=\"e-con-inner\">\n\t\t\t\t<div class=\"elementor-element elementor-element-2ca62c84 elementor-widget elementor-widget-heading\" data-id=\"2ca62c84\" data-element_type=\"widget\" data-e-type=\"widget\" data-widget_type=\"heading.default\">\n\t\t\t\t<div class=\"elementor-widget-container\">\n\t\t\t\t\t<h1 class=\"elementor-heading-title elementor-size-default\">Hino<\/h1>\t\t\t\t<\/div>\n\t\t\t\t<\/div>\n\t\t\t\t\t<\/div>\n\t\t\t\t<\/div>\n\t\t<div class=\"elementor-element elementor-element-afce361 e-con-full e-flex e-con e-parent\" data-id=\"afce361\" data-element_type=\"container\" data-e-type=\"container\">\n\t\t<div class=\"elementor-element elementor-element-70e9d11 e-flex e-con-boxed e-con e-child\" data-id=\"70e9d11\" data-element_type=\"container\" data-e-type=\"container\">\n\t\t\t\t\t<div class=\"e-con-inner\">\n\t\t\t\t<div class=\"elementor-element elementor-element-8f9794a elementor-invisible elementor-widget elementor-widget-text-editor\" data-id=\"8f9794a\" data-element_type=\"widget\" data-e-type=\"widget\" data-settings=\"{&quot;_animation&quot;:&quot;fadeInUp&quot;}\" data-widget_type=\"text-editor.default\">\n\t\t\t\t<div class=\"elementor-widget-container\">\n\t\t\t\t\t\t\t\t\t<p><em>Letra: Prof<sup>a<\/sup>\u00a0Jaqueline Fonseca Ourique<\/em><br \/><em>M\u00fasica: Irm\u00e3 Miria Koling<\/em><\/p><p>1.\u00a0\u00a0\u00a0 Suscitando os valores da vida<br \/>A partilha, o respeito e o amor<br \/>Promovendo a paz e a justi\u00e7a<br \/>Na certeza de um mundo melhor.<\/p><p><strong>Estrib.: Dom Feliciano, educando para a vida<\/strong><br \/><strong>\u00a0\u00a0\u00a0\u00a0\u00a0\u00a0\u00a0\u00a0\u00a0\u00a0\u00a0\u00a0\u00a0Dom Feliciano, nossa escola t\u00e3o querida<\/strong><br \/><strong>\u00a0\u00a0\u00a0\u00a0\u00a0\u00a0\u00a0\u00a0\u00a0\u00a0\u00a0\u00a0\u00a0Dom Feliciano, uma hist\u00f3ria e muitas vidas<\/strong><br \/><strong>\u00a0\u00a0\u00a0\u00a0\u00a0\u00a0\u00a0\u00a0\u00a0\u00a0\u00a0\u00a0\u00a0Dom Feliciano, te saudamos com louvor.<\/strong><\/p><p>2.\u00a0\u00a0\u00a0 Uma inst\u00e2ncia evangelizadora<br \/>A miss\u00e3o de educar nos conduz<br \/>S\u00e3o projetos abrindo caminhos<br \/>Como B\u00e1rbara \u00e9 nossa luz.<\/p><p>3.\u00a0\u00a0\u00a0 Aprender e ensinar com o exemplo<br \/>Compromisso que nos faz crescer<br \/>Semeando a esperan\u00e7a e alegria<br \/>Construindo um novo saber.<\/p>\t\t\t\t\t\t\t\t<\/div>\n\t\t\t\t<\/div>\n\t\t\t\t\t<\/div>\n\t\t\t\t<\/div>\n\t\t\t\t<\/div>\n\t\t\t\t<\/div>\n\t\t","protected":false},"excerpt":{"rendered":"<p>Letra: Profa\u00a0Jaqueline Fonseca OuriqueM\u00fasica: Irm\u00e3 Miria Koling 1.\u00a0\u00a0\u00a0 Suscitando os valores da vidaA partilha, o respeito e o amorPromovendo a paz e a justi\u00e7aNa certeza de um mundo melhor. Estrib.: Dom Feliciano, educando para a vida\u00a0\u00a0\u00a0\u00a0\u00a0\u00a0\u00a0\u00a0\u00a0\u00a0\u00a0\u00a0\u00a0Dom Feliciano, nossa escola t\u00e3o querida\u00a0\u00a0\u00a0\u00a0\u00a0\u00a0\u00a0\u00a0\u00a0\u00a0\u00a0\u00a0\u00a0Dom Feliciano, uma hist\u00f3ria e muitas vidas\u00a0\u00a0\u00a0\u00a0\u00a0\u00a0\u00a0\u00a0\u00a0\u00a0\u00a0\u00a0\u00a0Dom Feliciano, te saudamos com louvor. 2.\u00a0\u00a0\u00a0 Uma inst\u00e2ncia [&hellip;]<\/p>\n","protected":false},"author":1,"featured_media":0,"parent":0,"menu_order":0,"comment_status":"closed","ping_status":"closed","template":"","meta":{"_acf_changed":false,"footnotes":""},"class_list":["post-320","page","type-page","status-publish","hentry"],"acf":[],"yoast_head":"<!-- This site is optimized with the Yoast SEO plugin v26.3 - https:\/\/yoast.com\/wordpress\/plugins\/seo\/ -->\n<title>Hino - Col\u00e9gio Dom Feliciano | Rede ICM de educa\u00e7\u00e3o<\/title>\n<meta name=\"robots\" content=\"index, follow, max-snippet:-1, max-image-preview:large, max-video-preview:-1\" \/>\n<link rel=\"canonical\" href=\"https:\/\/redeicm.org.br\/domfeliciano\/hino\/\" \/>\n<meta property=\"og:locale\" content=\"pt_BR\" \/>\n<meta property=\"og:type\" content=\"article\" \/>\n<meta property=\"og:title\" content=\"Hino - Col\u00e9gio Dom Feliciano | Rede ICM de educa\u00e7\u00e3o\" \/>\n<meta property=\"og:description\" content=\"Letra: Profa\u00a0Jaqueline Fonseca OuriqueM\u00fasica: Irm\u00e3 Miria Koling 1.\u00a0\u00a0\u00a0 Suscitando os valores da vidaA partilha, o respeito e o amorPromovendo a paz e a justi\u00e7aNa certeza de um mundo melhor. Estrib.: Dom Feliciano, educando para a vida\u00a0\u00a0\u00a0\u00a0\u00a0\u00a0\u00a0\u00a0\u00a0\u00a0\u00a0\u00a0\u00a0Dom Feliciano, nossa escola t\u00e3o querida\u00a0\u00a0\u00a0\u00a0\u00a0\u00a0\u00a0\u00a0\u00a0\u00a0\u00a0\u00a0\u00a0Dom Feliciano, uma hist\u00f3ria e muitas vidas\u00a0\u00a0\u00a0\u00a0\u00a0\u00a0\u00a0\u00a0\u00a0\u00a0\u00a0\u00a0\u00a0Dom Feliciano, te saudamos com louvor. 2.\u00a0\u00a0\u00a0 Uma inst\u00e2ncia [&hellip;]\" \/>\n<meta property=\"og:url\" content=\"https:\/\/redeicm.org.br\/domfeliciano\/hino\/\" \/>\n<meta property=\"og:site_name\" content=\"Col\u00e9gio Dom Feliciano | Rede ICM de educa\u00e7\u00e3o\" \/>\n<meta property=\"article:modified_time\" content=\"2025-05-30T12:28:38+00:00\" \/>\n<meta property=\"og:image\" content=\"https:\/\/redeicm.org.br\/domfeliciano\/wp-content\/uploads\/sites\/10\/2024\/08\/banner-educacao-infantil.jpg\" \/>\n\t<meta property=\"og:image:width\" content=\"1440\" \/>\n\t<meta property=\"og:image:height\" content=\"400\" \/>\n\t<meta property=\"og:image:type\" content=\"image\/jpeg\" \/>\n<meta name=\"twitter:card\" content=\"summary_large_image\" \/>\n<meta name=\"twitter:label1\" content=\"Est. tempo de leitura\" \/>\n\t<meta name=\"twitter:data1\" content=\"1 minuto\" \/>\n<script type=\"application\/ld+json\" class=\"yoast-schema-graph\">{\"@context\":\"https:\/\/schema.org\",\"@graph\":[{\"@type\":\"WebPage\",\"@id\":\"https:\/\/redeicm.org.br\/domfeliciano\/hino\/\",\"url\":\"https:\/\/redeicm.org.br\/domfeliciano\/hino\/\",\"name\":\"Hino - Col\u00e9gio Dom Feliciano | Rede ICM de educa\u00e7\u00e3o\",\"isPartOf\":{\"@id\":\"https:\/\/redeicm.org.br\/domfeliciano\/#website\"},\"datePublished\":\"2024-08-29T16:52:46+00:00\",\"dateModified\":\"2025-05-30T12:28:38+00:00\",\"breadcrumb\":{\"@id\":\"https:\/\/redeicm.org.br\/domfeliciano\/hino\/#breadcrumb\"},\"inLanguage\":\"pt-BR\",\"potentialAction\":[{\"@type\":\"ReadAction\",\"target\":[\"https:\/\/redeicm.org.br\/domfeliciano\/hino\/\"]}]},{\"@type\":\"BreadcrumbList\",\"@id\":\"https:\/\/redeicm.org.br\/domfeliciano\/hino\/#breadcrumb\",\"itemListElement\":[{\"@type\":\"ListItem\",\"position\":1,\"name\":\"In\u00edcio\",\"item\":\"https:\/\/redeicm.org.br\/domfeliciano\/\"},{\"@type\":\"ListItem\",\"position\":2,\"name\":\"Hino\"}]},{\"@type\":\"WebSite\",\"@id\":\"https:\/\/redeicm.org.br\/domfeliciano\/#website\",\"url\":\"https:\/\/redeicm.org.br\/domfeliciano\/\",\"name\":\"Col\u00e9gio Dom Feliciano | Rede ICM de educa\u00e7\u00e3o\",\"description\":\"\",\"publisher\":{\"@id\":\"https:\/\/redeicm.org.br\/domfeliciano\/#organization\"},\"potentialAction\":[{\"@type\":\"SearchAction\",\"target\":{\"@type\":\"EntryPoint\",\"urlTemplate\":\"https:\/\/redeicm.org.br\/domfeliciano\/?s={search_term_string}\"},\"query-input\":{\"@type\":\"PropertyValueSpecification\",\"valueRequired\":true,\"valueName\":\"search_term_string\"}}],\"inLanguage\":\"pt-BR\"},{\"@type\":\"Organization\",\"@id\":\"https:\/\/redeicm.org.br\/domfeliciano\/#organization\",\"name\":\"Col\u00e9gio Dom Feliciano | Rede ICM de educa\u00e7\u00e3o\",\"url\":\"https:\/\/redeicm.org.br\/domfeliciano\/\",\"logo\":{\"@type\":\"ImageObject\",\"inLanguage\":\"pt-BR\",\"@id\":\"https:\/\/redeicm.org.br\/domfeliciano\/#\/schema\/logo\/image\/\",\"url\":\"https:\/\/redeicm.org.br\/domfeliciano\/wp-content\/uploads\/sites\/10\/2024\/08\/Logo-ColegioDomFeliciano-100Anos.png\",\"contentUrl\":\"https:\/\/redeicm.org.br\/domfeliciano\/wp-content\/uploads\/sites\/10\/2024\/08\/Logo-ColegioDomFeliciano-100Anos.png\",\"width\":950,\"height\":228,\"caption\":\"Col\u00e9gio Dom Feliciano | Rede ICM de educa\u00e7\u00e3o\"},\"image\":{\"@id\":\"https:\/\/redeicm.org.br\/domfeliciano\/#\/schema\/logo\/image\/\"}}]}<\/script>\n<!-- \/ Yoast SEO plugin. -->","yoast_head_json":{"title":"Hino - Col\u00e9gio Dom Feliciano | Rede ICM de educa\u00e7\u00e3o","robots":{"index":"index","follow":"follow","max-snippet":"max-snippet:-1","max-image-preview":"max-image-preview:large","max-video-preview":"max-video-preview:-1"},"canonical":"https:\/\/redeicm.org.br\/domfeliciano\/hino\/","og_locale":"pt_BR","og_type":"article","og_title":"Hino - Col\u00e9gio Dom Feliciano | Rede ICM de educa\u00e7\u00e3o","og_description":"Letra: Profa\u00a0Jaqueline Fonseca OuriqueM\u00fasica: Irm\u00e3 Miria Koling 1.\u00a0\u00a0\u00a0 Suscitando os valores da vidaA partilha, o respeito e o amorPromovendo a paz e a justi\u00e7aNa certeza de um mundo melhor. Estrib.: Dom Feliciano, educando para a vida\u00a0\u00a0\u00a0\u00a0\u00a0\u00a0\u00a0\u00a0\u00a0\u00a0\u00a0\u00a0\u00a0Dom Feliciano, nossa escola t\u00e3o querida\u00a0\u00a0\u00a0\u00a0\u00a0\u00a0\u00a0\u00a0\u00a0\u00a0\u00a0\u00a0\u00a0Dom Feliciano, uma hist\u00f3ria e muitas vidas\u00a0\u00a0\u00a0\u00a0\u00a0\u00a0\u00a0\u00a0\u00a0\u00a0\u00a0\u00a0\u00a0Dom Feliciano, te saudamos com louvor. 2.\u00a0\u00a0\u00a0 Uma inst\u00e2ncia [&hellip;]","og_url":"https:\/\/redeicm.org.br\/domfeliciano\/hino\/","og_site_name":"Col\u00e9gio Dom Feliciano | Rede ICM de educa\u00e7\u00e3o","article_modified_time":"2025-05-30T12:28:38+00:00","og_image":[{"width":1440,"height":400,"url":"https:\/\/redeicm.org.br\/domfeliciano\/wp-content\/uploads\/sites\/10\/2024\/08\/banner-educacao-infantil.jpg","type":"image\/jpeg"}],"twitter_card":"summary_large_image","twitter_misc":{"Est. tempo de leitura":"1 minuto"},"schema":{"@context":"https:\/\/schema.org","@graph":[{"@type":"WebPage","@id":"https:\/\/redeicm.org.br\/domfeliciano\/hino\/","url":"https:\/\/redeicm.org.br\/domfeliciano\/hino\/","name":"Hino - Col\u00e9gio Dom Feliciano | Rede ICM de educa\u00e7\u00e3o","isPartOf":{"@id":"https:\/\/redeicm.org.br\/domfeliciano\/#website"},"datePublished":"2024-08-29T16:52:46+00:00","dateModified":"2025-05-30T12:28:38+00:00","breadcrumb":{"@id":"https:\/\/redeicm.org.br\/domfeliciano\/hino\/#breadcrumb"},"inLanguage":"pt-BR","potentialAction":[{"@type":"ReadAction","target":["https:\/\/redeicm.org.br\/domfeliciano\/hino\/"]}]},{"@type":"BreadcrumbList","@id":"https:\/\/redeicm.org.br\/domfeliciano\/hino\/#breadcrumb","itemListElement":[{"@type":"ListItem","position":1,"name":"In\u00edcio","item":"https:\/\/redeicm.org.br\/domfeliciano\/"},{"@type":"ListItem","position":2,"name":"Hino"}]},{"@type":"WebSite","@id":"https:\/\/redeicm.org.br\/domfeliciano\/#website","url":"https:\/\/redeicm.org.br\/domfeliciano\/","name":"Col\u00e9gio Dom Feliciano | Rede ICM de educa\u00e7\u00e3o","description":"","publisher":{"@id":"https:\/\/redeicm.org.br\/domfeliciano\/#organization"},"potentialAction":[{"@type":"SearchAction","target":{"@type":"EntryPoint","urlTemplate":"https:\/\/redeicm.org.br\/domfeliciano\/?s={search_term_string}"},"query-input":{"@type":"PropertyValueSpecification","valueRequired":true,"valueName":"search_term_string"}}],"inLanguage":"pt-BR"},{"@type":"Organization","@id":"https:\/\/redeicm.org.br\/domfeliciano\/#organization","name":"Col\u00e9gio Dom Feliciano | Rede ICM de educa\u00e7\u00e3o","url":"https:\/\/redeicm.org.br\/domfeliciano\/","logo":{"@type":"ImageObject","inLanguage":"pt-BR","@id":"https:\/\/redeicm.org.br\/domfeliciano\/#\/schema\/logo\/image\/","url":"https:\/\/redeicm.org.br\/domfeliciano\/wp-content\/uploads\/sites\/10\/2024\/08\/Logo-ColegioDomFeliciano-100Anos.png","contentUrl":"https:\/\/redeicm.org.br\/domfeliciano\/wp-content\/uploads\/sites\/10\/2024\/08\/Logo-ColegioDomFeliciano-100Anos.png","width":950,"height":228,"caption":"Col\u00e9gio Dom Feliciano | Rede ICM de educa\u00e7\u00e3o"},"image":{"@id":"https:\/\/redeicm.org.br\/domfeliciano\/#\/schema\/logo\/image\/"}}]}},"_links":{"self":[{"href":"https:\/\/redeicm.org.br\/domfeliciano\/wp-json\/wp\/v2\/pages\/320","targetHints":{"allow":["GET"]}}],"collection":[{"href":"https:\/\/redeicm.org.br\/domfeliciano\/wp-json\/wp\/v2\/pages"}],"about":[{"href":"https:\/\/redeicm.org.br\/domfeliciano\/wp-json\/wp\/v2\/types\/page"}],"author":[{"embeddable":true,"href":"https:\/\/redeicm.org.br\/domfeliciano\/wp-json\/wp\/v2\/users\/1"}],"replies":[{"embeddable":true,"href":"https:\/\/redeicm.org.br\/domfeliciano\/wp-json\/wp\/v2\/comments?post=320"}],"version-history":[{"count":3,"href":"https:\/\/redeicm.org.br\/domfeliciano\/wp-json\/wp\/v2\/pages\/320\/revisions"}],"predecessor-version":[{"id":2752,"href":"https:\/\/redeicm.org.br\/domfeliciano\/wp-json\/wp\/v2\/pages\/320\/revisions\/2752"}],"wp:attachment":[{"href":"https:\/\/redeicm.org.br\/domfeliciano\/wp-json\/wp\/v2\/media?parent=320"}],"curies":[{"name":"wp","href":"https:\/\/api.w.org\/{rel}","templated":true}]}}