{"id":309,"date":"2024-08-29T13:51:05","date_gmt":"2024-08-29T16:51:05","guid":{"rendered":"https:\/\/redeicm.org.br\/domfeliciano\/?page_id=309"},"modified":"2025-05-30T09:26:54","modified_gmt":"2025-05-30T12:26:54","slug":"avaliacao","status":"publish","type":"page","link":"https:\/\/redeicm.org.br\/domfeliciano\/avaliacao\/","title":{"rendered":"Avalia\u00e7\u00e3o"},"content":{"rendered":"\t\t<div data-elementor-type=\"wp-page\" data-elementor-id=\"309\" class=\"elementor elementor-309\" data-elementor-post-type=\"page\">\n\t\t\t\t<div class=\"elementor-element elementor-element-13b370a3 e-flex e-con-boxed e-con e-parent\" data-id=\"13b370a3\" data-element_type=\"container\" data-e-type=\"container\" data-settings=\"{&quot;background_background&quot;:&quot;classic&quot;}\">\n\t\t\t\t\t<div class=\"e-con-inner\">\n\t\t\t\t<div class=\"elementor-element elementor-element-2ca62c84 elementor-widget elementor-widget-heading\" data-id=\"2ca62c84\" data-element_type=\"widget\" data-e-type=\"widget\" data-widget_type=\"heading.default\">\n\t\t\t\t<div class=\"elementor-widget-container\">\n\t\t\t\t\t<h1 class=\"elementor-heading-title elementor-size-default\">Avalia\u00e7\u00e3o<\/h1>\t\t\t\t<\/div>\n\t\t\t\t<\/div>\n\t\t\t\t\t<\/div>\n\t\t\t\t<\/div>\n\t\t<div class=\"elementor-element elementor-element-fdb1200 e-flex e-con-boxed e-con e-parent\" data-id=\"fdb1200\" data-element_type=\"container\" data-e-type=\"container\">\n\t\t\t\t\t<div class=\"e-con-inner\">\n\t\t\t\t<div class=\"elementor-element elementor-element-af785c1 elementor-widget elementor-widget-text-editor\" data-id=\"af785c1\" data-element_type=\"widget\" data-e-type=\"widget\" data-widget_type=\"text-editor.default\">\n\t\t\t\t<div class=\"elementor-widget-container\">\n\t\t\t\t\t\t\t\t\t<h3 style=\"text-align: justify\"><strong>AVALIA\u00c7\u00c3O DO COL\u00c9GIO<\/strong><\/h3><div class=\"title-stripes\" style=\"text-align: justify\">A avalia\u00e7\u00e3o est\u00e1 vinculada \u00e0 metodologia e organiza\u00e7\u00e3o curricular do Col\u00e9gio. \u00c9 uma pr\u00e1tica de investiga\u00e7\u00e3o diagn\u00f3stica, porque sinaliza as incompletudes do processo educacional; \u00e9 progn\u00f3stica e transformadora, porque analisa a pr\u00e1tica em busca de coer\u00eancia com os fins propostos; \u00e9 sistem\u00e1tica e mediadora porque acompanha e promove a aprendizagem em um processo de an\u00e1lise da fundamenta\u00e7\u00e3o te\u00f3rica que a orienta e a motiva no desenvolvimento das rela\u00e7\u00f5es pedag\u00f3gicas em geral e da din\u00e2mica do processo ensino-aprendizagem, oportunizando a\u00e7\u00e3o-reflex\u00e3o-a\u00e7\u00e3o, num comprometimento permanente do Educador e do Educando, com a finalidade de reorientar o processo pedag\u00f3gico \u00e0 luz do Projeto Educativo ICM. Avalia para oferecer par\u00e2metros, estimulando mudan\u00e7as de estrat\u00e9gia.<\/div><p style=\"text-align: justify\" align=\"justify\">O processo dinamizador da avalia\u00e7\u00e3o do Col\u00e9gio encontra-se no Projeto Pol\u00edtico- Pedag\u00f3gico.<\/p><h3 style=\"text-align: justify\"><strong>AVALIA\u00c7\u00c3O DO EDUCANDO<\/strong><\/h3><p style=\"text-align: justify\">A avalia\u00e7\u00e3o \u00e9 realizada durante o processo de constru\u00e7\u00e3o e reconstru\u00e7\u00e3o do conhecimento cognitivo, social, afetivo e espiritual em uma din\u00e2mica de ensino aprendizagem que oportuniza o desenvolvimento das habilidades, valores e compet\u00eancias, atrav\u00e9s da aplica\u00e7\u00e3o de t\u00e9cnicas e din\u00e2micas individuais e em grupo, apresenta\u00e7\u00f5es de trabalhos, elabora\u00e7\u00e3o e desenvolvimento de projetos, de relat\u00f3rios de visitas de estudo, aplica\u00e7\u00e3o de instrumentos oral e escrito, debates e semin\u00e1rios, entre outros. Nessas oportunidades o Educando desenvolve habilidades, valores e compet\u00eancias em situa\u00e7\u00f5es-problema que se apresentam na vida cotidiana, no mundo do trabalho e na sociedade, com a finalidade de diagnosticar e reorientar o processo pedag\u00f3gico.<\/p><p style=\"text-align: justify\">O processo dinamizador da avalia\u00e7\u00e3o do Educando encontra-se no Projeto Pol\u00edtico- Pedag\u00f3gico.<\/p>\t\t\t\t\t\t\t\t<\/div>\n\t\t\t\t<\/div>\n\t\t\t\t\t<\/div>\n\t\t\t\t<\/div>\n\t\t\t\t<\/div>\n\t\t","protected":false},"excerpt":{"rendered":"<p>AVALIA\u00c7\u00c3O DO COL\u00c9GIO A avalia\u00e7\u00e3o est\u00e1 vinculada \u00e0 metodologia e organiza\u00e7\u00e3o curricular do Col\u00e9gio. \u00c9 uma pr\u00e1tica de investiga\u00e7\u00e3o diagn\u00f3stica, porque sinaliza as incompletudes do processo educacional; \u00e9 progn\u00f3stica e transformadora, porque analisa a pr\u00e1tica em busca de coer\u00eancia com os fins propostos; \u00e9 sistem\u00e1tica e mediadora porque acompanha e promove a aprendizagem em um [&hellip;]<\/p>\n","protected":false},"author":1,"featured_media":0,"parent":0,"menu_order":0,"comment_status":"closed","ping_status":"closed","template":"","meta":{"_acf_changed":false,"footnotes":""},"class_list":["post-309","page","type-page","status-publish","hentry"],"acf":[],"yoast_head":"<!-- This site is optimized with the Yoast SEO plugin v26.3 - https:\/\/yoast.com\/wordpress\/plugins\/seo\/ -->\n<title>Avalia\u00e7\u00e3o - Col\u00e9gio Dom Feliciano | Rede ICM de educa\u00e7\u00e3o<\/title>\n<meta name=\"robots\" content=\"index, follow, max-snippet:-1, max-image-preview:large, max-video-preview:-1\" \/>\n<link rel=\"canonical\" href=\"https:\/\/redeicm.org.br\/domfeliciano\/avaliacao\/\" \/>\n<meta property=\"og:locale\" content=\"pt_BR\" \/>\n<meta property=\"og:type\" content=\"article\" \/>\n<meta property=\"og:title\" content=\"Avalia\u00e7\u00e3o - Col\u00e9gio Dom Feliciano | Rede ICM de educa\u00e7\u00e3o\" \/>\n<meta property=\"og:description\" content=\"AVALIA\u00c7\u00c3O DO COL\u00c9GIO A avalia\u00e7\u00e3o est\u00e1 vinculada \u00e0 metodologia e organiza\u00e7\u00e3o curricular do Col\u00e9gio. \u00c9 uma pr\u00e1tica de investiga\u00e7\u00e3o diagn\u00f3stica, porque sinaliza as incompletudes do processo educacional; \u00e9 progn\u00f3stica e transformadora, porque analisa a pr\u00e1tica em busca de coer\u00eancia com os fins propostos; \u00e9 sistem\u00e1tica e mediadora porque acompanha e promove a aprendizagem em um [&hellip;]\" \/>\n<meta property=\"og:url\" content=\"https:\/\/redeicm.org.br\/domfeliciano\/avaliacao\/\" \/>\n<meta property=\"og:site_name\" content=\"Col\u00e9gio Dom Feliciano | Rede ICM de educa\u00e7\u00e3o\" \/>\n<meta property=\"article:modified_time\" content=\"2025-05-30T12:26:54+00:00\" \/>\n<meta property=\"og:image\" content=\"https:\/\/redeicm.org.br\/domfeliciano\/wp-content\/uploads\/sites\/10\/2024\/08\/banner-educacao-infantil.jpg\" \/>\n\t<meta property=\"og:image:width\" content=\"1440\" \/>\n\t<meta property=\"og:image:height\" content=\"400\" \/>\n\t<meta property=\"og:image:type\" content=\"image\/jpeg\" \/>\n<meta name=\"twitter:card\" content=\"summary_large_image\" \/>\n<meta name=\"twitter:label1\" content=\"Est. tempo de leitura\" \/>\n\t<meta name=\"twitter:data1\" content=\"2 minutos\" \/>\n<script type=\"application\/ld+json\" class=\"yoast-schema-graph\">{\"@context\":\"https:\/\/schema.org\",\"@graph\":[{\"@type\":\"WebPage\",\"@id\":\"https:\/\/redeicm.org.br\/domfeliciano\/avaliacao\/\",\"url\":\"https:\/\/redeicm.org.br\/domfeliciano\/avaliacao\/\",\"name\":\"Avalia\u00e7\u00e3o - Col\u00e9gio Dom Feliciano | Rede ICM de educa\u00e7\u00e3o\",\"isPartOf\":{\"@id\":\"https:\/\/redeicm.org.br\/domfeliciano\/#website\"},\"datePublished\":\"2024-08-29T16:51:05+00:00\",\"dateModified\":\"2025-05-30T12:26:54+00:00\",\"breadcrumb\":{\"@id\":\"https:\/\/redeicm.org.br\/domfeliciano\/avaliacao\/#breadcrumb\"},\"inLanguage\":\"pt-BR\",\"potentialAction\":[{\"@type\":\"ReadAction\",\"target\":[\"https:\/\/redeicm.org.br\/domfeliciano\/avaliacao\/\"]}]},{\"@type\":\"BreadcrumbList\",\"@id\":\"https:\/\/redeicm.org.br\/domfeliciano\/avaliacao\/#breadcrumb\",\"itemListElement\":[{\"@type\":\"ListItem\",\"position\":1,\"name\":\"In\u00edcio\",\"item\":\"https:\/\/redeicm.org.br\/domfeliciano\/\"},{\"@type\":\"ListItem\",\"position\":2,\"name\":\"Avalia\u00e7\u00e3o\"}]},{\"@type\":\"WebSite\",\"@id\":\"https:\/\/redeicm.org.br\/domfeliciano\/#website\",\"url\":\"https:\/\/redeicm.org.br\/domfeliciano\/\",\"name\":\"Col\u00e9gio Dom Feliciano | Rede ICM de educa\u00e7\u00e3o\",\"description\":\"\",\"publisher\":{\"@id\":\"https:\/\/redeicm.org.br\/domfeliciano\/#organization\"},\"potentialAction\":[{\"@type\":\"SearchAction\",\"target\":{\"@type\":\"EntryPoint\",\"urlTemplate\":\"https:\/\/redeicm.org.br\/domfeliciano\/?s={search_term_string}\"},\"query-input\":{\"@type\":\"PropertyValueSpecification\",\"valueRequired\":true,\"valueName\":\"search_term_string\"}}],\"inLanguage\":\"pt-BR\"},{\"@type\":\"Organization\",\"@id\":\"https:\/\/redeicm.org.br\/domfeliciano\/#organization\",\"name\":\"Col\u00e9gio Dom Feliciano | Rede ICM de educa\u00e7\u00e3o\",\"url\":\"https:\/\/redeicm.org.br\/domfeliciano\/\",\"logo\":{\"@type\":\"ImageObject\",\"inLanguage\":\"pt-BR\",\"@id\":\"https:\/\/redeicm.org.br\/domfeliciano\/#\/schema\/logo\/image\/\",\"url\":\"https:\/\/redeicm.org.br\/domfeliciano\/wp-content\/uploads\/sites\/10\/2024\/08\/Logo-ColegioDomFeliciano-100Anos.png\",\"contentUrl\":\"https:\/\/redeicm.org.br\/domfeliciano\/wp-content\/uploads\/sites\/10\/2024\/08\/Logo-ColegioDomFeliciano-100Anos.png\",\"width\":950,\"height\":228,\"caption\":\"Col\u00e9gio Dom Feliciano | Rede ICM de educa\u00e7\u00e3o\"},\"image\":{\"@id\":\"https:\/\/redeicm.org.br\/domfeliciano\/#\/schema\/logo\/image\/\"}}]}<\/script>\n<!-- \/ Yoast SEO plugin. -->","yoast_head_json":{"title":"Avalia\u00e7\u00e3o - Col\u00e9gio Dom Feliciano | Rede ICM de educa\u00e7\u00e3o","robots":{"index":"index","follow":"follow","max-snippet":"max-snippet:-1","max-image-preview":"max-image-preview:large","max-video-preview":"max-video-preview:-1"},"canonical":"https:\/\/redeicm.org.br\/domfeliciano\/avaliacao\/","og_locale":"pt_BR","og_type":"article","og_title":"Avalia\u00e7\u00e3o - Col\u00e9gio Dom Feliciano | Rede ICM de educa\u00e7\u00e3o","og_description":"AVALIA\u00c7\u00c3O DO COL\u00c9GIO A avalia\u00e7\u00e3o est\u00e1 vinculada \u00e0 metodologia e organiza\u00e7\u00e3o curricular do Col\u00e9gio. \u00c9 uma pr\u00e1tica de investiga\u00e7\u00e3o diagn\u00f3stica, porque sinaliza as incompletudes do processo educacional; \u00e9 progn\u00f3stica e transformadora, porque analisa a pr\u00e1tica em busca de coer\u00eancia com os fins propostos; \u00e9 sistem\u00e1tica e mediadora porque acompanha e promove a aprendizagem em um [&hellip;]","og_url":"https:\/\/redeicm.org.br\/domfeliciano\/avaliacao\/","og_site_name":"Col\u00e9gio Dom Feliciano | Rede ICM de educa\u00e7\u00e3o","article_modified_time":"2025-05-30T12:26:54+00:00","og_image":[{"width":1440,"height":400,"url":"https:\/\/redeicm.org.br\/domfeliciano\/wp-content\/uploads\/sites\/10\/2024\/08\/banner-educacao-infantil.jpg","type":"image\/jpeg"}],"twitter_card":"summary_large_image","twitter_misc":{"Est. tempo de leitura":"2 minutos"},"schema":{"@context":"https:\/\/schema.org","@graph":[{"@type":"WebPage","@id":"https:\/\/redeicm.org.br\/domfeliciano\/avaliacao\/","url":"https:\/\/redeicm.org.br\/domfeliciano\/avaliacao\/","name":"Avalia\u00e7\u00e3o - Col\u00e9gio Dom Feliciano | Rede ICM de educa\u00e7\u00e3o","isPartOf":{"@id":"https:\/\/redeicm.org.br\/domfeliciano\/#website"},"datePublished":"2024-08-29T16:51:05+00:00","dateModified":"2025-05-30T12:26:54+00:00","breadcrumb":{"@id":"https:\/\/redeicm.org.br\/domfeliciano\/avaliacao\/#breadcrumb"},"inLanguage":"pt-BR","potentialAction":[{"@type":"ReadAction","target":["https:\/\/redeicm.org.br\/domfeliciano\/avaliacao\/"]}]},{"@type":"BreadcrumbList","@id":"https:\/\/redeicm.org.br\/domfeliciano\/avaliacao\/#breadcrumb","itemListElement":[{"@type":"ListItem","position":1,"name":"In\u00edcio","item":"https:\/\/redeicm.org.br\/domfeliciano\/"},{"@type":"ListItem","position":2,"name":"Avalia\u00e7\u00e3o"}]},{"@type":"WebSite","@id":"https:\/\/redeicm.org.br\/domfeliciano\/#website","url":"https:\/\/redeicm.org.br\/domfeliciano\/","name":"Col\u00e9gio Dom Feliciano | Rede ICM de educa\u00e7\u00e3o","description":"","publisher":{"@id":"https:\/\/redeicm.org.br\/domfeliciano\/#organization"},"potentialAction":[{"@type":"SearchAction","target":{"@type":"EntryPoint","urlTemplate":"https:\/\/redeicm.org.br\/domfeliciano\/?s={search_term_string}"},"query-input":{"@type":"PropertyValueSpecification","valueRequired":true,"valueName":"search_term_string"}}],"inLanguage":"pt-BR"},{"@type":"Organization","@id":"https:\/\/redeicm.org.br\/domfeliciano\/#organization","name":"Col\u00e9gio Dom Feliciano | Rede ICM de educa\u00e7\u00e3o","url":"https:\/\/redeicm.org.br\/domfeliciano\/","logo":{"@type":"ImageObject","inLanguage":"pt-BR","@id":"https:\/\/redeicm.org.br\/domfeliciano\/#\/schema\/logo\/image\/","url":"https:\/\/redeicm.org.br\/domfeliciano\/wp-content\/uploads\/sites\/10\/2024\/08\/Logo-ColegioDomFeliciano-100Anos.png","contentUrl":"https:\/\/redeicm.org.br\/domfeliciano\/wp-content\/uploads\/sites\/10\/2024\/08\/Logo-ColegioDomFeliciano-100Anos.png","width":950,"height":228,"caption":"Col\u00e9gio Dom Feliciano | Rede ICM de educa\u00e7\u00e3o"},"image":{"@id":"https:\/\/redeicm.org.br\/domfeliciano\/#\/schema\/logo\/image\/"}}]}},"_links":{"self":[{"href":"https:\/\/redeicm.org.br\/domfeliciano\/wp-json\/wp\/v2\/pages\/309","targetHints":{"allow":["GET"]}}],"collection":[{"href":"https:\/\/redeicm.org.br\/domfeliciano\/wp-json\/wp\/v2\/pages"}],"about":[{"href":"https:\/\/redeicm.org.br\/domfeliciano\/wp-json\/wp\/v2\/types\/page"}],"author":[{"embeddable":true,"href":"https:\/\/redeicm.org.br\/domfeliciano\/wp-json\/wp\/v2\/users\/1"}],"replies":[{"embeddable":true,"href":"https:\/\/redeicm.org.br\/domfeliciano\/wp-json\/wp\/v2\/comments?post=309"}],"version-history":[{"count":3,"href":"https:\/\/redeicm.org.br\/domfeliciano\/wp-json\/wp\/v2\/pages\/309\/revisions"}],"predecessor-version":[{"id":2737,"href":"https:\/\/redeicm.org.br\/domfeliciano\/wp-json\/wp\/v2\/pages\/309\/revisions\/2737"}],"wp:attachment":[{"href":"https:\/\/redeicm.org.br\/domfeliciano\/wp-json\/wp\/v2\/media?parent=309"}],"curies":[{"name":"wp","href":"https:\/\/api.w.org\/{rel}","templated":true}]}}