{"id":290,"date":"2024-08-29T13:46:11","date_gmt":"2024-08-29T16:46:11","guid":{"rendered":"https:\/\/redeicm.org.br\/domfeliciano\/?page_id=290"},"modified":"2025-09-09T16:39:40","modified_gmt":"2025-09-09T19:39:40","slug":"sobre-a-unidade-de-educacao","status":"publish","type":"page","link":"https:\/\/redeicm.org.br\/domfeliciano\/sobre-a-unidade-de-educacao\/","title":{"rendered":"Sobre a Unidade de Educa\u00e7\u00e3o"},"content":{"rendered":"\t\t<div data-elementor-type=\"wp-page\" data-elementor-id=\"290\" class=\"elementor elementor-290\" data-elementor-post-type=\"page\">\n\t\t\t\t<div class=\"elementor-element elementor-element-13b370a3 e-flex e-con-boxed e-con e-parent\" data-id=\"13b370a3\" data-element_type=\"container\" data-e-type=\"container\" data-settings=\"{&quot;background_background&quot;:&quot;classic&quot;}\">\n\t\t\t\t\t<div class=\"e-con-inner\">\n\t\t\t\t<div class=\"elementor-element elementor-element-2ca62c84 elementor-widget elementor-widget-heading\" data-id=\"2ca62c84\" data-element_type=\"widget\" data-e-type=\"widget\" data-widget_type=\"heading.default\">\n\t\t\t\t<div class=\"elementor-widget-container\">\n\t\t\t\t\t<h1 class=\"elementor-heading-title elementor-size-default\">Sobre a Unidade de Educa\u00e7\u00e3o<\/h1>\t\t\t\t<\/div>\n\t\t\t\t<\/div>\n\t\t\t\t\t<\/div>\n\t\t\t\t<\/div>\n\t\t<div class=\"elementor-element elementor-element-7e6db56 e-flex e-con-boxed e-con e-parent\" data-id=\"7e6db56\" data-element_type=\"container\" data-e-type=\"container\">\n\t\t\t\t\t<div class=\"e-con-inner\">\n\t\t<div class=\"elementor-element elementor-element-5896928 e-con-full e-flex e-con e-child\" data-id=\"5896928\" data-element_type=\"container\" data-e-type=\"container\">\n\t\t\t\t<div class=\"elementor-element elementor-element-c976788 elementor-widget elementor-widget-image\" data-id=\"c976788\" data-element_type=\"widget\" data-e-type=\"widget\" data-widget_type=\"image.default\">\n\t\t\t\t<div class=\"elementor-widget-container\">\n\t\t\t\t\t\t\t\t\t\t\t\t\t\t\t<img fetchpriority=\"high\" decoding=\"async\" width=\"310\" height=\"480\" src=\"https:\/\/redeicm.org.br\/domfeliciano\/wp-content\/uploads\/sites\/10\/2024\/08\/img-historico-1.png\" class=\"attachment-large size-large wp-image-293\" alt=\"\" srcset=\"https:\/\/redeicm.org.br\/domfeliciano\/wp-content\/uploads\/sites\/10\/2024\/08\/img-historico-1.png 310w, https:\/\/redeicm.org.br\/domfeliciano\/wp-content\/uploads\/sites\/10\/2024\/08\/img-historico-1-194x300.png 194w\" sizes=\"(max-width: 310px) 100vw, 310px\" \/>\t\t\t\t\t\t\t\t\t\t\t\t\t\t\t<\/div>\n\t\t\t\t<\/div>\n\t\t\t\t<\/div>\n\t\t<div class=\"elementor-element elementor-element-8645e27 e-con-full e-flex e-con e-child\" data-id=\"8645e27\" data-element_type=\"container\" data-e-type=\"container\">\n\t\t\t\t<div class=\"elementor-element elementor-element-239b67d elementor-widget elementor-widget-text-editor\" data-id=\"239b67d\" data-element_type=\"widget\" data-e-type=\"widget\" data-widget_type=\"text-editor.default\">\n\t\t\t\t<div class=\"elementor-widget-container\">\n\t\t\t\t\t\t\t\t\t<p style=\"text-align: justify;\">O\u00a0<strong>COL\u00c9GIO DOM FELICIANO<\/strong>, situado no centro da cidade de Gravata\u00ed, distante 23 km de Porto Alegre, atende alunos oriundos n\u00e3o s\u00f3 do mesmo munic\u00edpio, mas sua \u00e1rea de influ\u00eancia se estende a outros munic\u00edpios, tais como: Cachoeirinha, Alvorada, Viam\u00e3o, Glorinha e Porto Alegre. Foi o primeiro Col\u00e9gio particular da localidade e recebeu o nome de \u201cDOM FELICIANO\u201d em homenagem ao primeiro Bispo do Rio Grande do Sul, nascido no Distrito de Dom Feliciano ent\u00e3o pertencente \u00e0 Gravata\u00ed. \u00c9 um Col\u00e9gio particular, mantido pelas Irm\u00e3s do Imaculado Cora\u00e7\u00e3o de Maria.<\/p><p style=\"text-align: justify;\">Em Gravata\u00ed, o\u00a0<strong>COL\u00c9GIO DOM FELICIANO<\/strong>\u00a0\u00e9 o \u00fanico Col\u00e9gio confessional cat\u00f3lico com uma proposta educacional cujo princ\u00edpio fundamental \u00e9 a forma\u00e7\u00e3o integral da pessoa, segundo os princ\u00edpios do Evangelho, assegurando-lhe ensino que desenvolva as potencialidades e a incorpora\u00e7\u00e3o de valores, capacitando-a para o exerc\u00edcio da cidadania em vista de uma sociedade mais justa e fraterna.<\/p><p style=\"text-align: justify;\">O Col\u00e9gio funciona nos dois turnos, atende desde a\u00a0<strong>Educa\u00e7\u00e3o Infantil, a partir dos 03 meses de idade, at\u00e9 o Ensino M\u00e9dio e Normal P\u00f3s-M\u00e9dio<\/strong>.<\/p><p style=\"text-align: justify;\">Possui um Complexo de Qu\u00edmica, dois laborat\u00f3rios de Inform\u00e1tica, laborat\u00f3rio de L\u00ednguas Estrangeiras, laborat\u00f3rio de Biologia e Enfermagem, laborat\u00f3rio de Matem\u00e1tica e F\u00edsica, laborat\u00f3rio de Portugu\u00eas, duas Bibliotecas, Oficina L\u00fadica, Sala de Refor\u00e7o e outros. Todas as salas, inclusive salas especiais, s\u00e3o climatizadas e possuem tela interativa multiusu\u00e1rios.<\/p><p style=\"text-align: justify;\">Conta com servi\u00e7o de vigil\u00e2ncia terceirizado, realizado pela Qu\u00e2ntica. Conta tamb\u00e9m com diversos servi\u00e7os de apoio \u00e0 Dire\u00e7\u00e3o: Servi\u00e7o de Pastoral Escolar, Servi\u00e7o de Coordena\u00e7\u00e3o Pedag\u00f3gica, Servi\u00e7o de Psicologia, Servi\u00e7o de Orienta\u00e7\u00e3o Educacional e Servi\u00e7o de Educa\u00e7\u00e3o Religiosa. Ainda \u00f3rg\u00e3os de apoio: Conselho de Pais, Gr\u00eamio Estudantil e Conselho de Professores e Funcion\u00e1rios.<\/p>\t\t\t\t\t\t\t\t<\/div>\n\t\t\t\t<\/div>\n\t\t\t\t<div class=\"elementor-element elementor-element-cc8dbfd elementor-widget elementor-widget-text-editor\" data-id=\"cc8dbfd\" data-element_type=\"widget\" data-e-type=\"widget\" data-widget_type=\"text-editor.default\">\n\t\t\t\t<div class=\"elementor-widget-container\">\n\t\t\t\t\t\t\t\t\t<h3>OBJETIVOS<\/h3><p style=\"text-align: justify\">Iluminados pelo Projeto Educativo da Congrega\u00e7\u00e3o das Irm\u00e3s do Imaculado Cora\u00e7\u00e3o de Maria, o Col\u00e9gio Dom Feliciano tem por objetivos:<\/p><p style=\"text-align: justify\">1. Oferecer atividades e situa\u00e7\u00f5es que favore\u00e7am o desenvolvimento integral da Pessoa e a pr\u00e1tica de rela\u00e7\u00f5es interpessoais.<br \/>2. Assumir a educa\u00e7\u00e3o como processo de liberta\u00e7\u00e3o, de apropria\u00e7\u00e3o e constru\u00e7\u00e3o do conhecimento a servi\u00e7o do bem comum.<br \/>3. Promover experi\u00eancias dos valores crist\u00e3os, \u00e9ticos e sociais, vivenciando a Proposta Evang\u00e9lico-Libertadora de Jesus Cristo.<br \/>4. Propiciar a compreens\u00e3o de elementos cognitivos, afetivos, sociais e culturais que constituem a sua identidade e a do outro na constru\u00e7\u00e3o de uma sociedade mais fraterna.<\/p>\t\t\t\t\t\t\t\t<\/div>\n\t\t\t\t<\/div>\n\t\t\t\t<div class=\"elementor-element elementor-element-5784949 elementor-widget elementor-widget-text-editor\" data-id=\"5784949\" data-element_type=\"widget\" data-e-type=\"widget\" data-widget_type=\"text-editor.default\">\n\t\t\t\t<div class=\"elementor-widget-container\">\n\t\t\t\t\t\t\t\t\t<h3>FILOSOFIA<\/h3><p style=\"text-align: justify\">O Col\u00e9gio Dom Feliciano prop\u00f5e, em sua a\u00e7\u00e3o educativa individual e coletiva, a forma\u00e7\u00e3o da pessoa em seu todo, segundo os Princ\u00edpios Evang\u00e9licos, assegurando-lhe um ensino que desenvolva as potencialidades e o capacite para a constru\u00e7\u00e3o da cidadania, tendo esta um papel social, cultural, pol\u00edtico, fraterno e solid\u00e1rio.<\/p>\t\t\t\t\t\t\t\t<\/div>\n\t\t\t\t<\/div>\n\t\t\t\t<\/div>\n\t\t\t\t\t<\/div>\n\t\t\t\t<\/div>\n\t\t\t\t<\/div>\n\t\t","protected":false},"excerpt":{"rendered":"<p>O\u00a0COL\u00c9GIO DOM FELICIANO, situado no centro da cidade de Gravata\u00ed, distante 23 km de Porto Alegre, atende alunos oriundos n\u00e3o s\u00f3 do mesmo munic\u00edpio, mas sua \u00e1rea de influ\u00eancia se estende a outros munic\u00edpios, tais como: Cachoeirinha, Alvorada, Viam\u00e3o, Glorinha e Porto Alegre. Foi o primeiro Col\u00e9gio particular da localidade e recebeu o nome de [&hellip;]<\/p>\n","protected":false},"author":1,"featured_media":0,"parent":0,"menu_order":0,"comment_status":"closed","ping_status":"closed","template":"","meta":{"_acf_changed":false,"footnotes":""},"class_list":["post-290","page","type-page","status-publish","hentry"],"acf":[],"yoast_head":"<!-- This site is optimized with the Yoast SEO plugin v26.3 - https:\/\/yoast.com\/wordpress\/plugins\/seo\/ -->\n<title>Sobre a Unidade de Educa\u00e7\u00e3o - Col\u00e9gio Dom Feliciano | Rede ICM de educa\u00e7\u00e3o<\/title>\n<meta name=\"robots\" content=\"index, follow, max-snippet:-1, max-image-preview:large, max-video-preview:-1\" \/>\n<link rel=\"canonical\" href=\"https:\/\/redeicm.org.br\/domfeliciano\/sobre-a-unidade-de-educacao\/\" \/>\n<meta property=\"og:locale\" content=\"pt_BR\" \/>\n<meta property=\"og:type\" content=\"article\" \/>\n<meta property=\"og:title\" content=\"Sobre a Unidade de Educa\u00e7\u00e3o - Col\u00e9gio Dom Feliciano | Rede ICM de educa\u00e7\u00e3o\" \/>\n<meta property=\"og:description\" content=\"O\u00a0COL\u00c9GIO DOM FELICIANO, situado no centro da cidade de Gravata\u00ed, distante 23 km de Porto Alegre, atende alunos oriundos n\u00e3o s\u00f3 do mesmo munic\u00edpio, mas sua \u00e1rea de influ\u00eancia se estende a outros munic\u00edpios, tais como: Cachoeirinha, Alvorada, Viam\u00e3o, Glorinha e Porto Alegre. Foi o primeiro Col\u00e9gio particular da localidade e recebeu o nome de [&hellip;]\" \/>\n<meta property=\"og:url\" content=\"https:\/\/redeicm.org.br\/domfeliciano\/sobre-a-unidade-de-educacao\/\" \/>\n<meta property=\"og:site_name\" content=\"Col\u00e9gio Dom Feliciano | Rede ICM de educa\u00e7\u00e3o\" \/>\n<meta property=\"article:modified_time\" content=\"2025-09-09T19:39:40+00:00\" \/>\n<meta property=\"og:image\" content=\"https:\/\/redeicm.org.br\/domfeliciano\/wp-content\/uploads\/sites\/10\/2024\/08\/img-historico-1.png\" \/>\n\t<meta property=\"og:image:width\" content=\"310\" \/>\n\t<meta property=\"og:image:height\" content=\"480\" \/>\n\t<meta property=\"og:image:type\" content=\"image\/png\" \/>\n<meta name=\"twitter:card\" content=\"summary_large_image\" \/>\n<meta name=\"twitter:label1\" content=\"Est. tempo de leitura\" \/>\n\t<meta name=\"twitter:data1\" content=\"3 minutos\" \/>\n<script type=\"application\/ld+json\" class=\"yoast-schema-graph\">{\"@context\":\"https:\/\/schema.org\",\"@graph\":[{\"@type\":\"WebPage\",\"@id\":\"https:\/\/redeicm.org.br\/domfeliciano\/sobre-a-unidade-de-educacao\/\",\"url\":\"https:\/\/redeicm.org.br\/domfeliciano\/sobre-a-unidade-de-educacao\/\",\"name\":\"Sobre a Unidade de Educa\u00e7\u00e3o - Col\u00e9gio Dom Feliciano | Rede ICM de educa\u00e7\u00e3o\",\"isPartOf\":{\"@id\":\"https:\/\/redeicm.org.br\/domfeliciano\/#website\"},\"primaryImageOfPage\":{\"@id\":\"https:\/\/redeicm.org.br\/domfeliciano\/sobre-a-unidade-de-educacao\/#primaryimage\"},\"image\":{\"@id\":\"https:\/\/redeicm.org.br\/domfeliciano\/sobre-a-unidade-de-educacao\/#primaryimage\"},\"thumbnailUrl\":\"https:\/\/redeicm.org.br\/domfeliciano\/wp-content\/uploads\/sites\/10\/2024\/08\/img-historico-1.png\",\"datePublished\":\"2024-08-29T16:46:11+00:00\",\"dateModified\":\"2025-09-09T19:39:40+00:00\",\"breadcrumb\":{\"@id\":\"https:\/\/redeicm.org.br\/domfeliciano\/sobre-a-unidade-de-educacao\/#breadcrumb\"},\"inLanguage\":\"pt-BR\",\"potentialAction\":[{\"@type\":\"ReadAction\",\"target\":[\"https:\/\/redeicm.org.br\/domfeliciano\/sobre-a-unidade-de-educacao\/\"]}]},{\"@type\":\"ImageObject\",\"inLanguage\":\"pt-BR\",\"@id\":\"https:\/\/redeicm.org.br\/domfeliciano\/sobre-a-unidade-de-educacao\/#primaryimage\",\"url\":\"https:\/\/redeicm.org.br\/domfeliciano\/wp-content\/uploads\/sites\/10\/2024\/08\/img-historico-1.png\",\"contentUrl\":\"https:\/\/redeicm.org.br\/domfeliciano\/wp-content\/uploads\/sites\/10\/2024\/08\/img-historico-1.png\",\"width\":310,\"height\":480},{\"@type\":\"BreadcrumbList\",\"@id\":\"https:\/\/redeicm.org.br\/domfeliciano\/sobre-a-unidade-de-educacao\/#breadcrumb\",\"itemListElement\":[{\"@type\":\"ListItem\",\"position\":1,\"name\":\"In\u00edcio\",\"item\":\"https:\/\/redeicm.org.br\/domfeliciano\/\"},{\"@type\":\"ListItem\",\"position\":2,\"name\":\"Sobre a Unidade de Educa\u00e7\u00e3o\"}]},{\"@type\":\"WebSite\",\"@id\":\"https:\/\/redeicm.org.br\/domfeliciano\/#website\",\"url\":\"https:\/\/redeicm.org.br\/domfeliciano\/\",\"name\":\"Col\u00e9gio Dom Feliciano | Rede ICM de educa\u00e7\u00e3o\",\"description\":\"\",\"publisher\":{\"@id\":\"https:\/\/redeicm.org.br\/domfeliciano\/#organization\"},\"potentialAction\":[{\"@type\":\"SearchAction\",\"target\":{\"@type\":\"EntryPoint\",\"urlTemplate\":\"https:\/\/redeicm.org.br\/domfeliciano\/?s={search_term_string}\"},\"query-input\":{\"@type\":\"PropertyValueSpecification\",\"valueRequired\":true,\"valueName\":\"search_term_string\"}}],\"inLanguage\":\"pt-BR\"},{\"@type\":\"Organization\",\"@id\":\"https:\/\/redeicm.org.br\/domfeliciano\/#organization\",\"name\":\"Col\u00e9gio Dom Feliciano | Rede ICM de educa\u00e7\u00e3o\",\"url\":\"https:\/\/redeicm.org.br\/domfeliciano\/\",\"logo\":{\"@type\":\"ImageObject\",\"inLanguage\":\"pt-BR\",\"@id\":\"https:\/\/redeicm.org.br\/domfeliciano\/#\/schema\/logo\/image\/\",\"url\":\"https:\/\/redeicm.org.br\/domfeliciano\/wp-content\/uploads\/sites\/10\/2024\/08\/Logo-ColegioDomFeliciano-100Anos.png\",\"contentUrl\":\"https:\/\/redeicm.org.br\/domfeliciano\/wp-content\/uploads\/sites\/10\/2024\/08\/Logo-ColegioDomFeliciano-100Anos.png\",\"width\":950,\"height\":228,\"caption\":\"Col\u00e9gio Dom Feliciano | Rede ICM de educa\u00e7\u00e3o\"},\"image\":{\"@id\":\"https:\/\/redeicm.org.br\/domfeliciano\/#\/schema\/logo\/image\/\"}}]}<\/script>\n<!-- \/ Yoast SEO plugin. -->","yoast_head_json":{"title":"Sobre a Unidade de Educa\u00e7\u00e3o - Col\u00e9gio Dom Feliciano | Rede ICM de educa\u00e7\u00e3o","robots":{"index":"index","follow":"follow","max-snippet":"max-snippet:-1","max-image-preview":"max-image-preview:large","max-video-preview":"max-video-preview:-1"},"canonical":"https:\/\/redeicm.org.br\/domfeliciano\/sobre-a-unidade-de-educacao\/","og_locale":"pt_BR","og_type":"article","og_title":"Sobre a Unidade de Educa\u00e7\u00e3o - Col\u00e9gio Dom Feliciano | Rede ICM de educa\u00e7\u00e3o","og_description":"O\u00a0COL\u00c9GIO DOM FELICIANO, situado no centro da cidade de Gravata\u00ed, distante 23 km de Porto Alegre, atende alunos oriundos n\u00e3o s\u00f3 do mesmo munic\u00edpio, mas sua \u00e1rea de influ\u00eancia se estende a outros munic\u00edpios, tais como: Cachoeirinha, Alvorada, Viam\u00e3o, Glorinha e Porto Alegre. Foi o primeiro Col\u00e9gio particular da localidade e recebeu o nome de [&hellip;]","og_url":"https:\/\/redeicm.org.br\/domfeliciano\/sobre-a-unidade-de-educacao\/","og_site_name":"Col\u00e9gio Dom Feliciano | Rede ICM de educa\u00e7\u00e3o","article_modified_time":"2025-09-09T19:39:40+00:00","og_image":[{"width":310,"height":480,"url":"https:\/\/redeicm.org.br\/domfeliciano\/wp-content\/uploads\/sites\/10\/2024\/08\/img-historico-1.png","type":"image\/png"}],"twitter_card":"summary_large_image","twitter_misc":{"Est. tempo de leitura":"3 minutos"},"schema":{"@context":"https:\/\/schema.org","@graph":[{"@type":"WebPage","@id":"https:\/\/redeicm.org.br\/domfeliciano\/sobre-a-unidade-de-educacao\/","url":"https:\/\/redeicm.org.br\/domfeliciano\/sobre-a-unidade-de-educacao\/","name":"Sobre a Unidade de Educa\u00e7\u00e3o - Col\u00e9gio Dom Feliciano | Rede ICM de educa\u00e7\u00e3o","isPartOf":{"@id":"https:\/\/redeicm.org.br\/domfeliciano\/#website"},"primaryImageOfPage":{"@id":"https:\/\/redeicm.org.br\/domfeliciano\/sobre-a-unidade-de-educacao\/#primaryimage"},"image":{"@id":"https:\/\/redeicm.org.br\/domfeliciano\/sobre-a-unidade-de-educacao\/#primaryimage"},"thumbnailUrl":"https:\/\/redeicm.org.br\/domfeliciano\/wp-content\/uploads\/sites\/10\/2024\/08\/img-historico-1.png","datePublished":"2024-08-29T16:46:11+00:00","dateModified":"2025-09-09T19:39:40+00:00","breadcrumb":{"@id":"https:\/\/redeicm.org.br\/domfeliciano\/sobre-a-unidade-de-educacao\/#breadcrumb"},"inLanguage":"pt-BR","potentialAction":[{"@type":"ReadAction","target":["https:\/\/redeicm.org.br\/domfeliciano\/sobre-a-unidade-de-educacao\/"]}]},{"@type":"ImageObject","inLanguage":"pt-BR","@id":"https:\/\/redeicm.org.br\/domfeliciano\/sobre-a-unidade-de-educacao\/#primaryimage","url":"https:\/\/redeicm.org.br\/domfeliciano\/wp-content\/uploads\/sites\/10\/2024\/08\/img-historico-1.png","contentUrl":"https:\/\/redeicm.org.br\/domfeliciano\/wp-content\/uploads\/sites\/10\/2024\/08\/img-historico-1.png","width":310,"height":480},{"@type":"BreadcrumbList","@id":"https:\/\/redeicm.org.br\/domfeliciano\/sobre-a-unidade-de-educacao\/#breadcrumb","itemListElement":[{"@type":"ListItem","position":1,"name":"In\u00edcio","item":"https:\/\/redeicm.org.br\/domfeliciano\/"},{"@type":"ListItem","position":2,"name":"Sobre a Unidade de Educa\u00e7\u00e3o"}]},{"@type":"WebSite","@id":"https:\/\/redeicm.org.br\/domfeliciano\/#website","url":"https:\/\/redeicm.org.br\/domfeliciano\/","name":"Col\u00e9gio Dom Feliciano | Rede ICM de educa\u00e7\u00e3o","description":"","publisher":{"@id":"https:\/\/redeicm.org.br\/domfeliciano\/#organization"},"potentialAction":[{"@type":"SearchAction","target":{"@type":"EntryPoint","urlTemplate":"https:\/\/redeicm.org.br\/domfeliciano\/?s={search_term_string}"},"query-input":{"@type":"PropertyValueSpecification","valueRequired":true,"valueName":"search_term_string"}}],"inLanguage":"pt-BR"},{"@type":"Organization","@id":"https:\/\/redeicm.org.br\/domfeliciano\/#organization","name":"Col\u00e9gio Dom Feliciano | Rede ICM de educa\u00e7\u00e3o","url":"https:\/\/redeicm.org.br\/domfeliciano\/","logo":{"@type":"ImageObject","inLanguage":"pt-BR","@id":"https:\/\/redeicm.org.br\/domfeliciano\/#\/schema\/logo\/image\/","url":"https:\/\/redeicm.org.br\/domfeliciano\/wp-content\/uploads\/sites\/10\/2024\/08\/Logo-ColegioDomFeliciano-100Anos.png","contentUrl":"https:\/\/redeicm.org.br\/domfeliciano\/wp-content\/uploads\/sites\/10\/2024\/08\/Logo-ColegioDomFeliciano-100Anos.png","width":950,"height":228,"caption":"Col\u00e9gio Dom Feliciano | Rede ICM de educa\u00e7\u00e3o"},"image":{"@id":"https:\/\/redeicm.org.br\/domfeliciano\/#\/schema\/logo\/image\/"}}]}},"_links":{"self":[{"href":"https:\/\/redeicm.org.br\/domfeliciano\/wp-json\/wp\/v2\/pages\/290","targetHints":{"allow":["GET"]}}],"collection":[{"href":"https:\/\/redeicm.org.br\/domfeliciano\/wp-json\/wp\/v2\/pages"}],"about":[{"href":"https:\/\/redeicm.org.br\/domfeliciano\/wp-json\/wp\/v2\/types\/page"}],"author":[{"embeddable":true,"href":"https:\/\/redeicm.org.br\/domfeliciano\/wp-json\/wp\/v2\/users\/1"}],"replies":[{"embeddable":true,"href":"https:\/\/redeicm.org.br\/domfeliciano\/wp-json\/wp\/v2\/comments?post=290"}],"version-history":[{"count":7,"href":"https:\/\/redeicm.org.br\/domfeliciano\/wp-json\/wp\/v2\/pages\/290\/revisions"}],"predecessor-version":[{"id":5357,"href":"https:\/\/redeicm.org.br\/domfeliciano\/wp-json\/wp\/v2\/pages\/290\/revisions\/5357"}],"wp:attachment":[{"href":"https:\/\/redeicm.org.br\/domfeliciano\/wp-json\/wp\/v2\/media?parent=290"}],"curies":[{"name":"wp","href":"https:\/\/api.w.org\/{rel}","templated":true}]}}