{"id":2009,"date":"2025-01-23T21:26:51","date_gmt":"2025-01-24T00:26:51","guid":{"rendered":"https:\/\/redeicm.org.br\/domfeliciano\/?page_id=2009"},"modified":"2025-06-30T09:53:32","modified_gmt":"2025-06-30T12:53:32","slug":"trabalhe-conosco","status":"publish","type":"page","link":"https:\/\/redeicm.org.br\/domfeliciano\/trabalhe-conosco\/","title":{"rendered":"Trabalhe Conosco"},"content":{"rendered":"\t\t<div data-elementor-type=\"wp-page\" data-elementor-id=\"2009\" class=\"elementor elementor-2009\" data-elementor-post-type=\"page\">\n\t\t\t\t<div class=\"elementor-element elementor-element-13b370a3 e-flex e-con-boxed e-con e-parent\" data-id=\"13b370a3\" data-element_type=\"container\" data-e-type=\"container\" data-settings=\"{&quot;background_background&quot;:&quot;classic&quot;}\">\n\t\t\t\t\t<div class=\"e-con-inner\">\n\t\t\t\t<div class=\"elementor-element elementor-element-2ca62c84 elementor-widget elementor-widget-heading\" data-id=\"2ca62c84\" data-element_type=\"widget\" data-e-type=\"widget\" data-widget_type=\"heading.default\">\n\t\t\t\t<div class=\"elementor-widget-container\">\n\t\t\t\t\t<h1 class=\"elementor-heading-title elementor-size-default\">Trabalhe Conosco<\/h1>\t\t\t\t<\/div>\n\t\t\t\t<\/div>\n\t\t\t\t\t<\/div>\n\t\t\t\t<\/div>\n\t\t<div class=\"elementor-element elementor-element-7b78f7e e-flex e-con-boxed e-con e-parent\" data-id=\"7b78f7e\" data-element_type=\"container\" data-e-type=\"container\">\n\t\t\t\t\t<div class=\"e-con-inner\">\n\t\t<div class=\"elementor-element elementor-element-0832b14 e-con-full e-flex e-con e-child\" data-id=\"0832b14\" data-element_type=\"container\" data-e-type=\"container\">\n\t\t\t\t<div class=\"elementor-element elementor-element-ae6d9a0 elementor-icon-list--layout-traditional elementor-list-item-link-full_width elementor-widget elementor-widget-icon-list\" data-id=\"ae6d9a0\" data-element_type=\"widget\" data-e-type=\"widget\" data-widget_type=\"icon-list.default\">\n\t\t\t\t<div class=\"elementor-widget-container\">\n\t\t\t\t\t\t\t<ul class=\"elementor-icon-list-items\">\n\t\t\t\t\t\t\t<li class=\"elementor-icon-list-item\">\n\t\t\t\t\t\t\t\t\t\t\t<span class=\"elementor-icon-list-icon\">\n\t\t\t\t\t\t\t<svg aria-hidden=\"true\" class=\"e-font-icon-svg e-far-map\" viewBox=\"0 0 576 512\" xmlns=\"http:\/\/www.w3.org\/2000\/svg\"><path d=\"M560.02 32c-1.96 0-3.98.37-5.96 1.16L384.01 96H384L212 35.28A64.252 64.252 0 0 0 191.76 32c-6.69 0-13.37 1.05-19.81 3.14L20.12 87.95A32.006 32.006 0 0 0 0 117.66v346.32C0 473.17 7.53 480 15.99 480c1.96 0 3.97-.37 5.96-1.16L192 416l172 60.71a63.98 63.98 0 0 0 40.05.15l151.83-52.81A31.996 31.996 0 0 0 576 394.34V48.02c0-9.19-7.53-16.02-15.98-16.02zM224 90.42l128 45.19v285.97l-128-45.19V90.42zM48 418.05V129.07l128-44.53v286.2l-.64.23L48 418.05zm480-35.13l-128 44.53V141.26l.64-.24L528 93.95v288.97z\"><\/path><\/svg>\t\t\t\t\t\t<\/span>\n\t\t\t\t\t\t\t\t\t\t<span class=\"elementor-icon-list-text\">LOCALIZA\u00c7\u00c3O:<\/span>\n\t\t\t\t\t\t\t\t\t<\/li>\n\t\t\t\t\t\t<\/ul>\n\t\t\t\t\t\t<\/div>\n\t\t\t\t<\/div>\n\t\t\t\t<div class=\"elementor-element elementor-element-cba0075 elementor-widget elementor-widget-google_maps\" data-id=\"cba0075\" data-element_type=\"widget\" data-e-type=\"widget\" data-widget_type=\"google_maps.default\">\n\t\t\t\t<div class=\"elementor-widget-container\">\n\t\t\t\t\t\t\t<div class=\"elementor-custom-embed\">\n\t\t\t<iframe loading=\"lazy\"\n\t\t\t\t\tsrc=\"https:\/\/maps.google.com\/maps?q=Col%C3%A9gio%20Dom%20Feliciano%2C%20Gravata%C3%AD%2C%20RS&#038;t=m&#038;z=10&#038;output=embed&#038;iwloc=near\"\n\t\t\t\t\ttitle=\"Col\u00e9gio Dom Feliciano, Gravata\u00ed, RS\"\n\t\t\t\t\taria-label=\"Col\u00e9gio Dom Feliciano, Gravata\u00ed, RS\"\n\t\t\t><\/iframe>\n\t\t<\/div>\n\t\t\t\t\t\t<\/div>\n\t\t\t\t<\/div>\n\t\t\t\t<\/div>\n\t\t<div class=\"elementor-element elementor-element-9c93268 e-con-full e-flex e-con e-child\" data-id=\"9c93268\" data-element_type=\"container\" data-e-type=\"container\">\n\t\t<div class=\"elementor-element elementor-element-03e7a79 e-flex e-con-boxed e-con e-child\" data-id=\"03e7a79\" data-element_type=\"container\" data-e-type=\"container\">\n\t\t\t\t\t<div class=\"e-con-inner\">\n\t\t\t\t<div class=\"elementor-element elementor-element-9fd673d elementor-icon-list--layout-traditional elementor-list-item-link-full_width elementor-widget elementor-widget-icon-list\" data-id=\"9fd673d\" data-element_type=\"widget\" data-e-type=\"widget\" data-widget_type=\"icon-list.default\">\n\t\t\t\t<div class=\"elementor-widget-container\">\n\t\t\t\t\t\t\t<ul class=\"elementor-icon-list-items\">\n\t\t\t\t\t\t\t<li class=\"elementor-icon-list-item\">\n\t\t\t\t\t\t\t\t\t\t\t<span class=\"elementor-icon-list-icon\">\n\t\t\t\t\t\t\t<svg aria-hidden=\"true\" class=\"e-font-icon-svg e-far-user\" viewBox=\"0 0 448 512\" xmlns=\"http:\/\/www.w3.org\/2000\/svg\"><path d=\"M313.6 304c-28.7 0-42.5 16-89.6 16-47.1 0-60.8-16-89.6-16C60.2 304 0 364.2 0 438.4V464c0 26.5 21.5 48 48 48h352c26.5 0 48-21.5 48-48v-25.6c0-74.2-60.2-134.4-134.4-134.4zM400 464H48v-25.6c0-47.6 38.8-86.4 86.4-86.4 14.6 0 38.3 16 89.6 16 51.7 0 74.9-16 89.6-16 47.6 0 86.4 38.8 86.4 86.4V464zM224 288c79.5 0 144-64.5 144-144S303.5 0 224 0 80 64.5 80 144s64.5 144 144 144zm0-240c52.9 0 96 43.1 96 96s-43.1 96-96 96-96-43.1-96-96 43.1-96 96-96z\"><\/path><\/svg>\t\t\t\t\t\t<\/span>\n\t\t\t\t\t\t\t\t\t\t<span class=\"elementor-icon-list-text\">TRABALHE CONOSCO<\/span>\n\t\t\t\t\t\t\t\t\t<\/li>\n\t\t\t\t\t\t<\/ul>\n\t\t\t\t\t\t<\/div>\n\t\t\t\t<\/div>\n\t\t\t\t<div class=\"elementor-element elementor-element-7d699ac elementor-widget-divider--view-line elementor-widget elementor-widget-divider\" data-id=\"7d699ac\" data-element_type=\"widget\" data-e-type=\"widget\" data-widget_type=\"divider.default\">\n\t\t\t\t<div class=\"elementor-widget-container\">\n\t\t\t\t\t\t\t<div class=\"elementor-divider\">\n\t\t\t<span class=\"elementor-divider-separator\">\n\t\t\t\t\t\t<\/span>\n\t\t<\/div>\n\t\t\t\t\t\t<\/div>\n\t\t\t\t<\/div>\n\t\t\t\t\t<\/div>\n\t\t\t\t<\/div>\n\t\t<div class=\"elementor-element elementor-element-0bbafd2 e-con-full e-flex e-con e-child\" data-id=\"0bbafd2\" data-element_type=\"container\" data-e-type=\"container\">\n\t\t\t\t<div class=\"elementor-element elementor-element-979bfe0 elementor-icon-list--layout-traditional elementor-list-item-link-full_width elementor-widget elementor-widget-icon-list\" data-id=\"979bfe0\" data-element_type=\"widget\" data-e-type=\"widget\" data-widget_type=\"icon-list.default\">\n\t\t\t\t<div class=\"elementor-widget-container\">\n\t\t\t\t\t\t\t<ul class=\"elementor-icon-list-items\">\n\t\t\t\t\t\t\t<li class=\"elementor-icon-list-item\">\n\t\t\t\t\t\t\t\t\t\t<span class=\"elementor-icon-list-text\">Bem-vindo(a)!<\/span>\n\t\t\t\t\t\t\t\t\t<\/li>\n\t\t\t\t\t\t<\/ul>\n\t\t\t\t\t\t<\/div>\n\t\t\t\t<\/div>\n\t\t\t\t<div class=\"elementor-element elementor-element-4655b04 elementor-widget elementor-widget-text-editor\" data-id=\"4655b04\" data-element_type=\"widget\" data-e-type=\"widget\" data-widget_type=\"text-editor.default\">\n\t\t\t\t<div class=\"elementor-widget-container\">\n\t\t\t\t\t\t\t\t\t<p>Para participar de processos seletivos da Rede ICM de Educa\u00e7\u00e3o \u2013 Unidade de Ensino <strong>Col\u00e9gio Dom Feliciano<\/strong>, envie seu curriculum para o e-mail:<\/p><p><strong><a href=\"mailto:c.vitae@colegiodomfeliciano.com.br\">c.vitae@colegiodomfeliciano.com.br<\/a><\/strong><\/p><p>No corpo do e-mail envie os seguintes dados:<br \/><strong>Nome completo \u2013 Fun\u00e7\u00e3o \u2013 Telefones para contato<\/strong><\/p><p>Desde j\u00e1, agradecemos seu contato!<\/p>\t\t\t\t\t\t\t\t<\/div>\n\t\t\t\t<\/div>\n\t\t\t\t<\/div>\n\t\t\t\t<\/div>\n\t\t\t\t\t<\/div>\n\t\t\t\t<\/div>\n\t\t\t\t<\/div>\n\t\t","protected":false},"excerpt":{"rendered":"<p>LOCALIZA\u00c7\u00c3O: TRABALHE CONOSCO Bem-vindo(a)! Para participar de processos seletivos da Rede ICM de Educa\u00e7\u00e3o \u2013 Unidade de Ensino Col\u00e9gio Dom Feliciano, envie seu curriculum para o e-mail: c.vitae@colegiodomfeliciano.com.br No corpo do e-mail envie os seguintes dados:Nome completo \u2013 Fun\u00e7\u00e3o \u2013 Telefones para contato Desde j\u00e1, agradecemos seu contato!<\/p>\n","protected":false},"author":6,"featured_media":0,"parent":0,"menu_order":0,"comment_status":"closed","ping_status":"closed","template":"","meta":{"_acf_changed":false,"footnotes":""},"class_list":["post-2009","page","type-page","status-publish","hentry"],"acf":[],"yoast_head":"<!-- This site is optimized with the Yoast SEO plugin v26.3 - https:\/\/yoast.com\/wordpress\/plugins\/seo\/ -->\n<title>Trabalhe Conosco - Col\u00e9gio Dom Feliciano | Rede ICM de educa\u00e7\u00e3o<\/title>\n<meta name=\"robots\" content=\"index, follow, max-snippet:-1, max-image-preview:large, max-video-preview:-1\" \/>\n<link rel=\"canonical\" href=\"https:\/\/redeicm.org.br\/domfeliciano\/trabalhe-conosco\/\" \/>\n<meta property=\"og:locale\" content=\"pt_BR\" \/>\n<meta property=\"og:type\" content=\"article\" \/>\n<meta property=\"og:title\" content=\"Trabalhe Conosco - Col\u00e9gio Dom Feliciano | Rede ICM de educa\u00e7\u00e3o\" \/>\n<meta property=\"og:description\" content=\"LOCALIZA\u00c7\u00c3O: TRABALHE CONOSCO Bem-vindo(a)! Para participar de processos seletivos da Rede ICM de Educa\u00e7\u00e3o \u2013 Unidade de Ensino Col\u00e9gio Dom Feliciano, envie seu curriculum para o e-mail: c.vitae@colegiodomfeliciano.com.br No corpo do e-mail envie os seguintes dados:Nome completo \u2013 Fun\u00e7\u00e3o \u2013 Telefones para contato Desde j\u00e1, agradecemos seu contato!\" \/>\n<meta property=\"og:url\" content=\"https:\/\/redeicm.org.br\/domfeliciano\/trabalhe-conosco\/\" \/>\n<meta property=\"og:site_name\" content=\"Col\u00e9gio Dom Feliciano | Rede ICM de educa\u00e7\u00e3o\" \/>\n<meta property=\"article:modified_time\" content=\"2025-06-30T12:53:32+00:00\" \/>\n<meta name=\"twitter:card\" content=\"summary_large_image\" \/>\n<meta name=\"twitter:label1\" content=\"Est. tempo de leitura\" \/>\n\t<meta name=\"twitter:data1\" content=\"1 minuto\" \/>\n<script type=\"application\/ld+json\" class=\"yoast-schema-graph\">{\"@context\":\"https:\/\/schema.org\",\"@graph\":[{\"@type\":\"WebPage\",\"@id\":\"https:\/\/redeicm.org.br\/domfeliciano\/trabalhe-conosco\/\",\"url\":\"https:\/\/redeicm.org.br\/domfeliciano\/trabalhe-conosco\/\",\"name\":\"Trabalhe Conosco - Col\u00e9gio Dom Feliciano | Rede ICM de educa\u00e7\u00e3o\",\"isPartOf\":{\"@id\":\"https:\/\/redeicm.org.br\/domfeliciano\/#website\"},\"datePublished\":\"2025-01-24T00:26:51+00:00\",\"dateModified\":\"2025-06-30T12:53:32+00:00\",\"breadcrumb\":{\"@id\":\"https:\/\/redeicm.org.br\/domfeliciano\/trabalhe-conosco\/#breadcrumb\"},\"inLanguage\":\"pt-BR\",\"potentialAction\":[{\"@type\":\"ReadAction\",\"target\":[\"https:\/\/redeicm.org.br\/domfeliciano\/trabalhe-conosco\/\"]}]},{\"@type\":\"BreadcrumbList\",\"@id\":\"https:\/\/redeicm.org.br\/domfeliciano\/trabalhe-conosco\/#breadcrumb\",\"itemListElement\":[{\"@type\":\"ListItem\",\"position\":1,\"name\":\"In\u00edcio\",\"item\":\"https:\/\/redeicm.org.br\/domfeliciano\/\"},{\"@type\":\"ListItem\",\"position\":2,\"name\":\"Trabalhe Conosco\"}]},{\"@type\":\"WebSite\",\"@id\":\"https:\/\/redeicm.org.br\/domfeliciano\/#website\",\"url\":\"https:\/\/redeicm.org.br\/domfeliciano\/\",\"name\":\"Col\u00e9gio Dom Feliciano | Rede ICM de educa\u00e7\u00e3o\",\"description\":\"\",\"publisher\":{\"@id\":\"https:\/\/redeicm.org.br\/domfeliciano\/#organization\"},\"potentialAction\":[{\"@type\":\"SearchAction\",\"target\":{\"@type\":\"EntryPoint\",\"urlTemplate\":\"https:\/\/redeicm.org.br\/domfeliciano\/?s={search_term_string}\"},\"query-input\":{\"@type\":\"PropertyValueSpecification\",\"valueRequired\":true,\"valueName\":\"search_term_string\"}}],\"inLanguage\":\"pt-BR\"},{\"@type\":\"Organization\",\"@id\":\"https:\/\/redeicm.org.br\/domfeliciano\/#organization\",\"name\":\"Col\u00e9gio Dom Feliciano | Rede ICM de educa\u00e7\u00e3o\",\"url\":\"https:\/\/redeicm.org.br\/domfeliciano\/\",\"logo\":{\"@type\":\"ImageObject\",\"inLanguage\":\"pt-BR\",\"@id\":\"https:\/\/redeicm.org.br\/domfeliciano\/#\/schema\/logo\/image\/\",\"url\":\"https:\/\/redeicm.org.br\/domfeliciano\/wp-content\/uploads\/sites\/10\/2024\/08\/Logo-ColegioDomFeliciano-100Anos.png\",\"contentUrl\":\"https:\/\/redeicm.org.br\/domfeliciano\/wp-content\/uploads\/sites\/10\/2024\/08\/Logo-ColegioDomFeliciano-100Anos.png\",\"width\":950,\"height\":228,\"caption\":\"Col\u00e9gio Dom Feliciano | Rede ICM de educa\u00e7\u00e3o\"},\"image\":{\"@id\":\"https:\/\/redeicm.org.br\/domfeliciano\/#\/schema\/logo\/image\/\"}}]}<\/script>\n<!-- \/ Yoast SEO plugin. -->","yoast_head_json":{"title":"Trabalhe Conosco - Col\u00e9gio Dom Feliciano | Rede ICM de educa\u00e7\u00e3o","robots":{"index":"index","follow":"follow","max-snippet":"max-snippet:-1","max-image-preview":"max-image-preview:large","max-video-preview":"max-video-preview:-1"},"canonical":"https:\/\/redeicm.org.br\/domfeliciano\/trabalhe-conosco\/","og_locale":"pt_BR","og_type":"article","og_title":"Trabalhe Conosco - Col\u00e9gio Dom Feliciano | Rede ICM de educa\u00e7\u00e3o","og_description":"LOCALIZA\u00c7\u00c3O: TRABALHE CONOSCO Bem-vindo(a)! Para participar de processos seletivos da Rede ICM de Educa\u00e7\u00e3o \u2013 Unidade de Ensino Col\u00e9gio Dom Feliciano, envie seu curriculum para o e-mail: c.vitae@colegiodomfeliciano.com.br No corpo do e-mail envie os seguintes dados:Nome completo \u2013 Fun\u00e7\u00e3o \u2013 Telefones para contato Desde j\u00e1, agradecemos seu contato!","og_url":"https:\/\/redeicm.org.br\/domfeliciano\/trabalhe-conosco\/","og_site_name":"Col\u00e9gio Dom Feliciano | Rede ICM de educa\u00e7\u00e3o","article_modified_time":"2025-06-30T12:53:32+00:00","twitter_card":"summary_large_image","twitter_misc":{"Est. tempo de leitura":"1 minuto"},"schema":{"@context":"https:\/\/schema.org","@graph":[{"@type":"WebPage","@id":"https:\/\/redeicm.org.br\/domfeliciano\/trabalhe-conosco\/","url":"https:\/\/redeicm.org.br\/domfeliciano\/trabalhe-conosco\/","name":"Trabalhe Conosco - Col\u00e9gio Dom Feliciano | Rede ICM de educa\u00e7\u00e3o","isPartOf":{"@id":"https:\/\/redeicm.org.br\/domfeliciano\/#website"},"datePublished":"2025-01-24T00:26:51+00:00","dateModified":"2025-06-30T12:53:32+00:00","breadcrumb":{"@id":"https:\/\/redeicm.org.br\/domfeliciano\/trabalhe-conosco\/#breadcrumb"},"inLanguage":"pt-BR","potentialAction":[{"@type":"ReadAction","target":["https:\/\/redeicm.org.br\/domfeliciano\/trabalhe-conosco\/"]}]},{"@type":"BreadcrumbList","@id":"https:\/\/redeicm.org.br\/domfeliciano\/trabalhe-conosco\/#breadcrumb","itemListElement":[{"@type":"ListItem","position":1,"name":"In\u00edcio","item":"https:\/\/redeicm.org.br\/domfeliciano\/"},{"@type":"ListItem","position":2,"name":"Trabalhe Conosco"}]},{"@type":"WebSite","@id":"https:\/\/redeicm.org.br\/domfeliciano\/#website","url":"https:\/\/redeicm.org.br\/domfeliciano\/","name":"Col\u00e9gio Dom Feliciano | Rede ICM de educa\u00e7\u00e3o","description":"","publisher":{"@id":"https:\/\/redeicm.org.br\/domfeliciano\/#organization"},"potentialAction":[{"@type":"SearchAction","target":{"@type":"EntryPoint","urlTemplate":"https:\/\/redeicm.org.br\/domfeliciano\/?s={search_term_string}"},"query-input":{"@type":"PropertyValueSpecification","valueRequired":true,"valueName":"search_term_string"}}],"inLanguage":"pt-BR"},{"@type":"Organization","@id":"https:\/\/redeicm.org.br\/domfeliciano\/#organization","name":"Col\u00e9gio Dom Feliciano | Rede ICM de educa\u00e7\u00e3o","url":"https:\/\/redeicm.org.br\/domfeliciano\/","logo":{"@type":"ImageObject","inLanguage":"pt-BR","@id":"https:\/\/redeicm.org.br\/domfeliciano\/#\/schema\/logo\/image\/","url":"https:\/\/redeicm.org.br\/domfeliciano\/wp-content\/uploads\/sites\/10\/2024\/08\/Logo-ColegioDomFeliciano-100Anos.png","contentUrl":"https:\/\/redeicm.org.br\/domfeliciano\/wp-content\/uploads\/sites\/10\/2024\/08\/Logo-ColegioDomFeliciano-100Anos.png","width":950,"height":228,"caption":"Col\u00e9gio Dom Feliciano | Rede ICM de educa\u00e7\u00e3o"},"image":{"@id":"https:\/\/redeicm.org.br\/domfeliciano\/#\/schema\/logo\/image\/"}}]}},"_links":{"self":[{"href":"https:\/\/redeicm.org.br\/domfeliciano\/wp-json\/wp\/v2\/pages\/2009","targetHints":{"allow":["GET"]}}],"collection":[{"href":"https:\/\/redeicm.org.br\/domfeliciano\/wp-json\/wp\/v2\/pages"}],"about":[{"href":"https:\/\/redeicm.org.br\/domfeliciano\/wp-json\/wp\/v2\/types\/page"}],"author":[{"embeddable":true,"href":"https:\/\/redeicm.org.br\/domfeliciano\/wp-json\/wp\/v2\/users\/6"}],"replies":[{"embeddable":true,"href":"https:\/\/redeicm.org.br\/domfeliciano\/wp-json\/wp\/v2\/comments?post=2009"}],"version-history":[{"count":6,"href":"https:\/\/redeicm.org.br\/domfeliciano\/wp-json\/wp\/v2\/pages\/2009\/revisions"}],"predecessor-version":[{"id":3265,"href":"https:\/\/redeicm.org.br\/domfeliciano\/wp-json\/wp\/v2\/pages\/2009\/revisions\/3265"}],"wp:attachment":[{"href":"https:\/\/redeicm.org.br\/domfeliciano\/wp-json\/wp\/v2\/media?parent=2009"}],"curies":[{"name":"wp","href":"https:\/\/api.w.org\/{rel}","templated":true}]}}