{"id":1609,"date":"2025-01-22T23:21:38","date_gmt":"2025-01-23T02:21:38","guid":{"rendered":"https:\/\/redeicm.org.br\/domfeliciano\/?page_id=1609"},"modified":"2025-12-08T14:29:41","modified_gmt":"2025-12-08T17:29:41","slug":"cpaisbox","status":"publish","type":"page","link":"https:\/\/redeicm.org.br\/domfeliciano\/cpaisbox\/","title":{"rendered":"CPaisBox"},"content":{"rendered":"\t\t<div data-elementor-type=\"wp-page\" data-elementor-id=\"1609\" class=\"elementor elementor-1609\" data-elementor-post-type=\"page\">\n\t\t\t\t<div class=\"elementor-element elementor-element-12fb1a9e e-flex e-con-boxed e-con e-parent\" data-id=\"12fb1a9e\" data-element_type=\"container\" data-e-type=\"container\" data-settings=\"{&quot;background_background&quot;:&quot;classic&quot;}\">\n\t\t\t\t\t<div class=\"e-con-inner\">\n\t\t\t\t<div class=\"elementor-element elementor-element-2eda4c7f elementor-widget elementor-widget-heading\" data-id=\"2eda4c7f\" data-element_type=\"widget\" data-e-type=\"widget\" data-widget_type=\"heading.default\">\n\t\t\t\t<div class=\"elementor-widget-container\">\n\t\t\t\t\t<h1 class=\"elementor-heading-title elementor-size-default\">CPaisBox<\/h1>\t\t\t\t<\/div>\n\t\t\t\t<\/div>\n\t\t\t\t<div class=\"elementor-element elementor-element-c565e32 elementor-align-right elementor-widget__width-inherit elementor-widget elementor-widget-breadcrumbs\" data-id=\"c565e32\" data-element_type=\"widget\" data-e-type=\"widget\" data-widget_type=\"breadcrumbs.default\">\n\t\t\t\t<div class=\"elementor-widget-container\">\n\t\t\t\t\t<p id=\"breadcrumbs\"><span><span><a href=\"https:\/\/redeicm.org.br\/domfeliciano\/\">In\u00edcio<\/a><\/span><\/span><\/p>\t\t\t\t<\/div>\n\t\t\t\t<\/div>\n\t\t\t\t\t<\/div>\n\t\t\t\t<\/div>\n\t\t<div class=\"elementor-element elementor-element-014a78f e-flex e-con-boxed e-con e-parent\" data-id=\"014a78f\" data-element_type=\"container\" data-e-type=\"container\">\n\t\t\t\t\t<div class=\"e-con-inner\">\n\t\t\t\t<div class=\"elementor-element elementor-element-8031230 elementor-widget-divider--view-line elementor-widget elementor-widget-divider\" data-id=\"8031230\" data-element_type=\"widget\" data-e-type=\"widget\" data-widget_type=\"divider.default\">\n\t\t\t\t<div class=\"elementor-widget-container\">\n\t\t\t\t\t\t\t<div class=\"elementor-divider\">\n\t\t\t<span class=\"elementor-divider-separator\">\n\t\t\t\t\t\t<\/span>\n\t\t<\/div>\n\t\t\t\t\t\t<\/div>\n\t\t\t\t<\/div>\n\t\t\t\t\t<\/div>\n\t\t\t\t<\/div>\n\t\t<div class=\"elementor-element elementor-element-25ab4e1 e-flex e-con-boxed e-con e-parent\" data-id=\"25ab4e1\" data-element_type=\"container\" data-e-type=\"container\">\n\t\t\t\t\t<div class=\"e-con-inner\">\n\t\t\t\t<div class=\"elementor-element elementor-element-ef0f80f elementor-widget elementor-widget-heading\" data-id=\"ef0f80f\" data-element_type=\"widget\" data-e-type=\"widget\" data-widget_type=\"heading.default\">\n\t\t\t\t<div class=\"elementor-widget-container\">\n\t\t\t\t\t<h2 class=\"elementor-heading-title elementor-size-default\">CPAISBOX!<\/h2>\t\t\t\t<\/div>\n\t\t\t\t<\/div>\n\t\t\t\t\t<\/div>\n\t\t\t\t<\/div>\n\t\t<div class=\"elementor-element elementor-element-2dfc5a3 e-flex e-con-boxed e-con e-parent\" data-id=\"2dfc5a3\" data-element_type=\"container\" data-e-type=\"container\">\n\t\t\t\t\t<div class=\"e-con-inner\">\n\t\t\t\t<div class=\"elementor-element elementor-element-325ff2f elementor-widget elementor-widget-text-editor\" data-id=\"325ff2f\" data-element_type=\"widget\" data-e-type=\"widget\" data-widget_type=\"text-editor.default\">\n\t\t\t\t<div class=\"elementor-widget-container\">\n\t\t\t\t\t\t\t\t\t<p>Desde Janeiro de 2022, a administra\u00e7\u00e3o da loca\u00e7\u00e3o dos arm\u00e1rios \u00e9 feita pelo Conselho de Pais.<br \/>Toda a verba arrecadada ser\u00e1 reinvestida em benef\u00edcios aos estudantes!<\/p><p>Confira algumas informa\u00e7\u00f5es sobre a loca\u00e7\u00e3o e renova\u00e7\u00e3o dos arm\u00e1rios:<br \/>\u2013 O valor para loca\u00e7\u00e3o anual de um arm\u00e1rio em 2026 \u00e9 de R$ 390,00;<br \/>\u2013 Paga-se esse valor e utiliza-se o arm\u00e1rio por todo o ano letivo;<br \/>\u2013 Pagamento \u00e0 vista, no PIX ou em dinheiro;<br \/>\u2013 O arm\u00e1rio poder\u00e1 ser compartilhado por at\u00e9 dois estudantes, n\u00e3o necessariamente irm\u00e3os.<br \/>Assim, o valor poder\u00e1 ser dividido tamb\u00e9m, embora o contrato fique sob responsabilidade de<br \/>apenas uma pessoa;<br \/>\u2013 Cadeados novos e de f\u00e1cil manuseio.<\/p><p>\u00a0<\/p>\t\t\t\t\t\t\t\t<\/div>\n\t\t\t\t<\/div>\n\t\t\t\t\t<\/div>\n\t\t\t\t<\/div>\n\t\t<div class=\"elementor-element elementor-element-08b5500 e-flex e-con-boxed e-con e-parent\" data-id=\"08b5500\" data-element_type=\"container\" data-e-type=\"container\">\n\t\t\t\t\t<div class=\"e-con-inner\">\n\t\t\t\t<div class=\"elementor-element elementor-element-a5db059 elementor-widget-divider--view-line elementor-widget elementor-widget-divider\" data-id=\"a5db059\" data-element_type=\"widget\" data-e-type=\"widget\" data-widget_type=\"divider.default\">\n\t\t\t\t<div class=\"elementor-widget-container\">\n\t\t\t\t\t\t\t<div class=\"elementor-divider\">\n\t\t\t<span class=\"elementor-divider-separator\">\n\t\t\t\t\t\t<\/span>\n\t\t<\/div>\n\t\t\t\t\t\t<\/div>\n\t\t\t\t<\/div>\n\t\t\t\t\t<\/div>\n\t\t\t\t<\/div>\n\t\t<div class=\"elementor-element elementor-element-d83619a e-flex e-con-boxed e-con e-parent\" data-id=\"d83619a\" data-element_type=\"container\" data-e-type=\"container\">\n\t\t\t\t\t<div class=\"e-con-inner\">\n\t\t\t\t<div class=\"elementor-element elementor-element-9f29d13 elementor-widget elementor-widget-heading\" data-id=\"9f29d13\" data-element_type=\"widget\" data-e-type=\"widget\" data-widget_type=\"heading.default\">\n\t\t\t\t<div class=\"elementor-widget-container\">\n\t\t\t\t\t<h2 class=\"elementor-heading-title elementor-size-default\">PROMO\u00c7\u00c3O CPAISBOX:<\/h2>\t\t\t\t<\/div>\n\t\t\t\t<\/div>\n\t\t\t\t\t<\/div>\n\t\t\t\t<\/div>\n\t\t<div class=\"elementor-element elementor-element-d1582f4 e-flex e-con-boxed e-con e-parent\" data-id=\"d1582f4\" data-element_type=\"container\" data-e-type=\"container\">\n\t\t\t\t\t<div class=\"e-con-inner\">\n\t\t\t\t<div class=\"elementor-element elementor-element-2df96c2 elementor-widget elementor-widget-text-editor\" data-id=\"2df96c2\" data-element_type=\"widget\" data-e-type=\"widget\" data-widget_type=\"text-editor.default\">\n\t\t\t\t<div class=\"elementor-widget-container\">\n\t\t\t\t\t\t\t\t\t<p><strong>Apresentando a anuidade do Conselho de Pais de 2026 quitada, at\u00e9 31\/03\/2026, receber\u00e1 desconto e pagar\u00e1 somente R$250,00.<\/strong><\/p>\t\t\t\t\t\t\t\t<\/div>\n\t\t\t\t<\/div>\n\t\t\t\t\t<\/div>\n\t\t\t\t<\/div>\n\t\t<div class=\"elementor-element elementor-element-e156656 e-flex e-con-boxed e-con e-parent\" data-id=\"e156656\" data-element_type=\"container\" data-e-type=\"container\">\n\t\t\t\t\t<div class=\"e-con-inner\">\n\t\t\t\t<div class=\"elementor-element elementor-element-ec5256a elementor-widget elementor-widget-button\" data-id=\"ec5256a\" data-element_type=\"widget\" data-e-type=\"widget\" data-widget_type=\"button.default\">\n\t\t\t\t<div class=\"elementor-widget-container\">\n\t\t\t\t\t\t\t\t\t<div class=\"elementor-button-wrapper\">\n\t\t\t\t\t<a class=\"elementor-button elementor-button-link elementor-size-sm\" href=\"https:\/\/drive.google.com\/file\/d\/16uasW22fa1lgZ6okpgsPhkel60NeCgo3\/view?usp=sharing\" target=\"_blank\">\n\t\t\t\t\t\t<span class=\"elementor-button-content-wrapper\">\n\t\t\t\t\t\t\t\t\t<span class=\"elementor-button-text\">LER CONTRATO<\/span>\n\t\t\t\t\t<\/span>\n\t\t\t\t\t<\/a>\n\t\t\t\t<\/div>\n\t\t\t\t\t\t\t\t<\/div>\n\t\t\t\t<\/div>\n\t\t\t\t<div class=\"elementor-element elementor-element-e74b007 elementor-widget elementor-widget-button\" data-id=\"e74b007\" data-element_type=\"widget\" data-e-type=\"widget\" data-widget_type=\"button.default\">\n\t\t\t\t<div class=\"elementor-widget-container\">\n\t\t\t\t\t\t\t\t\t<div class=\"elementor-button-wrapper\">\n\t\t\t\t\t<a class=\"elementor-button elementor-button-link elementor-size-sm\" href=\"https:\/\/docs.google.com\/presentation\/d\/e\/2PACX-1vTrN9BugZBg1vcTFpJpK88Vozt-IoaIgD1CnaCtWdt0lPBkqFZ1nQXgnpp96UaJ_nwpDd4iSWMnSumr\/pub?start=false&#038;loop=false&#038;delayms=3000&#038;slide=id.g10392de8c36_0_133\" target=\"_blank\">\n\t\t\t\t\t\t<span class=\"elementor-button-content-wrapper\">\n\t\t\t\t\t\t\t\t\t<span class=\"elementor-button-text\">CONTRATAR ARM\u00c1RIO<\/span>\n\t\t\t\t\t<\/span>\n\t\t\t\t\t<\/a>\n\t\t\t\t<\/div>\n\t\t\t\t\t\t\t\t<\/div>\n\t\t\t\t<\/div>\n\t\t\t\t\t<\/div>\n\t\t\t\t<\/div>\n\t\t<div class=\"elementor-element elementor-element-48d28aa e-flex e-con-boxed e-con e-parent\" data-id=\"48d28aa\" data-element_type=\"container\" data-e-type=\"container\">\n\t\t\t\t\t<div class=\"e-con-inner\">\n\t\t\t\t<div class=\"elementor-element elementor-element-d672715 elementor-widget-divider--view-line elementor-widget elementor-widget-divider\" data-id=\"d672715\" data-element_type=\"widget\" data-e-type=\"widget\" data-widget_type=\"divider.default\">\n\t\t\t\t<div class=\"elementor-widget-container\">\n\t\t\t\t\t\t\t<div class=\"elementor-divider\">\n\t\t\t<span class=\"elementor-divider-separator\">\n\t\t\t\t\t\t<\/span>\n\t\t<\/div>\n\t\t\t\t\t\t<\/div>\n\t\t\t\t<\/div>\n\t\t\t\t\t<\/div>\n\t\t\t\t<\/div>\n\t\t\t\t<\/div>\n\t\t","protected":false},"excerpt":{"rendered":"<p>CPAISBOX! Desde Janeiro de 2022, a administra\u00e7\u00e3o da loca\u00e7\u00e3o dos arm\u00e1rios \u00e9 feita pelo Conselho de Pais.Toda a verba arrecadada ser\u00e1 reinvestida em benef\u00edcios aos estudantes! Confira algumas informa\u00e7\u00f5es sobre a loca\u00e7\u00e3o e renova\u00e7\u00e3o dos arm\u00e1rios:\u2013 O valor para loca\u00e7\u00e3o anual de um arm\u00e1rio em 2026 \u00e9 de R$ 390,00;\u2013 Paga-se esse valor e utiliza-se [&hellip;]<\/p>\n","protected":false},"author":6,"featured_media":172,"parent":0,"menu_order":0,"comment_status":"closed","ping_status":"closed","template":"","meta":{"_acf_changed":false,"footnotes":""},"class_list":["post-1609","page","type-page","status-publish","has-post-thumbnail","hentry"],"acf":[],"yoast_head":"<!-- This site is optimized with the Yoast SEO plugin v26.3 - https:\/\/yoast.com\/wordpress\/plugins\/seo\/ -->\n<title>CPaisBox - Col\u00e9gio Dom Feliciano | Rede ICM de educa\u00e7\u00e3o<\/title>\n<meta name=\"robots\" content=\"index, follow, max-snippet:-1, max-image-preview:large, max-video-preview:-1\" \/>\n<link rel=\"canonical\" href=\"https:\/\/redeicm.org.br\/domfeliciano\/cpaisbox\/\" \/>\n<meta property=\"og:locale\" content=\"pt_BR\" \/>\n<meta property=\"og:type\" content=\"article\" \/>\n<meta property=\"og:title\" content=\"CPaisBox - Col\u00e9gio Dom Feliciano | Rede ICM de educa\u00e7\u00e3o\" \/>\n<meta property=\"og:description\" content=\"CPAISBOX! Desde Janeiro de 2022, a administra\u00e7\u00e3o da loca\u00e7\u00e3o dos arm\u00e1rios \u00e9 feita pelo Conselho de Pais.Toda a verba arrecadada ser\u00e1 reinvestida em benef\u00edcios aos estudantes! Confira algumas informa\u00e7\u00f5es sobre a loca\u00e7\u00e3o e renova\u00e7\u00e3o dos arm\u00e1rios:\u2013 O valor para loca\u00e7\u00e3o anual de um arm\u00e1rio em 2026 \u00e9 de R$ 390,00;\u2013 Paga-se esse valor e utiliza-se [&hellip;]\" \/>\n<meta property=\"og:url\" content=\"https:\/\/redeicm.org.br\/domfeliciano\/cpaisbox\/\" \/>\n<meta property=\"og:site_name\" content=\"Col\u00e9gio Dom Feliciano | Rede ICM de educa\u00e7\u00e3o\" \/>\n<meta property=\"article:modified_time\" content=\"2025-12-08T17:29:41+00:00\" \/>\n<meta property=\"og:image\" content=\"https:\/\/redeicm.org.br\/domfeliciano\/wp-content\/uploads\/sites\/10\/2024\/08\/banner-projetos-educativos-1.jpg\" \/>\n\t<meta property=\"og:image:width\" content=\"1440\" \/>\n\t<meta property=\"og:image:height\" content=\"400\" \/>\n\t<meta property=\"og:image:type\" content=\"image\/jpeg\" \/>\n<meta name=\"twitter:card\" content=\"summary_large_image\" \/>\n<meta name=\"twitter:label1\" content=\"Est. tempo de leitura\" \/>\n\t<meta name=\"twitter:data1\" content=\"1 minuto\" \/>\n<script type=\"application\/ld+json\" class=\"yoast-schema-graph\">{\"@context\":\"https:\/\/schema.org\",\"@graph\":[{\"@type\":\"WebPage\",\"@id\":\"https:\/\/redeicm.org.br\/domfeliciano\/cpaisbox\/\",\"url\":\"https:\/\/redeicm.org.br\/domfeliciano\/cpaisbox\/\",\"name\":\"CPaisBox - Col\u00e9gio Dom Feliciano | Rede ICM de educa\u00e7\u00e3o\",\"isPartOf\":{\"@id\":\"https:\/\/redeicm.org.br\/domfeliciano\/#website\"},\"primaryImageOfPage\":{\"@id\":\"https:\/\/redeicm.org.br\/domfeliciano\/cpaisbox\/#primaryimage\"},\"image\":{\"@id\":\"https:\/\/redeicm.org.br\/domfeliciano\/cpaisbox\/#primaryimage\"},\"thumbnailUrl\":\"https:\/\/redeicm.org.br\/domfeliciano\/wp-content\/uploads\/sites\/10\/2024\/08\/banner-projetos-educativos-1.jpg\",\"datePublished\":\"2025-01-23T02:21:38+00:00\",\"dateModified\":\"2025-12-08T17:29:41+00:00\",\"breadcrumb\":{\"@id\":\"https:\/\/redeicm.org.br\/domfeliciano\/cpaisbox\/#breadcrumb\"},\"inLanguage\":\"pt-BR\",\"potentialAction\":[{\"@type\":\"ReadAction\",\"target\":[\"https:\/\/redeicm.org.br\/domfeliciano\/cpaisbox\/\"]}]},{\"@type\":\"ImageObject\",\"inLanguage\":\"pt-BR\",\"@id\":\"https:\/\/redeicm.org.br\/domfeliciano\/cpaisbox\/#primaryimage\",\"url\":\"https:\/\/redeicm.org.br\/domfeliciano\/wp-content\/uploads\/sites\/10\/2024\/08\/banner-projetos-educativos-1.jpg\",\"contentUrl\":\"https:\/\/redeicm.org.br\/domfeliciano\/wp-content\/uploads\/sites\/10\/2024\/08\/banner-projetos-educativos-1.jpg\",\"width\":1440,\"height\":400},{\"@type\":\"BreadcrumbList\",\"@id\":\"https:\/\/redeicm.org.br\/domfeliciano\/cpaisbox\/#breadcrumb\",\"itemListElement\":[{\"@type\":\"ListItem\",\"position\":1,\"name\":\"In\u00edcio\",\"item\":\"https:\/\/redeicm.org.br\/domfeliciano\/\"},{\"@type\":\"ListItem\",\"position\":2,\"name\":\"CPaisBox\"}]},{\"@type\":\"WebSite\",\"@id\":\"https:\/\/redeicm.org.br\/domfeliciano\/#website\",\"url\":\"https:\/\/redeicm.org.br\/domfeliciano\/\",\"name\":\"Col\u00e9gio Dom Feliciano | Rede ICM de educa\u00e7\u00e3o\",\"description\":\"\",\"publisher\":{\"@id\":\"https:\/\/redeicm.org.br\/domfeliciano\/#organization\"},\"potentialAction\":[{\"@type\":\"SearchAction\",\"target\":{\"@type\":\"EntryPoint\",\"urlTemplate\":\"https:\/\/redeicm.org.br\/domfeliciano\/?s={search_term_string}\"},\"query-input\":{\"@type\":\"PropertyValueSpecification\",\"valueRequired\":true,\"valueName\":\"search_term_string\"}}],\"inLanguage\":\"pt-BR\"},{\"@type\":\"Organization\",\"@id\":\"https:\/\/redeicm.org.br\/domfeliciano\/#organization\",\"name\":\"Col\u00e9gio Dom Feliciano | Rede ICM de educa\u00e7\u00e3o\",\"url\":\"https:\/\/redeicm.org.br\/domfeliciano\/\",\"logo\":{\"@type\":\"ImageObject\",\"inLanguage\":\"pt-BR\",\"@id\":\"https:\/\/redeicm.org.br\/domfeliciano\/#\/schema\/logo\/image\/\",\"url\":\"https:\/\/redeicm.org.br\/domfeliciano\/wp-content\/uploads\/sites\/10\/2024\/08\/Logo-ColegioDomFeliciano-100Anos.png\",\"contentUrl\":\"https:\/\/redeicm.org.br\/domfeliciano\/wp-content\/uploads\/sites\/10\/2024\/08\/Logo-ColegioDomFeliciano-100Anos.png\",\"width\":950,\"height\":228,\"caption\":\"Col\u00e9gio Dom Feliciano | Rede ICM de educa\u00e7\u00e3o\"},\"image\":{\"@id\":\"https:\/\/redeicm.org.br\/domfeliciano\/#\/schema\/logo\/image\/\"}}]}<\/script>\n<!-- \/ Yoast SEO plugin. -->","yoast_head_json":{"title":"CPaisBox - Col\u00e9gio Dom Feliciano | Rede ICM de educa\u00e7\u00e3o","robots":{"index":"index","follow":"follow","max-snippet":"max-snippet:-1","max-image-preview":"max-image-preview:large","max-video-preview":"max-video-preview:-1"},"canonical":"https:\/\/redeicm.org.br\/domfeliciano\/cpaisbox\/","og_locale":"pt_BR","og_type":"article","og_title":"CPaisBox - Col\u00e9gio Dom Feliciano | Rede ICM de educa\u00e7\u00e3o","og_description":"CPAISBOX! Desde Janeiro de 2022, a administra\u00e7\u00e3o da loca\u00e7\u00e3o dos arm\u00e1rios \u00e9 feita pelo Conselho de Pais.Toda a verba arrecadada ser\u00e1 reinvestida em benef\u00edcios aos estudantes! Confira algumas informa\u00e7\u00f5es sobre a loca\u00e7\u00e3o e renova\u00e7\u00e3o dos arm\u00e1rios:\u2013 O valor para loca\u00e7\u00e3o anual de um arm\u00e1rio em 2026 \u00e9 de R$ 390,00;\u2013 Paga-se esse valor e utiliza-se [&hellip;]","og_url":"https:\/\/redeicm.org.br\/domfeliciano\/cpaisbox\/","og_site_name":"Col\u00e9gio Dom Feliciano | Rede ICM de educa\u00e7\u00e3o","article_modified_time":"2025-12-08T17:29:41+00:00","og_image":[{"width":1440,"height":400,"url":"https:\/\/redeicm.org.br\/domfeliciano\/wp-content\/uploads\/sites\/10\/2024\/08\/banner-projetos-educativos-1.jpg","type":"image\/jpeg"}],"twitter_card":"summary_large_image","twitter_misc":{"Est. tempo de leitura":"1 minuto"},"schema":{"@context":"https:\/\/schema.org","@graph":[{"@type":"WebPage","@id":"https:\/\/redeicm.org.br\/domfeliciano\/cpaisbox\/","url":"https:\/\/redeicm.org.br\/domfeliciano\/cpaisbox\/","name":"CPaisBox - Col\u00e9gio Dom Feliciano | Rede ICM de educa\u00e7\u00e3o","isPartOf":{"@id":"https:\/\/redeicm.org.br\/domfeliciano\/#website"},"primaryImageOfPage":{"@id":"https:\/\/redeicm.org.br\/domfeliciano\/cpaisbox\/#primaryimage"},"image":{"@id":"https:\/\/redeicm.org.br\/domfeliciano\/cpaisbox\/#primaryimage"},"thumbnailUrl":"https:\/\/redeicm.org.br\/domfeliciano\/wp-content\/uploads\/sites\/10\/2024\/08\/banner-projetos-educativos-1.jpg","datePublished":"2025-01-23T02:21:38+00:00","dateModified":"2025-12-08T17:29:41+00:00","breadcrumb":{"@id":"https:\/\/redeicm.org.br\/domfeliciano\/cpaisbox\/#breadcrumb"},"inLanguage":"pt-BR","potentialAction":[{"@type":"ReadAction","target":["https:\/\/redeicm.org.br\/domfeliciano\/cpaisbox\/"]}]},{"@type":"ImageObject","inLanguage":"pt-BR","@id":"https:\/\/redeicm.org.br\/domfeliciano\/cpaisbox\/#primaryimage","url":"https:\/\/redeicm.org.br\/domfeliciano\/wp-content\/uploads\/sites\/10\/2024\/08\/banner-projetos-educativos-1.jpg","contentUrl":"https:\/\/redeicm.org.br\/domfeliciano\/wp-content\/uploads\/sites\/10\/2024\/08\/banner-projetos-educativos-1.jpg","width":1440,"height":400},{"@type":"BreadcrumbList","@id":"https:\/\/redeicm.org.br\/domfeliciano\/cpaisbox\/#breadcrumb","itemListElement":[{"@type":"ListItem","position":1,"name":"In\u00edcio","item":"https:\/\/redeicm.org.br\/domfeliciano\/"},{"@type":"ListItem","position":2,"name":"CPaisBox"}]},{"@type":"WebSite","@id":"https:\/\/redeicm.org.br\/domfeliciano\/#website","url":"https:\/\/redeicm.org.br\/domfeliciano\/","name":"Col\u00e9gio Dom Feliciano | Rede ICM de educa\u00e7\u00e3o","description":"","publisher":{"@id":"https:\/\/redeicm.org.br\/domfeliciano\/#organization"},"potentialAction":[{"@type":"SearchAction","target":{"@type":"EntryPoint","urlTemplate":"https:\/\/redeicm.org.br\/domfeliciano\/?s={search_term_string}"},"query-input":{"@type":"PropertyValueSpecification","valueRequired":true,"valueName":"search_term_string"}}],"inLanguage":"pt-BR"},{"@type":"Organization","@id":"https:\/\/redeicm.org.br\/domfeliciano\/#organization","name":"Col\u00e9gio Dom Feliciano | Rede ICM de educa\u00e7\u00e3o","url":"https:\/\/redeicm.org.br\/domfeliciano\/","logo":{"@type":"ImageObject","inLanguage":"pt-BR","@id":"https:\/\/redeicm.org.br\/domfeliciano\/#\/schema\/logo\/image\/","url":"https:\/\/redeicm.org.br\/domfeliciano\/wp-content\/uploads\/sites\/10\/2024\/08\/Logo-ColegioDomFeliciano-100Anos.png","contentUrl":"https:\/\/redeicm.org.br\/domfeliciano\/wp-content\/uploads\/sites\/10\/2024\/08\/Logo-ColegioDomFeliciano-100Anos.png","width":950,"height":228,"caption":"Col\u00e9gio Dom Feliciano | Rede ICM de educa\u00e7\u00e3o"},"image":{"@id":"https:\/\/redeicm.org.br\/domfeliciano\/#\/schema\/logo\/image\/"}}]}},"_links":{"self":[{"href":"https:\/\/redeicm.org.br\/domfeliciano\/wp-json\/wp\/v2\/pages\/1609","targetHints":{"allow":["GET"]}}],"collection":[{"href":"https:\/\/redeicm.org.br\/domfeliciano\/wp-json\/wp\/v2\/pages"}],"about":[{"href":"https:\/\/redeicm.org.br\/domfeliciano\/wp-json\/wp\/v2\/types\/page"}],"author":[{"embeddable":true,"href":"https:\/\/redeicm.org.br\/domfeliciano\/wp-json\/wp\/v2\/users\/6"}],"replies":[{"embeddable":true,"href":"https:\/\/redeicm.org.br\/domfeliciano\/wp-json\/wp\/v2\/comments?post=1609"}],"version-history":[{"count":114,"href":"https:\/\/redeicm.org.br\/domfeliciano\/wp-json\/wp\/v2\/pages\/1609\/revisions"}],"predecessor-version":[{"id":5240,"href":"https:\/\/redeicm.org.br\/domfeliciano\/wp-json\/wp\/v2\/pages\/1609\/revisions\/5240"}],"wp:featuredmedia":[{"embeddable":true,"href":"https:\/\/redeicm.org.br\/domfeliciano\/wp-json\/wp\/v2\/media\/172"}],"wp:attachment":[{"href":"https:\/\/redeicm.org.br\/domfeliciano\/wp-json\/wp\/v2\/media?parent=1609"}],"curies":[{"name":"wp","href":"https:\/\/api.w.org\/{rel}","templated":true}]}}