{"id":2619,"date":"2025-05-21T11:27:26","date_gmt":"2025-05-21T14:27:26","guid":{"rendered":"https:\/\/redeicm.org.br\/cristorei\/?page_id=2619"},"modified":"2025-09-26T08:21:04","modified_gmt":"2025-09-26T11:21:04","slug":"bolsas-de-estudos","status":"publish","type":"page","link":"https:\/\/redeicm.org.br\/cristorei\/bolsas-de-estudos\/","title":{"rendered":"Bolsas de estudos"},"content":{"rendered":"\t\t<div data-elementor-type=\"wp-page\" data-elementor-id=\"2619\" class=\"elementor elementor-2619\" data-elementor-post-type=\"page\">\n\t\t\t\t<div class=\"elementor-element elementor-element-70893ee e-flex e-con-boxed e-con e-parent\" data-id=\"70893ee\" data-element_type=\"container\" data-e-type=\"container\" data-settings=\"{&quot;background_background&quot;:&quot;classic&quot;}\">\n\t\t\t\t\t<div class=\"e-con-inner\">\n\t\t\t\t<div class=\"elementor-element elementor-element-cd2682a elementor-widget elementor-widget-heading\" data-id=\"cd2682a\" data-element_type=\"widget\" data-e-type=\"widget\" data-widget_type=\"heading.default\">\n\t\t\t\t<div class=\"elementor-widget-container\">\n\t\t\t\t\t<h1 class=\"elementor-heading-title elementor-size-default\">Bolsa de Estudos 2026<\/h1>\t\t\t\t<\/div>\n\t\t\t\t<\/div>\n\t\t\t\t\t<\/div>\n\t\t\t\t<\/div>\n\t\t<div class=\"elementor-element elementor-element-cc0652e e-flex e-con-boxed e-con e-parent\" data-id=\"cc0652e\" data-element_type=\"container\" data-e-type=\"container\">\n\t\t\t\t\t<div class=\"e-con-inner\">\n\t\t\t\t<div class=\"elementor-element elementor-element-2ac930b elementor-widget elementor-widget-text-editor\" data-id=\"2ac930b\" data-element_type=\"widget\" data-e-type=\"widget\" data-widget_type=\"text-editor.default\">\n\t\t\t\t<div class=\"elementor-widget-container\">\n\t\t\t\t\t\t\t\t\t<p>A Rede ICM disponibiliza, anualmente, um n\u00famero pr\u00e9-determinado de bolsas de estudo. Inicialmente, estas bolsas s\u00e3o oferecidas para os alunos j\u00e1 bolsistas renovarem e, havendo bolsas extras, disponibilizadas \u00e0 comunidade em geral.<br \/>O crit\u00e9rio \u00e9 por renda per capta.<\/p><p>\u00a0<\/p>\t\t\t\t\t\t\t\t<\/div>\n\t\t\t\t<\/div>\n\t\t\t\t\t<\/div>\n\t\t\t\t<\/div>\n\t\t<div class=\"elementor-element elementor-element-f0b288e e-flex e-con-boxed e-con e-parent\" data-id=\"f0b288e\" data-element_type=\"container\" data-e-type=\"container\">\n\t\t\t\t\t<div class=\"e-con-inner\">\n\t\t\t\t<div class=\"elementor-element elementor-element-1147d5e elementor-widget elementor-widget-embedpress_pdf\" data-id=\"1147d5e\" data-element_type=\"widget\" data-e-type=\"widget\" data-widget_type=\"embedpress_pdf.default\">\n\t\t\t\t<div class=\"elementor-widget-container\">\n\t\t\t\t\t    <div class=\"embedpress-document-embed ep-doc-d71959f3c38f337272b1872f63a3f2f0 ose-document emebedpress-unit-percent \" data-thememode=\"default\" data-customcolor=\"\" data-toolbar=\"yes\" data-toolbar-position=\"top\" data-open=\"no\" data-presentation-mode=\"yes\" data-download=\"yes\" data-copy=\"yes\" data-add-image=\"yes\" data-rotate=\"yes\" data-details=\"yes\" data-id=\"embedpress-pdf-1147d5e\" data-selection-tool=\"0\" data-scrolling=\"0\" data-spreads=\"-1\" style=\" max-width:100%; display: inline-block\">\n\n        \n    <\/div>\n\n\t\t\t\t<\/div>\n\t\t\t\t<\/div>\n\t\t\t\t\t<\/div>\n\t\t\t\t<\/div>\n\t\t\t\t<\/div>\n\t\t","protected":false},"excerpt":{"rendered":"<p>Bolsa de Estudos 2026 A Rede ICM disponibiliza, anualmente, um n\u00famero pr\u00e9-determinado de bolsas de estudo. Inicialmente, estas bolsas s\u00e3o oferecidas para os alunos j\u00e1 bolsistas renovarem e, havendo bolsas extras, disponibilizadas \u00e0 comunidade em geral.O crit\u00e9rio \u00e9 por renda per capta. \u00a0<\/p>\n","protected":false},"author":1,"featured_media":0,"parent":0,"menu_order":0,"comment_status":"closed","ping_status":"closed","template":"","meta":{"_acf_changed":false,"footnotes":""},"class_list":["post-2619","page","type-page","status-publish","hentry"],"acf":[],"yoast_head":"<!-- This site is optimized with the Yoast SEO plugin v26.3 - https:\/\/yoast.com\/wordpress\/plugins\/seo\/ -->\n<title>Bolsas de estudos - Escola Cristo Rei | Rede ICM de educa\u00e7\u00e3o<\/title>\n<meta name=\"robots\" content=\"index, follow, max-snippet:-1, max-image-preview:large, max-video-preview:-1\" \/>\n<link rel=\"canonical\" href=\"https:\/\/redeicm.org.br\/cristorei\/bolsas-de-estudos\/\" \/>\n<meta property=\"og:locale\" content=\"pt_BR\" \/>\n<meta property=\"og:type\" content=\"article\" \/>\n<meta property=\"og:title\" content=\"Bolsas de estudos - Escola Cristo Rei | Rede ICM de educa\u00e7\u00e3o\" \/>\n<meta property=\"og:description\" content=\"Bolsa de Estudos 2026 A Rede ICM disponibiliza, anualmente, um n\u00famero pr\u00e9-determinado de bolsas de estudo. Inicialmente, estas bolsas s\u00e3o oferecidas para os alunos j\u00e1 bolsistas renovarem e, havendo bolsas extras, disponibilizadas \u00e0 comunidade em geral.O crit\u00e9rio \u00e9 por renda per capta. \u00a0\" \/>\n<meta property=\"og:url\" content=\"https:\/\/redeicm.org.br\/cristorei\/bolsas-de-estudos\/\" \/>\n<meta property=\"og:site_name\" content=\"Escola Cristo Rei | Rede ICM de educa\u00e7\u00e3o\" \/>\n<meta property=\"article:modified_time\" content=\"2025-09-26T11:21:04+00:00\" \/>\n<meta name=\"twitter:card\" content=\"summary_large_image\" \/>\n<meta name=\"twitter:label1\" content=\"Est. tempo de leitura\" \/>\n\t<meta name=\"twitter:data1\" content=\"1 minuto\" \/>\n<script type=\"application\/ld+json\" class=\"yoast-schema-graph\">{\"@context\":\"https:\/\/schema.org\",\"@graph\":[{\"@type\":\"WebPage\",\"@id\":\"https:\/\/redeicm.org.br\/cristorei\/bolsas-de-estudos\/\",\"url\":\"https:\/\/redeicm.org.br\/cristorei\/bolsas-de-estudos\/\",\"name\":\"Bolsas de estudos - Escola Cristo Rei | Rede ICM de educa\u00e7\u00e3o\",\"isPartOf\":{\"@id\":\"https:\/\/redeicm.org.br\/cristorei\/#website\"},\"datePublished\":\"2025-05-21T14:27:26+00:00\",\"dateModified\":\"2025-09-26T11:21:04+00:00\",\"breadcrumb\":{\"@id\":\"https:\/\/redeicm.org.br\/cristorei\/bolsas-de-estudos\/#breadcrumb\"},\"inLanguage\":\"pt-BR\",\"potentialAction\":[{\"@type\":\"ReadAction\",\"target\":[\"https:\/\/redeicm.org.br\/cristorei\/bolsas-de-estudos\/\"]}]},{\"@type\":\"BreadcrumbList\",\"@id\":\"https:\/\/redeicm.org.br\/cristorei\/bolsas-de-estudos\/#breadcrumb\",\"itemListElement\":[{\"@type\":\"ListItem\",\"position\":1,\"name\":\"In\u00edcio\",\"item\":\"https:\/\/redeicm.org.br\/cristorei\/\"},{\"@type\":\"ListItem\",\"position\":2,\"name\":\"Bolsas de estudos\"}]},{\"@type\":\"WebSite\",\"@id\":\"https:\/\/redeicm.org.br\/cristorei\/#website\",\"url\":\"https:\/\/redeicm.org.br\/cristorei\/\",\"name\":\"Escola Cristo Rei | Rede ICM de educa\u00e7\u00e3o\",\"description\":\"\",\"publisher\":{\"@id\":\"https:\/\/redeicm.org.br\/cristorei\/#organization\"},\"potentialAction\":[{\"@type\":\"SearchAction\",\"target\":{\"@type\":\"EntryPoint\",\"urlTemplate\":\"https:\/\/redeicm.org.br\/cristorei\/?s={search_term_string}\"},\"query-input\":{\"@type\":\"PropertyValueSpecification\",\"valueRequired\":true,\"valueName\":\"search_term_string\"}}],\"inLanguage\":\"pt-BR\"},{\"@type\":\"Organization\",\"@id\":\"https:\/\/redeicm.org.br\/cristorei\/#organization\",\"name\":\"Escola Cristo Rei | Rede ICM de educa\u00e7\u00e3o\",\"url\":\"https:\/\/redeicm.org.br\/cristorei\/\",\"logo\":{\"@type\":\"ImageObject\",\"inLanguage\":\"pt-BR\",\"@id\":\"https:\/\/redeicm.org.br\/cristorei\/#\/schema\/logo\/image\/\",\"url\":\"https:\/\/redeicm.org.br\/cristorei\/wp-content\/uploads\/sites\/9\/2024\/08\/ICM_Educacao_Cristo_Rei_Preferencial_Cores-1024x437-1.png\",\"contentUrl\":\"https:\/\/redeicm.org.br\/cristorei\/wp-content\/uploads\/sites\/9\/2024\/08\/ICM_Educacao_Cristo_Rei_Preferencial_Cores-1024x437-1.png\",\"width\":1024,\"height\":437,\"caption\":\"Escola Cristo Rei | Rede ICM de educa\u00e7\u00e3o\"},\"image\":{\"@id\":\"https:\/\/redeicm.org.br\/cristorei\/#\/schema\/logo\/image\/\"}}]}<\/script>\n<!-- \/ Yoast SEO plugin. -->","yoast_head_json":{"title":"Bolsas de estudos - Escola Cristo Rei | Rede ICM de educa\u00e7\u00e3o","robots":{"index":"index","follow":"follow","max-snippet":"max-snippet:-1","max-image-preview":"max-image-preview:large","max-video-preview":"max-video-preview:-1"},"canonical":"https:\/\/redeicm.org.br\/cristorei\/bolsas-de-estudos\/","og_locale":"pt_BR","og_type":"article","og_title":"Bolsas de estudos - Escola Cristo Rei | Rede ICM de educa\u00e7\u00e3o","og_description":"Bolsa de Estudos 2026 A Rede ICM disponibiliza, anualmente, um n\u00famero pr\u00e9-determinado de bolsas de estudo. Inicialmente, estas bolsas s\u00e3o oferecidas para os alunos j\u00e1 bolsistas renovarem e, havendo bolsas extras, disponibilizadas \u00e0 comunidade em geral.O crit\u00e9rio \u00e9 por renda per capta. \u00a0","og_url":"https:\/\/redeicm.org.br\/cristorei\/bolsas-de-estudos\/","og_site_name":"Escola Cristo Rei | Rede ICM de educa\u00e7\u00e3o","article_modified_time":"2025-09-26T11:21:04+00:00","twitter_card":"summary_large_image","twitter_misc":{"Est. tempo de leitura":"1 minuto"},"schema":{"@context":"https:\/\/schema.org","@graph":[{"@type":"WebPage","@id":"https:\/\/redeicm.org.br\/cristorei\/bolsas-de-estudos\/","url":"https:\/\/redeicm.org.br\/cristorei\/bolsas-de-estudos\/","name":"Bolsas de estudos - Escola Cristo Rei | Rede ICM de educa\u00e7\u00e3o","isPartOf":{"@id":"https:\/\/redeicm.org.br\/cristorei\/#website"},"datePublished":"2025-05-21T14:27:26+00:00","dateModified":"2025-09-26T11:21:04+00:00","breadcrumb":{"@id":"https:\/\/redeicm.org.br\/cristorei\/bolsas-de-estudos\/#breadcrumb"},"inLanguage":"pt-BR","potentialAction":[{"@type":"ReadAction","target":["https:\/\/redeicm.org.br\/cristorei\/bolsas-de-estudos\/"]}]},{"@type":"BreadcrumbList","@id":"https:\/\/redeicm.org.br\/cristorei\/bolsas-de-estudos\/#breadcrumb","itemListElement":[{"@type":"ListItem","position":1,"name":"In\u00edcio","item":"https:\/\/redeicm.org.br\/cristorei\/"},{"@type":"ListItem","position":2,"name":"Bolsas de estudos"}]},{"@type":"WebSite","@id":"https:\/\/redeicm.org.br\/cristorei\/#website","url":"https:\/\/redeicm.org.br\/cristorei\/","name":"Escola Cristo Rei | Rede ICM de educa\u00e7\u00e3o","description":"","publisher":{"@id":"https:\/\/redeicm.org.br\/cristorei\/#organization"},"potentialAction":[{"@type":"SearchAction","target":{"@type":"EntryPoint","urlTemplate":"https:\/\/redeicm.org.br\/cristorei\/?s={search_term_string}"},"query-input":{"@type":"PropertyValueSpecification","valueRequired":true,"valueName":"search_term_string"}}],"inLanguage":"pt-BR"},{"@type":"Organization","@id":"https:\/\/redeicm.org.br\/cristorei\/#organization","name":"Escola Cristo Rei | Rede ICM de educa\u00e7\u00e3o","url":"https:\/\/redeicm.org.br\/cristorei\/","logo":{"@type":"ImageObject","inLanguage":"pt-BR","@id":"https:\/\/redeicm.org.br\/cristorei\/#\/schema\/logo\/image\/","url":"https:\/\/redeicm.org.br\/cristorei\/wp-content\/uploads\/sites\/9\/2024\/08\/ICM_Educacao_Cristo_Rei_Preferencial_Cores-1024x437-1.png","contentUrl":"https:\/\/redeicm.org.br\/cristorei\/wp-content\/uploads\/sites\/9\/2024\/08\/ICM_Educacao_Cristo_Rei_Preferencial_Cores-1024x437-1.png","width":1024,"height":437,"caption":"Escola Cristo Rei | Rede ICM de educa\u00e7\u00e3o"},"image":{"@id":"https:\/\/redeicm.org.br\/cristorei\/#\/schema\/logo\/image\/"}}]}},"_links":{"self":[{"href":"https:\/\/redeicm.org.br\/cristorei\/wp-json\/wp\/v2\/pages\/2619","targetHints":{"allow":["GET"]}}],"collection":[{"href":"https:\/\/redeicm.org.br\/cristorei\/wp-json\/wp\/v2\/pages"}],"about":[{"href":"https:\/\/redeicm.org.br\/cristorei\/wp-json\/wp\/v2\/types\/page"}],"author":[{"embeddable":true,"href":"https:\/\/redeicm.org.br\/cristorei\/wp-json\/wp\/v2\/users\/1"}],"replies":[{"embeddable":true,"href":"https:\/\/redeicm.org.br\/cristorei\/wp-json\/wp\/v2\/comments?post=2619"}],"version-history":[{"count":16,"href":"https:\/\/redeicm.org.br\/cristorei\/wp-json\/wp\/v2\/pages\/2619\/revisions"}],"predecessor-version":[{"id":2792,"href":"https:\/\/redeicm.org.br\/cristorei\/wp-json\/wp\/v2\/pages\/2619\/revisions\/2792"}],"wp:attachment":[{"href":"https:\/\/redeicm.org.br\/cristorei\/wp-json\/wp\/v2\/media?parent=2619"}],"curies":[{"name":"wp","href":"https:\/\/api.w.org\/{rel}","templated":true}]}}