{"id":2566,"date":"2025-05-21T10:38:09","date_gmt":"2025-05-21T13:38:09","guid":{"rendered":"https:\/\/redeicm.org.br\/cristorei\/?page_id=2566"},"modified":"2025-05-21T10:43:15","modified_gmt":"2025-05-21T13:43:15","slug":"normas-de-convivencia-2","status":"publish","type":"page","link":"https:\/\/redeicm.org.br\/cristorei\/normas-de-convivencia-2\/","title":{"rendered":"Normas de Conviv\u00eancia"},"content":{"rendered":"\t\t<div data-elementor-type=\"wp-page\" data-elementor-id=\"2566\" class=\"elementor elementor-2566\" data-elementor-post-type=\"page\">\n\t\t\t\t<div class=\"elementor-element elementor-element-70893ee e-flex e-con-boxed e-con e-parent\" data-id=\"70893ee\" data-element_type=\"container\" data-e-type=\"container\" data-settings=\"{&quot;background_background&quot;:&quot;classic&quot;}\">\n\t\t\t\t\t<div class=\"e-con-inner\">\n\t\t\t\t<div class=\"elementor-element elementor-element-cd2682a elementor-widget elementor-widget-heading\" data-id=\"cd2682a\" data-element_type=\"widget\" data-e-type=\"widget\" data-widget_type=\"heading.default\">\n\t\t\t\t<div class=\"elementor-widget-container\">\n\t\t\t\t\t<h1 class=\"elementor-heading-title elementor-size-default\">CERTIFICADO DE ENTIDADE BENEFICENTE DE ASSIST\u00caNCIA SOCIAL\n<\/h1>\t\t\t\t<\/div>\n\t\t\t\t<\/div>\n\t\t\t\t\t<\/div>\n\t\t\t\t<\/div>\n\t\t<div class=\"elementor-element elementor-element-bd7728f e-flex e-con-boxed e-con e-parent\" data-id=\"bd7728f\" data-element_type=\"container\" data-e-type=\"container\">\n\t\t\t\t\t<div class=\"e-con-inner\">\n\t\t\t\t<div class=\"elementor-element elementor-element-063fafe elementor-widget elementor-widget-image\" data-id=\"063fafe\" data-element_type=\"widget\" data-e-type=\"widget\" data-widget_type=\"image.default\">\n\t\t\t\t<div class=\"elementor-widget-container\">\n\t\t\t\t\t\t\t\t\t\t\t\t\t\t\t<img fetchpriority=\"high\" decoding=\"async\" width=\"800\" height=\"562\" src=\"https:\/\/redeicm.org.br\/cristorei\/wp-content\/uploads\/sites\/9\/2025\/05\/Entidade-Beneficiente-1024x719-1.png\" class=\"attachment-large size-large wp-image-2568\" alt=\"\" srcset=\"https:\/\/redeicm.org.br\/cristorei\/wp-content\/uploads\/sites\/9\/2025\/05\/Entidade-Beneficiente-1024x719-1.png 1024w, https:\/\/redeicm.org.br\/cristorei\/wp-content\/uploads\/sites\/9\/2025\/05\/Entidade-Beneficiente-1024x719-1-300x211.png 300w, https:\/\/redeicm.org.br\/cristorei\/wp-content\/uploads\/sites\/9\/2025\/05\/Entidade-Beneficiente-1024x719-1-768x539.png 768w\" sizes=\"(max-width: 800px) 100vw, 800px\" \/>\t\t\t\t\t\t\t\t\t\t\t\t\t\t\t<\/div>\n\t\t\t\t<\/div>\n\t\t\t\t\t<\/div>\n\t\t\t\t<\/div>\n\t\t\t\t<\/div>\n\t\t","protected":false},"excerpt":{"rendered":"<p>CERTIFICADO DE ENTIDADE BENEFICENTE DE ASSIST\u00caNCIA SOCIAL<\/p>\n","protected":false},"author":1,"featured_media":0,"parent":0,"menu_order":0,"comment_status":"closed","ping_status":"closed","template":"","meta":{"_acf_changed":false,"footnotes":""},"class_list":["post-2566","page","type-page","status-publish","hentry"],"acf":[],"yoast_head":"<!-- This site is optimized with the Yoast SEO plugin v26.3 - https:\/\/yoast.com\/wordpress\/plugins\/seo\/ -->\n<title>Normas de Conviv\u00eancia - Escola Cristo Rei | Rede ICM de educa\u00e7\u00e3o<\/title>\n<meta name=\"robots\" content=\"index, follow, max-snippet:-1, max-image-preview:large, max-video-preview:-1\" \/>\n<link rel=\"canonical\" href=\"https:\/\/redeicm.org.br\/cristorei\/normas-de-convivencia-2\/\" \/>\n<meta property=\"og:locale\" content=\"pt_BR\" \/>\n<meta property=\"og:type\" content=\"article\" \/>\n<meta property=\"og:title\" content=\"Normas de Conviv\u00eancia - Escola Cristo Rei | Rede ICM de educa\u00e7\u00e3o\" \/>\n<meta property=\"og:description\" content=\"CERTIFICADO DE ENTIDADE BENEFICENTE DE ASSIST\u00caNCIA SOCIAL\" \/>\n<meta property=\"og:url\" content=\"https:\/\/redeicm.org.br\/cristorei\/normas-de-convivencia-2\/\" \/>\n<meta property=\"og:site_name\" content=\"Escola Cristo Rei | Rede ICM de educa\u00e7\u00e3o\" \/>\n<meta property=\"article:modified_time\" content=\"2025-05-21T13:43:15+00:00\" \/>\n<meta property=\"og:image\" content=\"https:\/\/redeicm.org.br\/cristorei\/wp-content\/uploads\/sites\/9\/2025\/05\/Entidade-Beneficiente-1024x719-1.png\" \/>\n\t<meta property=\"og:image:width\" content=\"1024\" \/>\n\t<meta property=\"og:image:height\" content=\"719\" \/>\n\t<meta property=\"og:image:type\" content=\"image\/png\" \/>\n<meta name=\"twitter:card\" content=\"summary_large_image\" \/>\n<meta name=\"twitter:label1\" content=\"Est. tempo de leitura\" \/>\n\t<meta name=\"twitter:data1\" content=\"1 minuto\" \/>\n<script type=\"application\/ld+json\" class=\"yoast-schema-graph\">{\"@context\":\"https:\/\/schema.org\",\"@graph\":[{\"@type\":\"WebPage\",\"@id\":\"https:\/\/redeicm.org.br\/cristorei\/normas-de-convivencia-2\/\",\"url\":\"https:\/\/redeicm.org.br\/cristorei\/normas-de-convivencia-2\/\",\"name\":\"Normas de Conviv\u00eancia - Escola Cristo Rei | Rede ICM de educa\u00e7\u00e3o\",\"isPartOf\":{\"@id\":\"https:\/\/redeicm.org.br\/cristorei\/#website\"},\"primaryImageOfPage\":{\"@id\":\"https:\/\/redeicm.org.br\/cristorei\/normas-de-convivencia-2\/#primaryimage\"},\"image\":{\"@id\":\"https:\/\/redeicm.org.br\/cristorei\/normas-de-convivencia-2\/#primaryimage\"},\"thumbnailUrl\":\"https:\/\/redeicm.org.br\/cristorei\/wp-content\/uploads\/sites\/9\/2025\/05\/Entidade-Beneficiente-1024x719-1.png\",\"datePublished\":\"2025-05-21T13:38:09+00:00\",\"dateModified\":\"2025-05-21T13:43:15+00:00\",\"breadcrumb\":{\"@id\":\"https:\/\/redeicm.org.br\/cristorei\/normas-de-convivencia-2\/#breadcrumb\"},\"inLanguage\":\"pt-BR\",\"potentialAction\":[{\"@type\":\"ReadAction\",\"target\":[\"https:\/\/redeicm.org.br\/cristorei\/normas-de-convivencia-2\/\"]}]},{\"@type\":\"ImageObject\",\"inLanguage\":\"pt-BR\",\"@id\":\"https:\/\/redeicm.org.br\/cristorei\/normas-de-convivencia-2\/#primaryimage\",\"url\":\"https:\/\/redeicm.org.br\/cristorei\/wp-content\/uploads\/sites\/9\/2025\/05\/Entidade-Beneficiente-1024x719-1.png\",\"contentUrl\":\"https:\/\/redeicm.org.br\/cristorei\/wp-content\/uploads\/sites\/9\/2025\/05\/Entidade-Beneficiente-1024x719-1.png\",\"width\":1024,\"height\":719},{\"@type\":\"BreadcrumbList\",\"@id\":\"https:\/\/redeicm.org.br\/cristorei\/normas-de-convivencia-2\/#breadcrumb\",\"itemListElement\":[{\"@type\":\"ListItem\",\"position\":1,\"name\":\"In\u00edcio\",\"item\":\"https:\/\/redeicm.org.br\/cristorei\/\"},{\"@type\":\"ListItem\",\"position\":2,\"name\":\"Normas de Conviv\u00eancia\"}]},{\"@type\":\"WebSite\",\"@id\":\"https:\/\/redeicm.org.br\/cristorei\/#website\",\"url\":\"https:\/\/redeicm.org.br\/cristorei\/\",\"name\":\"Escola Cristo Rei | Rede ICM de educa\u00e7\u00e3o\",\"description\":\"\",\"publisher\":{\"@id\":\"https:\/\/redeicm.org.br\/cristorei\/#organization\"},\"potentialAction\":[{\"@type\":\"SearchAction\",\"target\":{\"@type\":\"EntryPoint\",\"urlTemplate\":\"https:\/\/redeicm.org.br\/cristorei\/?s={search_term_string}\"},\"query-input\":{\"@type\":\"PropertyValueSpecification\",\"valueRequired\":true,\"valueName\":\"search_term_string\"}}],\"inLanguage\":\"pt-BR\"},{\"@type\":\"Organization\",\"@id\":\"https:\/\/redeicm.org.br\/cristorei\/#organization\",\"name\":\"Escola Cristo Rei | Rede ICM de educa\u00e7\u00e3o\",\"url\":\"https:\/\/redeicm.org.br\/cristorei\/\",\"logo\":{\"@type\":\"ImageObject\",\"inLanguage\":\"pt-BR\",\"@id\":\"https:\/\/redeicm.org.br\/cristorei\/#\/schema\/logo\/image\/\",\"url\":\"https:\/\/redeicm.org.br\/cristorei\/wp-content\/uploads\/sites\/9\/2024\/08\/ICM_Educacao_Cristo_Rei_Preferencial_Cores-1024x437-1.png\",\"contentUrl\":\"https:\/\/redeicm.org.br\/cristorei\/wp-content\/uploads\/sites\/9\/2024\/08\/ICM_Educacao_Cristo_Rei_Preferencial_Cores-1024x437-1.png\",\"width\":1024,\"height\":437,\"caption\":\"Escola Cristo Rei | Rede ICM de educa\u00e7\u00e3o\"},\"image\":{\"@id\":\"https:\/\/redeicm.org.br\/cristorei\/#\/schema\/logo\/image\/\"}}]}<\/script>\n<!-- \/ Yoast SEO plugin. -->","yoast_head_json":{"title":"Normas de Conviv\u00eancia - Escola Cristo Rei | Rede ICM de educa\u00e7\u00e3o","robots":{"index":"index","follow":"follow","max-snippet":"max-snippet:-1","max-image-preview":"max-image-preview:large","max-video-preview":"max-video-preview:-1"},"canonical":"https:\/\/redeicm.org.br\/cristorei\/normas-de-convivencia-2\/","og_locale":"pt_BR","og_type":"article","og_title":"Normas de Conviv\u00eancia - Escola Cristo Rei | Rede ICM de educa\u00e7\u00e3o","og_description":"CERTIFICADO DE ENTIDADE BENEFICENTE DE ASSIST\u00caNCIA SOCIAL","og_url":"https:\/\/redeicm.org.br\/cristorei\/normas-de-convivencia-2\/","og_site_name":"Escola Cristo Rei | Rede ICM de educa\u00e7\u00e3o","article_modified_time":"2025-05-21T13:43:15+00:00","og_image":[{"width":1024,"height":719,"url":"https:\/\/redeicm.org.br\/cristorei\/wp-content\/uploads\/sites\/9\/2025\/05\/Entidade-Beneficiente-1024x719-1.png","type":"image\/png"}],"twitter_card":"summary_large_image","twitter_misc":{"Est. tempo de leitura":"1 minuto"},"schema":{"@context":"https:\/\/schema.org","@graph":[{"@type":"WebPage","@id":"https:\/\/redeicm.org.br\/cristorei\/normas-de-convivencia-2\/","url":"https:\/\/redeicm.org.br\/cristorei\/normas-de-convivencia-2\/","name":"Normas de Conviv\u00eancia - Escola Cristo Rei | Rede ICM de educa\u00e7\u00e3o","isPartOf":{"@id":"https:\/\/redeicm.org.br\/cristorei\/#website"},"primaryImageOfPage":{"@id":"https:\/\/redeicm.org.br\/cristorei\/normas-de-convivencia-2\/#primaryimage"},"image":{"@id":"https:\/\/redeicm.org.br\/cristorei\/normas-de-convivencia-2\/#primaryimage"},"thumbnailUrl":"https:\/\/redeicm.org.br\/cristorei\/wp-content\/uploads\/sites\/9\/2025\/05\/Entidade-Beneficiente-1024x719-1.png","datePublished":"2025-05-21T13:38:09+00:00","dateModified":"2025-05-21T13:43:15+00:00","breadcrumb":{"@id":"https:\/\/redeicm.org.br\/cristorei\/normas-de-convivencia-2\/#breadcrumb"},"inLanguage":"pt-BR","potentialAction":[{"@type":"ReadAction","target":["https:\/\/redeicm.org.br\/cristorei\/normas-de-convivencia-2\/"]}]},{"@type":"ImageObject","inLanguage":"pt-BR","@id":"https:\/\/redeicm.org.br\/cristorei\/normas-de-convivencia-2\/#primaryimage","url":"https:\/\/redeicm.org.br\/cristorei\/wp-content\/uploads\/sites\/9\/2025\/05\/Entidade-Beneficiente-1024x719-1.png","contentUrl":"https:\/\/redeicm.org.br\/cristorei\/wp-content\/uploads\/sites\/9\/2025\/05\/Entidade-Beneficiente-1024x719-1.png","width":1024,"height":719},{"@type":"BreadcrumbList","@id":"https:\/\/redeicm.org.br\/cristorei\/normas-de-convivencia-2\/#breadcrumb","itemListElement":[{"@type":"ListItem","position":1,"name":"In\u00edcio","item":"https:\/\/redeicm.org.br\/cristorei\/"},{"@type":"ListItem","position":2,"name":"Normas de Conviv\u00eancia"}]},{"@type":"WebSite","@id":"https:\/\/redeicm.org.br\/cristorei\/#website","url":"https:\/\/redeicm.org.br\/cristorei\/","name":"Escola Cristo Rei | Rede ICM de educa\u00e7\u00e3o","description":"","publisher":{"@id":"https:\/\/redeicm.org.br\/cristorei\/#organization"},"potentialAction":[{"@type":"SearchAction","target":{"@type":"EntryPoint","urlTemplate":"https:\/\/redeicm.org.br\/cristorei\/?s={search_term_string}"},"query-input":{"@type":"PropertyValueSpecification","valueRequired":true,"valueName":"search_term_string"}}],"inLanguage":"pt-BR"},{"@type":"Organization","@id":"https:\/\/redeicm.org.br\/cristorei\/#organization","name":"Escola Cristo Rei | Rede ICM de educa\u00e7\u00e3o","url":"https:\/\/redeicm.org.br\/cristorei\/","logo":{"@type":"ImageObject","inLanguage":"pt-BR","@id":"https:\/\/redeicm.org.br\/cristorei\/#\/schema\/logo\/image\/","url":"https:\/\/redeicm.org.br\/cristorei\/wp-content\/uploads\/sites\/9\/2024\/08\/ICM_Educacao_Cristo_Rei_Preferencial_Cores-1024x437-1.png","contentUrl":"https:\/\/redeicm.org.br\/cristorei\/wp-content\/uploads\/sites\/9\/2024\/08\/ICM_Educacao_Cristo_Rei_Preferencial_Cores-1024x437-1.png","width":1024,"height":437,"caption":"Escola Cristo Rei | Rede ICM de educa\u00e7\u00e3o"},"image":{"@id":"https:\/\/redeicm.org.br\/cristorei\/#\/schema\/logo\/image\/"}}]}},"_links":{"self":[{"href":"https:\/\/redeicm.org.br\/cristorei\/wp-json\/wp\/v2\/pages\/2566","targetHints":{"allow":["GET"]}}],"collection":[{"href":"https:\/\/redeicm.org.br\/cristorei\/wp-json\/wp\/v2\/pages"}],"about":[{"href":"https:\/\/redeicm.org.br\/cristorei\/wp-json\/wp\/v2\/types\/page"}],"author":[{"embeddable":true,"href":"https:\/\/redeicm.org.br\/cristorei\/wp-json\/wp\/v2\/users\/1"}],"replies":[{"embeddable":true,"href":"https:\/\/redeicm.org.br\/cristorei\/wp-json\/wp\/v2\/comments?post=2566"}],"version-history":[{"count":8,"href":"https:\/\/redeicm.org.br\/cristorei\/wp-json\/wp\/v2\/pages\/2566\/revisions"}],"predecessor-version":[{"id":2577,"href":"https:\/\/redeicm.org.br\/cristorei\/wp-json\/wp\/v2\/pages\/2566\/revisions\/2577"}],"wp:attachment":[{"href":"https:\/\/redeicm.org.br\/cristorei\/wp-json\/wp\/v2\/media?parent=2566"}],"curies":[{"name":"wp","href":"https:\/\/api.w.org\/{rel}","templated":true}]}}