{"id":2528,"date":"2025-05-21T10:18:39","date_gmt":"2025-05-21T13:18:39","guid":{"rendered":"https:\/\/redeicm.org.br\/cristorei\/?page_id=2528"},"modified":"2025-05-21T10:32:56","modified_gmt":"2025-05-21T13:32:56","slug":"proposta-educacional","status":"publish","type":"page","link":"https:\/\/redeicm.org.br\/cristorei\/proposta-educacional\/","title":{"rendered":"Proposta Educacional"},"content":{"rendered":"\t\t<div data-elementor-type=\"wp-page\" data-elementor-id=\"2528\" class=\"elementor elementor-2528\" data-elementor-post-type=\"page\">\n\t\t\t\t<div class=\"elementor-element elementor-element-70893ee e-flex e-con-boxed e-con e-parent\" data-id=\"70893ee\" data-element_type=\"container\" data-e-type=\"container\" data-settings=\"{&quot;background_background&quot;:&quot;classic&quot;}\">\n\t\t\t\t\t<div class=\"e-con-inner\">\n\t\t\t\t<div class=\"elementor-element elementor-element-cd2682a elementor-widget elementor-widget-heading\" data-id=\"cd2682a\" data-element_type=\"widget\" data-e-type=\"widget\" data-widget_type=\"heading.default\">\n\t\t\t\t<div class=\"elementor-widget-container\">\n\t\t\t\t\t<h1 class=\"elementor-heading-title elementor-size-default\">Proposta Educacional<\/h1>\t\t\t\t<\/div>\n\t\t\t\t<\/div>\n\t\t\t\t\t<\/div>\n\t\t\t\t<\/div>\n\t\t<div class=\"elementor-element elementor-element-3ae95f1 e-con-full e-flex e-con e-parent\" data-id=\"3ae95f1\" data-element_type=\"container\" data-e-type=\"container\">\n\t\t<div class=\"elementor-element elementor-element-e759154 e-flex e-con-boxed e-con e-child\" data-id=\"e759154\" data-element_type=\"container\" data-e-type=\"container\">\n\t\t\t\t\t<div class=\"e-con-inner\">\n\t\t\t\t<div class=\"elementor-element elementor-element-7b1c874 elementor-invisible elementor-widget elementor-widget-text-editor\" data-id=\"7b1c874\" data-element_type=\"widget\" data-e-type=\"widget\" data-settings=\"{&quot;_animation&quot;:&quot;fadeInUp&quot;}\" data-widget_type=\"text-editor.default\">\n\t\t\t\t<div class=\"elementor-widget-container\">\n\t\t\t\t\t\t\t\t\t<p><strong>Educa\u00e7\u00e3o<\/strong><\/p><p>Proposta Educativa e Miss\u00e3o da Congrega\u00e7\u00e3o, objetiva garantir uma Educa\u00e7\u00e3o em defesa e promo\u00e7\u00e3o da vida, exigindo novas sensibilidades e novas express\u00f5es de cuidado com a dignidade humana. Destaca-se o\u00a0 Foco Comum, como resgate da raiz fundacional da Congrega\u00e7\u00e3o. Os Princ\u00edpios e a Vis\u00e3o Filos\u00f3fica questionam o sentido da vida, passando pelo universo dos valores, das habilidades e compet\u00eancias.<\/p><p><strong>Miss\u00e3o:<\/strong><\/p><p>Promover Educa\u00e7\u00e3o de Excel\u00eancia, que priorize a vida e a ci\u00eancia, contribuindo para forma\u00e7\u00e3o de pessoas conscientes e solid\u00e1rias, comprometidas com a constru\u00e7\u00e3o de um mundo melhor.<\/p><p><strong>Princ\u00edpios de Gest\u00e3o<\/strong><\/p><p>Os PRINC\u00cdPIOS DE GEST\u00c3O definem modos de proceder e compet\u00eancias que os profissionais da REDE ICM DE EDUCA\u00c7\u00c3O devem perseguir constantemente no desempenho de suas fun\u00e7\u00f5es.<\/p><ul><li>Qualifica\u00e7\u00e3o Profissional<\/li><li>Inova\u00e7\u00e3o<\/li><li>Lideran\u00e7a e\u00a0 Empreendedorismo<\/li><li>Trabalho em Equipe<\/li><li>Rela\u00e7\u00f5es Humanas, \u00c9ticas e Solid\u00e1rias<\/li><li>Planejamento e Organiza\u00e7\u00e3o<\/li><li>Sustentabilidade<\/li><\/ul><p><strong>Vis\u00e3o: <\/strong><\/p><p>Ser uma Rede de Escolas de Excel\u00eancia, com pr\u00e1ticas e ambientes pedag\u00f3gicos inovadores, que capacitem os estudantes a enfrentarem os desafios da Sociedade do Conhecimento.<\/p>\t\t\t\t\t\t\t\t<\/div>\n\t\t\t\t<\/div>\n\t\t\t\t\t<\/div>\n\t\t\t\t<\/div>\n\t\t\t\t<\/div>\n\t\t\t\t<\/div>\n\t\t","protected":false},"excerpt":{"rendered":"<p>Proposta Educacional Educa\u00e7\u00e3o Proposta Educativa e Miss\u00e3o da Congrega\u00e7\u00e3o, objetiva garantir uma Educa\u00e7\u00e3o em defesa e promo\u00e7\u00e3o da vida, exigindo novas sensibilidades e novas express\u00f5es de cuidado com a dignidade humana. Destaca-se o\u00a0 Foco Comum, como resgate da raiz fundacional da Congrega\u00e7\u00e3o. Os Princ\u00edpios e a Vis\u00e3o Filos\u00f3fica questionam o sentido da vida, passando pelo [&hellip;]<\/p>\n","protected":false},"author":1,"featured_media":0,"parent":0,"menu_order":0,"comment_status":"closed","ping_status":"closed","template":"","meta":{"_acf_changed":false,"footnotes":""},"class_list":["post-2528","page","type-page","status-publish","hentry"],"acf":[],"yoast_head":"<!-- This site is optimized with the Yoast SEO plugin v26.3 - https:\/\/yoast.com\/wordpress\/plugins\/seo\/ -->\n<title>Proposta Educacional - Escola Cristo Rei | Rede ICM de educa\u00e7\u00e3o<\/title>\n<meta name=\"robots\" content=\"index, follow, max-snippet:-1, max-image-preview:large, max-video-preview:-1\" \/>\n<link rel=\"canonical\" href=\"https:\/\/redeicm.org.br\/cristorei\/proposta-educacional\/\" \/>\n<meta property=\"og:locale\" content=\"pt_BR\" \/>\n<meta property=\"og:type\" content=\"article\" \/>\n<meta property=\"og:title\" content=\"Proposta Educacional - Escola Cristo Rei | Rede ICM de educa\u00e7\u00e3o\" \/>\n<meta property=\"og:description\" content=\"Proposta Educacional Educa\u00e7\u00e3o Proposta Educativa e Miss\u00e3o da Congrega\u00e7\u00e3o, objetiva garantir uma Educa\u00e7\u00e3o em defesa e promo\u00e7\u00e3o da vida, exigindo novas sensibilidades e novas express\u00f5es de cuidado com a dignidade humana. Destaca-se o\u00a0 Foco Comum, como resgate da raiz fundacional da Congrega\u00e7\u00e3o. Os Princ\u00edpios e a Vis\u00e3o Filos\u00f3fica questionam o sentido da vida, passando pelo [&hellip;]\" \/>\n<meta property=\"og:url\" content=\"https:\/\/redeicm.org.br\/cristorei\/proposta-educacional\/\" \/>\n<meta property=\"og:site_name\" content=\"Escola Cristo Rei | Rede ICM de educa\u00e7\u00e3o\" \/>\n<meta property=\"article:modified_time\" content=\"2025-05-21T13:32:56+00:00\" \/>\n<meta name=\"twitter:card\" content=\"summary_large_image\" \/>\n<meta name=\"twitter:label1\" content=\"Est. tempo de leitura\" \/>\n\t<meta name=\"twitter:data1\" content=\"1 minuto\" \/>\n<script type=\"application\/ld+json\" class=\"yoast-schema-graph\">{\"@context\":\"https:\/\/schema.org\",\"@graph\":[{\"@type\":\"WebPage\",\"@id\":\"https:\/\/redeicm.org.br\/cristorei\/proposta-educacional\/\",\"url\":\"https:\/\/redeicm.org.br\/cristorei\/proposta-educacional\/\",\"name\":\"Proposta Educacional - Escola Cristo Rei | Rede ICM de educa\u00e7\u00e3o\",\"isPartOf\":{\"@id\":\"https:\/\/redeicm.org.br\/cristorei\/#website\"},\"datePublished\":\"2025-05-21T13:18:39+00:00\",\"dateModified\":\"2025-05-21T13:32:56+00:00\",\"breadcrumb\":{\"@id\":\"https:\/\/redeicm.org.br\/cristorei\/proposta-educacional\/#breadcrumb\"},\"inLanguage\":\"pt-BR\",\"potentialAction\":[{\"@type\":\"ReadAction\",\"target\":[\"https:\/\/redeicm.org.br\/cristorei\/proposta-educacional\/\"]}]},{\"@type\":\"BreadcrumbList\",\"@id\":\"https:\/\/redeicm.org.br\/cristorei\/proposta-educacional\/#breadcrumb\",\"itemListElement\":[{\"@type\":\"ListItem\",\"position\":1,\"name\":\"In\u00edcio\",\"item\":\"https:\/\/redeicm.org.br\/cristorei\/\"},{\"@type\":\"ListItem\",\"position\":2,\"name\":\"Proposta Educacional\"}]},{\"@type\":\"WebSite\",\"@id\":\"https:\/\/redeicm.org.br\/cristorei\/#website\",\"url\":\"https:\/\/redeicm.org.br\/cristorei\/\",\"name\":\"Escola Cristo Rei | Rede ICM de educa\u00e7\u00e3o\",\"description\":\"\",\"publisher\":{\"@id\":\"https:\/\/redeicm.org.br\/cristorei\/#organization\"},\"potentialAction\":[{\"@type\":\"SearchAction\",\"target\":{\"@type\":\"EntryPoint\",\"urlTemplate\":\"https:\/\/redeicm.org.br\/cristorei\/?s={search_term_string}\"},\"query-input\":{\"@type\":\"PropertyValueSpecification\",\"valueRequired\":true,\"valueName\":\"search_term_string\"}}],\"inLanguage\":\"pt-BR\"},{\"@type\":\"Organization\",\"@id\":\"https:\/\/redeicm.org.br\/cristorei\/#organization\",\"name\":\"Escola Cristo Rei | Rede ICM de educa\u00e7\u00e3o\",\"url\":\"https:\/\/redeicm.org.br\/cristorei\/\",\"logo\":{\"@type\":\"ImageObject\",\"inLanguage\":\"pt-BR\",\"@id\":\"https:\/\/redeicm.org.br\/cristorei\/#\/schema\/logo\/image\/\",\"url\":\"https:\/\/redeicm.org.br\/cristorei\/wp-content\/uploads\/sites\/9\/2024\/08\/ICM_Educacao_Cristo_Rei_Preferencial_Cores-1024x437-1.png\",\"contentUrl\":\"https:\/\/redeicm.org.br\/cristorei\/wp-content\/uploads\/sites\/9\/2024\/08\/ICM_Educacao_Cristo_Rei_Preferencial_Cores-1024x437-1.png\",\"width\":1024,\"height\":437,\"caption\":\"Escola Cristo Rei | Rede ICM de educa\u00e7\u00e3o\"},\"image\":{\"@id\":\"https:\/\/redeicm.org.br\/cristorei\/#\/schema\/logo\/image\/\"}}]}<\/script>\n<!-- \/ Yoast SEO plugin. -->","yoast_head_json":{"title":"Proposta Educacional - Escola Cristo Rei | Rede ICM de educa\u00e7\u00e3o","robots":{"index":"index","follow":"follow","max-snippet":"max-snippet:-1","max-image-preview":"max-image-preview:large","max-video-preview":"max-video-preview:-1"},"canonical":"https:\/\/redeicm.org.br\/cristorei\/proposta-educacional\/","og_locale":"pt_BR","og_type":"article","og_title":"Proposta Educacional - Escola Cristo Rei | Rede ICM de educa\u00e7\u00e3o","og_description":"Proposta Educacional Educa\u00e7\u00e3o Proposta Educativa e Miss\u00e3o da Congrega\u00e7\u00e3o, objetiva garantir uma Educa\u00e7\u00e3o em defesa e promo\u00e7\u00e3o da vida, exigindo novas sensibilidades e novas express\u00f5es de cuidado com a dignidade humana. Destaca-se o\u00a0 Foco Comum, como resgate da raiz fundacional da Congrega\u00e7\u00e3o. Os Princ\u00edpios e a Vis\u00e3o Filos\u00f3fica questionam o sentido da vida, passando pelo [&hellip;]","og_url":"https:\/\/redeicm.org.br\/cristorei\/proposta-educacional\/","og_site_name":"Escola Cristo Rei | Rede ICM de educa\u00e7\u00e3o","article_modified_time":"2025-05-21T13:32:56+00:00","twitter_card":"summary_large_image","twitter_misc":{"Est. tempo de leitura":"1 minuto"},"schema":{"@context":"https:\/\/schema.org","@graph":[{"@type":"WebPage","@id":"https:\/\/redeicm.org.br\/cristorei\/proposta-educacional\/","url":"https:\/\/redeicm.org.br\/cristorei\/proposta-educacional\/","name":"Proposta Educacional - Escola Cristo Rei | Rede ICM de educa\u00e7\u00e3o","isPartOf":{"@id":"https:\/\/redeicm.org.br\/cristorei\/#website"},"datePublished":"2025-05-21T13:18:39+00:00","dateModified":"2025-05-21T13:32:56+00:00","breadcrumb":{"@id":"https:\/\/redeicm.org.br\/cristorei\/proposta-educacional\/#breadcrumb"},"inLanguage":"pt-BR","potentialAction":[{"@type":"ReadAction","target":["https:\/\/redeicm.org.br\/cristorei\/proposta-educacional\/"]}]},{"@type":"BreadcrumbList","@id":"https:\/\/redeicm.org.br\/cristorei\/proposta-educacional\/#breadcrumb","itemListElement":[{"@type":"ListItem","position":1,"name":"In\u00edcio","item":"https:\/\/redeicm.org.br\/cristorei\/"},{"@type":"ListItem","position":2,"name":"Proposta Educacional"}]},{"@type":"WebSite","@id":"https:\/\/redeicm.org.br\/cristorei\/#website","url":"https:\/\/redeicm.org.br\/cristorei\/","name":"Escola Cristo Rei | Rede ICM de educa\u00e7\u00e3o","description":"","publisher":{"@id":"https:\/\/redeicm.org.br\/cristorei\/#organization"},"potentialAction":[{"@type":"SearchAction","target":{"@type":"EntryPoint","urlTemplate":"https:\/\/redeicm.org.br\/cristorei\/?s={search_term_string}"},"query-input":{"@type":"PropertyValueSpecification","valueRequired":true,"valueName":"search_term_string"}}],"inLanguage":"pt-BR"},{"@type":"Organization","@id":"https:\/\/redeicm.org.br\/cristorei\/#organization","name":"Escola Cristo Rei | Rede ICM de educa\u00e7\u00e3o","url":"https:\/\/redeicm.org.br\/cristorei\/","logo":{"@type":"ImageObject","inLanguage":"pt-BR","@id":"https:\/\/redeicm.org.br\/cristorei\/#\/schema\/logo\/image\/","url":"https:\/\/redeicm.org.br\/cristorei\/wp-content\/uploads\/sites\/9\/2024\/08\/ICM_Educacao_Cristo_Rei_Preferencial_Cores-1024x437-1.png","contentUrl":"https:\/\/redeicm.org.br\/cristorei\/wp-content\/uploads\/sites\/9\/2024\/08\/ICM_Educacao_Cristo_Rei_Preferencial_Cores-1024x437-1.png","width":1024,"height":437,"caption":"Escola Cristo Rei | Rede ICM de educa\u00e7\u00e3o"},"image":{"@id":"https:\/\/redeicm.org.br\/cristorei\/#\/schema\/logo\/image\/"}}]}},"_links":{"self":[{"href":"https:\/\/redeicm.org.br\/cristorei\/wp-json\/wp\/v2\/pages\/2528","targetHints":{"allow":["GET"]}}],"collection":[{"href":"https:\/\/redeicm.org.br\/cristorei\/wp-json\/wp\/v2\/pages"}],"about":[{"href":"https:\/\/redeicm.org.br\/cristorei\/wp-json\/wp\/v2\/types\/page"}],"author":[{"embeddable":true,"href":"https:\/\/redeicm.org.br\/cristorei\/wp-json\/wp\/v2\/users\/1"}],"replies":[{"embeddable":true,"href":"https:\/\/redeicm.org.br\/cristorei\/wp-json\/wp\/v2\/comments?post=2528"}],"version-history":[{"count":11,"href":"https:\/\/redeicm.org.br\/cristorei\/wp-json\/wp\/v2\/pages\/2528\/revisions"}],"predecessor-version":[{"id":2555,"href":"https:\/\/redeicm.org.br\/cristorei\/wp-json\/wp\/v2\/pages\/2528\/revisions\/2555"}],"wp:attachment":[{"href":"https:\/\/redeicm.org.br\/cristorei\/wp-json\/wp\/v2\/media?parent=2528"}],"curies":[{"name":"wp","href":"https:\/\/api.w.org\/{rel}","templated":true}]}}