{"id":2522,"date":"2025-05-21T10:14:16","date_gmt":"2025-05-21T13:14:16","guid":{"rendered":"https:\/\/redeicm.org.br\/cristorei\/?page_id=2522"},"modified":"2025-05-21T10:15:34","modified_gmt":"2025-05-21T13:15:34","slug":"rede-icm","status":"publish","type":"page","link":"https:\/\/redeicm.org.br\/cristorei\/rede-icm\/","title":{"rendered":"Rede ICM"},"content":{"rendered":"\t\t<div data-elementor-type=\"wp-page\" data-elementor-id=\"2522\" class=\"elementor elementor-2522\" data-elementor-post-type=\"page\">\n\t\t\t\t<div class=\"elementor-element elementor-element-bd7f312 e-flex e-con-boxed e-con e-parent\" data-id=\"bd7f312\" data-element_type=\"container\" data-e-type=\"container\" data-settings=\"{&quot;background_background&quot;:&quot;classic&quot;}\">\n\t\t\t\t\t<div class=\"e-con-inner\">\n\t\t\t\t<div class=\"elementor-element elementor-element-1e9ac6d elementor-widget elementor-widget-heading\" data-id=\"1e9ac6d\" data-element_type=\"widget\" data-e-type=\"widget\" data-widget_type=\"heading.default\">\n\t\t\t\t<div class=\"elementor-widget-container\">\n\t\t\t\t\t<h1 class=\"elementor-heading-title elementor-size-default\">Rede ICM\n<\/h1>\t\t\t\t<\/div>\n\t\t\t\t<\/div>\n\t\t\t\t\t<\/div>\n\t\t\t\t<\/div>\n\t\t<div class=\"elementor-element elementor-element-78aecf2 e-flex e-con-boxed e-con e-parent\" data-id=\"78aecf2\" data-element_type=\"container\" data-e-type=\"container\">\n\t\t\t\t\t<div class=\"e-con-inner\">\n\t\t\t\t<div class=\"elementor-element elementor-element-29c5a34 elementor-widget elementor-widget-heading\" data-id=\"29c5a34\" data-element_type=\"widget\" data-e-type=\"widget\" data-widget_type=\"heading.default\">\n\t\t\t\t<div class=\"elementor-widget-container\">\n\t\t\t\t\t<h1 class=\"elementor-heading-title elementor-size-default\">Educa\u00e7\u00e3o<\/h1>\t\t\t\t<\/div>\n\t\t\t\t<\/div>\n\t\t\t\t\t<\/div>\n\t\t\t\t<\/div>\n\t\t<div class=\"elementor-element elementor-element-34af3ed e-con-full e-flex e-con e-parent\" data-id=\"34af3ed\" data-element_type=\"container\" data-e-type=\"container\">\n\t\t<div class=\"elementor-element elementor-element-193e08b e-flex e-con-boxed e-con e-child\" data-id=\"193e08b\" data-element_type=\"container\" data-e-type=\"container\">\n\t\t\t\t\t<div class=\"e-con-inner\">\n\t\t\t\t<div class=\"elementor-element elementor-element-ba20af2 elementor-widget elementor-widget-heading\" data-id=\"ba20af2\" data-element_type=\"widget\" data-e-type=\"widget\" data-widget_type=\"heading.default\">\n\t\t\t\t<div class=\"elementor-widget-container\">\n\t\t\t\t\t<h1 class=\"elementor-heading-title elementor-size-default\">Miss\u00e3o<\/h1>\t\t\t\t<\/div>\n\t\t\t\t<\/div>\n\t\t\t\t<div class=\"elementor-element elementor-element-0196274 elementor-invisible elementor-widget elementor-widget-text-editor\" data-id=\"0196274\" data-element_type=\"widget\" data-e-type=\"widget\" data-settings=\"{&quot;_animation&quot;:&quot;fadeInUp&quot;}\" data-widget_type=\"text-editor.default\">\n\t\t\t\t<div class=\"elementor-widget-container\">\n\t\t\t\t\t\t\t\t\t<p>Promover educa\u00e7\u00e3o de excel\u00eancia, que priorize a vida e a ci\u00eancia, contribuindo para a forma\u00e7\u00e3o de pessoas conscientes e solid\u00e1rias, comprometidas com a constru\u00e7\u00e3o de um mundo melhor.<\/p>\t\t\t\t\t\t\t\t<\/div>\n\t\t\t\t<\/div>\n\t\t\t\t<div class=\"elementor-element elementor-element-47b523f elementor-widget elementor-widget-heading\" data-id=\"47b523f\" data-element_type=\"widget\" data-e-type=\"widget\" data-widget_type=\"heading.default\">\n\t\t\t\t<div class=\"elementor-widget-container\">\n\t\t\t\t\t<h1 class=\"elementor-heading-title elementor-size-default\">Vis\u00e3o <\/h1>\t\t\t\t<\/div>\n\t\t\t\t<\/div>\n\t\t\t\t<div class=\"elementor-element elementor-element-91c54ba elementor-invisible elementor-widget elementor-widget-text-editor\" data-id=\"91c54ba\" data-element_type=\"widget\" data-e-type=\"widget\" data-settings=\"{&quot;_animation&quot;:&quot;fadeInUp&quot;}\" data-widget_type=\"text-editor.default\">\n\t\t\t\t<div class=\"elementor-widget-container\">\n\t\t\t\t\t\t\t\t\t<p>Ser uma rede de escolas de excel\u00eancia com pr\u00e1ticas e ambientes pedag\u00f3gicos inovadores, que capacitem os estudantes a enfrentarem os desafios da sociedade do conhecimento.<\/p>\t\t\t\t\t\t\t\t<\/div>\n\t\t\t\t<\/div>\n\t\t\t\t<div class=\"elementor-element elementor-element-93c6628 elementor-widget elementor-widget-heading\" data-id=\"93c6628\" data-element_type=\"widget\" data-e-type=\"widget\" data-widget_type=\"heading.default\">\n\t\t\t\t<div class=\"elementor-widget-container\">\n\t\t\t\t\t<h1 class=\"elementor-heading-title elementor-size-default\">Princ\u00edpios da Gest\u00e3o <\/h1>\t\t\t\t<\/div>\n\t\t\t\t<\/div>\n\t\t\t\t<div class=\"elementor-element elementor-element-fbdee9f elementor-invisible elementor-widget elementor-widget-text-editor\" data-id=\"fbdee9f\" data-element_type=\"widget\" data-e-type=\"widget\" data-settings=\"{&quot;_animation&quot;:&quot;fadeInUp&quot;}\" data-widget_type=\"text-editor.default\">\n\t\t\t\t<div class=\"elementor-widget-container\">\n\t\t\t\t\t\t\t\t\t<section class=\"l-section wpb_row height_medium\"><div class=\"l-section-h i-cf\"><div class=\"g-cols vc_row via_flex valign_top type_default stacking_default\"><div class=\"vc_col-sm-12 wpb_column vc_column_container has_text_color\"><div class=\"vc_column-inner us_custom_0259209c\"><div class=\"wpb_wrapper\"><div class=\"wpb_text_column us_custom_df5f4c97 has_text_color\"><div class=\"wpb_wrapper\"><section class=\"wpb-content-wrapper\"><section class=\"l-section wpb_row height_medium\"><div class=\"l-section-h i-cf\"><div class=\"g-cols vc_row via_flex valign_top type_default stacking_default\"><div class=\"vc_col-sm-12 wpb_column vc_column_container\"><div class=\"vc_column-inner\"><div class=\"wpb_wrapper\"><div class=\"wpb_text_column\"><div class=\"wpb_wrapper\"><ul><li><strong>Qualifica\u00e7\u00e3o Profissional<\/strong><\/li><\/ul><p>Atuar com compet\u00eancia t\u00e9cnica e comportamental, desenvolver, permanentemente, conhecimentos, habilidades e atitudes, exercer suas fun\u00e7\u00f5es com profissionalismo, qualidade e efici\u00eancia.<\/p><ul><li><strong>Inova\u00e7\u00e3o<\/strong><\/li><\/ul><p>Manter-se aberto aos cen\u00e1rios e \u00e0s tend\u00eancias, acolhendo e criando novas ideias, implementando mudan\u00e7as para atualiza\u00e7\u00e3o e crescimento da institui\u00e7\u00e3o.<\/p><ul><li><strong>Lideran\u00e7a e Empreendedorismo<\/strong><\/li><\/ul><p>Mobilizar pessoas, desenvolver mentalidades e comportamentos, provocando paix\u00e3o pela causa da institui\u00e7\u00e3o, com foco na inova\u00e7\u00e3o e na cria\u00e7\u00e3o de valor, transformando ideias em oportunidades.<\/p><ul><li><strong>Trabalho em equipe<\/strong><\/li><\/ul><p>Garantir colabora\u00e7\u00e3o e participa\u00e7\u00e3o das pessoas tomadas de decis\u00f5es, compartilhando esfor\u00e7os coletivos, para atingir os objetivos e metas planejados.<\/p><ul><li><strong>Rela\u00e7\u00f5es humanas, \u00e9ticas e solid\u00e1rias<\/strong><\/li><\/ul><p>Garantir colabora\u00e7\u00e3o e participa\u00e7\u00e3o das pessoas nas tomadas de decis\u00f5es, compartilhando esfor\u00e7os coletivos, para atingir os objetivos e metas planejados.<\/p><ul><li><strong>Planejamento e organiza\u00e7\u00e3o<\/strong><\/li><\/ul><p>Definir prioridades, objetivos e estrat\u00e9gias de curto, m\u00e9dio e longo prazo, mobilizando pessoas, recursos f\u00edsicos e financeiros, de forma organizada e estruturada, para atingir metas e resultados previstos.<\/p><ul><li><strong>Sustentabilidade<\/strong><\/li><\/ul><p>Garantir a sustentabilidade social, econ\u00f4mica e ambiental da institui\u00e7\u00e3o, assegurando o cuidado, a defesa e a promo\u00e7\u00e3o da vida.<\/p><\/div><\/div><\/div><\/div><\/div><\/div><\/div><\/section><\/section><\/div><\/div><\/div><\/div><\/div><\/div><\/div><\/section><div class=\"angwp_90620 _ning_cont _ning_hidden _ning_outer _align_center responsive _ning_visible\" data-size=\"customxundefined\" data-bid=\"90620\" data-aid=\"0\"><div class=\"_ning_inner\">\u00a0<\/div><\/div>\t\t\t\t\t\t\t\t<\/div>\n\t\t\t\t<\/div>\n\t\t\t\t\t<\/div>\n\t\t\t\t<\/div>\n\t\t\t\t<\/div>\n\t\t\t\t<\/div>\n\t\t","protected":false},"excerpt":{"rendered":"<p>Rede ICM Educa\u00e7\u00e3o Miss\u00e3o Promover educa\u00e7\u00e3o de excel\u00eancia, que priorize a vida e a ci\u00eancia, contribuindo para a forma\u00e7\u00e3o de pessoas conscientes e solid\u00e1rias, comprometidas com a constru\u00e7\u00e3o de um mundo melhor. Vis\u00e3o Ser uma rede de escolas de excel\u00eancia com pr\u00e1ticas e ambientes pedag\u00f3gicos inovadores, que capacitem os estudantes a enfrentarem os desafios da [&hellip;]<\/p>\n","protected":false},"author":1,"featured_media":0,"parent":0,"menu_order":0,"comment_status":"closed","ping_status":"closed","template":"","meta":{"_acf_changed":false,"footnotes":""},"class_list":["post-2522","page","type-page","status-publish","hentry"],"acf":[],"yoast_head":"<!-- This site is optimized with the Yoast SEO plugin v26.3 - https:\/\/yoast.com\/wordpress\/plugins\/seo\/ -->\n<title>Rede ICM - Escola Cristo Rei | Rede ICM de educa\u00e7\u00e3o<\/title>\n<meta name=\"robots\" content=\"index, follow, max-snippet:-1, max-image-preview:large, max-video-preview:-1\" \/>\n<link rel=\"canonical\" href=\"https:\/\/redeicm.org.br\/cristorei\/rede-icm\/\" \/>\n<meta property=\"og:locale\" content=\"pt_BR\" \/>\n<meta property=\"og:type\" content=\"article\" \/>\n<meta property=\"og:title\" content=\"Rede ICM - Escola Cristo Rei | Rede ICM de educa\u00e7\u00e3o\" \/>\n<meta property=\"og:description\" content=\"Rede ICM Educa\u00e7\u00e3o Miss\u00e3o Promover educa\u00e7\u00e3o de excel\u00eancia, que priorize a vida e a ci\u00eancia, contribuindo para a forma\u00e7\u00e3o de pessoas conscientes e solid\u00e1rias, comprometidas com a constru\u00e7\u00e3o de um mundo melhor. Vis\u00e3o Ser uma rede de escolas de excel\u00eancia com pr\u00e1ticas e ambientes pedag\u00f3gicos inovadores, que capacitem os estudantes a enfrentarem os desafios da [&hellip;]\" \/>\n<meta property=\"og:url\" content=\"https:\/\/redeicm.org.br\/cristorei\/rede-icm\/\" \/>\n<meta property=\"og:site_name\" content=\"Escola Cristo Rei | Rede ICM de educa\u00e7\u00e3o\" \/>\n<meta property=\"article:modified_time\" content=\"2025-05-21T13:15:34+00:00\" \/>\n<meta name=\"twitter:card\" content=\"summary_large_image\" \/>\n<meta name=\"twitter:label1\" content=\"Est. tempo de leitura\" \/>\n\t<meta name=\"twitter:data1\" content=\"2 minutos\" \/>\n<script type=\"application\/ld+json\" class=\"yoast-schema-graph\">{\"@context\":\"https:\/\/schema.org\",\"@graph\":[{\"@type\":\"WebPage\",\"@id\":\"https:\/\/redeicm.org.br\/cristorei\/rede-icm\/\",\"url\":\"https:\/\/redeicm.org.br\/cristorei\/rede-icm\/\",\"name\":\"Rede ICM - Escola Cristo Rei | Rede ICM de educa\u00e7\u00e3o\",\"isPartOf\":{\"@id\":\"https:\/\/redeicm.org.br\/cristorei\/#website\"},\"datePublished\":\"2025-05-21T13:14:16+00:00\",\"dateModified\":\"2025-05-21T13:15:34+00:00\",\"breadcrumb\":{\"@id\":\"https:\/\/redeicm.org.br\/cristorei\/rede-icm\/#breadcrumb\"},\"inLanguage\":\"pt-BR\",\"potentialAction\":[{\"@type\":\"ReadAction\",\"target\":[\"https:\/\/redeicm.org.br\/cristorei\/rede-icm\/\"]}]},{\"@type\":\"BreadcrumbList\",\"@id\":\"https:\/\/redeicm.org.br\/cristorei\/rede-icm\/#breadcrumb\",\"itemListElement\":[{\"@type\":\"ListItem\",\"position\":1,\"name\":\"In\u00edcio\",\"item\":\"https:\/\/redeicm.org.br\/cristorei\/\"},{\"@type\":\"ListItem\",\"position\":2,\"name\":\"Rede ICM\"}]},{\"@type\":\"WebSite\",\"@id\":\"https:\/\/redeicm.org.br\/cristorei\/#website\",\"url\":\"https:\/\/redeicm.org.br\/cristorei\/\",\"name\":\"Escola Cristo Rei | Rede ICM de educa\u00e7\u00e3o\",\"description\":\"\",\"publisher\":{\"@id\":\"https:\/\/redeicm.org.br\/cristorei\/#organization\"},\"potentialAction\":[{\"@type\":\"SearchAction\",\"target\":{\"@type\":\"EntryPoint\",\"urlTemplate\":\"https:\/\/redeicm.org.br\/cristorei\/?s={search_term_string}\"},\"query-input\":{\"@type\":\"PropertyValueSpecification\",\"valueRequired\":true,\"valueName\":\"search_term_string\"}}],\"inLanguage\":\"pt-BR\"},{\"@type\":\"Organization\",\"@id\":\"https:\/\/redeicm.org.br\/cristorei\/#organization\",\"name\":\"Escola Cristo Rei | Rede ICM de educa\u00e7\u00e3o\",\"url\":\"https:\/\/redeicm.org.br\/cristorei\/\",\"logo\":{\"@type\":\"ImageObject\",\"inLanguage\":\"pt-BR\",\"@id\":\"https:\/\/redeicm.org.br\/cristorei\/#\/schema\/logo\/image\/\",\"url\":\"https:\/\/redeicm.org.br\/cristorei\/wp-content\/uploads\/sites\/9\/2024\/08\/ICM_Educacao_Cristo_Rei_Preferencial_Cores-1024x437-1.png\",\"contentUrl\":\"https:\/\/redeicm.org.br\/cristorei\/wp-content\/uploads\/sites\/9\/2024\/08\/ICM_Educacao_Cristo_Rei_Preferencial_Cores-1024x437-1.png\",\"width\":1024,\"height\":437,\"caption\":\"Escola Cristo Rei | Rede ICM de educa\u00e7\u00e3o\"},\"image\":{\"@id\":\"https:\/\/redeicm.org.br\/cristorei\/#\/schema\/logo\/image\/\"}}]}<\/script>\n<!-- \/ Yoast SEO plugin. -->","yoast_head_json":{"title":"Rede ICM - Escola Cristo Rei | Rede ICM de educa\u00e7\u00e3o","robots":{"index":"index","follow":"follow","max-snippet":"max-snippet:-1","max-image-preview":"max-image-preview:large","max-video-preview":"max-video-preview:-1"},"canonical":"https:\/\/redeicm.org.br\/cristorei\/rede-icm\/","og_locale":"pt_BR","og_type":"article","og_title":"Rede ICM - Escola Cristo Rei | Rede ICM de educa\u00e7\u00e3o","og_description":"Rede ICM Educa\u00e7\u00e3o Miss\u00e3o Promover educa\u00e7\u00e3o de excel\u00eancia, que priorize a vida e a ci\u00eancia, contribuindo para a forma\u00e7\u00e3o de pessoas conscientes e solid\u00e1rias, comprometidas com a constru\u00e7\u00e3o de um mundo melhor. Vis\u00e3o Ser uma rede de escolas de excel\u00eancia com pr\u00e1ticas e ambientes pedag\u00f3gicos inovadores, que capacitem os estudantes a enfrentarem os desafios da [&hellip;]","og_url":"https:\/\/redeicm.org.br\/cristorei\/rede-icm\/","og_site_name":"Escola Cristo Rei | Rede ICM de educa\u00e7\u00e3o","article_modified_time":"2025-05-21T13:15:34+00:00","twitter_card":"summary_large_image","twitter_misc":{"Est. tempo de leitura":"2 minutos"},"schema":{"@context":"https:\/\/schema.org","@graph":[{"@type":"WebPage","@id":"https:\/\/redeicm.org.br\/cristorei\/rede-icm\/","url":"https:\/\/redeicm.org.br\/cristorei\/rede-icm\/","name":"Rede ICM - Escola Cristo Rei | Rede ICM de educa\u00e7\u00e3o","isPartOf":{"@id":"https:\/\/redeicm.org.br\/cristorei\/#website"},"datePublished":"2025-05-21T13:14:16+00:00","dateModified":"2025-05-21T13:15:34+00:00","breadcrumb":{"@id":"https:\/\/redeicm.org.br\/cristorei\/rede-icm\/#breadcrumb"},"inLanguage":"pt-BR","potentialAction":[{"@type":"ReadAction","target":["https:\/\/redeicm.org.br\/cristorei\/rede-icm\/"]}]},{"@type":"BreadcrumbList","@id":"https:\/\/redeicm.org.br\/cristorei\/rede-icm\/#breadcrumb","itemListElement":[{"@type":"ListItem","position":1,"name":"In\u00edcio","item":"https:\/\/redeicm.org.br\/cristorei\/"},{"@type":"ListItem","position":2,"name":"Rede ICM"}]},{"@type":"WebSite","@id":"https:\/\/redeicm.org.br\/cristorei\/#website","url":"https:\/\/redeicm.org.br\/cristorei\/","name":"Escola Cristo Rei | Rede ICM de educa\u00e7\u00e3o","description":"","publisher":{"@id":"https:\/\/redeicm.org.br\/cristorei\/#organization"},"potentialAction":[{"@type":"SearchAction","target":{"@type":"EntryPoint","urlTemplate":"https:\/\/redeicm.org.br\/cristorei\/?s={search_term_string}"},"query-input":{"@type":"PropertyValueSpecification","valueRequired":true,"valueName":"search_term_string"}}],"inLanguage":"pt-BR"},{"@type":"Organization","@id":"https:\/\/redeicm.org.br\/cristorei\/#organization","name":"Escola Cristo Rei | Rede ICM de educa\u00e7\u00e3o","url":"https:\/\/redeicm.org.br\/cristorei\/","logo":{"@type":"ImageObject","inLanguage":"pt-BR","@id":"https:\/\/redeicm.org.br\/cristorei\/#\/schema\/logo\/image\/","url":"https:\/\/redeicm.org.br\/cristorei\/wp-content\/uploads\/sites\/9\/2024\/08\/ICM_Educacao_Cristo_Rei_Preferencial_Cores-1024x437-1.png","contentUrl":"https:\/\/redeicm.org.br\/cristorei\/wp-content\/uploads\/sites\/9\/2024\/08\/ICM_Educacao_Cristo_Rei_Preferencial_Cores-1024x437-1.png","width":1024,"height":437,"caption":"Escola Cristo Rei | Rede ICM de educa\u00e7\u00e3o"},"image":{"@id":"https:\/\/redeicm.org.br\/cristorei\/#\/schema\/logo\/image\/"}}]}},"_links":{"self":[{"href":"https:\/\/redeicm.org.br\/cristorei\/wp-json\/wp\/v2\/pages\/2522","targetHints":{"allow":["GET"]}}],"collection":[{"href":"https:\/\/redeicm.org.br\/cristorei\/wp-json\/wp\/v2\/pages"}],"about":[{"href":"https:\/\/redeicm.org.br\/cristorei\/wp-json\/wp\/v2\/types\/page"}],"author":[{"embeddable":true,"href":"https:\/\/redeicm.org.br\/cristorei\/wp-json\/wp\/v2\/users\/1"}],"replies":[{"embeddable":true,"href":"https:\/\/redeicm.org.br\/cristorei\/wp-json\/wp\/v2\/comments?post=2522"}],"version-history":[{"count":4,"href":"https:\/\/redeicm.org.br\/cristorei\/wp-json\/wp\/v2\/pages\/2522\/revisions"}],"predecessor-version":[{"id":2526,"href":"https:\/\/redeicm.org.br\/cristorei\/wp-json\/wp\/v2\/pages\/2522\/revisions\/2526"}],"wp:attachment":[{"href":"https:\/\/redeicm.org.br\/cristorei\/wp-json\/wp\/v2\/media?parent=2522"}],"curies":[{"name":"wp","href":"https:\/\/api.w.org\/{rel}","templated":true}]}}