{"id":114,"date":"2024-08-16T09:23:54","date_gmt":"2024-08-16T12:23:54","guid":{"rendered":"https:\/\/redeicm.org.br\/cristorei\/ensino-fundamental-anos-iniciais\/"},"modified":"2025-05-21T10:45:47","modified_gmt":"2025-05-21T13:45:47","slug":"ensino-fundamental-anos-iniciais","status":"publish","type":"page","link":"https:\/\/redeicm.org.br\/cristorei\/ensino-fundamental-anos-iniciais\/","title":{"rendered":"Ensino Fundamental \u2013 Anos Iniciais"},"content":{"rendered":"\t\t<div data-elementor-type=\"wp-page\" data-elementor-id=\"114\" class=\"elementor elementor-114\" data-elementor-post-type=\"page\">\n\t\t\t\t<div class=\"elementor-element elementor-element-b7867ec e-flex e-con-boxed e-con e-parent\" data-id=\"b7867ec\" data-element_type=\"container\" data-e-type=\"container\" data-settings=\"{&quot;background_background&quot;:&quot;classic&quot;}\">\n\t\t\t\t\t<div class=\"e-con-inner\">\n\t\t\t\t\t<\/div>\n\t\t\t\t<\/div>\n\t\t<div class=\"elementor-element elementor-element-4dd6e2b2 e-flex e-con-boxed e-con e-parent\" data-id=\"4dd6e2b2\" data-element_type=\"container\" data-e-type=\"container\">\n\t\t\t\t\t<div class=\"e-con-inner\">\n\t\t\t\t<div class=\"elementor-element elementor-element-31416ef elementor-widget elementor-widget-heading\" data-id=\"31416ef\" data-element_type=\"widget\" data-e-type=\"widget\" data-widget_type=\"heading.default\">\n\t\t\t\t<div class=\"elementor-widget-container\">\n\t\t\t\t\t<h1 class=\"elementor-heading-title elementor-size-default\">Ensino Fundamental \u2013 Anos Iniciais<\/h1>\t\t\t\t<\/div>\n\t\t\t\t<\/div>\n\t\t\t\t\t<\/div>\n\t\t\t\t<\/div>\n\t\t<div class=\"elementor-element elementor-element-438da3b8 e-con-full e-flex e-con e-parent\" data-id=\"438da3b8\" data-element_type=\"container\" data-e-type=\"container\">\n\t\t<div class=\"elementor-element elementor-element-2f2db1da e-flex e-con-boxed e-con e-child\" data-id=\"2f2db1da\" data-element_type=\"container\" data-e-type=\"container\">\n\t\t\t\t\t<div class=\"e-con-inner\">\n\t\t\t\t<div class=\"elementor-element elementor-element-1f15dc65 elementor-invisible elementor-widget elementor-widget-text-editor\" data-id=\"1f15dc65\" data-element_type=\"widget\" data-e-type=\"widget\" data-settings=\"{&quot;_animation&quot;:&quot;fadeInUp&quot;}\" data-widget_type=\"text-editor.default\">\n\t\t\t\t<div class=\"elementor-widget-container\">\n\t\t\t\t\t\t\t\t\t<p>NOS ANOS INICIAIS DO ENSINO FUNDAMENTAL \u00e9 oportunizado:<br \/>\u2013 o desenvolvimento integral do educando;<br \/>\u2013 a constru\u00e7\u00e3o de conhecimentos b\u00e1sicos, sistematizados e significativos;<br \/>\u2013 o dom\u00ednio de instrumentos de compreens\u00e3o cr\u00edtica da realidade, da auto-express\u00e3o e da comunica\u00e7\u00e3o social;<br \/>\u2013 a forma\u00e7\u00e3o para a cidadania, integra\u00e7\u00e3o e a participa\u00e7\u00e3o na conviv\u00eancia humana;<br \/>\u2013 a forma\u00e7\u00e3o de uma consci\u00eancia social, cr\u00edtica, solid\u00e1ria e democr\u00e1tica.<\/p><p>Indicadores de sa\u00edda para a etapa doo Ensino Fundamental ANOS INICIAIS:<\/p><p>\u2013 Leitura compreensiva;<br \/>\u2013 Saber admirar;<br \/>\u2013 Capacidade de estabelecer rela\u00e7\u00f5es;<br \/>\u2013 Expressar ideias logicamente;<br \/>\u2013 Consci\u00eancia de sua corporeidade;<br \/>\u2013 Utiliza\u00e7\u00e3o do c\u00f3digo ortogr\u00e1fico;<br \/>\u2013 Atitude investigat\u00f3ria, criativa, cooperativa, aut\u00f4noma e solid\u00e1ria.<\/p><p>\u00a0<\/p><p><b>Idade para Ingresso\u00a0<\/b><\/p><p><b>1\u00ba ano:<\/b>\u00a06 anos completos at\u00e9 31 de mar\u00e7o do ano letivo.<\/p><p>Os Anos Iniciais do Ensino Fundamental, desenvolvem um processo formativo de integral, ampliando a socializa\u00e7\u00e3o e o conhecimento atrav\u00e9s de:<\/p><ul><li>Coopera\u00e7\u00e3o e consci\u00eancia coletiva\u00a0<\/li><li>Inicia\u00e7\u00e3o Cient\u00edfica e Aprendizagem investigativa<\/li><li>Espa\u00e7os L\u00fadicos e Inovadores<\/li><li>Compet\u00eancia Comunicativa\u00a0<\/li><li>Consci\u00eancia ecol\u00f3gica\u00a0<\/li><li>Educa\u00e7\u00e3o financeira<\/li><\/ul>\t\t\t\t\t\t\t\t<\/div>\n\t\t\t\t<\/div>\n\t\t\t\t\t<\/div>\n\t\t\t\t<\/div>\n\t\t\t\t<\/div>\n\t\t\t\t<\/div>\n\t\t","protected":false},"excerpt":{"rendered":"<p>NOS ANOS INICIAIS DO ENSINO FUNDAMENTAL \u00e9 oportunizado:\u2013 o desenvolvimento integral do educando;\u2013 a constru\u00e7\u00e3o de conhecimentos b\u00e1sicos, sistematizados e significativos;\u2013 o dom\u00ednio de instrumentos de compreens\u00e3o cr\u00edtica da realidade, da auto-express\u00e3o e da comunica\u00e7\u00e3o social;\u2013 a forma\u00e7\u00e3o para a cidadania, integra\u00e7\u00e3o e a participa\u00e7\u00e3o na conviv\u00eancia humana;\u2013 a forma\u00e7\u00e3o de uma consci\u00eancia social, cr\u00edtica, [&hellip;]<\/p>\n","protected":false},"author":1,"featured_media":117,"parent":0,"menu_order":0,"comment_status":"closed","ping_status":"closed","template":"","meta":{"_acf_changed":false,"footnotes":""},"class_list":["post-114","page","type-page","status-publish","has-post-thumbnail","hentry"],"acf":[],"yoast_head":"<!-- This site is optimized with the Yoast SEO plugin v26.3 - https:\/\/yoast.com\/wordpress\/plugins\/seo\/ -->\n<title>Ensino Fundamental \u2013 Anos Iniciais - Escola Cristo Rei | Rede ICM de educa\u00e7\u00e3o<\/title>\n<meta name=\"robots\" content=\"index, follow, max-snippet:-1, max-image-preview:large, max-video-preview:-1\" \/>\n<link rel=\"canonical\" href=\"https:\/\/redeicm.org.br\/cristorei\/ensino-fundamental-anos-iniciais\/\" \/>\n<meta property=\"og:locale\" content=\"pt_BR\" \/>\n<meta property=\"og:type\" content=\"article\" \/>\n<meta property=\"og:title\" content=\"Ensino Fundamental \u2013 Anos Iniciais - Escola Cristo Rei | Rede ICM de educa\u00e7\u00e3o\" \/>\n<meta property=\"og:description\" content=\"NOS ANOS INICIAIS DO ENSINO FUNDAMENTAL \u00e9 oportunizado:\u2013 o desenvolvimento integral do educando;\u2013 a constru\u00e7\u00e3o de conhecimentos b\u00e1sicos, sistematizados e significativos;\u2013 o dom\u00ednio de instrumentos de compreens\u00e3o cr\u00edtica da realidade, da auto-express\u00e3o e da comunica\u00e7\u00e3o social;\u2013 a forma\u00e7\u00e3o para a cidadania, integra\u00e7\u00e3o e a participa\u00e7\u00e3o na conviv\u00eancia humana;\u2013 a forma\u00e7\u00e3o de uma consci\u00eancia social, cr\u00edtica, [&hellip;]\" \/>\n<meta property=\"og:url\" content=\"https:\/\/redeicm.org.br\/cristorei\/ensino-fundamental-anos-iniciais\/\" \/>\n<meta property=\"og:site_name\" content=\"Escola Cristo Rei | Rede ICM de educa\u00e7\u00e3o\" \/>\n<meta property=\"article:modified_time\" content=\"2025-05-21T13:45:47+00:00\" \/>\n<meta property=\"og:image\" content=\"https:\/\/redeicm.org.br\/cristorei\/wp-content\/uploads\/sites\/9\/2024\/08\/banner-ensino-fundamental-iniciais.jpg\" \/>\n\t<meta property=\"og:image:width\" content=\"1440\" \/>\n\t<meta property=\"og:image:height\" content=\"400\" \/>\n\t<meta property=\"og:image:type\" content=\"image\/jpeg\" \/>\n<meta name=\"twitter:card\" content=\"summary_large_image\" \/>\n<meta name=\"twitter:label1\" content=\"Est. tempo de leitura\" \/>\n\t<meta name=\"twitter:data1\" content=\"1 minuto\" \/>\n<script type=\"application\/ld+json\" class=\"yoast-schema-graph\">{\"@context\":\"https:\/\/schema.org\",\"@graph\":[{\"@type\":\"WebPage\",\"@id\":\"https:\/\/redeicm.org.br\/cristorei\/ensino-fundamental-anos-iniciais\/\",\"url\":\"https:\/\/redeicm.org.br\/cristorei\/ensino-fundamental-anos-iniciais\/\",\"name\":\"Ensino Fundamental \u2013 Anos Iniciais - Escola Cristo Rei | Rede ICM de educa\u00e7\u00e3o\",\"isPartOf\":{\"@id\":\"https:\/\/redeicm.org.br\/cristorei\/#website\"},\"primaryImageOfPage\":{\"@id\":\"https:\/\/redeicm.org.br\/cristorei\/ensino-fundamental-anos-iniciais\/#primaryimage\"},\"image\":{\"@id\":\"https:\/\/redeicm.org.br\/cristorei\/ensino-fundamental-anos-iniciais\/#primaryimage\"},\"thumbnailUrl\":\"https:\/\/redeicm.org.br\/cristorei\/wp-content\/uploads\/sites\/9\/2024\/08\/banner-ensino-fundamental-iniciais.jpg\",\"datePublished\":\"2024-08-16T12:23:54+00:00\",\"dateModified\":\"2025-05-21T13:45:47+00:00\",\"breadcrumb\":{\"@id\":\"https:\/\/redeicm.org.br\/cristorei\/ensino-fundamental-anos-iniciais\/#breadcrumb\"},\"inLanguage\":\"pt-BR\",\"potentialAction\":[{\"@type\":\"ReadAction\",\"target\":[\"https:\/\/redeicm.org.br\/cristorei\/ensino-fundamental-anos-iniciais\/\"]}]},{\"@type\":\"ImageObject\",\"inLanguage\":\"pt-BR\",\"@id\":\"https:\/\/redeicm.org.br\/cristorei\/ensino-fundamental-anos-iniciais\/#primaryimage\",\"url\":\"https:\/\/redeicm.org.br\/cristorei\/wp-content\/uploads\/sites\/9\/2024\/08\/banner-ensino-fundamental-iniciais.jpg\",\"contentUrl\":\"https:\/\/redeicm.org.br\/cristorei\/wp-content\/uploads\/sites\/9\/2024\/08\/banner-ensino-fundamental-iniciais.jpg\",\"width\":1440,\"height\":400},{\"@type\":\"BreadcrumbList\",\"@id\":\"https:\/\/redeicm.org.br\/cristorei\/ensino-fundamental-anos-iniciais\/#breadcrumb\",\"itemListElement\":[{\"@type\":\"ListItem\",\"position\":1,\"name\":\"In\u00edcio\",\"item\":\"https:\/\/redeicm.org.br\/cristorei\/\"},{\"@type\":\"ListItem\",\"position\":2,\"name\":\"Ensino Fundamental \u2013 Anos Iniciais\"}]},{\"@type\":\"WebSite\",\"@id\":\"https:\/\/redeicm.org.br\/cristorei\/#website\",\"url\":\"https:\/\/redeicm.org.br\/cristorei\/\",\"name\":\"Escola Cristo Rei | Rede ICM de educa\u00e7\u00e3o\",\"description\":\"\",\"publisher\":{\"@id\":\"https:\/\/redeicm.org.br\/cristorei\/#organization\"},\"potentialAction\":[{\"@type\":\"SearchAction\",\"target\":{\"@type\":\"EntryPoint\",\"urlTemplate\":\"https:\/\/redeicm.org.br\/cristorei\/?s={search_term_string}\"},\"query-input\":{\"@type\":\"PropertyValueSpecification\",\"valueRequired\":true,\"valueName\":\"search_term_string\"}}],\"inLanguage\":\"pt-BR\"},{\"@type\":\"Organization\",\"@id\":\"https:\/\/redeicm.org.br\/cristorei\/#organization\",\"name\":\"Escola Cristo Rei | Rede ICM de educa\u00e7\u00e3o\",\"url\":\"https:\/\/redeicm.org.br\/cristorei\/\",\"logo\":{\"@type\":\"ImageObject\",\"inLanguage\":\"pt-BR\",\"@id\":\"https:\/\/redeicm.org.br\/cristorei\/#\/schema\/logo\/image\/\",\"url\":\"https:\/\/redeicm.org.br\/cristorei\/wp-content\/uploads\/sites\/9\/2024\/08\/ICM_Educacao_Cristo_Rei_Preferencial_Cores-1024x437-1.png\",\"contentUrl\":\"https:\/\/redeicm.org.br\/cristorei\/wp-content\/uploads\/sites\/9\/2024\/08\/ICM_Educacao_Cristo_Rei_Preferencial_Cores-1024x437-1.png\",\"width\":1024,\"height\":437,\"caption\":\"Escola Cristo Rei | Rede ICM de educa\u00e7\u00e3o\"},\"image\":{\"@id\":\"https:\/\/redeicm.org.br\/cristorei\/#\/schema\/logo\/image\/\"}}]}<\/script>\n<!-- \/ Yoast SEO plugin. -->","yoast_head_json":{"title":"Ensino Fundamental \u2013 Anos Iniciais - Escola Cristo Rei | Rede ICM de educa\u00e7\u00e3o","robots":{"index":"index","follow":"follow","max-snippet":"max-snippet:-1","max-image-preview":"max-image-preview:large","max-video-preview":"max-video-preview:-1"},"canonical":"https:\/\/redeicm.org.br\/cristorei\/ensino-fundamental-anos-iniciais\/","og_locale":"pt_BR","og_type":"article","og_title":"Ensino Fundamental \u2013 Anos Iniciais - Escola Cristo Rei | Rede ICM de educa\u00e7\u00e3o","og_description":"NOS ANOS INICIAIS DO ENSINO FUNDAMENTAL \u00e9 oportunizado:\u2013 o desenvolvimento integral do educando;\u2013 a constru\u00e7\u00e3o de conhecimentos b\u00e1sicos, sistematizados e significativos;\u2013 o dom\u00ednio de instrumentos de compreens\u00e3o cr\u00edtica da realidade, da auto-express\u00e3o e da comunica\u00e7\u00e3o social;\u2013 a forma\u00e7\u00e3o para a cidadania, integra\u00e7\u00e3o e a participa\u00e7\u00e3o na conviv\u00eancia humana;\u2013 a forma\u00e7\u00e3o de uma consci\u00eancia social, cr\u00edtica, [&hellip;]","og_url":"https:\/\/redeicm.org.br\/cristorei\/ensino-fundamental-anos-iniciais\/","og_site_name":"Escola Cristo Rei | Rede ICM de educa\u00e7\u00e3o","article_modified_time":"2025-05-21T13:45:47+00:00","og_image":[{"width":1440,"height":400,"url":"https:\/\/redeicm.org.br\/cristorei\/wp-content\/uploads\/sites\/9\/2024\/08\/banner-ensino-fundamental-iniciais.jpg","type":"image\/jpeg"}],"twitter_card":"summary_large_image","twitter_misc":{"Est. tempo de leitura":"1 minuto"},"schema":{"@context":"https:\/\/schema.org","@graph":[{"@type":"WebPage","@id":"https:\/\/redeicm.org.br\/cristorei\/ensino-fundamental-anos-iniciais\/","url":"https:\/\/redeicm.org.br\/cristorei\/ensino-fundamental-anos-iniciais\/","name":"Ensino Fundamental \u2013 Anos Iniciais - Escola Cristo Rei | Rede ICM de educa\u00e7\u00e3o","isPartOf":{"@id":"https:\/\/redeicm.org.br\/cristorei\/#website"},"primaryImageOfPage":{"@id":"https:\/\/redeicm.org.br\/cristorei\/ensino-fundamental-anos-iniciais\/#primaryimage"},"image":{"@id":"https:\/\/redeicm.org.br\/cristorei\/ensino-fundamental-anos-iniciais\/#primaryimage"},"thumbnailUrl":"https:\/\/redeicm.org.br\/cristorei\/wp-content\/uploads\/sites\/9\/2024\/08\/banner-ensino-fundamental-iniciais.jpg","datePublished":"2024-08-16T12:23:54+00:00","dateModified":"2025-05-21T13:45:47+00:00","breadcrumb":{"@id":"https:\/\/redeicm.org.br\/cristorei\/ensino-fundamental-anos-iniciais\/#breadcrumb"},"inLanguage":"pt-BR","potentialAction":[{"@type":"ReadAction","target":["https:\/\/redeicm.org.br\/cristorei\/ensino-fundamental-anos-iniciais\/"]}]},{"@type":"ImageObject","inLanguage":"pt-BR","@id":"https:\/\/redeicm.org.br\/cristorei\/ensino-fundamental-anos-iniciais\/#primaryimage","url":"https:\/\/redeicm.org.br\/cristorei\/wp-content\/uploads\/sites\/9\/2024\/08\/banner-ensino-fundamental-iniciais.jpg","contentUrl":"https:\/\/redeicm.org.br\/cristorei\/wp-content\/uploads\/sites\/9\/2024\/08\/banner-ensino-fundamental-iniciais.jpg","width":1440,"height":400},{"@type":"BreadcrumbList","@id":"https:\/\/redeicm.org.br\/cristorei\/ensino-fundamental-anos-iniciais\/#breadcrumb","itemListElement":[{"@type":"ListItem","position":1,"name":"In\u00edcio","item":"https:\/\/redeicm.org.br\/cristorei\/"},{"@type":"ListItem","position":2,"name":"Ensino Fundamental \u2013 Anos Iniciais"}]},{"@type":"WebSite","@id":"https:\/\/redeicm.org.br\/cristorei\/#website","url":"https:\/\/redeicm.org.br\/cristorei\/","name":"Escola Cristo Rei | Rede ICM de educa\u00e7\u00e3o","description":"","publisher":{"@id":"https:\/\/redeicm.org.br\/cristorei\/#organization"},"potentialAction":[{"@type":"SearchAction","target":{"@type":"EntryPoint","urlTemplate":"https:\/\/redeicm.org.br\/cristorei\/?s={search_term_string}"},"query-input":{"@type":"PropertyValueSpecification","valueRequired":true,"valueName":"search_term_string"}}],"inLanguage":"pt-BR"},{"@type":"Organization","@id":"https:\/\/redeicm.org.br\/cristorei\/#organization","name":"Escola Cristo Rei | Rede ICM de educa\u00e7\u00e3o","url":"https:\/\/redeicm.org.br\/cristorei\/","logo":{"@type":"ImageObject","inLanguage":"pt-BR","@id":"https:\/\/redeicm.org.br\/cristorei\/#\/schema\/logo\/image\/","url":"https:\/\/redeicm.org.br\/cristorei\/wp-content\/uploads\/sites\/9\/2024\/08\/ICM_Educacao_Cristo_Rei_Preferencial_Cores-1024x437-1.png","contentUrl":"https:\/\/redeicm.org.br\/cristorei\/wp-content\/uploads\/sites\/9\/2024\/08\/ICM_Educacao_Cristo_Rei_Preferencial_Cores-1024x437-1.png","width":1024,"height":437,"caption":"Escola Cristo Rei | Rede ICM de educa\u00e7\u00e3o"},"image":{"@id":"https:\/\/redeicm.org.br\/cristorei\/#\/schema\/logo\/image\/"}}]}},"_links":{"self":[{"href":"https:\/\/redeicm.org.br\/cristorei\/wp-json\/wp\/v2\/pages\/114","targetHints":{"allow":["GET"]}}],"collection":[{"href":"https:\/\/redeicm.org.br\/cristorei\/wp-json\/wp\/v2\/pages"}],"about":[{"href":"https:\/\/redeicm.org.br\/cristorei\/wp-json\/wp\/v2\/types\/page"}],"author":[{"embeddable":true,"href":"https:\/\/redeicm.org.br\/cristorei\/wp-json\/wp\/v2\/users\/1"}],"replies":[{"embeddable":true,"href":"https:\/\/redeicm.org.br\/cristorei\/wp-json\/wp\/v2\/comments?post=114"}],"version-history":[{"count":3,"href":"https:\/\/redeicm.org.br\/cristorei\/wp-json\/wp\/v2\/pages\/114\/revisions"}],"predecessor-version":[{"id":2583,"href":"https:\/\/redeicm.org.br\/cristorei\/wp-json\/wp\/v2\/pages\/114\/revisions\/2583"}],"wp:featuredmedia":[{"embeddable":true,"href":"https:\/\/redeicm.org.br\/cristorei\/wp-json\/wp\/v2\/media\/117"}],"wp:attachment":[{"href":"https:\/\/redeicm.org.br\/cristorei\/wp-json\/wp\/v2\/media?parent=114"}],"curies":[{"name":"wp","href":"https:\/\/api.w.org\/{rel}","templated":true}]}}