{"id":106,"date":"2024-08-16T09:23:53","date_gmt":"2024-08-16T12:23:53","guid":{"rendered":"https:\/\/redeicm.org.br\/cristorei\/educacao-infantil\/"},"modified":"2025-05-21T10:44:15","modified_gmt":"2025-05-21T13:44:15","slug":"educacao-infantil","status":"publish","type":"page","link":"https:\/\/redeicm.org.br\/cristorei\/educacao-infantil\/","title":{"rendered":"Educa\u00e7\u00e3o Infantil"},"content":{"rendered":"\t\t<div data-elementor-type=\"wp-page\" data-elementor-id=\"106\" class=\"elementor elementor-106\" data-elementor-post-type=\"page\">\n\t\t\t\t<div class=\"elementor-element elementor-element-13b370a3 e-flex e-con-boxed e-con e-parent\" data-id=\"13b370a3\" data-element_type=\"container\" data-e-type=\"container\" data-settings=\"{&quot;background_background&quot;:&quot;classic&quot;}\">\n\t\t\t\t\t<div class=\"e-con-inner\">\n\t\t\t\t\t<\/div>\n\t\t\t\t<\/div>\n\t\t<div class=\"elementor-element elementor-element-66320bb6 e-flex e-con-boxed e-con e-parent\" data-id=\"66320bb6\" data-element_type=\"container\" data-e-type=\"container\">\n\t\t\t\t\t<div class=\"e-con-inner\">\n\t\t\t\t<div class=\"elementor-element elementor-element-2ca62c84 elementor-widget elementor-widget-heading\" data-id=\"2ca62c84\" data-element_type=\"widget\" data-e-type=\"widget\" data-widget_type=\"heading.default\">\n\t\t\t\t<div class=\"elementor-widget-container\">\n\t\t\t\t\t<h1 class=\"elementor-heading-title elementor-size-default\">Educa\u00e7\u00e3o Infantil<\/h1>\t\t\t\t<\/div>\n\t\t\t\t<\/div>\n\t\t\t\t\t<\/div>\n\t\t\t\t<\/div>\n\t\t<div class=\"elementor-element elementor-element-494a42c7 e-con-full e-flex e-con e-parent\" data-id=\"494a42c7\" data-element_type=\"container\" data-e-type=\"container\">\n\t\t<div class=\"elementor-element elementor-element-81ab19f e-flex e-con-boxed e-con e-child\" data-id=\"81ab19f\" data-element_type=\"container\" data-e-type=\"container\">\n\t\t\t\t\t<div class=\"e-con-inner\">\n\t\t\t\t<div class=\"elementor-element elementor-element-b740dd5 elementor-invisible elementor-widget elementor-widget-text-editor\" data-id=\"b740dd5\" data-element_type=\"widget\" data-e-type=\"widget\" data-settings=\"{&quot;_animation&quot;:&quot;fadeInUp&quot;}\" data-widget_type=\"text-editor.default\">\n\t\t\t\t<div class=\"elementor-widget-container\">\n\t\t\t\t\t\t\t\t\t<p>Na\u00a0<strong>Educa\u00e7\u00e3o Infantil<\/strong>\u00a0\u00e9 proporcionado \u00e0 crian\u00e7a a viv\u00eancia de valores humanos e crist\u00e3os, incentivando a criatividade e a socializa\u00e7\u00e3o, a busca de identidade e o desenvolvimento psico-motor e afetivo.<\/p><p>Indicadores de sa\u00edda para a Educa\u00e7\u00e3o Infantil<br \/>\u2013 Expressar-se, comunicando-se atrav\u00e9s de diferentes formas.<br \/>\u2013 Expressar hip\u00f3teses.<br \/>\u2013 Reconhecer a fun\u00e7\u00e3o social da escrita e dos n\u00fameros.<br \/>\u2013 Desenvolver atitudes de cuidado com a vida.<\/p><p><b>Pr\u00e9 1<\/b>\u00a0: 4 anos completos at\u00e9 31 de mar\u00e7o do ano letivo.<\/p><p><b>Pr\u00e9 2<\/b>: 5 anos completos at\u00e9 31 de mar\u00e7o do ano letivo<\/p><p>As fam\u00edlias encontram na Educa\u00e7\u00e3o Infantil, uma proposta de aprendizagem integral, valorizando cada experi\u00eancia vivenciada e desenvolvendo na crian\u00e7a.<\/p><ul><li>Identidade e autonomia<\/li><li>Criatividade<\/li><li>Espa\u00e7os L\u00fadicos e Criativos\u00a0<\/li><li>Aprendendo em diferentes linguagens<\/li><li>Cuidado, Conviv\u00eancia\u00a0 e Afeto<\/li><li>Flexibilidade de hor\u00e1rios<\/li><\/ul>\t\t\t\t\t\t\t\t<\/div>\n\t\t\t\t<\/div>\n\t\t\t\t\t<\/div>\n\t\t\t\t<\/div>\n\t\t\t\t<\/div>\n\t\t\t\t<\/div>\n\t\t","protected":false},"excerpt":{"rendered":"<p>Na\u00a0Educa\u00e7\u00e3o Infantil\u00a0\u00e9 proporcionado \u00e0 crian\u00e7a a viv\u00eancia de valores humanos e crist\u00e3os, incentivando a criatividade e a socializa\u00e7\u00e3o, a busca de identidade e o desenvolvimento psico-motor e afetivo. Indicadores de sa\u00edda para a Educa\u00e7\u00e3o Infantil\u2013 Expressar-se, comunicando-se atrav\u00e9s de diferentes formas.\u2013 Expressar hip\u00f3teses.\u2013 Reconhecer a fun\u00e7\u00e3o social da escrita e dos n\u00fameros.\u2013 Desenvolver atitudes de [&hellip;]<\/p>\n","protected":false},"author":1,"featured_media":109,"parent":0,"menu_order":0,"comment_status":"closed","ping_status":"closed","template":"","meta":{"_acf_changed":false,"footnotes":""},"class_list":["post-106","page","type-page","status-publish","has-post-thumbnail","hentry"],"acf":[],"yoast_head":"<!-- This site is optimized with the Yoast SEO plugin v26.3 - https:\/\/yoast.com\/wordpress\/plugins\/seo\/ -->\n<title>Educa\u00e7\u00e3o Infantil - Escola Cristo Rei | Rede ICM de educa\u00e7\u00e3o<\/title>\n<meta name=\"robots\" content=\"index, follow, max-snippet:-1, max-image-preview:large, max-video-preview:-1\" \/>\n<link rel=\"canonical\" href=\"https:\/\/redeicm.org.br\/cristorei\/educacao-infantil\/\" \/>\n<meta property=\"og:locale\" content=\"pt_BR\" \/>\n<meta property=\"og:type\" content=\"article\" \/>\n<meta property=\"og:title\" content=\"Educa\u00e7\u00e3o Infantil - Escola Cristo Rei | Rede ICM de educa\u00e7\u00e3o\" \/>\n<meta property=\"og:description\" content=\"Na\u00a0Educa\u00e7\u00e3o Infantil\u00a0\u00e9 proporcionado \u00e0 crian\u00e7a a viv\u00eancia de valores humanos e crist\u00e3os, incentivando a criatividade e a socializa\u00e7\u00e3o, a busca de identidade e o desenvolvimento psico-motor e afetivo. Indicadores de sa\u00edda para a Educa\u00e7\u00e3o Infantil\u2013 Expressar-se, comunicando-se atrav\u00e9s de diferentes formas.\u2013 Expressar hip\u00f3teses.\u2013 Reconhecer a fun\u00e7\u00e3o social da escrita e dos n\u00fameros.\u2013 Desenvolver atitudes de [&hellip;]\" \/>\n<meta property=\"og:url\" content=\"https:\/\/redeicm.org.br\/cristorei\/educacao-infantil\/\" \/>\n<meta property=\"og:site_name\" content=\"Escola Cristo Rei | Rede ICM de educa\u00e7\u00e3o\" \/>\n<meta property=\"article:modified_time\" content=\"2025-05-21T13:44:15+00:00\" \/>\n<meta property=\"og:image\" content=\"https:\/\/redeicm.org.br\/cristorei\/wp-content\/uploads\/sites\/9\/2024\/08\/banner-educacao-infantil.jpg\" \/>\n\t<meta property=\"og:image:width\" content=\"1440\" \/>\n\t<meta property=\"og:image:height\" content=\"400\" \/>\n\t<meta property=\"og:image:type\" content=\"image\/jpeg\" \/>\n<meta name=\"twitter:card\" content=\"summary_large_image\" \/>\n<meta name=\"twitter:label1\" content=\"Est. tempo de leitura\" \/>\n\t<meta name=\"twitter:data1\" content=\"1 minuto\" \/>\n<script type=\"application\/ld+json\" class=\"yoast-schema-graph\">{\"@context\":\"https:\/\/schema.org\",\"@graph\":[{\"@type\":\"WebPage\",\"@id\":\"https:\/\/redeicm.org.br\/cristorei\/educacao-infantil\/\",\"url\":\"https:\/\/redeicm.org.br\/cristorei\/educacao-infantil\/\",\"name\":\"Educa\u00e7\u00e3o Infantil - Escola Cristo Rei | Rede ICM de educa\u00e7\u00e3o\",\"isPartOf\":{\"@id\":\"https:\/\/redeicm.org.br\/cristorei\/#website\"},\"primaryImageOfPage\":{\"@id\":\"https:\/\/redeicm.org.br\/cristorei\/educacao-infantil\/#primaryimage\"},\"image\":{\"@id\":\"https:\/\/redeicm.org.br\/cristorei\/educacao-infantil\/#primaryimage\"},\"thumbnailUrl\":\"https:\/\/redeicm.org.br\/cristorei\/wp-content\/uploads\/sites\/9\/2024\/08\/banner-educacao-infantil.jpg\",\"datePublished\":\"2024-08-16T12:23:53+00:00\",\"dateModified\":\"2025-05-21T13:44:15+00:00\",\"breadcrumb\":{\"@id\":\"https:\/\/redeicm.org.br\/cristorei\/educacao-infantil\/#breadcrumb\"},\"inLanguage\":\"pt-BR\",\"potentialAction\":[{\"@type\":\"ReadAction\",\"target\":[\"https:\/\/redeicm.org.br\/cristorei\/educacao-infantil\/\"]}]},{\"@type\":\"ImageObject\",\"inLanguage\":\"pt-BR\",\"@id\":\"https:\/\/redeicm.org.br\/cristorei\/educacao-infantil\/#primaryimage\",\"url\":\"https:\/\/redeicm.org.br\/cristorei\/wp-content\/uploads\/sites\/9\/2024\/08\/banner-educacao-infantil.jpg\",\"contentUrl\":\"https:\/\/redeicm.org.br\/cristorei\/wp-content\/uploads\/sites\/9\/2024\/08\/banner-educacao-infantil.jpg\",\"width\":1440,\"height\":400},{\"@type\":\"BreadcrumbList\",\"@id\":\"https:\/\/redeicm.org.br\/cristorei\/educacao-infantil\/#breadcrumb\",\"itemListElement\":[{\"@type\":\"ListItem\",\"position\":1,\"name\":\"In\u00edcio\",\"item\":\"https:\/\/redeicm.org.br\/cristorei\/\"},{\"@type\":\"ListItem\",\"position\":2,\"name\":\"Educa\u00e7\u00e3o Infantil\"}]},{\"@type\":\"WebSite\",\"@id\":\"https:\/\/redeicm.org.br\/cristorei\/#website\",\"url\":\"https:\/\/redeicm.org.br\/cristorei\/\",\"name\":\"Escola Cristo Rei | Rede ICM de educa\u00e7\u00e3o\",\"description\":\"\",\"publisher\":{\"@id\":\"https:\/\/redeicm.org.br\/cristorei\/#organization\"},\"potentialAction\":[{\"@type\":\"SearchAction\",\"target\":{\"@type\":\"EntryPoint\",\"urlTemplate\":\"https:\/\/redeicm.org.br\/cristorei\/?s={search_term_string}\"},\"query-input\":{\"@type\":\"PropertyValueSpecification\",\"valueRequired\":true,\"valueName\":\"search_term_string\"}}],\"inLanguage\":\"pt-BR\"},{\"@type\":\"Organization\",\"@id\":\"https:\/\/redeicm.org.br\/cristorei\/#organization\",\"name\":\"Escola Cristo Rei | Rede ICM de educa\u00e7\u00e3o\",\"url\":\"https:\/\/redeicm.org.br\/cristorei\/\",\"logo\":{\"@type\":\"ImageObject\",\"inLanguage\":\"pt-BR\",\"@id\":\"https:\/\/redeicm.org.br\/cristorei\/#\/schema\/logo\/image\/\",\"url\":\"https:\/\/redeicm.org.br\/cristorei\/wp-content\/uploads\/sites\/9\/2024\/08\/ICM_Educacao_Cristo_Rei_Preferencial_Cores-1024x437-1.png\",\"contentUrl\":\"https:\/\/redeicm.org.br\/cristorei\/wp-content\/uploads\/sites\/9\/2024\/08\/ICM_Educacao_Cristo_Rei_Preferencial_Cores-1024x437-1.png\",\"width\":1024,\"height\":437,\"caption\":\"Escola Cristo Rei | Rede ICM de educa\u00e7\u00e3o\"},\"image\":{\"@id\":\"https:\/\/redeicm.org.br\/cristorei\/#\/schema\/logo\/image\/\"}}]}<\/script>\n<!-- \/ Yoast SEO plugin. -->","yoast_head_json":{"title":"Educa\u00e7\u00e3o Infantil - Escola Cristo Rei | Rede ICM de educa\u00e7\u00e3o","robots":{"index":"index","follow":"follow","max-snippet":"max-snippet:-1","max-image-preview":"max-image-preview:large","max-video-preview":"max-video-preview:-1"},"canonical":"https:\/\/redeicm.org.br\/cristorei\/educacao-infantil\/","og_locale":"pt_BR","og_type":"article","og_title":"Educa\u00e7\u00e3o Infantil - Escola Cristo Rei | Rede ICM de educa\u00e7\u00e3o","og_description":"Na\u00a0Educa\u00e7\u00e3o Infantil\u00a0\u00e9 proporcionado \u00e0 crian\u00e7a a viv\u00eancia de valores humanos e crist\u00e3os, incentivando a criatividade e a socializa\u00e7\u00e3o, a busca de identidade e o desenvolvimento psico-motor e afetivo. Indicadores de sa\u00edda para a Educa\u00e7\u00e3o Infantil\u2013 Expressar-se, comunicando-se atrav\u00e9s de diferentes formas.\u2013 Expressar hip\u00f3teses.\u2013 Reconhecer a fun\u00e7\u00e3o social da escrita e dos n\u00fameros.\u2013 Desenvolver atitudes de [&hellip;]","og_url":"https:\/\/redeicm.org.br\/cristorei\/educacao-infantil\/","og_site_name":"Escola Cristo Rei | Rede ICM de educa\u00e7\u00e3o","article_modified_time":"2025-05-21T13:44:15+00:00","og_image":[{"width":1440,"height":400,"url":"https:\/\/redeicm.org.br\/cristorei\/wp-content\/uploads\/sites\/9\/2024\/08\/banner-educacao-infantil.jpg","type":"image\/jpeg"}],"twitter_card":"summary_large_image","twitter_misc":{"Est. tempo de leitura":"1 minuto"},"schema":{"@context":"https:\/\/schema.org","@graph":[{"@type":"WebPage","@id":"https:\/\/redeicm.org.br\/cristorei\/educacao-infantil\/","url":"https:\/\/redeicm.org.br\/cristorei\/educacao-infantil\/","name":"Educa\u00e7\u00e3o Infantil - Escola Cristo Rei | Rede ICM de educa\u00e7\u00e3o","isPartOf":{"@id":"https:\/\/redeicm.org.br\/cristorei\/#website"},"primaryImageOfPage":{"@id":"https:\/\/redeicm.org.br\/cristorei\/educacao-infantil\/#primaryimage"},"image":{"@id":"https:\/\/redeicm.org.br\/cristorei\/educacao-infantil\/#primaryimage"},"thumbnailUrl":"https:\/\/redeicm.org.br\/cristorei\/wp-content\/uploads\/sites\/9\/2024\/08\/banner-educacao-infantil.jpg","datePublished":"2024-08-16T12:23:53+00:00","dateModified":"2025-05-21T13:44:15+00:00","breadcrumb":{"@id":"https:\/\/redeicm.org.br\/cristorei\/educacao-infantil\/#breadcrumb"},"inLanguage":"pt-BR","potentialAction":[{"@type":"ReadAction","target":["https:\/\/redeicm.org.br\/cristorei\/educacao-infantil\/"]}]},{"@type":"ImageObject","inLanguage":"pt-BR","@id":"https:\/\/redeicm.org.br\/cristorei\/educacao-infantil\/#primaryimage","url":"https:\/\/redeicm.org.br\/cristorei\/wp-content\/uploads\/sites\/9\/2024\/08\/banner-educacao-infantil.jpg","contentUrl":"https:\/\/redeicm.org.br\/cristorei\/wp-content\/uploads\/sites\/9\/2024\/08\/banner-educacao-infantil.jpg","width":1440,"height":400},{"@type":"BreadcrumbList","@id":"https:\/\/redeicm.org.br\/cristorei\/educacao-infantil\/#breadcrumb","itemListElement":[{"@type":"ListItem","position":1,"name":"In\u00edcio","item":"https:\/\/redeicm.org.br\/cristorei\/"},{"@type":"ListItem","position":2,"name":"Educa\u00e7\u00e3o Infantil"}]},{"@type":"WebSite","@id":"https:\/\/redeicm.org.br\/cristorei\/#website","url":"https:\/\/redeicm.org.br\/cristorei\/","name":"Escola Cristo Rei | Rede ICM de educa\u00e7\u00e3o","description":"","publisher":{"@id":"https:\/\/redeicm.org.br\/cristorei\/#organization"},"potentialAction":[{"@type":"SearchAction","target":{"@type":"EntryPoint","urlTemplate":"https:\/\/redeicm.org.br\/cristorei\/?s={search_term_string}"},"query-input":{"@type":"PropertyValueSpecification","valueRequired":true,"valueName":"search_term_string"}}],"inLanguage":"pt-BR"},{"@type":"Organization","@id":"https:\/\/redeicm.org.br\/cristorei\/#organization","name":"Escola Cristo Rei | Rede ICM de educa\u00e7\u00e3o","url":"https:\/\/redeicm.org.br\/cristorei\/","logo":{"@type":"ImageObject","inLanguage":"pt-BR","@id":"https:\/\/redeicm.org.br\/cristorei\/#\/schema\/logo\/image\/","url":"https:\/\/redeicm.org.br\/cristorei\/wp-content\/uploads\/sites\/9\/2024\/08\/ICM_Educacao_Cristo_Rei_Preferencial_Cores-1024x437-1.png","contentUrl":"https:\/\/redeicm.org.br\/cristorei\/wp-content\/uploads\/sites\/9\/2024\/08\/ICM_Educacao_Cristo_Rei_Preferencial_Cores-1024x437-1.png","width":1024,"height":437,"caption":"Escola Cristo Rei | Rede ICM de educa\u00e7\u00e3o"},"image":{"@id":"https:\/\/redeicm.org.br\/cristorei\/#\/schema\/logo\/image\/"}}]}},"_links":{"self":[{"href":"https:\/\/redeicm.org.br\/cristorei\/wp-json\/wp\/v2\/pages\/106","targetHints":{"allow":["GET"]}}],"collection":[{"href":"https:\/\/redeicm.org.br\/cristorei\/wp-json\/wp\/v2\/pages"}],"about":[{"href":"https:\/\/redeicm.org.br\/cristorei\/wp-json\/wp\/v2\/types\/page"}],"author":[{"embeddable":true,"href":"https:\/\/redeicm.org.br\/cristorei\/wp-json\/wp\/v2\/users\/1"}],"replies":[{"embeddable":true,"href":"https:\/\/redeicm.org.br\/cristorei\/wp-json\/wp\/v2\/comments?post=106"}],"version-history":[{"count":3,"href":"https:\/\/redeicm.org.br\/cristorei\/wp-json\/wp\/v2\/pages\/106\/revisions"}],"predecessor-version":[{"id":2580,"href":"https:\/\/redeicm.org.br\/cristorei\/wp-json\/wp\/v2\/pages\/106\/revisions\/2580"}],"wp:featuredmedia":[{"embeddable":true,"href":"https:\/\/redeicm.org.br\/cristorei\/wp-json\/wp\/v2\/media\/109"}],"wp:attachment":[{"href":"https:\/\/redeicm.org.br\/cristorei\/wp-json\/wp\/v2\/media?parent=106"}],"curies":[{"name":"wp","href":"https:\/\/api.w.org\/{rel}","templated":true}]}}