{"id":411,"date":"2024-09-21T13:05:40","date_gmt":"2024-09-21T16:05:40","guid":{"rendered":"https:\/\/redeicm.org.br\/coracaodemaria\/?page_id=411"},"modified":"2025-10-13T15:48:52","modified_gmt":"2025-10-13T18:48:52","slug":"oficinas-extra-classe","status":"publish","type":"page","link":"https:\/\/redeicm.org.br\/coracaodemaria\/oficinas-extra-classe\/","title":{"rendered":"Oficinas Extra Classe"},"content":{"rendered":"\t\t<div data-elementor-type=\"wp-page\" data-elementor-id=\"411\" class=\"elementor elementor-411\" data-elementor-post-type=\"page\">\n\t\t\t\t<div class=\"elementor-element elementor-element-25a0e3f e-flex e-con-boxed e-con e-parent\" data-id=\"25a0e3f\" data-element_type=\"container\" data-e-type=\"container\" data-settings=\"{&quot;background_background&quot;:&quot;classic&quot;}\">\n\t\t\t\t\t<div class=\"e-con-inner\">\n\t\t\t\t<div class=\"elementor-element elementor-element-5caa4ab elementor-widget elementor-widget-heading\" data-id=\"5caa4ab\" data-element_type=\"widget\" data-e-type=\"widget\" data-widget_type=\"heading.default\">\n\t\t\t\t<div class=\"elementor-widget-container\">\n\t\t\t\t\t<h1 class=\"elementor-heading-title elementor-size-default\">Cursos Livres\n<\/h1>\t\t\t\t<\/div>\n\t\t\t\t<\/div>\n\t\t\t\t\t<\/div>\n\t\t\t\t<\/div>\n\t\t<div class=\"elementor-element elementor-element-596c901 e-con-full e-flex e-con e-parent\" data-id=\"596c901\" data-element_type=\"container\" data-e-type=\"container\">\n\t\t<div class=\"elementor-element elementor-element-bf3a9fd e-flex e-con-boxed e-con e-child\" data-id=\"bf3a9fd\" data-element_type=\"container\" data-e-type=\"container\">\n\t\t\t\t\t<div class=\"e-con-inner\">\n\t\t\t\t<div class=\"elementor-element elementor-element-c857c85 elementor-invisible elementor-widget elementor-widget-text-editor\" data-id=\"c857c85\" data-element_type=\"widget\" data-e-type=\"widget\" data-settings=\"{&quot;_animation&quot;:&quot;fadeInUp&quot;}\" data-widget_type=\"text-editor.default\">\n\t\t\t\t<div class=\"elementor-widget-container\">\n\t\t\t\t\t\t\t\t\t<p><span style=\"font-weight: 400;\">Em parceria com profissionais de diferentes \u00e1reas do conhecimento, o Col\u00e9gio Cora\u00e7\u00e3o de Maria oportuniza cursos livres<\/span> <span style=\"font-weight: 400;\">para seus alunos. Os mesmos acontecem no final da tarde, proporcionando um atendimento diferenciado, organizado e seguro, primando pelo cuidado e afeto, ludicidade e criatividade, conviv\u00eancia e consci\u00eancia coletiva, autonomia e aprendizagem.<\/span><\/p><p><span style=\"font-weight: 400;\">Informa\u00e7\u00f5es sobre matr\u00edculas, datas e hor\u00e1rios devem ser obtidas diretamente com os parceiros, via WhatsApp:<\/span><\/p><ul><li><b>Ci\u00eancias da Natureza<\/b><span style=\"font-weight: 400;\"> &#8211; Leonan Guerra (55) 99905-3380<\/span><\/li><li><b>Ensina Mais &#8211; Rob\u00f3tica para Crian\u00e7as &#8211;<\/b><span style=\"font-weight: 400;\"> Juliana Pedroso Flores (55) 98138-5131<\/span><\/li><li><b>Gin\u00e1stica R\u00edtmica &#8211; <\/b><span style=\"font-weight: 400;\">Roberta Padilha (55) 99177-7124<\/span><\/li><li><b>Basquetebol, Futsal<\/b> <b>e Voleibol &#8211; <\/b><span style=\"font-weight: 400;\">Jos\u00e9 Eduardo Vogt (55) 99112-5362<\/span><\/li><li><b>Karat\u00ea <\/b><span style=\"font-weight: 400;\">&#8211; Dion Martinez\u00a0 (48)98817-3187<\/span><\/li><li><b>Patina\u00e7\u00e3o<\/b><span style=\"font-weight: 400;\"> &#8211; Tatiane Minuzzi (55) 99686-3901<\/span><\/li><li><b>Super-C\u00e9rebro &#8211; <\/b><span style=\"font-weight: 400;\">Juliana Borba<\/span> <span style=\"font-weight: 400;\"> (55) 99674-3116<\/span><\/li><li><b>Teatro<\/b><span style=\"font-weight: 400;\"> &#8211; Tais Gauer (55)\u00a0 99938-5610\u00a0\u00a0\u00a0\u00a0\u00a0\u00a0\u00a0\u00a0\u00a0\u00a0\u00a0\u00a0\u00a0\u00a0\u00a0\u00a0\u00a0\u00a0\u00a0\u00a0<\/span><\/li><li><b>Instrumentos musicais &#8211; <\/b><span style=\"font-weight: 400;\">Lucas Martin (51) 99514-5767<\/span><\/li><li><b>Xadrez <\/b><span style=\"font-weight: 400;\">\u00a0&#8211; Darcy Oliveira da Silva\u00a0 (55) 98115-1869<\/span><\/li><li><b>Ballet \u2013 <\/b><span style=\"font-weight: 400;\">Gabrielly Neumann (55) 98451-9143<\/span><\/li><li><span style=\"font-weight: 400;\"><strong>Jud\u00f4<\/strong>\u00a0<b>\u2013 <\/b>Armando Rodolfo Gonzales (55) 9221-9545<\/span><\/li><\/ul>\t\t\t\t\t\t\t\t<\/div>\n\t\t\t\t<\/div>\n\t\t\t\t\t<\/div>\n\t\t\t\t<\/div>\n\t\t\t\t<\/div>\n\t\t\t\t<\/div>\n\t\t","protected":false},"excerpt":{"rendered":"<p>Cursos Livres Em parceria com profissionais de diferentes \u00e1reas do conhecimento, o Col\u00e9gio Cora\u00e7\u00e3o de Maria oportuniza cursos livres para seus alunos. Os mesmos acontecem no final da tarde, proporcionando um atendimento diferenciado, organizado e seguro, primando pelo cuidado e afeto, ludicidade e criatividade, conviv\u00eancia e consci\u00eancia coletiva, autonomia e aprendizagem. Informa\u00e7\u00f5es sobre matr\u00edculas, datas [&hellip;]<\/p>\n","protected":false},"author":1,"featured_media":0,"parent":0,"menu_order":0,"comment_status":"closed","ping_status":"closed","template":"","meta":{"_acf_changed":false,"footnotes":""},"class_list":["post-411","page","type-page","status-publish","hentry"],"acf":[],"yoast_head":"<!-- This site is optimized with the Yoast SEO plugin v26.3 - https:\/\/yoast.com\/wordpress\/plugins\/seo\/ -->\n<title>Oficinas Extra Classe - Col\u00e9gio Cora\u00e7\u00e3o de Maria | Rede ICM<\/title>\n<meta name=\"robots\" content=\"index, follow, max-snippet:-1, max-image-preview:large, max-video-preview:-1\" \/>\n<link rel=\"canonical\" href=\"https:\/\/redeicm.org.br\/coracaodemaria\/oficinas-extra-classe\/\" \/>\n<meta property=\"og:locale\" content=\"pt_BR\" \/>\n<meta property=\"og:type\" content=\"article\" \/>\n<meta property=\"og:title\" content=\"Oficinas Extra Classe - Col\u00e9gio Cora\u00e7\u00e3o de Maria | Rede ICM\" \/>\n<meta property=\"og:description\" content=\"Cursos Livres Em parceria com profissionais de diferentes \u00e1reas do conhecimento, o Col\u00e9gio Cora\u00e7\u00e3o de Maria oportuniza cursos livres para seus alunos. Os mesmos acontecem no final da tarde, proporcionando um atendimento diferenciado, organizado e seguro, primando pelo cuidado e afeto, ludicidade e criatividade, conviv\u00eancia e consci\u00eancia coletiva, autonomia e aprendizagem. Informa\u00e7\u00f5es sobre matr\u00edculas, datas [&hellip;]\" \/>\n<meta property=\"og:url\" content=\"https:\/\/redeicm.org.br\/coracaodemaria\/oficinas-extra-classe\/\" \/>\n<meta property=\"og:site_name\" content=\"Col\u00e9gio Cora\u00e7\u00e3o de Maria | Rede ICM\" \/>\n<meta property=\"article:modified_time\" content=\"2025-10-13T18:48:52+00:00\" \/>\n<meta name=\"twitter:card\" content=\"summary_large_image\" \/>\n<meta name=\"twitter:label1\" content=\"Est. tempo de leitura\" \/>\n\t<meta name=\"twitter:data1\" content=\"1 minuto\" \/>\n<script type=\"application\/ld+json\" class=\"yoast-schema-graph\">{\"@context\":\"https:\/\/schema.org\",\"@graph\":[{\"@type\":\"WebPage\",\"@id\":\"https:\/\/redeicm.org.br\/coracaodemaria\/oficinas-extra-classe\/\",\"url\":\"https:\/\/redeicm.org.br\/coracaodemaria\/oficinas-extra-classe\/\",\"name\":\"Oficinas Extra Classe - Col\u00e9gio Cora\u00e7\u00e3o de Maria | Rede ICM\",\"isPartOf\":{\"@id\":\"https:\/\/redeicm.org.br\/coracaodemaria\/#website\"},\"datePublished\":\"2024-09-21T16:05:40+00:00\",\"dateModified\":\"2025-10-13T18:48:52+00:00\",\"breadcrumb\":{\"@id\":\"https:\/\/redeicm.org.br\/coracaodemaria\/oficinas-extra-classe\/#breadcrumb\"},\"inLanguage\":\"pt-BR\",\"potentialAction\":[{\"@type\":\"ReadAction\",\"target\":[\"https:\/\/redeicm.org.br\/coracaodemaria\/oficinas-extra-classe\/\"]}]},{\"@type\":\"BreadcrumbList\",\"@id\":\"https:\/\/redeicm.org.br\/coracaodemaria\/oficinas-extra-classe\/#breadcrumb\",\"itemListElement\":[{\"@type\":\"ListItem\",\"position\":1,\"name\":\"In\u00edcio\",\"item\":\"https:\/\/redeicm.org.br\/coracaodemaria\/\"},{\"@type\":\"ListItem\",\"position\":2,\"name\":\"Oficinas Extra Classe\"}]},{\"@type\":\"WebSite\",\"@id\":\"https:\/\/redeicm.org.br\/coracaodemaria\/#website\",\"url\":\"https:\/\/redeicm.org.br\/coracaodemaria\/\",\"name\":\"Col\u00e9gio Cora\u00e7\u00e3o de Maria | Rede ICM\",\"description\":\"\",\"publisher\":{\"@id\":\"https:\/\/redeicm.org.br\/coracaodemaria\/#organization\"},\"potentialAction\":[{\"@type\":\"SearchAction\",\"target\":{\"@type\":\"EntryPoint\",\"urlTemplate\":\"https:\/\/redeicm.org.br\/coracaodemaria\/?s={search_term_string}\"},\"query-input\":{\"@type\":\"PropertyValueSpecification\",\"valueRequired\":true,\"valueName\":\"search_term_string\"}}],\"inLanguage\":\"pt-BR\"},{\"@type\":\"Organization\",\"@id\":\"https:\/\/redeicm.org.br\/coracaodemaria\/#organization\",\"name\":\"Col\u00e9gio Cora\u00e7\u00e3o de Maria | Rede ICM\",\"url\":\"https:\/\/redeicm.org.br\/coracaodemaria\/\",\"logo\":{\"@type\":\"ImageObject\",\"inLanguage\":\"pt-BR\",\"@id\":\"https:\/\/redeicm.org.br\/coracaodemaria\/#\/schema\/logo\/image\/\",\"url\":\"https:\/\/redeicm.org.br\/coracaodemaria\/wp-content\/uploads\/sites\/7\/2024\/08\/icm-educacao-coracao-de-maria-rs.webp\",\"contentUrl\":\"https:\/\/redeicm.org.br\/coracaodemaria\/wp-content\/uploads\/sites\/7\/2024\/08\/icm-educacao-coracao-de-maria-rs.webp\",\"width\":1024,\"height\":297,\"caption\":\"Col\u00e9gio Cora\u00e7\u00e3o de Maria | Rede ICM\"},\"image\":{\"@id\":\"https:\/\/redeicm.org.br\/coracaodemaria\/#\/schema\/logo\/image\/\"}}]}<\/script>\n<!-- \/ Yoast SEO plugin. -->","yoast_head_json":{"title":"Oficinas Extra Classe - Col\u00e9gio Cora\u00e7\u00e3o de Maria | Rede ICM","robots":{"index":"index","follow":"follow","max-snippet":"max-snippet:-1","max-image-preview":"max-image-preview:large","max-video-preview":"max-video-preview:-1"},"canonical":"https:\/\/redeicm.org.br\/coracaodemaria\/oficinas-extra-classe\/","og_locale":"pt_BR","og_type":"article","og_title":"Oficinas Extra Classe - Col\u00e9gio Cora\u00e7\u00e3o de Maria | Rede ICM","og_description":"Cursos Livres Em parceria com profissionais de diferentes \u00e1reas do conhecimento, o Col\u00e9gio Cora\u00e7\u00e3o de Maria oportuniza cursos livres para seus alunos. Os mesmos acontecem no final da tarde, proporcionando um atendimento diferenciado, organizado e seguro, primando pelo cuidado e afeto, ludicidade e criatividade, conviv\u00eancia e consci\u00eancia coletiva, autonomia e aprendizagem. Informa\u00e7\u00f5es sobre matr\u00edculas, datas [&hellip;]","og_url":"https:\/\/redeicm.org.br\/coracaodemaria\/oficinas-extra-classe\/","og_site_name":"Col\u00e9gio Cora\u00e7\u00e3o de Maria | Rede ICM","article_modified_time":"2025-10-13T18:48:52+00:00","twitter_card":"summary_large_image","twitter_misc":{"Est. tempo de leitura":"1 minuto"},"schema":{"@context":"https:\/\/schema.org","@graph":[{"@type":"WebPage","@id":"https:\/\/redeicm.org.br\/coracaodemaria\/oficinas-extra-classe\/","url":"https:\/\/redeicm.org.br\/coracaodemaria\/oficinas-extra-classe\/","name":"Oficinas Extra Classe - Col\u00e9gio Cora\u00e7\u00e3o de Maria | Rede ICM","isPartOf":{"@id":"https:\/\/redeicm.org.br\/coracaodemaria\/#website"},"datePublished":"2024-09-21T16:05:40+00:00","dateModified":"2025-10-13T18:48:52+00:00","breadcrumb":{"@id":"https:\/\/redeicm.org.br\/coracaodemaria\/oficinas-extra-classe\/#breadcrumb"},"inLanguage":"pt-BR","potentialAction":[{"@type":"ReadAction","target":["https:\/\/redeicm.org.br\/coracaodemaria\/oficinas-extra-classe\/"]}]},{"@type":"BreadcrumbList","@id":"https:\/\/redeicm.org.br\/coracaodemaria\/oficinas-extra-classe\/#breadcrumb","itemListElement":[{"@type":"ListItem","position":1,"name":"In\u00edcio","item":"https:\/\/redeicm.org.br\/coracaodemaria\/"},{"@type":"ListItem","position":2,"name":"Oficinas Extra Classe"}]},{"@type":"WebSite","@id":"https:\/\/redeicm.org.br\/coracaodemaria\/#website","url":"https:\/\/redeicm.org.br\/coracaodemaria\/","name":"Col\u00e9gio Cora\u00e7\u00e3o de Maria | Rede ICM","description":"","publisher":{"@id":"https:\/\/redeicm.org.br\/coracaodemaria\/#organization"},"potentialAction":[{"@type":"SearchAction","target":{"@type":"EntryPoint","urlTemplate":"https:\/\/redeicm.org.br\/coracaodemaria\/?s={search_term_string}"},"query-input":{"@type":"PropertyValueSpecification","valueRequired":true,"valueName":"search_term_string"}}],"inLanguage":"pt-BR"},{"@type":"Organization","@id":"https:\/\/redeicm.org.br\/coracaodemaria\/#organization","name":"Col\u00e9gio Cora\u00e7\u00e3o de Maria | Rede ICM","url":"https:\/\/redeicm.org.br\/coracaodemaria\/","logo":{"@type":"ImageObject","inLanguage":"pt-BR","@id":"https:\/\/redeicm.org.br\/coracaodemaria\/#\/schema\/logo\/image\/","url":"https:\/\/redeicm.org.br\/coracaodemaria\/wp-content\/uploads\/sites\/7\/2024\/08\/icm-educacao-coracao-de-maria-rs.webp","contentUrl":"https:\/\/redeicm.org.br\/coracaodemaria\/wp-content\/uploads\/sites\/7\/2024\/08\/icm-educacao-coracao-de-maria-rs.webp","width":1024,"height":297,"caption":"Col\u00e9gio Cora\u00e7\u00e3o de Maria | Rede ICM"},"image":{"@id":"https:\/\/redeicm.org.br\/coracaodemaria\/#\/schema\/logo\/image\/"}}]}},"_links":{"self":[{"href":"https:\/\/redeicm.org.br\/coracaodemaria\/wp-json\/wp\/v2\/pages\/411","targetHints":{"allow":["GET"]}}],"collection":[{"href":"https:\/\/redeicm.org.br\/coracaodemaria\/wp-json\/wp\/v2\/pages"}],"about":[{"href":"https:\/\/redeicm.org.br\/coracaodemaria\/wp-json\/wp\/v2\/types\/page"}],"author":[{"embeddable":true,"href":"https:\/\/redeicm.org.br\/coracaodemaria\/wp-json\/wp\/v2\/users\/1"}],"replies":[{"embeddable":true,"href":"https:\/\/redeicm.org.br\/coracaodemaria\/wp-json\/wp\/v2\/comments?post=411"}],"version-history":[{"count":9,"href":"https:\/\/redeicm.org.br\/coracaodemaria\/wp-json\/wp\/v2\/pages\/411\/revisions"}],"predecessor-version":[{"id":1842,"href":"https:\/\/redeicm.org.br\/coracaodemaria\/wp-json\/wp\/v2\/pages\/411\/revisions\/1842"}],"wp:attachment":[{"href":"https:\/\/redeicm.org.br\/coracaodemaria\/wp-json\/wp\/v2\/media?parent=411"}],"curies":[{"name":"wp","href":"https:\/\/api.w.org\/{rel}","templated":true}]}}