{"id":319,"date":"2024-09-20T15:30:59","date_gmt":"2024-09-20T18:30:59","guid":{"rendered":"https:\/\/redeicm.org.br\/coracaodemaria\/?page_id=319"},"modified":"2025-05-14T12:28:33","modified_gmt":"2025-05-14T15:28:33","slug":"normas-de-convivencia","status":"publish","type":"page","link":"https:\/\/redeicm.org.br\/coracaodemaria\/normas-de-convivencia\/","title":{"rendered":"Normas de Conviv\u00eancia"},"content":{"rendered":"\t\t<div data-elementor-type=\"wp-page\" data-elementor-id=\"319\" class=\"elementor elementor-319\" data-elementor-post-type=\"page\">\n\t\t\t\t<div class=\"elementor-element elementor-element-30d687f e-flex e-con-boxed e-con e-parent\" data-id=\"30d687f\" data-element_type=\"container\" data-e-type=\"container\" data-settings=\"{&quot;background_background&quot;:&quot;classic&quot;}\">\n\t\t\t\t\t<div class=\"e-con-inner\">\n\t\t\t\t<div class=\"elementor-element elementor-element-02e79cd elementor-widget elementor-widget-heading\" data-id=\"02e79cd\" data-element_type=\"widget\" data-e-type=\"widget\" data-widget_type=\"heading.default\">\n\t\t\t\t<div class=\"elementor-widget-container\">\n\t\t\t\t\t<h1 class=\"elementor-heading-title elementor-size-default\">Normas de Conviv\u00eancia<\/h1>\t\t\t\t<\/div>\n\t\t\t\t<\/div>\n\t\t\t\t\t<\/div>\n\t\t\t\t<\/div>\n\t\t<div class=\"elementor-element elementor-element-7899bd6 e-con-full e-flex e-con e-parent\" data-id=\"7899bd6\" data-element_type=\"container\" data-e-type=\"container\">\n\t\t<div class=\"elementor-element elementor-element-ad3e9a3 e-flex e-con-boxed e-con e-child\" data-id=\"ad3e9a3\" data-element_type=\"container\" data-e-type=\"container\">\n\t\t\t\t\t<div class=\"e-con-inner\">\n\t\t\t\t<div class=\"elementor-element elementor-element-b6f70cc elementor-invisible elementor-widget elementor-widget-text-editor\" data-id=\"b6f70cc\" data-element_type=\"widget\" data-e-type=\"widget\" data-settings=\"{&quot;_animation&quot;:&quot;fadeInUp&quot;}\" data-widget_type=\"text-editor.default\">\n\t\t\t\t<div class=\"elementor-widget-container\">\n\t\t\t\t\t\t\t\t\t<p><strong>1. <\/strong><b>Atraso<\/b>\u2013 O(a) aluno(a) que n\u00e3o est\u00e1 em aula no in\u00edcio do primeiro per\u00edodo, se dirigir\u00e1 ao setor de alunos e, ap\u00f3s autorizado(a), aguardar\u00e1 a pr\u00f3xima aula na biblioteca,&nbsp;<b>mesmo havendo atividade avaliativa.<\/b><\/p>\n<p><b>2. Sa\u00edda<\/b>\u2013 O(a) aluno(a) s\u00f3 poder\u00e1 se ausentar do col\u00e9gio mediante <b>autoriza\u00e7\u00e3o pr\u00e9via via agenda<\/b> (n\u00e3o por telefone) dos pais ou respons\u00e1veis e libera\u00e7\u00e3o do Setor de Alunos.<\/p>\n<p><b>3. Uso do uniforme<\/b>\u2013 \u00e9 obrigat\u00f3rio para todos os n\u00edveis de ensino.<\/p>\n<p><b>4. Roupa Adequada<\/b>\u2013 O Col\u00e9gio \u00e9 um lugar de integra\u00e7\u00e3o e de estudo e, como institui\u00e7\u00e3o educativa, exige o uso de roupa adequada ao ambiente escolar. As camisetas para os times e equipes dever\u00e3o ser confeccionadas com a logomarca ou o nome do Col\u00e9gio e nas cores do uniforme. A confec\u00e7\u00e3o dessas est\u00e1 condicionada \u00e0 avalia\u00e7\u00e3o da Dire\u00e7\u00e3o do Col\u00e9gio.<\/p>\n<p><b>5. Sa\u00edda de alunos(as) durante as aulas<\/b>\u2013 para melhor aproveitamento das aulas n\u00e3o se permite deslocamento de alunos(as) para biblioteca, xerox, SOE, recep\u00e7\u00e3o\u2026 Esses servi\u00e7os atendem durante o recreio e nos turnos inversos.<\/p>\n<p><b>6. T\u00e9rmino de Avalia\u00e7\u00f5es<\/b>\u2013 Objetivando manter um clima favor\u00e1vel em todo o espa\u00e7o escolar, ao t\u00e9rmino das avalia\u00e7\u00f5es o(a) aluno(a) aguarda o pr\u00f3ximo per\u00edodo em sala de aula.<\/p>\n<p><b>7. Salas fechadas<\/b>\u2013 Por motivo de seguran\u00e7a, durante o recreio e sempre que a Turma se ausentar da sala de aula, a mesma ser\u00e1 chaveada, n\u00e3o permanecendo ali nenhum aluno.<\/p>\n<p><b>8. Prova atrasada<\/b>\u2013 Justificar em at\u00e9 48 (quarenta e oito horas) ap\u00f3s a data da realiza\u00e7\u00e3o, diretamente no SOE. Ser\u00e1 cobrado determinado&nbsp; valor&nbsp; para a realiza\u00e7\u00e3o de um novo instrumento avaliativo, em dia a ser estabelecido. O(a) aluno que n\u00e3o procurar neste prazo, perder\u00e1 o direito de justificar.<\/p>\n<p><b>9. Atividades avaliativas<\/b>\u2013 O(a) aluno(a) n\u00e3o poder\u00e1 vir \u00e0 escola, no seu turno, somente para realizar atividades avaliativas.<\/p>\n<p><b>10. Nome e prest\u00edgio do Col\u00e9gio<\/b>\u2013 O nome do Col\u00e9gio s\u00f3 poder\u00e1 ser usado com pr\u00e9via autoriza\u00e7\u00e3o da Dire\u00e7\u00e3o.<\/p>\n<p><b>11. Cuidado e zelo pelo Col\u00e9gio<\/b>\u2013 \u00c9 indispens\u00e1vel zelar pela conserva\u00e7\u00e3o da sala de aula e demais depend\u00eancias do Col\u00e9gio. Todos s\u00e3o convocados a assumir esse compromisso. Material danificado \u00e9 ressarcido.<\/p>\n<p><b>12. Problemas de indisciplina<\/b>\u2013 Em caso de indisciplina, dentro e fora da sala de aula, ser\u00e3o tomadas medidas que constam no Estatuto Disciplinar do Col\u00e9gio.<\/p>\n<p><b>13. Bebida Alco\u00f3lica e cigarros<\/b>\u2013 \u00c9 absolutamente proibido seu uso tanto nas depend\u00eancias internas, quanto externas do Col\u00e9gio.<\/p>\n<p><b>14.Uso do&nbsp; Celular \u2013<\/b><span style=\"font-weight: 400\">&nbsp; Proibido no ambiente escolar. Lei n\u00ba 15.100\/2025<\/span><span style=\"font-weight: 400\">.<\/span><\/p>\n<p><b>15. Pertences<\/b>\u2013 Cada aluno \u00e9 respons\u00e1vel pelos seus pertences. O Col\u00e9gio n\u00e3o se responsabiliza por perdas, danos ou extravios.<\/p>\n<p style=\"text-align: center\"><strong>\u201c<em>Agora \u00e9 a hora em que os bons devem permanecer firmes\u201d<\/em><\/strong><br><strong><em>Bem Aventurada B\u00e1rbara Maix<\/em><\/strong><\/p>\t\t\t\t\t\t\t\t<\/div>\n\t\t\t\t<\/div>\n\t\t\t\t\t<\/div>\n\t\t\t\t<\/div>\n\t\t\t\t<\/div>\n\t\t\t\t<\/div>\n\t\t","protected":false},"excerpt":{"rendered":"<p>1. Atraso\u2013 O(a) aluno(a) que n\u00e3o est\u00e1 em aula no in\u00edcio do primeiro per\u00edodo, se dirigir\u00e1 ao setor de alunos e, ap\u00f3s autorizado(a), aguardar\u00e1 a pr\u00f3xima aula na biblioteca,&nbsp;mesmo havendo atividade avaliativa. 2. Sa\u00edda\u2013 O(a) aluno(a) s\u00f3 poder\u00e1 se ausentar do col\u00e9gio mediante autoriza\u00e7\u00e3o pr\u00e9via via agenda (n\u00e3o por telefone) dos pais ou respons\u00e1veis e [&hellip;]<\/p>\n","protected":false},"author":1,"featured_media":0,"parent":0,"menu_order":0,"comment_status":"closed","ping_status":"closed","template":"","meta":{"_acf_changed":false,"footnotes":""},"class_list":["post-319","page","type-page","status-publish","hentry"],"acf":[],"yoast_head":"<!-- This site is optimized with the Yoast SEO plugin v26.3 - https:\/\/yoast.com\/wordpress\/plugins\/seo\/ -->\n<title>Normas de Conviv\u00eancia - Col\u00e9gio Cora\u00e7\u00e3o de Maria | Rede ICM<\/title>\n<meta name=\"robots\" content=\"index, follow, max-snippet:-1, max-image-preview:large, max-video-preview:-1\" \/>\n<link rel=\"canonical\" href=\"https:\/\/redeicm.org.br\/coracaodemaria\/normas-de-convivencia\/\" \/>\n<meta property=\"og:locale\" content=\"pt_BR\" \/>\n<meta property=\"og:type\" content=\"article\" \/>\n<meta property=\"og:title\" content=\"Normas de Conviv\u00eancia - Col\u00e9gio Cora\u00e7\u00e3o de Maria | Rede ICM\" \/>\n<meta property=\"og:description\" content=\"1. Atraso\u2013 O(a) aluno(a) que n\u00e3o est\u00e1 em aula no in\u00edcio do primeiro per\u00edodo, se dirigir\u00e1 ao setor de alunos e, ap\u00f3s autorizado(a), aguardar\u00e1 a pr\u00f3xima aula na biblioteca,&nbsp;mesmo havendo atividade avaliativa. 2. Sa\u00edda\u2013 O(a) aluno(a) s\u00f3 poder\u00e1 se ausentar do col\u00e9gio mediante autoriza\u00e7\u00e3o pr\u00e9via via agenda (n\u00e3o por telefone) dos pais ou respons\u00e1veis e [&hellip;]\" \/>\n<meta property=\"og:url\" content=\"https:\/\/redeicm.org.br\/coracaodemaria\/normas-de-convivencia\/\" \/>\n<meta property=\"og:site_name\" content=\"Col\u00e9gio Cora\u00e7\u00e3o de Maria | Rede ICM\" \/>\n<meta property=\"article:modified_time\" content=\"2025-05-14T15:28:33+00:00\" \/>\n<meta name=\"twitter:card\" content=\"summary_large_image\" \/>\n<meta name=\"twitter:label1\" content=\"Est. tempo de leitura\" \/>\n\t<meta name=\"twitter:data1\" content=\"3 minutos\" \/>\n<script type=\"application\/ld+json\" class=\"yoast-schema-graph\">{\"@context\":\"https:\/\/schema.org\",\"@graph\":[{\"@type\":\"WebPage\",\"@id\":\"https:\/\/redeicm.org.br\/coracaodemaria\/normas-de-convivencia\/\",\"url\":\"https:\/\/redeicm.org.br\/coracaodemaria\/normas-de-convivencia\/\",\"name\":\"Normas de Conviv\u00eancia - Col\u00e9gio Cora\u00e7\u00e3o de Maria | Rede ICM\",\"isPartOf\":{\"@id\":\"https:\/\/redeicm.org.br\/coracaodemaria\/#website\"},\"datePublished\":\"2024-09-20T18:30:59+00:00\",\"dateModified\":\"2025-05-14T15:28:33+00:00\",\"breadcrumb\":{\"@id\":\"https:\/\/redeicm.org.br\/coracaodemaria\/normas-de-convivencia\/#breadcrumb\"},\"inLanguage\":\"pt-BR\",\"potentialAction\":[{\"@type\":\"ReadAction\",\"target\":[\"https:\/\/redeicm.org.br\/coracaodemaria\/normas-de-convivencia\/\"]}]},{\"@type\":\"BreadcrumbList\",\"@id\":\"https:\/\/redeicm.org.br\/coracaodemaria\/normas-de-convivencia\/#breadcrumb\",\"itemListElement\":[{\"@type\":\"ListItem\",\"position\":1,\"name\":\"In\u00edcio\",\"item\":\"https:\/\/redeicm.org.br\/coracaodemaria\/\"},{\"@type\":\"ListItem\",\"position\":2,\"name\":\"Normas de Conviv\u00eancia\"}]},{\"@type\":\"WebSite\",\"@id\":\"https:\/\/redeicm.org.br\/coracaodemaria\/#website\",\"url\":\"https:\/\/redeicm.org.br\/coracaodemaria\/\",\"name\":\"Col\u00e9gio Cora\u00e7\u00e3o de Maria | Rede ICM\",\"description\":\"\",\"publisher\":{\"@id\":\"https:\/\/redeicm.org.br\/coracaodemaria\/#organization\"},\"potentialAction\":[{\"@type\":\"SearchAction\",\"target\":{\"@type\":\"EntryPoint\",\"urlTemplate\":\"https:\/\/redeicm.org.br\/coracaodemaria\/?s={search_term_string}\"},\"query-input\":{\"@type\":\"PropertyValueSpecification\",\"valueRequired\":true,\"valueName\":\"search_term_string\"}}],\"inLanguage\":\"pt-BR\"},{\"@type\":\"Organization\",\"@id\":\"https:\/\/redeicm.org.br\/coracaodemaria\/#organization\",\"name\":\"Col\u00e9gio Cora\u00e7\u00e3o de Maria | Rede ICM\",\"url\":\"https:\/\/redeicm.org.br\/coracaodemaria\/\",\"logo\":{\"@type\":\"ImageObject\",\"inLanguage\":\"pt-BR\",\"@id\":\"https:\/\/redeicm.org.br\/coracaodemaria\/#\/schema\/logo\/image\/\",\"url\":\"https:\/\/redeicm.org.br\/coracaodemaria\/wp-content\/uploads\/sites\/7\/2024\/08\/icm-educacao-coracao-de-maria-rs.webp\",\"contentUrl\":\"https:\/\/redeicm.org.br\/coracaodemaria\/wp-content\/uploads\/sites\/7\/2024\/08\/icm-educacao-coracao-de-maria-rs.webp\",\"width\":1024,\"height\":297,\"caption\":\"Col\u00e9gio Cora\u00e7\u00e3o de Maria | Rede ICM\"},\"image\":{\"@id\":\"https:\/\/redeicm.org.br\/coracaodemaria\/#\/schema\/logo\/image\/\"}}]}<\/script>\n<!-- \/ Yoast SEO plugin. -->","yoast_head_json":{"title":"Normas de Conviv\u00eancia - Col\u00e9gio Cora\u00e7\u00e3o de Maria | Rede ICM","robots":{"index":"index","follow":"follow","max-snippet":"max-snippet:-1","max-image-preview":"max-image-preview:large","max-video-preview":"max-video-preview:-1"},"canonical":"https:\/\/redeicm.org.br\/coracaodemaria\/normas-de-convivencia\/","og_locale":"pt_BR","og_type":"article","og_title":"Normas de Conviv\u00eancia - Col\u00e9gio Cora\u00e7\u00e3o de Maria | Rede ICM","og_description":"1. Atraso\u2013 O(a) aluno(a) que n\u00e3o est\u00e1 em aula no in\u00edcio do primeiro per\u00edodo, se dirigir\u00e1 ao setor de alunos e, ap\u00f3s autorizado(a), aguardar\u00e1 a pr\u00f3xima aula na biblioteca,&nbsp;mesmo havendo atividade avaliativa. 2. Sa\u00edda\u2013 O(a) aluno(a) s\u00f3 poder\u00e1 se ausentar do col\u00e9gio mediante autoriza\u00e7\u00e3o pr\u00e9via via agenda (n\u00e3o por telefone) dos pais ou respons\u00e1veis e [&hellip;]","og_url":"https:\/\/redeicm.org.br\/coracaodemaria\/normas-de-convivencia\/","og_site_name":"Col\u00e9gio Cora\u00e7\u00e3o de Maria | Rede ICM","article_modified_time":"2025-05-14T15:28:33+00:00","twitter_card":"summary_large_image","twitter_misc":{"Est. tempo de leitura":"3 minutos"},"schema":{"@context":"https:\/\/schema.org","@graph":[{"@type":"WebPage","@id":"https:\/\/redeicm.org.br\/coracaodemaria\/normas-de-convivencia\/","url":"https:\/\/redeicm.org.br\/coracaodemaria\/normas-de-convivencia\/","name":"Normas de Conviv\u00eancia - Col\u00e9gio Cora\u00e7\u00e3o de Maria | Rede ICM","isPartOf":{"@id":"https:\/\/redeicm.org.br\/coracaodemaria\/#website"},"datePublished":"2024-09-20T18:30:59+00:00","dateModified":"2025-05-14T15:28:33+00:00","breadcrumb":{"@id":"https:\/\/redeicm.org.br\/coracaodemaria\/normas-de-convivencia\/#breadcrumb"},"inLanguage":"pt-BR","potentialAction":[{"@type":"ReadAction","target":["https:\/\/redeicm.org.br\/coracaodemaria\/normas-de-convivencia\/"]}]},{"@type":"BreadcrumbList","@id":"https:\/\/redeicm.org.br\/coracaodemaria\/normas-de-convivencia\/#breadcrumb","itemListElement":[{"@type":"ListItem","position":1,"name":"In\u00edcio","item":"https:\/\/redeicm.org.br\/coracaodemaria\/"},{"@type":"ListItem","position":2,"name":"Normas de Conviv\u00eancia"}]},{"@type":"WebSite","@id":"https:\/\/redeicm.org.br\/coracaodemaria\/#website","url":"https:\/\/redeicm.org.br\/coracaodemaria\/","name":"Col\u00e9gio Cora\u00e7\u00e3o de Maria | Rede ICM","description":"","publisher":{"@id":"https:\/\/redeicm.org.br\/coracaodemaria\/#organization"},"potentialAction":[{"@type":"SearchAction","target":{"@type":"EntryPoint","urlTemplate":"https:\/\/redeicm.org.br\/coracaodemaria\/?s={search_term_string}"},"query-input":{"@type":"PropertyValueSpecification","valueRequired":true,"valueName":"search_term_string"}}],"inLanguage":"pt-BR"},{"@type":"Organization","@id":"https:\/\/redeicm.org.br\/coracaodemaria\/#organization","name":"Col\u00e9gio Cora\u00e7\u00e3o de Maria | Rede ICM","url":"https:\/\/redeicm.org.br\/coracaodemaria\/","logo":{"@type":"ImageObject","inLanguage":"pt-BR","@id":"https:\/\/redeicm.org.br\/coracaodemaria\/#\/schema\/logo\/image\/","url":"https:\/\/redeicm.org.br\/coracaodemaria\/wp-content\/uploads\/sites\/7\/2024\/08\/icm-educacao-coracao-de-maria-rs.webp","contentUrl":"https:\/\/redeicm.org.br\/coracaodemaria\/wp-content\/uploads\/sites\/7\/2024\/08\/icm-educacao-coracao-de-maria-rs.webp","width":1024,"height":297,"caption":"Col\u00e9gio Cora\u00e7\u00e3o de Maria | Rede ICM"},"image":{"@id":"https:\/\/redeicm.org.br\/coracaodemaria\/#\/schema\/logo\/image\/"}}]}},"_links":{"self":[{"href":"https:\/\/redeicm.org.br\/coracaodemaria\/wp-json\/wp\/v2\/pages\/319","targetHints":{"allow":["GET"]}}],"collection":[{"href":"https:\/\/redeicm.org.br\/coracaodemaria\/wp-json\/wp\/v2\/pages"}],"about":[{"href":"https:\/\/redeicm.org.br\/coracaodemaria\/wp-json\/wp\/v2\/types\/page"}],"author":[{"embeddable":true,"href":"https:\/\/redeicm.org.br\/coracaodemaria\/wp-json\/wp\/v2\/users\/1"}],"replies":[{"embeddable":true,"href":"https:\/\/redeicm.org.br\/coracaodemaria\/wp-json\/wp\/v2\/comments?post=319"}],"version-history":[{"count":3,"href":"https:\/\/redeicm.org.br\/coracaodemaria\/wp-json\/wp\/v2\/pages\/319\/revisions"}],"predecessor-version":[{"id":1074,"href":"https:\/\/redeicm.org.br\/coracaodemaria\/wp-json\/wp\/v2\/pages\/319\/revisions\/1074"}],"wp:attachment":[{"href":"https:\/\/redeicm.org.br\/coracaodemaria\/wp-json\/wp\/v2\/media?parent=319"}],"curies":[{"name":"wp","href":"https:\/\/api.w.org\/{rel}","templated":true}]}}