{"id":277,"date":"2024-09-18T19:05:07","date_gmt":"2024-09-18T22:05:07","guid":{"rendered":"https:\/\/redeicm.org.br\/coracaodemaria\/?page_id=277"},"modified":"2025-05-14T12:26:46","modified_gmt":"2025-05-14T15:26:46","slug":"sobre-a-unidade-de-educacao","status":"publish","type":"page","link":"https:\/\/redeicm.org.br\/coracaodemaria\/sobre-a-unidade-de-educacao\/","title":{"rendered":"Sobre a Unidade de Educa\u00e7\u00e3o"},"content":{"rendered":"\t\t<div data-elementor-type=\"wp-page\" data-elementor-id=\"277\" class=\"elementor elementor-277\" data-elementor-post-type=\"page\">\n\t\t\t\t<div class=\"elementor-element elementor-element-25c5388 e-flex e-con-boxed e-con e-parent\" data-id=\"25c5388\" data-element_type=\"container\" data-e-type=\"container\" data-settings=\"{&quot;background_background&quot;:&quot;classic&quot;}\">\n\t\t\t\t\t<div class=\"e-con-inner\">\n\t\t\t\t<div class=\"elementor-element elementor-element-0678774 elementor-widget elementor-widget-heading\" data-id=\"0678774\" data-element_type=\"widget\" data-e-type=\"widget\" data-widget_type=\"heading.default\">\n\t\t\t\t<div class=\"elementor-widget-container\">\n\t\t\t\t\t<h1 class=\"elementor-heading-title elementor-size-default\">Sobre a Unidade de Educa\u00e7\u00e3o<\/h1>\t\t\t\t<\/div>\n\t\t\t\t<\/div>\n\t\t\t\t\t<\/div>\n\t\t\t\t<\/div>\n\t\t<div class=\"elementor-element elementor-element-e049fb5 e-con-full e-flex e-con e-parent\" data-id=\"e049fb5\" data-element_type=\"container\" data-e-type=\"container\">\n\t\t<div class=\"elementor-element elementor-element-915ea67 e-flex e-con-boxed e-con e-child\" data-id=\"915ea67\" data-element_type=\"container\" data-e-type=\"container\">\n\t\t\t\t\t<div class=\"e-con-inner\">\n\t\t\t\t<div class=\"elementor-element elementor-element-e6c7b32 elementor-invisible elementor-widget elementor-widget-text-editor\" data-id=\"e6c7b32\" data-element_type=\"widget\" data-e-type=\"widget\" data-settings=\"{&quot;_animation&quot;:&quot;fadeInUp&quot;}\" data-widget_type=\"text-editor.default\">\n\t\t\t\t<div class=\"elementor-widget-container\">\n\t\t\t\t\t\t\t\t\t<h1><strong>1918, onde tudo come\u00e7ou<\/strong><\/h1><p><span style=\"font-weight: 400\">A hist\u00f3ria do Col\u00e9gio Cora\u00e7\u00e3o de Maria tem seu in\u00edcio em 1918, quando a Congrega\u00e7\u00e3o recebe o pedido do Bispo diocesano, D. Atico Eus\u00e9bio da Rocha, para fundar uma escola em Santa Maria, no Bairro Dores. A promessa de ent\u00e3o foi concretizada 15 anos mais tarde quando, no dia 20 de setembro de 1933, chegaram as primeiras Irm\u00e3s: Madre Maria Francisca de Chantal, Superiora da Comunidade, Irm\u00e3 Maria lsidora de S\u00e3o Jos\u00e9, Professora, Irm\u00e3 Maria Justina do Cora\u00e7\u00e3o de Maria, dos servi\u00e7os gerais, e a jovem Nair de Jesus. Apesar de o ano letivo estar quase findando, as atividades iniciaram com a abertura das matr\u00edculas, sendo recebidos 31 alunos, distribu\u00eddos para o 1\u00ba, 2\u00ba, 3\u00ba ano prim\u00e1rio. As aulas funcionaram num antigo sobrado, quase em frente ao atual pr\u00e9dio da Escola.<\/span><\/p><p><span style=\"font-weight: 400\">Em mar\u00e7o de 1935 foi inaugurado o pr\u00e9dio do Col\u00e9gio, gra\u00e7as ao empenho de moradores da localidade. No ato de inaugura\u00e7\u00e3o foi celebrada uma missa por D. Ant\u00f4nio Reis, Bispo da Diocese de Santa Maria, o qual deu tamb\u00e9m a b\u00ean\u00e7\u00e3o ao pr\u00e9dio. Come\u00e7ava a crescer a plantinha semeada em 1933.<\/span><\/p>\t\t\t\t\t\t\t\t<\/div>\n\t\t\t\t<\/div>\n\t\t\t\t<div class=\"elementor-element elementor-element-147f53c elementor-widget elementor-widget-image\" data-id=\"147f53c\" data-element_type=\"widget\" data-e-type=\"widget\" data-widget_type=\"image.default\">\n\t\t\t\t<div class=\"elementor-widget-container\">\n\t\t\t\t\t\t\t\t\t\t\t\t\t\t\t<img fetchpriority=\"high\" decoding=\"async\" width=\"600\" height=\"224\" src=\"https:\/\/redeicm.org.br\/coracaodemaria\/wp-content\/uploads\/sites\/7\/2024\/09\/foto1-600x224-1.webp\" class=\"attachment-1536x1536 size-1536x1536 wp-image-280\" alt=\"\" srcset=\"https:\/\/redeicm.org.br\/coracaodemaria\/wp-content\/uploads\/sites\/7\/2024\/09\/foto1-600x224-1.webp 600w, https:\/\/redeicm.org.br\/coracaodemaria\/wp-content\/uploads\/sites\/7\/2024\/09\/foto1-600x224-1-300x112.webp 300w\" sizes=\"(max-width: 600px) 100vw, 600px\" \/>\t\t\t\t\t\t\t\t\t\t\t\t\t\t\t<\/div>\n\t\t\t\t<\/div>\n\t\t\t\t<div class=\"elementor-element elementor-element-7ecab3b elementor-invisible elementor-widget elementor-widget-text-editor\" data-id=\"7ecab3b\" data-element_type=\"widget\" data-e-type=\"widget\" data-settings=\"{&quot;_animation&quot;:&quot;fadeInUp&quot;}\" data-widget_type=\"text-editor.default\">\n\t\t\t\t<div class=\"elementor-widget-container\">\n\t\t\t\t\t\t\t\t\t<p><span style=\"font-weight: 400\">Essa proposta educativa passou a ser divulgada e incentivada na maioria das escolas cat\u00f3licas. Era um per\u00edodo de muitas reflex\u00f5es, mudan\u00e7as e posturas novas assumidas pelo Cora\u00e7\u00e3o de Maria.Come\u00e7ava-se a pensar numa nova caminhada pedag\u00f3gico-evangelizadora, projetando a esperan\u00e7a de uma nova sociedade, na busca de um ser humano pleno, equilibrado e harmoniosamente identificado com Deus.\u00a0<\/span><\/p><p><span style=\"font-weight: 400\">Foi um per\u00edodo de muitas dificuldades e limita\u00e7\u00f5es. Uma hist\u00f3ria profundamente significativa que trouxe muita doa\u00e7\u00e3o, valores, vit\u00f3rias e esperan\u00e7as, assim como lutas, d\u00favidas, convic\u00e7\u00f5es e certezas, numa busca de ser coerente com a postura e o jeito de educar de nossa Fundadora, a Bem-aventurada B\u00e1rbara Maix.<\/span><\/p>\t\t\t\t\t\t\t\t<\/div>\n\t\t\t\t<\/div>\n\t\t\t\t<div class=\"elementor-element elementor-element-a827e78 elementor-widget elementor-widget-image\" data-id=\"a827e78\" data-element_type=\"widget\" data-e-type=\"widget\" data-widget_type=\"image.default\">\n\t\t\t\t<div class=\"elementor-widget-container\">\n\t\t\t\t\t\t\t\t\t\t\t\t\t\t\t<img decoding=\"async\" width=\"436\" height=\"261\" src=\"https:\/\/redeicm.org.br\/coracaodemaria\/wp-content\/uploads\/sites\/7\/2024\/09\/foto2.webp\" class=\"attachment-large size-large wp-image-281\" alt=\"\" srcset=\"https:\/\/redeicm.org.br\/coracaodemaria\/wp-content\/uploads\/sites\/7\/2024\/09\/foto2.webp 436w, https:\/\/redeicm.org.br\/coracaodemaria\/wp-content\/uploads\/sites\/7\/2024\/09\/foto2-300x180.webp 300w\" sizes=\"(max-width: 436px) 100vw, 436px\" \/>\t\t\t\t\t\t\t\t\t\t\t\t\t\t\t<\/div>\n\t\t\t\t<\/div>\n\t\t\t\t<div class=\"elementor-element elementor-element-1f7c531 elementor-invisible elementor-widget elementor-widget-text-editor\" data-id=\"1f7c531\" data-element_type=\"widget\" data-e-type=\"widget\" data-settings=\"{&quot;_animation&quot;:&quot;fadeInUp&quot;}\" data-widget_type=\"text-editor.default\">\n\t\t\t\t<div class=\"elementor-widget-container\">\n\t\t\t\t\t\t\t\t\t<p><span style=\"font-weight: 400\">Ap\u00f3s 24 anos de atua\u00e7\u00e3o com o curso prim\u00e1rio, em 1957 foram conclu\u00eddas as outras alas do pr\u00e9dio hoje existente e iniciado neste ano, o Curso Ginasial. Ao t\u00e9rmino da primeira turma do Curso Ginasial, foi aberto o Curso Normal para a forma\u00e7\u00e3o de professores, tendo formado, at\u00e9 a sua desativa\u00e7\u00e3o, em 1974, 441 professoras. Em 1972, por for\u00e7a de Lei Federal, unificaram-se os Cursos Prim\u00e1rio e Ginasial, originando o Curso de 1\u00ba Grau, hoje mantido como Ensino Fundamental e, nessa trajet\u00f3ria de buscas e conquistas, em 1999 abriu-se o Ensino M\u00e9dio, recuperando a voca\u00e7\u00e3o de atender \u00e0 educa\u00e7\u00e3o de crian\u00e7as e jovens, completando-se, assim, o ciclo da Educa\u00e7\u00e3o B\u00e1sica.<\/span><\/p><p><span style=\"font-weight: 400\">Em 1967 foi criada a Banda Escocesa, evento que trouxe \u00e0 Escola e \u00e0 cidade, t\u00edtulos de tetra-campe\u00e3 Estadual e Campe\u00e3 Nacional de Bandas Femininas.<\/span><\/p><p><span style=\"font-weight: 400\">Historicamente, a educa\u00e7\u00e3o vivenciada no Col\u00e9gio Cora\u00e7\u00e3o de Maria exerce sua miss\u00e3o prof\u00e9tica e evangelizadora. Na d\u00e9cada de 1980 as Irm\u00e3s do Imaculado Cora\u00e7\u00e3o de Maria assumem o compromisso expl\u00edcito pela Educa\u00e7\u00e3o Libertadora, com enfoque evang\u00e9lico, defendendo e praticando uma educa\u00e7\u00e3o voltada para a pessoa, entendendo o aluno como sujeito do processo educativo.<\/span><\/p><h1><strong>O Col\u00e9gio Cora\u00e7\u00e3o de Maria hoje<\/strong><\/h1><p><span style=\"font-weight: 400\">O CCM conta com 65 educadores e 76 colaboradores. Atua da Educa\u00e7\u00e3o Infantil ao Ensino M\u00e9dio, promovendo o desenvolvimento integral do estudante.<\/span><\/p><p><span style=\"font-weight: 400\">Adaptando-se \u00e0 realidade,\u00a0 busca oferecer uma infraestrutura mais completa, totalmente pensada e planejada para atender cada etapa de ensino, os desafios do ENEM e dos vestibulares, al\u00e9m de todas as necessidades da comunidade escolar.<\/span><\/p>\t\t\t\t\t\t\t\t<\/div>\n\t\t\t\t<\/div>\n\t\t\t\t<div class=\"elementor-element elementor-element-4e2d461 elementor-widget elementor-widget-image\" data-id=\"4e2d461\" data-element_type=\"widget\" data-e-type=\"widget\" data-widget_type=\"image.default\">\n\t\t\t\t<div class=\"elementor-widget-container\">\n\t\t\t\t\t\t\t\t\t\t\t\t\t\t\t<img decoding=\"async\" width=\"600\" height=\"240\" src=\"https:\/\/redeicm.org.br\/coracaodemaria\/wp-content\/uploads\/sites\/7\/2025\/04\/projeto_ccm.jpg\" class=\"attachment-large size-large wp-image-801\" alt=\"\" srcset=\"https:\/\/redeicm.org.br\/coracaodemaria\/wp-content\/uploads\/sites\/7\/2025\/04\/projeto_ccm.jpg 600w, https:\/\/redeicm.org.br\/coracaodemaria\/wp-content\/uploads\/sites\/7\/2025\/04\/projeto_ccm-300x120.jpg 300w\" sizes=\"(max-width: 600px) 100vw, 600px\" \/>\t\t\t\t\t\t\t\t\t\t\t\t\t\t\t<\/div>\n\t\t\t\t<\/div>\n\t\t\t\t\t<\/div>\n\t\t\t\t<\/div>\n\t\t\t\t<\/div>\n\t\t<div class=\"elementor-element elementor-element-12cc3b3 e-flex e-con-boxed e-con e-parent\" data-id=\"12cc3b3\" data-element_type=\"container\" data-e-type=\"container\">\n\t\t\t\t\t<div class=\"e-con-inner\">\n\t\t\t\t<div class=\"elementor-element elementor-element-eaf9f74 elementor-skin-carousel elementor-arrows-yes elementor-widget elementor-widget-media-carousel\" data-id=\"eaf9f74\" data-element_type=\"widget\" data-e-type=\"widget\" data-settings=\"{&quot;skin&quot;:&quot;carousel&quot;,&quot;effect&quot;:&quot;slide&quot;,&quot;show_arrows&quot;:&quot;yes&quot;,&quot;speed&quot;:500,&quot;autoplay&quot;:&quot;yes&quot;,&quot;autoplay_speed&quot;:5000,&quot;loop&quot;:&quot;yes&quot;,&quot;pause_on_hover&quot;:&quot;yes&quot;,&quot;pause_on_interaction&quot;:&quot;yes&quot;,&quot;space_between&quot;:{&quot;unit&quot;:&quot;px&quot;,&quot;size&quot;:10,&quot;sizes&quot;:[]},&quot;space_between_tablet&quot;:{&quot;unit&quot;:&quot;px&quot;,&quot;size&quot;:10,&quot;sizes&quot;:[]},&quot;space_between_mobile&quot;:{&quot;unit&quot;:&quot;px&quot;,&quot;size&quot;:10,&quot;sizes&quot;:[]}}\" data-widget_type=\"media-carousel.default\">\n\t\t\t\t<div class=\"elementor-widget-container\">\n\t\t\t\t\t\t\t\t\t<div class=\"elementor-swiper\">\n\t\t\t\t\t<div class=\"elementor-main-swiper swiper\" role=\"region\" aria-roledescription=\"carousel\" aria-label=\"Slides\">\n\t\t\t\t<div class=\"swiper-wrapper\">\n\t\t\t\t\t\t\t\t\t\t\t<div class=\"swiper-slide\" role=\"group\" aria-roledescription=\"slide\">\n\t\t\t\t\t\t\t\t\t<div class=\"elementor-carousel-image\" role=\"img\" aria-label=\"33-1\" style=\"background-image: url(&#039;https:\/\/redeicm.org.br\/coracaodemaria\/wp-content\/uploads\/sites\/7\/2024\/09\/33-1.webp&#039;)\">\n\n\t\t\t\n\t\t\t\t\t<\/div>\n\t\t\t\t\t\t\t\t<\/div>\n\t\t\t\t\t\t\t\t\t\t\t<div class=\"swiper-slide\" role=\"group\" aria-roledescription=\"slide\">\n\t\t\t\t\t\t\t\t\t<div class=\"elementor-carousel-image\" role=\"img\" aria-label=\"rampa\" style=\"background-image: url(&#039;https:\/\/redeicm.org.br\/coracaodemaria\/wp-content\/uploads\/sites\/7\/2024\/09\/rampa.webp&#039;)\">\n\n\t\t\t\n\t\t\t\t\t<\/div>\n\t\t\t\t\t\t\t\t<\/div>\n\t\t\t\t\t\t\t\t\t\t\t<div class=\"swiper-slide\" role=\"group\" aria-roledescription=\"slide\">\n\t\t\t\t\t\t\t\t\t<div class=\"elementor-carousel-image\" role=\"img\" aria-label=\"17\" style=\"background-image: url(&#039;https:\/\/redeicm.org.br\/coracaodemaria\/wp-content\/uploads\/sites\/7\/2024\/09\/17.webp&#039;)\">\n\n\t\t\t\n\t\t\t\t\t<\/div>\n\t\t\t\t\t\t\t\t<\/div>\n\t\t\t\t\t\t\t\t\t\t\t<div class=\"swiper-slide\" role=\"group\" aria-roledescription=\"slide\">\n\t\t\t\t\t\t\t\t\t<div class=\"elementor-carousel-image\" role=\"img\" aria-label=\"109\" style=\"background-image: url(&#039;https:\/\/redeicm.org.br\/coracaodemaria\/wp-content\/uploads\/sites\/7\/2024\/09\/109.webp&#039;)\">\n\n\t\t\t\n\t\t\t\t\t<\/div>\n\t\t\t\t\t\t\t\t<\/div>\n\t\t\t\t\t\t\t\t\t\t\t<div class=\"swiper-slide\" role=\"group\" aria-roledescription=\"slide\">\n\t\t\t\t\t\t\t\t\t<div class=\"elementor-carousel-image\" role=\"img\" aria-label=\"28-1\" style=\"background-image: url(&#039;https:\/\/redeicm.org.br\/coracaodemaria\/wp-content\/uploads\/sites\/7\/2024\/09\/28-1.webp&#039;)\">\n\n\t\t\t\n\t\t\t\t\t<\/div>\n\t\t\t\t\t\t\t\t<\/div>\n\t\t\t\t\t\t\t\t\t\t\t<div class=\"swiper-slide\" role=\"group\" aria-roledescription=\"slide\">\n\t\t\t\t\t\t\t\t\t<div class=\"elementor-carousel-image\" role=\"img\" aria-label=\"32-1\" style=\"background-image: url(&#039;https:\/\/redeicm.org.br\/coracaodemaria\/wp-content\/uploads\/sites\/7\/2024\/09\/32-1.webp&#039;)\">\n\n\t\t\t\n\t\t\t\t\t<\/div>\n\t\t\t\t\t\t\t\t<\/div>\n\t\t\t\t\t\t\t\t\t\t\t<div class=\"swiper-slide\" role=\"group\" aria-roledescription=\"slide\">\n\t\t\t\t\t\t\t\t\t<div class=\"elementor-carousel-image\" role=\"img\" aria-label=\"19\" style=\"background-image: url(&#039;https:\/\/redeicm.org.br\/coracaodemaria\/wp-content\/uploads\/sites\/7\/2024\/09\/19.webp&#039;)\">\n\n\t\t\t\n\t\t\t\t\t<\/div>\n\t\t\t\t\t\t\t\t<\/div>\n\t\t\t\t\t\t\t\t\t\t\t<div class=\"swiper-slide\" role=\"group\" aria-roledescription=\"slide\">\n\t\t\t\t\t\t\t\t\t<div class=\"elementor-carousel-image\" role=\"img\" aria-label=\"logo-site\" style=\"background-image: url(&#039;https:\/\/redeicm.org.br\/coracaodemaria\/wp-content\/uploads\/sites\/7\/2024\/09\/logo-site.webp&#039;)\">\n\n\t\t\t\n\t\t\t\t\t<\/div>\n\t\t\t\t\t\t\t\t<\/div>\n\t\t\t\t\t\t\t\t\t<\/div>\n\t\t\t\t\t\t\t\t\t\t\t\t\t\t\t<div class=\"elementor-swiper-button elementor-swiper-button-prev\" role=\"button\" tabindex=\"0\" aria-label=\"Anterior\">\n\t\t\t\t\t\t\t<svg aria-hidden=\"true\" class=\"e-font-icon-svg e-eicon-chevron-left\" viewBox=\"0 0 1000 1000\" xmlns=\"http:\/\/www.w3.org\/2000\/svg\"><path d=\"M646 125C629 125 613 133 604 142L308 442C296 454 292 471 292 487 292 504 296 521 308 533L604 854C617 867 629 875 646 875 663 875 679 871 692 858 704 846 713 829 713 812 713 796 708 779 692 767L438 487 692 225C700 217 708 204 708 187 708 171 704 154 692 142 675 129 663 125 646 125Z\"><\/path><\/svg>\t\t\t\t\t\t<\/div>\n\t\t\t\t\t\t<div class=\"elementor-swiper-button elementor-swiper-button-next\" role=\"button\" tabindex=\"0\" aria-label=\"Pr\u00f3ximo\">\n\t\t\t\t\t\t\t<svg aria-hidden=\"true\" class=\"e-font-icon-svg e-eicon-chevron-right\" viewBox=\"0 0 1000 1000\" xmlns=\"http:\/\/www.w3.org\/2000\/svg\"><path d=\"M696 533C708 521 713 504 713 487 713 471 708 454 696 446L400 146C388 133 375 125 354 125 338 125 325 129 313 142 300 154 292 171 292 187 292 204 296 221 308 233L563 492 304 771C292 783 288 800 288 817 288 833 296 850 308 863 321 871 338 875 354 875 371 875 388 867 400 854L696 533Z\"><\/path><\/svg>\t\t\t\t\t\t<\/div>\n\t\t\t\t\t\t\t\t\t\t\t\t\t\t\t\t\t<\/div>\n\t\t\t\t<\/div>\n\t\t\t\t\t\t\t\t<\/div>\n\t\t\t\t<\/div>\n\t\t\t\t\t<\/div>\n\t\t\t\t<\/div>\n\t\t\t\t<\/div>\n\t\t","protected":false},"excerpt":{"rendered":"<p>1918, onde tudo come\u00e7ou A hist\u00f3ria do Col\u00e9gio Cora\u00e7\u00e3o de Maria tem seu in\u00edcio em 1918, quando a Congrega\u00e7\u00e3o recebe o pedido do Bispo diocesano, D. Atico Eus\u00e9bio da Rocha, para fundar uma escola em Santa Maria, no Bairro Dores. A promessa de ent\u00e3o foi concretizada 15 anos mais tarde quando, no dia 20 de [&hellip;]<\/p>\n","protected":false},"author":1,"featured_media":0,"parent":0,"menu_order":0,"comment_status":"closed","ping_status":"closed","template":"","meta":{"_acf_changed":false,"footnotes":""},"class_list":["post-277","page","type-page","status-publish","hentry"],"acf":[],"yoast_head":"<!-- This site is optimized with the Yoast SEO plugin v26.3 - https:\/\/yoast.com\/wordpress\/plugins\/seo\/ -->\n<title>Sobre a Unidade de Educa\u00e7\u00e3o - Col\u00e9gio Cora\u00e7\u00e3o de Maria | Rede ICM<\/title>\n<meta name=\"robots\" content=\"index, follow, max-snippet:-1, max-image-preview:large, max-video-preview:-1\" \/>\n<link rel=\"canonical\" href=\"https:\/\/redeicm.org.br\/coracaodemaria\/sobre-a-unidade-de-educacao\/\" \/>\n<meta property=\"og:locale\" content=\"pt_BR\" \/>\n<meta property=\"og:type\" content=\"article\" \/>\n<meta property=\"og:title\" content=\"Sobre a Unidade de Educa\u00e7\u00e3o - Col\u00e9gio Cora\u00e7\u00e3o de Maria | Rede ICM\" \/>\n<meta property=\"og:description\" content=\"1918, onde tudo come\u00e7ou A hist\u00f3ria do Col\u00e9gio Cora\u00e7\u00e3o de Maria tem seu in\u00edcio em 1918, quando a Congrega\u00e7\u00e3o recebe o pedido do Bispo diocesano, D. Atico Eus\u00e9bio da Rocha, para fundar uma escola em Santa Maria, no Bairro Dores. A promessa de ent\u00e3o foi concretizada 15 anos mais tarde quando, no dia 20 de [&hellip;]\" \/>\n<meta property=\"og:url\" content=\"https:\/\/redeicm.org.br\/coracaodemaria\/sobre-a-unidade-de-educacao\/\" \/>\n<meta property=\"og:site_name\" content=\"Col\u00e9gio Cora\u00e7\u00e3o de Maria | Rede ICM\" \/>\n<meta property=\"article:modified_time\" content=\"2025-05-14T15:26:46+00:00\" \/>\n<meta property=\"og:image\" content=\"https:\/\/redeicm.org.br\/coracaodemaria\/wp-content\/uploads\/sites\/7\/2024\/09\/foto1-600x224-1.webp\" \/>\n\t<meta property=\"og:image:width\" content=\"600\" \/>\n\t<meta property=\"og:image:height\" content=\"224\" \/>\n\t<meta property=\"og:image:type\" content=\"image\/webp\" \/>\n<meta name=\"twitter:card\" content=\"summary_large_image\" \/>\n<meta name=\"twitter:label1\" content=\"Est. tempo de leitura\" \/>\n\t<meta name=\"twitter:data1\" content=\"4 minutos\" \/>\n<script type=\"application\/ld+json\" class=\"yoast-schema-graph\">{\"@context\":\"https:\/\/schema.org\",\"@graph\":[{\"@type\":\"WebPage\",\"@id\":\"https:\/\/redeicm.org.br\/coracaodemaria\/sobre-a-unidade-de-educacao\/\",\"url\":\"https:\/\/redeicm.org.br\/coracaodemaria\/sobre-a-unidade-de-educacao\/\",\"name\":\"Sobre a Unidade de Educa\u00e7\u00e3o - Col\u00e9gio Cora\u00e7\u00e3o de Maria | Rede ICM\",\"isPartOf\":{\"@id\":\"https:\/\/redeicm.org.br\/coracaodemaria\/#website\"},\"primaryImageOfPage\":{\"@id\":\"https:\/\/redeicm.org.br\/coracaodemaria\/sobre-a-unidade-de-educacao\/#primaryimage\"},\"image\":{\"@id\":\"https:\/\/redeicm.org.br\/coracaodemaria\/sobre-a-unidade-de-educacao\/#primaryimage\"},\"thumbnailUrl\":\"https:\/\/redeicm.org.br\/coracaodemaria\/wp-content\/uploads\/sites\/7\/2024\/09\/foto1-600x224-1.webp\",\"datePublished\":\"2024-09-18T22:05:07+00:00\",\"dateModified\":\"2025-05-14T15:26:46+00:00\",\"breadcrumb\":{\"@id\":\"https:\/\/redeicm.org.br\/coracaodemaria\/sobre-a-unidade-de-educacao\/#breadcrumb\"},\"inLanguage\":\"pt-BR\",\"potentialAction\":[{\"@type\":\"ReadAction\",\"target\":[\"https:\/\/redeicm.org.br\/coracaodemaria\/sobre-a-unidade-de-educacao\/\"]}]},{\"@type\":\"ImageObject\",\"inLanguage\":\"pt-BR\",\"@id\":\"https:\/\/redeicm.org.br\/coracaodemaria\/sobre-a-unidade-de-educacao\/#primaryimage\",\"url\":\"https:\/\/redeicm.org.br\/coracaodemaria\/wp-content\/uploads\/sites\/7\/2024\/09\/foto1-600x224-1.webp\",\"contentUrl\":\"https:\/\/redeicm.org.br\/coracaodemaria\/wp-content\/uploads\/sites\/7\/2024\/09\/foto1-600x224-1.webp\",\"width\":600,\"height\":224},{\"@type\":\"BreadcrumbList\",\"@id\":\"https:\/\/redeicm.org.br\/coracaodemaria\/sobre-a-unidade-de-educacao\/#breadcrumb\",\"itemListElement\":[{\"@type\":\"ListItem\",\"position\":1,\"name\":\"In\u00edcio\",\"item\":\"https:\/\/redeicm.org.br\/coracaodemaria\/\"},{\"@type\":\"ListItem\",\"position\":2,\"name\":\"Sobre a Unidade de Educa\u00e7\u00e3o\"}]},{\"@type\":\"WebSite\",\"@id\":\"https:\/\/redeicm.org.br\/coracaodemaria\/#website\",\"url\":\"https:\/\/redeicm.org.br\/coracaodemaria\/\",\"name\":\"Col\u00e9gio Cora\u00e7\u00e3o de Maria | Rede ICM\",\"description\":\"\",\"publisher\":{\"@id\":\"https:\/\/redeicm.org.br\/coracaodemaria\/#organization\"},\"potentialAction\":[{\"@type\":\"SearchAction\",\"target\":{\"@type\":\"EntryPoint\",\"urlTemplate\":\"https:\/\/redeicm.org.br\/coracaodemaria\/?s={search_term_string}\"},\"query-input\":{\"@type\":\"PropertyValueSpecification\",\"valueRequired\":true,\"valueName\":\"search_term_string\"}}],\"inLanguage\":\"pt-BR\"},{\"@type\":\"Organization\",\"@id\":\"https:\/\/redeicm.org.br\/coracaodemaria\/#organization\",\"name\":\"Col\u00e9gio Cora\u00e7\u00e3o de Maria | Rede ICM\",\"url\":\"https:\/\/redeicm.org.br\/coracaodemaria\/\",\"logo\":{\"@type\":\"ImageObject\",\"inLanguage\":\"pt-BR\",\"@id\":\"https:\/\/redeicm.org.br\/coracaodemaria\/#\/schema\/logo\/image\/\",\"url\":\"https:\/\/redeicm.org.br\/coracaodemaria\/wp-content\/uploads\/sites\/7\/2024\/08\/icm-educacao-coracao-de-maria-rs.webp\",\"contentUrl\":\"https:\/\/redeicm.org.br\/coracaodemaria\/wp-content\/uploads\/sites\/7\/2024\/08\/icm-educacao-coracao-de-maria-rs.webp\",\"width\":1024,\"height\":297,\"caption\":\"Col\u00e9gio Cora\u00e7\u00e3o de Maria | Rede ICM\"},\"image\":{\"@id\":\"https:\/\/redeicm.org.br\/coracaodemaria\/#\/schema\/logo\/image\/\"}}]}<\/script>\n<!-- \/ Yoast SEO plugin. -->","yoast_head_json":{"title":"Sobre a Unidade de Educa\u00e7\u00e3o - Col\u00e9gio Cora\u00e7\u00e3o de Maria | Rede ICM","robots":{"index":"index","follow":"follow","max-snippet":"max-snippet:-1","max-image-preview":"max-image-preview:large","max-video-preview":"max-video-preview:-1"},"canonical":"https:\/\/redeicm.org.br\/coracaodemaria\/sobre-a-unidade-de-educacao\/","og_locale":"pt_BR","og_type":"article","og_title":"Sobre a Unidade de Educa\u00e7\u00e3o - Col\u00e9gio Cora\u00e7\u00e3o de Maria | Rede ICM","og_description":"1918, onde tudo come\u00e7ou A hist\u00f3ria do Col\u00e9gio Cora\u00e7\u00e3o de Maria tem seu in\u00edcio em 1918, quando a Congrega\u00e7\u00e3o recebe o pedido do Bispo diocesano, D. Atico Eus\u00e9bio da Rocha, para fundar uma escola em Santa Maria, no Bairro Dores. A promessa de ent\u00e3o foi concretizada 15 anos mais tarde quando, no dia 20 de [&hellip;]","og_url":"https:\/\/redeicm.org.br\/coracaodemaria\/sobre-a-unidade-de-educacao\/","og_site_name":"Col\u00e9gio Cora\u00e7\u00e3o de Maria | Rede ICM","article_modified_time":"2025-05-14T15:26:46+00:00","og_image":[{"width":600,"height":224,"url":"https:\/\/redeicm.org.br\/coracaodemaria\/wp-content\/uploads\/sites\/7\/2024\/09\/foto1-600x224-1.webp","type":"image\/webp"}],"twitter_card":"summary_large_image","twitter_misc":{"Est. tempo de leitura":"4 minutos"},"schema":{"@context":"https:\/\/schema.org","@graph":[{"@type":"WebPage","@id":"https:\/\/redeicm.org.br\/coracaodemaria\/sobre-a-unidade-de-educacao\/","url":"https:\/\/redeicm.org.br\/coracaodemaria\/sobre-a-unidade-de-educacao\/","name":"Sobre a Unidade de Educa\u00e7\u00e3o - Col\u00e9gio Cora\u00e7\u00e3o de Maria | Rede ICM","isPartOf":{"@id":"https:\/\/redeicm.org.br\/coracaodemaria\/#website"},"primaryImageOfPage":{"@id":"https:\/\/redeicm.org.br\/coracaodemaria\/sobre-a-unidade-de-educacao\/#primaryimage"},"image":{"@id":"https:\/\/redeicm.org.br\/coracaodemaria\/sobre-a-unidade-de-educacao\/#primaryimage"},"thumbnailUrl":"https:\/\/redeicm.org.br\/coracaodemaria\/wp-content\/uploads\/sites\/7\/2024\/09\/foto1-600x224-1.webp","datePublished":"2024-09-18T22:05:07+00:00","dateModified":"2025-05-14T15:26:46+00:00","breadcrumb":{"@id":"https:\/\/redeicm.org.br\/coracaodemaria\/sobre-a-unidade-de-educacao\/#breadcrumb"},"inLanguage":"pt-BR","potentialAction":[{"@type":"ReadAction","target":["https:\/\/redeicm.org.br\/coracaodemaria\/sobre-a-unidade-de-educacao\/"]}]},{"@type":"ImageObject","inLanguage":"pt-BR","@id":"https:\/\/redeicm.org.br\/coracaodemaria\/sobre-a-unidade-de-educacao\/#primaryimage","url":"https:\/\/redeicm.org.br\/coracaodemaria\/wp-content\/uploads\/sites\/7\/2024\/09\/foto1-600x224-1.webp","contentUrl":"https:\/\/redeicm.org.br\/coracaodemaria\/wp-content\/uploads\/sites\/7\/2024\/09\/foto1-600x224-1.webp","width":600,"height":224},{"@type":"BreadcrumbList","@id":"https:\/\/redeicm.org.br\/coracaodemaria\/sobre-a-unidade-de-educacao\/#breadcrumb","itemListElement":[{"@type":"ListItem","position":1,"name":"In\u00edcio","item":"https:\/\/redeicm.org.br\/coracaodemaria\/"},{"@type":"ListItem","position":2,"name":"Sobre a Unidade de Educa\u00e7\u00e3o"}]},{"@type":"WebSite","@id":"https:\/\/redeicm.org.br\/coracaodemaria\/#website","url":"https:\/\/redeicm.org.br\/coracaodemaria\/","name":"Col\u00e9gio Cora\u00e7\u00e3o de Maria | Rede ICM","description":"","publisher":{"@id":"https:\/\/redeicm.org.br\/coracaodemaria\/#organization"},"potentialAction":[{"@type":"SearchAction","target":{"@type":"EntryPoint","urlTemplate":"https:\/\/redeicm.org.br\/coracaodemaria\/?s={search_term_string}"},"query-input":{"@type":"PropertyValueSpecification","valueRequired":true,"valueName":"search_term_string"}}],"inLanguage":"pt-BR"},{"@type":"Organization","@id":"https:\/\/redeicm.org.br\/coracaodemaria\/#organization","name":"Col\u00e9gio Cora\u00e7\u00e3o de Maria | Rede ICM","url":"https:\/\/redeicm.org.br\/coracaodemaria\/","logo":{"@type":"ImageObject","inLanguage":"pt-BR","@id":"https:\/\/redeicm.org.br\/coracaodemaria\/#\/schema\/logo\/image\/","url":"https:\/\/redeicm.org.br\/coracaodemaria\/wp-content\/uploads\/sites\/7\/2024\/08\/icm-educacao-coracao-de-maria-rs.webp","contentUrl":"https:\/\/redeicm.org.br\/coracaodemaria\/wp-content\/uploads\/sites\/7\/2024\/08\/icm-educacao-coracao-de-maria-rs.webp","width":1024,"height":297,"caption":"Col\u00e9gio Cora\u00e7\u00e3o de Maria | Rede ICM"},"image":{"@id":"https:\/\/redeicm.org.br\/coracaodemaria\/#\/schema\/logo\/image\/"}}]}},"_links":{"self":[{"href":"https:\/\/redeicm.org.br\/coracaodemaria\/wp-json\/wp\/v2\/pages\/277","targetHints":{"allow":["GET"]}}],"collection":[{"href":"https:\/\/redeicm.org.br\/coracaodemaria\/wp-json\/wp\/v2\/pages"}],"about":[{"href":"https:\/\/redeicm.org.br\/coracaodemaria\/wp-json\/wp\/v2\/types\/page"}],"author":[{"embeddable":true,"href":"https:\/\/redeicm.org.br\/coracaodemaria\/wp-json\/wp\/v2\/users\/1"}],"replies":[{"embeddable":true,"href":"https:\/\/redeicm.org.br\/coracaodemaria\/wp-json\/wp\/v2\/comments?post=277"}],"version-history":[{"count":3,"href":"https:\/\/redeicm.org.br\/coracaodemaria\/wp-json\/wp\/v2\/pages\/277\/revisions"}],"predecessor-version":[{"id":1062,"href":"https:\/\/redeicm.org.br\/coracaodemaria\/wp-json\/wp\/v2\/pages\/277\/revisions\/1062"}],"wp:attachment":[{"href":"https:\/\/redeicm.org.br\/coracaodemaria\/wp-json\/wp\/v2\/media?parent=277"}],"curies":[{"name":"wp","href":"https:\/\/api.w.org\/{rel}","templated":true}]}}