{"id":1521,"date":"2025-06-04T11:55:00","date_gmt":"2025-06-04T14:55:00","guid":{"rendered":"https:\/\/redeicm.org.br\/coracaodemaria\/?page_id=1521"},"modified":"2025-06-04T12:08:47","modified_gmt":"2025-06-04T15:08:47","slug":"estrutura","status":"publish","type":"page","link":"https:\/\/redeicm.org.br\/coracaodemaria\/estrutura\/","title":{"rendered":"Estrutura"},"content":{"rendered":"\t\t<div data-elementor-type=\"wp-page\" data-elementor-id=\"1521\" class=\"elementor elementor-1521\" data-elementor-post-type=\"page\">\n\t\t\t\t<div class=\"elementor-element elementor-element-8a61a87 e-flex e-con-boxed e-con e-parent\" data-id=\"8a61a87\" data-element_type=\"container\" data-e-type=\"container\" data-settings=\"{&quot;background_background&quot;:&quot;classic&quot;}\">\n\t\t\t\t\t<div class=\"e-con-inner\">\n\t\t\t\t<div class=\"elementor-element elementor-element-99ab04e elementor-widget elementor-widget-heading\" data-id=\"99ab04e\" data-element_type=\"widget\" data-e-type=\"widget\" data-widget_type=\"heading.default\">\n\t\t\t\t<div class=\"elementor-widget-container\">\n\t\t\t\t\t<h1 class=\"elementor-heading-title elementor-size-default\">Diferenciais\n<\/h1>\t\t\t\t<\/div>\n\t\t\t\t<\/div>\n\t\t\t\t\t<\/div>\n\t\t\t\t<\/div>\n\t\t<div class=\"elementor-element elementor-element-daa597d e-flex e-con-boxed e-con e-parent\" data-id=\"daa597d\" data-element_type=\"container\" data-e-type=\"container\">\n\t\t\t\t\t<div class=\"e-con-inner\">\n\t\t\t\t<div class=\"elementor-element elementor-element-9c115bc elementor-widget elementor-widget-heading\" data-id=\"9c115bc\" data-element_type=\"widget\" data-e-type=\"widget\" data-widget_type=\"heading.default\">\n\t\t\t\t<div class=\"elementor-widget-container\">\n\t\t\t\t\t<h2 class=\"elementor-heading-title elementor-size-default\">ESTRUTURA<\/h2>\t\t\t\t<\/div>\n\t\t\t\t<\/div>\n\t\t<div class=\"elementor-element elementor-element-63eb004 e-con-full e-flex elementor-invisible e-con e-child\" data-id=\"63eb004\" data-element_type=\"container\" data-e-type=\"container\" data-settings=\"{&quot;animation&quot;:&quot;fadeInUp&quot;}\">\n\t\t\t\t<div class=\"elementor-element elementor-element-49f7736 elementor-widget elementor-widget-text-editor\" data-id=\"49f7736\" data-element_type=\"widget\" data-e-type=\"widget\" data-widget_type=\"text-editor.default\">\n\t\t\t\t<div class=\"elementor-widget-container\">\n\t\t\t\t\t\t\t\t\t<p><span style=\"font-weight: 400\">Em 1933 iniciou a trajet\u00f3ria\u00a0 do Col\u00e9gio Cora\u00e7\u00e3o de Maria dedicada \u00e0 educa\u00e7\u00e3o. Hoje, <strong>contamos com uma estrutura voltada a promover educa\u00e7\u00e3o de excel\u00eancia e\u00a0 ao acolhimento.<\/strong> Confira\u00a0 os diferenciais da unidade educacional:<\/span><\/p><ul><li><span style=\"font-weight: 400\">Pr\u00e9dio Exclusivo para Educa\u00e7\u00e3o Infantil<\/span><\/li><li><span style=\"font-weight: 400\">Salas de Aula com Kit Multim\u00eddia completo<\/span><\/li><li><span style=\"font-weight: 400\">Pracinha Externa e Pracinha fechada climatizada<\/span><\/li><li><span style=\"font-weight: 400\">Laborat\u00f3rio de Matem\u00e1tica<\/span><\/li><li><span style=\"font-weight: 400\">Laborat\u00f3rio de Ci\u00eancias<\/span><\/li><li><span style=\"font-weight: 400\">Laborat\u00f3rio de Aprendizagem<\/span><\/li><li><span style=\"font-weight: 400\">Sala LIV &#8211; Laborat\u00f3rio Intelig\u00eancia de Vida<\/span><\/li><li><span style=\"font-weight: 400\">Estacionamento rotativo exclusivo para a Educa\u00e7\u00e3o Infantil<\/span><\/li><li><span style=\"font-weight: 400\">Embarque e desembarque dos estudantes<\/span><\/li><li><span style=\"font-weight: 400\">Geladeiras em salas de aula da Educa\u00e7\u00e3o Infantil<\/span><\/li><li><span style=\"font-weight: 400\">Cozinha para atividades de culin\u00e1ria<\/span><\/li><\/ul><div>\u00a0<\/div><div>\u00a0<\/div>\t\t\t\t\t\t\t\t<\/div>\n\t\t\t\t<\/div>\n\t\t\t\t<\/div>\n\t\t\t\t\t<\/div>\n\t\t\t\t<\/div>\n\t\t\t\t<\/div>\n\t\t","protected":false},"excerpt":{"rendered":"<p>Diferenciais ESTRUTURA Em 1933 iniciou a trajet\u00f3ria\u00a0 do Col\u00e9gio Cora\u00e7\u00e3o de Maria dedicada \u00e0 educa\u00e7\u00e3o. Hoje, contamos com uma estrutura voltada a promover educa\u00e7\u00e3o de excel\u00eancia e\u00a0 ao acolhimento. Confira\u00a0 os diferenciais da unidade educacional: Pr\u00e9dio Exclusivo para Educa\u00e7\u00e3o Infantil Salas de Aula com Kit Multim\u00eddia completo Pracinha Externa e Pracinha fechada climatizada Laborat\u00f3rio de [&hellip;]<\/p>\n","protected":false},"author":1,"featured_media":0,"parent":0,"menu_order":0,"comment_status":"closed","ping_status":"closed","template":"","meta":{"_acf_changed":false,"footnotes":""},"class_list":["post-1521","page","type-page","status-publish","hentry"],"acf":[],"yoast_head":"<!-- This site is optimized with the Yoast SEO plugin v26.3 - https:\/\/yoast.com\/wordpress\/plugins\/seo\/ -->\n<title>Estrutura - Col\u00e9gio Cora\u00e7\u00e3o de Maria | Rede ICM<\/title>\n<meta name=\"robots\" content=\"index, follow, max-snippet:-1, max-image-preview:large, max-video-preview:-1\" \/>\n<link rel=\"canonical\" href=\"https:\/\/redeicm.org.br\/coracaodemaria\/estrutura\/\" \/>\n<meta property=\"og:locale\" content=\"pt_BR\" \/>\n<meta property=\"og:type\" content=\"article\" \/>\n<meta property=\"og:title\" content=\"Estrutura - Col\u00e9gio Cora\u00e7\u00e3o de Maria | Rede ICM\" \/>\n<meta property=\"og:description\" content=\"Diferenciais ESTRUTURA Em 1933 iniciou a trajet\u00f3ria\u00a0 do Col\u00e9gio Cora\u00e7\u00e3o de Maria dedicada \u00e0 educa\u00e7\u00e3o. Hoje, contamos com uma estrutura voltada a promover educa\u00e7\u00e3o de excel\u00eancia e\u00a0 ao acolhimento. Confira\u00a0 os diferenciais da unidade educacional: Pr\u00e9dio Exclusivo para Educa\u00e7\u00e3o Infantil Salas de Aula com Kit Multim\u00eddia completo Pracinha Externa e Pracinha fechada climatizada Laborat\u00f3rio de [&hellip;]\" \/>\n<meta property=\"og:url\" content=\"https:\/\/redeicm.org.br\/coracaodemaria\/estrutura\/\" \/>\n<meta property=\"og:site_name\" content=\"Col\u00e9gio Cora\u00e7\u00e3o de Maria | Rede ICM\" \/>\n<meta property=\"article:modified_time\" content=\"2025-06-04T15:08:47+00:00\" \/>\n<meta name=\"twitter:card\" content=\"summary_large_image\" \/>\n<meta name=\"twitter:label1\" content=\"Est. tempo de leitura\" \/>\n\t<meta name=\"twitter:data1\" content=\"1 minuto\" \/>\n<script type=\"application\/ld+json\" class=\"yoast-schema-graph\">{\"@context\":\"https:\/\/schema.org\",\"@graph\":[{\"@type\":\"WebPage\",\"@id\":\"https:\/\/redeicm.org.br\/coracaodemaria\/estrutura\/\",\"url\":\"https:\/\/redeicm.org.br\/coracaodemaria\/estrutura\/\",\"name\":\"Estrutura - Col\u00e9gio Cora\u00e7\u00e3o de Maria | Rede ICM\",\"isPartOf\":{\"@id\":\"https:\/\/redeicm.org.br\/coracaodemaria\/#website\"},\"datePublished\":\"2025-06-04T14:55:00+00:00\",\"dateModified\":\"2025-06-04T15:08:47+00:00\",\"breadcrumb\":{\"@id\":\"https:\/\/redeicm.org.br\/coracaodemaria\/estrutura\/#breadcrumb\"},\"inLanguage\":\"pt-BR\",\"potentialAction\":[{\"@type\":\"ReadAction\",\"target\":[\"https:\/\/redeicm.org.br\/coracaodemaria\/estrutura\/\"]}]},{\"@type\":\"BreadcrumbList\",\"@id\":\"https:\/\/redeicm.org.br\/coracaodemaria\/estrutura\/#breadcrumb\",\"itemListElement\":[{\"@type\":\"ListItem\",\"position\":1,\"name\":\"In\u00edcio\",\"item\":\"https:\/\/redeicm.org.br\/coracaodemaria\/\"},{\"@type\":\"ListItem\",\"position\":2,\"name\":\"Estrutura\"}]},{\"@type\":\"WebSite\",\"@id\":\"https:\/\/redeicm.org.br\/coracaodemaria\/#website\",\"url\":\"https:\/\/redeicm.org.br\/coracaodemaria\/\",\"name\":\"Col\u00e9gio Cora\u00e7\u00e3o de Maria | Rede ICM\",\"description\":\"\",\"publisher\":{\"@id\":\"https:\/\/redeicm.org.br\/coracaodemaria\/#organization\"},\"potentialAction\":[{\"@type\":\"SearchAction\",\"target\":{\"@type\":\"EntryPoint\",\"urlTemplate\":\"https:\/\/redeicm.org.br\/coracaodemaria\/?s={search_term_string}\"},\"query-input\":{\"@type\":\"PropertyValueSpecification\",\"valueRequired\":true,\"valueName\":\"search_term_string\"}}],\"inLanguage\":\"pt-BR\"},{\"@type\":\"Organization\",\"@id\":\"https:\/\/redeicm.org.br\/coracaodemaria\/#organization\",\"name\":\"Col\u00e9gio Cora\u00e7\u00e3o de Maria | Rede ICM\",\"url\":\"https:\/\/redeicm.org.br\/coracaodemaria\/\",\"logo\":{\"@type\":\"ImageObject\",\"inLanguage\":\"pt-BR\",\"@id\":\"https:\/\/redeicm.org.br\/coracaodemaria\/#\/schema\/logo\/image\/\",\"url\":\"https:\/\/redeicm.org.br\/coracaodemaria\/wp-content\/uploads\/sites\/7\/2024\/08\/icm-educacao-coracao-de-maria-rs.webp\",\"contentUrl\":\"https:\/\/redeicm.org.br\/coracaodemaria\/wp-content\/uploads\/sites\/7\/2024\/08\/icm-educacao-coracao-de-maria-rs.webp\",\"width\":1024,\"height\":297,\"caption\":\"Col\u00e9gio Cora\u00e7\u00e3o de Maria | Rede ICM\"},\"image\":{\"@id\":\"https:\/\/redeicm.org.br\/coracaodemaria\/#\/schema\/logo\/image\/\"}}]}<\/script>\n<!-- \/ Yoast SEO plugin. -->","yoast_head_json":{"title":"Estrutura - Col\u00e9gio Cora\u00e7\u00e3o de Maria | Rede ICM","robots":{"index":"index","follow":"follow","max-snippet":"max-snippet:-1","max-image-preview":"max-image-preview:large","max-video-preview":"max-video-preview:-1"},"canonical":"https:\/\/redeicm.org.br\/coracaodemaria\/estrutura\/","og_locale":"pt_BR","og_type":"article","og_title":"Estrutura - Col\u00e9gio Cora\u00e7\u00e3o de Maria | Rede ICM","og_description":"Diferenciais ESTRUTURA Em 1933 iniciou a trajet\u00f3ria\u00a0 do Col\u00e9gio Cora\u00e7\u00e3o de Maria dedicada \u00e0 educa\u00e7\u00e3o. Hoje, contamos com uma estrutura voltada a promover educa\u00e7\u00e3o de excel\u00eancia e\u00a0 ao acolhimento. Confira\u00a0 os diferenciais da unidade educacional: Pr\u00e9dio Exclusivo para Educa\u00e7\u00e3o Infantil Salas de Aula com Kit Multim\u00eddia completo Pracinha Externa e Pracinha fechada climatizada Laborat\u00f3rio de [&hellip;]","og_url":"https:\/\/redeicm.org.br\/coracaodemaria\/estrutura\/","og_site_name":"Col\u00e9gio Cora\u00e7\u00e3o de Maria | Rede ICM","article_modified_time":"2025-06-04T15:08:47+00:00","twitter_card":"summary_large_image","twitter_misc":{"Est. tempo de leitura":"1 minuto"},"schema":{"@context":"https:\/\/schema.org","@graph":[{"@type":"WebPage","@id":"https:\/\/redeicm.org.br\/coracaodemaria\/estrutura\/","url":"https:\/\/redeicm.org.br\/coracaodemaria\/estrutura\/","name":"Estrutura - Col\u00e9gio Cora\u00e7\u00e3o de Maria | Rede ICM","isPartOf":{"@id":"https:\/\/redeicm.org.br\/coracaodemaria\/#website"},"datePublished":"2025-06-04T14:55:00+00:00","dateModified":"2025-06-04T15:08:47+00:00","breadcrumb":{"@id":"https:\/\/redeicm.org.br\/coracaodemaria\/estrutura\/#breadcrumb"},"inLanguage":"pt-BR","potentialAction":[{"@type":"ReadAction","target":["https:\/\/redeicm.org.br\/coracaodemaria\/estrutura\/"]}]},{"@type":"BreadcrumbList","@id":"https:\/\/redeicm.org.br\/coracaodemaria\/estrutura\/#breadcrumb","itemListElement":[{"@type":"ListItem","position":1,"name":"In\u00edcio","item":"https:\/\/redeicm.org.br\/coracaodemaria\/"},{"@type":"ListItem","position":2,"name":"Estrutura"}]},{"@type":"WebSite","@id":"https:\/\/redeicm.org.br\/coracaodemaria\/#website","url":"https:\/\/redeicm.org.br\/coracaodemaria\/","name":"Col\u00e9gio Cora\u00e7\u00e3o de Maria | Rede ICM","description":"","publisher":{"@id":"https:\/\/redeicm.org.br\/coracaodemaria\/#organization"},"potentialAction":[{"@type":"SearchAction","target":{"@type":"EntryPoint","urlTemplate":"https:\/\/redeicm.org.br\/coracaodemaria\/?s={search_term_string}"},"query-input":{"@type":"PropertyValueSpecification","valueRequired":true,"valueName":"search_term_string"}}],"inLanguage":"pt-BR"},{"@type":"Organization","@id":"https:\/\/redeicm.org.br\/coracaodemaria\/#organization","name":"Col\u00e9gio Cora\u00e7\u00e3o de Maria | Rede ICM","url":"https:\/\/redeicm.org.br\/coracaodemaria\/","logo":{"@type":"ImageObject","inLanguage":"pt-BR","@id":"https:\/\/redeicm.org.br\/coracaodemaria\/#\/schema\/logo\/image\/","url":"https:\/\/redeicm.org.br\/coracaodemaria\/wp-content\/uploads\/sites\/7\/2024\/08\/icm-educacao-coracao-de-maria-rs.webp","contentUrl":"https:\/\/redeicm.org.br\/coracaodemaria\/wp-content\/uploads\/sites\/7\/2024\/08\/icm-educacao-coracao-de-maria-rs.webp","width":1024,"height":297,"caption":"Col\u00e9gio Cora\u00e7\u00e3o de Maria | Rede ICM"},"image":{"@id":"https:\/\/redeicm.org.br\/coracaodemaria\/#\/schema\/logo\/image\/"}}]}},"_links":{"self":[{"href":"https:\/\/redeicm.org.br\/coracaodemaria\/wp-json\/wp\/v2\/pages\/1521","targetHints":{"allow":["GET"]}}],"collection":[{"href":"https:\/\/redeicm.org.br\/coracaodemaria\/wp-json\/wp\/v2\/pages"}],"about":[{"href":"https:\/\/redeicm.org.br\/coracaodemaria\/wp-json\/wp\/v2\/types\/page"}],"author":[{"embeddable":true,"href":"https:\/\/redeicm.org.br\/coracaodemaria\/wp-json\/wp\/v2\/users\/1"}],"replies":[{"embeddable":true,"href":"https:\/\/redeicm.org.br\/coracaodemaria\/wp-json\/wp\/v2\/comments?post=1521"}],"version-history":[{"count":7,"href":"https:\/\/redeicm.org.br\/coracaodemaria\/wp-json\/wp\/v2\/pages\/1521\/revisions"}],"predecessor-version":[{"id":1577,"href":"https:\/\/redeicm.org.br\/coracaodemaria\/wp-json\/wp\/v2\/pages\/1521\/revisions\/1577"}],"wp:attachment":[{"href":"https:\/\/redeicm.org.br\/coracaodemaria\/wp-json\/wp\/v2\/media?parent=1521"}],"curies":[{"name":"wp","href":"https:\/\/api.w.org\/{rel}","templated":true}]}}