{"id":1520,"date":"2025-06-04T11:54:57","date_gmt":"2025-06-04T14:54:57","guid":{"rendered":"https:\/\/redeicm.org.br\/coracaodemaria\/?page_id=1520"},"modified":"2025-06-04T12:08:33","modified_gmt":"2025-06-04T15:08:33","slug":"esporte","status":"publish","type":"page","link":"https:\/\/redeicm.org.br\/coracaodemaria\/esporte\/","title":{"rendered":"Esporte"},"content":{"rendered":"\t\t<div data-elementor-type=\"wp-page\" data-elementor-id=\"1520\" class=\"elementor elementor-1520\" data-elementor-post-type=\"page\">\n\t\t\t\t<div class=\"elementor-element elementor-element-8a61a87 e-flex e-con-boxed e-con e-parent\" data-id=\"8a61a87\" data-element_type=\"container\" data-e-type=\"container\" data-settings=\"{&quot;background_background&quot;:&quot;classic&quot;}\">\n\t\t\t\t\t<div class=\"e-con-inner\">\n\t\t\t\t<div class=\"elementor-element elementor-element-69b80f7 elementor-widget elementor-widget-heading\" data-id=\"69b80f7\" data-element_type=\"widget\" data-e-type=\"widget\" data-widget_type=\"heading.default\">\n\t\t\t\t<div class=\"elementor-widget-container\">\n\t\t\t\t\t<h1 class=\"elementor-heading-title elementor-size-default\">Diferenciais\n<\/h1>\t\t\t\t<\/div>\n\t\t\t\t<\/div>\n\t\t\t\t\t<\/div>\n\t\t\t\t<\/div>\n\t\t<div class=\"elementor-element elementor-element-60b619e e-flex e-con-boxed e-con e-parent\" data-id=\"60b619e\" data-element_type=\"container\" data-e-type=\"container\" data-settings=\"{&quot;background_background&quot;:&quot;gradient&quot;}\">\n\t\t\t\t\t<div class=\"e-con-inner\">\n\t\t\t\t<div class=\"elementor-element elementor-element-ffc854e elementor-widget elementor-widget-heading\" data-id=\"ffc854e\" data-element_type=\"widget\" data-e-type=\"widget\" data-widget_type=\"heading.default\">\n\t\t\t\t<div class=\"elementor-widget-container\">\n\t\t\t\t\t<h2 class=\"elementor-heading-title elementor-size-default\"><br>ESPORTE<\/h2>\t\t\t\t<\/div>\n\t\t\t\t<\/div>\n\t\t<div class=\"elementor-element elementor-element-41faa7b e-con-full e-flex elementor-invisible e-con e-child\" data-id=\"41faa7b\" data-element_type=\"container\" data-e-type=\"container\" data-settings=\"{&quot;animation&quot;:&quot;fadeInUp&quot;}\">\n\t\t\t\t<div class=\"elementor-element elementor-element-511f2bd elementor-widget elementor-widget-text-editor\" data-id=\"511f2bd\" data-element_type=\"widget\" data-e-type=\"widget\" data-widget_type=\"text-editor.default\">\n\t\t\t\t<div class=\"elementor-widget-container\">\n\t\t\t\t\t\t\t\t\t<p><span style=\"font-weight: 400\"><strong>O&nbsp; Col\u00e9gio Cora\u00e7\u00e3o de Maria&nbsp; incentiva e apoia&nbsp; as equipes esportivas.<\/strong> Os estudantes participam de diferentes atividades f\u00edsicas e l\u00fadicas nas aulas de Educa\u00e7\u00e3o F\u00edsica e&nbsp; s\u00e3o incentivados a integrarem as equipes desportivas do Col\u00e9gio, como: futsal, basquetebol e voleibol.&nbsp;<\/span><\/p>\n<p><span style=\"font-weight: 400\">O desenvolvimento das atividades tem como ponto referencial a proposta pedag\u00f3gica da Unidade Col\u00e9gio Cora\u00e7\u00e3o de Maria. Desta forma, a \u00eanfase est\u00e1 na forma\u00e7\u00e3o integral do ser humano, mesclando a competi\u00e7\u00e3o, a socializa\u00e7\u00e3o e a ludicidade.<\/span><\/p>\n<h4><b>EQUIPES CAMPE\u00c3S<\/b><\/h4>\n<p><span style=\"font-weight: 400\">A atua\u00e7\u00e3o do CCM no esporte foi reconhecida na cidade no decorrer dos anos. Em mar\u00e7o de 2025,&nbsp; os atletas de voleibol, futsal, patina\u00e7\u00e3o e gin\u00e1stica r\u00edtmica&nbsp; receberam premia\u00e7\u00f5es na cerim\u00f4nia dos Jogos Escolares de Santa Maria (JESMA) 2024.<\/span><\/p>\n<p><span style=\"font-weight: 400\">Destaques das Conquistas:<\/span><\/p>\n<ul>\n<li><span style=\"font-weight: 400\">Futsal (Categoria Mirim Masculina): Campe\u00e3o Geral na Chave das Escolas Particulares e Campe\u00e3o Geral do JESMA 2024.&nbsp;<\/span><\/li>\n<li><span style=\"font-weight: 400\">Futsal (Categoria Juvenil Masculina): Segundo lugar Geral na Chave das Escolas Particulares.<\/span><\/li>\n<li><span style=\"font-weight: 400\">Voleibol (Categoria Juvenil Masculina): Primeiro Lugar Geral na Chave das Escolas Particulares e Terceiro Lugar Geral do JESMA 2024.<\/span><\/li>\n<li><span style=\"font-weight: 400\">Patina\u00e7\u00e3o: 1\u00ba Lugar<\/span><\/li>\n<li><span style=\"font-weight: 400\">Gin\u00e1stica R\u00edtmica: 1\u00ba Lugar<\/span><\/li>\n<\/ul>\n<div>&nbsp;<\/div>\n<div>&nbsp;<\/div>\t\t\t\t\t\t\t\t<\/div>\n\t\t\t\t<\/div>\n\t\t\t\t<\/div>\n\t\t\t\t\t<\/div>\n\t\t\t\t<\/div>\n\t\t\t\t<\/div>\n\t\t","protected":false},"excerpt":{"rendered":"<p>Diferenciais ESPORTE O&nbsp; Col\u00e9gio Cora\u00e7\u00e3o de Maria&nbsp; incentiva e apoia&nbsp; as equipes esportivas. Os estudantes participam de diferentes atividades f\u00edsicas e l\u00fadicas nas aulas de Educa\u00e7\u00e3o F\u00edsica e&nbsp; s\u00e3o incentivados a integrarem as equipes desportivas do Col\u00e9gio, como: futsal, basquetebol e voleibol.&nbsp; O desenvolvimento das atividades tem como ponto referencial a proposta pedag\u00f3gica da Unidade [&hellip;]<\/p>\n","protected":false},"author":1,"featured_media":0,"parent":0,"menu_order":0,"comment_status":"closed","ping_status":"closed","template":"","meta":{"_acf_changed":false,"footnotes":""},"class_list":["post-1520","page","type-page","status-publish","hentry"],"acf":[],"yoast_head":"<!-- This site is optimized with the Yoast SEO plugin v26.3 - https:\/\/yoast.com\/wordpress\/plugins\/seo\/ -->\n<title>Esporte - Col\u00e9gio Cora\u00e7\u00e3o de Maria | Rede ICM<\/title>\n<meta name=\"robots\" content=\"index, follow, max-snippet:-1, max-image-preview:large, max-video-preview:-1\" \/>\n<link rel=\"canonical\" href=\"https:\/\/redeicm.org.br\/coracaodemaria\/esporte\/\" \/>\n<meta property=\"og:locale\" content=\"pt_BR\" \/>\n<meta property=\"og:type\" content=\"article\" \/>\n<meta property=\"og:title\" content=\"Esporte - Col\u00e9gio Cora\u00e7\u00e3o de Maria | Rede ICM\" \/>\n<meta property=\"og:description\" content=\"Diferenciais ESPORTE O&nbsp; Col\u00e9gio Cora\u00e7\u00e3o de Maria&nbsp; incentiva e apoia&nbsp; as equipes esportivas. Os estudantes participam de diferentes atividades f\u00edsicas e l\u00fadicas nas aulas de Educa\u00e7\u00e3o F\u00edsica e&nbsp; s\u00e3o incentivados a integrarem as equipes desportivas do Col\u00e9gio, como: futsal, basquetebol e voleibol.&nbsp; O desenvolvimento das atividades tem como ponto referencial a proposta pedag\u00f3gica da Unidade [&hellip;]\" \/>\n<meta property=\"og:url\" content=\"https:\/\/redeicm.org.br\/coracaodemaria\/esporte\/\" \/>\n<meta property=\"og:site_name\" content=\"Col\u00e9gio Cora\u00e7\u00e3o de Maria | Rede ICM\" \/>\n<meta property=\"article:modified_time\" content=\"2025-06-04T15:08:33+00:00\" \/>\n<meta name=\"twitter:card\" content=\"summary_large_image\" \/>\n<meta name=\"twitter:label1\" content=\"Est. tempo de leitura\" \/>\n\t<meta name=\"twitter:data1\" content=\"1 minuto\" \/>\n<script type=\"application\/ld+json\" class=\"yoast-schema-graph\">{\"@context\":\"https:\/\/schema.org\",\"@graph\":[{\"@type\":\"WebPage\",\"@id\":\"https:\/\/redeicm.org.br\/coracaodemaria\/esporte\/\",\"url\":\"https:\/\/redeicm.org.br\/coracaodemaria\/esporte\/\",\"name\":\"Esporte - Col\u00e9gio Cora\u00e7\u00e3o de Maria | Rede ICM\",\"isPartOf\":{\"@id\":\"https:\/\/redeicm.org.br\/coracaodemaria\/#website\"},\"datePublished\":\"2025-06-04T14:54:57+00:00\",\"dateModified\":\"2025-06-04T15:08:33+00:00\",\"breadcrumb\":{\"@id\":\"https:\/\/redeicm.org.br\/coracaodemaria\/esporte\/#breadcrumb\"},\"inLanguage\":\"pt-BR\",\"potentialAction\":[{\"@type\":\"ReadAction\",\"target\":[\"https:\/\/redeicm.org.br\/coracaodemaria\/esporte\/\"]}]},{\"@type\":\"BreadcrumbList\",\"@id\":\"https:\/\/redeicm.org.br\/coracaodemaria\/esporte\/#breadcrumb\",\"itemListElement\":[{\"@type\":\"ListItem\",\"position\":1,\"name\":\"In\u00edcio\",\"item\":\"https:\/\/redeicm.org.br\/coracaodemaria\/\"},{\"@type\":\"ListItem\",\"position\":2,\"name\":\"Esporte\"}]},{\"@type\":\"WebSite\",\"@id\":\"https:\/\/redeicm.org.br\/coracaodemaria\/#website\",\"url\":\"https:\/\/redeicm.org.br\/coracaodemaria\/\",\"name\":\"Col\u00e9gio Cora\u00e7\u00e3o de Maria | Rede ICM\",\"description\":\"\",\"publisher\":{\"@id\":\"https:\/\/redeicm.org.br\/coracaodemaria\/#organization\"},\"potentialAction\":[{\"@type\":\"SearchAction\",\"target\":{\"@type\":\"EntryPoint\",\"urlTemplate\":\"https:\/\/redeicm.org.br\/coracaodemaria\/?s={search_term_string}\"},\"query-input\":{\"@type\":\"PropertyValueSpecification\",\"valueRequired\":true,\"valueName\":\"search_term_string\"}}],\"inLanguage\":\"pt-BR\"},{\"@type\":\"Organization\",\"@id\":\"https:\/\/redeicm.org.br\/coracaodemaria\/#organization\",\"name\":\"Col\u00e9gio Cora\u00e7\u00e3o de Maria | Rede ICM\",\"url\":\"https:\/\/redeicm.org.br\/coracaodemaria\/\",\"logo\":{\"@type\":\"ImageObject\",\"inLanguage\":\"pt-BR\",\"@id\":\"https:\/\/redeicm.org.br\/coracaodemaria\/#\/schema\/logo\/image\/\",\"url\":\"https:\/\/redeicm.org.br\/coracaodemaria\/wp-content\/uploads\/sites\/7\/2024\/08\/icm-educacao-coracao-de-maria-rs.webp\",\"contentUrl\":\"https:\/\/redeicm.org.br\/coracaodemaria\/wp-content\/uploads\/sites\/7\/2024\/08\/icm-educacao-coracao-de-maria-rs.webp\",\"width\":1024,\"height\":297,\"caption\":\"Col\u00e9gio Cora\u00e7\u00e3o de Maria | Rede ICM\"},\"image\":{\"@id\":\"https:\/\/redeicm.org.br\/coracaodemaria\/#\/schema\/logo\/image\/\"}}]}<\/script>\n<!-- \/ Yoast SEO plugin. -->","yoast_head_json":{"title":"Esporte - Col\u00e9gio Cora\u00e7\u00e3o de Maria | Rede ICM","robots":{"index":"index","follow":"follow","max-snippet":"max-snippet:-1","max-image-preview":"max-image-preview:large","max-video-preview":"max-video-preview:-1"},"canonical":"https:\/\/redeicm.org.br\/coracaodemaria\/esporte\/","og_locale":"pt_BR","og_type":"article","og_title":"Esporte - Col\u00e9gio Cora\u00e7\u00e3o de Maria | Rede ICM","og_description":"Diferenciais ESPORTE O&nbsp; Col\u00e9gio Cora\u00e7\u00e3o de Maria&nbsp; incentiva e apoia&nbsp; as equipes esportivas. Os estudantes participam de diferentes atividades f\u00edsicas e l\u00fadicas nas aulas de Educa\u00e7\u00e3o F\u00edsica e&nbsp; s\u00e3o incentivados a integrarem as equipes desportivas do Col\u00e9gio, como: futsal, basquetebol e voleibol.&nbsp; O desenvolvimento das atividades tem como ponto referencial a proposta pedag\u00f3gica da Unidade [&hellip;]","og_url":"https:\/\/redeicm.org.br\/coracaodemaria\/esporte\/","og_site_name":"Col\u00e9gio Cora\u00e7\u00e3o de Maria | Rede ICM","article_modified_time":"2025-06-04T15:08:33+00:00","twitter_card":"summary_large_image","twitter_misc":{"Est. tempo de leitura":"1 minuto"},"schema":{"@context":"https:\/\/schema.org","@graph":[{"@type":"WebPage","@id":"https:\/\/redeicm.org.br\/coracaodemaria\/esporte\/","url":"https:\/\/redeicm.org.br\/coracaodemaria\/esporte\/","name":"Esporte - Col\u00e9gio Cora\u00e7\u00e3o de Maria | Rede ICM","isPartOf":{"@id":"https:\/\/redeicm.org.br\/coracaodemaria\/#website"},"datePublished":"2025-06-04T14:54:57+00:00","dateModified":"2025-06-04T15:08:33+00:00","breadcrumb":{"@id":"https:\/\/redeicm.org.br\/coracaodemaria\/esporte\/#breadcrumb"},"inLanguage":"pt-BR","potentialAction":[{"@type":"ReadAction","target":["https:\/\/redeicm.org.br\/coracaodemaria\/esporte\/"]}]},{"@type":"BreadcrumbList","@id":"https:\/\/redeicm.org.br\/coracaodemaria\/esporte\/#breadcrumb","itemListElement":[{"@type":"ListItem","position":1,"name":"In\u00edcio","item":"https:\/\/redeicm.org.br\/coracaodemaria\/"},{"@type":"ListItem","position":2,"name":"Esporte"}]},{"@type":"WebSite","@id":"https:\/\/redeicm.org.br\/coracaodemaria\/#website","url":"https:\/\/redeicm.org.br\/coracaodemaria\/","name":"Col\u00e9gio Cora\u00e7\u00e3o de Maria | Rede ICM","description":"","publisher":{"@id":"https:\/\/redeicm.org.br\/coracaodemaria\/#organization"},"potentialAction":[{"@type":"SearchAction","target":{"@type":"EntryPoint","urlTemplate":"https:\/\/redeicm.org.br\/coracaodemaria\/?s={search_term_string}"},"query-input":{"@type":"PropertyValueSpecification","valueRequired":true,"valueName":"search_term_string"}}],"inLanguage":"pt-BR"},{"@type":"Organization","@id":"https:\/\/redeicm.org.br\/coracaodemaria\/#organization","name":"Col\u00e9gio Cora\u00e7\u00e3o de Maria | Rede ICM","url":"https:\/\/redeicm.org.br\/coracaodemaria\/","logo":{"@type":"ImageObject","inLanguage":"pt-BR","@id":"https:\/\/redeicm.org.br\/coracaodemaria\/#\/schema\/logo\/image\/","url":"https:\/\/redeicm.org.br\/coracaodemaria\/wp-content\/uploads\/sites\/7\/2024\/08\/icm-educacao-coracao-de-maria-rs.webp","contentUrl":"https:\/\/redeicm.org.br\/coracaodemaria\/wp-content\/uploads\/sites\/7\/2024\/08\/icm-educacao-coracao-de-maria-rs.webp","width":1024,"height":297,"caption":"Col\u00e9gio Cora\u00e7\u00e3o de Maria | Rede ICM"},"image":{"@id":"https:\/\/redeicm.org.br\/coracaodemaria\/#\/schema\/logo\/image\/"}}]}},"_links":{"self":[{"href":"https:\/\/redeicm.org.br\/coracaodemaria\/wp-json\/wp\/v2\/pages\/1520","targetHints":{"allow":["GET"]}}],"collection":[{"href":"https:\/\/redeicm.org.br\/coracaodemaria\/wp-json\/wp\/v2\/pages"}],"about":[{"href":"https:\/\/redeicm.org.br\/coracaodemaria\/wp-json\/wp\/v2\/types\/page"}],"author":[{"embeddable":true,"href":"https:\/\/redeicm.org.br\/coracaodemaria\/wp-json\/wp\/v2\/users\/1"}],"replies":[{"embeddable":true,"href":"https:\/\/redeicm.org.br\/coracaodemaria\/wp-json\/wp\/v2\/comments?post=1520"}],"version-history":[{"count":7,"href":"https:\/\/redeicm.org.br\/coracaodemaria\/wp-json\/wp\/v2\/pages\/1520\/revisions"}],"predecessor-version":[{"id":1574,"href":"https:\/\/redeicm.org.br\/coracaodemaria\/wp-json\/wp\/v2\/pages\/1520\/revisions\/1574"}],"wp:attachment":[{"href":"https:\/\/redeicm.org.br\/coracaodemaria\/wp-json\/wp\/v2\/media?parent=1520"}],"curies":[{"name":"wp","href":"https:\/\/api.w.org\/{rel}","templated":true}]}}