{"id":1519,"date":"2025-06-04T11:54:54","date_gmt":"2025-06-04T14:54:54","guid":{"rendered":"https:\/\/redeicm.org.br\/coracaodemaria\/?page_id=1519"},"modified":"2025-06-04T12:08:23","modified_gmt":"2025-06-04T15:08:23","slug":"educacao-de-excelencia","status":"publish","type":"page","link":"https:\/\/redeicm.org.br\/coracaodemaria\/educacao-de-excelencia\/","title":{"rendered":"Educa\u00e7\u00e3o de Excel\u00eancia"},"content":{"rendered":"\t\t<div data-elementor-type=\"wp-page\" data-elementor-id=\"1519\" class=\"elementor elementor-1519\" data-elementor-post-type=\"page\">\n\t\t\t\t<div class=\"elementor-element elementor-element-8a61a87 e-flex e-con-boxed e-con e-parent\" data-id=\"8a61a87\" data-element_type=\"container\" data-e-type=\"container\" data-settings=\"{&quot;background_background&quot;:&quot;classic&quot;}\">\n\t\t\t\t\t<div class=\"e-con-inner\">\n\t\t\t\t<div class=\"elementor-element elementor-element-7bbe94d elementor-widget elementor-widget-heading\" data-id=\"7bbe94d\" data-element_type=\"widget\" data-e-type=\"widget\" data-widget_type=\"heading.default\">\n\t\t\t\t<div class=\"elementor-widget-container\">\n\t\t\t\t\t<h1 class=\"elementor-heading-title elementor-size-default\">Diferenciais\n<\/h1>\t\t\t\t<\/div>\n\t\t\t\t<\/div>\n\t\t\t\t\t<\/div>\n\t\t\t\t<\/div>\n\t\t<div class=\"elementor-element elementor-element-ec9e2ff e-flex e-con-boxed e-con e-parent\" data-id=\"ec9e2ff\" data-element_type=\"container\" data-e-type=\"container\">\n\t\t\t\t\t<div class=\"e-con-inner\">\n\t\t\t\t<div class=\"elementor-element elementor-element-6959c68 elementor-widget elementor-widget-heading\" data-id=\"6959c68\" data-element_type=\"widget\" data-e-type=\"widget\" data-widget_type=\"heading.default\">\n\t\t\t\t<div class=\"elementor-widget-container\">\n\t\t\t\t\t<h2 class=\"elementor-heading-title elementor-size-default\"><br>EDUCA\u00c7\u00c3O DE EXCEL\u00caNCIA<\/h2>\t\t\t\t<\/div>\n\t\t\t\t<\/div>\n\t\t<div class=\"elementor-element elementor-element-0c6b471 e-con-full e-flex elementor-invisible e-con e-child\" data-id=\"0c6b471\" data-element_type=\"container\" data-e-type=\"container\" data-settings=\"{&quot;animation&quot;:&quot;fadeInUp&quot;}\">\n\t\t\t\t<div class=\"elementor-element elementor-element-344600a elementor-widget elementor-widget-text-editor\" data-id=\"344600a\" data-element_type=\"widget\" data-e-type=\"widget\" data-widget_type=\"text-editor.default\">\n\t\t\t\t<div class=\"elementor-widget-container\">\n\t\t\t\t\t\t\t\t\t<p><span style=\"font-weight: 400\"><strong>O Col\u00e9gio Cora\u00e7\u00e3o de Maria traz um fazer educativo que favorece a constru\u00e7\u00e3o do conhecimento e do desenvolvimento humano, cient\u00edfico, tecnol\u00f3gico e espiritual.<\/strong> Assim, contribui para a forma\u00e7\u00e3o de cidad\u00e3os capazes de analisar, compreender, posicionar-se e intervir na realidade.<\/span><\/p><p><span style=\"font-weight: 400\">Voltado \u00e0 educa\u00e7\u00e3o de excel\u00eancia, que prioriza a vida e a ci\u00eancia, o CCM possui parceiros de ensino que s\u00e3o reconhecidos no pa\u00eds pela performance, inova\u00e7\u00e3o e transforma\u00e7\u00e3o da Educa\u00e7\u00e3o.<\/span><\/p><p><b>Conhe\u00e7a os programas adotados no Col\u00e9gio:<\/b><\/p><ul><li><a href=\"https:\/\/saseducacao.com.br\/\"><b>Sistema de Ensino SAS:<\/b><\/a><span style=\"font-weight: 400\"> uma das mais importantes plataformas de educa\u00e7\u00e3o do pa\u00eds.\u00a0<\/span><\/li><li><a href=\"https:\/\/www.inteligenciadevida.com.br\/pt\/\"><b>Laborat\u00f3rio Intelig\u00eancia de Vida (LIV): <\/b><\/a><span style=\"font-weight: 400\">programa de educa\u00e7\u00e3o socioemocional.<\/span><\/li><li><a href=\"https:\/\/internationalschool.global\/\"><b>International School:<\/b><\/a><span style=\"font-weight: 400\"> eleito o melhor programa bil\u00edngue do Brasil por oito vezes. Est\u00e1 presente da Educa\u00e7\u00e3o Infantil aos Anos Iniciais no CCM.\u00a0<\/span><\/li><li><a href=\"https:\/\/www.udpglobal.com\/\"><b>UDP Bilingual Program:<\/b><\/a> <span style=\"font-weight: 400\">o programa bil\u00edngue da\u00a0University of Dayton Publishing (UDP)\u00a0\u00e9 aplicado nos Anos Finais do CCM.\u00a0<\/span><\/li><li><a href=\"https:\/\/www.codificaedu.com.br\/\"><b>CODIFICA<\/b><\/a><span style=\"font-weight: 400\">: programa educacional voltado a tecnologia\u00a0 e pensamento educacional. \u00c9 aplicado nos Anos Finais no Col\u00e9gio.\u00a0<\/span><\/li><li><a href=\"https:\/\/www.matific.com\/bra\/pt-br\/home\/\"><b>Matific:<\/b><\/a> <span style=\"font-weight: 400\">plataforma que oferece uma experi\u00eancia matem\u00e1tica divertida e envolvente.\u00a0<\/span><\/li><li><a href=\"https:\/\/www.elefanteletrado.com.br\/\"><b>Elefante<\/b><b> Letrado:<\/b><\/a> <span style=\"font-weight: 400\">plataforma de leitura que apoia a promo\u00e7\u00e3o do h\u00e1bito da leitura e das habilidades de compreens\u00e3o leitora.<\/span><\/li><li><a href=\"https:\/\/www.arvore.com.br\/\"><b>\u00c1rvore<\/b><\/a><b>:<\/b><span style=\"font-weight: 400\"> plataforma gamificada de leitura que incentiva o prazer em aprender.<\/span><\/li><li><a href=\"https:\/\/evolucional.com.br\/\"><b>Evolucional:<\/b><\/a> <span style=\"font-weight: 400\">atua em avalia\u00e7\u00f5es, simulados e indicadores educacionais.\u00a0<\/span><\/li><li><a href=\"https:\/\/www.smeducacao.com.br\/\"><b>SM Editora:<\/b><\/a><span style=\"font-weight: 400\"> Livro de Ensino Religioso.<\/span><\/li><\/ul><div>\u00a0<\/div>\t\t\t\t\t\t\t\t<\/div>\n\t\t\t\t<\/div>\n\t\t\t\t<\/div>\n\t\t\t\t\t<\/div>\n\t\t\t\t<\/div>\n\t\t\t\t<\/div>\n\t\t","protected":false},"excerpt":{"rendered":"<p>Diferenciais EDUCA\u00c7\u00c3O DE EXCEL\u00caNCIA O Col\u00e9gio Cora\u00e7\u00e3o de Maria traz um fazer educativo que favorece a constru\u00e7\u00e3o do conhecimento e do desenvolvimento humano, cient\u00edfico, tecnol\u00f3gico e espiritual. Assim, contribui para a forma\u00e7\u00e3o de cidad\u00e3os capazes de analisar, compreender, posicionar-se e intervir na realidade. Voltado \u00e0 educa\u00e7\u00e3o de excel\u00eancia, que prioriza a vida e a ci\u00eancia, [&hellip;]<\/p>\n","protected":false},"author":1,"featured_media":0,"parent":0,"menu_order":0,"comment_status":"closed","ping_status":"closed","template":"","meta":{"_acf_changed":false,"footnotes":""},"class_list":["post-1519","page","type-page","status-publish","hentry"],"acf":[],"yoast_head":"<!-- This site is optimized with the Yoast SEO plugin v26.3 - https:\/\/yoast.com\/wordpress\/plugins\/seo\/ -->\n<title>Educa\u00e7\u00e3o de Excel\u00eancia - Col\u00e9gio Cora\u00e7\u00e3o de Maria | Rede ICM<\/title>\n<meta name=\"robots\" content=\"index, follow, max-snippet:-1, max-image-preview:large, max-video-preview:-1\" \/>\n<link rel=\"canonical\" href=\"https:\/\/redeicm.org.br\/coracaodemaria\/educacao-de-excelencia\/\" \/>\n<meta property=\"og:locale\" content=\"pt_BR\" \/>\n<meta property=\"og:type\" content=\"article\" \/>\n<meta property=\"og:title\" content=\"Educa\u00e7\u00e3o de Excel\u00eancia - Col\u00e9gio Cora\u00e7\u00e3o de Maria | Rede ICM\" \/>\n<meta property=\"og:description\" content=\"Diferenciais EDUCA\u00c7\u00c3O DE EXCEL\u00caNCIA O Col\u00e9gio Cora\u00e7\u00e3o de Maria traz um fazer educativo que favorece a constru\u00e7\u00e3o do conhecimento e do desenvolvimento humano, cient\u00edfico, tecnol\u00f3gico e espiritual. Assim, contribui para a forma\u00e7\u00e3o de cidad\u00e3os capazes de analisar, compreender, posicionar-se e intervir na realidade. Voltado \u00e0 educa\u00e7\u00e3o de excel\u00eancia, que prioriza a vida e a ci\u00eancia, [&hellip;]\" \/>\n<meta property=\"og:url\" content=\"https:\/\/redeicm.org.br\/coracaodemaria\/educacao-de-excelencia\/\" \/>\n<meta property=\"og:site_name\" content=\"Col\u00e9gio Cora\u00e7\u00e3o de Maria | Rede ICM\" \/>\n<meta property=\"article:modified_time\" content=\"2025-06-04T15:08:23+00:00\" \/>\n<meta name=\"twitter:card\" content=\"summary_large_image\" \/>\n<meta name=\"twitter:label1\" content=\"Est. tempo de leitura\" \/>\n\t<meta name=\"twitter:data1\" content=\"2 minutos\" \/>\n<script type=\"application\/ld+json\" class=\"yoast-schema-graph\">{\"@context\":\"https:\/\/schema.org\",\"@graph\":[{\"@type\":\"WebPage\",\"@id\":\"https:\/\/redeicm.org.br\/coracaodemaria\/educacao-de-excelencia\/\",\"url\":\"https:\/\/redeicm.org.br\/coracaodemaria\/educacao-de-excelencia\/\",\"name\":\"Educa\u00e7\u00e3o de Excel\u00eancia - Col\u00e9gio Cora\u00e7\u00e3o de Maria | Rede ICM\",\"isPartOf\":{\"@id\":\"https:\/\/redeicm.org.br\/coracaodemaria\/#website\"},\"datePublished\":\"2025-06-04T14:54:54+00:00\",\"dateModified\":\"2025-06-04T15:08:23+00:00\",\"breadcrumb\":{\"@id\":\"https:\/\/redeicm.org.br\/coracaodemaria\/educacao-de-excelencia\/#breadcrumb\"},\"inLanguage\":\"pt-BR\",\"potentialAction\":[{\"@type\":\"ReadAction\",\"target\":[\"https:\/\/redeicm.org.br\/coracaodemaria\/educacao-de-excelencia\/\"]}]},{\"@type\":\"BreadcrumbList\",\"@id\":\"https:\/\/redeicm.org.br\/coracaodemaria\/educacao-de-excelencia\/#breadcrumb\",\"itemListElement\":[{\"@type\":\"ListItem\",\"position\":1,\"name\":\"In\u00edcio\",\"item\":\"https:\/\/redeicm.org.br\/coracaodemaria\/\"},{\"@type\":\"ListItem\",\"position\":2,\"name\":\"Educa\u00e7\u00e3o de Excel\u00eancia\"}]},{\"@type\":\"WebSite\",\"@id\":\"https:\/\/redeicm.org.br\/coracaodemaria\/#website\",\"url\":\"https:\/\/redeicm.org.br\/coracaodemaria\/\",\"name\":\"Col\u00e9gio Cora\u00e7\u00e3o de Maria | Rede ICM\",\"description\":\"\",\"publisher\":{\"@id\":\"https:\/\/redeicm.org.br\/coracaodemaria\/#organization\"},\"potentialAction\":[{\"@type\":\"SearchAction\",\"target\":{\"@type\":\"EntryPoint\",\"urlTemplate\":\"https:\/\/redeicm.org.br\/coracaodemaria\/?s={search_term_string}\"},\"query-input\":{\"@type\":\"PropertyValueSpecification\",\"valueRequired\":true,\"valueName\":\"search_term_string\"}}],\"inLanguage\":\"pt-BR\"},{\"@type\":\"Organization\",\"@id\":\"https:\/\/redeicm.org.br\/coracaodemaria\/#organization\",\"name\":\"Col\u00e9gio Cora\u00e7\u00e3o de Maria | Rede ICM\",\"url\":\"https:\/\/redeicm.org.br\/coracaodemaria\/\",\"logo\":{\"@type\":\"ImageObject\",\"inLanguage\":\"pt-BR\",\"@id\":\"https:\/\/redeicm.org.br\/coracaodemaria\/#\/schema\/logo\/image\/\",\"url\":\"https:\/\/redeicm.org.br\/coracaodemaria\/wp-content\/uploads\/sites\/7\/2024\/08\/icm-educacao-coracao-de-maria-rs.webp\",\"contentUrl\":\"https:\/\/redeicm.org.br\/coracaodemaria\/wp-content\/uploads\/sites\/7\/2024\/08\/icm-educacao-coracao-de-maria-rs.webp\",\"width\":1024,\"height\":297,\"caption\":\"Col\u00e9gio Cora\u00e7\u00e3o de Maria | Rede ICM\"},\"image\":{\"@id\":\"https:\/\/redeicm.org.br\/coracaodemaria\/#\/schema\/logo\/image\/\"}}]}<\/script>\n<!-- \/ Yoast SEO plugin. -->","yoast_head_json":{"title":"Educa\u00e7\u00e3o de Excel\u00eancia - Col\u00e9gio Cora\u00e7\u00e3o de Maria | Rede ICM","robots":{"index":"index","follow":"follow","max-snippet":"max-snippet:-1","max-image-preview":"max-image-preview:large","max-video-preview":"max-video-preview:-1"},"canonical":"https:\/\/redeicm.org.br\/coracaodemaria\/educacao-de-excelencia\/","og_locale":"pt_BR","og_type":"article","og_title":"Educa\u00e7\u00e3o de Excel\u00eancia - Col\u00e9gio Cora\u00e7\u00e3o de Maria | Rede ICM","og_description":"Diferenciais EDUCA\u00c7\u00c3O DE EXCEL\u00caNCIA O Col\u00e9gio Cora\u00e7\u00e3o de Maria traz um fazer educativo que favorece a constru\u00e7\u00e3o do conhecimento e do desenvolvimento humano, cient\u00edfico, tecnol\u00f3gico e espiritual. Assim, contribui para a forma\u00e7\u00e3o de cidad\u00e3os capazes de analisar, compreender, posicionar-se e intervir na realidade. Voltado \u00e0 educa\u00e7\u00e3o de excel\u00eancia, que prioriza a vida e a ci\u00eancia, [&hellip;]","og_url":"https:\/\/redeicm.org.br\/coracaodemaria\/educacao-de-excelencia\/","og_site_name":"Col\u00e9gio Cora\u00e7\u00e3o de Maria | Rede ICM","article_modified_time":"2025-06-04T15:08:23+00:00","twitter_card":"summary_large_image","twitter_misc":{"Est. tempo de leitura":"2 minutos"},"schema":{"@context":"https:\/\/schema.org","@graph":[{"@type":"WebPage","@id":"https:\/\/redeicm.org.br\/coracaodemaria\/educacao-de-excelencia\/","url":"https:\/\/redeicm.org.br\/coracaodemaria\/educacao-de-excelencia\/","name":"Educa\u00e7\u00e3o de Excel\u00eancia - Col\u00e9gio Cora\u00e7\u00e3o de Maria | Rede ICM","isPartOf":{"@id":"https:\/\/redeicm.org.br\/coracaodemaria\/#website"},"datePublished":"2025-06-04T14:54:54+00:00","dateModified":"2025-06-04T15:08:23+00:00","breadcrumb":{"@id":"https:\/\/redeicm.org.br\/coracaodemaria\/educacao-de-excelencia\/#breadcrumb"},"inLanguage":"pt-BR","potentialAction":[{"@type":"ReadAction","target":["https:\/\/redeicm.org.br\/coracaodemaria\/educacao-de-excelencia\/"]}]},{"@type":"BreadcrumbList","@id":"https:\/\/redeicm.org.br\/coracaodemaria\/educacao-de-excelencia\/#breadcrumb","itemListElement":[{"@type":"ListItem","position":1,"name":"In\u00edcio","item":"https:\/\/redeicm.org.br\/coracaodemaria\/"},{"@type":"ListItem","position":2,"name":"Educa\u00e7\u00e3o de Excel\u00eancia"}]},{"@type":"WebSite","@id":"https:\/\/redeicm.org.br\/coracaodemaria\/#website","url":"https:\/\/redeicm.org.br\/coracaodemaria\/","name":"Col\u00e9gio Cora\u00e7\u00e3o de Maria | Rede ICM","description":"","publisher":{"@id":"https:\/\/redeicm.org.br\/coracaodemaria\/#organization"},"potentialAction":[{"@type":"SearchAction","target":{"@type":"EntryPoint","urlTemplate":"https:\/\/redeicm.org.br\/coracaodemaria\/?s={search_term_string}"},"query-input":{"@type":"PropertyValueSpecification","valueRequired":true,"valueName":"search_term_string"}}],"inLanguage":"pt-BR"},{"@type":"Organization","@id":"https:\/\/redeicm.org.br\/coracaodemaria\/#organization","name":"Col\u00e9gio Cora\u00e7\u00e3o de Maria | Rede ICM","url":"https:\/\/redeicm.org.br\/coracaodemaria\/","logo":{"@type":"ImageObject","inLanguage":"pt-BR","@id":"https:\/\/redeicm.org.br\/coracaodemaria\/#\/schema\/logo\/image\/","url":"https:\/\/redeicm.org.br\/coracaodemaria\/wp-content\/uploads\/sites\/7\/2024\/08\/icm-educacao-coracao-de-maria-rs.webp","contentUrl":"https:\/\/redeicm.org.br\/coracaodemaria\/wp-content\/uploads\/sites\/7\/2024\/08\/icm-educacao-coracao-de-maria-rs.webp","width":1024,"height":297,"caption":"Col\u00e9gio Cora\u00e7\u00e3o de Maria | Rede ICM"},"image":{"@id":"https:\/\/redeicm.org.br\/coracaodemaria\/#\/schema\/logo\/image\/"}}]}},"_links":{"self":[{"href":"https:\/\/redeicm.org.br\/coracaodemaria\/wp-json\/wp\/v2\/pages\/1519","targetHints":{"allow":["GET"]}}],"collection":[{"href":"https:\/\/redeicm.org.br\/coracaodemaria\/wp-json\/wp\/v2\/pages"}],"about":[{"href":"https:\/\/redeicm.org.br\/coracaodemaria\/wp-json\/wp\/v2\/types\/page"}],"author":[{"embeddable":true,"href":"https:\/\/redeicm.org.br\/coracaodemaria\/wp-json\/wp\/v2\/users\/1"}],"replies":[{"embeddable":true,"href":"https:\/\/redeicm.org.br\/coracaodemaria\/wp-json\/wp\/v2\/comments?post=1519"}],"version-history":[{"count":7,"href":"https:\/\/redeicm.org.br\/coracaodemaria\/wp-json\/wp\/v2\/pages\/1519\/revisions"}],"predecessor-version":[{"id":1571,"href":"https:\/\/redeicm.org.br\/coracaodemaria\/wp-json\/wp\/v2\/pages\/1519\/revisions\/1571"}],"wp:attachment":[{"href":"https:\/\/redeicm.org.br\/coracaodemaria\/wp-json\/wp\/v2\/media?parent=1519"}],"curies":[{"name":"wp","href":"https:\/\/api.w.org\/{rel}","templated":true}]}}