{"id":1517,"date":"2025-06-04T11:54:49","date_gmt":"2025-06-04T14:54:49","guid":{"rendered":"https:\/\/redeicm.org.br\/coracaodemaria\/?page_id=1517"},"modified":"2025-06-04T12:07:55","modified_gmt":"2025-06-04T15:07:55","slug":"turno-extracurricular","status":"publish","type":"page","link":"https:\/\/redeicm.org.br\/coracaodemaria\/turno-extracurricular\/","title":{"rendered":"Turno Extracurricular"},"content":{"rendered":"\t\t<div data-elementor-type=\"wp-page\" data-elementor-id=\"1517\" class=\"elementor elementor-1517\" data-elementor-post-type=\"page\">\n\t\t\t\t<div class=\"elementor-element elementor-element-8a61a87 e-flex e-con-boxed e-con e-parent\" data-id=\"8a61a87\" data-element_type=\"container\" data-e-type=\"container\" data-settings=\"{&quot;background_background&quot;:&quot;classic&quot;}\">\n\t\t\t\t\t<div class=\"e-con-inner\">\n\t\t\t\t<div class=\"elementor-element elementor-element-34eee6e elementor-widget elementor-widget-heading\" data-id=\"34eee6e\" data-element_type=\"widget\" data-e-type=\"widget\" data-widget_type=\"heading.default\">\n\t\t\t\t<div class=\"elementor-widget-container\">\n\t\t\t\t\t<h1 class=\"elementor-heading-title elementor-size-default\">Diferenciais\n<\/h1>\t\t\t\t<\/div>\n\t\t\t\t<\/div>\n\t\t\t\t\t<\/div>\n\t\t\t\t<\/div>\n\t\t<div class=\"elementor-element elementor-element-3d33d91 e-flex e-con-boxed e-con e-parent\" data-id=\"3d33d91\" data-element_type=\"container\" data-e-type=\"container\">\n\t\t\t\t\t<div class=\"e-con-inner\">\n\t\t\t\t<div class=\"elementor-element elementor-element-8bef1dd elementor-widget elementor-widget-heading\" data-id=\"8bef1dd\" data-element_type=\"widget\" data-e-type=\"widget\" data-widget_type=\"heading.default\">\n\t\t\t\t<div class=\"elementor-widget-container\">\n\t\t\t\t\t<h2 class=\"elementor-heading-title elementor-size-default\"><br>TURNO EXTRACURRICULAR<\/h2>\t\t\t\t<\/div>\n\t\t\t\t<\/div>\n\t\t<div class=\"elementor-element elementor-element-1b38a55 e-con-full e-flex elementor-invisible e-con e-child\" data-id=\"1b38a55\" data-element_type=\"container\" data-e-type=\"container\" data-settings=\"{&quot;animation&quot;:&quot;fadeInUp&quot;}\">\n\t\t\t\t<div class=\"elementor-element elementor-element-3e74555 elementor-widget elementor-widget-text-editor\" data-id=\"3e74555\" data-element_type=\"widget\" data-e-type=\"widget\" data-widget_type=\"text-editor.default\">\n\t\t\t\t<div class=\"elementor-widget-container\">\n\t\t\t\t\t\t\t\t\t<p>A proposta do\u00a0<strong>Turno Extracurricular<\/strong>\u00a0<strong>\u00e9 extrapolar\u00a0 a ess\u00eancia da educa\u00e7\u00e3o do Col\u00e9gio Cora\u00e7\u00e3o de Maria, no per\u00edodo inverso ao das aulas.<\/strong>\u00a0Ele \u00e9 voltado para estudantes da Educa\u00e7\u00e3o Infantil e Anos Iniciais.\u00a0<\/p><p>O portf\u00f3lio de oficinas di\u00e1rias alia arte, cultura, culin\u00e1ria, laborat\u00f3rios de Matem\u00e1tica e de Ci\u00eancias,\u00a0 jogos, oficinas maker, com a orienta\u00e7\u00e3o de pedagogas e monitora, dentro da pr\u00f3pria institui\u00e7\u00e3o.\u00a0<\/p><p>O estudante tem mais tempo e espa\u00e7os para construir aprendizagens. Tamb\u00e9m complementa a necessidade das fam\u00edlias que apostam na proposta pedag\u00f3gica e na estrutura do Col\u00e9gio para o ensino em hor\u00e1rio integral.<\/p><p><strong><em>Hor\u00e1rio:\u00a0 7h30 \u00e0s 13h<\/em><\/strong><\/p><p><em>\u00a0<\/em><\/p>\t\t\t\t\t\t\t\t<\/div>\n\t\t\t\t<\/div>\n\t\t\t\t<\/div>\n\t\t\t\t\t<\/div>\n\t\t\t\t<\/div>\n\t\t\t\t<\/div>\n\t\t","protected":false},"excerpt":{"rendered":"<p>Diferenciais TURNO EXTRACURRICULAR A proposta do\u00a0Turno Extracurricular\u00a0\u00e9 extrapolar\u00a0 a ess\u00eancia da educa\u00e7\u00e3o do Col\u00e9gio Cora\u00e7\u00e3o de Maria, no per\u00edodo inverso ao das aulas.\u00a0Ele \u00e9 voltado para estudantes da Educa\u00e7\u00e3o Infantil e Anos Iniciais.\u00a0 O portf\u00f3lio de oficinas di\u00e1rias alia arte, cultura, culin\u00e1ria, laborat\u00f3rios de Matem\u00e1tica e de Ci\u00eancias,\u00a0 jogos, oficinas maker, com a orienta\u00e7\u00e3o de [&hellip;]<\/p>\n","protected":false},"author":1,"featured_media":0,"parent":0,"menu_order":0,"comment_status":"closed","ping_status":"closed","template":"","meta":{"_acf_changed":false,"footnotes":""},"class_list":["post-1517","page","type-page","status-publish","hentry"],"acf":[],"yoast_head":"<!-- This site is optimized with the Yoast SEO plugin v26.3 - https:\/\/yoast.com\/wordpress\/plugins\/seo\/ -->\n<title>Turno Extracurricular - Col\u00e9gio Cora\u00e7\u00e3o de Maria | Rede ICM<\/title>\n<meta name=\"robots\" content=\"index, follow, max-snippet:-1, max-image-preview:large, max-video-preview:-1\" \/>\n<link rel=\"canonical\" href=\"https:\/\/redeicm.org.br\/coracaodemaria\/turno-extracurricular\/\" \/>\n<meta property=\"og:locale\" content=\"pt_BR\" \/>\n<meta property=\"og:type\" content=\"article\" \/>\n<meta property=\"og:title\" content=\"Turno Extracurricular - Col\u00e9gio Cora\u00e7\u00e3o de Maria | Rede ICM\" \/>\n<meta property=\"og:description\" content=\"Diferenciais TURNO EXTRACURRICULAR A proposta do\u00a0Turno Extracurricular\u00a0\u00e9 extrapolar\u00a0 a ess\u00eancia da educa\u00e7\u00e3o do Col\u00e9gio Cora\u00e7\u00e3o de Maria, no per\u00edodo inverso ao das aulas.\u00a0Ele \u00e9 voltado para estudantes da Educa\u00e7\u00e3o Infantil e Anos Iniciais.\u00a0 O portf\u00f3lio de oficinas di\u00e1rias alia arte, cultura, culin\u00e1ria, laborat\u00f3rios de Matem\u00e1tica e de Ci\u00eancias,\u00a0 jogos, oficinas maker, com a orienta\u00e7\u00e3o de [&hellip;]\" \/>\n<meta property=\"og:url\" content=\"https:\/\/redeicm.org.br\/coracaodemaria\/turno-extracurricular\/\" \/>\n<meta property=\"og:site_name\" content=\"Col\u00e9gio Cora\u00e7\u00e3o de Maria | Rede ICM\" \/>\n<meta property=\"article:modified_time\" content=\"2025-06-04T15:07:55+00:00\" \/>\n<meta name=\"twitter:card\" content=\"summary_large_image\" \/>\n<meta name=\"twitter:label1\" content=\"Est. tempo de leitura\" \/>\n\t<meta name=\"twitter:data1\" content=\"1 minuto\" \/>\n<script type=\"application\/ld+json\" class=\"yoast-schema-graph\">{\"@context\":\"https:\/\/schema.org\",\"@graph\":[{\"@type\":\"WebPage\",\"@id\":\"https:\/\/redeicm.org.br\/coracaodemaria\/turno-extracurricular\/\",\"url\":\"https:\/\/redeicm.org.br\/coracaodemaria\/turno-extracurricular\/\",\"name\":\"Turno Extracurricular - Col\u00e9gio Cora\u00e7\u00e3o de Maria | Rede ICM\",\"isPartOf\":{\"@id\":\"https:\/\/redeicm.org.br\/coracaodemaria\/#website\"},\"datePublished\":\"2025-06-04T14:54:49+00:00\",\"dateModified\":\"2025-06-04T15:07:55+00:00\",\"breadcrumb\":{\"@id\":\"https:\/\/redeicm.org.br\/coracaodemaria\/turno-extracurricular\/#breadcrumb\"},\"inLanguage\":\"pt-BR\",\"potentialAction\":[{\"@type\":\"ReadAction\",\"target\":[\"https:\/\/redeicm.org.br\/coracaodemaria\/turno-extracurricular\/\"]}]},{\"@type\":\"BreadcrumbList\",\"@id\":\"https:\/\/redeicm.org.br\/coracaodemaria\/turno-extracurricular\/#breadcrumb\",\"itemListElement\":[{\"@type\":\"ListItem\",\"position\":1,\"name\":\"In\u00edcio\",\"item\":\"https:\/\/redeicm.org.br\/coracaodemaria\/\"},{\"@type\":\"ListItem\",\"position\":2,\"name\":\"Turno Extracurricular\"}]},{\"@type\":\"WebSite\",\"@id\":\"https:\/\/redeicm.org.br\/coracaodemaria\/#website\",\"url\":\"https:\/\/redeicm.org.br\/coracaodemaria\/\",\"name\":\"Col\u00e9gio Cora\u00e7\u00e3o de Maria | Rede ICM\",\"description\":\"\",\"publisher\":{\"@id\":\"https:\/\/redeicm.org.br\/coracaodemaria\/#organization\"},\"potentialAction\":[{\"@type\":\"SearchAction\",\"target\":{\"@type\":\"EntryPoint\",\"urlTemplate\":\"https:\/\/redeicm.org.br\/coracaodemaria\/?s={search_term_string}\"},\"query-input\":{\"@type\":\"PropertyValueSpecification\",\"valueRequired\":true,\"valueName\":\"search_term_string\"}}],\"inLanguage\":\"pt-BR\"},{\"@type\":\"Organization\",\"@id\":\"https:\/\/redeicm.org.br\/coracaodemaria\/#organization\",\"name\":\"Col\u00e9gio Cora\u00e7\u00e3o de Maria | Rede ICM\",\"url\":\"https:\/\/redeicm.org.br\/coracaodemaria\/\",\"logo\":{\"@type\":\"ImageObject\",\"inLanguage\":\"pt-BR\",\"@id\":\"https:\/\/redeicm.org.br\/coracaodemaria\/#\/schema\/logo\/image\/\",\"url\":\"https:\/\/redeicm.org.br\/coracaodemaria\/wp-content\/uploads\/sites\/7\/2024\/08\/icm-educacao-coracao-de-maria-rs.webp\",\"contentUrl\":\"https:\/\/redeicm.org.br\/coracaodemaria\/wp-content\/uploads\/sites\/7\/2024\/08\/icm-educacao-coracao-de-maria-rs.webp\",\"width\":1024,\"height\":297,\"caption\":\"Col\u00e9gio Cora\u00e7\u00e3o de Maria | Rede ICM\"},\"image\":{\"@id\":\"https:\/\/redeicm.org.br\/coracaodemaria\/#\/schema\/logo\/image\/\"}}]}<\/script>\n<!-- \/ Yoast SEO plugin. -->","yoast_head_json":{"title":"Turno Extracurricular - Col\u00e9gio Cora\u00e7\u00e3o de Maria | Rede ICM","robots":{"index":"index","follow":"follow","max-snippet":"max-snippet:-1","max-image-preview":"max-image-preview:large","max-video-preview":"max-video-preview:-1"},"canonical":"https:\/\/redeicm.org.br\/coracaodemaria\/turno-extracurricular\/","og_locale":"pt_BR","og_type":"article","og_title":"Turno Extracurricular - Col\u00e9gio Cora\u00e7\u00e3o de Maria | Rede ICM","og_description":"Diferenciais TURNO EXTRACURRICULAR A proposta do\u00a0Turno Extracurricular\u00a0\u00e9 extrapolar\u00a0 a ess\u00eancia da educa\u00e7\u00e3o do Col\u00e9gio Cora\u00e7\u00e3o de Maria, no per\u00edodo inverso ao das aulas.\u00a0Ele \u00e9 voltado para estudantes da Educa\u00e7\u00e3o Infantil e Anos Iniciais.\u00a0 O portf\u00f3lio de oficinas di\u00e1rias alia arte, cultura, culin\u00e1ria, laborat\u00f3rios de Matem\u00e1tica e de Ci\u00eancias,\u00a0 jogos, oficinas maker, com a orienta\u00e7\u00e3o de [&hellip;]","og_url":"https:\/\/redeicm.org.br\/coracaodemaria\/turno-extracurricular\/","og_site_name":"Col\u00e9gio Cora\u00e7\u00e3o de Maria | Rede ICM","article_modified_time":"2025-06-04T15:07:55+00:00","twitter_card":"summary_large_image","twitter_misc":{"Est. tempo de leitura":"1 minuto"},"schema":{"@context":"https:\/\/schema.org","@graph":[{"@type":"WebPage","@id":"https:\/\/redeicm.org.br\/coracaodemaria\/turno-extracurricular\/","url":"https:\/\/redeicm.org.br\/coracaodemaria\/turno-extracurricular\/","name":"Turno Extracurricular - Col\u00e9gio Cora\u00e7\u00e3o de Maria | Rede ICM","isPartOf":{"@id":"https:\/\/redeicm.org.br\/coracaodemaria\/#website"},"datePublished":"2025-06-04T14:54:49+00:00","dateModified":"2025-06-04T15:07:55+00:00","breadcrumb":{"@id":"https:\/\/redeicm.org.br\/coracaodemaria\/turno-extracurricular\/#breadcrumb"},"inLanguage":"pt-BR","potentialAction":[{"@type":"ReadAction","target":["https:\/\/redeicm.org.br\/coracaodemaria\/turno-extracurricular\/"]}]},{"@type":"BreadcrumbList","@id":"https:\/\/redeicm.org.br\/coracaodemaria\/turno-extracurricular\/#breadcrumb","itemListElement":[{"@type":"ListItem","position":1,"name":"In\u00edcio","item":"https:\/\/redeicm.org.br\/coracaodemaria\/"},{"@type":"ListItem","position":2,"name":"Turno Extracurricular"}]},{"@type":"WebSite","@id":"https:\/\/redeicm.org.br\/coracaodemaria\/#website","url":"https:\/\/redeicm.org.br\/coracaodemaria\/","name":"Col\u00e9gio Cora\u00e7\u00e3o de Maria | Rede ICM","description":"","publisher":{"@id":"https:\/\/redeicm.org.br\/coracaodemaria\/#organization"},"potentialAction":[{"@type":"SearchAction","target":{"@type":"EntryPoint","urlTemplate":"https:\/\/redeicm.org.br\/coracaodemaria\/?s={search_term_string}"},"query-input":{"@type":"PropertyValueSpecification","valueRequired":true,"valueName":"search_term_string"}}],"inLanguage":"pt-BR"},{"@type":"Organization","@id":"https:\/\/redeicm.org.br\/coracaodemaria\/#organization","name":"Col\u00e9gio Cora\u00e7\u00e3o de Maria | Rede ICM","url":"https:\/\/redeicm.org.br\/coracaodemaria\/","logo":{"@type":"ImageObject","inLanguage":"pt-BR","@id":"https:\/\/redeicm.org.br\/coracaodemaria\/#\/schema\/logo\/image\/","url":"https:\/\/redeicm.org.br\/coracaodemaria\/wp-content\/uploads\/sites\/7\/2024\/08\/icm-educacao-coracao-de-maria-rs.webp","contentUrl":"https:\/\/redeicm.org.br\/coracaodemaria\/wp-content\/uploads\/sites\/7\/2024\/08\/icm-educacao-coracao-de-maria-rs.webp","width":1024,"height":297,"caption":"Col\u00e9gio Cora\u00e7\u00e3o de Maria | Rede ICM"},"image":{"@id":"https:\/\/redeicm.org.br\/coracaodemaria\/#\/schema\/logo\/image\/"}}]}},"_links":{"self":[{"href":"https:\/\/redeicm.org.br\/coracaodemaria\/wp-json\/wp\/v2\/pages\/1517","targetHints":{"allow":["GET"]}}],"collection":[{"href":"https:\/\/redeicm.org.br\/coracaodemaria\/wp-json\/wp\/v2\/pages"}],"about":[{"href":"https:\/\/redeicm.org.br\/coracaodemaria\/wp-json\/wp\/v2\/types\/page"}],"author":[{"embeddable":true,"href":"https:\/\/redeicm.org.br\/coracaodemaria\/wp-json\/wp\/v2\/users\/1"}],"replies":[{"embeddable":true,"href":"https:\/\/redeicm.org.br\/coracaodemaria\/wp-json\/wp\/v2\/comments?post=1517"}],"version-history":[{"count":10,"href":"https:\/\/redeicm.org.br\/coracaodemaria\/wp-json\/wp\/v2\/pages\/1517\/revisions"}],"predecessor-version":[{"id":1565,"href":"https:\/\/redeicm.org.br\/coracaodemaria\/wp-json\/wp\/v2\/pages\/1517\/revisions\/1565"}],"wp:attachment":[{"href":"https:\/\/redeicm.org.br\/coracaodemaria\/wp-json\/wp\/v2\/media?parent=1517"}],"curies":[{"name":"wp","href":"https:\/\/api.w.org\/{rel}","templated":true}]}}