{"id":118,"date":"2024-08-14T15:43:27","date_gmt":"2024-08-14T18:43:27","guid":{"rendered":"https:\/\/redeicm.org.br\/coracaodemaria\/ensino-medio\/"},"modified":"2025-04-11T14:48:02","modified_gmt":"2025-04-11T17:48:02","slug":"ensino-medio","status":"publish","type":"page","link":"https:\/\/redeicm.org.br\/coracaodemaria\/ensino-medio\/","title":{"rendered":"Ensino M\u00e9dio"},"content":{"rendered":"\t\t<div data-elementor-type=\"wp-page\" data-elementor-id=\"118\" class=\"elementor elementor-118\" data-elementor-post-type=\"page\">\n\t\t\t\t<div class=\"elementor-element elementor-element-4218b99c e-flex e-con-boxed e-con e-parent\" data-id=\"4218b99c\" data-element_type=\"container\" data-e-type=\"container\" data-settings=\"{&quot;background_background&quot;:&quot;classic&quot;}\">\n\t\t\t\t\t<div class=\"e-con-inner\">\n\t\t\t\t\t<\/div>\n\t\t\t\t<\/div>\n\t\t<div class=\"elementor-element elementor-element-6246261b e-flex e-con-boxed e-con e-parent\" data-id=\"6246261b\" data-element_type=\"container\" data-e-type=\"container\">\n\t\t\t\t\t<div class=\"e-con-inner\">\n\t\t\t\t<div class=\"elementor-element elementor-element-7468e21e elementor-widget elementor-widget-heading\" data-id=\"7468e21e\" data-element_type=\"widget\" data-e-type=\"widget\" data-widget_type=\"heading.default\">\n\t\t\t\t<div class=\"elementor-widget-container\">\n\t\t\t\t\t<h1 class=\"elementor-heading-title elementor-size-default\">Ensino M\u00e9dio<\/h1>\t\t\t\t<\/div>\n\t\t\t\t<\/div>\n\t\t\t\t\t<\/div>\n\t\t\t\t<\/div>\n\t\t<div class=\"elementor-element elementor-element-c3a04f4 e-con-full e-flex e-con e-parent\" data-id=\"c3a04f4\" data-element_type=\"container\" data-e-type=\"container\">\n\t\t<div class=\"elementor-element elementor-element-5b7509b7 e-flex e-con-boxed e-con e-child\" data-id=\"5b7509b7\" data-element_type=\"container\" data-e-type=\"container\">\n\t\t\t\t\t<div class=\"e-con-inner\">\n\t\t\t\t<div class=\"elementor-element elementor-element-4770902 elementor-invisible elementor-widget elementor-widget-text-editor\" data-id=\"4770902\" data-element_type=\"widget\" data-e-type=\"widget\" data-settings=\"{&quot;_animation&quot;:&quot;fadeInUp&quot;}\" data-widget_type=\"text-editor.default\">\n\t\t\t\t<div class=\"elementor-widget-container\">\n\t\t\t\t\t\t\t\t\t<p><span style=\"font-weight: 400\">O\u00a0<strong><em>Ensino M\u00e9dio\u00a0do\u00a0<\/em><\/strong><\/span><i><span style=\"font-weight: 400\"><strong>Col\u00e9gio Cora\u00e7\u00e3o de Maria \u2013 Rede ICM<\/strong> <strong>de Educa\u00e7\u00e3o<\/strong><\/span><\/i><span style=\"font-weight: 400\"><strong>\u00a0<\/strong>contribui com a forma\u00e7\u00e3o integral do adolescente e do\u00a0 jovem, consolidando a autonomia de pensamento, a criticidade, a argui\u00e7\u00e3o cient\u00edfica e a alteridade, ajudando-o a ser um cidad\u00e3o consciente de suas responsabilidades e atitudes na sociedade em que vive.<\/span><\/p><p><b>PROJETO DE VIDA: INOVA\u00c7\u00c3O E EMPREENDEDORISMO<\/b><\/p><p><span style=\"font-weight: 400\">Desenvolve projetos de forma\u00e7\u00e3o de lideran\u00e7as, por meio do processo de autogest\u00e3o e autoconhecimento, que possibilita ao estudante o fortalecimento de suas descobertas e motiva\u00e7\u00f5es e a percep\u00e7\u00e3o do seu protagonismo na Hist\u00f3ria. Nessa perspectiva, o estudante elabora seu projeto de vida, considerando as exig\u00eancias da sociedade do conhecimento, de forma inovadora, proativa e com uma vis\u00e3o empreendedora da vida, o que lhe garante fazer as pr\u00f3prias escolhas. Oportuniza ao estudante experi\u00eancias reais do mundo dos neg\u00f3cios, criando modelos de Startup, a partir de uma cultura \u00e1gil, veloz e inteligente, aplicando os conhecimentos adquiridos em situa\u00e7\u00f5es reais.<\/span><\/p><p><b>AUTONOMIA INTELECTUAL<\/b><\/p><p><span style=\"font-weight: 400\">Enfatiza o protagonismo do estudante, inserindo-o em propostas e estrat\u00e9gias complexas de aprofundamento cient\u00edfico e de formas de ler e entender o mundo. Desenvolve a autonomia intelectual atrav\u00e9s do esp\u00edrito investigativo, da argumenta\u00e7\u00e3o, da an\u00e1lise cr\u00edtica e da intera\u00e7\u00e3o no exerc\u00edcio da coautoria.<\/span><\/p><p><b>ESPA\u00c7OS H\u00cdBRIDOS E INTERATIVOS<\/b><\/p><p><span style=\"font-weight: 400\">Apresenta tecnologias aliadas \u00e0s metodologias ativas, trazendo um ensino contempor\u00e2neo, no qual o estudante \u00e9 o protagonista de seu pr\u00f3prio aprendizado. Disponibiliza espa\u00e7os h\u00edbridos e multimodais, onde o estudante redesenha seu processo cognitivo. Nesses espa\u00e7os conectados, com design interativo, desenvolve seu potencial criativo e investigador, com o uso das tecnologias digitais, gamificadas e de informa\u00e7\u00f5es contextualizadas. A aprendizagem acontece na constru\u00e7\u00e3o individual e colaborativa, mediada por modelos pedag\u00f3gicos flex\u00edveis e desafiadores.<\/span><\/p><p><b>EXCEL\u00caNCIA ACAD\u00caMICA<\/b><\/p><p><span style=\"font-weight: 400\">Promove um processo que alia o potencial de aprendizagem do estudante ao seu desenvolvimento integral. Com s\u00f3lida forma\u00e7\u00e3o humana e acad\u00eamica, prepara para enfrentar, com efici\u00eancia, novos cen\u00e1rios, num mundo em constantes transforma\u00e7\u00f5es. Nossa proposta pedag\u00f3gica consolida-se no desenvolvimento de compet\u00eancias, alicer\u00e7ada na pesquisa e no fortalecimento de bases cient\u00edficas e tecnol\u00f3gicas.<\/span><\/p><p><b>\u00c9TICA E CIDADANIA<\/b><\/p><p><span style=\"font-weight: 400\">Prop\u00f5e uma educa\u00e7\u00e3o humanizadora, pautada no respeito \u00e0 diversidade e \u00e0 pluralidade de pensamento. Por meio do di\u00e1logo, de estrat\u00e9gias e de projetos interativos, contribu\u00edmos na consolida\u00e7\u00e3o de valores crist\u00e3os, na forma\u00e7\u00e3o da consci\u00eancia cr\u00edtica e social e no exerc\u00edcio de uma cidadania participativa, solid\u00e1ria e comprometida com a Vida.<\/span><\/p><p><b>FORMA\u00c7\u00c3O PARA VIDA ACAD\u00caMICA E PROFISSIONAL<\/b><\/p><p><span style=\"font-weight: 400\">Oportuniza a consolida\u00e7\u00e3o de habilidades e compet\u00eancias cognitivas, socioemocionais e atitudinais, aliadas a um ensino de alta qualidade, solidez nos valores \u00e9ticos e crist\u00e3os e foco em resultados. A orienta\u00e7\u00e3o pedag\u00f3gica e profissional, as viv\u00eancias de experi\u00eancias reais do mundo dos neg\u00f3cios, por meio de projetos e da plasticidade do curr\u00edculo, garantem um ensino interdisciplinar e uma aprendizagem significativa.<\/span><\/p>\t\t\t\t\t\t\t\t<\/div>\n\t\t\t\t<\/div>\n\t\t\t\t\t<\/div>\n\t\t\t\t<\/div>\n\t\t\t\t<\/div>\n\t\t\t\t<\/div>\n\t\t","protected":false},"excerpt":{"rendered":"<p>O\u00a0Ensino M\u00e9dio\u00a0do\u00a0Col\u00e9gio Cora\u00e7\u00e3o de Maria \u2013 Rede ICM de Educa\u00e7\u00e3o\u00a0contribui com a forma\u00e7\u00e3o integral do adolescente e do\u00a0 jovem, consolidando a autonomia de pensamento, a criticidade, a argui\u00e7\u00e3o cient\u00edfica e a alteridade, ajudando-o a ser um cidad\u00e3o consciente de suas responsabilidades e atitudes na sociedade em que vive. PROJETO DE VIDA: INOVA\u00c7\u00c3O E EMPREENDEDORISMO Desenvolve [&hellip;]<\/p>\n","protected":false},"author":1,"featured_media":121,"parent":0,"menu_order":0,"comment_status":"closed","ping_status":"closed","template":"","meta":{"_acf_changed":false,"footnotes":""},"class_list":["post-118","page","type-page","status-publish","has-post-thumbnail","hentry"],"acf":[],"yoast_head":"<!-- This site is optimized with the Yoast SEO plugin v26.3 - https:\/\/yoast.com\/wordpress\/plugins\/seo\/ -->\n<title>Ensino M\u00e9dio - Col\u00e9gio Cora\u00e7\u00e3o de Maria | Rede ICM<\/title>\n<meta name=\"robots\" content=\"index, follow, max-snippet:-1, max-image-preview:large, max-video-preview:-1\" \/>\n<link rel=\"canonical\" href=\"https:\/\/redeicm.org.br\/coracaodemaria\/ensino-medio\/\" \/>\n<meta property=\"og:locale\" content=\"pt_BR\" \/>\n<meta property=\"og:type\" content=\"article\" \/>\n<meta property=\"og:title\" content=\"Ensino M\u00e9dio - Col\u00e9gio Cora\u00e7\u00e3o de Maria | Rede ICM\" \/>\n<meta property=\"og:description\" content=\"O\u00a0Ensino M\u00e9dio\u00a0do\u00a0Col\u00e9gio Cora\u00e7\u00e3o de Maria \u2013 Rede ICM de Educa\u00e7\u00e3o\u00a0contribui com a forma\u00e7\u00e3o integral do adolescente e do\u00a0 jovem, consolidando a autonomia de pensamento, a criticidade, a argui\u00e7\u00e3o cient\u00edfica e a alteridade, ajudando-o a ser um cidad\u00e3o consciente de suas responsabilidades e atitudes na sociedade em que vive. PROJETO DE VIDA: INOVA\u00c7\u00c3O E EMPREENDEDORISMO Desenvolve [&hellip;]\" \/>\n<meta property=\"og:url\" content=\"https:\/\/redeicm.org.br\/coracaodemaria\/ensino-medio\/\" \/>\n<meta property=\"og:site_name\" content=\"Col\u00e9gio Cora\u00e7\u00e3o de Maria | Rede ICM\" \/>\n<meta property=\"article:modified_time\" content=\"2025-04-11T17:48:02+00:00\" \/>\n<meta property=\"og:image\" content=\"https:\/\/redeicm.org.br\/coracaodemaria\/wp-content\/uploads\/sites\/7\/2024\/08\/banner-ensino-medio.jpg\" \/>\n\t<meta property=\"og:image:width\" content=\"1440\" \/>\n\t<meta property=\"og:image:height\" content=\"401\" \/>\n\t<meta property=\"og:image:type\" content=\"image\/jpeg\" \/>\n<meta name=\"twitter:card\" content=\"summary_large_image\" \/>\n<meta name=\"twitter:label1\" content=\"Est. tempo de leitura\" \/>\n\t<meta name=\"twitter:data1\" content=\"3 minutos\" \/>\n<script type=\"application\/ld+json\" class=\"yoast-schema-graph\">{\"@context\":\"https:\/\/schema.org\",\"@graph\":[{\"@type\":\"WebPage\",\"@id\":\"https:\/\/redeicm.org.br\/coracaodemaria\/ensino-medio\/\",\"url\":\"https:\/\/redeicm.org.br\/coracaodemaria\/ensino-medio\/\",\"name\":\"Ensino M\u00e9dio - Col\u00e9gio Cora\u00e7\u00e3o de Maria | Rede ICM\",\"isPartOf\":{\"@id\":\"https:\/\/redeicm.org.br\/coracaodemaria\/#website\"},\"primaryImageOfPage\":{\"@id\":\"https:\/\/redeicm.org.br\/coracaodemaria\/ensino-medio\/#primaryimage\"},\"image\":{\"@id\":\"https:\/\/redeicm.org.br\/coracaodemaria\/ensino-medio\/#primaryimage\"},\"thumbnailUrl\":\"https:\/\/redeicm.org.br\/coracaodemaria\/wp-content\/uploads\/sites\/7\/2024\/08\/banner-ensino-medio.jpg\",\"datePublished\":\"2024-08-14T18:43:27+00:00\",\"dateModified\":\"2025-04-11T17:48:02+00:00\",\"breadcrumb\":{\"@id\":\"https:\/\/redeicm.org.br\/coracaodemaria\/ensino-medio\/#breadcrumb\"},\"inLanguage\":\"pt-BR\",\"potentialAction\":[{\"@type\":\"ReadAction\",\"target\":[\"https:\/\/redeicm.org.br\/coracaodemaria\/ensino-medio\/\"]}]},{\"@type\":\"ImageObject\",\"inLanguage\":\"pt-BR\",\"@id\":\"https:\/\/redeicm.org.br\/coracaodemaria\/ensino-medio\/#primaryimage\",\"url\":\"https:\/\/redeicm.org.br\/coracaodemaria\/wp-content\/uploads\/sites\/7\/2024\/08\/banner-ensino-medio.jpg\",\"contentUrl\":\"https:\/\/redeicm.org.br\/coracaodemaria\/wp-content\/uploads\/sites\/7\/2024\/08\/banner-ensino-medio.jpg\",\"width\":1440,\"height\":401},{\"@type\":\"BreadcrumbList\",\"@id\":\"https:\/\/redeicm.org.br\/coracaodemaria\/ensino-medio\/#breadcrumb\",\"itemListElement\":[{\"@type\":\"ListItem\",\"position\":1,\"name\":\"In\u00edcio\",\"item\":\"https:\/\/redeicm.org.br\/coracaodemaria\/\"},{\"@type\":\"ListItem\",\"position\":2,\"name\":\"Ensino M\u00e9dio\"}]},{\"@type\":\"WebSite\",\"@id\":\"https:\/\/redeicm.org.br\/coracaodemaria\/#website\",\"url\":\"https:\/\/redeicm.org.br\/coracaodemaria\/\",\"name\":\"Col\u00e9gio Cora\u00e7\u00e3o de Maria | Rede ICM\",\"description\":\"\",\"publisher\":{\"@id\":\"https:\/\/redeicm.org.br\/coracaodemaria\/#organization\"},\"potentialAction\":[{\"@type\":\"SearchAction\",\"target\":{\"@type\":\"EntryPoint\",\"urlTemplate\":\"https:\/\/redeicm.org.br\/coracaodemaria\/?s={search_term_string}\"},\"query-input\":{\"@type\":\"PropertyValueSpecification\",\"valueRequired\":true,\"valueName\":\"search_term_string\"}}],\"inLanguage\":\"pt-BR\"},{\"@type\":\"Organization\",\"@id\":\"https:\/\/redeicm.org.br\/coracaodemaria\/#organization\",\"name\":\"Col\u00e9gio Cora\u00e7\u00e3o de Maria | Rede ICM\",\"url\":\"https:\/\/redeicm.org.br\/coracaodemaria\/\",\"logo\":{\"@type\":\"ImageObject\",\"inLanguage\":\"pt-BR\",\"@id\":\"https:\/\/redeicm.org.br\/coracaodemaria\/#\/schema\/logo\/image\/\",\"url\":\"https:\/\/redeicm.org.br\/coracaodemaria\/wp-content\/uploads\/sites\/7\/2024\/08\/icm-educacao-coracao-de-maria-rs.webp\",\"contentUrl\":\"https:\/\/redeicm.org.br\/coracaodemaria\/wp-content\/uploads\/sites\/7\/2024\/08\/icm-educacao-coracao-de-maria-rs.webp\",\"width\":1024,\"height\":297,\"caption\":\"Col\u00e9gio Cora\u00e7\u00e3o de Maria | Rede ICM\"},\"image\":{\"@id\":\"https:\/\/redeicm.org.br\/coracaodemaria\/#\/schema\/logo\/image\/\"}}]}<\/script>\n<!-- \/ Yoast SEO plugin. -->","yoast_head_json":{"title":"Ensino M\u00e9dio - Col\u00e9gio Cora\u00e7\u00e3o de Maria | Rede ICM","robots":{"index":"index","follow":"follow","max-snippet":"max-snippet:-1","max-image-preview":"max-image-preview:large","max-video-preview":"max-video-preview:-1"},"canonical":"https:\/\/redeicm.org.br\/coracaodemaria\/ensino-medio\/","og_locale":"pt_BR","og_type":"article","og_title":"Ensino M\u00e9dio - Col\u00e9gio Cora\u00e7\u00e3o de Maria | Rede ICM","og_description":"O\u00a0Ensino M\u00e9dio\u00a0do\u00a0Col\u00e9gio Cora\u00e7\u00e3o de Maria \u2013 Rede ICM de Educa\u00e7\u00e3o\u00a0contribui com a forma\u00e7\u00e3o integral do adolescente e do\u00a0 jovem, consolidando a autonomia de pensamento, a criticidade, a argui\u00e7\u00e3o cient\u00edfica e a alteridade, ajudando-o a ser um cidad\u00e3o consciente de suas responsabilidades e atitudes na sociedade em que vive. PROJETO DE VIDA: INOVA\u00c7\u00c3O E EMPREENDEDORISMO Desenvolve [&hellip;]","og_url":"https:\/\/redeicm.org.br\/coracaodemaria\/ensino-medio\/","og_site_name":"Col\u00e9gio Cora\u00e7\u00e3o de Maria | Rede ICM","article_modified_time":"2025-04-11T17:48:02+00:00","og_image":[{"width":1440,"height":401,"url":"https:\/\/redeicm.org.br\/coracaodemaria\/wp-content\/uploads\/sites\/7\/2024\/08\/banner-ensino-medio.jpg","type":"image\/jpeg"}],"twitter_card":"summary_large_image","twitter_misc":{"Est. tempo de leitura":"3 minutos"},"schema":{"@context":"https:\/\/schema.org","@graph":[{"@type":"WebPage","@id":"https:\/\/redeicm.org.br\/coracaodemaria\/ensino-medio\/","url":"https:\/\/redeicm.org.br\/coracaodemaria\/ensino-medio\/","name":"Ensino M\u00e9dio - Col\u00e9gio Cora\u00e7\u00e3o de Maria | Rede ICM","isPartOf":{"@id":"https:\/\/redeicm.org.br\/coracaodemaria\/#website"},"primaryImageOfPage":{"@id":"https:\/\/redeicm.org.br\/coracaodemaria\/ensino-medio\/#primaryimage"},"image":{"@id":"https:\/\/redeicm.org.br\/coracaodemaria\/ensino-medio\/#primaryimage"},"thumbnailUrl":"https:\/\/redeicm.org.br\/coracaodemaria\/wp-content\/uploads\/sites\/7\/2024\/08\/banner-ensino-medio.jpg","datePublished":"2024-08-14T18:43:27+00:00","dateModified":"2025-04-11T17:48:02+00:00","breadcrumb":{"@id":"https:\/\/redeicm.org.br\/coracaodemaria\/ensino-medio\/#breadcrumb"},"inLanguage":"pt-BR","potentialAction":[{"@type":"ReadAction","target":["https:\/\/redeicm.org.br\/coracaodemaria\/ensino-medio\/"]}]},{"@type":"ImageObject","inLanguage":"pt-BR","@id":"https:\/\/redeicm.org.br\/coracaodemaria\/ensino-medio\/#primaryimage","url":"https:\/\/redeicm.org.br\/coracaodemaria\/wp-content\/uploads\/sites\/7\/2024\/08\/banner-ensino-medio.jpg","contentUrl":"https:\/\/redeicm.org.br\/coracaodemaria\/wp-content\/uploads\/sites\/7\/2024\/08\/banner-ensino-medio.jpg","width":1440,"height":401},{"@type":"BreadcrumbList","@id":"https:\/\/redeicm.org.br\/coracaodemaria\/ensino-medio\/#breadcrumb","itemListElement":[{"@type":"ListItem","position":1,"name":"In\u00edcio","item":"https:\/\/redeicm.org.br\/coracaodemaria\/"},{"@type":"ListItem","position":2,"name":"Ensino M\u00e9dio"}]},{"@type":"WebSite","@id":"https:\/\/redeicm.org.br\/coracaodemaria\/#website","url":"https:\/\/redeicm.org.br\/coracaodemaria\/","name":"Col\u00e9gio Cora\u00e7\u00e3o de Maria | Rede ICM","description":"","publisher":{"@id":"https:\/\/redeicm.org.br\/coracaodemaria\/#organization"},"potentialAction":[{"@type":"SearchAction","target":{"@type":"EntryPoint","urlTemplate":"https:\/\/redeicm.org.br\/coracaodemaria\/?s={search_term_string}"},"query-input":{"@type":"PropertyValueSpecification","valueRequired":true,"valueName":"search_term_string"}}],"inLanguage":"pt-BR"},{"@type":"Organization","@id":"https:\/\/redeicm.org.br\/coracaodemaria\/#organization","name":"Col\u00e9gio Cora\u00e7\u00e3o de Maria | Rede ICM","url":"https:\/\/redeicm.org.br\/coracaodemaria\/","logo":{"@type":"ImageObject","inLanguage":"pt-BR","@id":"https:\/\/redeicm.org.br\/coracaodemaria\/#\/schema\/logo\/image\/","url":"https:\/\/redeicm.org.br\/coracaodemaria\/wp-content\/uploads\/sites\/7\/2024\/08\/icm-educacao-coracao-de-maria-rs.webp","contentUrl":"https:\/\/redeicm.org.br\/coracaodemaria\/wp-content\/uploads\/sites\/7\/2024\/08\/icm-educacao-coracao-de-maria-rs.webp","width":1024,"height":297,"caption":"Col\u00e9gio Cora\u00e7\u00e3o de Maria | Rede ICM"},"image":{"@id":"https:\/\/redeicm.org.br\/coracaodemaria\/#\/schema\/logo\/image\/"}}]}},"_links":{"self":[{"href":"https:\/\/redeicm.org.br\/coracaodemaria\/wp-json\/wp\/v2\/pages\/118","targetHints":{"allow":["GET"]}}],"collection":[{"href":"https:\/\/redeicm.org.br\/coracaodemaria\/wp-json\/wp\/v2\/pages"}],"about":[{"href":"https:\/\/redeicm.org.br\/coracaodemaria\/wp-json\/wp\/v2\/types\/page"}],"author":[{"embeddable":true,"href":"https:\/\/redeicm.org.br\/coracaodemaria\/wp-json\/wp\/v2\/users\/1"}],"replies":[{"embeddable":true,"href":"https:\/\/redeicm.org.br\/coracaodemaria\/wp-json\/wp\/v2\/comments?post=118"}],"version-history":[{"count":0,"href":"https:\/\/redeicm.org.br\/coracaodemaria\/wp-json\/wp\/v2\/pages\/118\/revisions"}],"wp:featuredmedia":[{"embeddable":true,"href":"https:\/\/redeicm.org.br\/coracaodemaria\/wp-json\/wp\/v2\/media\/121"}],"wp:attachment":[{"href":"https:\/\/redeicm.org.br\/coracaodemaria\/wp-json\/wp\/v2\/media?parent=118"}],"curies":[{"name":"wp","href":"https:\/\/api.w.org\/{rel}","templated":true}]}}