{"id":1103,"date":"2025-05-15T12:45:42","date_gmt":"2025-05-15T15:45:42","guid":{"rendered":"https:\/\/redeicm.org.br\/coracaodemaria\/?page_id=1103"},"modified":"2025-05-28T14:47:22","modified_gmt":"2025-05-28T17:47:22","slug":"ti-2","status":"publish","type":"page","link":"https:\/\/redeicm.org.br\/coracaodemaria\/ti-2\/","title":{"rendered":"Servi\u00e7os de TI"},"content":{"rendered":"\t\t<div data-elementor-type=\"wp-page\" data-elementor-id=\"1103\" class=\"elementor elementor-1103\" data-elementor-post-type=\"page\">\n\t\t\t\t<div class=\"elementor-element elementor-element-7f53c1a9 e-flex e-con-boxed e-con e-parent\" data-id=\"7f53c1a9\" data-element_type=\"container\" data-e-type=\"container\" data-settings=\"{&quot;background_background&quot;:&quot;classic&quot;}\">\n\t\t\t\t\t<div class=\"e-con-inner\">\n\t\t\t\t<div class=\"elementor-element elementor-element-48242c18 elementor-widget elementor-widget-heading\" data-id=\"48242c18\" data-element_type=\"widget\" data-e-type=\"widget\" data-widget_type=\"heading.default\">\n\t\t\t\t<div class=\"elementor-widget-container\">\n\t\t\t\t\t<h1 class=\"elementor-heading-title elementor-size-default\">Setores<\/h1>\t\t\t\t<\/div>\n\t\t\t\t<\/div>\n\t\t\t\t\t<\/div>\n\t\t\t\t<\/div>\n\t\t<div class=\"elementor-element elementor-element-7830d49 e-con-full e-flex e-con e-parent\" data-id=\"7830d49\" data-element_type=\"container\" data-e-type=\"container\" id=\"ti\" data-settings=\"{&quot;background_background&quot;:&quot;classic&quot;}\">\n\t\t<div class=\"elementor-element elementor-element-6aa0dd0 e-flex e-con-boxed e-con e-child\" data-id=\"6aa0dd0\" data-element_type=\"container\" data-e-type=\"container\">\n\t\t\t\t\t<div class=\"e-con-inner\">\n\t\t\t\t<div class=\"elementor-element elementor-element-99b6791 elementor-widget elementor-widget-heading\" data-id=\"99b6791\" data-element_type=\"widget\" data-e-type=\"widget\" data-widget_type=\"heading.default\">\n\t\t\t\t<div class=\"elementor-widget-container\">\n\t\t\t\t\t<h2 class=\"elementor-heading-title elementor-size-default\">Servi\u00e7os de TI<\/h2>\t\t\t\t<\/div>\n\t\t\t\t<\/div>\n\t\t\t\t<div class=\"elementor-element elementor-element-30724b8 elementor-invisible elementor-widget elementor-widget-text-editor\" data-id=\"30724b8\" data-element_type=\"widget\" data-e-type=\"widget\" data-settings=\"{&quot;_animation&quot;:&quot;fadeInUp&quot;}\" data-widget_type=\"text-editor.default\">\n\t\t\t\t<div class=\"elementor-widget-container\">\n\t\t\t\t\t\t\t\t\t<p><span style=\"font-weight: 400\">O Setor de TI \u00e9 respons\u00e1vel pelos equipamentos de som, projetor, computadores e a manuten\u00e7\u00e3o preventiva.<\/span><\/p><p><strong>O Col\u00e9gio Cora\u00e7\u00e3o de Maria conta com:<\/strong><\/p><ul><li style=\"font-weight: 400\"><span style=\"font-weight: 400\">Salas de aula com projetor interativo;<\/span><\/li><li style=\"font-weight: 400\"><span style=\"font-weight: 400\">Servidor de Rede para controle e gerenciamento de usu\u00e1rios e acessos, bem como de programas e aplicativos;<\/span><\/li><li style=\"font-weight: 400\"><span style=\"font-weight: 400\">Tablets e chromebooks para uso dos alunos e professores;<\/span><\/li><li style=\"font-weight: 400\"><span style=\"font-weight: 400\">Rede wi-fi em todo o Col\u00e9gio.<\/span><\/li><\/ul><p><span style=\"font-weight: 400\">\u00a0<\/span><\/p><p><strong>Hor\u00e1rio de funcionamento do Setor:<\/strong><\/p><p><strong>Manh\u00e3:<\/strong>\u00a07h15 \u00e0s 11h30<br \/><strong>Tarde:<\/strong> 13h15 \u00e0s 17h45<\/p>\t\t\t\t\t\t\t\t<\/div>\n\t\t\t\t<\/div>\n\t\t\t\t\t<\/div>\n\t\t\t\t<\/div>\n\t\t<div class=\"elementor-element elementor-element-0e8b9f4 e-flex e-con-boxed e-con e-child\" data-id=\"0e8b9f4\" data-element_type=\"container\" data-e-type=\"container\">\n\t\t\t\t\t<div class=\"e-con-inner\">\n\t\t<div class=\"elementor-element elementor-element-7702ba9 e-con-full e-flex elementor-invisible e-con e-child\" data-id=\"7702ba9\" data-element_type=\"container\" data-e-type=\"container\" data-settings=\"{&quot;animation&quot;:&quot;fadeInUp&quot;}\">\n\t\t\t\t<div class=\"elementor-element elementor-element-dc6a074 elementor-widget elementor-widget-heading\" data-id=\"dc6a074\" data-element_type=\"widget\" data-e-type=\"widget\" data-widget_type=\"heading.default\">\n\t\t\t\t<div class=\"elementor-widget-container\">\n\t\t\t\t\t<h3 class=\"elementor-heading-title elementor-size-default\">T\u00e9cnico em TI<\/h3>\t\t\t\t<\/div>\n\t\t\t\t<\/div>\n\t\t<div class=\"elementor-element elementor-element-2c37d10 e-con-full e-flex e-con e-child\" data-id=\"2c37d10\" data-element_type=\"container\" data-e-type=\"container\">\n\t\t\t\t<div class=\"elementor-element elementor-element-49b7eb7 elementor-widget elementor-widget-text-editor\" data-id=\"49b7eb7\" data-element_type=\"widget\" data-e-type=\"widget\" data-settings=\"{&quot;_animation&quot;:&quot;none&quot;}\" data-widget_type=\"text-editor.default\">\n\t\t\t\t<div class=\"elementor-widget-container\">\n\t\t\t\t\t\t\t\t\t<p>Carlos Soares<\/p>\t\t\t\t\t\t\t\t<\/div>\n\t\t\t\t<\/div>\n\t\t\t\t<\/div>\n\t\t\t\t<\/div>\n\t\t\t\t\t<\/div>\n\t\t\t\t<\/div>\n\t\t\t\t<\/div>\n\t\t\t\t<\/div>\n\t\t","protected":false},"excerpt":{"rendered":"<p>Setores Servi\u00e7os de TI O Setor de TI \u00e9 respons\u00e1vel pelos equipamentos de som, projetor, computadores e a manuten\u00e7\u00e3o preventiva. O Col\u00e9gio Cora\u00e7\u00e3o de Maria conta com: Salas de aula com projetor interativo; Servidor de Rede para controle e gerenciamento de usu\u00e1rios e acessos, bem como de programas e aplicativos; Tablets e chromebooks para uso [&hellip;]<\/p>\n","protected":false},"author":1,"featured_media":126,"parent":0,"menu_order":0,"comment_status":"closed","ping_status":"closed","template":"","meta":{"_acf_changed":false,"footnotes":""},"class_list":["post-1103","page","type-page","status-publish","has-post-thumbnail","hentry"],"acf":[],"yoast_head":"<!-- This site is optimized with the Yoast SEO plugin v26.3 - https:\/\/yoast.com\/wordpress\/plugins\/seo\/ -->\n<title>Servi\u00e7os de TI - Col\u00e9gio Cora\u00e7\u00e3o de Maria | Rede ICM<\/title>\n<meta name=\"robots\" content=\"index, follow, max-snippet:-1, max-image-preview:large, max-video-preview:-1\" \/>\n<link rel=\"canonical\" href=\"https:\/\/redeicm.org.br\/coracaodemaria\/ti-2\/\" \/>\n<meta property=\"og:locale\" content=\"pt_BR\" \/>\n<meta property=\"og:type\" content=\"article\" \/>\n<meta property=\"og:title\" content=\"Servi\u00e7os de TI - Col\u00e9gio Cora\u00e7\u00e3o de Maria | Rede ICM\" \/>\n<meta property=\"og:description\" content=\"Setores Servi\u00e7os de TI O Setor de TI \u00e9 respons\u00e1vel pelos equipamentos de som, projetor, computadores e a manuten\u00e7\u00e3o preventiva. O Col\u00e9gio Cora\u00e7\u00e3o de Maria conta com: Salas de aula com projetor interativo; Servidor de Rede para controle e gerenciamento de usu\u00e1rios e acessos, bem como de programas e aplicativos; Tablets e chromebooks para uso [&hellip;]\" \/>\n<meta property=\"og:url\" content=\"https:\/\/redeicm.org.br\/coracaodemaria\/ti-2\/\" \/>\n<meta property=\"og:site_name\" content=\"Col\u00e9gio Cora\u00e7\u00e3o de Maria | Rede ICM\" \/>\n<meta property=\"article:modified_time\" content=\"2025-05-28T17:47:22+00:00\" \/>\n<meta property=\"og:image\" content=\"https:\/\/redeicm.org.br\/coracaodemaria\/wp-content\/uploads\/sites\/7\/2024\/08\/banner-direcao.jpg\" \/>\n\t<meta property=\"og:image:width\" content=\"1440\" \/>\n\t<meta property=\"og:image:height\" content=\"400\" \/>\n\t<meta property=\"og:image:type\" content=\"image\/jpeg\" \/>\n<meta name=\"twitter:card\" content=\"summary_large_image\" \/>\n<meta name=\"twitter:label1\" content=\"Est. tempo de leitura\" \/>\n\t<meta name=\"twitter:data1\" content=\"1 minuto\" \/>\n<script type=\"application\/ld+json\" class=\"yoast-schema-graph\">{\"@context\":\"https:\/\/schema.org\",\"@graph\":[{\"@type\":\"WebPage\",\"@id\":\"https:\/\/redeicm.org.br\/coracaodemaria\/ti-2\/\",\"url\":\"https:\/\/redeicm.org.br\/coracaodemaria\/ti-2\/\",\"name\":\"Servi\u00e7os de TI - Col\u00e9gio Cora\u00e7\u00e3o de Maria | Rede ICM\",\"isPartOf\":{\"@id\":\"https:\/\/redeicm.org.br\/coracaodemaria\/#website\"},\"primaryImageOfPage\":{\"@id\":\"https:\/\/redeicm.org.br\/coracaodemaria\/ti-2\/#primaryimage\"},\"image\":{\"@id\":\"https:\/\/redeicm.org.br\/coracaodemaria\/ti-2\/#primaryimage\"},\"thumbnailUrl\":\"https:\/\/redeicm.org.br\/coracaodemaria\/wp-content\/uploads\/sites\/7\/2024\/08\/banner-direcao.jpg\",\"datePublished\":\"2025-05-15T15:45:42+00:00\",\"dateModified\":\"2025-05-28T17:47:22+00:00\",\"breadcrumb\":{\"@id\":\"https:\/\/redeicm.org.br\/coracaodemaria\/ti-2\/#breadcrumb\"},\"inLanguage\":\"pt-BR\",\"potentialAction\":[{\"@type\":\"ReadAction\",\"target\":[\"https:\/\/redeicm.org.br\/coracaodemaria\/ti-2\/\"]}]},{\"@type\":\"ImageObject\",\"inLanguage\":\"pt-BR\",\"@id\":\"https:\/\/redeicm.org.br\/coracaodemaria\/ti-2\/#primaryimage\",\"url\":\"https:\/\/redeicm.org.br\/coracaodemaria\/wp-content\/uploads\/sites\/7\/2024\/08\/banner-direcao.jpg\",\"contentUrl\":\"https:\/\/redeicm.org.br\/coracaodemaria\/wp-content\/uploads\/sites\/7\/2024\/08\/banner-direcao.jpg\",\"width\":1440,\"height\":400},{\"@type\":\"BreadcrumbList\",\"@id\":\"https:\/\/redeicm.org.br\/coracaodemaria\/ti-2\/#breadcrumb\",\"itemListElement\":[{\"@type\":\"ListItem\",\"position\":1,\"name\":\"In\u00edcio\",\"item\":\"https:\/\/redeicm.org.br\/coracaodemaria\/\"},{\"@type\":\"ListItem\",\"position\":2,\"name\":\"Servi\u00e7os de TI\"}]},{\"@type\":\"WebSite\",\"@id\":\"https:\/\/redeicm.org.br\/coracaodemaria\/#website\",\"url\":\"https:\/\/redeicm.org.br\/coracaodemaria\/\",\"name\":\"Col\u00e9gio Cora\u00e7\u00e3o de Maria | Rede ICM\",\"description\":\"\",\"publisher\":{\"@id\":\"https:\/\/redeicm.org.br\/coracaodemaria\/#organization\"},\"potentialAction\":[{\"@type\":\"SearchAction\",\"target\":{\"@type\":\"EntryPoint\",\"urlTemplate\":\"https:\/\/redeicm.org.br\/coracaodemaria\/?s={search_term_string}\"},\"query-input\":{\"@type\":\"PropertyValueSpecification\",\"valueRequired\":true,\"valueName\":\"search_term_string\"}}],\"inLanguage\":\"pt-BR\"},{\"@type\":\"Organization\",\"@id\":\"https:\/\/redeicm.org.br\/coracaodemaria\/#organization\",\"name\":\"Col\u00e9gio Cora\u00e7\u00e3o de Maria | Rede ICM\",\"url\":\"https:\/\/redeicm.org.br\/coracaodemaria\/\",\"logo\":{\"@type\":\"ImageObject\",\"inLanguage\":\"pt-BR\",\"@id\":\"https:\/\/redeicm.org.br\/coracaodemaria\/#\/schema\/logo\/image\/\",\"url\":\"https:\/\/redeicm.org.br\/coracaodemaria\/wp-content\/uploads\/sites\/7\/2024\/08\/icm-educacao-coracao-de-maria-rs.webp\",\"contentUrl\":\"https:\/\/redeicm.org.br\/coracaodemaria\/wp-content\/uploads\/sites\/7\/2024\/08\/icm-educacao-coracao-de-maria-rs.webp\",\"width\":1024,\"height\":297,\"caption\":\"Col\u00e9gio Cora\u00e7\u00e3o de Maria | Rede ICM\"},\"image\":{\"@id\":\"https:\/\/redeicm.org.br\/coracaodemaria\/#\/schema\/logo\/image\/\"}}]}<\/script>\n<!-- \/ Yoast SEO plugin. -->","yoast_head_json":{"title":"Servi\u00e7os de TI - Col\u00e9gio Cora\u00e7\u00e3o de Maria | Rede ICM","robots":{"index":"index","follow":"follow","max-snippet":"max-snippet:-1","max-image-preview":"max-image-preview:large","max-video-preview":"max-video-preview:-1"},"canonical":"https:\/\/redeicm.org.br\/coracaodemaria\/ti-2\/","og_locale":"pt_BR","og_type":"article","og_title":"Servi\u00e7os de TI - Col\u00e9gio Cora\u00e7\u00e3o de Maria | Rede ICM","og_description":"Setores Servi\u00e7os de TI O Setor de TI \u00e9 respons\u00e1vel pelos equipamentos de som, projetor, computadores e a manuten\u00e7\u00e3o preventiva. O Col\u00e9gio Cora\u00e7\u00e3o de Maria conta com: Salas de aula com projetor interativo; Servidor de Rede para controle e gerenciamento de usu\u00e1rios e acessos, bem como de programas e aplicativos; Tablets e chromebooks para uso [&hellip;]","og_url":"https:\/\/redeicm.org.br\/coracaodemaria\/ti-2\/","og_site_name":"Col\u00e9gio Cora\u00e7\u00e3o de Maria | Rede ICM","article_modified_time":"2025-05-28T17:47:22+00:00","og_image":[{"width":1440,"height":400,"url":"https:\/\/redeicm.org.br\/coracaodemaria\/wp-content\/uploads\/sites\/7\/2024\/08\/banner-direcao.jpg","type":"image\/jpeg"}],"twitter_card":"summary_large_image","twitter_misc":{"Est. tempo de leitura":"1 minuto"},"schema":{"@context":"https:\/\/schema.org","@graph":[{"@type":"WebPage","@id":"https:\/\/redeicm.org.br\/coracaodemaria\/ti-2\/","url":"https:\/\/redeicm.org.br\/coracaodemaria\/ti-2\/","name":"Servi\u00e7os de TI - Col\u00e9gio Cora\u00e7\u00e3o de Maria | Rede ICM","isPartOf":{"@id":"https:\/\/redeicm.org.br\/coracaodemaria\/#website"},"primaryImageOfPage":{"@id":"https:\/\/redeicm.org.br\/coracaodemaria\/ti-2\/#primaryimage"},"image":{"@id":"https:\/\/redeicm.org.br\/coracaodemaria\/ti-2\/#primaryimage"},"thumbnailUrl":"https:\/\/redeicm.org.br\/coracaodemaria\/wp-content\/uploads\/sites\/7\/2024\/08\/banner-direcao.jpg","datePublished":"2025-05-15T15:45:42+00:00","dateModified":"2025-05-28T17:47:22+00:00","breadcrumb":{"@id":"https:\/\/redeicm.org.br\/coracaodemaria\/ti-2\/#breadcrumb"},"inLanguage":"pt-BR","potentialAction":[{"@type":"ReadAction","target":["https:\/\/redeicm.org.br\/coracaodemaria\/ti-2\/"]}]},{"@type":"ImageObject","inLanguage":"pt-BR","@id":"https:\/\/redeicm.org.br\/coracaodemaria\/ti-2\/#primaryimage","url":"https:\/\/redeicm.org.br\/coracaodemaria\/wp-content\/uploads\/sites\/7\/2024\/08\/banner-direcao.jpg","contentUrl":"https:\/\/redeicm.org.br\/coracaodemaria\/wp-content\/uploads\/sites\/7\/2024\/08\/banner-direcao.jpg","width":1440,"height":400},{"@type":"BreadcrumbList","@id":"https:\/\/redeicm.org.br\/coracaodemaria\/ti-2\/#breadcrumb","itemListElement":[{"@type":"ListItem","position":1,"name":"In\u00edcio","item":"https:\/\/redeicm.org.br\/coracaodemaria\/"},{"@type":"ListItem","position":2,"name":"Servi\u00e7os de TI"}]},{"@type":"WebSite","@id":"https:\/\/redeicm.org.br\/coracaodemaria\/#website","url":"https:\/\/redeicm.org.br\/coracaodemaria\/","name":"Col\u00e9gio Cora\u00e7\u00e3o de Maria | Rede ICM","description":"","publisher":{"@id":"https:\/\/redeicm.org.br\/coracaodemaria\/#organization"},"potentialAction":[{"@type":"SearchAction","target":{"@type":"EntryPoint","urlTemplate":"https:\/\/redeicm.org.br\/coracaodemaria\/?s={search_term_string}"},"query-input":{"@type":"PropertyValueSpecification","valueRequired":true,"valueName":"search_term_string"}}],"inLanguage":"pt-BR"},{"@type":"Organization","@id":"https:\/\/redeicm.org.br\/coracaodemaria\/#organization","name":"Col\u00e9gio Cora\u00e7\u00e3o de Maria | Rede ICM","url":"https:\/\/redeicm.org.br\/coracaodemaria\/","logo":{"@type":"ImageObject","inLanguage":"pt-BR","@id":"https:\/\/redeicm.org.br\/coracaodemaria\/#\/schema\/logo\/image\/","url":"https:\/\/redeicm.org.br\/coracaodemaria\/wp-content\/uploads\/sites\/7\/2024\/08\/icm-educacao-coracao-de-maria-rs.webp","contentUrl":"https:\/\/redeicm.org.br\/coracaodemaria\/wp-content\/uploads\/sites\/7\/2024\/08\/icm-educacao-coracao-de-maria-rs.webp","width":1024,"height":297,"caption":"Col\u00e9gio Cora\u00e7\u00e3o de Maria | Rede ICM"},"image":{"@id":"https:\/\/redeicm.org.br\/coracaodemaria\/#\/schema\/logo\/image\/"}}]}},"_links":{"self":[{"href":"https:\/\/redeicm.org.br\/coracaodemaria\/wp-json\/wp\/v2\/pages\/1103","targetHints":{"allow":["GET"]}}],"collection":[{"href":"https:\/\/redeicm.org.br\/coracaodemaria\/wp-json\/wp\/v2\/pages"}],"about":[{"href":"https:\/\/redeicm.org.br\/coracaodemaria\/wp-json\/wp\/v2\/types\/page"}],"author":[{"embeddable":true,"href":"https:\/\/redeicm.org.br\/coracaodemaria\/wp-json\/wp\/v2\/users\/1"}],"replies":[{"embeddable":true,"href":"https:\/\/redeicm.org.br\/coracaodemaria\/wp-json\/wp\/v2\/comments?post=1103"}],"version-history":[{"count":13,"href":"https:\/\/redeicm.org.br\/coracaodemaria\/wp-json\/wp\/v2\/pages\/1103\/revisions"}],"predecessor-version":[{"id":1422,"href":"https:\/\/redeicm.org.br\/coracaodemaria\/wp-json\/wp\/v2\/pages\/1103\/revisions\/1422"}],"wp:featuredmedia":[{"embeddable":true,"href":"https:\/\/redeicm.org.br\/coracaodemaria\/wp-json\/wp\/v2\/media\/126"}],"wp:attachment":[{"href":"https:\/\/redeicm.org.br\/coracaodemaria\/wp-json\/wp\/v2\/media?parent=1103"}],"curies":[{"name":"wp","href":"https:\/\/api.w.org\/{rel}","templated":true}]}}