{"id":1102,"date":"2025-05-15T12:45:39","date_gmt":"2025-05-15T15:45:39","guid":{"rendered":"https:\/\/redeicm.org.br\/coracaodemaria\/?page_id=1102"},"modified":"2025-05-19T11:35:19","modified_gmt":"2025-05-19T14:35:19","slug":"apme","status":"publish","type":"page","link":"https:\/\/redeicm.org.br\/coracaodemaria\/apme\/","title":{"rendered":"APME"},"content":{"rendered":"\t\t<div data-elementor-type=\"wp-page\" data-elementor-id=\"1102\" class=\"elementor elementor-1102\" data-elementor-post-type=\"page\">\n\t\t\t\t<div class=\"elementor-element elementor-element-7f53c1a9 e-flex e-con-boxed e-con e-parent\" data-id=\"7f53c1a9\" data-element_type=\"container\" data-e-type=\"container\" data-settings=\"{&quot;background_background&quot;:&quot;classic&quot;}\">\n\t\t\t\t\t<div class=\"e-con-inner\">\n\t\t\t\t<div class=\"elementor-element elementor-element-48242c18 elementor-widget elementor-widget-heading\" data-id=\"48242c18\" data-element_type=\"widget\" data-e-type=\"widget\" data-widget_type=\"heading.default\">\n\t\t\t\t<div class=\"elementor-widget-container\">\n\t\t\t\t\t<h1 class=\"elementor-heading-title elementor-size-default\">Setores<\/h1>\t\t\t\t<\/div>\n\t\t\t\t<\/div>\n\t\t\t\t\t<\/div>\n\t\t\t\t<\/div>\n\t\t<div class=\"elementor-element elementor-element-139362e e-con-full e-flex e-con e-parent\" data-id=\"139362e\" data-element_type=\"container\" data-e-type=\"container\" id=\"apme\">\n\t\t<div class=\"elementor-element elementor-element-0896891 e-flex e-con-boxed e-con e-child\" data-id=\"0896891\" data-element_type=\"container\" data-e-type=\"container\">\n\t\t\t\t\t<div class=\"e-con-inner\">\n\t\t\t\t<div class=\"elementor-element elementor-element-46e79eb elementor-widget elementor-widget-heading\" data-id=\"46e79eb\" data-element_type=\"widget\" data-e-type=\"widget\" data-widget_type=\"heading.default\">\n\t\t\t\t<div class=\"elementor-widget-container\">\n\t\t\t\t\t<h2 class=\"elementor-heading-title elementor-size-default\">APME <\/h2>\t\t\t\t<\/div>\n\t\t\t\t<\/div>\n\t\t\t\t<div class=\"elementor-element elementor-element-f885816 elementor-invisible elementor-widget elementor-widget-text-editor\" data-id=\"f885816\" data-element_type=\"widget\" data-e-type=\"widget\" data-settings=\"{&quot;_animation&quot;:&quot;fadeInUp&quot;}\" data-widget_type=\"text-editor.default\">\n\t\t\t\t<div class=\"elementor-widget-container\">\n\t\t\t\t\t\t\t\t\t<p><span style=\"font-weight: 400\"><strong>A Associa\u00e7\u00e3o de Pais e Mestres, entidade sem fins lucrativos, \u00e9 Institui\u00e7\u00e3o que visa \u00e0 integra\u00e7\u00e3o entre Escola-Fam\u00edlia-Comunidade<\/strong> e rege-se por Estatuto pr\u00f3prio em conson\u00e2ncia com o Projeto Educativo das Irm\u00e3s do Imaculado Cora\u00e7\u00e3o de Maria \u2014 Projeto Educativo ICM. Suas atribui\u00e7\u00f5es constam em Estatuto pr\u00f3prio.<\/span><\/p><p>A APME do Col\u00e9gio Cora\u00e7\u00e3o de Maria tem por finalidade coordenar e harmonizar os esfor\u00e7os da fam\u00edlia e do col\u00e9gio, visando o aprimoramento do processo educativo e o crescimento de todos com a filosofia da unidade de ensino.\u00a0<\/p><p><span style=\"font-weight: 400\">Desde sua cria\u00e7\u00e3o, a APME realiza, junto ao CCM, promo\u00e7\u00f5es formativas, culturais e recreativas para os alunos e suas fam\u00edlias, bem como marca presen\u00e7a em datas especiais.<\/span><\/p><p><strong><u>COMO AUXILIAR<\/u><\/strong><\/p><p><span style=\"font-weight: 400\">Segundo artigo n\u00ba 44 do Estatuto, a APME se mant\u00e9m basicamente com a taxa de contribui\u00e7\u00e3o anual, por fam\u00edlia, dos associados. Os recursos arrecadados possibilitam que a Associa\u00e7\u00e3o organize e contribua com eventos.<\/span><\/p><p><span style=\"font-weight: 400\">A doa\u00e7\u00e3o \u00e9 anual e o valor sugerido pela AMPE \u00e9 de R$100,00. Ela pode ser realizada por meio do PIX (chave CNPJ):\u00a002438116000132.<\/span><\/p><p><strong><u>DIRETORIA<\/u><\/strong><\/p><p><span style=\"font-weight: 400\">A nova diretoria da APME (Associa\u00e7\u00e3o de Pais, M\u00e3es e Educadores) do Col\u00e9gio Cora\u00e7\u00e3o de Maria, empossada no \u00faltimo dia 15 de abril de 2024, conta com os seguintes membros:<\/span><\/p><p><span style=\"font-weight: 400\">Presidente: <\/span><span style=\"font-weight: 400\">Juliano Colvero<\/span><\/p><p><span style=\"font-weight: 400\">Vice-presidente:<\/span><span style=\"font-weight: 400\"> Pablo Rospa<\/span><\/p><p><span style=\"font-weight: 400\">Tesoureira: <\/span><span style=\"font-weight: 400\">Charlene Corr\u00eaa<\/span><\/p><p><span style=\"font-weight: 400\">2\u00aa Tesoureira:<\/span><span style=\"font-weight: 400\"> Irm\u00e3 Maria Joana Guedini<\/span><\/p><p><span style=\"font-weight: 400\">1\u00aa Secret\u00e1ria: <\/span><span style=\"font-weight: 400\">Sheila Souza<\/span><\/p><p><span style=\"font-weight: 400\">2\u00aa Secret\u00e1ria: <\/span><span style=\"font-weight: 400\">Maria Eug\u00eania Marche<\/span><\/p><p><span style=\"font-weight: 400\">Presidente do Conselho Fiscal:<\/span><span style=\"font-weight: 400\"> Everson Dias<\/span><\/p><p><span style=\"font-weight: 400\">Demais membros do Conselho Fiscal:<\/span><span style=\"font-weight: 400\"> Jos\u00e9 Galdino Soares, Jos\u00e9 Eduardo Vogt, Lucas Machado J\u00fanior, Irm\u00e3 Morgana Aparecida Garcia e Irm\u00e3 Rosangela<\/span><\/p>\t\t\t\t\t\t\t\t<\/div>\n\t\t\t\t<\/div>\n\t\t\t\t\t<\/div>\n\t\t\t\t<\/div>\n\t\t\t\t<\/div>\n\t\t\t\t<\/div>\n\t\t","protected":false},"excerpt":{"rendered":"<p>Setores APME A Associa\u00e7\u00e3o de Pais e Mestres, entidade sem fins lucrativos, \u00e9 Institui\u00e7\u00e3o que visa \u00e0 integra\u00e7\u00e3o entre Escola-Fam\u00edlia-Comunidade e rege-se por Estatuto pr\u00f3prio em conson\u00e2ncia com o Projeto Educativo das Irm\u00e3s do Imaculado Cora\u00e7\u00e3o de Maria \u2014 Projeto Educativo ICM. Suas atribui\u00e7\u00f5es constam em Estatuto pr\u00f3prio. A APME do Col\u00e9gio Cora\u00e7\u00e3o de Maria [&hellip;]<\/p>\n","protected":false},"author":1,"featured_media":126,"parent":0,"menu_order":0,"comment_status":"closed","ping_status":"closed","template":"","meta":{"_acf_changed":false,"footnotes":""},"class_list":["post-1102","page","type-page","status-publish","has-post-thumbnail","hentry"],"acf":[],"yoast_head":"<!-- This site is optimized with the Yoast SEO plugin v26.3 - https:\/\/yoast.com\/wordpress\/plugins\/seo\/ -->\n<title>APME - Col\u00e9gio Cora\u00e7\u00e3o de Maria | Rede ICM<\/title>\n<meta name=\"robots\" content=\"index, follow, max-snippet:-1, max-image-preview:large, max-video-preview:-1\" \/>\n<link rel=\"canonical\" href=\"https:\/\/redeicm.org.br\/coracaodemaria\/apme\/\" \/>\n<meta property=\"og:locale\" content=\"pt_BR\" \/>\n<meta property=\"og:type\" content=\"article\" \/>\n<meta property=\"og:title\" content=\"APME - Col\u00e9gio Cora\u00e7\u00e3o de Maria | Rede ICM\" \/>\n<meta property=\"og:description\" content=\"Setores APME A Associa\u00e7\u00e3o de Pais e Mestres, entidade sem fins lucrativos, \u00e9 Institui\u00e7\u00e3o que visa \u00e0 integra\u00e7\u00e3o entre Escola-Fam\u00edlia-Comunidade e rege-se por Estatuto pr\u00f3prio em conson\u00e2ncia com o Projeto Educativo das Irm\u00e3s do Imaculado Cora\u00e7\u00e3o de Maria \u2014 Projeto Educativo ICM. Suas atribui\u00e7\u00f5es constam em Estatuto pr\u00f3prio. A APME do Col\u00e9gio Cora\u00e7\u00e3o de Maria [&hellip;]\" \/>\n<meta property=\"og:url\" content=\"https:\/\/redeicm.org.br\/coracaodemaria\/apme\/\" \/>\n<meta property=\"og:site_name\" content=\"Col\u00e9gio Cora\u00e7\u00e3o de Maria | Rede ICM\" \/>\n<meta property=\"article:modified_time\" content=\"2025-05-19T14:35:19+00:00\" \/>\n<meta property=\"og:image\" content=\"https:\/\/redeicm.org.br\/coracaodemaria\/wp-content\/uploads\/sites\/7\/2024\/08\/banner-direcao.jpg\" \/>\n\t<meta property=\"og:image:width\" content=\"1440\" \/>\n\t<meta property=\"og:image:height\" content=\"400\" \/>\n\t<meta property=\"og:image:type\" content=\"image\/jpeg\" \/>\n<meta name=\"twitter:card\" content=\"summary_large_image\" \/>\n<meta name=\"twitter:label1\" content=\"Est. tempo de leitura\" \/>\n\t<meta name=\"twitter:data1\" content=\"2 minutos\" \/>\n<script type=\"application\/ld+json\" class=\"yoast-schema-graph\">{\"@context\":\"https:\/\/schema.org\",\"@graph\":[{\"@type\":\"WebPage\",\"@id\":\"https:\/\/redeicm.org.br\/coracaodemaria\/apme\/\",\"url\":\"https:\/\/redeicm.org.br\/coracaodemaria\/apme\/\",\"name\":\"APME - Col\u00e9gio Cora\u00e7\u00e3o de Maria | Rede ICM\",\"isPartOf\":{\"@id\":\"https:\/\/redeicm.org.br\/coracaodemaria\/#website\"},\"primaryImageOfPage\":{\"@id\":\"https:\/\/redeicm.org.br\/coracaodemaria\/apme\/#primaryimage\"},\"image\":{\"@id\":\"https:\/\/redeicm.org.br\/coracaodemaria\/apme\/#primaryimage\"},\"thumbnailUrl\":\"https:\/\/redeicm.org.br\/coracaodemaria\/wp-content\/uploads\/sites\/7\/2024\/08\/banner-direcao.jpg\",\"datePublished\":\"2025-05-15T15:45:39+00:00\",\"dateModified\":\"2025-05-19T14:35:19+00:00\",\"breadcrumb\":{\"@id\":\"https:\/\/redeicm.org.br\/coracaodemaria\/apme\/#breadcrumb\"},\"inLanguage\":\"pt-BR\",\"potentialAction\":[{\"@type\":\"ReadAction\",\"target\":[\"https:\/\/redeicm.org.br\/coracaodemaria\/apme\/\"]}]},{\"@type\":\"ImageObject\",\"inLanguage\":\"pt-BR\",\"@id\":\"https:\/\/redeicm.org.br\/coracaodemaria\/apme\/#primaryimage\",\"url\":\"https:\/\/redeicm.org.br\/coracaodemaria\/wp-content\/uploads\/sites\/7\/2024\/08\/banner-direcao.jpg\",\"contentUrl\":\"https:\/\/redeicm.org.br\/coracaodemaria\/wp-content\/uploads\/sites\/7\/2024\/08\/banner-direcao.jpg\",\"width\":1440,\"height\":400},{\"@type\":\"BreadcrumbList\",\"@id\":\"https:\/\/redeicm.org.br\/coracaodemaria\/apme\/#breadcrumb\",\"itemListElement\":[{\"@type\":\"ListItem\",\"position\":1,\"name\":\"In\u00edcio\",\"item\":\"https:\/\/redeicm.org.br\/coracaodemaria\/\"},{\"@type\":\"ListItem\",\"position\":2,\"name\":\"APME\"}]},{\"@type\":\"WebSite\",\"@id\":\"https:\/\/redeicm.org.br\/coracaodemaria\/#website\",\"url\":\"https:\/\/redeicm.org.br\/coracaodemaria\/\",\"name\":\"Col\u00e9gio Cora\u00e7\u00e3o de Maria | Rede ICM\",\"description\":\"\",\"publisher\":{\"@id\":\"https:\/\/redeicm.org.br\/coracaodemaria\/#organization\"},\"potentialAction\":[{\"@type\":\"SearchAction\",\"target\":{\"@type\":\"EntryPoint\",\"urlTemplate\":\"https:\/\/redeicm.org.br\/coracaodemaria\/?s={search_term_string}\"},\"query-input\":{\"@type\":\"PropertyValueSpecification\",\"valueRequired\":true,\"valueName\":\"search_term_string\"}}],\"inLanguage\":\"pt-BR\"},{\"@type\":\"Organization\",\"@id\":\"https:\/\/redeicm.org.br\/coracaodemaria\/#organization\",\"name\":\"Col\u00e9gio Cora\u00e7\u00e3o de Maria | Rede ICM\",\"url\":\"https:\/\/redeicm.org.br\/coracaodemaria\/\",\"logo\":{\"@type\":\"ImageObject\",\"inLanguage\":\"pt-BR\",\"@id\":\"https:\/\/redeicm.org.br\/coracaodemaria\/#\/schema\/logo\/image\/\",\"url\":\"https:\/\/redeicm.org.br\/coracaodemaria\/wp-content\/uploads\/sites\/7\/2024\/08\/icm-educacao-coracao-de-maria-rs.webp\",\"contentUrl\":\"https:\/\/redeicm.org.br\/coracaodemaria\/wp-content\/uploads\/sites\/7\/2024\/08\/icm-educacao-coracao-de-maria-rs.webp\",\"width\":1024,\"height\":297,\"caption\":\"Col\u00e9gio Cora\u00e7\u00e3o de Maria | Rede ICM\"},\"image\":{\"@id\":\"https:\/\/redeicm.org.br\/coracaodemaria\/#\/schema\/logo\/image\/\"}}]}<\/script>\n<!-- \/ Yoast SEO plugin. -->","yoast_head_json":{"title":"APME - Col\u00e9gio Cora\u00e7\u00e3o de Maria | Rede ICM","robots":{"index":"index","follow":"follow","max-snippet":"max-snippet:-1","max-image-preview":"max-image-preview:large","max-video-preview":"max-video-preview:-1"},"canonical":"https:\/\/redeicm.org.br\/coracaodemaria\/apme\/","og_locale":"pt_BR","og_type":"article","og_title":"APME - Col\u00e9gio Cora\u00e7\u00e3o de Maria | Rede ICM","og_description":"Setores APME A Associa\u00e7\u00e3o de Pais e Mestres, entidade sem fins lucrativos, \u00e9 Institui\u00e7\u00e3o que visa \u00e0 integra\u00e7\u00e3o entre Escola-Fam\u00edlia-Comunidade e rege-se por Estatuto pr\u00f3prio em conson\u00e2ncia com o Projeto Educativo das Irm\u00e3s do Imaculado Cora\u00e7\u00e3o de Maria \u2014 Projeto Educativo ICM. Suas atribui\u00e7\u00f5es constam em Estatuto pr\u00f3prio. A APME do Col\u00e9gio Cora\u00e7\u00e3o de Maria [&hellip;]","og_url":"https:\/\/redeicm.org.br\/coracaodemaria\/apme\/","og_site_name":"Col\u00e9gio Cora\u00e7\u00e3o de Maria | Rede ICM","article_modified_time":"2025-05-19T14:35:19+00:00","og_image":[{"width":1440,"height":400,"url":"https:\/\/redeicm.org.br\/coracaodemaria\/wp-content\/uploads\/sites\/7\/2024\/08\/banner-direcao.jpg","type":"image\/jpeg"}],"twitter_card":"summary_large_image","twitter_misc":{"Est. tempo de leitura":"2 minutos"},"schema":{"@context":"https:\/\/schema.org","@graph":[{"@type":"WebPage","@id":"https:\/\/redeicm.org.br\/coracaodemaria\/apme\/","url":"https:\/\/redeicm.org.br\/coracaodemaria\/apme\/","name":"APME - Col\u00e9gio Cora\u00e7\u00e3o de Maria | Rede ICM","isPartOf":{"@id":"https:\/\/redeicm.org.br\/coracaodemaria\/#website"},"primaryImageOfPage":{"@id":"https:\/\/redeicm.org.br\/coracaodemaria\/apme\/#primaryimage"},"image":{"@id":"https:\/\/redeicm.org.br\/coracaodemaria\/apme\/#primaryimage"},"thumbnailUrl":"https:\/\/redeicm.org.br\/coracaodemaria\/wp-content\/uploads\/sites\/7\/2024\/08\/banner-direcao.jpg","datePublished":"2025-05-15T15:45:39+00:00","dateModified":"2025-05-19T14:35:19+00:00","breadcrumb":{"@id":"https:\/\/redeicm.org.br\/coracaodemaria\/apme\/#breadcrumb"},"inLanguage":"pt-BR","potentialAction":[{"@type":"ReadAction","target":["https:\/\/redeicm.org.br\/coracaodemaria\/apme\/"]}]},{"@type":"ImageObject","inLanguage":"pt-BR","@id":"https:\/\/redeicm.org.br\/coracaodemaria\/apme\/#primaryimage","url":"https:\/\/redeicm.org.br\/coracaodemaria\/wp-content\/uploads\/sites\/7\/2024\/08\/banner-direcao.jpg","contentUrl":"https:\/\/redeicm.org.br\/coracaodemaria\/wp-content\/uploads\/sites\/7\/2024\/08\/banner-direcao.jpg","width":1440,"height":400},{"@type":"BreadcrumbList","@id":"https:\/\/redeicm.org.br\/coracaodemaria\/apme\/#breadcrumb","itemListElement":[{"@type":"ListItem","position":1,"name":"In\u00edcio","item":"https:\/\/redeicm.org.br\/coracaodemaria\/"},{"@type":"ListItem","position":2,"name":"APME"}]},{"@type":"WebSite","@id":"https:\/\/redeicm.org.br\/coracaodemaria\/#website","url":"https:\/\/redeicm.org.br\/coracaodemaria\/","name":"Col\u00e9gio Cora\u00e7\u00e3o de Maria | Rede ICM","description":"","publisher":{"@id":"https:\/\/redeicm.org.br\/coracaodemaria\/#organization"},"potentialAction":[{"@type":"SearchAction","target":{"@type":"EntryPoint","urlTemplate":"https:\/\/redeicm.org.br\/coracaodemaria\/?s={search_term_string}"},"query-input":{"@type":"PropertyValueSpecification","valueRequired":true,"valueName":"search_term_string"}}],"inLanguage":"pt-BR"},{"@type":"Organization","@id":"https:\/\/redeicm.org.br\/coracaodemaria\/#organization","name":"Col\u00e9gio Cora\u00e7\u00e3o de Maria | Rede ICM","url":"https:\/\/redeicm.org.br\/coracaodemaria\/","logo":{"@type":"ImageObject","inLanguage":"pt-BR","@id":"https:\/\/redeicm.org.br\/coracaodemaria\/#\/schema\/logo\/image\/","url":"https:\/\/redeicm.org.br\/coracaodemaria\/wp-content\/uploads\/sites\/7\/2024\/08\/icm-educacao-coracao-de-maria-rs.webp","contentUrl":"https:\/\/redeicm.org.br\/coracaodemaria\/wp-content\/uploads\/sites\/7\/2024\/08\/icm-educacao-coracao-de-maria-rs.webp","width":1024,"height":297,"caption":"Col\u00e9gio Cora\u00e7\u00e3o de Maria | Rede ICM"},"image":{"@id":"https:\/\/redeicm.org.br\/coracaodemaria\/#\/schema\/logo\/image\/"}}]}},"_links":{"self":[{"href":"https:\/\/redeicm.org.br\/coracaodemaria\/wp-json\/wp\/v2\/pages\/1102","targetHints":{"allow":["GET"]}}],"collection":[{"href":"https:\/\/redeicm.org.br\/coracaodemaria\/wp-json\/wp\/v2\/pages"}],"about":[{"href":"https:\/\/redeicm.org.br\/coracaodemaria\/wp-json\/wp\/v2\/types\/page"}],"author":[{"embeddable":true,"href":"https:\/\/redeicm.org.br\/coracaodemaria\/wp-json\/wp\/v2\/users\/1"}],"replies":[{"embeddable":true,"href":"https:\/\/redeicm.org.br\/coracaodemaria\/wp-json\/wp\/v2\/comments?post=1102"}],"version-history":[{"count":11,"href":"https:\/\/redeicm.org.br\/coracaodemaria\/wp-json\/wp\/v2\/pages\/1102\/revisions"}],"predecessor-version":[{"id":1381,"href":"https:\/\/redeicm.org.br\/coracaodemaria\/wp-json\/wp\/v2\/pages\/1102\/revisions\/1381"}],"wp:featuredmedia":[{"embeddable":true,"href":"https:\/\/redeicm.org.br\/coracaodemaria\/wp-json\/wp\/v2\/media\/126"}],"wp:attachment":[{"href":"https:\/\/redeicm.org.br\/coracaodemaria\/wp-json\/wp\/v2\/media?parent=1102"}],"curies":[{"name":"wp","href":"https:\/\/api.w.org\/{rel}","templated":true}]}}