{"id":110,"date":"2024-08-14T15:43:24","date_gmt":"2024-08-14T18:43:24","guid":{"rendered":"https:\/\/redeicm.org.br\/coracaodemaria\/ensino-fundamental-anos-finais\/"},"modified":"2025-04-16T15:58:02","modified_gmt":"2025-04-16T18:58:02","slug":"ensino-fundamental-anos-finais","status":"publish","type":"page","link":"https:\/\/redeicm.org.br\/coracaodemaria\/ensino-fundamental-anos-finais\/","title":{"rendered":"Ensino Fundamental \u2013 Anos Finais"},"content":{"rendered":"\t\t<div data-elementor-type=\"wp-page\" data-elementor-id=\"110\" class=\"elementor elementor-110\" data-elementor-post-type=\"page\">\n\t\t\t\t<div class=\"elementor-element elementor-element-7d9f9446 e-flex e-con-boxed e-con e-parent\" data-id=\"7d9f9446\" data-element_type=\"container\" data-e-type=\"container\" data-settings=\"{&quot;background_background&quot;:&quot;classic&quot;}\">\n\t\t\t\t\t<div class=\"e-con-inner\">\n\t\t\t\t\t<\/div>\n\t\t\t\t<\/div>\n\t\t<div class=\"elementor-element elementor-element-1937eeec e-flex e-con-boxed e-con e-parent\" data-id=\"1937eeec\" data-element_type=\"container\" data-e-type=\"container\">\n\t\t\t\t\t<div class=\"e-con-inner\">\n\t\t\t\t<div class=\"elementor-element elementor-element-2fb7211d elementor-widget elementor-widget-heading\" data-id=\"2fb7211d\" data-element_type=\"widget\" data-e-type=\"widget\" data-widget_type=\"heading.default\">\n\t\t\t\t<div class=\"elementor-widget-container\">\n\t\t\t\t\t<h1 class=\"elementor-heading-title elementor-size-default\">Ensino Fundamental \u2013 Anos Finais<\/h1>\t\t\t\t<\/div>\n\t\t\t\t<\/div>\n\t\t\t\t\t<\/div>\n\t\t\t\t<\/div>\n\t\t<div class=\"elementor-element elementor-element-3bc92487 e-con-full e-flex e-con e-parent\" data-id=\"3bc92487\" data-element_type=\"container\" data-e-type=\"container\">\n\t\t<div class=\"elementor-element elementor-element-31cd7a96 e-flex e-con-boxed e-con e-child\" data-id=\"31cd7a96\" data-element_type=\"container\" data-e-type=\"container\">\n\t\t\t\t\t<div class=\"e-con-inner\">\n\t\t\t\t<div class=\"elementor-element elementor-element-1a72e9a5 elementor-invisible elementor-widget elementor-widget-text-editor\" data-id=\"1a72e9a5\" data-element_type=\"widget\" data-e-type=\"widget\" data-settings=\"{&quot;_animation&quot;:&quot;fadeInUp&quot;}\" data-widget_type=\"text-editor.default\">\n\t\t\t\t<div class=\"elementor-widget-container\">\n\t\t\t\t\t\t\t\t\t<p><span style=\"font-weight: 400\">Os\u00a0<\/span><em><b>Anos Finais do Ensino Fundamental<\/b><\/em><span style=\"font-weight: 400\"><em>\u00a0<strong>no Col\u00e9gio Cora\u00e7\u00e3o de Maria \u2013 Rede ICM de Educa\u00e7\u00e3o<\/strong><\/em> consolida os conhecimentos adquiridos, impulsionando o desenvolvimento intelectual do estudante, ampliando suas experi\u00eancias e pr\u00e1ticas socioculturais atrav\u00e9s de:<\/span><\/p><p><b>PROTAGONISMO E LIDERAN\u00c7A<\/b><\/p><p><span style=\"font-weight: 400\">\u00a0Promove o crescimento pessoal e coletivo, o desenvolvimento da autonomia, a iniciativa, a colabora\u00e7\u00e3o, a participa\u00e7\u00e3o, a amplia\u00e7\u00e3o de saberes e a competitividade saud\u00e1vel com \u00e9tica e responsabilidade.<\/span><\/p><p><b>CIENTIFICIDADE E LETRAMENTO TECNOL\u00d3GICO<\/b><\/p><p><span style=\"font-weight: 400\">Desafia o estudante a desenvolver o letramento tecnol\u00f3gico e a pesquisa cient\u00edfica, com foco na interven\u00e7\u00e3o social, possibilitando a an\u00e1lise das informa\u00e7\u00f5es e a forma\u00e7\u00e3o de uma base s\u00f3lida que leva a intera\u00e7\u00e3o com conhecimentos, na cria\u00e7\u00e3o de projetos inovadores que envolvam metodologias \u201cfa\u00e7a voc\u00ea mesmo\u201d para conectar saberes e trabalhar o protagonismo e o empreendedorismo.<\/span><\/p><p><b>ESPA\u00c7OS COLABORATIVOS E CONECTADOS<\/b><\/p><p><span style=\"font-weight: 400\">Realiza atividades e projetos em espa\u00e7os h\u00edbridos, multimodais e inovadores que ressignificam a aprendizagem, com o apoio de metodologias ativas e das tecnologias digitais, desenvolvendo habilidades e compet\u00eancias e criando conex\u00f5es entre os diversos saberes por meio de projetos de aprendizagem, numa perspectiva integradora.<\/span><\/p><p><b>APRENDER A APRENDER<\/b><\/p><p><span style=\"font-weight: 400\">Desenvolve compet\u00eancias e habilidades, com apoio de metodologias ativas, permitindo ao estudante continuar aprendendo ao longo de sua vida, a partir de uma base conceitual s\u00f3lida, da amplia\u00e7\u00e3o das potencialidades cognitivas e do protagonismo no seu processo de aprendizagem.<\/span><\/p><p><b>SUSTENTABILIDADE E CUIDADO COM O MUNDO<\/b><\/p><p><span style=\"font-weight: 400\">Enfatiza e desenvolve o sentido de pertencimento, a justi\u00e7a social e o compromisso cidad\u00e3o, atrav\u00e9s do fortalecimento da criticidade e da solidariedade, preparando o estudante para interagir com o mundo em que vive, respeitando as diferentes culturas.\u00a0<\/span><\/p><p><b>AUTOGEST\u00c3O FINANCEIRA<\/b><\/p><p><span style=\"font-weight: 400\">Desenvolve no estudante o pensar estrat\u00e9gico em rela\u00e7\u00e3o ao gerenciamento de seus recursos, do tempo e da sua a\u00e7\u00e3o, construindo o senso \u00e9tico e sustent\u00e1vel para a tomada de decis\u00f5es, com foco na organiza\u00e7\u00e3o das finan\u00e7as e no planejamento para uma vida melhor.<\/span><\/p>\t\t\t\t\t\t\t\t<\/div>\n\t\t\t\t<\/div>\n\t\t\t\t\t<\/div>\n\t\t\t\t<\/div>\n\t\t\t\t<\/div>\n\t\t\t\t<\/div>\n\t\t","protected":false},"excerpt":{"rendered":"<p>Os\u00a0Anos Finais do Ensino Fundamental\u00a0no Col\u00e9gio Cora\u00e7\u00e3o de Maria \u2013 Rede ICM de Educa\u00e7\u00e3o consolida os conhecimentos adquiridos, impulsionando o desenvolvimento intelectual do estudante, ampliando suas experi\u00eancias e pr\u00e1ticas socioculturais atrav\u00e9s de: PROTAGONISMO E LIDERAN\u00c7A \u00a0Promove o crescimento pessoal e coletivo, o desenvolvimento da autonomia, a iniciativa, a colabora\u00e7\u00e3o, a participa\u00e7\u00e3o, a amplia\u00e7\u00e3o de saberes [&hellip;]<\/p>\n","protected":false},"author":1,"featured_media":113,"parent":0,"menu_order":0,"comment_status":"closed","ping_status":"closed","template":"","meta":{"_acf_changed":false,"footnotes":""},"class_list":["post-110","page","type-page","status-publish","has-post-thumbnail","hentry"],"acf":[],"yoast_head":"<!-- This site is optimized with the Yoast SEO plugin v26.3 - https:\/\/yoast.com\/wordpress\/plugins\/seo\/ -->\n<title>Ensino Fundamental \u2013 Anos Finais - Col\u00e9gio Cora\u00e7\u00e3o de Maria | Rede ICM<\/title>\n<meta name=\"robots\" content=\"index, follow, max-snippet:-1, max-image-preview:large, max-video-preview:-1\" \/>\n<link rel=\"canonical\" href=\"https:\/\/redeicm.org.br\/coracaodemaria\/ensino-fundamental-anos-finais\/\" \/>\n<meta property=\"og:locale\" content=\"pt_BR\" \/>\n<meta property=\"og:type\" content=\"article\" \/>\n<meta property=\"og:title\" content=\"Ensino Fundamental \u2013 Anos Finais - Col\u00e9gio Cora\u00e7\u00e3o de Maria | Rede ICM\" \/>\n<meta property=\"og:description\" content=\"Os\u00a0Anos Finais do Ensino Fundamental\u00a0no Col\u00e9gio Cora\u00e7\u00e3o de Maria \u2013 Rede ICM de Educa\u00e7\u00e3o consolida os conhecimentos adquiridos, impulsionando o desenvolvimento intelectual do estudante, ampliando suas experi\u00eancias e pr\u00e1ticas socioculturais atrav\u00e9s de: PROTAGONISMO E LIDERAN\u00c7A \u00a0Promove o crescimento pessoal e coletivo, o desenvolvimento da autonomia, a iniciativa, a colabora\u00e7\u00e3o, a participa\u00e7\u00e3o, a amplia\u00e7\u00e3o de saberes [&hellip;]\" \/>\n<meta property=\"og:url\" content=\"https:\/\/redeicm.org.br\/coracaodemaria\/ensino-fundamental-anos-finais\/\" \/>\n<meta property=\"og:site_name\" content=\"Col\u00e9gio Cora\u00e7\u00e3o de Maria | Rede ICM\" \/>\n<meta property=\"article:modified_time\" content=\"2025-04-16T18:58:02+00:00\" \/>\n<meta property=\"og:image\" content=\"https:\/\/redeicm.org.br\/coracaodemaria\/wp-content\/uploads\/sites\/7\/2024\/08\/banner-ensino-fundamental-finais.jpg\" \/>\n\t<meta property=\"og:image:width\" content=\"1440\" \/>\n\t<meta property=\"og:image:height\" content=\"401\" \/>\n\t<meta property=\"og:image:type\" content=\"image\/jpeg\" \/>\n<meta name=\"twitter:card\" content=\"summary_large_image\" \/>\n<meta name=\"twitter:label1\" content=\"Est. tempo de leitura\" \/>\n\t<meta name=\"twitter:data1\" content=\"2 minutos\" \/>\n<script type=\"application\/ld+json\" class=\"yoast-schema-graph\">{\"@context\":\"https:\/\/schema.org\",\"@graph\":[{\"@type\":\"WebPage\",\"@id\":\"https:\/\/redeicm.org.br\/coracaodemaria\/ensino-fundamental-anos-finais\/\",\"url\":\"https:\/\/redeicm.org.br\/coracaodemaria\/ensino-fundamental-anos-finais\/\",\"name\":\"Ensino Fundamental \u2013 Anos Finais - Col\u00e9gio Cora\u00e7\u00e3o de Maria | Rede ICM\",\"isPartOf\":{\"@id\":\"https:\/\/redeicm.org.br\/coracaodemaria\/#website\"},\"primaryImageOfPage\":{\"@id\":\"https:\/\/redeicm.org.br\/coracaodemaria\/ensino-fundamental-anos-finais\/#primaryimage\"},\"image\":{\"@id\":\"https:\/\/redeicm.org.br\/coracaodemaria\/ensino-fundamental-anos-finais\/#primaryimage\"},\"thumbnailUrl\":\"https:\/\/redeicm.org.br\/coracaodemaria\/wp-content\/uploads\/sites\/7\/2024\/08\/banner-ensino-fundamental-finais.jpg\",\"datePublished\":\"2024-08-14T18:43:24+00:00\",\"dateModified\":\"2025-04-16T18:58:02+00:00\",\"breadcrumb\":{\"@id\":\"https:\/\/redeicm.org.br\/coracaodemaria\/ensino-fundamental-anos-finais\/#breadcrumb\"},\"inLanguage\":\"pt-BR\",\"potentialAction\":[{\"@type\":\"ReadAction\",\"target\":[\"https:\/\/redeicm.org.br\/coracaodemaria\/ensino-fundamental-anos-finais\/\"]}]},{\"@type\":\"ImageObject\",\"inLanguage\":\"pt-BR\",\"@id\":\"https:\/\/redeicm.org.br\/coracaodemaria\/ensino-fundamental-anos-finais\/#primaryimage\",\"url\":\"https:\/\/redeicm.org.br\/coracaodemaria\/wp-content\/uploads\/sites\/7\/2024\/08\/banner-ensino-fundamental-finais.jpg\",\"contentUrl\":\"https:\/\/redeicm.org.br\/coracaodemaria\/wp-content\/uploads\/sites\/7\/2024\/08\/banner-ensino-fundamental-finais.jpg\",\"width\":1440,\"height\":401},{\"@type\":\"BreadcrumbList\",\"@id\":\"https:\/\/redeicm.org.br\/coracaodemaria\/ensino-fundamental-anos-finais\/#breadcrumb\",\"itemListElement\":[{\"@type\":\"ListItem\",\"position\":1,\"name\":\"In\u00edcio\",\"item\":\"https:\/\/redeicm.org.br\/coracaodemaria\/\"},{\"@type\":\"ListItem\",\"position\":2,\"name\":\"Ensino Fundamental \u2013 Anos Finais\"}]},{\"@type\":\"WebSite\",\"@id\":\"https:\/\/redeicm.org.br\/coracaodemaria\/#website\",\"url\":\"https:\/\/redeicm.org.br\/coracaodemaria\/\",\"name\":\"Col\u00e9gio Cora\u00e7\u00e3o de Maria | Rede ICM\",\"description\":\"\",\"publisher\":{\"@id\":\"https:\/\/redeicm.org.br\/coracaodemaria\/#organization\"},\"potentialAction\":[{\"@type\":\"SearchAction\",\"target\":{\"@type\":\"EntryPoint\",\"urlTemplate\":\"https:\/\/redeicm.org.br\/coracaodemaria\/?s={search_term_string}\"},\"query-input\":{\"@type\":\"PropertyValueSpecification\",\"valueRequired\":true,\"valueName\":\"search_term_string\"}}],\"inLanguage\":\"pt-BR\"},{\"@type\":\"Organization\",\"@id\":\"https:\/\/redeicm.org.br\/coracaodemaria\/#organization\",\"name\":\"Col\u00e9gio Cora\u00e7\u00e3o de Maria | Rede ICM\",\"url\":\"https:\/\/redeicm.org.br\/coracaodemaria\/\",\"logo\":{\"@type\":\"ImageObject\",\"inLanguage\":\"pt-BR\",\"@id\":\"https:\/\/redeicm.org.br\/coracaodemaria\/#\/schema\/logo\/image\/\",\"url\":\"https:\/\/redeicm.org.br\/coracaodemaria\/wp-content\/uploads\/sites\/7\/2024\/08\/icm-educacao-coracao-de-maria-rs.webp\",\"contentUrl\":\"https:\/\/redeicm.org.br\/coracaodemaria\/wp-content\/uploads\/sites\/7\/2024\/08\/icm-educacao-coracao-de-maria-rs.webp\",\"width\":1024,\"height\":297,\"caption\":\"Col\u00e9gio Cora\u00e7\u00e3o de Maria | Rede ICM\"},\"image\":{\"@id\":\"https:\/\/redeicm.org.br\/coracaodemaria\/#\/schema\/logo\/image\/\"}}]}<\/script>\n<!-- \/ Yoast SEO plugin. -->","yoast_head_json":{"title":"Ensino Fundamental \u2013 Anos Finais - Col\u00e9gio Cora\u00e7\u00e3o de Maria | Rede ICM","robots":{"index":"index","follow":"follow","max-snippet":"max-snippet:-1","max-image-preview":"max-image-preview:large","max-video-preview":"max-video-preview:-1"},"canonical":"https:\/\/redeicm.org.br\/coracaodemaria\/ensino-fundamental-anos-finais\/","og_locale":"pt_BR","og_type":"article","og_title":"Ensino Fundamental \u2013 Anos Finais - Col\u00e9gio Cora\u00e7\u00e3o de Maria | Rede ICM","og_description":"Os\u00a0Anos Finais do Ensino Fundamental\u00a0no Col\u00e9gio Cora\u00e7\u00e3o de Maria \u2013 Rede ICM de Educa\u00e7\u00e3o consolida os conhecimentos adquiridos, impulsionando o desenvolvimento intelectual do estudante, ampliando suas experi\u00eancias e pr\u00e1ticas socioculturais atrav\u00e9s de: PROTAGONISMO E LIDERAN\u00c7A \u00a0Promove o crescimento pessoal e coletivo, o desenvolvimento da autonomia, a iniciativa, a colabora\u00e7\u00e3o, a participa\u00e7\u00e3o, a amplia\u00e7\u00e3o de saberes [&hellip;]","og_url":"https:\/\/redeicm.org.br\/coracaodemaria\/ensino-fundamental-anos-finais\/","og_site_name":"Col\u00e9gio Cora\u00e7\u00e3o de Maria | Rede ICM","article_modified_time":"2025-04-16T18:58:02+00:00","og_image":[{"width":1440,"height":401,"url":"https:\/\/redeicm.org.br\/coracaodemaria\/wp-content\/uploads\/sites\/7\/2024\/08\/banner-ensino-fundamental-finais.jpg","type":"image\/jpeg"}],"twitter_card":"summary_large_image","twitter_misc":{"Est. tempo de leitura":"2 minutos"},"schema":{"@context":"https:\/\/schema.org","@graph":[{"@type":"WebPage","@id":"https:\/\/redeicm.org.br\/coracaodemaria\/ensino-fundamental-anos-finais\/","url":"https:\/\/redeicm.org.br\/coracaodemaria\/ensino-fundamental-anos-finais\/","name":"Ensino Fundamental \u2013 Anos Finais - Col\u00e9gio Cora\u00e7\u00e3o de Maria | Rede ICM","isPartOf":{"@id":"https:\/\/redeicm.org.br\/coracaodemaria\/#website"},"primaryImageOfPage":{"@id":"https:\/\/redeicm.org.br\/coracaodemaria\/ensino-fundamental-anos-finais\/#primaryimage"},"image":{"@id":"https:\/\/redeicm.org.br\/coracaodemaria\/ensino-fundamental-anos-finais\/#primaryimage"},"thumbnailUrl":"https:\/\/redeicm.org.br\/coracaodemaria\/wp-content\/uploads\/sites\/7\/2024\/08\/banner-ensino-fundamental-finais.jpg","datePublished":"2024-08-14T18:43:24+00:00","dateModified":"2025-04-16T18:58:02+00:00","breadcrumb":{"@id":"https:\/\/redeicm.org.br\/coracaodemaria\/ensino-fundamental-anos-finais\/#breadcrumb"},"inLanguage":"pt-BR","potentialAction":[{"@type":"ReadAction","target":["https:\/\/redeicm.org.br\/coracaodemaria\/ensino-fundamental-anos-finais\/"]}]},{"@type":"ImageObject","inLanguage":"pt-BR","@id":"https:\/\/redeicm.org.br\/coracaodemaria\/ensino-fundamental-anos-finais\/#primaryimage","url":"https:\/\/redeicm.org.br\/coracaodemaria\/wp-content\/uploads\/sites\/7\/2024\/08\/banner-ensino-fundamental-finais.jpg","contentUrl":"https:\/\/redeicm.org.br\/coracaodemaria\/wp-content\/uploads\/sites\/7\/2024\/08\/banner-ensino-fundamental-finais.jpg","width":1440,"height":401},{"@type":"BreadcrumbList","@id":"https:\/\/redeicm.org.br\/coracaodemaria\/ensino-fundamental-anos-finais\/#breadcrumb","itemListElement":[{"@type":"ListItem","position":1,"name":"In\u00edcio","item":"https:\/\/redeicm.org.br\/coracaodemaria\/"},{"@type":"ListItem","position":2,"name":"Ensino Fundamental \u2013 Anos Finais"}]},{"@type":"WebSite","@id":"https:\/\/redeicm.org.br\/coracaodemaria\/#website","url":"https:\/\/redeicm.org.br\/coracaodemaria\/","name":"Col\u00e9gio Cora\u00e7\u00e3o de Maria | Rede ICM","description":"","publisher":{"@id":"https:\/\/redeicm.org.br\/coracaodemaria\/#organization"},"potentialAction":[{"@type":"SearchAction","target":{"@type":"EntryPoint","urlTemplate":"https:\/\/redeicm.org.br\/coracaodemaria\/?s={search_term_string}"},"query-input":{"@type":"PropertyValueSpecification","valueRequired":true,"valueName":"search_term_string"}}],"inLanguage":"pt-BR"},{"@type":"Organization","@id":"https:\/\/redeicm.org.br\/coracaodemaria\/#organization","name":"Col\u00e9gio Cora\u00e7\u00e3o de Maria | Rede ICM","url":"https:\/\/redeicm.org.br\/coracaodemaria\/","logo":{"@type":"ImageObject","inLanguage":"pt-BR","@id":"https:\/\/redeicm.org.br\/coracaodemaria\/#\/schema\/logo\/image\/","url":"https:\/\/redeicm.org.br\/coracaodemaria\/wp-content\/uploads\/sites\/7\/2024\/08\/icm-educacao-coracao-de-maria-rs.webp","contentUrl":"https:\/\/redeicm.org.br\/coracaodemaria\/wp-content\/uploads\/sites\/7\/2024\/08\/icm-educacao-coracao-de-maria-rs.webp","width":1024,"height":297,"caption":"Col\u00e9gio Cora\u00e7\u00e3o de Maria | Rede ICM"},"image":{"@id":"https:\/\/redeicm.org.br\/coracaodemaria\/#\/schema\/logo\/image\/"}}]}},"_links":{"self":[{"href":"https:\/\/redeicm.org.br\/coracaodemaria\/wp-json\/wp\/v2\/pages\/110","targetHints":{"allow":["GET"]}}],"collection":[{"href":"https:\/\/redeicm.org.br\/coracaodemaria\/wp-json\/wp\/v2\/pages"}],"about":[{"href":"https:\/\/redeicm.org.br\/coracaodemaria\/wp-json\/wp\/v2\/types\/page"}],"author":[{"embeddable":true,"href":"https:\/\/redeicm.org.br\/coracaodemaria\/wp-json\/wp\/v2\/users\/1"}],"replies":[{"embeddable":true,"href":"https:\/\/redeicm.org.br\/coracaodemaria\/wp-json\/wp\/v2\/comments?post=110"}],"version-history":[{"count":1,"href":"https:\/\/redeicm.org.br\/coracaodemaria\/wp-json\/wp\/v2\/pages\/110\/revisions"}],"predecessor-version":[{"id":1481,"href":"https:\/\/redeicm.org.br\/coracaodemaria\/wp-json\/wp\/v2\/pages\/110\/revisions\/1481"}],"wp:featuredmedia":[{"embeddable":true,"href":"https:\/\/redeicm.org.br\/coracaodemaria\/wp-json\/wp\/v2\/media\/113"}],"wp:attachment":[{"href":"https:\/\/redeicm.org.br\/coracaodemaria\/wp-json\/wp\/v2\/media?parent=110"}],"curies":[{"name":"wp","href":"https:\/\/api.w.org\/{rel}","templated":true}]}}