{"id":1099,"date":"2025-05-15T12:45:31","date_gmt":"2025-05-15T15:45:31","guid":{"rendered":"https:\/\/redeicm.org.br\/coracaodemaria\/?page_id=1099"},"modified":"2025-05-28T14:38:21","modified_gmt":"2025-05-28T17:38:21","slug":"pastoral","status":"publish","type":"page","link":"https:\/\/redeicm.org.br\/coracaodemaria\/pastoral\/","title":{"rendered":"Pastoral Escolar"},"content":{"rendered":"\t\t<div data-elementor-type=\"wp-page\" data-elementor-id=\"1099\" class=\"elementor elementor-1099\" data-elementor-post-type=\"page\">\n\t\t\t\t<div class=\"elementor-element elementor-element-7f53c1a9 e-flex e-con-boxed e-con e-parent\" data-id=\"7f53c1a9\" data-element_type=\"container\" data-e-type=\"container\" data-settings=\"{&quot;background_background&quot;:&quot;classic&quot;}\">\n\t\t\t\t\t<div class=\"e-con-inner\">\n\t\t\t\t<div class=\"elementor-element elementor-element-48242c18 elementor-widget elementor-widget-heading\" data-id=\"48242c18\" data-element_type=\"widget\" data-e-type=\"widget\" data-widget_type=\"heading.default\">\n\t\t\t\t<div class=\"elementor-widget-container\">\n\t\t\t\t\t<h1 class=\"elementor-heading-title elementor-size-default\">Setores<\/h1>\t\t\t\t<\/div>\n\t\t\t\t<\/div>\n\t\t\t\t\t<\/div>\n\t\t\t\t<\/div>\n\t\t<div class=\"elementor-element elementor-element-1ca6e2a e-con-full e-flex e-con e-parent\" data-id=\"1ca6e2a\" data-element_type=\"container\" data-e-type=\"container\" id=\"pastoral\" data-settings=\"{&quot;background_background&quot;:&quot;classic&quot;}\">\n\t\t<div class=\"elementor-element elementor-element-ffac841 e-flex e-con-boxed e-con e-child\" data-id=\"ffac841\" data-element_type=\"container\" data-e-type=\"container\">\n\t\t\t\t\t<div class=\"e-con-inner\">\n\t\t\t\t<div class=\"elementor-element elementor-element-b7f2caa elementor-widget elementor-widget-heading\" data-id=\"b7f2caa\" data-element_type=\"widget\" data-e-type=\"widget\" data-widget_type=\"heading.default\">\n\t\t\t\t<div class=\"elementor-widget-container\">\n\t\t\t\t\t<h2 class=\"elementor-heading-title elementor-size-default\">Pastoral Escolar<\/h2>\t\t\t\t<\/div>\n\t\t\t\t<\/div>\n\t\t\t\t<div class=\"elementor-element elementor-element-7946e46 elementor-invisible elementor-widget elementor-widget-text-editor\" data-id=\"7946e46\" data-element_type=\"widget\" data-e-type=\"widget\" data-settings=\"{&quot;_animation&quot;:&quot;fadeInUp&quot;}\" data-widget_type=\"text-editor.default\">\n\t\t\t\t<div class=\"elementor-widget-container\">\n\t\t\t\t\t\t\t\t\t<div><p><span style=\"font-weight: 400\"><strong>A Pastoral Escolar visa intensificar as a\u00e7\u00f5es de cunho pastoral no ambiente educativo, fazendo dele um ambiente de celebra\u00e7\u00e3o da a\u00e7\u00e3o de Deus na vida da pessoa e na viv\u00eancia dos valores humano-crist\u00e3os.<\/strong> Busca ser um espa\u00e7o de evangeliza\u00e7\u00e3o e de forma\u00e7\u00e3o integral do ser humano, promovendo com sua pr\u00e1xis a\u00a0 m\u00edstica do cuidado com a Vida, a viv\u00eancia da fraternidade, da solidariedade e da identidade crist\u00e3.<\/span><\/p><p><span style=\"font-weight: 400\">Ela \u00e9 uma iniciativa voltada para a viv\u00eancia da f\u00e9 e da espiritualidade dentro do ambiente escolar. Seu principal objetivo \u00e9 proporcionar um espa\u00e7o de di\u00e1logo e reflex\u00e3o que promova o desenvolvimento integral dos estudantes, tanto em aspectos intelectuais quanto emocionais e espirituais. Ela se concentra em abordar temas como valores \u00e9ticos, respeito m\u00fatuo, solidariedade e justi\u00e7a social, muitas vezes por meio de atividades, retiros, encontros e eventos.<\/span><\/p><p><span style=\"font-weight: 400\">Dentro desse contexto, o Grupo de Jovens, que a Pastoral Escolar oferece, \u00e9 um lugar de encontro e partilha entre estudantes. Ele \u00e9 um ambiente de crescimento, onde os jovens t\u00eam a oportunidade de compartilhar suas experi\u00eancias, d\u00favidas e anseios, fortalecendo assim as amizades, o crescimento pessoal e o protagonismo na constru\u00e7\u00e3o de um mundo mais justo e fraterno.\u00a0<\/span><\/p><p><span style=\"font-weight: 400\">Ao participar de tarefas, treinamentos, ora\u00e7\u00f5es e a\u00e7\u00f5es, os jovens t\u00eam a chance de desenvolver habilidades de lideran\u00e7a, comunica\u00e7\u00e3o, resili\u00eancia e empatia, al\u00e9m de cultivar valores como a solidariedade e o respeito pelo pr\u00f3ximo. \u00a0Assim, a Pastoral Escolar e o Grupo de Jovens contribuem para a forma\u00e7\u00e3o integral dos estudantes, ajudando-os a enfrentar os desafios desta fase da vida e a se tornarem cidad\u00e3os conscientes, cr\u00edticos e comprometidos com a constru\u00e7\u00e3o de um mundo melhor.<\/span><\/p><p><b>Afinal, o que \u00e9 um grupo de jovens da Rede\u00a0ICM?<\/b><\/p><p><span style=\"font-weight: 400\">\u2013 Um Grupo din\u00e2mico, acolhedor, protagonista e comprometido com a\u00a0proposta de Jesus Cristo.<\/span><\/p><p><span style=\"font-weight: 400\">\u2013 Jovens inspirados pelo carisma e miss\u00e3o de B\u00e1rbara\u00a0Maix que s\u00e3o protagonistas de sua caminhada.<\/span><\/p><p><span style=\"font-weight: 400\">\u2013 Grupos de reflex\u00e3o e forma\u00e7\u00e3o integral alimentando a f\u00e9\u00a0e a utopia juvenil.<\/span><\/p><p><span style=\"font-weight: 400\">\u2013 Jovens articuladores de a\u00e7\u00f5es sociais e solid\u00e1rias integrando a ora\u00e7\u00e3o e a pr\u00e1tica \u00e0 luz da Palavra de Deus.<\/span><\/p><p><em><span style=\"font-weight: 400\">Estudante do Cora\u00e7\u00e3o, ficou curioso ou curiosa? Venha conhecer:<\/span><\/em><\/p><p><b>Encontros<\/b><\/p><p><span style=\"font-weight: 400\">Dia da semana: Quarta \u2013 feira<\/span><\/p><p><span style=\"font-weight: 400\">Hor\u00e1rio: 14h \u00e0s <\/span><span style=\"font-weight: 400\">15h<\/span><\/p><p><span style=\"font-weight: 400\">Local:\u00a0Col\u00e9gio Cora\u00e7\u00e3o de Maria<\/span><\/p><\/div>\t\t\t\t\t\t\t\t<\/div>\n\t\t\t\t<\/div>\n\t\t<div class=\"elementor-element elementor-element-0588e59 e-con-full e-flex elementor-invisible e-con e-child\" data-id=\"0588e59\" data-element_type=\"container\" data-e-type=\"container\" data-settings=\"{&quot;animation&quot;:&quot;fadeInUp&quot;}\">\n\t\t<div class=\"elementor-element elementor-element-2a7bee2 e-con-full e-flex e-con e-child\" data-id=\"2a7bee2\" data-element_type=\"container\" data-e-type=\"container\">\n\t\t\t\t<div class=\"elementor-element elementor-element-1f919a0 elementor-widget elementor-widget-heading\" data-id=\"1f919a0\" data-element_type=\"widget\" data-e-type=\"widget\" data-widget_type=\"heading.default\">\n\t\t\t\t<div class=\"elementor-widget-container\">\n\t\t\t\t\t<h3 class=\"elementor-heading-title elementor-size-default\">Coordena\u00e7\u00e3o de Pastoral<\/h3>\t\t\t\t<\/div>\n\t\t\t\t<\/div>\n\t\t<div class=\"elementor-element elementor-element-6a7532b e-con-full e-flex e-con e-child\" data-id=\"6a7532b\" data-element_type=\"container\" data-e-type=\"container\" data-settings=\"{&quot;background_background&quot;:&quot;classic&quot;}\">\n\t\t\t\t<div class=\"elementor-element elementor-element-0338e0e elementor-widget elementor-widget-text-editor\" data-id=\"0338e0e\" data-element_type=\"widget\" data-e-type=\"widget\" data-settings=\"{&quot;_animation&quot;:&quot;none&quot;}\" data-widget_type=\"text-editor.default\">\n\t\t\t\t<div class=\"elementor-widget-container\">\n\t\t\t\t\t\t\t\t\t<p>Valdinei Cagnini<\/p>\t\t\t\t\t\t\t\t<\/div>\n\t\t\t\t<\/div>\n\t\t\t\t<\/div>\n\t\t\t\t<\/div>\n\t\t<div class=\"elementor-element elementor-element-95d963a e-con-full e-flex e-con e-child\" data-id=\"95d963a\" data-element_type=\"container\" data-e-type=\"container\">\n\t\t\t\t<div class=\"elementor-element elementor-element-e1ef839 elementor-widget elementor-widget-heading\" data-id=\"e1ef839\" data-element_type=\"widget\" data-e-type=\"widget\" data-widget_type=\"heading.default\">\n\t\t\t\t<div class=\"elementor-widget-container\">\n\t\t\t\t\t<h3 class=\"elementor-heading-title elementor-size-default\">Auxiliar de Pastoral Escolar<\/h3>\t\t\t\t<\/div>\n\t\t\t\t<\/div>\n\t\t<div class=\"elementor-element elementor-element-802afde e-con-full e-flex e-con e-child\" data-id=\"802afde\" data-element_type=\"container\" data-e-type=\"container\" data-settings=\"{&quot;background_background&quot;:&quot;classic&quot;}\">\n\t\t\t\t<div class=\"elementor-element elementor-element-2988ee9 elementor-widget elementor-widget-text-editor\" data-id=\"2988ee9\" data-element_type=\"widget\" data-e-type=\"widget\" data-settings=\"{&quot;_animation&quot;:&quot;none&quot;}\" data-widget_type=\"text-editor.default\">\n\t\t\t\t<div class=\"elementor-widget-container\">\n\t\t\t\t\t\t\t\t\t<p>Val\u00e9ria Barin Vogt<\/p>\t\t\t\t\t\t\t\t<\/div>\n\t\t\t\t<\/div>\n\t\t\t\t<\/div>\n\t\t\t\t<\/div>\n\t\t\t\t<\/div>\n\t\t\t\t\t<\/div>\n\t\t\t\t<\/div>\n\t\t\t\t<\/div>\n\t\t\t\t<\/div>\n\t\t","protected":false},"excerpt":{"rendered":"<p>Setores Pastoral Escolar A Pastoral Escolar visa intensificar as a\u00e7\u00f5es de cunho pastoral no ambiente educativo, fazendo dele um ambiente de celebra\u00e7\u00e3o da a\u00e7\u00e3o de Deus na vida da pessoa e na viv\u00eancia dos valores humano-crist\u00e3os. Busca ser um espa\u00e7o de evangeliza\u00e7\u00e3o e de forma\u00e7\u00e3o integral do ser humano, promovendo com sua pr\u00e1xis a\u00a0 m\u00edstica [&hellip;]<\/p>\n","protected":false},"author":1,"featured_media":126,"parent":0,"menu_order":0,"comment_status":"closed","ping_status":"closed","template":"","meta":{"_acf_changed":false,"footnotes":""},"class_list":["post-1099","page","type-page","status-publish","has-post-thumbnail","hentry"],"acf":[],"yoast_head":"<!-- This site is optimized with the Yoast SEO plugin v26.3 - https:\/\/yoast.com\/wordpress\/plugins\/seo\/ -->\n<title>Pastoral Escolar - Col\u00e9gio Cora\u00e7\u00e3o de Maria | Rede ICM<\/title>\n<meta name=\"robots\" content=\"index, follow, max-snippet:-1, max-image-preview:large, max-video-preview:-1\" \/>\n<link rel=\"canonical\" href=\"https:\/\/redeicm.org.br\/coracaodemaria\/pastoral\/\" \/>\n<meta property=\"og:locale\" content=\"pt_BR\" \/>\n<meta property=\"og:type\" content=\"article\" \/>\n<meta property=\"og:title\" content=\"Pastoral Escolar - Col\u00e9gio Cora\u00e7\u00e3o de Maria | Rede ICM\" \/>\n<meta property=\"og:description\" content=\"Setores Pastoral Escolar A Pastoral Escolar visa intensificar as a\u00e7\u00f5es de cunho pastoral no ambiente educativo, fazendo dele um ambiente de celebra\u00e7\u00e3o da a\u00e7\u00e3o de Deus na vida da pessoa e na viv\u00eancia dos valores humano-crist\u00e3os. Busca ser um espa\u00e7o de evangeliza\u00e7\u00e3o e de forma\u00e7\u00e3o integral do ser humano, promovendo com sua pr\u00e1xis a\u00a0 m\u00edstica [&hellip;]\" \/>\n<meta property=\"og:url\" content=\"https:\/\/redeicm.org.br\/coracaodemaria\/pastoral\/\" \/>\n<meta property=\"og:site_name\" content=\"Col\u00e9gio Cora\u00e7\u00e3o de Maria | Rede ICM\" \/>\n<meta property=\"article:modified_time\" content=\"2025-05-28T17:38:21+00:00\" \/>\n<meta property=\"og:image\" content=\"https:\/\/redeicm.org.br\/coracaodemaria\/wp-content\/uploads\/sites\/7\/2024\/08\/banner-direcao.jpg\" \/>\n\t<meta property=\"og:image:width\" content=\"1440\" \/>\n\t<meta property=\"og:image:height\" content=\"400\" \/>\n\t<meta property=\"og:image:type\" content=\"image\/jpeg\" \/>\n<meta name=\"twitter:card\" content=\"summary_large_image\" \/>\n<meta name=\"twitter:label1\" content=\"Est. tempo de leitura\" \/>\n\t<meta name=\"twitter:data1\" content=\"3 minutos\" \/>\n<script type=\"application\/ld+json\" class=\"yoast-schema-graph\">{\"@context\":\"https:\/\/schema.org\",\"@graph\":[{\"@type\":\"WebPage\",\"@id\":\"https:\/\/redeicm.org.br\/coracaodemaria\/pastoral\/\",\"url\":\"https:\/\/redeicm.org.br\/coracaodemaria\/pastoral\/\",\"name\":\"Pastoral Escolar - Col\u00e9gio Cora\u00e7\u00e3o de Maria | Rede ICM\",\"isPartOf\":{\"@id\":\"https:\/\/redeicm.org.br\/coracaodemaria\/#website\"},\"primaryImageOfPage\":{\"@id\":\"https:\/\/redeicm.org.br\/coracaodemaria\/pastoral\/#primaryimage\"},\"image\":{\"@id\":\"https:\/\/redeicm.org.br\/coracaodemaria\/pastoral\/#primaryimage\"},\"thumbnailUrl\":\"https:\/\/redeicm.org.br\/coracaodemaria\/wp-content\/uploads\/sites\/7\/2024\/08\/banner-direcao.jpg\",\"datePublished\":\"2025-05-15T15:45:31+00:00\",\"dateModified\":\"2025-05-28T17:38:21+00:00\",\"breadcrumb\":{\"@id\":\"https:\/\/redeicm.org.br\/coracaodemaria\/pastoral\/#breadcrumb\"},\"inLanguage\":\"pt-BR\",\"potentialAction\":[{\"@type\":\"ReadAction\",\"target\":[\"https:\/\/redeicm.org.br\/coracaodemaria\/pastoral\/\"]}]},{\"@type\":\"ImageObject\",\"inLanguage\":\"pt-BR\",\"@id\":\"https:\/\/redeicm.org.br\/coracaodemaria\/pastoral\/#primaryimage\",\"url\":\"https:\/\/redeicm.org.br\/coracaodemaria\/wp-content\/uploads\/sites\/7\/2024\/08\/banner-direcao.jpg\",\"contentUrl\":\"https:\/\/redeicm.org.br\/coracaodemaria\/wp-content\/uploads\/sites\/7\/2024\/08\/banner-direcao.jpg\",\"width\":1440,\"height\":400},{\"@type\":\"BreadcrumbList\",\"@id\":\"https:\/\/redeicm.org.br\/coracaodemaria\/pastoral\/#breadcrumb\",\"itemListElement\":[{\"@type\":\"ListItem\",\"position\":1,\"name\":\"In\u00edcio\",\"item\":\"https:\/\/redeicm.org.br\/coracaodemaria\/\"},{\"@type\":\"ListItem\",\"position\":2,\"name\":\"Pastoral Escolar\"}]},{\"@type\":\"WebSite\",\"@id\":\"https:\/\/redeicm.org.br\/coracaodemaria\/#website\",\"url\":\"https:\/\/redeicm.org.br\/coracaodemaria\/\",\"name\":\"Col\u00e9gio Cora\u00e7\u00e3o de Maria | Rede ICM\",\"description\":\"\",\"publisher\":{\"@id\":\"https:\/\/redeicm.org.br\/coracaodemaria\/#organization\"},\"potentialAction\":[{\"@type\":\"SearchAction\",\"target\":{\"@type\":\"EntryPoint\",\"urlTemplate\":\"https:\/\/redeicm.org.br\/coracaodemaria\/?s={search_term_string}\"},\"query-input\":{\"@type\":\"PropertyValueSpecification\",\"valueRequired\":true,\"valueName\":\"search_term_string\"}}],\"inLanguage\":\"pt-BR\"},{\"@type\":\"Organization\",\"@id\":\"https:\/\/redeicm.org.br\/coracaodemaria\/#organization\",\"name\":\"Col\u00e9gio Cora\u00e7\u00e3o de Maria | Rede ICM\",\"url\":\"https:\/\/redeicm.org.br\/coracaodemaria\/\",\"logo\":{\"@type\":\"ImageObject\",\"inLanguage\":\"pt-BR\",\"@id\":\"https:\/\/redeicm.org.br\/coracaodemaria\/#\/schema\/logo\/image\/\",\"url\":\"https:\/\/redeicm.org.br\/coracaodemaria\/wp-content\/uploads\/sites\/7\/2024\/08\/icm-educacao-coracao-de-maria-rs.webp\",\"contentUrl\":\"https:\/\/redeicm.org.br\/coracaodemaria\/wp-content\/uploads\/sites\/7\/2024\/08\/icm-educacao-coracao-de-maria-rs.webp\",\"width\":1024,\"height\":297,\"caption\":\"Col\u00e9gio Cora\u00e7\u00e3o de Maria | Rede ICM\"},\"image\":{\"@id\":\"https:\/\/redeicm.org.br\/coracaodemaria\/#\/schema\/logo\/image\/\"}}]}<\/script>\n<!-- \/ Yoast SEO plugin. -->","yoast_head_json":{"title":"Pastoral Escolar - Col\u00e9gio Cora\u00e7\u00e3o de Maria | Rede ICM","robots":{"index":"index","follow":"follow","max-snippet":"max-snippet:-1","max-image-preview":"max-image-preview:large","max-video-preview":"max-video-preview:-1"},"canonical":"https:\/\/redeicm.org.br\/coracaodemaria\/pastoral\/","og_locale":"pt_BR","og_type":"article","og_title":"Pastoral Escolar - Col\u00e9gio Cora\u00e7\u00e3o de Maria | Rede ICM","og_description":"Setores Pastoral Escolar A Pastoral Escolar visa intensificar as a\u00e7\u00f5es de cunho pastoral no ambiente educativo, fazendo dele um ambiente de celebra\u00e7\u00e3o da a\u00e7\u00e3o de Deus na vida da pessoa e na viv\u00eancia dos valores humano-crist\u00e3os. Busca ser um espa\u00e7o de evangeliza\u00e7\u00e3o e de forma\u00e7\u00e3o integral do ser humano, promovendo com sua pr\u00e1xis a\u00a0 m\u00edstica [&hellip;]","og_url":"https:\/\/redeicm.org.br\/coracaodemaria\/pastoral\/","og_site_name":"Col\u00e9gio Cora\u00e7\u00e3o de Maria | Rede ICM","article_modified_time":"2025-05-28T17:38:21+00:00","og_image":[{"width":1440,"height":400,"url":"https:\/\/redeicm.org.br\/coracaodemaria\/wp-content\/uploads\/sites\/7\/2024\/08\/banner-direcao.jpg","type":"image\/jpeg"}],"twitter_card":"summary_large_image","twitter_misc":{"Est. tempo de leitura":"3 minutos"},"schema":{"@context":"https:\/\/schema.org","@graph":[{"@type":"WebPage","@id":"https:\/\/redeicm.org.br\/coracaodemaria\/pastoral\/","url":"https:\/\/redeicm.org.br\/coracaodemaria\/pastoral\/","name":"Pastoral Escolar - Col\u00e9gio Cora\u00e7\u00e3o de Maria | Rede ICM","isPartOf":{"@id":"https:\/\/redeicm.org.br\/coracaodemaria\/#website"},"primaryImageOfPage":{"@id":"https:\/\/redeicm.org.br\/coracaodemaria\/pastoral\/#primaryimage"},"image":{"@id":"https:\/\/redeicm.org.br\/coracaodemaria\/pastoral\/#primaryimage"},"thumbnailUrl":"https:\/\/redeicm.org.br\/coracaodemaria\/wp-content\/uploads\/sites\/7\/2024\/08\/banner-direcao.jpg","datePublished":"2025-05-15T15:45:31+00:00","dateModified":"2025-05-28T17:38:21+00:00","breadcrumb":{"@id":"https:\/\/redeicm.org.br\/coracaodemaria\/pastoral\/#breadcrumb"},"inLanguage":"pt-BR","potentialAction":[{"@type":"ReadAction","target":["https:\/\/redeicm.org.br\/coracaodemaria\/pastoral\/"]}]},{"@type":"ImageObject","inLanguage":"pt-BR","@id":"https:\/\/redeicm.org.br\/coracaodemaria\/pastoral\/#primaryimage","url":"https:\/\/redeicm.org.br\/coracaodemaria\/wp-content\/uploads\/sites\/7\/2024\/08\/banner-direcao.jpg","contentUrl":"https:\/\/redeicm.org.br\/coracaodemaria\/wp-content\/uploads\/sites\/7\/2024\/08\/banner-direcao.jpg","width":1440,"height":400},{"@type":"BreadcrumbList","@id":"https:\/\/redeicm.org.br\/coracaodemaria\/pastoral\/#breadcrumb","itemListElement":[{"@type":"ListItem","position":1,"name":"In\u00edcio","item":"https:\/\/redeicm.org.br\/coracaodemaria\/"},{"@type":"ListItem","position":2,"name":"Pastoral Escolar"}]},{"@type":"WebSite","@id":"https:\/\/redeicm.org.br\/coracaodemaria\/#website","url":"https:\/\/redeicm.org.br\/coracaodemaria\/","name":"Col\u00e9gio Cora\u00e7\u00e3o de Maria | Rede ICM","description":"","publisher":{"@id":"https:\/\/redeicm.org.br\/coracaodemaria\/#organization"},"potentialAction":[{"@type":"SearchAction","target":{"@type":"EntryPoint","urlTemplate":"https:\/\/redeicm.org.br\/coracaodemaria\/?s={search_term_string}"},"query-input":{"@type":"PropertyValueSpecification","valueRequired":true,"valueName":"search_term_string"}}],"inLanguage":"pt-BR"},{"@type":"Organization","@id":"https:\/\/redeicm.org.br\/coracaodemaria\/#organization","name":"Col\u00e9gio Cora\u00e7\u00e3o de Maria | Rede ICM","url":"https:\/\/redeicm.org.br\/coracaodemaria\/","logo":{"@type":"ImageObject","inLanguage":"pt-BR","@id":"https:\/\/redeicm.org.br\/coracaodemaria\/#\/schema\/logo\/image\/","url":"https:\/\/redeicm.org.br\/coracaodemaria\/wp-content\/uploads\/sites\/7\/2024\/08\/icm-educacao-coracao-de-maria-rs.webp","contentUrl":"https:\/\/redeicm.org.br\/coracaodemaria\/wp-content\/uploads\/sites\/7\/2024\/08\/icm-educacao-coracao-de-maria-rs.webp","width":1024,"height":297,"caption":"Col\u00e9gio Cora\u00e7\u00e3o de Maria | Rede ICM"},"image":{"@id":"https:\/\/redeicm.org.br\/coracaodemaria\/#\/schema\/logo\/image\/"}}]}},"_links":{"self":[{"href":"https:\/\/redeicm.org.br\/coracaodemaria\/wp-json\/wp\/v2\/pages\/1099","targetHints":{"allow":["GET"]}}],"collection":[{"href":"https:\/\/redeicm.org.br\/coracaodemaria\/wp-json\/wp\/v2\/pages"}],"about":[{"href":"https:\/\/redeicm.org.br\/coracaodemaria\/wp-json\/wp\/v2\/types\/page"}],"author":[{"embeddable":true,"href":"https:\/\/redeicm.org.br\/coracaodemaria\/wp-json\/wp\/v2\/users\/1"}],"replies":[{"embeddable":true,"href":"https:\/\/redeicm.org.br\/coracaodemaria\/wp-json\/wp\/v2\/comments?post=1099"}],"version-history":[{"count":10,"href":"https:\/\/redeicm.org.br\/coracaodemaria\/wp-json\/wp\/v2\/pages\/1099\/revisions"}],"predecessor-version":[{"id":1416,"href":"https:\/\/redeicm.org.br\/coracaodemaria\/wp-json\/wp\/v2\/pages\/1099\/revisions\/1416"}],"wp:featuredmedia":[{"embeddable":true,"href":"https:\/\/redeicm.org.br\/coracaodemaria\/wp-json\/wp\/v2\/media\/126"}],"wp:attachment":[{"href":"https:\/\/redeicm.org.br\/coracaodemaria\/wp-json\/wp\/v2\/media?parent=1099"}],"curies":[{"name":"wp","href":"https:\/\/api.w.org\/{rel}","templated":true}]}}