{"id":1095,"date":"2025-05-15T12:45:20","date_gmt":"2025-05-15T15:45:20","guid":{"rendered":"https:\/\/redeicm.org.br\/coracaodemaria\/?page_id=1095"},"modified":"2025-05-29T11:59:13","modified_gmt":"2025-05-29T14:59:13","slug":"rh","status":"publish","type":"page","link":"https:\/\/redeicm.org.br\/coracaodemaria\/rh\/","title":{"rendered":"Recursos Humanos e Contabilidade"},"content":{"rendered":"\t\t<div data-elementor-type=\"wp-page\" data-elementor-id=\"1095\" class=\"elementor elementor-1095\" data-elementor-post-type=\"page\">\n\t\t\t\t<div class=\"elementor-element elementor-element-7f53c1a9 e-flex e-con-boxed e-con e-parent\" data-id=\"7f53c1a9\" data-element_type=\"container\" data-e-type=\"container\" data-settings=\"{&quot;background_background&quot;:&quot;classic&quot;}\">\n\t\t\t\t\t<div class=\"e-con-inner\">\n\t\t\t\t<div class=\"elementor-element elementor-element-48242c18 elementor-widget elementor-widget-heading\" data-id=\"48242c18\" data-element_type=\"widget\" data-e-type=\"widget\" data-widget_type=\"heading.default\">\n\t\t\t\t<div class=\"elementor-widget-container\">\n\t\t\t\t\t<h1 class=\"elementor-heading-title elementor-size-default\">Setores<\/h1>\t\t\t\t<\/div>\n\t\t\t\t<\/div>\n\t\t\t\t\t<\/div>\n\t\t\t\t<\/div>\n\t\t<div class=\"elementor-element elementor-element-c7a5167 e-con-full e-flex e-con e-parent\" data-id=\"c7a5167\" data-element_type=\"container\" data-e-type=\"container\" id=\"rh\" data-settings=\"{&quot;background_background&quot;:&quot;classic&quot;}\">\n\t\t\t\t<div class=\"elementor-element elementor-element-1349266 elementor-widget elementor-widget-heading\" data-id=\"1349266\" data-element_type=\"widget\" data-e-type=\"widget\" data-widget_type=\"heading.default\">\n\t\t\t\t<div class=\"elementor-widget-container\">\n\t\t\t\t\t<h2 class=\"elementor-heading-title elementor-size-default\">Recursos Humanos e Contabilidade<\/h2>\t\t\t\t<\/div>\n\t\t\t\t<\/div>\n\t\t<div class=\"elementor-element elementor-element-954e688 e-flex e-con-boxed e-con e-child\" data-id=\"954e688\" data-element_type=\"container\" data-e-type=\"container\">\n\t\t\t\t\t<div class=\"e-con-inner\">\n\t\t<div class=\"elementor-element elementor-element-5d65fbb e-flex e-con-boxed elementor-invisible e-con e-child\" data-id=\"5d65fbb\" data-element_type=\"container\" data-e-type=\"container\" data-settings=\"{&quot;animation&quot;:&quot;fadeInUp&quot;}\">\n\t\t\t\t\t<div class=\"e-con-inner\">\n\t\t\t\t<div class=\"elementor-element elementor-element-47ea011 elementor-widget elementor-widget-text-editor\" data-id=\"47ea011\" data-element_type=\"widget\" data-e-type=\"widget\" data-widget_type=\"text-editor.default\">\n\t\t\t\t<div class=\"elementor-widget-container\">\n\t\t\t\t\t\t\t\t\t<p><span style=\"font-weight: 400\">Os <strong>Servi\u00e7os de Recursos Humanos e Contabilidade<\/strong> s\u00e3o respons\u00e1veis pela <strong>organiza\u00e7\u00e3o da documenta\u00e7\u00e3o<\/strong> referente a professor e funcion\u00e1rio, bem como pelo <strong>movimento econ\u00f4mico e financeiro<\/strong> da Unidade de Ensino.<\/span><\/p>\t\t\t\t\t\t\t\t<\/div>\n\t\t\t\t<\/div>\n\t\t\t\t\t<\/div>\n\t\t\t\t<\/div>\n\t\t\t\t\t<\/div>\n\t\t\t\t<\/div>\n\t\t<div class=\"elementor-element elementor-element-701996b e-flex e-con-boxed e-con e-child\" data-id=\"701996b\" data-element_type=\"container\" data-e-type=\"container\">\n\t\t\t\t\t<div class=\"e-con-inner\">\n\t\t<div class=\"elementor-element elementor-element-ee61e52 e-con-full e-flex elementor-invisible e-con e-child\" data-id=\"ee61e52\" data-element_type=\"container\" data-e-type=\"container\" data-settings=\"{&quot;animation&quot;:&quot;fadeInUp&quot;}\">\n\t\t\t\t<div class=\"elementor-element elementor-element-b8daf04 elementor-widget elementor-widget-heading\" data-id=\"b8daf04\" data-element_type=\"widget\" data-e-type=\"widget\" data-widget_type=\"heading.default\">\n\t\t\t\t<div class=\"elementor-widget-container\">\n\t\t\t\t\t<h3 class=\"elementor-heading-title elementor-size-default\">Analista de Contabilidade<\/h3>\t\t\t\t<\/div>\n\t\t\t\t<\/div>\n\t\t<div class=\"elementor-element elementor-element-cf37bf3 e-con-full e-flex e-con e-child\" data-id=\"cf37bf3\" data-element_type=\"container\" data-e-type=\"container\">\n\t\t\t\t<div class=\"elementor-element elementor-element-421ea06 elementor-widget elementor-widget-text-editor\" data-id=\"421ea06\" data-element_type=\"widget\" data-e-type=\"widget\" data-settings=\"{&quot;_animation&quot;:&quot;none&quot;}\" data-widget_type=\"text-editor.default\">\n\t\t\t\t<div class=\"elementor-widget-container\">\n\t\t\t\t\t\t\t\t\t<p>Fabr\u00edcia de Lima Mendon\u00e7a<\/p>\t\t\t\t\t\t\t\t<\/div>\n\t\t\t\t<\/div>\n\t\t\t\t<\/div>\n\t\t\t\t<\/div>\n\t\t<div class=\"elementor-element elementor-element-077c2f1 e-con-full e-flex elementor-invisible e-con e-child\" data-id=\"077c2f1\" data-element_type=\"container\" data-e-type=\"container\" data-settings=\"{&quot;animation&quot;:&quot;fadeInUp&quot;}\">\n\t\t\t\t<div class=\"elementor-element elementor-element-a706b9c elementor-widget elementor-widget-heading\" data-id=\"a706b9c\" data-element_type=\"widget\" data-e-type=\"widget\" data-widget_type=\"heading.default\">\n\t\t\t\t<div class=\"elementor-widget-container\">\n\t\t\t\t\t<h3 class=\"elementor-heading-title elementor-size-default\">Auxiliar de R. Humanos<\/h3>\t\t\t\t<\/div>\n\t\t\t\t<\/div>\n\t\t<div class=\"elementor-element elementor-element-a7ee820 e-con-full e-flex e-con e-child\" data-id=\"a7ee820\" data-element_type=\"container\" data-e-type=\"container\">\n\t\t\t\t<div class=\"elementor-element elementor-element-4bb29e9 elementor-widget elementor-widget-text-editor\" data-id=\"4bb29e9\" data-element_type=\"widget\" data-e-type=\"widget\" data-settings=\"{&quot;_animation&quot;:&quot;none&quot;}\" data-widget_type=\"text-editor.default\">\n\t\t\t\t<div class=\"elementor-widget-container\">\n\t\t\t\t\t\t\t\t\t<p><span style=\"font-weight: 400\">Alini Niederauer Bagesteiro<\/span><\/p>\t\t\t\t\t\t\t\t<\/div>\n\t\t\t\t<\/div>\n\t\t\t\t<\/div>\n\t\t\t\t<\/div>\n\t\t\t\t\t<\/div>\n\t\t\t\t<\/div>\n\t\t\t\t<\/div>\n\t\t\t\t<\/div>\n\t\t","protected":false},"excerpt":{"rendered":"<p>Setores Recursos Humanos e Contabilidade Os Servi\u00e7os de Recursos Humanos e Contabilidade s\u00e3o respons\u00e1veis pela organiza\u00e7\u00e3o da documenta\u00e7\u00e3o referente a professor e funcion\u00e1rio, bem como pelo movimento econ\u00f4mico e financeiro da Unidade de Ensino. Analista de Contabilidade Fabr\u00edcia de Lima Mendon\u00e7a Auxiliar de R. Humanos Alini Niederauer Bagesteiro<\/p>\n","protected":false},"author":1,"featured_media":126,"parent":0,"menu_order":0,"comment_status":"closed","ping_status":"closed","template":"","meta":{"_acf_changed":false,"footnotes":""},"class_list":["post-1095","page","type-page","status-publish","has-post-thumbnail","hentry"],"acf":[],"yoast_head":"<!-- This site is optimized with the Yoast SEO plugin v26.3 - https:\/\/yoast.com\/wordpress\/plugins\/seo\/ -->\n<title>Recursos Humanos e Contabilidade - Col\u00e9gio Cora\u00e7\u00e3o de Maria | Rede ICM<\/title>\n<meta name=\"robots\" content=\"index, follow, max-snippet:-1, max-image-preview:large, max-video-preview:-1\" \/>\n<link rel=\"canonical\" href=\"https:\/\/redeicm.org.br\/coracaodemaria\/rh\/\" \/>\n<meta property=\"og:locale\" content=\"pt_BR\" \/>\n<meta property=\"og:type\" content=\"article\" \/>\n<meta property=\"og:title\" content=\"Recursos Humanos e Contabilidade - Col\u00e9gio Cora\u00e7\u00e3o de Maria | Rede ICM\" \/>\n<meta property=\"og:description\" content=\"Setores Recursos Humanos e Contabilidade Os Servi\u00e7os de Recursos Humanos e Contabilidade s\u00e3o respons\u00e1veis pela organiza\u00e7\u00e3o da documenta\u00e7\u00e3o referente a professor e funcion\u00e1rio, bem como pelo movimento econ\u00f4mico e financeiro da Unidade de Ensino. Analista de Contabilidade Fabr\u00edcia de Lima Mendon\u00e7a Auxiliar de R. Humanos Alini Niederauer Bagesteiro\" \/>\n<meta property=\"og:url\" content=\"https:\/\/redeicm.org.br\/coracaodemaria\/rh\/\" \/>\n<meta property=\"og:site_name\" content=\"Col\u00e9gio Cora\u00e7\u00e3o de Maria | Rede ICM\" \/>\n<meta property=\"article:modified_time\" content=\"2025-05-29T14:59:13+00:00\" \/>\n<meta property=\"og:image\" content=\"https:\/\/redeicm.org.br\/coracaodemaria\/wp-content\/uploads\/sites\/7\/2024\/08\/banner-direcao.jpg\" \/>\n\t<meta property=\"og:image:width\" content=\"1440\" \/>\n\t<meta property=\"og:image:height\" content=\"400\" \/>\n\t<meta property=\"og:image:type\" content=\"image\/jpeg\" \/>\n<meta name=\"twitter:card\" content=\"summary_large_image\" \/>\n<meta name=\"twitter:label1\" content=\"Est. tempo de leitura\" \/>\n\t<meta name=\"twitter:data1\" content=\"1 minuto\" \/>\n<script type=\"application\/ld+json\" class=\"yoast-schema-graph\">{\"@context\":\"https:\/\/schema.org\",\"@graph\":[{\"@type\":\"WebPage\",\"@id\":\"https:\/\/redeicm.org.br\/coracaodemaria\/rh\/\",\"url\":\"https:\/\/redeicm.org.br\/coracaodemaria\/rh\/\",\"name\":\"Recursos Humanos e Contabilidade - Col\u00e9gio Cora\u00e7\u00e3o de Maria | Rede ICM\",\"isPartOf\":{\"@id\":\"https:\/\/redeicm.org.br\/coracaodemaria\/#website\"},\"primaryImageOfPage\":{\"@id\":\"https:\/\/redeicm.org.br\/coracaodemaria\/rh\/#primaryimage\"},\"image\":{\"@id\":\"https:\/\/redeicm.org.br\/coracaodemaria\/rh\/#primaryimage\"},\"thumbnailUrl\":\"https:\/\/redeicm.org.br\/coracaodemaria\/wp-content\/uploads\/sites\/7\/2024\/08\/banner-direcao.jpg\",\"datePublished\":\"2025-05-15T15:45:20+00:00\",\"dateModified\":\"2025-05-29T14:59:13+00:00\",\"breadcrumb\":{\"@id\":\"https:\/\/redeicm.org.br\/coracaodemaria\/rh\/#breadcrumb\"},\"inLanguage\":\"pt-BR\",\"potentialAction\":[{\"@type\":\"ReadAction\",\"target\":[\"https:\/\/redeicm.org.br\/coracaodemaria\/rh\/\"]}]},{\"@type\":\"ImageObject\",\"inLanguage\":\"pt-BR\",\"@id\":\"https:\/\/redeicm.org.br\/coracaodemaria\/rh\/#primaryimage\",\"url\":\"https:\/\/redeicm.org.br\/coracaodemaria\/wp-content\/uploads\/sites\/7\/2024\/08\/banner-direcao.jpg\",\"contentUrl\":\"https:\/\/redeicm.org.br\/coracaodemaria\/wp-content\/uploads\/sites\/7\/2024\/08\/banner-direcao.jpg\",\"width\":1440,\"height\":400},{\"@type\":\"BreadcrumbList\",\"@id\":\"https:\/\/redeicm.org.br\/coracaodemaria\/rh\/#breadcrumb\",\"itemListElement\":[{\"@type\":\"ListItem\",\"position\":1,\"name\":\"In\u00edcio\",\"item\":\"https:\/\/redeicm.org.br\/coracaodemaria\/\"},{\"@type\":\"ListItem\",\"position\":2,\"name\":\"Recursos Humanos e Contabilidade\"}]},{\"@type\":\"WebSite\",\"@id\":\"https:\/\/redeicm.org.br\/coracaodemaria\/#website\",\"url\":\"https:\/\/redeicm.org.br\/coracaodemaria\/\",\"name\":\"Col\u00e9gio Cora\u00e7\u00e3o de Maria | Rede ICM\",\"description\":\"\",\"publisher\":{\"@id\":\"https:\/\/redeicm.org.br\/coracaodemaria\/#organization\"},\"potentialAction\":[{\"@type\":\"SearchAction\",\"target\":{\"@type\":\"EntryPoint\",\"urlTemplate\":\"https:\/\/redeicm.org.br\/coracaodemaria\/?s={search_term_string}\"},\"query-input\":{\"@type\":\"PropertyValueSpecification\",\"valueRequired\":true,\"valueName\":\"search_term_string\"}}],\"inLanguage\":\"pt-BR\"},{\"@type\":\"Organization\",\"@id\":\"https:\/\/redeicm.org.br\/coracaodemaria\/#organization\",\"name\":\"Col\u00e9gio Cora\u00e7\u00e3o de Maria | Rede ICM\",\"url\":\"https:\/\/redeicm.org.br\/coracaodemaria\/\",\"logo\":{\"@type\":\"ImageObject\",\"inLanguage\":\"pt-BR\",\"@id\":\"https:\/\/redeicm.org.br\/coracaodemaria\/#\/schema\/logo\/image\/\",\"url\":\"https:\/\/redeicm.org.br\/coracaodemaria\/wp-content\/uploads\/sites\/7\/2024\/08\/icm-educacao-coracao-de-maria-rs.webp\",\"contentUrl\":\"https:\/\/redeicm.org.br\/coracaodemaria\/wp-content\/uploads\/sites\/7\/2024\/08\/icm-educacao-coracao-de-maria-rs.webp\",\"width\":1024,\"height\":297,\"caption\":\"Col\u00e9gio Cora\u00e7\u00e3o de Maria | Rede ICM\"},\"image\":{\"@id\":\"https:\/\/redeicm.org.br\/coracaodemaria\/#\/schema\/logo\/image\/\"}}]}<\/script>\n<!-- \/ Yoast SEO plugin. -->","yoast_head_json":{"title":"Recursos Humanos e Contabilidade - Col\u00e9gio Cora\u00e7\u00e3o de Maria | Rede ICM","robots":{"index":"index","follow":"follow","max-snippet":"max-snippet:-1","max-image-preview":"max-image-preview:large","max-video-preview":"max-video-preview:-1"},"canonical":"https:\/\/redeicm.org.br\/coracaodemaria\/rh\/","og_locale":"pt_BR","og_type":"article","og_title":"Recursos Humanos e Contabilidade - Col\u00e9gio Cora\u00e7\u00e3o de Maria | Rede ICM","og_description":"Setores Recursos Humanos e Contabilidade Os Servi\u00e7os de Recursos Humanos e Contabilidade s\u00e3o respons\u00e1veis pela organiza\u00e7\u00e3o da documenta\u00e7\u00e3o referente a professor e funcion\u00e1rio, bem como pelo movimento econ\u00f4mico e financeiro da Unidade de Ensino. Analista de Contabilidade Fabr\u00edcia de Lima Mendon\u00e7a Auxiliar de R. Humanos Alini Niederauer Bagesteiro","og_url":"https:\/\/redeicm.org.br\/coracaodemaria\/rh\/","og_site_name":"Col\u00e9gio Cora\u00e7\u00e3o de Maria | Rede ICM","article_modified_time":"2025-05-29T14:59:13+00:00","og_image":[{"width":1440,"height":400,"url":"https:\/\/redeicm.org.br\/coracaodemaria\/wp-content\/uploads\/sites\/7\/2024\/08\/banner-direcao.jpg","type":"image\/jpeg"}],"twitter_card":"summary_large_image","twitter_misc":{"Est. tempo de leitura":"1 minuto"},"schema":{"@context":"https:\/\/schema.org","@graph":[{"@type":"WebPage","@id":"https:\/\/redeicm.org.br\/coracaodemaria\/rh\/","url":"https:\/\/redeicm.org.br\/coracaodemaria\/rh\/","name":"Recursos Humanos e Contabilidade - Col\u00e9gio Cora\u00e7\u00e3o de Maria | Rede ICM","isPartOf":{"@id":"https:\/\/redeicm.org.br\/coracaodemaria\/#website"},"primaryImageOfPage":{"@id":"https:\/\/redeicm.org.br\/coracaodemaria\/rh\/#primaryimage"},"image":{"@id":"https:\/\/redeicm.org.br\/coracaodemaria\/rh\/#primaryimage"},"thumbnailUrl":"https:\/\/redeicm.org.br\/coracaodemaria\/wp-content\/uploads\/sites\/7\/2024\/08\/banner-direcao.jpg","datePublished":"2025-05-15T15:45:20+00:00","dateModified":"2025-05-29T14:59:13+00:00","breadcrumb":{"@id":"https:\/\/redeicm.org.br\/coracaodemaria\/rh\/#breadcrumb"},"inLanguage":"pt-BR","potentialAction":[{"@type":"ReadAction","target":["https:\/\/redeicm.org.br\/coracaodemaria\/rh\/"]}]},{"@type":"ImageObject","inLanguage":"pt-BR","@id":"https:\/\/redeicm.org.br\/coracaodemaria\/rh\/#primaryimage","url":"https:\/\/redeicm.org.br\/coracaodemaria\/wp-content\/uploads\/sites\/7\/2024\/08\/banner-direcao.jpg","contentUrl":"https:\/\/redeicm.org.br\/coracaodemaria\/wp-content\/uploads\/sites\/7\/2024\/08\/banner-direcao.jpg","width":1440,"height":400},{"@type":"BreadcrumbList","@id":"https:\/\/redeicm.org.br\/coracaodemaria\/rh\/#breadcrumb","itemListElement":[{"@type":"ListItem","position":1,"name":"In\u00edcio","item":"https:\/\/redeicm.org.br\/coracaodemaria\/"},{"@type":"ListItem","position":2,"name":"Recursos Humanos e Contabilidade"}]},{"@type":"WebSite","@id":"https:\/\/redeicm.org.br\/coracaodemaria\/#website","url":"https:\/\/redeicm.org.br\/coracaodemaria\/","name":"Col\u00e9gio Cora\u00e7\u00e3o de Maria | Rede ICM","description":"","publisher":{"@id":"https:\/\/redeicm.org.br\/coracaodemaria\/#organization"},"potentialAction":[{"@type":"SearchAction","target":{"@type":"EntryPoint","urlTemplate":"https:\/\/redeicm.org.br\/coracaodemaria\/?s={search_term_string}"},"query-input":{"@type":"PropertyValueSpecification","valueRequired":true,"valueName":"search_term_string"}}],"inLanguage":"pt-BR"},{"@type":"Organization","@id":"https:\/\/redeicm.org.br\/coracaodemaria\/#organization","name":"Col\u00e9gio Cora\u00e7\u00e3o de Maria | Rede ICM","url":"https:\/\/redeicm.org.br\/coracaodemaria\/","logo":{"@type":"ImageObject","inLanguage":"pt-BR","@id":"https:\/\/redeicm.org.br\/coracaodemaria\/#\/schema\/logo\/image\/","url":"https:\/\/redeicm.org.br\/coracaodemaria\/wp-content\/uploads\/sites\/7\/2024\/08\/icm-educacao-coracao-de-maria-rs.webp","contentUrl":"https:\/\/redeicm.org.br\/coracaodemaria\/wp-content\/uploads\/sites\/7\/2024\/08\/icm-educacao-coracao-de-maria-rs.webp","width":1024,"height":297,"caption":"Col\u00e9gio Cora\u00e7\u00e3o de Maria | Rede ICM"},"image":{"@id":"https:\/\/redeicm.org.br\/coracaodemaria\/#\/schema\/logo\/image\/"}}]}},"_links":{"self":[{"href":"https:\/\/redeicm.org.br\/coracaodemaria\/wp-json\/wp\/v2\/pages\/1095","targetHints":{"allow":["GET"]}}],"collection":[{"href":"https:\/\/redeicm.org.br\/coracaodemaria\/wp-json\/wp\/v2\/pages"}],"about":[{"href":"https:\/\/redeicm.org.br\/coracaodemaria\/wp-json\/wp\/v2\/types\/page"}],"author":[{"embeddable":true,"href":"https:\/\/redeicm.org.br\/coracaodemaria\/wp-json\/wp\/v2\/users\/1"}],"replies":[{"embeddable":true,"href":"https:\/\/redeicm.org.br\/coracaodemaria\/wp-json\/wp\/v2\/comments?post=1095"}],"version-history":[{"count":23,"href":"https:\/\/redeicm.org.br\/coracaodemaria\/wp-json\/wp\/v2\/pages\/1095\/revisions"}],"predecessor-version":[{"id":1453,"href":"https:\/\/redeicm.org.br\/coracaodemaria\/wp-json\/wp\/v2\/pages\/1095\/revisions\/1453"}],"wp:featuredmedia":[{"embeddable":true,"href":"https:\/\/redeicm.org.br\/coracaodemaria\/wp-json\/wp\/v2\/media\/126"}],"wp:attachment":[{"href":"https:\/\/redeicm.org.br\/coracaodemaria\/wp-json\/wp\/v2\/media?parent=1095"}],"curies":[{"name":"wp","href":"https:\/\/api.w.org\/{rel}","templated":true}]}}