{"id":1094,"date":"2025-05-15T12:45:17","date_gmt":"2025-05-15T15:45:17","guid":{"rendered":"https:\/\/redeicm.org.br\/coracaodemaria\/?page_id=1094"},"modified":"2025-06-04T10:47:09","modified_gmt":"2025-06-04T13:47:09","slug":"setores-copy-3","status":"publish","type":"page","link":"https:\/\/redeicm.org.br\/coracaodemaria\/setores-copy-3\/","title":{"rendered":"Setor Alunos"},"content":{"rendered":"\t\t<div data-elementor-type=\"wp-page\" data-elementor-id=\"1094\" class=\"elementor elementor-1094\" data-elementor-post-type=\"page\">\n\t\t\t\t<div class=\"elementor-element elementor-element-7f53c1a9 e-flex e-con-boxed e-con e-parent\" data-id=\"7f53c1a9\" data-element_type=\"container\" data-e-type=\"container\" data-settings=\"{&quot;background_background&quot;:&quot;classic&quot;}\">\n\t\t\t\t\t<div class=\"e-con-inner\">\n\t\t\t\t<div class=\"elementor-element elementor-element-48242c18 elementor-widget elementor-widget-heading\" data-id=\"48242c18\" data-element_type=\"widget\" data-e-type=\"widget\" data-widget_type=\"heading.default\">\n\t\t\t\t<div class=\"elementor-widget-container\">\n\t\t\t\t\t<h1 class=\"elementor-heading-title elementor-size-default\">Setores<\/h1>\t\t\t\t<\/div>\n\t\t\t\t<\/div>\n\t\t\t\t\t<\/div>\n\t\t\t\t<\/div>\n\t\t<div class=\"elementor-element elementor-element-4231db1 e-con-full e-flex e-con e-parent\" data-id=\"4231db1\" data-element_type=\"container\" data-e-type=\"container\" id=\"alunos\" data-settings=\"{&quot;background_background&quot;:&quot;classic&quot;}\">\n\t\t\t\t<div class=\"elementor-element elementor-element-bc0e290 elementor-widget elementor-widget-heading\" data-id=\"bc0e290\" data-element_type=\"widget\" data-e-type=\"widget\" data-widget_type=\"heading.default\">\n\t\t\t\t<div class=\"elementor-widget-container\">\n\t\t\t\t\t<h2 class=\"elementor-heading-title elementor-size-default\">Setor de alunos<\/h2>\t\t\t\t<\/div>\n\t\t\t\t<\/div>\n\t\t<div class=\"elementor-element elementor-element-b688869 e-flex e-con-boxed e-con e-child\" data-id=\"b688869\" data-element_type=\"container\" data-e-type=\"container\">\n\t\t\t\t\t<div class=\"e-con-inner\">\n\t\t<div class=\"elementor-element elementor-element-98aabb2 e-flex e-con-boxed elementor-invisible e-con e-child\" data-id=\"98aabb2\" data-element_type=\"container\" data-e-type=\"container\" data-settings=\"{&quot;animation&quot;:&quot;fadeInUp&quot;}\">\n\t\t\t\t\t<div class=\"e-con-inner\">\n\t\t\t\t<div class=\"elementor-element elementor-element-a8b5870 elementor-widget elementor-widget-text-editor\" data-id=\"a8b5870\" data-element_type=\"widget\" data-e-type=\"widget\" data-widget_type=\"text-editor.default\">\n\t\t\t\t<div class=\"elementor-widget-container\">\n\t\t\t\t\t\t\t\t\t<p><span style=\"font-weight: 400\"><strong>O Setor de Alunos desempenha um papel crucial no ambiente educacional, fornecendo suporte cont\u00ednuo e orienta\u00e7\u00e3o aos alunos.<\/strong> Entre suas responsabilidades est\u00e1 recepcionar os alunos diariamente, proporcionando uma atmosfera acolhedora e facilitando uma transi\u00e7\u00e3o suave para o in\u00edcio das aulas.<\/span><\/p><p><span style=\"font-weight: 400\">Quando os alunos est\u00e3o doentes, o Setor \u00e9 respons\u00e1vel por garantir que eles recebam a assist\u00eancia necess\u00e1ria e mantenham contato pr\u00f3ximo com os pais ou respons\u00e1veis para inform\u00e1-los sobre o estado de sa\u00fade dos alunos.\u00a0<\/span><\/p><p><span style=\"font-weight: 400\">Al\u00e9m disso, ele desempenha um papel central em lidar com situa\u00e7\u00f5es em que os alunos chegam atrasados, garantindo que eles entrem em suas aulas o mais r\u00e1pido poss\u00edvel sem perturba\u00e7\u00f5es.\u00a0<\/span><\/p><p><span style=\"font-weight: 400\">O Setor mant\u00e9m um canal de comunica\u00e7\u00e3o direto com os respons\u00e1veis, fornecendo informa\u00e7\u00f5es essenciais sobre os estudantes. Assim, \u00e9 uma pe\u00e7a-chave para criar um ambiente de aprendizado seguro, inclusivo e apoiador para os alunos.<\/span><\/p>\t\t\t\t\t\t\t\t<\/div>\n\t\t\t\t<\/div>\n\t\t\t\t\t<\/div>\n\t\t\t\t<\/div>\n\t\t\t\t\t<\/div>\n\t\t\t\t<\/div>\n\t\t<div class=\"elementor-element elementor-element-f16a75d e-flex e-con-boxed e-con e-child\" data-id=\"f16a75d\" data-element_type=\"container\" data-e-type=\"container\">\n\t\t\t\t\t<div class=\"e-con-inner\">\n\t\t<div class=\"elementor-element elementor-element-b7bea62 e-con-full e-flex elementor-invisible e-con e-child\" data-id=\"b7bea62\" data-element_type=\"container\" data-e-type=\"container\" data-settings=\"{&quot;animation&quot;:&quot;fadeInUp&quot;}\">\n\t\t\t\t<div class=\"elementor-element elementor-element-8c13719 elementor-widget elementor-widget-heading\" data-id=\"8c13719\" data-element_type=\"widget\" data-e-type=\"widget\" data-widget_type=\"heading.default\">\n\t\t\t\t<div class=\"elementor-widget-container\">\n\t\t\t\t\t<h3 class=\"elementor-heading-title elementor-size-default\">Coordena\u00e7\u00e3o do Setor <br>de Alunos<\/h3>\t\t\t\t<\/div>\n\t\t\t\t<\/div>\n\t\t<div class=\"elementor-element elementor-element-3821b40 e-con-full e-flex e-con e-child\" data-id=\"3821b40\" data-element_type=\"container\" data-e-type=\"container\">\n\t\t\t\t<div class=\"elementor-element elementor-element-3c8c771 elementor-widget elementor-widget-text-editor\" data-id=\"3c8c771\" data-element_type=\"widget\" data-e-type=\"widget\" data-settings=\"{&quot;_animation&quot;:&quot;none&quot;}\" data-widget_type=\"text-editor.default\">\n\t\t\t\t<div class=\"elementor-widget-container\">\n\t\t\t\t\t\t\t\t\t<p>Maridulce Terezinha Parcianello<\/p>\t\t\t\t\t\t\t\t<\/div>\n\t\t\t\t<\/div>\n\t\t\t\t<\/div>\n\t\t\t\t<\/div>\n\t\t\t\t\t<\/div>\n\t\t\t\t<\/div>\n\t\t<div class=\"elementor-element elementor-element-4959e53 e-flex e-con-boxed e-con e-child\" data-id=\"4959e53\" data-element_type=\"container\" data-e-type=\"container\">\n\t\t\t\t\t<div class=\"e-con-inner\">\n\t\t<div class=\"elementor-element elementor-element-3fb635f e-con-full e-flex elementor-invisible e-con e-child\" data-id=\"3fb635f\" data-element_type=\"container\" data-e-type=\"container\" data-settings=\"{&quot;animation&quot;:&quot;fadeInUp&quot;}\">\n\t\t\t\t<div class=\"elementor-element elementor-element-f902e51 elementor-widget elementor-widget-heading\" data-id=\"f902e51\" data-element_type=\"widget\" data-e-type=\"widget\" data-widget_type=\"heading.default\">\n\t\t\t\t<div class=\"elementor-widget-container\">\n\t\t\t\t\t<h3 class=\"elementor-heading-title elementor-size-default\">Monitoria do Setor <br>de Alunos<\/h3>\t\t\t\t<\/div>\n\t\t\t\t<\/div>\n\t\t<div class=\"elementor-element elementor-element-2e493fd e-con-full e-flex e-con e-child\" data-id=\"2e493fd\" data-element_type=\"container\" data-e-type=\"container\">\n\t\t\t\t<div class=\"elementor-element elementor-element-ec1c4c7 elementor-widget elementor-widget-text-editor\" data-id=\"ec1c4c7\" data-element_type=\"widget\" data-e-type=\"widget\" data-settings=\"{&quot;_animation&quot;:&quot;none&quot;}\" data-widget_type=\"text-editor.default\">\n\t\t\t\t<div class=\"elementor-widget-container\">\n\t\t\t\t\t\t\t\t\t<p>Ana Clara Ferraz Oliveira<\/p><p><span style=\"color: var( --e-global-color-text );font-family: var( --e-global-typography-text-font-family ), Sans-serif;font-size: var( --e-global-typography-text-font-size );font-weight: var( --e-global-typography-text-font-weight )\">Isadora Souza Padylha<\/span><\/p><p>Mariane do Nascimento Rossini<\/p>\t\t\t\t\t\t\t\t<\/div>\n\t\t\t\t<\/div>\n\t\t\t\t<\/div>\n\t\t\t\t<\/div>\n\t\t\t\t\t<\/div>\n\t\t\t\t<\/div>\n\t\t\t\t<\/div>\n\t\t\t\t<\/div>\n\t\t","protected":false},"excerpt":{"rendered":"<p>Setores Setor de alunos O Setor de Alunos desempenha um papel crucial no ambiente educacional, fornecendo suporte cont\u00ednuo e orienta\u00e7\u00e3o aos alunos. Entre suas responsabilidades est\u00e1 recepcionar os alunos diariamente, proporcionando uma atmosfera acolhedora e facilitando uma transi\u00e7\u00e3o suave para o in\u00edcio das aulas. Quando os alunos est\u00e3o doentes, o Setor \u00e9 respons\u00e1vel por garantir [&hellip;]<\/p>\n","protected":false},"author":1,"featured_media":126,"parent":0,"menu_order":0,"comment_status":"closed","ping_status":"closed","template":"","meta":{"_acf_changed":false,"footnotes":""},"class_list":["post-1094","page","type-page","status-publish","has-post-thumbnail","hentry"],"acf":[],"yoast_head":"<!-- This site is optimized with the Yoast SEO plugin v26.3 - https:\/\/yoast.com\/wordpress\/plugins\/seo\/ -->\n<title>Setor Alunos - Col\u00e9gio Cora\u00e7\u00e3o de Maria | Rede ICM<\/title>\n<meta name=\"robots\" content=\"index, follow, max-snippet:-1, max-image-preview:large, max-video-preview:-1\" \/>\n<link rel=\"canonical\" href=\"https:\/\/redeicm.org.br\/coracaodemaria\/setores-copy-3\/\" \/>\n<meta property=\"og:locale\" content=\"pt_BR\" \/>\n<meta property=\"og:type\" content=\"article\" \/>\n<meta property=\"og:title\" content=\"Setor Alunos - Col\u00e9gio Cora\u00e7\u00e3o de Maria | Rede ICM\" \/>\n<meta property=\"og:description\" content=\"Setores Setor de alunos O Setor de Alunos desempenha um papel crucial no ambiente educacional, fornecendo suporte cont\u00ednuo e orienta\u00e7\u00e3o aos alunos. Entre suas responsabilidades est\u00e1 recepcionar os alunos diariamente, proporcionando uma atmosfera acolhedora e facilitando uma transi\u00e7\u00e3o suave para o in\u00edcio das aulas. Quando os alunos est\u00e3o doentes, o Setor \u00e9 respons\u00e1vel por garantir [&hellip;]\" \/>\n<meta property=\"og:url\" content=\"https:\/\/redeicm.org.br\/coracaodemaria\/setores-copy-3\/\" \/>\n<meta property=\"og:site_name\" content=\"Col\u00e9gio Cora\u00e7\u00e3o de Maria | Rede ICM\" \/>\n<meta property=\"article:modified_time\" content=\"2025-06-04T13:47:09+00:00\" \/>\n<meta property=\"og:image\" content=\"https:\/\/redeicm.org.br\/coracaodemaria\/wp-content\/uploads\/sites\/7\/2024\/08\/banner-direcao.jpg\" \/>\n\t<meta property=\"og:image:width\" content=\"1440\" \/>\n\t<meta property=\"og:image:height\" content=\"400\" \/>\n\t<meta property=\"og:image:type\" content=\"image\/jpeg\" \/>\n<meta name=\"twitter:card\" content=\"summary_large_image\" \/>\n<meta name=\"twitter:label1\" content=\"Est. tempo de leitura\" \/>\n\t<meta name=\"twitter:data1\" content=\"1 minuto\" \/>\n<script type=\"application\/ld+json\" class=\"yoast-schema-graph\">{\"@context\":\"https:\/\/schema.org\",\"@graph\":[{\"@type\":\"WebPage\",\"@id\":\"https:\/\/redeicm.org.br\/coracaodemaria\/setores-copy-3\/\",\"url\":\"https:\/\/redeicm.org.br\/coracaodemaria\/setores-copy-3\/\",\"name\":\"Setor Alunos - Col\u00e9gio Cora\u00e7\u00e3o de Maria | Rede ICM\",\"isPartOf\":{\"@id\":\"https:\/\/redeicm.org.br\/coracaodemaria\/#website\"},\"primaryImageOfPage\":{\"@id\":\"https:\/\/redeicm.org.br\/coracaodemaria\/setores-copy-3\/#primaryimage\"},\"image\":{\"@id\":\"https:\/\/redeicm.org.br\/coracaodemaria\/setores-copy-3\/#primaryimage\"},\"thumbnailUrl\":\"https:\/\/redeicm.org.br\/coracaodemaria\/wp-content\/uploads\/sites\/7\/2024\/08\/banner-direcao.jpg\",\"datePublished\":\"2025-05-15T15:45:17+00:00\",\"dateModified\":\"2025-06-04T13:47:09+00:00\",\"breadcrumb\":{\"@id\":\"https:\/\/redeicm.org.br\/coracaodemaria\/setores-copy-3\/#breadcrumb\"},\"inLanguage\":\"pt-BR\",\"potentialAction\":[{\"@type\":\"ReadAction\",\"target\":[\"https:\/\/redeicm.org.br\/coracaodemaria\/setores-copy-3\/\"]}]},{\"@type\":\"ImageObject\",\"inLanguage\":\"pt-BR\",\"@id\":\"https:\/\/redeicm.org.br\/coracaodemaria\/setores-copy-3\/#primaryimage\",\"url\":\"https:\/\/redeicm.org.br\/coracaodemaria\/wp-content\/uploads\/sites\/7\/2024\/08\/banner-direcao.jpg\",\"contentUrl\":\"https:\/\/redeicm.org.br\/coracaodemaria\/wp-content\/uploads\/sites\/7\/2024\/08\/banner-direcao.jpg\",\"width\":1440,\"height\":400},{\"@type\":\"BreadcrumbList\",\"@id\":\"https:\/\/redeicm.org.br\/coracaodemaria\/setores-copy-3\/#breadcrumb\",\"itemListElement\":[{\"@type\":\"ListItem\",\"position\":1,\"name\":\"In\u00edcio\",\"item\":\"https:\/\/redeicm.org.br\/coracaodemaria\/\"},{\"@type\":\"ListItem\",\"position\":2,\"name\":\"Setor Alunos\"}]},{\"@type\":\"WebSite\",\"@id\":\"https:\/\/redeicm.org.br\/coracaodemaria\/#website\",\"url\":\"https:\/\/redeicm.org.br\/coracaodemaria\/\",\"name\":\"Col\u00e9gio Cora\u00e7\u00e3o de Maria | Rede ICM\",\"description\":\"\",\"publisher\":{\"@id\":\"https:\/\/redeicm.org.br\/coracaodemaria\/#organization\"},\"potentialAction\":[{\"@type\":\"SearchAction\",\"target\":{\"@type\":\"EntryPoint\",\"urlTemplate\":\"https:\/\/redeicm.org.br\/coracaodemaria\/?s={search_term_string}\"},\"query-input\":{\"@type\":\"PropertyValueSpecification\",\"valueRequired\":true,\"valueName\":\"search_term_string\"}}],\"inLanguage\":\"pt-BR\"},{\"@type\":\"Organization\",\"@id\":\"https:\/\/redeicm.org.br\/coracaodemaria\/#organization\",\"name\":\"Col\u00e9gio Cora\u00e7\u00e3o de Maria | Rede ICM\",\"url\":\"https:\/\/redeicm.org.br\/coracaodemaria\/\",\"logo\":{\"@type\":\"ImageObject\",\"inLanguage\":\"pt-BR\",\"@id\":\"https:\/\/redeicm.org.br\/coracaodemaria\/#\/schema\/logo\/image\/\",\"url\":\"https:\/\/redeicm.org.br\/coracaodemaria\/wp-content\/uploads\/sites\/7\/2024\/08\/icm-educacao-coracao-de-maria-rs.webp\",\"contentUrl\":\"https:\/\/redeicm.org.br\/coracaodemaria\/wp-content\/uploads\/sites\/7\/2024\/08\/icm-educacao-coracao-de-maria-rs.webp\",\"width\":1024,\"height\":297,\"caption\":\"Col\u00e9gio Cora\u00e7\u00e3o de Maria | Rede ICM\"},\"image\":{\"@id\":\"https:\/\/redeicm.org.br\/coracaodemaria\/#\/schema\/logo\/image\/\"}}]}<\/script>\n<!-- \/ Yoast SEO plugin. -->","yoast_head_json":{"title":"Setor Alunos - Col\u00e9gio Cora\u00e7\u00e3o de Maria | Rede ICM","robots":{"index":"index","follow":"follow","max-snippet":"max-snippet:-1","max-image-preview":"max-image-preview:large","max-video-preview":"max-video-preview:-1"},"canonical":"https:\/\/redeicm.org.br\/coracaodemaria\/setores-copy-3\/","og_locale":"pt_BR","og_type":"article","og_title":"Setor Alunos - Col\u00e9gio Cora\u00e7\u00e3o de Maria | Rede ICM","og_description":"Setores Setor de alunos O Setor de Alunos desempenha um papel crucial no ambiente educacional, fornecendo suporte cont\u00ednuo e orienta\u00e7\u00e3o aos alunos. Entre suas responsabilidades est\u00e1 recepcionar os alunos diariamente, proporcionando uma atmosfera acolhedora e facilitando uma transi\u00e7\u00e3o suave para o in\u00edcio das aulas. Quando os alunos est\u00e3o doentes, o Setor \u00e9 respons\u00e1vel por garantir [&hellip;]","og_url":"https:\/\/redeicm.org.br\/coracaodemaria\/setores-copy-3\/","og_site_name":"Col\u00e9gio Cora\u00e7\u00e3o de Maria | Rede ICM","article_modified_time":"2025-06-04T13:47:09+00:00","og_image":[{"width":1440,"height":400,"url":"https:\/\/redeicm.org.br\/coracaodemaria\/wp-content\/uploads\/sites\/7\/2024\/08\/banner-direcao.jpg","type":"image\/jpeg"}],"twitter_card":"summary_large_image","twitter_misc":{"Est. tempo de leitura":"1 minuto"},"schema":{"@context":"https:\/\/schema.org","@graph":[{"@type":"WebPage","@id":"https:\/\/redeicm.org.br\/coracaodemaria\/setores-copy-3\/","url":"https:\/\/redeicm.org.br\/coracaodemaria\/setores-copy-3\/","name":"Setor Alunos - Col\u00e9gio Cora\u00e7\u00e3o de Maria | Rede ICM","isPartOf":{"@id":"https:\/\/redeicm.org.br\/coracaodemaria\/#website"},"primaryImageOfPage":{"@id":"https:\/\/redeicm.org.br\/coracaodemaria\/setores-copy-3\/#primaryimage"},"image":{"@id":"https:\/\/redeicm.org.br\/coracaodemaria\/setores-copy-3\/#primaryimage"},"thumbnailUrl":"https:\/\/redeicm.org.br\/coracaodemaria\/wp-content\/uploads\/sites\/7\/2024\/08\/banner-direcao.jpg","datePublished":"2025-05-15T15:45:17+00:00","dateModified":"2025-06-04T13:47:09+00:00","breadcrumb":{"@id":"https:\/\/redeicm.org.br\/coracaodemaria\/setores-copy-3\/#breadcrumb"},"inLanguage":"pt-BR","potentialAction":[{"@type":"ReadAction","target":["https:\/\/redeicm.org.br\/coracaodemaria\/setores-copy-3\/"]}]},{"@type":"ImageObject","inLanguage":"pt-BR","@id":"https:\/\/redeicm.org.br\/coracaodemaria\/setores-copy-3\/#primaryimage","url":"https:\/\/redeicm.org.br\/coracaodemaria\/wp-content\/uploads\/sites\/7\/2024\/08\/banner-direcao.jpg","contentUrl":"https:\/\/redeicm.org.br\/coracaodemaria\/wp-content\/uploads\/sites\/7\/2024\/08\/banner-direcao.jpg","width":1440,"height":400},{"@type":"BreadcrumbList","@id":"https:\/\/redeicm.org.br\/coracaodemaria\/setores-copy-3\/#breadcrumb","itemListElement":[{"@type":"ListItem","position":1,"name":"In\u00edcio","item":"https:\/\/redeicm.org.br\/coracaodemaria\/"},{"@type":"ListItem","position":2,"name":"Setor Alunos"}]},{"@type":"WebSite","@id":"https:\/\/redeicm.org.br\/coracaodemaria\/#website","url":"https:\/\/redeicm.org.br\/coracaodemaria\/","name":"Col\u00e9gio Cora\u00e7\u00e3o de Maria | Rede ICM","description":"","publisher":{"@id":"https:\/\/redeicm.org.br\/coracaodemaria\/#organization"},"potentialAction":[{"@type":"SearchAction","target":{"@type":"EntryPoint","urlTemplate":"https:\/\/redeicm.org.br\/coracaodemaria\/?s={search_term_string}"},"query-input":{"@type":"PropertyValueSpecification","valueRequired":true,"valueName":"search_term_string"}}],"inLanguage":"pt-BR"},{"@type":"Organization","@id":"https:\/\/redeicm.org.br\/coracaodemaria\/#organization","name":"Col\u00e9gio Cora\u00e7\u00e3o de Maria | Rede ICM","url":"https:\/\/redeicm.org.br\/coracaodemaria\/","logo":{"@type":"ImageObject","inLanguage":"pt-BR","@id":"https:\/\/redeicm.org.br\/coracaodemaria\/#\/schema\/logo\/image\/","url":"https:\/\/redeicm.org.br\/coracaodemaria\/wp-content\/uploads\/sites\/7\/2024\/08\/icm-educacao-coracao-de-maria-rs.webp","contentUrl":"https:\/\/redeicm.org.br\/coracaodemaria\/wp-content\/uploads\/sites\/7\/2024\/08\/icm-educacao-coracao-de-maria-rs.webp","width":1024,"height":297,"caption":"Col\u00e9gio Cora\u00e7\u00e3o de Maria | Rede ICM"},"image":{"@id":"https:\/\/redeicm.org.br\/coracaodemaria\/#\/schema\/logo\/image\/"}}]}},"_links":{"self":[{"href":"https:\/\/redeicm.org.br\/coracaodemaria\/wp-json\/wp\/v2\/pages\/1094","targetHints":{"allow":["GET"]}}],"collection":[{"href":"https:\/\/redeicm.org.br\/coracaodemaria\/wp-json\/wp\/v2\/pages"}],"about":[{"href":"https:\/\/redeicm.org.br\/coracaodemaria\/wp-json\/wp\/v2\/types\/page"}],"author":[{"embeddable":true,"href":"https:\/\/redeicm.org.br\/coracaodemaria\/wp-json\/wp\/v2\/users\/1"}],"replies":[{"embeddable":true,"href":"https:\/\/redeicm.org.br\/coracaodemaria\/wp-json\/wp\/v2\/comments?post=1094"}],"version-history":[{"count":17,"href":"https:\/\/redeicm.org.br\/coracaodemaria\/wp-json\/wp\/v2\/pages\/1094\/revisions"}],"predecessor-version":[{"id":1466,"href":"https:\/\/redeicm.org.br\/coracaodemaria\/wp-json\/wp\/v2\/pages\/1094\/revisions\/1466"}],"wp:featuredmedia":[{"embeddable":true,"href":"https:\/\/redeicm.org.br\/coracaodemaria\/wp-json\/wp\/v2\/media\/126"}],"wp:attachment":[{"href":"https:\/\/redeicm.org.br\/coracaodemaria\/wp-json\/wp\/v2\/media?parent=1094"}],"curies":[{"name":"wp","href":"https:\/\/api.w.org\/{rel}","templated":true}]}}