{"id":106,"date":"2024-08-14T15:43:23","date_gmt":"2024-08-14T18:43:23","guid":{"rendered":"https:\/\/redeicm.org.br\/coracaodemaria\/educacao-infantil\/"},"modified":"2025-04-11T14:49:28","modified_gmt":"2025-04-11T17:49:28","slug":"educacao-infantil","status":"publish","type":"page","link":"https:\/\/redeicm.org.br\/coracaodemaria\/educacao-infantil\/","title":{"rendered":"Educa\u00e7\u00e3o Infantil"},"content":{"rendered":"\t\t<div data-elementor-type=\"wp-page\" data-elementor-id=\"106\" class=\"elementor elementor-106\" data-elementor-post-type=\"page\">\n\t\t\t\t<div class=\"elementor-element elementor-element-13b370a3 e-flex e-con-boxed e-con e-parent\" data-id=\"13b370a3\" data-element_type=\"container\" data-e-type=\"container\" data-settings=\"{&quot;background_background&quot;:&quot;classic&quot;}\">\n\t\t\t\t\t<div class=\"e-con-inner\">\n\t\t\t\t\t<\/div>\n\t\t\t\t<\/div>\n\t\t<div class=\"elementor-element elementor-element-66320bb6 e-flex e-con-boxed e-con e-parent\" data-id=\"66320bb6\" data-element_type=\"container\" data-e-type=\"container\">\n\t\t\t\t\t<div class=\"e-con-inner\">\n\t\t\t\t<div class=\"elementor-element elementor-element-2ca62c84 elementor-widget elementor-widget-heading\" data-id=\"2ca62c84\" data-element_type=\"widget\" data-e-type=\"widget\" data-widget_type=\"heading.default\">\n\t\t\t\t<div class=\"elementor-widget-container\">\n\t\t\t\t\t<h1 class=\"elementor-heading-title elementor-size-default\">Educa\u00e7\u00e3o Infantil<\/h1>\t\t\t\t<\/div>\n\t\t\t\t<\/div>\n\t\t\t\t\t<\/div>\n\t\t\t\t<\/div>\n\t\t<div class=\"elementor-element elementor-element-494a42c7 e-con-full e-flex e-con e-parent\" data-id=\"494a42c7\" data-element_type=\"container\" data-e-type=\"container\">\n\t\t<div class=\"elementor-element elementor-element-81ab19f e-flex e-con-boxed e-con e-child\" data-id=\"81ab19f\" data-element_type=\"container\" data-e-type=\"container\">\n\t\t\t\t\t<div class=\"e-con-inner\">\n\t\t\t\t<div class=\"elementor-element elementor-element-b740dd5 elementor-invisible elementor-widget elementor-widget-text-editor\" data-id=\"b740dd5\" data-element_type=\"widget\" data-e-type=\"widget\" data-settings=\"{&quot;_animation&quot;:&quot;fadeInUp&quot;}\" data-widget_type=\"text-editor.default\">\n\t\t\t\t<div class=\"elementor-widget-container\">\n\t\t\t\t\t\t\t\t\t<p>A <em><strong>Educa\u00e7\u00e3o Infantil no Col\u00e9gio Cora\u00e7\u00e3o de Maria \u2013 Rede ICM de Educa\u00e7\u00e3o<\/strong><\/em>, apresenta uma p<span style=\"font-weight: 400\">roposta de aprendizagem integral, valorizando:\u00a0\u00a0<\/span><\/p><p><b>IDENTIDADE E AUTONOMIA<\/b><\/p><p><b>\u00a0 \u00a0 \u00a0 \u00a0 <\/b><span style=\"font-weight: 400\">Desenvolve a constru\u00e7\u00e3o da identidade e da autonomia, num processo de intera\u00e7\u00e3o, afetividade, diversidade, constru\u00e7\u00e3o e apropria\u00e7\u00e3o de regras de conviv\u00eancia, a\u00e7\u00f5es de autocuidado e confian\u00e7a em suas capacidades, despertando os sentimentos e atitudes de solidariedade e respeito m\u00fatuo.\u00a0<\/span><\/p><p><b>CRIATIVIDADE<\/b><\/p><p><span style=\"font-weight: 400\">\u00a0 \u00a0 \u00a0 \u00a0 Estimula o pensamento criativo, o encantamento pela descoberta, imagina\u00e7\u00e3o, fantasia, desafios, explora\u00e7\u00f5es individuais e coletivas. Potencializa curiosidade em pesquisar, interagir com os ambientes, a perguntar, a brincar com as ideias e a pensar de maneira flex\u00edvel e reflexiva.O pensamento reflexivo se constr\u00f3i nas viv\u00eancias dos campos de experi\u00eancias.<\/span><\/p><p><b>ESPA\u00c7OS L\u00daDICOS E CRIATIVOS<\/b><\/p><p><span style=\"font-weight: 400\">\u00a0 \u00a0 \u00a0Desenvolve atividades e projetos em\u00a0 espa\u00e7os que apresentam um design inovador, diferenciado, com ambientes amplos, organizados, coloridos, comunicativos e acolhedores. Os materiais, brinquedos e brincadeiras s\u00e3o utilizados como incentivo para a explora\u00e7\u00e3o, a troca, a descoberta e a aprendizagem, atrav\u00e9s de viv\u00eancias mediadas pelos campos de experi\u00eancias.<\/span><\/p><p><b>APRENDENDO EM DIFERENTES LINGUAGENS<\/b><\/p><p><span style=\"font-weight: 400\">\u00a0 \u00a0 \u00a0 \u00a0\u00a0 Valoriza as diferentes linguagens utilizadas pelas crian\u00e7as em sua intera\u00e7\u00e3o com o mundo e com o outro. Fala, escrita, representa\u00e7\u00f5es gr\u00e1ficas, gestos, olhares, comportamentos, produ\u00e7\u00f5es, brincadeiras e jogos s\u00e3o utilizadas pelas crian\u00e7as para expressar seus sonhos, temores, curiosidades, sentimentos e espiritualidade, ancorados na media\u00e7\u00e3o sens\u00edvel e cuidadosa do adulto.<\/span><\/p><p><b>CUIDADO, CONVIV\u00caNCIA E AFETO<\/b><\/p><p><span style=\"font-weight: 400\">\u00a0 \u00a0 \u00a0 \u00a0 \u00a0 \u00a0 Oferece um ambiente seguro, acolhedor, com base em valores de coopera\u00e7\u00e3o, respeito, partilha e solidariedade, o qual proporciona viv\u00eancias e conviv\u00eancias estimuladoras para o desenvolvimento da crian\u00e7a em seus m\u00faltiplos aspectos. Conta com profissionais afetivos e especializados para trabalhar com as diferen\u00e7as e que garantam o bem-estar do aluno, acolhendo-o na sua individualidade.<\/span><\/p><p><b>EDUCAR, CUIDAR E BRINCAR<\/b><\/p><p><span style=\"font-weight: 400\">A proposta pedag\u00f3gica \u00e9 alicer\u00e7ada no trip\u00e9, educar, cuidar e brincar, reconhecendo estes eixos como essenciais para\u00a0 um trabalho diferenciado e de qualidade. Essa tr\u00edade \u00e9 o caminho da aprendizagem da crian\u00e7a, onde ela investiga, compartilha, pensa, constr\u00f3i, testa seus limites, se envolve com o mundo, resultando em experi\u00eancias criativas de aprendizagem.<\/span><\/p>\t\t\t\t\t\t\t\t<\/div>\n\t\t\t\t<\/div>\n\t\t\t\t\t<\/div>\n\t\t\t\t<\/div>\n\t\t\t\t<\/div>\n\t\t\t\t<\/div>\n\t\t","protected":false},"excerpt":{"rendered":"<p>A Educa\u00e7\u00e3o Infantil no Col\u00e9gio Cora\u00e7\u00e3o de Maria \u2013 Rede ICM de Educa\u00e7\u00e3o, apresenta uma proposta de aprendizagem integral, valorizando:\u00a0\u00a0 IDENTIDADE E AUTONOMIA \u00a0 \u00a0 \u00a0 \u00a0 Desenvolve a constru\u00e7\u00e3o da identidade e da autonomia, num processo de intera\u00e7\u00e3o, afetividade, diversidade, constru\u00e7\u00e3o e apropria\u00e7\u00e3o de regras de conviv\u00eancia, a\u00e7\u00f5es de autocuidado e confian\u00e7a em suas [&hellip;]<\/p>\n","protected":false},"author":1,"featured_media":109,"parent":0,"menu_order":0,"comment_status":"closed","ping_status":"closed","template":"","meta":{"_acf_changed":false,"footnotes":""},"class_list":["post-106","page","type-page","status-publish","has-post-thumbnail","hentry"],"acf":[],"yoast_head":"<!-- This site is optimized with the Yoast SEO plugin v26.3 - https:\/\/yoast.com\/wordpress\/plugins\/seo\/ -->\n<title>Educa\u00e7\u00e3o Infantil - Col\u00e9gio Cora\u00e7\u00e3o de Maria | Rede ICM<\/title>\n<meta name=\"robots\" content=\"index, follow, max-snippet:-1, max-image-preview:large, max-video-preview:-1\" \/>\n<link rel=\"canonical\" href=\"https:\/\/redeicm.org.br\/coracaodemaria\/educacao-infantil\/\" \/>\n<meta property=\"og:locale\" content=\"pt_BR\" \/>\n<meta property=\"og:type\" content=\"article\" \/>\n<meta property=\"og:title\" content=\"Educa\u00e7\u00e3o Infantil - Col\u00e9gio Cora\u00e7\u00e3o de Maria | Rede ICM\" \/>\n<meta property=\"og:description\" content=\"A Educa\u00e7\u00e3o Infantil no Col\u00e9gio Cora\u00e7\u00e3o de Maria \u2013 Rede ICM de Educa\u00e7\u00e3o, apresenta uma proposta de aprendizagem integral, valorizando:\u00a0\u00a0 IDENTIDADE E AUTONOMIA \u00a0 \u00a0 \u00a0 \u00a0 Desenvolve a constru\u00e7\u00e3o da identidade e da autonomia, num processo de intera\u00e7\u00e3o, afetividade, diversidade, constru\u00e7\u00e3o e apropria\u00e7\u00e3o de regras de conviv\u00eancia, a\u00e7\u00f5es de autocuidado e confian\u00e7a em suas [&hellip;]\" \/>\n<meta property=\"og:url\" content=\"https:\/\/redeicm.org.br\/coracaodemaria\/educacao-infantil\/\" \/>\n<meta property=\"og:site_name\" content=\"Col\u00e9gio Cora\u00e7\u00e3o de Maria | Rede ICM\" \/>\n<meta property=\"article:modified_time\" content=\"2025-04-11T17:49:28+00:00\" \/>\n<meta property=\"og:image\" content=\"https:\/\/redeicm.org.br\/coracaodemaria\/wp-content\/uploads\/sites\/7\/2024\/08\/banner-educacao-infantil.jpg\" \/>\n\t<meta property=\"og:image:width\" content=\"1440\" \/>\n\t<meta property=\"og:image:height\" content=\"400\" \/>\n\t<meta property=\"og:image:type\" content=\"image\/jpeg\" \/>\n<meta name=\"twitter:card\" content=\"summary_large_image\" \/>\n<meta name=\"twitter:label1\" content=\"Est. tempo de leitura\" \/>\n\t<meta name=\"twitter:data1\" content=\"2 minutos\" \/>\n<script type=\"application\/ld+json\" class=\"yoast-schema-graph\">{\"@context\":\"https:\/\/schema.org\",\"@graph\":[{\"@type\":\"WebPage\",\"@id\":\"https:\/\/redeicm.org.br\/coracaodemaria\/educacao-infantil\/\",\"url\":\"https:\/\/redeicm.org.br\/coracaodemaria\/educacao-infantil\/\",\"name\":\"Educa\u00e7\u00e3o Infantil - Col\u00e9gio Cora\u00e7\u00e3o de Maria | Rede ICM\",\"isPartOf\":{\"@id\":\"https:\/\/redeicm.org.br\/coracaodemaria\/#website\"},\"primaryImageOfPage\":{\"@id\":\"https:\/\/redeicm.org.br\/coracaodemaria\/educacao-infantil\/#primaryimage\"},\"image\":{\"@id\":\"https:\/\/redeicm.org.br\/coracaodemaria\/educacao-infantil\/#primaryimage\"},\"thumbnailUrl\":\"https:\/\/redeicm.org.br\/coracaodemaria\/wp-content\/uploads\/sites\/7\/2024\/08\/banner-educacao-infantil.jpg\",\"datePublished\":\"2024-08-14T18:43:23+00:00\",\"dateModified\":\"2025-04-11T17:49:28+00:00\",\"breadcrumb\":{\"@id\":\"https:\/\/redeicm.org.br\/coracaodemaria\/educacao-infantil\/#breadcrumb\"},\"inLanguage\":\"pt-BR\",\"potentialAction\":[{\"@type\":\"ReadAction\",\"target\":[\"https:\/\/redeicm.org.br\/coracaodemaria\/educacao-infantil\/\"]}]},{\"@type\":\"ImageObject\",\"inLanguage\":\"pt-BR\",\"@id\":\"https:\/\/redeicm.org.br\/coracaodemaria\/educacao-infantil\/#primaryimage\",\"url\":\"https:\/\/redeicm.org.br\/coracaodemaria\/wp-content\/uploads\/sites\/7\/2024\/08\/banner-educacao-infantil.jpg\",\"contentUrl\":\"https:\/\/redeicm.org.br\/coracaodemaria\/wp-content\/uploads\/sites\/7\/2024\/08\/banner-educacao-infantil.jpg\",\"width\":1440,\"height\":400},{\"@type\":\"BreadcrumbList\",\"@id\":\"https:\/\/redeicm.org.br\/coracaodemaria\/educacao-infantil\/#breadcrumb\",\"itemListElement\":[{\"@type\":\"ListItem\",\"position\":1,\"name\":\"In\u00edcio\",\"item\":\"https:\/\/redeicm.org.br\/coracaodemaria\/\"},{\"@type\":\"ListItem\",\"position\":2,\"name\":\"Educa\u00e7\u00e3o Infantil\"}]},{\"@type\":\"WebSite\",\"@id\":\"https:\/\/redeicm.org.br\/coracaodemaria\/#website\",\"url\":\"https:\/\/redeicm.org.br\/coracaodemaria\/\",\"name\":\"Col\u00e9gio Cora\u00e7\u00e3o de Maria | Rede ICM\",\"description\":\"\",\"publisher\":{\"@id\":\"https:\/\/redeicm.org.br\/coracaodemaria\/#organization\"},\"potentialAction\":[{\"@type\":\"SearchAction\",\"target\":{\"@type\":\"EntryPoint\",\"urlTemplate\":\"https:\/\/redeicm.org.br\/coracaodemaria\/?s={search_term_string}\"},\"query-input\":{\"@type\":\"PropertyValueSpecification\",\"valueRequired\":true,\"valueName\":\"search_term_string\"}}],\"inLanguage\":\"pt-BR\"},{\"@type\":\"Organization\",\"@id\":\"https:\/\/redeicm.org.br\/coracaodemaria\/#organization\",\"name\":\"Col\u00e9gio Cora\u00e7\u00e3o de Maria | Rede ICM\",\"url\":\"https:\/\/redeicm.org.br\/coracaodemaria\/\",\"logo\":{\"@type\":\"ImageObject\",\"inLanguage\":\"pt-BR\",\"@id\":\"https:\/\/redeicm.org.br\/coracaodemaria\/#\/schema\/logo\/image\/\",\"url\":\"https:\/\/redeicm.org.br\/coracaodemaria\/wp-content\/uploads\/sites\/7\/2024\/08\/icm-educacao-coracao-de-maria-rs.webp\",\"contentUrl\":\"https:\/\/redeicm.org.br\/coracaodemaria\/wp-content\/uploads\/sites\/7\/2024\/08\/icm-educacao-coracao-de-maria-rs.webp\",\"width\":1024,\"height\":297,\"caption\":\"Col\u00e9gio Cora\u00e7\u00e3o de Maria | Rede ICM\"},\"image\":{\"@id\":\"https:\/\/redeicm.org.br\/coracaodemaria\/#\/schema\/logo\/image\/\"}}]}<\/script>\n<!-- \/ Yoast SEO plugin. -->","yoast_head_json":{"title":"Educa\u00e7\u00e3o Infantil - Col\u00e9gio Cora\u00e7\u00e3o de Maria | Rede ICM","robots":{"index":"index","follow":"follow","max-snippet":"max-snippet:-1","max-image-preview":"max-image-preview:large","max-video-preview":"max-video-preview:-1"},"canonical":"https:\/\/redeicm.org.br\/coracaodemaria\/educacao-infantil\/","og_locale":"pt_BR","og_type":"article","og_title":"Educa\u00e7\u00e3o Infantil - Col\u00e9gio Cora\u00e7\u00e3o de Maria | Rede ICM","og_description":"A Educa\u00e7\u00e3o Infantil no Col\u00e9gio Cora\u00e7\u00e3o de Maria \u2013 Rede ICM de Educa\u00e7\u00e3o, apresenta uma proposta de aprendizagem integral, valorizando:\u00a0\u00a0 IDENTIDADE E AUTONOMIA \u00a0 \u00a0 \u00a0 \u00a0 Desenvolve a constru\u00e7\u00e3o da identidade e da autonomia, num processo de intera\u00e7\u00e3o, afetividade, diversidade, constru\u00e7\u00e3o e apropria\u00e7\u00e3o de regras de conviv\u00eancia, a\u00e7\u00f5es de autocuidado e confian\u00e7a em suas [&hellip;]","og_url":"https:\/\/redeicm.org.br\/coracaodemaria\/educacao-infantil\/","og_site_name":"Col\u00e9gio Cora\u00e7\u00e3o de Maria | Rede ICM","article_modified_time":"2025-04-11T17:49:28+00:00","og_image":[{"width":1440,"height":400,"url":"https:\/\/redeicm.org.br\/coracaodemaria\/wp-content\/uploads\/sites\/7\/2024\/08\/banner-educacao-infantil.jpg","type":"image\/jpeg"}],"twitter_card":"summary_large_image","twitter_misc":{"Est. tempo de leitura":"2 minutos"},"schema":{"@context":"https:\/\/schema.org","@graph":[{"@type":"WebPage","@id":"https:\/\/redeicm.org.br\/coracaodemaria\/educacao-infantil\/","url":"https:\/\/redeicm.org.br\/coracaodemaria\/educacao-infantil\/","name":"Educa\u00e7\u00e3o Infantil - Col\u00e9gio Cora\u00e7\u00e3o de Maria | Rede ICM","isPartOf":{"@id":"https:\/\/redeicm.org.br\/coracaodemaria\/#website"},"primaryImageOfPage":{"@id":"https:\/\/redeicm.org.br\/coracaodemaria\/educacao-infantil\/#primaryimage"},"image":{"@id":"https:\/\/redeicm.org.br\/coracaodemaria\/educacao-infantil\/#primaryimage"},"thumbnailUrl":"https:\/\/redeicm.org.br\/coracaodemaria\/wp-content\/uploads\/sites\/7\/2024\/08\/banner-educacao-infantil.jpg","datePublished":"2024-08-14T18:43:23+00:00","dateModified":"2025-04-11T17:49:28+00:00","breadcrumb":{"@id":"https:\/\/redeicm.org.br\/coracaodemaria\/educacao-infantil\/#breadcrumb"},"inLanguage":"pt-BR","potentialAction":[{"@type":"ReadAction","target":["https:\/\/redeicm.org.br\/coracaodemaria\/educacao-infantil\/"]}]},{"@type":"ImageObject","inLanguage":"pt-BR","@id":"https:\/\/redeicm.org.br\/coracaodemaria\/educacao-infantil\/#primaryimage","url":"https:\/\/redeicm.org.br\/coracaodemaria\/wp-content\/uploads\/sites\/7\/2024\/08\/banner-educacao-infantil.jpg","contentUrl":"https:\/\/redeicm.org.br\/coracaodemaria\/wp-content\/uploads\/sites\/7\/2024\/08\/banner-educacao-infantil.jpg","width":1440,"height":400},{"@type":"BreadcrumbList","@id":"https:\/\/redeicm.org.br\/coracaodemaria\/educacao-infantil\/#breadcrumb","itemListElement":[{"@type":"ListItem","position":1,"name":"In\u00edcio","item":"https:\/\/redeicm.org.br\/coracaodemaria\/"},{"@type":"ListItem","position":2,"name":"Educa\u00e7\u00e3o Infantil"}]},{"@type":"WebSite","@id":"https:\/\/redeicm.org.br\/coracaodemaria\/#website","url":"https:\/\/redeicm.org.br\/coracaodemaria\/","name":"Col\u00e9gio Cora\u00e7\u00e3o de Maria | Rede ICM","description":"","publisher":{"@id":"https:\/\/redeicm.org.br\/coracaodemaria\/#organization"},"potentialAction":[{"@type":"SearchAction","target":{"@type":"EntryPoint","urlTemplate":"https:\/\/redeicm.org.br\/coracaodemaria\/?s={search_term_string}"},"query-input":{"@type":"PropertyValueSpecification","valueRequired":true,"valueName":"search_term_string"}}],"inLanguage":"pt-BR"},{"@type":"Organization","@id":"https:\/\/redeicm.org.br\/coracaodemaria\/#organization","name":"Col\u00e9gio Cora\u00e7\u00e3o de Maria | Rede ICM","url":"https:\/\/redeicm.org.br\/coracaodemaria\/","logo":{"@type":"ImageObject","inLanguage":"pt-BR","@id":"https:\/\/redeicm.org.br\/coracaodemaria\/#\/schema\/logo\/image\/","url":"https:\/\/redeicm.org.br\/coracaodemaria\/wp-content\/uploads\/sites\/7\/2024\/08\/icm-educacao-coracao-de-maria-rs.webp","contentUrl":"https:\/\/redeicm.org.br\/coracaodemaria\/wp-content\/uploads\/sites\/7\/2024\/08\/icm-educacao-coracao-de-maria-rs.webp","width":1024,"height":297,"caption":"Col\u00e9gio Cora\u00e7\u00e3o de Maria | Rede ICM"},"image":{"@id":"https:\/\/redeicm.org.br\/coracaodemaria\/#\/schema\/logo\/image\/"}}]}},"_links":{"self":[{"href":"https:\/\/redeicm.org.br\/coracaodemaria\/wp-json\/wp\/v2\/pages\/106","targetHints":{"allow":["GET"]}}],"collection":[{"href":"https:\/\/redeicm.org.br\/coracaodemaria\/wp-json\/wp\/v2\/pages"}],"about":[{"href":"https:\/\/redeicm.org.br\/coracaodemaria\/wp-json\/wp\/v2\/types\/page"}],"author":[{"embeddable":true,"href":"https:\/\/redeicm.org.br\/coracaodemaria\/wp-json\/wp\/v2\/users\/1"}],"replies":[{"embeddable":true,"href":"https:\/\/redeicm.org.br\/coracaodemaria\/wp-json\/wp\/v2\/comments?post=106"}],"version-history":[{"count":0,"href":"https:\/\/redeicm.org.br\/coracaodemaria\/wp-json\/wp\/v2\/pages\/106\/revisions"}],"wp:featuredmedia":[{"embeddable":true,"href":"https:\/\/redeicm.org.br\/coracaodemaria\/wp-json\/wp\/v2\/media\/109"}],"wp:attachment":[{"href":"https:\/\/redeicm.org.br\/coracaodemaria\/wp-json\/wp\/v2\/media?parent=106"}],"curies":[{"name":"wp","href":"https:\/\/api.w.org\/{rel}","templated":true}]}}