{"id":860,"date":"2025-05-29T19:59:25","date_gmt":"2025-05-29T22:59:25","guid":{"rendered":"https:\/\/redeicm.org.br\/casadacrianca\/?page_id=860"},"modified":"2025-10-28T10:19:53","modified_gmt":"2025-10-28T13:19:53","slug":"regimento","status":"publish","type":"page","link":"https:\/\/redeicm.org.br\/casadacrianca\/regimento\/","title":{"rendered":"Regimento"},"content":{"rendered":"\t\t<div data-elementor-type=\"wp-page\" data-elementor-id=\"860\" class=\"elementor elementor-860\" data-elementor-post-type=\"page\">\n\t\t\t\t<div class=\"elementor-element elementor-element-13b370a3 e-flex e-con-boxed e-con e-parent\" data-id=\"13b370a3\" data-element_type=\"container\" data-e-type=\"container\" data-settings=\"{&quot;background_background&quot;:&quot;classic&quot;}\">\n\t\t\t\t\t<div class=\"e-con-inner\">\n\t\t\t\t<div class=\"elementor-element elementor-element-2ca62c84 elementor-widget elementor-widget-heading\" data-id=\"2ca62c84\" data-element_type=\"widget\" data-e-type=\"widget\" data-widget_type=\"heading.default\">\n\t\t\t\t<div class=\"elementor-widget-container\">\n\t\t\t\t\t<h1 class=\"elementor-heading-title elementor-size-default\">Regimento<\/h1>\t\t\t\t<\/div>\n\t\t\t\t<\/div>\n\t\t\t\t\t<\/div>\n\t\t\t\t<\/div>\n\t\t<div class=\"elementor-element elementor-element-13da1d4 e-flex e-con-boxed e-con e-parent\" data-id=\"13da1d4\" data-element_type=\"container\" data-e-type=\"container\">\n\t\t\t\t\t<div class=\"e-con-inner\">\n\t\t\t\t\t<\/div>\n\t\t\t\t<\/div>\n\t\t<div class=\"elementor-element elementor-element-8adbc33 e-flex e-con-boxed e-con e-parent\" data-id=\"8adbc33\" data-element_type=\"container\" data-e-type=\"container\">\n\t\t\t\t\t<div class=\"e-con-inner\">\n\t\t\t\t<div class=\"elementor-element elementor-element-e0e28f6 elementor-widget elementor-widget-text-editor\" data-id=\"e0e28f6\" data-element_type=\"widget\" data-e-type=\"widget\" data-widget_type=\"text-editor.default\">\n\t\t\t\t<div class=\"elementor-widget-container\">\n\t\t\t\t\t\t\t\t\t<p><strong>Miss\u00e3o:<\/strong><\/p><p>Promover e defender a vida das pessoas em situa\u00e7\u00e3o de vulnerabilidade, risco social e pessoal, atrav\u00e9s de espa\u00e7os de preven\u00e7\u00e3o e prote\u00e7\u00e3o, para o acesso aos direitos sociais, incentivando o desenvolvimento do pensamento cr\u00edtico e a pr\u00e1tica da cidadania.<\/p><p><strong>Vis\u00e3o: \u00a0\u00a0\u00a0\u00a0\u00a0\u00a0\u00a0\u00a0\u00a0<\/strong><\/p><p>Ser uma Rede de Assist\u00eancia Social reconhecida pelos servi\u00e7os qualificados de prote\u00e7\u00e3o social, em busca de sustentabilidade.\u00a0<\/p><p><strong>Identifica\u00e7\u00e3o dos Usu\u00e1rios d<\/strong><strong>o Servi\u00e7o de Conviv\u00eancia e Fortalecimento de V\u00ednculos &#8211; SCFV:<\/strong><\/p><ul><li>Crian\u00e7as e Adolescentes de 06 a 15 anos.<\/li><li>Fam\u00edlias prioritariamente inscritas no CAD\u00daNICO (Cadastro para Programas Sociais do Governo Federal).<\/li><li><strong>Conforme o Art. 3\u00ba da resolu\u00e7\u00e3o do CNAS n\u00ba 01 de 21 de Fevereiro de 2013, <\/strong>consideram-se prioridade para inclus\u00e3o no SCFV, as crian\u00e7as e adolescentes em:<\/li><li>Situa\u00e7\u00e3o de isolamento;<\/li><li>Trabalho Infantil;<\/li><\/ul><ul><li>Viv\u00eancia de viol\u00eancia e\/ou neglig\u00eancia;<\/li><li>Fora da escola ou com defasagem escolar superior a dois anos;<\/li><li>Em situa\u00e7\u00e3o de acolhimento;<\/li><li>Em cumprimento de medida Socioeducativa em meio aberto;<\/li><li>Egressos de medidas socioeducativas;<\/li><li>Situa\u00e7\u00e3o de abuso e ou explora\u00e7\u00e3o sexual;<\/li><li>Com medidas de prote\u00e7\u00e3o do Estatuto da Crian\u00e7a e do Adolescente\u00a0 ECA;<\/li><li>Crian\u00e7as e adolescentes em situa\u00e7\u00e3o de rua;<\/li><li>Vulnerabilidade que diz respeito \u00e1s pessoas com defici\u00eancia.<\/li><\/ul><p>OBS: Destaca-se que o SCFV \u201cpossui car\u00e1ter preventivo e proativo\u201d, de acordo com a Tipifica\u00e7\u00e3o Nacional dos Servi\u00e7os Socioassistenciais, Resolu\u00e7\u00e3o CNAS n\u00b0 109 de 11\/11\/09, ocorrendo o atendimentos de usu\u00e1rios no n\u00edvel de preven\u00e7\u00e3o para evitar as viola\u00e7\u00f5es de direitos.<\/p><p>O servi\u00e7o \u00e9 ofertado no turno inverso da escola, n\u00e3o inferior a 4 horas di\u00e1rias, de segunda a sexta-feira.<\/p><p>\u00a0<\/p><p><strong>Responsabilidades da Mantenedora, Unidades Socioassistenciais mantidas (Executoras) e dos usu\u00e1rios e seus respons\u00e1veis( fam\u00edlias): \u00a0<\/strong><\/p><p>As responsabilidades m\u00fatuas encontram-se no conjunto de documentos do CEBAS (Certificado de Entidade Beneficente de Assist\u00eancia Social) da Rede ICM de Assist\u00eancia Social, especialmente nos Termos de Compromisso de cada servi\u00e7o, programa e ou projeto ofertado, Termos de Colabora\u00e7\u00e3o, e ou documentos espec\u00edficos, de acordo com o Marco Regulat\u00f3rio e as devidas assinaturas.<\/p><p>\u00a0<\/p><p><u><strong>Ingresso:<\/strong><\/u><\/p><ul><li>Conforme edital e vagas dispon\u00edveis;<\/li><li>No m\u00ednimo 50% das fam\u00edlias com inscri\u00e7\u00e3o no CAD\u00daNICO e NIS;<\/li><li>Prioridade: Renova\u00e7\u00e3o das vagas aos usu\u00e1rios do servi\u00e7o;<\/li><li>Ingresso de crian\u00e7as e adolescentes durante o ano respeitando a capacidade de atendimento prevista no Plano de A\u00e7\u00e3o, bem como situa\u00e7\u00f5es priorit\u00e1rias da rede de prote\u00e7\u00e3o do territ\u00f3rio.<\/li><li>Reingresso: mediante analise das situa\u00e7\u00f5es especificas de viola\u00e7\u00e3o de direitos visando \u00e0 prote\u00e7\u00e3o social.<\/li><li>Assinatura do Termo de Compromisso;<\/li><li>Servi\u00e7os parceirizados procurar a interlocu\u00e7\u00e3o com o Gestor Local e articular os fluxos de atendimento.<\/li><\/ul><div>\u00a0<\/div><p><strong><u>Desligamento<\/u><\/strong>: Poder\u00e1 ocorrer quando:<\/p><ul><li>Atingir a idade prevista no servi\u00e7o;<\/li><li>Ocorrer mudan\u00e7a de territ\u00f3rio e\/ou endere\u00e7o;<\/li><li>Quando houver Evas\u00e3o;<\/li><li>O usu\u00e1rio e ou seu respons\u00e1vel optar pelo desligamento por outros motivos;<\/li><li>Emancipa\u00e7\u00e3o social e ou econ\u00f4mica;<\/li><li>Descumprir o\u00a0 Termo de Compromisso;<\/li><li>Comprovada a incapacidade de conviv\u00eancia, depois de esgotados os recursos para a continuidade do atendimento.<\/li><\/ul><p>\u00a0<\/p>\t\t\t\t\t\t\t\t<\/div>\n\t\t\t\t<\/div>\n\t\t\t\t\t<\/div>\n\t\t\t\t<\/div>\n\t\t\t\t<\/div>\n\t\t","protected":false},"excerpt":{"rendered":"<p>Miss\u00e3o: Promover e defender a vida das pessoas em situa\u00e7\u00e3o de vulnerabilidade, risco social e pessoal, atrav\u00e9s de espa\u00e7os de preven\u00e7\u00e3o e prote\u00e7\u00e3o, para o acesso aos direitos sociais, incentivando o desenvolvimento do pensamento cr\u00edtico e a pr\u00e1tica da cidadania. Vis\u00e3o: \u00a0\u00a0\u00a0\u00a0\u00a0\u00a0\u00a0\u00a0\u00a0 Ser uma Rede de Assist\u00eancia Social reconhecida pelos servi\u00e7os qualificados de prote\u00e7\u00e3o social, [&hellip;]<\/p>\n","protected":false},"author":1,"featured_media":109,"parent":0,"menu_order":0,"comment_status":"closed","ping_status":"closed","template":"","meta":{"_acf_changed":false,"footnotes":""},"class_list":["post-860","page","type-page","status-publish","has-post-thumbnail","hentry"],"acf":[],"yoast_head":"<!-- This site is optimized with the Yoast SEO plugin v26.3 - https:\/\/yoast.com\/wordpress\/plugins\/seo\/ -->\n<title>Regimento - Casa da Crian\u00e7a Sagrado Cora\u00e7\u00e3o de Jesus | Rede ICM de Educa\u00e7\u00e3o e Assist\u00eancia Social<\/title>\n<meta name=\"robots\" content=\"index, follow, max-snippet:-1, max-image-preview:large, max-video-preview:-1\" \/>\n<link rel=\"canonical\" href=\"https:\/\/redeicm.org.br\/casadacrianca\/regimento\/\" \/>\n<meta property=\"og:locale\" content=\"pt_BR\" \/>\n<meta property=\"og:type\" content=\"article\" \/>\n<meta property=\"og:title\" content=\"Regimento - Casa da Crian\u00e7a Sagrado Cora\u00e7\u00e3o de Jesus | Rede ICM de Educa\u00e7\u00e3o e Assist\u00eancia Social\" \/>\n<meta property=\"og:description\" content=\"Miss\u00e3o: Promover e defender a vida das pessoas em situa\u00e7\u00e3o de vulnerabilidade, risco social e pessoal, atrav\u00e9s de espa\u00e7os de preven\u00e7\u00e3o e prote\u00e7\u00e3o, para o acesso aos direitos sociais, incentivando o desenvolvimento do pensamento cr\u00edtico e a pr\u00e1tica da cidadania. Vis\u00e3o: \u00a0\u00a0\u00a0\u00a0\u00a0\u00a0\u00a0\u00a0\u00a0 Ser uma Rede de Assist\u00eancia Social reconhecida pelos servi\u00e7os qualificados de prote\u00e7\u00e3o social, [&hellip;]\" \/>\n<meta property=\"og:url\" content=\"https:\/\/redeicm.org.br\/casadacrianca\/regimento\/\" \/>\n<meta property=\"og:site_name\" content=\"Casa da Crian\u00e7a Sagrado Cora\u00e7\u00e3o de Jesus | Rede ICM de Educa\u00e7\u00e3o e Assist\u00eancia Social\" \/>\n<meta property=\"article:modified_time\" content=\"2025-10-28T13:19:53+00:00\" \/>\n<meta property=\"og:image\" content=\"https:\/\/redeicm.org.br\/casadacrianca\/wp-content\/uploads\/sites\/6\/2024\/08\/banner-educacao-infantil.jpg\" \/>\n\t<meta property=\"og:image:width\" content=\"1440\" \/>\n\t<meta property=\"og:image:height\" content=\"400\" \/>\n\t<meta property=\"og:image:type\" content=\"image\/jpeg\" \/>\n<meta name=\"twitter:card\" content=\"summary_large_image\" \/>\n<meta name=\"twitter:label1\" content=\"Est. tempo de leitura\" \/>\n\t<meta name=\"twitter:data1\" content=\"1 minuto\" \/>\n<script type=\"application\/ld+json\" class=\"yoast-schema-graph\">{\"@context\":\"https:\/\/schema.org\",\"@graph\":[{\"@type\":\"WebPage\",\"@id\":\"https:\/\/redeicm.org.br\/casadacrianca\/regimento\/\",\"url\":\"https:\/\/redeicm.org.br\/casadacrianca\/regimento\/\",\"name\":\"Regimento - Casa da Crian\u00e7a Sagrado Cora\u00e7\u00e3o de Jesus | Rede ICM de Educa\u00e7\u00e3o e Assist\u00eancia Social\",\"isPartOf\":{\"@id\":\"https:\/\/redeicm.org.br\/casadacrianca\/#website\"},\"primaryImageOfPage\":{\"@id\":\"https:\/\/redeicm.org.br\/casadacrianca\/regimento\/#primaryimage\"},\"image\":{\"@id\":\"https:\/\/redeicm.org.br\/casadacrianca\/regimento\/#primaryimage\"},\"thumbnailUrl\":\"https:\/\/redeicm.org.br\/casadacrianca\/wp-content\/uploads\/sites\/6\/2024\/08\/banner-educacao-infantil.jpg\",\"datePublished\":\"2025-05-29T22:59:25+00:00\",\"dateModified\":\"2025-10-28T13:19:53+00:00\",\"breadcrumb\":{\"@id\":\"https:\/\/redeicm.org.br\/casadacrianca\/regimento\/#breadcrumb\"},\"inLanguage\":\"pt-BR\",\"potentialAction\":[{\"@type\":\"ReadAction\",\"target\":[\"https:\/\/redeicm.org.br\/casadacrianca\/regimento\/\"]}]},{\"@type\":\"ImageObject\",\"inLanguage\":\"pt-BR\",\"@id\":\"https:\/\/redeicm.org.br\/casadacrianca\/regimento\/#primaryimage\",\"url\":\"https:\/\/redeicm.org.br\/casadacrianca\/wp-content\/uploads\/sites\/6\/2024\/08\/banner-educacao-infantil.jpg\",\"contentUrl\":\"https:\/\/redeicm.org.br\/casadacrianca\/wp-content\/uploads\/sites\/6\/2024\/08\/banner-educacao-infantil.jpg\",\"width\":1440,\"height\":400},{\"@type\":\"BreadcrumbList\",\"@id\":\"https:\/\/redeicm.org.br\/casadacrianca\/regimento\/#breadcrumb\",\"itemListElement\":[{\"@type\":\"ListItem\",\"position\":1,\"name\":\"In\u00edcio\",\"item\":\"https:\/\/redeicm.org.br\/casadacrianca\/\"},{\"@type\":\"ListItem\",\"position\":2,\"name\":\"Regimento\"}]},{\"@type\":\"WebSite\",\"@id\":\"https:\/\/redeicm.org.br\/casadacrianca\/#website\",\"url\":\"https:\/\/redeicm.org.br\/casadacrianca\/\",\"name\":\"Casa da Crian\u00e7a Sagrado Cora\u00e7\u00e3o de Jesus | Rede ICM de Educa\u00e7\u00e3o e Assist\u00eancia Social\",\"description\":\"\",\"publisher\":{\"@id\":\"https:\/\/redeicm.org.br\/casadacrianca\/#organization\"},\"potentialAction\":[{\"@type\":\"SearchAction\",\"target\":{\"@type\":\"EntryPoint\",\"urlTemplate\":\"https:\/\/redeicm.org.br\/casadacrianca\/?s={search_term_string}\"},\"query-input\":{\"@type\":\"PropertyValueSpecification\",\"valueRequired\":true,\"valueName\":\"search_term_string\"}}],\"inLanguage\":\"pt-BR\"},{\"@type\":\"Organization\",\"@id\":\"https:\/\/redeicm.org.br\/casadacrianca\/#organization\",\"name\":\"Casa da Crian\u00e7a Sagrado Cora\u00e7\u00e3o de Jesus | Rede ICM de Educa\u00e7\u00e3o e Assist\u00eancia Social\",\"url\":\"https:\/\/redeicm.org.br\/casadacrianca\/\",\"logo\":{\"@type\":\"ImageObject\",\"inLanguage\":\"pt-BR\",\"@id\":\"https:\/\/redeicm.org.br\/casadacrianca\/#\/schema\/logo\/image\/\",\"url\":\"https:\/\/redeicm.org.br\/casadacrianca\/wp-content\/uploads\/sites\/6\/2024\/08\/ICM_Socio_Casadacrianca_preferencial-1024x338-1.png\",\"contentUrl\":\"https:\/\/redeicm.org.br\/casadacrianca\/wp-content\/uploads\/sites\/6\/2024\/08\/ICM_Socio_Casadacrianca_preferencial-1024x338-1.png\",\"width\":1024,\"height\":338,\"caption\":\"Casa da Crian\u00e7a Sagrado Cora\u00e7\u00e3o de Jesus | Rede ICM de Educa\u00e7\u00e3o e Assist\u00eancia Social\"},\"image\":{\"@id\":\"https:\/\/redeicm.org.br\/casadacrianca\/#\/schema\/logo\/image\/\"}}]}<\/script>\n<!-- \/ Yoast SEO plugin. -->","yoast_head_json":{"title":"Regimento - Casa da Crian\u00e7a Sagrado Cora\u00e7\u00e3o de Jesus | Rede ICM de Educa\u00e7\u00e3o e Assist\u00eancia Social","robots":{"index":"index","follow":"follow","max-snippet":"max-snippet:-1","max-image-preview":"max-image-preview:large","max-video-preview":"max-video-preview:-1"},"canonical":"https:\/\/redeicm.org.br\/casadacrianca\/regimento\/","og_locale":"pt_BR","og_type":"article","og_title":"Regimento - Casa da Crian\u00e7a Sagrado Cora\u00e7\u00e3o de Jesus | Rede ICM de Educa\u00e7\u00e3o e Assist\u00eancia Social","og_description":"Miss\u00e3o: Promover e defender a vida das pessoas em situa\u00e7\u00e3o de vulnerabilidade, risco social e pessoal, atrav\u00e9s de espa\u00e7os de preven\u00e7\u00e3o e prote\u00e7\u00e3o, para o acesso aos direitos sociais, incentivando o desenvolvimento do pensamento cr\u00edtico e a pr\u00e1tica da cidadania. Vis\u00e3o: \u00a0\u00a0\u00a0\u00a0\u00a0\u00a0\u00a0\u00a0\u00a0 Ser uma Rede de Assist\u00eancia Social reconhecida pelos servi\u00e7os qualificados de prote\u00e7\u00e3o social, [&hellip;]","og_url":"https:\/\/redeicm.org.br\/casadacrianca\/regimento\/","og_site_name":"Casa da Crian\u00e7a Sagrado Cora\u00e7\u00e3o de Jesus | Rede ICM de Educa\u00e7\u00e3o e Assist\u00eancia Social","article_modified_time":"2025-10-28T13:19:53+00:00","og_image":[{"width":1440,"height":400,"url":"https:\/\/redeicm.org.br\/casadacrianca\/wp-content\/uploads\/sites\/6\/2024\/08\/banner-educacao-infantil.jpg","type":"image\/jpeg"}],"twitter_card":"summary_large_image","twitter_misc":{"Est. tempo de leitura":"1 minuto"},"schema":{"@context":"https:\/\/schema.org","@graph":[{"@type":"WebPage","@id":"https:\/\/redeicm.org.br\/casadacrianca\/regimento\/","url":"https:\/\/redeicm.org.br\/casadacrianca\/regimento\/","name":"Regimento - Casa da Crian\u00e7a Sagrado Cora\u00e7\u00e3o de Jesus | Rede ICM de Educa\u00e7\u00e3o e Assist\u00eancia Social","isPartOf":{"@id":"https:\/\/redeicm.org.br\/casadacrianca\/#website"},"primaryImageOfPage":{"@id":"https:\/\/redeicm.org.br\/casadacrianca\/regimento\/#primaryimage"},"image":{"@id":"https:\/\/redeicm.org.br\/casadacrianca\/regimento\/#primaryimage"},"thumbnailUrl":"https:\/\/redeicm.org.br\/casadacrianca\/wp-content\/uploads\/sites\/6\/2024\/08\/banner-educacao-infantil.jpg","datePublished":"2025-05-29T22:59:25+00:00","dateModified":"2025-10-28T13:19:53+00:00","breadcrumb":{"@id":"https:\/\/redeicm.org.br\/casadacrianca\/regimento\/#breadcrumb"},"inLanguage":"pt-BR","potentialAction":[{"@type":"ReadAction","target":["https:\/\/redeicm.org.br\/casadacrianca\/regimento\/"]}]},{"@type":"ImageObject","inLanguage":"pt-BR","@id":"https:\/\/redeicm.org.br\/casadacrianca\/regimento\/#primaryimage","url":"https:\/\/redeicm.org.br\/casadacrianca\/wp-content\/uploads\/sites\/6\/2024\/08\/banner-educacao-infantil.jpg","contentUrl":"https:\/\/redeicm.org.br\/casadacrianca\/wp-content\/uploads\/sites\/6\/2024\/08\/banner-educacao-infantil.jpg","width":1440,"height":400},{"@type":"BreadcrumbList","@id":"https:\/\/redeicm.org.br\/casadacrianca\/regimento\/#breadcrumb","itemListElement":[{"@type":"ListItem","position":1,"name":"In\u00edcio","item":"https:\/\/redeicm.org.br\/casadacrianca\/"},{"@type":"ListItem","position":2,"name":"Regimento"}]},{"@type":"WebSite","@id":"https:\/\/redeicm.org.br\/casadacrianca\/#website","url":"https:\/\/redeicm.org.br\/casadacrianca\/","name":"Casa da Crian\u00e7a Sagrado Cora\u00e7\u00e3o de Jesus | Rede ICM de Educa\u00e7\u00e3o e Assist\u00eancia Social","description":"","publisher":{"@id":"https:\/\/redeicm.org.br\/casadacrianca\/#organization"},"potentialAction":[{"@type":"SearchAction","target":{"@type":"EntryPoint","urlTemplate":"https:\/\/redeicm.org.br\/casadacrianca\/?s={search_term_string}"},"query-input":{"@type":"PropertyValueSpecification","valueRequired":true,"valueName":"search_term_string"}}],"inLanguage":"pt-BR"},{"@type":"Organization","@id":"https:\/\/redeicm.org.br\/casadacrianca\/#organization","name":"Casa da Crian\u00e7a Sagrado Cora\u00e7\u00e3o de Jesus | Rede ICM de Educa\u00e7\u00e3o e Assist\u00eancia Social","url":"https:\/\/redeicm.org.br\/casadacrianca\/","logo":{"@type":"ImageObject","inLanguage":"pt-BR","@id":"https:\/\/redeicm.org.br\/casadacrianca\/#\/schema\/logo\/image\/","url":"https:\/\/redeicm.org.br\/casadacrianca\/wp-content\/uploads\/sites\/6\/2024\/08\/ICM_Socio_Casadacrianca_preferencial-1024x338-1.png","contentUrl":"https:\/\/redeicm.org.br\/casadacrianca\/wp-content\/uploads\/sites\/6\/2024\/08\/ICM_Socio_Casadacrianca_preferencial-1024x338-1.png","width":1024,"height":338,"caption":"Casa da Crian\u00e7a Sagrado Cora\u00e7\u00e3o de Jesus | Rede ICM de Educa\u00e7\u00e3o e Assist\u00eancia Social"},"image":{"@id":"https:\/\/redeicm.org.br\/casadacrianca\/#\/schema\/logo\/image\/"}}]}},"_links":{"self":[{"href":"https:\/\/redeicm.org.br\/casadacrianca\/wp-json\/wp\/v2\/pages\/860","targetHints":{"allow":["GET"]}}],"collection":[{"href":"https:\/\/redeicm.org.br\/casadacrianca\/wp-json\/wp\/v2\/pages"}],"about":[{"href":"https:\/\/redeicm.org.br\/casadacrianca\/wp-json\/wp\/v2\/types\/page"}],"author":[{"embeddable":true,"href":"https:\/\/redeicm.org.br\/casadacrianca\/wp-json\/wp\/v2\/users\/1"}],"replies":[{"embeddable":true,"href":"https:\/\/redeicm.org.br\/casadacrianca\/wp-json\/wp\/v2\/comments?post=860"}],"version-history":[{"count":19,"href":"https:\/\/redeicm.org.br\/casadacrianca\/wp-json\/wp\/v2\/pages\/860\/revisions"}],"predecessor-version":[{"id":1148,"href":"https:\/\/redeicm.org.br\/casadacrianca\/wp-json\/wp\/v2\/pages\/860\/revisions\/1148"}],"wp:featuredmedia":[{"embeddable":true,"href":"https:\/\/redeicm.org.br\/casadacrianca\/wp-json\/wp\/v2\/media\/109"}],"wp:attachment":[{"href":"https:\/\/redeicm.org.br\/casadacrianca\/wp-json\/wp\/v2\/media?parent=860"}],"curies":[{"name":"wp","href":"https:\/\/api.w.org\/{rel}","templated":true}]}}