{"id":823,"date":"2025-05-29T19:37:46","date_gmt":"2025-05-29T22:37:46","guid":{"rendered":"https:\/\/redeicm.org.br\/casadacrianca\/?page_id=823"},"modified":"2025-10-27T09:26:15","modified_gmt":"2025-10-27T12:26:15","slug":"calendario","status":"publish","type":"page","link":"https:\/\/redeicm.org.br\/casadacrianca\/calendario\/","title":{"rendered":"Calend\u00e1rio"},"content":{"rendered":"\t\t<div data-elementor-type=\"wp-page\" data-elementor-id=\"823\" class=\"elementor elementor-823\" data-elementor-post-type=\"page\">\n\t\t\t\t<div class=\"elementor-element elementor-element-13b370a3 e-flex e-con-boxed e-con e-parent\" data-id=\"13b370a3\" data-element_type=\"container\" data-e-type=\"container\" data-settings=\"{&quot;background_background&quot;:&quot;classic&quot;}\">\n\t\t\t\t\t<div class=\"e-con-inner\">\n\t\t\t\t<div class=\"elementor-element elementor-element-2ca62c84 elementor-widget elementor-widget-heading\" data-id=\"2ca62c84\" data-element_type=\"widget\" data-e-type=\"widget\" data-widget_type=\"heading.default\">\n\t\t\t\t<div class=\"elementor-widget-container\">\n\t\t\t\t\t<h1 class=\"elementor-heading-title elementor-size-default\">Calend\u00e1rio<\/h1>\t\t\t\t<\/div>\n\t\t\t\t<\/div>\n\t\t\t\t\t<\/div>\n\t\t\t\t<\/div>\n\t\t<div class=\"elementor-element elementor-element-7de2a4c e-flex e-con-boxed e-con e-parent\" data-id=\"7de2a4c\" data-element_type=\"container\" data-e-type=\"container\">\n\t\t\t\t\t<div class=\"e-con-inner\">\n\t\t<div class=\"elementor-element elementor-element-4ea65c1 e-con-full e-flex e-con e-child\" data-id=\"4ea65c1\" data-element_type=\"container\" data-e-type=\"container\">\n\t\t\t\t<div class=\"elementor-element elementor-element-ba477f1 e-n-tabs-mobile elementor-widget elementor-widget-n-tabs\" data-id=\"ba477f1\" data-element_type=\"widget\" data-e-type=\"widget\" data-settings=\"{&quot;horizontal_scroll&quot;:&quot;disable&quot;}\" data-widget_type=\"nested-tabs.default\">\n\t\t\t\t<div class=\"elementor-widget-container\">\n\t\t\t\t\t\t\t<div class=\"e-n-tabs\" data-widget-number=\"195327985\" aria-label=\"Abas. Abra itens com &quot;Enter&quot; ou &quot;Espa\u00e7o&quot;, feche com &quot;Escape&quot; e navegue usando as teclas de &quot;Seta&quot;.\">\n\t\t\t<div class=\"e-n-tabs-heading\" role=\"tablist\">\n\t\t\t\t\t<button id=\"e-n-tab-title-1953279851\" data-tab-title-id=\"e-n-tab-title-1953279851\" class=\"e-n-tab-title\" aria-selected=\"true\" data-tab-index=\"1\" role=\"tab\" tabindex=\"0\" aria-controls=\"e-n-tab-content-1953279851\" style=\"--n-tabs-title-order: 1;\">\n\t\t\t\t\t\t<span class=\"e-n-tab-title-text\">\n\t\t\t\tOUTUBRO\t\t\t<\/span>\n\t\t<\/button>\n\t\t\t\t<button id=\"e-n-tab-title-1953279852\" data-tab-title-id=\"e-n-tab-title-1953279852\" class=\"e-n-tab-title\" aria-selected=\"false\" data-tab-index=\"2\" role=\"tab\" tabindex=\"-1\" aria-controls=\"e-n-tab-content-1953279852\" style=\"--n-tabs-title-order: 2;\">\n\t\t\t\t\t\t<span class=\"e-n-tab-title-text\">\n\t\t\t\tNOVEMBRO\t\t\t<\/span>\n\t\t<\/button>\n\t\t\t\t<button id=\"e-n-tab-title-1953279853\" data-tab-title-id=\"e-n-tab-title-1953279853\" class=\"e-n-tab-title\" aria-selected=\"false\" data-tab-index=\"3\" role=\"tab\" tabindex=\"-1\" aria-controls=\"e-n-tab-content-1953279853\" style=\"--n-tabs-title-order: 3;\">\n\t\t\t\t\t\t<span class=\"e-n-tab-title-text\">\n\t\t\t\tDEZEMBRO\t\t\t<\/span>\n\t\t<\/button>\n\t\t\t\t\t<\/div>\n\t\t\t<div class=\"e-n-tabs-content\">\n\t\t\t\t<div id=\"e-n-tab-content-1953279851\" role=\"tabpanel\" aria-labelledby=\"e-n-tab-title-1953279851\" data-tab-index=\"1\" style=\"--n-tabs-title-order: 1;\" class=\"e-active elementor-element elementor-element-7d9c4f9 e-con-full e-flex e-con e-child\" data-id=\"7d9c4f9\" data-element_type=\"container\" data-e-type=\"container\">\n\t\t\t\t<div class=\"elementor-element elementor-element-d2afd32 elementor-widget elementor-widget-text-editor\" data-id=\"d2afd32\" data-element_type=\"widget\" data-e-type=\"widget\" data-widget_type=\"text-editor.default\">\n\t\t\t\t<div class=\"elementor-widget-container\">\n\t\t\t\t\t\t\t\t\t<p><strong><span style=\"color: #1a597c\">04<\/span><\/strong>\u00a0 \u00a0 \u00a0 \u00a0 <span style=\"color: #000000\">Pastel Solid\u00e1rio<\/span><\/p><hr \/><p><strong><span style=\"color: #1a597c\">06\u00a0<\/span><\/strong> \u00a0 \u00a0 \u00a0 <span style=\"font-weight: 400;color: #000000\">Reuni\u00e3o dos Colaboradores e Forma\u00e7\u00e3o com a Psicopedagoga Miriane.<\/span><\/p><p>\u00a0 \u00a0 \u00a0 \u00a0 \u00a0 \u00a0 <span style=\"color: #000000\">In\u00edcio\u00a0 das inscri\u00e7\u00f5es para 2026<\/span><\/p><hr \/><p><span style=\"color: #1a597c\"><strong>12<\/strong><\/span>\u00a0 \u00a0 \u00a0 \u00a0<strong><span style=\"color: #1a597c\">Nossa Senhora Aparecida<\/span><\/strong><\/p><p><span style=\"color: #000000\">\u00a0 \u00a0 \u00a0 \u00a0 \u00a0 \u00a0 <strong><span style=\"color: #1a597c\">Dia das Crian\u00e7as<\/span><\/strong><\/span><\/p><hr \/><p><span style=\"color: #003366\"><strong><span style=\"color: #1a597c\">13<\/span>\u00a0<\/strong><\/span><span style=\"color: #ff0000\">\u00a0 \u00a0 \u00a0 \u00a0<\/span><span style=\"color: #000000\">Abertura da Semana da Aprendizagem &#8211; SENAC<\/span><\/p><hr \/><p><strong><span style=\"color: #ff0000\"><span style=\"color: #1a597c\">16<\/span>\u00a0 \u00a0 \u00a0 \u00a0<\/span><\/strong><span style=\"color: #ff0000\"><span style=\"color: #000000\">Encontro da Rede de Solidariedade &#8211; Mesa Brasil<\/span><\/span><\/p><p>\u00a0 \u00a0 \u00a0 \u00a0 \u00a0 \u00a0<span style=\"color: #000000\">4\u00b0 Sarau Liter\u00e1rio<\/span><\/p><hr \/><p><strong><span style=\"color: #1a597c\">17\u00a0 \u00a0 \u00a0 \u00a0<\/span><\/strong><span style=\"color: #000000\">4\u00b0 Sarau Liter\u00e1rio<\/span><\/p><hr \/><p><strong><span style=\"color: #1a597c\">25\u00a0 \u00a0 \u00a0 <\/span><\/strong><span style=\"color: #000000\">Missa de Celebra\u00e7\u00e3o de Envio<\/span><\/p><hr \/><p><strong><span style=\"color: #1a597c\">30<\/span><\/strong>\u00a0 \u00a0 \u00a0 <span style=\"color: #000000\">Comemora\u00e7\u00e3o dia da crian\u00e7as &#8211; Casa de festas Pierre Kids<\/span><\/p><hr \/><p><strong><span style=\"color: #1a597c\">31<\/span><\/strong>\u00a0 \u00a0 \u00a0 <span style=\"color: #000000\">Viagem para Porto Alegre (Museu da PUC e Memorial de B\u00e1rbara Maix)<\/span><\/p><hr \/>\t\t\t\t\t\t\t\t<\/div>\n\t\t\t\t<\/div>\n\t\t\t\t<\/div>\n\t\t<div id=\"e-n-tab-content-1953279852\" role=\"tabpanel\" aria-labelledby=\"e-n-tab-title-1953279852\" data-tab-index=\"2\" style=\"--n-tabs-title-order: 2;\" class=\" elementor-element elementor-element-e8b9008 e-con-full e-flex e-con e-child\" data-id=\"e8b9008\" data-element_type=\"container\" data-e-type=\"container\">\n\t\t\t\t<div class=\"elementor-element elementor-element-393ff20 elementor-widget elementor-widget-text-editor\" data-id=\"393ff20\" data-element_type=\"widget\" data-e-type=\"widget\" data-widget_type=\"text-editor.default\">\n\t\t\t\t<div class=\"elementor-widget-container\">\n\t\t\t\t\t\t\t\t\t<p><span style=\"color: #1a597c\"><strong>02\u00a0 \u00a0 \u00a0 \u00a0 Feriado de Finados<\/strong><\/span><\/p><hr \/><p><strong><span style=\"color: #1a597c\">06\u00a0<\/span><\/strong>\u00a0 \u00a0 \u00a0<span style=\"color: #000000\">Mem\u00f3ria Lit\u00fargica da Bem-Aventurada B\u00e1rbara Maix<\/span><\/p><p><span style=\"color: #000000\">\u00a0 \u00a0 \u00a0 \u00a0 \u00a0 \u00a0Jogos integrativos SESC<\/span><\/p><hr \/><p><strong><span style=\"color: #1a597c\">08<\/span><\/strong>\u00a0 \u00a0 \u00a0<span style=\"color: #1a597c\"><span style=\"color: #000000\">Torneio de Xadrez\u00a0<\/span><\/span><\/p><hr \/><p><span style=\"color: #1a597c\"><strong>15\u00a0 \u00a0 Feriado\u00a0 Proclama\u00e7\u00e3o da Rep\u00fablica<\/strong><\/span><\/p><hr \/><p><strong><span style=\"color: #1a597c\">19\u00a0<\/span> <\/strong>\u00a0 \u00a0<span style=\"color: #000000\">Show Art\u00edstico &#8211; Turno Manh\u00e3<\/span><\/p><hr \/><p><span style=\"color: #1a597c\"><strong>20\u00a0 \u00a0 Feriado\u00a0 Dia da Consci\u00eancia Negra<\/strong><\/span><\/p><hr \/><p><strong><span style=\"color: #1a597c\">27\u00a0 \u00a0 <\/span><\/strong><span style=\"color: #1a597c\"><span style=\"color: #000000\">Dia de A\u00e7\u00e3o de Gra\u00e7as<\/span><\/span><\/p><hr \/><p><span style=\"color: #1a597c\"><strong>28<\/strong><\/span>\u00a0 \u00a0 <span style=\"color: #000000\">Show Art\u00edstico &#8211; Turno Tarde<\/span><\/p><hr \/><p>\u00a0<\/p><p>\u00a0<\/p><p>\u00a0<\/p><p>\u00a0<\/p><p>\u00a0<\/p><p>\u00a0<\/p><p>\u00a0<\/p>\t\t\t\t\t\t\t\t<\/div>\n\t\t\t\t<\/div>\n\t\t\t\t<\/div>\n\t\t<div id=\"e-n-tab-content-1953279853\" role=\"tabpanel\" aria-labelledby=\"e-n-tab-title-1953279853\" data-tab-index=\"3\" style=\"--n-tabs-title-order: 3;\" class=\" elementor-element elementor-element-dbb3c21 e-con-full e-flex e-con e-child\" data-id=\"dbb3c21\" data-element_type=\"container\" data-e-type=\"container\">\n\t\t\t\t<div class=\"elementor-element elementor-element-4a95055 elementor-widget elementor-widget-text-editor\" data-id=\"4a95055\" data-element_type=\"widget\" data-e-type=\"widget\" data-widget_type=\"text-editor.default\">\n\t\t\t\t<div class=\"elementor-widget-container\">\n\t\t\t\t\t\t\t\t\t<p><strong><span style=\"color: #1a597c\">01<\/span><\/strong> \u00a0 \u00a0 \u00a0 <span style=\"color: #000000\">Reuni\u00e3o dos Colaboradores<\/span><\/p><p>\u00a0 \u00a0 \u00a0 \u00a0 \u00a0 \u00a0<span style=\"color: #000000\">Reuni\u00e3o para pais e\/ou respons\u00e1veis e Exposi\u00e7\u00e3o Cultural<\/span><\/p><hr \/><p><span style=\"color: #1a597c\"><strong>08<\/strong><\/span>\u00a0 \u00a0 \u00a0 <span style=\"color: #1a597c\"><strong>Feriado\u00a0<\/strong><strong>Nossa Senhora da Concei\u00e7\u00e3o, Padroeira do Munic\u00edpio<\/strong><\/span><\/p><hr \/><p><strong><span style=\"color: #1a597c\">10 <\/span><\/strong>\u00a0 \u00a0 \u00a0<span style=\"color: #000000\">Atividade esportiva &#8211; Sede Campestre AABB<\/span><\/p><hr \/><p><strong><span style=\"color: #1a597c\">12\u00a0 \u00a0 \u00a0 <\/span><\/strong><span style=\"color: #1a597c\"><span style=\"color: #000000\">Celebra\u00e7\u00e3o Natalina<\/span><\/span><\/p><hr \/><p><strong><span style=\"color: #1a597c\">17\u00a0 \u00a0 \u00a0 <\/span><\/strong><span style=\"color: #1a597c\"><span style=\"color: #000000\">Comemora\u00e7\u00e3o dos anivers\u00e1rios do \u00faltimo trimestre<\/span><\/span><\/p><hr \/><p><strong><span style=\"color: #1a597c\">18\u00a0 \u00a0 \u00a0<\/span><\/strong><span style=\"color: #000000\"> Reuni\u00e3o Pedag\u00f3gica &#8211; planejamento 2026<\/span><\/p><hr \/><p><strong><span style=\"color: #1a597c\">19\u00a0 \u00a0 \u00a0 <\/span><\/strong><span style=\"color: #1a597c\"><span style=\"color: #000000\">Reuni\u00e3o Pedag\u00f3gica &#8211; planejamento 2026<\/span><\/span><strong><span style=\"color: #1a597c\"><br \/><\/span><\/strong><\/p><hr \/><p><strong><span style=\"color: #1a597c\">22\u00a0 \u00a0 \u00a0<\/span><\/strong><span style=\"color: #1a597c\"><span style=\"color: #000000\">Celebra\u00e7\u00e3o Natalina dos Colaboradores<\/span><\/span><\/p><hr \/><p><strong><span style=\"color: #1a597c\">25<\/span><\/strong>\u00a0 \u00a0 \u00a0<span style=\"color: #1a597c\"><strong>Feriado de Natal<\/strong><\/span><\/p><hr \/><p>\u00a0<\/p><p>\u00a0<\/p><p>\u00a0<\/p><p>\u00a0<\/p>\t\t\t\t\t\t\t\t<\/div>\n\t\t\t\t<\/div>\n\t\t\t\t<\/div>\n\t\t\t\t\t<\/div>\n\t\t<\/div>\n\t\t\t\t\t\t<\/div>\n\t\t\t\t<\/div>\n\t\t\t\t<\/div>\n\t\t\t\t\t<\/div>\n\t\t\t\t<\/div>\n\t\t\t\t<\/div>\n\t\t","protected":false},"excerpt":{"rendered":"<p>OUTUBRO NOVEMBRO DEZEMBRO 04\u00a0 \u00a0 \u00a0 \u00a0 Pastel Solid\u00e1rio 06\u00a0 \u00a0 \u00a0 \u00a0 Reuni\u00e3o dos Colaboradores e Forma\u00e7\u00e3o com a Psicopedagoga Miriane. \u00a0 \u00a0 \u00a0 \u00a0 \u00a0 \u00a0 In\u00edcio\u00a0 das inscri\u00e7\u00f5es para 2026 12\u00a0 \u00a0 \u00a0 \u00a0Nossa Senhora Aparecida \u00a0 \u00a0 \u00a0 \u00a0 \u00a0 \u00a0 Dia das Crian\u00e7as 13\u00a0\u00a0 \u00a0 \u00a0 \u00a0Abertura da Semana da [&hellip;]<\/p>\n","protected":false},"author":1,"featured_media":109,"parent":0,"menu_order":0,"comment_status":"closed","ping_status":"closed","template":"","meta":{"_acf_changed":false,"footnotes":""},"class_list":["post-823","page","type-page","status-publish","has-post-thumbnail","hentry"],"acf":[],"yoast_head":"<!-- This site is optimized with the Yoast SEO plugin v26.3 - https:\/\/yoast.com\/wordpress\/plugins\/seo\/ -->\n<title>Calend\u00e1rio - Casa da Crian\u00e7a Sagrado Cora\u00e7\u00e3o de Jesus | Rede ICM de Educa\u00e7\u00e3o e Assist\u00eancia Social<\/title>\n<meta name=\"robots\" content=\"index, follow, max-snippet:-1, max-image-preview:large, max-video-preview:-1\" \/>\n<link rel=\"canonical\" href=\"https:\/\/redeicm.org.br\/casadacrianca\/calendario\/\" \/>\n<meta property=\"og:locale\" content=\"pt_BR\" \/>\n<meta property=\"og:type\" content=\"article\" \/>\n<meta property=\"og:title\" content=\"Calend\u00e1rio - Casa da Crian\u00e7a Sagrado Cora\u00e7\u00e3o de Jesus | Rede ICM de Educa\u00e7\u00e3o e Assist\u00eancia Social\" \/>\n<meta property=\"og:description\" content=\"OUTUBRO NOVEMBRO DEZEMBRO 04\u00a0 \u00a0 \u00a0 \u00a0 Pastel Solid\u00e1rio 06\u00a0 \u00a0 \u00a0 \u00a0 Reuni\u00e3o dos Colaboradores e Forma\u00e7\u00e3o com a Psicopedagoga Miriane. \u00a0 \u00a0 \u00a0 \u00a0 \u00a0 \u00a0 In\u00edcio\u00a0 das inscri\u00e7\u00f5es para 2026 12\u00a0 \u00a0 \u00a0 \u00a0Nossa Senhora Aparecida \u00a0 \u00a0 \u00a0 \u00a0 \u00a0 \u00a0 Dia das Crian\u00e7as 13\u00a0\u00a0 \u00a0 \u00a0 \u00a0Abertura da Semana da [&hellip;]\" \/>\n<meta property=\"og:url\" content=\"https:\/\/redeicm.org.br\/casadacrianca\/calendario\/\" \/>\n<meta property=\"og:site_name\" content=\"Casa da Crian\u00e7a Sagrado Cora\u00e7\u00e3o de Jesus | Rede ICM de Educa\u00e7\u00e3o e Assist\u00eancia Social\" \/>\n<meta property=\"article:modified_time\" content=\"2025-10-27T12:26:15+00:00\" \/>\n<meta property=\"og:image\" content=\"https:\/\/redeicm.org.br\/casadacrianca\/wp-content\/uploads\/sites\/6\/2024\/08\/banner-educacao-infantil.jpg\" \/>\n\t<meta property=\"og:image:width\" content=\"1440\" \/>\n\t<meta property=\"og:image:height\" content=\"400\" \/>\n\t<meta property=\"og:image:type\" content=\"image\/jpeg\" \/>\n<meta name=\"twitter:card\" content=\"summary_large_image\" \/>\n<meta name=\"twitter:label1\" content=\"Est. tempo de leitura\" \/>\n\t<meta name=\"twitter:data1\" content=\"2 minutos\" \/>\n<script type=\"application\/ld+json\" class=\"yoast-schema-graph\">{\"@context\":\"https:\/\/schema.org\",\"@graph\":[{\"@type\":\"WebPage\",\"@id\":\"https:\/\/redeicm.org.br\/casadacrianca\/calendario\/\",\"url\":\"https:\/\/redeicm.org.br\/casadacrianca\/calendario\/\",\"name\":\"Calend\u00e1rio - Casa da Crian\u00e7a Sagrado Cora\u00e7\u00e3o de Jesus | Rede ICM de Educa\u00e7\u00e3o e Assist\u00eancia Social\",\"isPartOf\":{\"@id\":\"https:\/\/redeicm.org.br\/casadacrianca\/#website\"},\"primaryImageOfPage\":{\"@id\":\"https:\/\/redeicm.org.br\/casadacrianca\/calendario\/#primaryimage\"},\"image\":{\"@id\":\"https:\/\/redeicm.org.br\/casadacrianca\/calendario\/#primaryimage\"},\"thumbnailUrl\":\"https:\/\/redeicm.org.br\/casadacrianca\/wp-content\/uploads\/sites\/6\/2024\/08\/banner-educacao-infantil.jpg\",\"datePublished\":\"2025-05-29T22:37:46+00:00\",\"dateModified\":\"2025-10-27T12:26:15+00:00\",\"breadcrumb\":{\"@id\":\"https:\/\/redeicm.org.br\/casadacrianca\/calendario\/#breadcrumb\"},\"inLanguage\":\"pt-BR\",\"potentialAction\":[{\"@type\":\"ReadAction\",\"target\":[\"https:\/\/redeicm.org.br\/casadacrianca\/calendario\/\"]}]},{\"@type\":\"ImageObject\",\"inLanguage\":\"pt-BR\",\"@id\":\"https:\/\/redeicm.org.br\/casadacrianca\/calendario\/#primaryimage\",\"url\":\"https:\/\/redeicm.org.br\/casadacrianca\/wp-content\/uploads\/sites\/6\/2024\/08\/banner-educacao-infantil.jpg\",\"contentUrl\":\"https:\/\/redeicm.org.br\/casadacrianca\/wp-content\/uploads\/sites\/6\/2024\/08\/banner-educacao-infantil.jpg\",\"width\":1440,\"height\":400},{\"@type\":\"BreadcrumbList\",\"@id\":\"https:\/\/redeicm.org.br\/casadacrianca\/calendario\/#breadcrumb\",\"itemListElement\":[{\"@type\":\"ListItem\",\"position\":1,\"name\":\"In\u00edcio\",\"item\":\"https:\/\/redeicm.org.br\/casadacrianca\/\"},{\"@type\":\"ListItem\",\"position\":2,\"name\":\"Calend\u00e1rio\"}]},{\"@type\":\"WebSite\",\"@id\":\"https:\/\/redeicm.org.br\/casadacrianca\/#website\",\"url\":\"https:\/\/redeicm.org.br\/casadacrianca\/\",\"name\":\"Casa da Crian\u00e7a Sagrado Cora\u00e7\u00e3o de Jesus | Rede ICM de Educa\u00e7\u00e3o e Assist\u00eancia Social\",\"description\":\"\",\"publisher\":{\"@id\":\"https:\/\/redeicm.org.br\/casadacrianca\/#organization\"},\"potentialAction\":[{\"@type\":\"SearchAction\",\"target\":{\"@type\":\"EntryPoint\",\"urlTemplate\":\"https:\/\/redeicm.org.br\/casadacrianca\/?s={search_term_string}\"},\"query-input\":{\"@type\":\"PropertyValueSpecification\",\"valueRequired\":true,\"valueName\":\"search_term_string\"}}],\"inLanguage\":\"pt-BR\"},{\"@type\":\"Organization\",\"@id\":\"https:\/\/redeicm.org.br\/casadacrianca\/#organization\",\"name\":\"Casa da Crian\u00e7a Sagrado Cora\u00e7\u00e3o de Jesus | Rede ICM de Educa\u00e7\u00e3o e Assist\u00eancia Social\",\"url\":\"https:\/\/redeicm.org.br\/casadacrianca\/\",\"logo\":{\"@type\":\"ImageObject\",\"inLanguage\":\"pt-BR\",\"@id\":\"https:\/\/redeicm.org.br\/casadacrianca\/#\/schema\/logo\/image\/\",\"url\":\"https:\/\/redeicm.org.br\/casadacrianca\/wp-content\/uploads\/sites\/6\/2024\/08\/ICM_Socio_Casadacrianca_preferencial-1024x338-1.png\",\"contentUrl\":\"https:\/\/redeicm.org.br\/casadacrianca\/wp-content\/uploads\/sites\/6\/2024\/08\/ICM_Socio_Casadacrianca_preferencial-1024x338-1.png\",\"width\":1024,\"height\":338,\"caption\":\"Casa da Crian\u00e7a Sagrado Cora\u00e7\u00e3o de Jesus | Rede ICM de Educa\u00e7\u00e3o e Assist\u00eancia Social\"},\"image\":{\"@id\":\"https:\/\/redeicm.org.br\/casadacrianca\/#\/schema\/logo\/image\/\"}}]}<\/script>\n<!-- \/ Yoast SEO plugin. -->","yoast_head_json":{"title":"Calend\u00e1rio - Casa da Crian\u00e7a Sagrado Cora\u00e7\u00e3o de Jesus | Rede ICM de Educa\u00e7\u00e3o e Assist\u00eancia Social","robots":{"index":"index","follow":"follow","max-snippet":"max-snippet:-1","max-image-preview":"max-image-preview:large","max-video-preview":"max-video-preview:-1"},"canonical":"https:\/\/redeicm.org.br\/casadacrianca\/calendario\/","og_locale":"pt_BR","og_type":"article","og_title":"Calend\u00e1rio - Casa da Crian\u00e7a Sagrado Cora\u00e7\u00e3o de Jesus | Rede ICM de Educa\u00e7\u00e3o e Assist\u00eancia Social","og_description":"OUTUBRO NOVEMBRO DEZEMBRO 04\u00a0 \u00a0 \u00a0 \u00a0 Pastel Solid\u00e1rio 06\u00a0 \u00a0 \u00a0 \u00a0 Reuni\u00e3o dos Colaboradores e Forma\u00e7\u00e3o com a Psicopedagoga Miriane. \u00a0 \u00a0 \u00a0 \u00a0 \u00a0 \u00a0 In\u00edcio\u00a0 das inscri\u00e7\u00f5es para 2026 12\u00a0 \u00a0 \u00a0 \u00a0Nossa Senhora Aparecida \u00a0 \u00a0 \u00a0 \u00a0 \u00a0 \u00a0 Dia das Crian\u00e7as 13\u00a0\u00a0 \u00a0 \u00a0 \u00a0Abertura da Semana da [&hellip;]","og_url":"https:\/\/redeicm.org.br\/casadacrianca\/calendario\/","og_site_name":"Casa da Crian\u00e7a Sagrado Cora\u00e7\u00e3o de Jesus | Rede ICM de Educa\u00e7\u00e3o e Assist\u00eancia Social","article_modified_time":"2025-10-27T12:26:15+00:00","og_image":[{"width":1440,"height":400,"url":"https:\/\/redeicm.org.br\/casadacrianca\/wp-content\/uploads\/sites\/6\/2024\/08\/banner-educacao-infantil.jpg","type":"image\/jpeg"}],"twitter_card":"summary_large_image","twitter_misc":{"Est. tempo de leitura":"2 minutos"},"schema":{"@context":"https:\/\/schema.org","@graph":[{"@type":"WebPage","@id":"https:\/\/redeicm.org.br\/casadacrianca\/calendario\/","url":"https:\/\/redeicm.org.br\/casadacrianca\/calendario\/","name":"Calend\u00e1rio - Casa da Crian\u00e7a Sagrado Cora\u00e7\u00e3o de Jesus | Rede ICM de Educa\u00e7\u00e3o e Assist\u00eancia Social","isPartOf":{"@id":"https:\/\/redeicm.org.br\/casadacrianca\/#website"},"primaryImageOfPage":{"@id":"https:\/\/redeicm.org.br\/casadacrianca\/calendario\/#primaryimage"},"image":{"@id":"https:\/\/redeicm.org.br\/casadacrianca\/calendario\/#primaryimage"},"thumbnailUrl":"https:\/\/redeicm.org.br\/casadacrianca\/wp-content\/uploads\/sites\/6\/2024\/08\/banner-educacao-infantil.jpg","datePublished":"2025-05-29T22:37:46+00:00","dateModified":"2025-10-27T12:26:15+00:00","breadcrumb":{"@id":"https:\/\/redeicm.org.br\/casadacrianca\/calendario\/#breadcrumb"},"inLanguage":"pt-BR","potentialAction":[{"@type":"ReadAction","target":["https:\/\/redeicm.org.br\/casadacrianca\/calendario\/"]}]},{"@type":"ImageObject","inLanguage":"pt-BR","@id":"https:\/\/redeicm.org.br\/casadacrianca\/calendario\/#primaryimage","url":"https:\/\/redeicm.org.br\/casadacrianca\/wp-content\/uploads\/sites\/6\/2024\/08\/banner-educacao-infantil.jpg","contentUrl":"https:\/\/redeicm.org.br\/casadacrianca\/wp-content\/uploads\/sites\/6\/2024\/08\/banner-educacao-infantil.jpg","width":1440,"height":400},{"@type":"BreadcrumbList","@id":"https:\/\/redeicm.org.br\/casadacrianca\/calendario\/#breadcrumb","itemListElement":[{"@type":"ListItem","position":1,"name":"In\u00edcio","item":"https:\/\/redeicm.org.br\/casadacrianca\/"},{"@type":"ListItem","position":2,"name":"Calend\u00e1rio"}]},{"@type":"WebSite","@id":"https:\/\/redeicm.org.br\/casadacrianca\/#website","url":"https:\/\/redeicm.org.br\/casadacrianca\/","name":"Casa da Crian\u00e7a Sagrado Cora\u00e7\u00e3o de Jesus | Rede ICM de Educa\u00e7\u00e3o e Assist\u00eancia Social","description":"","publisher":{"@id":"https:\/\/redeicm.org.br\/casadacrianca\/#organization"},"potentialAction":[{"@type":"SearchAction","target":{"@type":"EntryPoint","urlTemplate":"https:\/\/redeicm.org.br\/casadacrianca\/?s={search_term_string}"},"query-input":{"@type":"PropertyValueSpecification","valueRequired":true,"valueName":"search_term_string"}}],"inLanguage":"pt-BR"},{"@type":"Organization","@id":"https:\/\/redeicm.org.br\/casadacrianca\/#organization","name":"Casa da Crian\u00e7a Sagrado Cora\u00e7\u00e3o de Jesus | Rede ICM de Educa\u00e7\u00e3o e Assist\u00eancia Social","url":"https:\/\/redeicm.org.br\/casadacrianca\/","logo":{"@type":"ImageObject","inLanguage":"pt-BR","@id":"https:\/\/redeicm.org.br\/casadacrianca\/#\/schema\/logo\/image\/","url":"https:\/\/redeicm.org.br\/casadacrianca\/wp-content\/uploads\/sites\/6\/2024\/08\/ICM_Socio_Casadacrianca_preferencial-1024x338-1.png","contentUrl":"https:\/\/redeicm.org.br\/casadacrianca\/wp-content\/uploads\/sites\/6\/2024\/08\/ICM_Socio_Casadacrianca_preferencial-1024x338-1.png","width":1024,"height":338,"caption":"Casa da Crian\u00e7a Sagrado Cora\u00e7\u00e3o de Jesus | Rede ICM de Educa\u00e7\u00e3o e Assist\u00eancia Social"},"image":{"@id":"https:\/\/redeicm.org.br\/casadacrianca\/#\/schema\/logo\/image\/"}}]}},"_links":{"self":[{"href":"https:\/\/redeicm.org.br\/casadacrianca\/wp-json\/wp\/v2\/pages\/823","targetHints":{"allow":["GET"]}}],"collection":[{"href":"https:\/\/redeicm.org.br\/casadacrianca\/wp-json\/wp\/v2\/pages"}],"about":[{"href":"https:\/\/redeicm.org.br\/casadacrianca\/wp-json\/wp\/v2\/types\/page"}],"author":[{"embeddable":true,"href":"https:\/\/redeicm.org.br\/casadacrianca\/wp-json\/wp\/v2\/users\/1"}],"replies":[{"embeddable":true,"href":"https:\/\/redeicm.org.br\/casadacrianca\/wp-json\/wp\/v2\/comments?post=823"}],"version-history":[{"count":31,"href":"https:\/\/redeicm.org.br\/casadacrianca\/wp-json\/wp\/v2\/pages\/823\/revisions"}],"predecessor-version":[{"id":1127,"href":"https:\/\/redeicm.org.br\/casadacrianca\/wp-json\/wp\/v2\/pages\/823\/revisions\/1127"}],"wp:featuredmedia":[{"embeddable":true,"href":"https:\/\/redeicm.org.br\/casadacrianca\/wp-json\/wp\/v2\/media\/109"}],"wp:attachment":[{"href":"https:\/\/redeicm.org.br\/casadacrianca\/wp-json\/wp\/v2\/media?parent=823"}],"curies":[{"name":"wp","href":"https:\/\/api.w.org\/{rel}","templated":true}]}}