{"id":787,"date":"2025-05-29T15:43:44","date_gmt":"2025-05-29T18:43:44","guid":{"rendered":"https:\/\/redeicm.org.br\/casadacrianca\/?page_id=787"},"modified":"2025-05-29T19:43:48","modified_gmt":"2025-05-29T22:43:48","slug":"parceiros","status":"publish","type":"page","link":"https:\/\/redeicm.org.br\/casadacrianca\/parceiros\/","title":{"rendered":"Parceiros"},"content":{"rendered":"\t\t<div data-elementor-type=\"wp-page\" data-elementor-id=\"787\" class=\"elementor elementor-787\" data-elementor-post-type=\"page\">\n\t\t\t\t<div class=\"elementor-element elementor-element-13b370a3 e-flex e-con-boxed e-con e-parent\" data-id=\"13b370a3\" data-element_type=\"container\" data-e-type=\"container\" data-settings=\"{&quot;background_background&quot;:&quot;classic&quot;}\">\n\t\t\t\t\t<div class=\"e-con-inner\">\n\t\t\t\t<div class=\"elementor-element elementor-element-2ca62c84 elementor-widget elementor-widget-heading\" data-id=\"2ca62c84\" data-element_type=\"widget\" data-e-type=\"widget\" data-widget_type=\"heading.default\">\n\t\t\t\t<div class=\"elementor-widget-container\">\n\t\t\t\t\t<h1 class=\"elementor-heading-title elementor-size-default\">Parceiros<\/h1>\t\t\t\t<\/div>\n\t\t\t\t<\/div>\n\t\t\t\t\t<\/div>\n\t\t\t\t<\/div>\n\t\t<div class=\"elementor-element elementor-element-13ec7a1 e-con-full e-flex e-con e-parent\" data-id=\"13ec7a1\" data-element_type=\"container\" data-e-type=\"container\">\n\t\t<div class=\"elementor-element elementor-element-b47eb3a e-flex e-con-boxed e-con e-child\" data-id=\"b47eb3a\" data-element_type=\"container\" data-e-type=\"container\">\n\t\t\t\t\t<div class=\"e-con-inner\">\n\t\t\t\t<div class=\"elementor-element elementor-element-8d07905 elementor-invisible elementor-widget elementor-widget-text-editor\" data-id=\"8d07905\" data-element_type=\"widget\" data-e-type=\"widget\" data-settings=\"{&quot;_animation&quot;:&quot;fadeInUp&quot;}\" data-widget_type=\"text-editor.default\">\n\t\t\t\t<div class=\"elementor-widget-container\">\n\t\t\t\t\t\t\t\t\t<h3><strong>Parceria que fortalece:<\/strong><\/h3><h3>Juntos oferecendo um futuro cheio de novas possibilidades!<\/h3>\t\t\t\t\t\t\t\t<\/div>\n\t\t\t\t<\/div>\n\t\t\t\t\t<\/div>\n\t\t\t\t<\/div>\n\t\t\t\t<\/div>\n\t\t<div class=\"elementor-element elementor-element-c202cd7 e-flex e-con-boxed e-con e-parent\" data-id=\"c202cd7\" data-element_type=\"container\" data-e-type=\"container\">\n\t\t\t\t\t<div class=\"e-con-inner\">\n\t\t\t\t<div class=\"elementor-element elementor-element-7187679 elementor-widget elementor-widget-image\" data-id=\"7187679\" data-element_type=\"widget\" data-e-type=\"widget\" data-widget_type=\"image.default\">\n\t\t\t\t<div class=\"elementor-widget-container\">\n\t\t\t\t\t\t\t\t\t\t\t\t\t\t\t<img fetchpriority=\"high\" decoding=\"async\" width=\"300\" height=\"241\" src=\"https:\/\/redeicm.org.br\/casadacrianca\/wp-content\/uploads\/sites\/6\/2025\/05\/logo-mesa-600x482-1-300x241.png\" class=\"attachment-medium size-medium wp-image-791\" alt=\"\" srcset=\"https:\/\/redeicm.org.br\/casadacrianca\/wp-content\/uploads\/sites\/6\/2025\/05\/logo-mesa-600x482-1-300x241.png 300w, https:\/\/redeicm.org.br\/casadacrianca\/wp-content\/uploads\/sites\/6\/2025\/05\/logo-mesa-600x482-1.png 600w\" sizes=\"(max-width: 300px) 100vw, 300px\" \/>\t\t\t\t\t\t\t\t\t\t\t\t\t\t\t<\/div>\n\t\t\t\t<\/div>\n\t\t\t\t<div class=\"elementor-element elementor-element-7ff6190 elementor-widget elementor-widget-image\" data-id=\"7ff6190\" data-element_type=\"widget\" data-e-type=\"widget\" data-widget_type=\"image.default\">\n\t\t\t\t<div class=\"elementor-widget-container\">\n\t\t\t\t\t\t\t\t\t\t\t\t\t\t\t<img decoding=\"async\" width=\"300\" height=\"300\" src=\"https:\/\/redeicm.org.br\/casadacrianca\/wp-content\/uploads\/sites\/6\/2025\/05\/GUIMMICK-sem-fundo-350x350-1-300x300.png\" class=\"attachment-medium size-medium wp-image-790\" alt=\"\" srcset=\"https:\/\/redeicm.org.br\/casadacrianca\/wp-content\/uploads\/sites\/6\/2025\/05\/GUIMMICK-sem-fundo-350x350-1-300x300.png 300w, https:\/\/redeicm.org.br\/casadacrianca\/wp-content\/uploads\/sites\/6\/2025\/05\/GUIMMICK-sem-fundo-350x350-1-150x150.png 150w, https:\/\/redeicm.org.br\/casadacrianca\/wp-content\/uploads\/sites\/6\/2025\/05\/GUIMMICK-sem-fundo-350x350-1.png 350w\" sizes=\"(max-width: 300px) 100vw, 300px\" \/>\t\t\t\t\t\t\t\t\t\t\t\t\t\t\t<\/div>\n\t\t\t\t<\/div>\n\t\t\t\t<div class=\"elementor-element elementor-element-8c915d8 elementor-widget elementor-widget-image\" data-id=\"8c915d8\" data-element_type=\"widget\" data-e-type=\"widget\" data-widget_type=\"image.default\">\n\t\t\t\t<div class=\"elementor-widget-container\">\n\t\t\t\t\t\t\t\t\t\t\t\t\t\t\t<img decoding=\"async\" width=\"300\" height=\"150\" src=\"https:\/\/redeicm.org.br\/casadacrianca\/wp-content\/uploads\/sites\/6\/2025\/05\/images.png\" class=\"attachment-medium size-medium wp-image-795\" alt=\"\" \/>\t\t\t\t\t\t\t\t\t\t\t\t\t\t\t<\/div>\n\t\t\t\t<\/div>\n\t\t\t\t<div class=\"elementor-element elementor-element-30fb870 elementor-widget elementor-widget-image\" data-id=\"30fb870\" data-element_type=\"widget\" data-e-type=\"widget\" data-widget_type=\"image.default\">\n\t\t\t\t<div class=\"elementor-widget-container\">\n\t\t\t\t\t\t\t\t\t\t\t\t\t\t\t<img loading=\"lazy\" decoding=\"async\" width=\"300\" height=\"300\" src=\"https:\/\/redeicm.org.br\/casadacrianca\/wp-content\/uploads\/sites\/6\/2025\/05\/307153859_489276876579377_7785340329052198786_n-350x350-1-300x300.jpg\" class=\"attachment-medium size-medium wp-image-792\" alt=\"\" srcset=\"https:\/\/redeicm.org.br\/casadacrianca\/wp-content\/uploads\/sites\/6\/2025\/05\/307153859_489276876579377_7785340329052198786_n-350x350-1-300x300.jpg 300w, https:\/\/redeicm.org.br\/casadacrianca\/wp-content\/uploads\/sites\/6\/2025\/05\/307153859_489276876579377_7785340329052198786_n-350x350-1-150x150.jpg 150w, https:\/\/redeicm.org.br\/casadacrianca\/wp-content\/uploads\/sites\/6\/2025\/05\/307153859_489276876579377_7785340329052198786_n-350x350-1.jpg 350w\" sizes=\"(max-width: 300px) 100vw, 300px\" \/>\t\t\t\t\t\t\t\t\t\t\t\t\t\t\t<\/div>\n\t\t\t\t<\/div>\n\t\t\t\t\t<\/div>\n\t\t\t\t<\/div>\n\t\t\t\t<\/div>\n\t\t","protected":false},"excerpt":{"rendered":"<p>Parceria que fortalece: Juntos oferecendo um futuro cheio de novas possibilidades!<\/p>\n","protected":false},"author":1,"featured_media":109,"parent":0,"menu_order":0,"comment_status":"closed","ping_status":"closed","template":"","meta":{"_acf_changed":false,"footnotes":""},"class_list":["post-787","page","type-page","status-publish","has-post-thumbnail","hentry"],"acf":[],"yoast_head":"<!-- This site is optimized with the Yoast SEO plugin v26.3 - https:\/\/yoast.com\/wordpress\/plugins\/seo\/ -->\n<title>Parceiros - Casa da Crian\u00e7a Sagrado Cora\u00e7\u00e3o de Jesus | Rede ICM de Educa\u00e7\u00e3o e Assist\u00eancia Social<\/title>\n<meta name=\"robots\" content=\"index, follow, max-snippet:-1, max-image-preview:large, max-video-preview:-1\" \/>\n<link rel=\"canonical\" href=\"https:\/\/redeicm.org.br\/casadacrianca\/parceiros\/\" \/>\n<meta property=\"og:locale\" content=\"pt_BR\" \/>\n<meta property=\"og:type\" content=\"article\" \/>\n<meta property=\"og:title\" content=\"Parceiros - Casa da Crian\u00e7a Sagrado Cora\u00e7\u00e3o de Jesus | Rede ICM de Educa\u00e7\u00e3o e Assist\u00eancia Social\" \/>\n<meta property=\"og:description\" content=\"Parceria que fortalece: Juntos oferecendo um futuro cheio de novas possibilidades!\" \/>\n<meta property=\"og:url\" content=\"https:\/\/redeicm.org.br\/casadacrianca\/parceiros\/\" \/>\n<meta property=\"og:site_name\" content=\"Casa da Crian\u00e7a Sagrado Cora\u00e7\u00e3o de Jesus | Rede ICM de Educa\u00e7\u00e3o e Assist\u00eancia Social\" \/>\n<meta property=\"article:modified_time\" content=\"2025-05-29T22:43:48+00:00\" \/>\n<meta property=\"og:image\" content=\"https:\/\/redeicm.org.br\/casadacrianca\/wp-content\/uploads\/sites\/6\/2024\/08\/banner-educacao-infantil.jpg\" \/>\n\t<meta property=\"og:image:width\" content=\"1440\" \/>\n\t<meta property=\"og:image:height\" content=\"400\" \/>\n\t<meta property=\"og:image:type\" content=\"image\/jpeg\" \/>\n<meta name=\"twitter:card\" content=\"summary_large_image\" \/>\n<meta name=\"twitter:label1\" content=\"Est. tempo de leitura\" \/>\n\t<meta name=\"twitter:data1\" content=\"1 minuto\" \/>\n<script type=\"application\/ld+json\" class=\"yoast-schema-graph\">{\"@context\":\"https:\/\/schema.org\",\"@graph\":[{\"@type\":\"WebPage\",\"@id\":\"https:\/\/redeicm.org.br\/casadacrianca\/parceiros\/\",\"url\":\"https:\/\/redeicm.org.br\/casadacrianca\/parceiros\/\",\"name\":\"Parceiros - Casa da Crian\u00e7a Sagrado Cora\u00e7\u00e3o de Jesus | Rede ICM de Educa\u00e7\u00e3o e Assist\u00eancia Social\",\"isPartOf\":{\"@id\":\"https:\/\/redeicm.org.br\/casadacrianca\/#website\"},\"primaryImageOfPage\":{\"@id\":\"https:\/\/redeicm.org.br\/casadacrianca\/parceiros\/#primaryimage\"},\"image\":{\"@id\":\"https:\/\/redeicm.org.br\/casadacrianca\/parceiros\/#primaryimage\"},\"thumbnailUrl\":\"https:\/\/redeicm.org.br\/casadacrianca\/wp-content\/uploads\/sites\/6\/2024\/08\/banner-educacao-infantil.jpg\",\"datePublished\":\"2025-05-29T18:43:44+00:00\",\"dateModified\":\"2025-05-29T22:43:48+00:00\",\"breadcrumb\":{\"@id\":\"https:\/\/redeicm.org.br\/casadacrianca\/parceiros\/#breadcrumb\"},\"inLanguage\":\"pt-BR\",\"potentialAction\":[{\"@type\":\"ReadAction\",\"target\":[\"https:\/\/redeicm.org.br\/casadacrianca\/parceiros\/\"]}]},{\"@type\":\"ImageObject\",\"inLanguage\":\"pt-BR\",\"@id\":\"https:\/\/redeicm.org.br\/casadacrianca\/parceiros\/#primaryimage\",\"url\":\"https:\/\/redeicm.org.br\/casadacrianca\/wp-content\/uploads\/sites\/6\/2024\/08\/banner-educacao-infantil.jpg\",\"contentUrl\":\"https:\/\/redeicm.org.br\/casadacrianca\/wp-content\/uploads\/sites\/6\/2024\/08\/banner-educacao-infantil.jpg\",\"width\":1440,\"height\":400},{\"@type\":\"BreadcrumbList\",\"@id\":\"https:\/\/redeicm.org.br\/casadacrianca\/parceiros\/#breadcrumb\",\"itemListElement\":[{\"@type\":\"ListItem\",\"position\":1,\"name\":\"In\u00edcio\",\"item\":\"https:\/\/redeicm.org.br\/casadacrianca\/\"},{\"@type\":\"ListItem\",\"position\":2,\"name\":\"Parceiros\"}]},{\"@type\":\"WebSite\",\"@id\":\"https:\/\/redeicm.org.br\/casadacrianca\/#website\",\"url\":\"https:\/\/redeicm.org.br\/casadacrianca\/\",\"name\":\"Casa da Crian\u00e7a Sagrado Cora\u00e7\u00e3o de Jesus | Rede ICM de Educa\u00e7\u00e3o e Assist\u00eancia Social\",\"description\":\"\",\"publisher\":{\"@id\":\"https:\/\/redeicm.org.br\/casadacrianca\/#organization\"},\"potentialAction\":[{\"@type\":\"SearchAction\",\"target\":{\"@type\":\"EntryPoint\",\"urlTemplate\":\"https:\/\/redeicm.org.br\/casadacrianca\/?s={search_term_string}\"},\"query-input\":{\"@type\":\"PropertyValueSpecification\",\"valueRequired\":true,\"valueName\":\"search_term_string\"}}],\"inLanguage\":\"pt-BR\"},{\"@type\":\"Organization\",\"@id\":\"https:\/\/redeicm.org.br\/casadacrianca\/#organization\",\"name\":\"Casa da Crian\u00e7a Sagrado Cora\u00e7\u00e3o de Jesus | Rede ICM de Educa\u00e7\u00e3o e Assist\u00eancia Social\",\"url\":\"https:\/\/redeicm.org.br\/casadacrianca\/\",\"logo\":{\"@type\":\"ImageObject\",\"inLanguage\":\"pt-BR\",\"@id\":\"https:\/\/redeicm.org.br\/casadacrianca\/#\/schema\/logo\/image\/\",\"url\":\"https:\/\/redeicm.org.br\/casadacrianca\/wp-content\/uploads\/sites\/6\/2024\/08\/ICM_Socio_Casadacrianca_preferencial-1024x338-1.png\",\"contentUrl\":\"https:\/\/redeicm.org.br\/casadacrianca\/wp-content\/uploads\/sites\/6\/2024\/08\/ICM_Socio_Casadacrianca_preferencial-1024x338-1.png\",\"width\":1024,\"height\":338,\"caption\":\"Casa da Crian\u00e7a Sagrado Cora\u00e7\u00e3o de Jesus | Rede ICM de Educa\u00e7\u00e3o e Assist\u00eancia Social\"},\"image\":{\"@id\":\"https:\/\/redeicm.org.br\/casadacrianca\/#\/schema\/logo\/image\/\"}}]}<\/script>\n<!-- \/ Yoast SEO plugin. -->","yoast_head_json":{"title":"Parceiros - Casa da Crian\u00e7a Sagrado Cora\u00e7\u00e3o de Jesus | Rede ICM de Educa\u00e7\u00e3o e Assist\u00eancia Social","robots":{"index":"index","follow":"follow","max-snippet":"max-snippet:-1","max-image-preview":"max-image-preview:large","max-video-preview":"max-video-preview:-1"},"canonical":"https:\/\/redeicm.org.br\/casadacrianca\/parceiros\/","og_locale":"pt_BR","og_type":"article","og_title":"Parceiros - Casa da Crian\u00e7a Sagrado Cora\u00e7\u00e3o de Jesus | Rede ICM de Educa\u00e7\u00e3o e Assist\u00eancia Social","og_description":"Parceria que fortalece: Juntos oferecendo um futuro cheio de novas possibilidades!","og_url":"https:\/\/redeicm.org.br\/casadacrianca\/parceiros\/","og_site_name":"Casa da Crian\u00e7a Sagrado Cora\u00e7\u00e3o de Jesus | Rede ICM de Educa\u00e7\u00e3o e Assist\u00eancia Social","article_modified_time":"2025-05-29T22:43:48+00:00","og_image":[{"width":1440,"height":400,"url":"https:\/\/redeicm.org.br\/casadacrianca\/wp-content\/uploads\/sites\/6\/2024\/08\/banner-educacao-infantil.jpg","type":"image\/jpeg"}],"twitter_card":"summary_large_image","twitter_misc":{"Est. tempo de leitura":"1 minuto"},"schema":{"@context":"https:\/\/schema.org","@graph":[{"@type":"WebPage","@id":"https:\/\/redeicm.org.br\/casadacrianca\/parceiros\/","url":"https:\/\/redeicm.org.br\/casadacrianca\/parceiros\/","name":"Parceiros - Casa da Crian\u00e7a Sagrado Cora\u00e7\u00e3o de Jesus | Rede ICM de Educa\u00e7\u00e3o e Assist\u00eancia Social","isPartOf":{"@id":"https:\/\/redeicm.org.br\/casadacrianca\/#website"},"primaryImageOfPage":{"@id":"https:\/\/redeicm.org.br\/casadacrianca\/parceiros\/#primaryimage"},"image":{"@id":"https:\/\/redeicm.org.br\/casadacrianca\/parceiros\/#primaryimage"},"thumbnailUrl":"https:\/\/redeicm.org.br\/casadacrianca\/wp-content\/uploads\/sites\/6\/2024\/08\/banner-educacao-infantil.jpg","datePublished":"2025-05-29T18:43:44+00:00","dateModified":"2025-05-29T22:43:48+00:00","breadcrumb":{"@id":"https:\/\/redeicm.org.br\/casadacrianca\/parceiros\/#breadcrumb"},"inLanguage":"pt-BR","potentialAction":[{"@type":"ReadAction","target":["https:\/\/redeicm.org.br\/casadacrianca\/parceiros\/"]}]},{"@type":"ImageObject","inLanguage":"pt-BR","@id":"https:\/\/redeicm.org.br\/casadacrianca\/parceiros\/#primaryimage","url":"https:\/\/redeicm.org.br\/casadacrianca\/wp-content\/uploads\/sites\/6\/2024\/08\/banner-educacao-infantil.jpg","contentUrl":"https:\/\/redeicm.org.br\/casadacrianca\/wp-content\/uploads\/sites\/6\/2024\/08\/banner-educacao-infantil.jpg","width":1440,"height":400},{"@type":"BreadcrumbList","@id":"https:\/\/redeicm.org.br\/casadacrianca\/parceiros\/#breadcrumb","itemListElement":[{"@type":"ListItem","position":1,"name":"In\u00edcio","item":"https:\/\/redeicm.org.br\/casadacrianca\/"},{"@type":"ListItem","position":2,"name":"Parceiros"}]},{"@type":"WebSite","@id":"https:\/\/redeicm.org.br\/casadacrianca\/#website","url":"https:\/\/redeicm.org.br\/casadacrianca\/","name":"Casa da Crian\u00e7a Sagrado Cora\u00e7\u00e3o de Jesus | Rede ICM de Educa\u00e7\u00e3o e Assist\u00eancia Social","description":"","publisher":{"@id":"https:\/\/redeicm.org.br\/casadacrianca\/#organization"},"potentialAction":[{"@type":"SearchAction","target":{"@type":"EntryPoint","urlTemplate":"https:\/\/redeicm.org.br\/casadacrianca\/?s={search_term_string}"},"query-input":{"@type":"PropertyValueSpecification","valueRequired":true,"valueName":"search_term_string"}}],"inLanguage":"pt-BR"},{"@type":"Organization","@id":"https:\/\/redeicm.org.br\/casadacrianca\/#organization","name":"Casa da Crian\u00e7a Sagrado Cora\u00e7\u00e3o de Jesus | Rede ICM de Educa\u00e7\u00e3o e Assist\u00eancia Social","url":"https:\/\/redeicm.org.br\/casadacrianca\/","logo":{"@type":"ImageObject","inLanguage":"pt-BR","@id":"https:\/\/redeicm.org.br\/casadacrianca\/#\/schema\/logo\/image\/","url":"https:\/\/redeicm.org.br\/casadacrianca\/wp-content\/uploads\/sites\/6\/2024\/08\/ICM_Socio_Casadacrianca_preferencial-1024x338-1.png","contentUrl":"https:\/\/redeicm.org.br\/casadacrianca\/wp-content\/uploads\/sites\/6\/2024\/08\/ICM_Socio_Casadacrianca_preferencial-1024x338-1.png","width":1024,"height":338,"caption":"Casa da Crian\u00e7a Sagrado Cora\u00e7\u00e3o de Jesus | Rede ICM de Educa\u00e7\u00e3o e Assist\u00eancia Social"},"image":{"@id":"https:\/\/redeicm.org.br\/casadacrianca\/#\/schema\/logo\/image\/"}}]}},"_links":{"self":[{"href":"https:\/\/redeicm.org.br\/casadacrianca\/wp-json\/wp\/v2\/pages\/787","targetHints":{"allow":["GET"]}}],"collection":[{"href":"https:\/\/redeicm.org.br\/casadacrianca\/wp-json\/wp\/v2\/pages"}],"about":[{"href":"https:\/\/redeicm.org.br\/casadacrianca\/wp-json\/wp\/v2\/types\/page"}],"author":[{"embeddable":true,"href":"https:\/\/redeicm.org.br\/casadacrianca\/wp-json\/wp\/v2\/users\/1"}],"replies":[{"embeddable":true,"href":"https:\/\/redeicm.org.br\/casadacrianca\/wp-json\/wp\/v2\/comments?post=787"}],"version-history":[{"count":13,"href":"https:\/\/redeicm.org.br\/casadacrianca\/wp-json\/wp\/v2\/pages\/787\/revisions"}],"predecessor-version":[{"id":840,"href":"https:\/\/redeicm.org.br\/casadacrianca\/wp-json\/wp\/v2\/pages\/787\/revisions\/840"}],"wp:featuredmedia":[{"embeddable":true,"href":"https:\/\/redeicm.org.br\/casadacrianca\/wp-json\/wp\/v2\/media\/109"}],"wp:attachment":[{"href":"https:\/\/redeicm.org.br\/casadacrianca\/wp-json\/wp\/v2\/media?parent=787"}],"curies":[{"name":"wp","href":"https:\/\/api.w.org\/{rel}","templated":true}]}}