{"id":290,"date":"2024-08-20T14:42:02","date_gmt":"2024-08-20T17:42:02","guid":{"rendered":"https:\/\/redeicm.org.br\/casadacrianca\/?page_id=290"},"modified":"2025-10-28T09:20:32","modified_gmt":"2025-10-28T12:20:32","slug":"secretaria","status":"publish","type":"page","link":"https:\/\/redeicm.org.br\/casadacrianca\/secretaria\/","title":{"rendered":"Secretaria"},"content":{"rendered":"\t\t<div data-elementor-type=\"wp-page\" data-elementor-id=\"290\" class=\"elementor elementor-290\" data-elementor-post-type=\"page\">\n\t\t\t\t<div class=\"elementor-element elementor-element-13b370a3 e-flex e-con-boxed e-con e-parent\" data-id=\"13b370a3\" data-element_type=\"container\" data-e-type=\"container\" data-settings=\"{&quot;background_background&quot;:&quot;classic&quot;}\">\n\t\t\t\t\t<div class=\"e-con-inner\">\n\t\t\t\t<div class=\"elementor-element elementor-element-2ca62c84 elementor-widget elementor-widget-heading\" data-id=\"2ca62c84\" data-element_type=\"widget\" data-e-type=\"widget\" data-widget_type=\"heading.default\">\n\t\t\t\t<div class=\"elementor-widget-container\">\n\t\t\t\t\t<h1 class=\"elementor-heading-title elementor-size-default\">Secretaria<\/h1>\t\t\t\t<\/div>\n\t\t\t\t<\/div>\n\t\t\t\t\t<\/div>\n\t\t\t\t<\/div>\n\t\t<div class=\"elementor-element elementor-element-494a42c7 e-con-full e-flex e-con e-parent\" data-id=\"494a42c7\" data-element_type=\"container\" data-e-type=\"container\">\n\t\t<div class=\"elementor-element elementor-element-81ab19f e-flex e-con-boxed e-con e-child\" data-id=\"81ab19f\" data-element_type=\"container\" data-e-type=\"container\">\n\t\t\t\t\t<div class=\"e-con-inner\">\n\t\t\t\t<div class=\"elementor-element elementor-element-b740dd5 elementor-invisible elementor-widget elementor-widget-text-editor\" data-id=\"b740dd5\" data-element_type=\"widget\" data-e-type=\"widget\" data-settings=\"{&quot;_animation&quot;:&quot;fadeInUp&quot;}\" data-widget_type=\"text-editor.default\">\n\t\t\t\t<div class=\"elementor-widget-container\">\n\t\t\t\t\t\t\t\t\t<p><strong>Hor\u00e1rios de Funcionamento:<\/strong><\/p><p>De segunda \u00e0 sexta-feira, das 7h45min \u00e0s 17h00min.<\/p><p><strong>Secret\u00e1ria:<\/strong><br \/>Isabele Fontoura<\/p><p>Compete \u00e0 secret\u00e1ria manter atualizada a documenta\u00e7\u00e3o e o cadastro de informa\u00e7\u00f5es dos usu\u00e1rios, assim como assegurar a preserva\u00e7\u00e3o e o sigilo dos mesmos.<\/p>\t\t\t\t\t\t\t\t<\/div>\n\t\t\t\t<\/div>\n\t\t\t\t\t<\/div>\n\t\t\t\t<\/div>\n\t\t\t\t<\/div>\n\t\t\t\t<\/div>\n\t\t","protected":false},"excerpt":{"rendered":"<p>Hor\u00e1rios de Funcionamento: De segunda \u00e0 sexta-feira, das 7h45min \u00e0s 17h00min. Secret\u00e1ria:Isabele Fontoura Compete \u00e0 secret\u00e1ria manter atualizada a documenta\u00e7\u00e3o e o cadastro de informa\u00e7\u00f5es dos usu\u00e1rios, assim como assegurar a preserva\u00e7\u00e3o e o sigilo dos mesmos.<\/p>\n","protected":false},"author":1,"featured_media":109,"parent":0,"menu_order":0,"comment_status":"closed","ping_status":"closed","template":"","meta":{"_acf_changed":false,"footnotes":""},"class_list":["post-290","page","type-page","status-publish","has-post-thumbnail","hentry"],"acf":[],"yoast_head":"<!-- This site is optimized with the Yoast SEO plugin v26.3 - https:\/\/yoast.com\/wordpress\/plugins\/seo\/ -->\n<title>Secretaria - Casa da Crian\u00e7a Sagrado Cora\u00e7\u00e3o de Jesus | Rede ICM de Educa\u00e7\u00e3o e Assist\u00eancia Social<\/title>\n<meta name=\"robots\" content=\"index, follow, max-snippet:-1, max-image-preview:large, max-video-preview:-1\" \/>\n<link rel=\"canonical\" href=\"https:\/\/redeicm.org.br\/casadacrianca\/secretaria\/\" \/>\n<meta property=\"og:locale\" content=\"pt_BR\" \/>\n<meta property=\"og:type\" content=\"article\" \/>\n<meta property=\"og:title\" content=\"Secretaria - Casa da Crian\u00e7a Sagrado Cora\u00e7\u00e3o de Jesus | Rede ICM de Educa\u00e7\u00e3o e Assist\u00eancia Social\" \/>\n<meta property=\"og:description\" content=\"Hor\u00e1rios de Funcionamento: De segunda \u00e0 sexta-feira, das 7h45min \u00e0s 17h00min. Secret\u00e1ria:Isabele Fontoura Compete \u00e0 secret\u00e1ria manter atualizada a documenta\u00e7\u00e3o e o cadastro de informa\u00e7\u00f5es dos usu\u00e1rios, assim como assegurar a preserva\u00e7\u00e3o e o sigilo dos mesmos.\" \/>\n<meta property=\"og:url\" content=\"https:\/\/redeicm.org.br\/casadacrianca\/secretaria\/\" \/>\n<meta property=\"og:site_name\" content=\"Casa da Crian\u00e7a Sagrado Cora\u00e7\u00e3o de Jesus | Rede ICM de Educa\u00e7\u00e3o e Assist\u00eancia Social\" \/>\n<meta property=\"article:modified_time\" content=\"2025-10-28T12:20:32+00:00\" \/>\n<meta property=\"og:image\" content=\"https:\/\/redeicm.org.br\/casadacrianca\/wp-content\/uploads\/sites\/6\/2024\/08\/banner-educacao-infantil.jpg\" \/>\n\t<meta property=\"og:image:width\" content=\"1440\" \/>\n\t<meta property=\"og:image:height\" content=\"400\" \/>\n\t<meta property=\"og:image:type\" content=\"image\/jpeg\" \/>\n<meta name=\"twitter:card\" content=\"summary_large_image\" \/>\n<meta name=\"twitter:label1\" content=\"Est. tempo de leitura\" \/>\n\t<meta name=\"twitter:data1\" content=\"1 minuto\" \/>\n<script type=\"application\/ld+json\" class=\"yoast-schema-graph\">{\"@context\":\"https:\/\/schema.org\",\"@graph\":[{\"@type\":\"WebPage\",\"@id\":\"https:\/\/redeicm.org.br\/casadacrianca\/secretaria\/\",\"url\":\"https:\/\/redeicm.org.br\/casadacrianca\/secretaria\/\",\"name\":\"Secretaria - Casa da Crian\u00e7a Sagrado Cora\u00e7\u00e3o de Jesus | Rede ICM de Educa\u00e7\u00e3o e Assist\u00eancia Social\",\"isPartOf\":{\"@id\":\"https:\/\/redeicm.org.br\/casadacrianca\/#website\"},\"primaryImageOfPage\":{\"@id\":\"https:\/\/redeicm.org.br\/casadacrianca\/secretaria\/#primaryimage\"},\"image\":{\"@id\":\"https:\/\/redeicm.org.br\/casadacrianca\/secretaria\/#primaryimage\"},\"thumbnailUrl\":\"https:\/\/redeicm.org.br\/casadacrianca\/wp-content\/uploads\/sites\/6\/2024\/08\/banner-educacao-infantil.jpg\",\"datePublished\":\"2024-08-20T17:42:02+00:00\",\"dateModified\":\"2025-10-28T12:20:32+00:00\",\"breadcrumb\":{\"@id\":\"https:\/\/redeicm.org.br\/casadacrianca\/secretaria\/#breadcrumb\"},\"inLanguage\":\"pt-BR\",\"potentialAction\":[{\"@type\":\"ReadAction\",\"target\":[\"https:\/\/redeicm.org.br\/casadacrianca\/secretaria\/\"]}]},{\"@type\":\"ImageObject\",\"inLanguage\":\"pt-BR\",\"@id\":\"https:\/\/redeicm.org.br\/casadacrianca\/secretaria\/#primaryimage\",\"url\":\"https:\/\/redeicm.org.br\/casadacrianca\/wp-content\/uploads\/sites\/6\/2024\/08\/banner-educacao-infantil.jpg\",\"contentUrl\":\"https:\/\/redeicm.org.br\/casadacrianca\/wp-content\/uploads\/sites\/6\/2024\/08\/banner-educacao-infantil.jpg\",\"width\":1440,\"height\":400},{\"@type\":\"BreadcrumbList\",\"@id\":\"https:\/\/redeicm.org.br\/casadacrianca\/secretaria\/#breadcrumb\",\"itemListElement\":[{\"@type\":\"ListItem\",\"position\":1,\"name\":\"In\u00edcio\",\"item\":\"https:\/\/redeicm.org.br\/casadacrianca\/\"},{\"@type\":\"ListItem\",\"position\":2,\"name\":\"Secretaria\"}]},{\"@type\":\"WebSite\",\"@id\":\"https:\/\/redeicm.org.br\/casadacrianca\/#website\",\"url\":\"https:\/\/redeicm.org.br\/casadacrianca\/\",\"name\":\"Casa da Crian\u00e7a Sagrado Cora\u00e7\u00e3o de Jesus | Rede ICM de Educa\u00e7\u00e3o e Assist\u00eancia Social\",\"description\":\"\",\"publisher\":{\"@id\":\"https:\/\/redeicm.org.br\/casadacrianca\/#organization\"},\"potentialAction\":[{\"@type\":\"SearchAction\",\"target\":{\"@type\":\"EntryPoint\",\"urlTemplate\":\"https:\/\/redeicm.org.br\/casadacrianca\/?s={search_term_string}\"},\"query-input\":{\"@type\":\"PropertyValueSpecification\",\"valueRequired\":true,\"valueName\":\"search_term_string\"}}],\"inLanguage\":\"pt-BR\"},{\"@type\":\"Organization\",\"@id\":\"https:\/\/redeicm.org.br\/casadacrianca\/#organization\",\"name\":\"Casa da Crian\u00e7a Sagrado Cora\u00e7\u00e3o de Jesus | Rede ICM de Educa\u00e7\u00e3o e Assist\u00eancia Social\",\"url\":\"https:\/\/redeicm.org.br\/casadacrianca\/\",\"logo\":{\"@type\":\"ImageObject\",\"inLanguage\":\"pt-BR\",\"@id\":\"https:\/\/redeicm.org.br\/casadacrianca\/#\/schema\/logo\/image\/\",\"url\":\"https:\/\/redeicm.org.br\/casadacrianca\/wp-content\/uploads\/sites\/6\/2024\/08\/ICM_Socio_Casadacrianca_preferencial-1024x338-1.png\",\"contentUrl\":\"https:\/\/redeicm.org.br\/casadacrianca\/wp-content\/uploads\/sites\/6\/2024\/08\/ICM_Socio_Casadacrianca_preferencial-1024x338-1.png\",\"width\":1024,\"height\":338,\"caption\":\"Casa da Crian\u00e7a Sagrado Cora\u00e7\u00e3o de Jesus | Rede ICM de Educa\u00e7\u00e3o e Assist\u00eancia Social\"},\"image\":{\"@id\":\"https:\/\/redeicm.org.br\/casadacrianca\/#\/schema\/logo\/image\/\"}}]}<\/script>\n<!-- \/ Yoast SEO plugin. -->","yoast_head_json":{"title":"Secretaria - Casa da Crian\u00e7a Sagrado Cora\u00e7\u00e3o de Jesus | Rede ICM de Educa\u00e7\u00e3o e Assist\u00eancia Social","robots":{"index":"index","follow":"follow","max-snippet":"max-snippet:-1","max-image-preview":"max-image-preview:large","max-video-preview":"max-video-preview:-1"},"canonical":"https:\/\/redeicm.org.br\/casadacrianca\/secretaria\/","og_locale":"pt_BR","og_type":"article","og_title":"Secretaria - Casa da Crian\u00e7a Sagrado Cora\u00e7\u00e3o de Jesus | Rede ICM de Educa\u00e7\u00e3o e Assist\u00eancia Social","og_description":"Hor\u00e1rios de Funcionamento: De segunda \u00e0 sexta-feira, das 7h45min \u00e0s 17h00min. Secret\u00e1ria:Isabele Fontoura Compete \u00e0 secret\u00e1ria manter atualizada a documenta\u00e7\u00e3o e o cadastro de informa\u00e7\u00f5es dos usu\u00e1rios, assim como assegurar a preserva\u00e7\u00e3o e o sigilo dos mesmos.","og_url":"https:\/\/redeicm.org.br\/casadacrianca\/secretaria\/","og_site_name":"Casa da Crian\u00e7a Sagrado Cora\u00e7\u00e3o de Jesus | Rede ICM de Educa\u00e7\u00e3o e Assist\u00eancia Social","article_modified_time":"2025-10-28T12:20:32+00:00","og_image":[{"width":1440,"height":400,"url":"https:\/\/redeicm.org.br\/casadacrianca\/wp-content\/uploads\/sites\/6\/2024\/08\/banner-educacao-infantil.jpg","type":"image\/jpeg"}],"twitter_card":"summary_large_image","twitter_misc":{"Est. tempo de leitura":"1 minuto"},"schema":{"@context":"https:\/\/schema.org","@graph":[{"@type":"WebPage","@id":"https:\/\/redeicm.org.br\/casadacrianca\/secretaria\/","url":"https:\/\/redeicm.org.br\/casadacrianca\/secretaria\/","name":"Secretaria - Casa da Crian\u00e7a Sagrado Cora\u00e7\u00e3o de Jesus | Rede ICM de Educa\u00e7\u00e3o e Assist\u00eancia Social","isPartOf":{"@id":"https:\/\/redeicm.org.br\/casadacrianca\/#website"},"primaryImageOfPage":{"@id":"https:\/\/redeicm.org.br\/casadacrianca\/secretaria\/#primaryimage"},"image":{"@id":"https:\/\/redeicm.org.br\/casadacrianca\/secretaria\/#primaryimage"},"thumbnailUrl":"https:\/\/redeicm.org.br\/casadacrianca\/wp-content\/uploads\/sites\/6\/2024\/08\/banner-educacao-infantil.jpg","datePublished":"2024-08-20T17:42:02+00:00","dateModified":"2025-10-28T12:20:32+00:00","breadcrumb":{"@id":"https:\/\/redeicm.org.br\/casadacrianca\/secretaria\/#breadcrumb"},"inLanguage":"pt-BR","potentialAction":[{"@type":"ReadAction","target":["https:\/\/redeicm.org.br\/casadacrianca\/secretaria\/"]}]},{"@type":"ImageObject","inLanguage":"pt-BR","@id":"https:\/\/redeicm.org.br\/casadacrianca\/secretaria\/#primaryimage","url":"https:\/\/redeicm.org.br\/casadacrianca\/wp-content\/uploads\/sites\/6\/2024\/08\/banner-educacao-infantil.jpg","contentUrl":"https:\/\/redeicm.org.br\/casadacrianca\/wp-content\/uploads\/sites\/6\/2024\/08\/banner-educacao-infantil.jpg","width":1440,"height":400},{"@type":"BreadcrumbList","@id":"https:\/\/redeicm.org.br\/casadacrianca\/secretaria\/#breadcrumb","itemListElement":[{"@type":"ListItem","position":1,"name":"In\u00edcio","item":"https:\/\/redeicm.org.br\/casadacrianca\/"},{"@type":"ListItem","position":2,"name":"Secretaria"}]},{"@type":"WebSite","@id":"https:\/\/redeicm.org.br\/casadacrianca\/#website","url":"https:\/\/redeicm.org.br\/casadacrianca\/","name":"Casa da Crian\u00e7a Sagrado Cora\u00e7\u00e3o de Jesus | Rede ICM de Educa\u00e7\u00e3o e Assist\u00eancia Social","description":"","publisher":{"@id":"https:\/\/redeicm.org.br\/casadacrianca\/#organization"},"potentialAction":[{"@type":"SearchAction","target":{"@type":"EntryPoint","urlTemplate":"https:\/\/redeicm.org.br\/casadacrianca\/?s={search_term_string}"},"query-input":{"@type":"PropertyValueSpecification","valueRequired":true,"valueName":"search_term_string"}}],"inLanguage":"pt-BR"},{"@type":"Organization","@id":"https:\/\/redeicm.org.br\/casadacrianca\/#organization","name":"Casa da Crian\u00e7a Sagrado Cora\u00e7\u00e3o de Jesus | Rede ICM de Educa\u00e7\u00e3o e Assist\u00eancia Social","url":"https:\/\/redeicm.org.br\/casadacrianca\/","logo":{"@type":"ImageObject","inLanguage":"pt-BR","@id":"https:\/\/redeicm.org.br\/casadacrianca\/#\/schema\/logo\/image\/","url":"https:\/\/redeicm.org.br\/casadacrianca\/wp-content\/uploads\/sites\/6\/2024\/08\/ICM_Socio_Casadacrianca_preferencial-1024x338-1.png","contentUrl":"https:\/\/redeicm.org.br\/casadacrianca\/wp-content\/uploads\/sites\/6\/2024\/08\/ICM_Socio_Casadacrianca_preferencial-1024x338-1.png","width":1024,"height":338,"caption":"Casa da Crian\u00e7a Sagrado Cora\u00e7\u00e3o de Jesus | Rede ICM de Educa\u00e7\u00e3o e Assist\u00eancia Social"},"image":{"@id":"https:\/\/redeicm.org.br\/casadacrianca\/#\/schema\/logo\/image\/"}}]}},"_links":{"self":[{"href":"https:\/\/redeicm.org.br\/casadacrianca\/wp-json\/wp\/v2\/pages\/290","targetHints":{"allow":["GET"]}}],"collection":[{"href":"https:\/\/redeicm.org.br\/casadacrianca\/wp-json\/wp\/v2\/pages"}],"about":[{"href":"https:\/\/redeicm.org.br\/casadacrianca\/wp-json\/wp\/v2\/types\/page"}],"author":[{"embeddable":true,"href":"https:\/\/redeicm.org.br\/casadacrianca\/wp-json\/wp\/v2\/users\/1"}],"replies":[{"embeddable":true,"href":"https:\/\/redeicm.org.br\/casadacrianca\/wp-json\/wp\/v2\/comments?post=290"}],"version-history":[{"count":3,"href":"https:\/\/redeicm.org.br\/casadacrianca\/wp-json\/wp\/v2\/pages\/290\/revisions"}],"predecessor-version":[{"id":1141,"href":"https:\/\/redeicm.org.br\/casadacrianca\/wp-json\/wp\/v2\/pages\/290\/revisions\/1141"}],"wp:featuredmedia":[{"embeddable":true,"href":"https:\/\/redeicm.org.br\/casadacrianca\/wp-json\/wp\/v2\/media\/109"}],"wp:attachment":[{"href":"https:\/\/redeicm.org.br\/casadacrianca\/wp-json\/wp\/v2\/media?parent=290"}],"curies":[{"name":"wp","href":"https:\/\/api.w.org\/{rel}","templated":true}]}}