{"id":272,"date":"2024-08-17T11:34:37","date_gmt":"2024-08-17T14:34:37","guid":{"rendered":"https:\/\/redeicm.org.br\/casadacrianca\/?page_id=272"},"modified":"2025-05-29T20:45:21","modified_gmt":"2025-05-29T23:45:21","slug":"certificado-de-entidade-beneficente-de-assistencia-social","status":"publish","type":"page","link":"https:\/\/redeicm.org.br\/casadacrianca\/certificado-de-entidade-beneficente-de-assistencia-social\/","title":{"rendered":"Certificado de Entidade Beneficente de Assist\u00eancia Social"},"content":{"rendered":"\t\t<div data-elementor-type=\"wp-page\" data-elementor-id=\"272\" class=\"elementor elementor-272\" data-elementor-post-type=\"page\">\n\t\t\t\t<div class=\"elementor-element elementor-element-13b370a3 e-flex e-con-boxed e-con e-parent\" data-id=\"13b370a3\" data-element_type=\"container\" data-e-type=\"container\" data-settings=\"{&quot;background_background&quot;:&quot;classic&quot;}\">\n\t\t\t\t\t<div class=\"e-con-inner\">\n\t\t\t\t<div class=\"elementor-element elementor-element-2ca62c84 elementor-widget elementor-widget-heading\" data-id=\"2ca62c84\" data-element_type=\"widget\" data-e-type=\"widget\" data-widget_type=\"heading.default\">\n\t\t\t\t<div class=\"elementor-widget-container\">\n\t\t\t\t\t<h1 class=\"elementor-heading-title elementor-size-default\">Certificado de Entidade Beneficente de Assist\u00eancia Social<\/h1>\t\t\t\t<\/div>\n\t\t\t\t<\/div>\n\t\t\t\t\t<\/div>\n\t\t\t\t<\/div>\n\t\t<div class=\"elementor-element elementor-element-494a42c7 e-con-full e-flex e-con e-parent\" data-id=\"494a42c7\" data-element_type=\"container\" data-e-type=\"container\">\n\t\t<div class=\"elementor-element elementor-element-81ab19f e-flex e-con-boxed e-con e-child\" data-id=\"81ab19f\" data-element_type=\"container\" data-e-type=\"container\">\n\t\t\t\t\t<div class=\"e-con-inner\">\n\t\t\t\t<div class=\"elementor-element elementor-element-d0673cc elementor-widget elementor-widget-image\" data-id=\"d0673cc\" data-element_type=\"widget\" data-e-type=\"widget\" data-widget_type=\"image.default\">\n\t\t\t\t<div class=\"elementor-widget-container\">\n\t\t\t\t\t\t\t\t\t\t\t\t\t\t\t<img fetchpriority=\"high\" decoding=\"async\" width=\"800\" height=\"562\" src=\"https:\/\/redeicm.org.br\/casadacrianca\/wp-content\/uploads\/sites\/6\/2024\/08\/Entidade-Beneficiente-1024x719-1.png\" class=\"attachment-large size-large wp-image-274\" alt=\"\" srcset=\"https:\/\/redeicm.org.br\/casadacrianca\/wp-content\/uploads\/sites\/6\/2024\/08\/Entidade-Beneficiente-1024x719-1.png 1024w, https:\/\/redeicm.org.br\/casadacrianca\/wp-content\/uploads\/sites\/6\/2024\/08\/Entidade-Beneficiente-1024x719-1-300x211.png 300w, https:\/\/redeicm.org.br\/casadacrianca\/wp-content\/uploads\/sites\/6\/2024\/08\/Entidade-Beneficiente-1024x719-1-768x539.png 768w\" sizes=\"(max-width: 800px) 100vw, 800px\" \/>\t\t\t\t\t\t\t\t\t\t\t\t\t\t\t<\/div>\n\t\t\t\t<\/div>\n\t\t\t\t\t<\/div>\n\t\t\t\t<\/div>\n\t\t\t\t<\/div>\n\t\t\t\t<\/div>\n\t\t","protected":false},"excerpt":{"rendered":"","protected":false},"author":1,"featured_media":0,"parent":0,"menu_order":0,"comment_status":"closed","ping_status":"closed","template":"","meta":{"_acf_changed":false,"footnotes":""},"class_list":["post-272","page","type-page","status-publish","hentry"],"acf":[],"yoast_head":"<!-- This site is optimized with the Yoast SEO plugin v26.3 - https:\/\/yoast.com\/wordpress\/plugins\/seo\/ -->\n<title>Certificado de Entidade Beneficente de Assist\u00eancia Social - Casa da Crian\u00e7a Sagrado Cora\u00e7\u00e3o de Jesus | Rede ICM de Educa\u00e7\u00e3o e Assist\u00eancia Social<\/title>\n<meta name=\"robots\" content=\"index, follow, max-snippet:-1, max-image-preview:large, max-video-preview:-1\" \/>\n<link rel=\"canonical\" href=\"https:\/\/redeicm.org.br\/casadacrianca\/certificado-de-entidade-beneficente-de-assistencia-social\/\" \/>\n<meta property=\"og:locale\" content=\"pt_BR\" \/>\n<meta property=\"og:type\" content=\"article\" \/>\n<meta property=\"og:title\" content=\"Certificado de Entidade Beneficente de Assist\u00eancia Social - Casa da Crian\u00e7a Sagrado Cora\u00e7\u00e3o de Jesus | Rede ICM de Educa\u00e7\u00e3o e Assist\u00eancia Social\" \/>\n<meta property=\"og:url\" content=\"https:\/\/redeicm.org.br\/casadacrianca\/certificado-de-entidade-beneficente-de-assistencia-social\/\" \/>\n<meta property=\"og:site_name\" content=\"Casa da Crian\u00e7a Sagrado Cora\u00e7\u00e3o de Jesus | Rede ICM de Educa\u00e7\u00e3o e Assist\u00eancia Social\" \/>\n<meta property=\"article:modified_time\" content=\"2025-05-29T23:45:21+00:00\" \/>\n<meta property=\"og:image\" content=\"https:\/\/redeicm.org.br\/casadacrianca\/wp-content\/uploads\/sites\/6\/2024\/08\/Entidade-Beneficiente-1024x719-1.png\" \/>\n\t<meta property=\"og:image:width\" content=\"1024\" \/>\n\t<meta property=\"og:image:height\" content=\"719\" \/>\n\t<meta property=\"og:image:type\" content=\"image\/png\" \/>\n<meta name=\"twitter:card\" content=\"summary_large_image\" \/>\n<script type=\"application\/ld+json\" class=\"yoast-schema-graph\">{\"@context\":\"https:\/\/schema.org\",\"@graph\":[{\"@type\":\"WebPage\",\"@id\":\"https:\/\/redeicm.org.br\/casadacrianca\/certificado-de-entidade-beneficente-de-assistencia-social\/\",\"url\":\"https:\/\/redeicm.org.br\/casadacrianca\/certificado-de-entidade-beneficente-de-assistencia-social\/\",\"name\":\"Certificado de Entidade Beneficente de Assist\u00eancia Social - Casa da Crian\u00e7a Sagrado Cora\u00e7\u00e3o de Jesus | Rede ICM de Educa\u00e7\u00e3o e Assist\u00eancia Social\",\"isPartOf\":{\"@id\":\"https:\/\/redeicm.org.br\/casadacrianca\/#website\"},\"primaryImageOfPage\":{\"@id\":\"https:\/\/redeicm.org.br\/casadacrianca\/certificado-de-entidade-beneficente-de-assistencia-social\/#primaryimage\"},\"image\":{\"@id\":\"https:\/\/redeicm.org.br\/casadacrianca\/certificado-de-entidade-beneficente-de-assistencia-social\/#primaryimage\"},\"thumbnailUrl\":\"https:\/\/redeicm.org.br\/casadacrianca\/wp-content\/uploads\/sites\/6\/2024\/08\/Entidade-Beneficiente-1024x719-1.png\",\"datePublished\":\"2024-08-17T14:34:37+00:00\",\"dateModified\":\"2025-05-29T23:45:21+00:00\",\"breadcrumb\":{\"@id\":\"https:\/\/redeicm.org.br\/casadacrianca\/certificado-de-entidade-beneficente-de-assistencia-social\/#breadcrumb\"},\"inLanguage\":\"pt-BR\",\"potentialAction\":[{\"@type\":\"ReadAction\",\"target\":[\"https:\/\/redeicm.org.br\/casadacrianca\/certificado-de-entidade-beneficente-de-assistencia-social\/\"]}]},{\"@type\":\"ImageObject\",\"inLanguage\":\"pt-BR\",\"@id\":\"https:\/\/redeicm.org.br\/casadacrianca\/certificado-de-entidade-beneficente-de-assistencia-social\/#primaryimage\",\"url\":\"https:\/\/redeicm.org.br\/casadacrianca\/wp-content\/uploads\/sites\/6\/2024\/08\/Entidade-Beneficiente-1024x719-1.png\",\"contentUrl\":\"https:\/\/redeicm.org.br\/casadacrianca\/wp-content\/uploads\/sites\/6\/2024\/08\/Entidade-Beneficiente-1024x719-1.png\",\"width\":1024,\"height\":719},{\"@type\":\"BreadcrumbList\",\"@id\":\"https:\/\/redeicm.org.br\/casadacrianca\/certificado-de-entidade-beneficente-de-assistencia-social\/#breadcrumb\",\"itemListElement\":[{\"@type\":\"ListItem\",\"position\":1,\"name\":\"In\u00edcio\",\"item\":\"https:\/\/redeicm.org.br\/casadacrianca\/\"},{\"@type\":\"ListItem\",\"position\":2,\"name\":\"Certificado de Entidade Beneficente de Assist\u00eancia Social\"}]},{\"@type\":\"WebSite\",\"@id\":\"https:\/\/redeicm.org.br\/casadacrianca\/#website\",\"url\":\"https:\/\/redeicm.org.br\/casadacrianca\/\",\"name\":\"Casa da Crian\u00e7a Sagrado Cora\u00e7\u00e3o de Jesus | Rede ICM de Educa\u00e7\u00e3o e Assist\u00eancia Social\",\"description\":\"\",\"publisher\":{\"@id\":\"https:\/\/redeicm.org.br\/casadacrianca\/#organization\"},\"potentialAction\":[{\"@type\":\"SearchAction\",\"target\":{\"@type\":\"EntryPoint\",\"urlTemplate\":\"https:\/\/redeicm.org.br\/casadacrianca\/?s={search_term_string}\"},\"query-input\":{\"@type\":\"PropertyValueSpecification\",\"valueRequired\":true,\"valueName\":\"search_term_string\"}}],\"inLanguage\":\"pt-BR\"},{\"@type\":\"Organization\",\"@id\":\"https:\/\/redeicm.org.br\/casadacrianca\/#organization\",\"name\":\"Casa da Crian\u00e7a Sagrado Cora\u00e7\u00e3o de Jesus | Rede ICM de Educa\u00e7\u00e3o e Assist\u00eancia Social\",\"url\":\"https:\/\/redeicm.org.br\/casadacrianca\/\",\"logo\":{\"@type\":\"ImageObject\",\"inLanguage\":\"pt-BR\",\"@id\":\"https:\/\/redeicm.org.br\/casadacrianca\/#\/schema\/logo\/image\/\",\"url\":\"https:\/\/redeicm.org.br\/casadacrianca\/wp-content\/uploads\/sites\/6\/2024\/08\/ICM_Socio_Casadacrianca_preferencial-1024x338-1.png\",\"contentUrl\":\"https:\/\/redeicm.org.br\/casadacrianca\/wp-content\/uploads\/sites\/6\/2024\/08\/ICM_Socio_Casadacrianca_preferencial-1024x338-1.png\",\"width\":1024,\"height\":338,\"caption\":\"Casa da Crian\u00e7a Sagrado Cora\u00e7\u00e3o de Jesus | Rede ICM de Educa\u00e7\u00e3o e Assist\u00eancia Social\"},\"image\":{\"@id\":\"https:\/\/redeicm.org.br\/casadacrianca\/#\/schema\/logo\/image\/\"}}]}<\/script>\n<!-- \/ Yoast SEO plugin. -->","yoast_head_json":{"title":"Certificado de Entidade Beneficente de Assist\u00eancia Social - Casa da Crian\u00e7a Sagrado Cora\u00e7\u00e3o de Jesus | Rede ICM de Educa\u00e7\u00e3o e Assist\u00eancia Social","robots":{"index":"index","follow":"follow","max-snippet":"max-snippet:-1","max-image-preview":"max-image-preview:large","max-video-preview":"max-video-preview:-1"},"canonical":"https:\/\/redeicm.org.br\/casadacrianca\/certificado-de-entidade-beneficente-de-assistencia-social\/","og_locale":"pt_BR","og_type":"article","og_title":"Certificado de Entidade Beneficente de Assist\u00eancia Social - Casa da Crian\u00e7a Sagrado Cora\u00e7\u00e3o de Jesus | Rede ICM de Educa\u00e7\u00e3o e Assist\u00eancia Social","og_url":"https:\/\/redeicm.org.br\/casadacrianca\/certificado-de-entidade-beneficente-de-assistencia-social\/","og_site_name":"Casa da Crian\u00e7a Sagrado Cora\u00e7\u00e3o de Jesus | Rede ICM de Educa\u00e7\u00e3o e Assist\u00eancia Social","article_modified_time":"2025-05-29T23:45:21+00:00","og_image":[{"width":1024,"height":719,"url":"https:\/\/redeicm.org.br\/casadacrianca\/wp-content\/uploads\/sites\/6\/2024\/08\/Entidade-Beneficiente-1024x719-1.png","type":"image\/png"}],"twitter_card":"summary_large_image","schema":{"@context":"https:\/\/schema.org","@graph":[{"@type":"WebPage","@id":"https:\/\/redeicm.org.br\/casadacrianca\/certificado-de-entidade-beneficente-de-assistencia-social\/","url":"https:\/\/redeicm.org.br\/casadacrianca\/certificado-de-entidade-beneficente-de-assistencia-social\/","name":"Certificado de Entidade Beneficente de Assist\u00eancia Social - Casa da Crian\u00e7a Sagrado Cora\u00e7\u00e3o de Jesus | Rede ICM de Educa\u00e7\u00e3o e Assist\u00eancia Social","isPartOf":{"@id":"https:\/\/redeicm.org.br\/casadacrianca\/#website"},"primaryImageOfPage":{"@id":"https:\/\/redeicm.org.br\/casadacrianca\/certificado-de-entidade-beneficente-de-assistencia-social\/#primaryimage"},"image":{"@id":"https:\/\/redeicm.org.br\/casadacrianca\/certificado-de-entidade-beneficente-de-assistencia-social\/#primaryimage"},"thumbnailUrl":"https:\/\/redeicm.org.br\/casadacrianca\/wp-content\/uploads\/sites\/6\/2024\/08\/Entidade-Beneficiente-1024x719-1.png","datePublished":"2024-08-17T14:34:37+00:00","dateModified":"2025-05-29T23:45:21+00:00","breadcrumb":{"@id":"https:\/\/redeicm.org.br\/casadacrianca\/certificado-de-entidade-beneficente-de-assistencia-social\/#breadcrumb"},"inLanguage":"pt-BR","potentialAction":[{"@type":"ReadAction","target":["https:\/\/redeicm.org.br\/casadacrianca\/certificado-de-entidade-beneficente-de-assistencia-social\/"]}]},{"@type":"ImageObject","inLanguage":"pt-BR","@id":"https:\/\/redeicm.org.br\/casadacrianca\/certificado-de-entidade-beneficente-de-assistencia-social\/#primaryimage","url":"https:\/\/redeicm.org.br\/casadacrianca\/wp-content\/uploads\/sites\/6\/2024\/08\/Entidade-Beneficiente-1024x719-1.png","contentUrl":"https:\/\/redeicm.org.br\/casadacrianca\/wp-content\/uploads\/sites\/6\/2024\/08\/Entidade-Beneficiente-1024x719-1.png","width":1024,"height":719},{"@type":"BreadcrumbList","@id":"https:\/\/redeicm.org.br\/casadacrianca\/certificado-de-entidade-beneficente-de-assistencia-social\/#breadcrumb","itemListElement":[{"@type":"ListItem","position":1,"name":"In\u00edcio","item":"https:\/\/redeicm.org.br\/casadacrianca\/"},{"@type":"ListItem","position":2,"name":"Certificado de Entidade Beneficente de Assist\u00eancia Social"}]},{"@type":"WebSite","@id":"https:\/\/redeicm.org.br\/casadacrianca\/#website","url":"https:\/\/redeicm.org.br\/casadacrianca\/","name":"Casa da Crian\u00e7a Sagrado Cora\u00e7\u00e3o de Jesus | Rede ICM de Educa\u00e7\u00e3o e Assist\u00eancia Social","description":"","publisher":{"@id":"https:\/\/redeicm.org.br\/casadacrianca\/#organization"},"potentialAction":[{"@type":"SearchAction","target":{"@type":"EntryPoint","urlTemplate":"https:\/\/redeicm.org.br\/casadacrianca\/?s={search_term_string}"},"query-input":{"@type":"PropertyValueSpecification","valueRequired":true,"valueName":"search_term_string"}}],"inLanguage":"pt-BR"},{"@type":"Organization","@id":"https:\/\/redeicm.org.br\/casadacrianca\/#organization","name":"Casa da Crian\u00e7a Sagrado Cora\u00e7\u00e3o de Jesus | Rede ICM de Educa\u00e7\u00e3o e Assist\u00eancia Social","url":"https:\/\/redeicm.org.br\/casadacrianca\/","logo":{"@type":"ImageObject","inLanguage":"pt-BR","@id":"https:\/\/redeicm.org.br\/casadacrianca\/#\/schema\/logo\/image\/","url":"https:\/\/redeicm.org.br\/casadacrianca\/wp-content\/uploads\/sites\/6\/2024\/08\/ICM_Socio_Casadacrianca_preferencial-1024x338-1.png","contentUrl":"https:\/\/redeicm.org.br\/casadacrianca\/wp-content\/uploads\/sites\/6\/2024\/08\/ICM_Socio_Casadacrianca_preferencial-1024x338-1.png","width":1024,"height":338,"caption":"Casa da Crian\u00e7a Sagrado Cora\u00e7\u00e3o de Jesus | Rede ICM de Educa\u00e7\u00e3o e Assist\u00eancia Social"},"image":{"@id":"https:\/\/redeicm.org.br\/casadacrianca\/#\/schema\/logo\/image\/"}}]}},"_links":{"self":[{"href":"https:\/\/redeicm.org.br\/casadacrianca\/wp-json\/wp\/v2\/pages\/272","targetHints":{"allow":["GET"]}}],"collection":[{"href":"https:\/\/redeicm.org.br\/casadacrianca\/wp-json\/wp\/v2\/pages"}],"about":[{"href":"https:\/\/redeicm.org.br\/casadacrianca\/wp-json\/wp\/v2\/types\/page"}],"author":[{"embeddable":true,"href":"https:\/\/redeicm.org.br\/casadacrianca\/wp-json\/wp\/v2\/users\/1"}],"replies":[{"embeddable":true,"href":"https:\/\/redeicm.org.br\/casadacrianca\/wp-json\/wp\/v2\/comments?post=272"}],"version-history":[{"count":1,"href":"https:\/\/redeicm.org.br\/casadacrianca\/wp-json\/wp\/v2\/pages\/272\/revisions"}],"predecessor-version":[{"id":911,"href":"https:\/\/redeicm.org.br\/casadacrianca\/wp-json\/wp\/v2\/pages\/272\/revisions\/911"}],"wp:attachment":[{"href":"https:\/\/redeicm.org.br\/casadacrianca\/wp-json\/wp\/v2\/media?parent=272"}],"curies":[{"name":"wp","href":"https:\/\/api.w.org\/{rel}","templated":true}]}}