{"id":584,"date":"2024-08-21T11:17:55","date_gmt":"2024-08-21T14:17:55","guid":{"rendered":"https:\/\/redeicm.org.br\/carmo\/?page_id=584"},"modified":"2026-03-02T14:55:33","modified_gmt":"2026-03-02T17:55:33","slug":"horarios-do-ensino-fundamental-i-e-ii","status":"publish","type":"page","link":"https:\/\/redeicm.org.br\/carmo\/horarios-do-ensino-fundamental-i-e-ii\/","title":{"rendered":"Hor\u00e1rios do Ensino Fundamental I e II"},"content":{"rendered":"\t\t<div data-elementor-type=\"wp-page\" data-elementor-id=\"584\" class=\"elementor elementor-584\" data-elementor-post-type=\"page\">\n\t\t\t\t<div class=\"elementor-element elementor-element-12fb1a9e e-flex e-con-boxed e-con e-parent\" data-id=\"12fb1a9e\" data-element_type=\"container\" data-e-type=\"container\" data-settings=\"{&quot;background_background&quot;:&quot;classic&quot;}\">\n\t\t\t\t\t<div class=\"e-con-inner\">\n\t\t\t\t<div class=\"elementor-element elementor-element-2eda4c7f elementor-widget elementor-widget-heading\" data-id=\"2eda4c7f\" data-element_type=\"widget\" data-e-type=\"widget\" data-widget_type=\"heading.default\">\n\t\t\t\t<div class=\"elementor-widget-container\">\n\t\t\t\t\t<h1 class=\"elementor-heading-title elementor-size-default\">Hor\u00e1rios do Ensino Fundamental I e II<\/h1>\t\t\t\t<\/div>\n\t\t\t\t<\/div>\n\t\t\t\t\t<\/div>\n\t\t\t\t<\/div>\n\t\t<div class=\"elementor-element elementor-element-20f02c58 e-flex e-con-boxed e-con e-parent\" data-id=\"20f02c58\" data-element_type=\"container\" data-e-type=\"container\">\n\t\t\t\t\t<div class=\"e-con-inner\">\n\t\t<div class=\"elementor-element elementor-element-131d6c13 e-con-full e-flex e-con e-child\" data-id=\"131d6c13\" data-element_type=\"container\" data-e-type=\"container\">\n\t\t\t\t<div class=\"elementor-element elementor-element-c55c79f elementor-widget elementor-widget-text-editor\" data-id=\"c55c79f\" data-element_type=\"widget\" data-e-type=\"widget\" data-widget_type=\"text-editor.default\">\n\t\t\t\t<div class=\"elementor-widget-container\">\n\t\t\t\t\t\t\t\t\t<h5 style=\"font-family: var(--font-h5);margin: 0px 0px 1.5rem;padding-top: 0px;font-size: 20px;text-align: justify\">Para melhor acompanhamento das fam\u00edlias, disponibilizamos os hor\u00e1rios das turmas do EFI e EFII para o ano letivo de 2026.<\/h5>\n<h5 style=\"font-family: var(--font-h5);margin: 0px;padding-top: 1.5rem;font-size: 20px;text-align: justify\">Consultas, por gentileza, clique abaixo:<\/h5>\n<h6><a href=\"https:\/\/redeicm.org.br\/carmo\/wp-content\/uploads\/sites\/5\/2026\/03\/HORARIO-DE-AULA-TURMA-11.pdf\">Turma 11<\/a><\/h6>\n<h6><a href=\"https:\/\/redeicm.org.br\/carmo\/wp-content\/uploads\/sites\/5\/2026\/03\/HORARIO-DE-AULA-TURMA-13.pdf\">Turma 13<\/a><\/h6>\n<h6><a href=\"https:\/\/redeicm.org.br\/carmo\/wp-content\/uploads\/sites\/5\/2026\/03\/HORARIO-DE-AULA-TURMA-21.pdf\">Turma 21<\/a><\/h6>\n<h6><a href=\"https:\/\/redeicm.org.br\/carmo\/wp-content\/uploads\/sites\/5\/2026\/03\/HORARIO-DE-AULA-TURMA-23.pdf\">Turma 23<\/a><\/h6>\n<div>\n<h6><a href=\"https:\/\/redeicm.org.br\/carmo\/wp-content\/uploads\/sites\/5\/2026\/03\/HORARIO-DE-AULA-TURMA-31.pdf\">Turma 31<\/a><\/h6>\n<h6><a href=\"https:\/\/redeicm.org.br\/carmo\/wp-content\/uploads\/sites\/5\/2026\/03\/HORARIO-DE-AULA-TURMA-33.pdf\">Turma 33<\/a><\/h6>\n<h6><a href=\"https:\/\/redeicm.org.br\/carmo\/wp-content\/uploads\/sites\/5\/2026\/03\/HORARIO-DE-AULA-TURMA-41.pdf\">Turma 41<\/a><\/h6>\n<h6><a href=\"https:\/\/redeicm.org.br\/carmo\/wp-content\/uploads\/sites\/5\/2026\/03\/HORARIO-DE-AULA-TURMA-43.pdf\">Turma 43<\/a><\/h6>\n<h6><a href=\"https:\/\/redeicm.org.br\/carmo\/wp-content\/uploads\/sites\/5\/2026\/03\/HORARIO-DE-AULA-TURMA-51.pdf\">Turma 51<\/a><\/h6>\n<h6><a href=\"https:\/\/redeicm.org.br\/carmo\/wp-content\/uploads\/sites\/5\/2026\/03\/HORARIO-DE-AULA-TURMA-53.pdf\">Turma 53<\/a><\/h6>\n<h6><a href=\"https:\/\/redeicm.org.br\/carmo\/wp-content\/uploads\/sites\/5\/2026\/03\/HORARIO-MANHA-2026-OFICIAL.pdf\">Turma 61<\/a><\/h6>\n<h6><a href=\"https:\/\/redeicm.org.br\/carmo\/wp-content\/uploads\/sites\/5\/2026\/03\/HORARIO-TARDE-2026-OFICIAL.pdf\">Turma 63<\/a><\/h6>\n<h6><a href=\"https:\/\/redeicm.org.br\/carmo\/wp-content\/uploads\/sites\/5\/2026\/03\/HORARIO-MANHA-2026-OFICIAL.pdf\">Turma 71<\/a><\/h6>\n<\/div>\n<h6><a href=\"https:\/\/redeicm.org.br\/carmo\/wp-content\/uploads\/sites\/5\/2026\/03\/HORARIO-TARDE-2026-OFICIAL.pdf\">Turma 73<\/a><\/h6>\n<h6><a href=\"https:\/\/redeicm.org.br\/carmo\/wp-content\/uploads\/sites\/5\/2026\/03\/HORARIO-MANHA-2026-OFICIAL.pdf\">Turma 81<\/a><\/h6>\n<h6><a href=\"https:\/\/redeicm.org.br\/carmo\/wp-content\/uploads\/sites\/5\/2026\/03\/HORARIO-TARDE-2026-OFICIAL.pdf\">Turma 83<\/a><\/h6>\n<h6><a href=\"https:\/\/redeicm.org.br\/carmo\/wp-content\/uploads\/sites\/5\/2026\/03\/HORARIO-MANHA-2026-OFICIAL.pdf\">Turma 91<\/a><\/h6>\n<h6><a href=\"https:\/\/redeicm.org.br\/carmo\/wp-content\/uploads\/sites\/5\/2026\/03\/HORARIO-TARDE-2026-OFICIAL.pdf\">Turma 93<\/a><\/h6>\t\t\t\t\t\t\t\t<\/div>\n\t\t\t\t<\/div>\n\t\t\t\t<\/div>\n\t\t\t\t\t<\/div>\n\t\t\t\t<\/div>\n\t\t\t\t<\/div>\n\t\t","protected":false},"excerpt":{"rendered":"<p>Para melhor acompanhamento das fam\u00edlias, disponibilizamos os hor\u00e1rios das turmas do EFI e EFII para o ano letivo de 2026. Consultas, por gentileza, clique abaixo: Turma 11 Turma 13 Turma 21 Turma 23 Turma 31 Turma 33 Turma 41 Turma 43 Turma 51 Turma 53 Turma 61 Turma 63 Turma 71 Turma 73 Turma 81 [&hellip;]<\/p>\n","protected":false},"author":1,"featured_media":172,"parent":0,"menu_order":0,"comment_status":"closed","ping_status":"closed","template":"","meta":{"_acf_changed":false,"footnotes":""},"class_list":["post-584","page","type-page","status-publish","has-post-thumbnail","hentry"],"acf":[],"yoast_head":"<!-- This site is optimized with the Yoast SEO plugin v26.3 - https:\/\/yoast.com\/wordpress\/plugins\/seo\/ -->\n<title>Hor\u00e1rios do Ensino Fundamental I e II - Escola N. Sra. do Carmo | Rede ICM de Educa\u00e7\u00e3o<\/title>\n<meta name=\"robots\" content=\"index, follow, max-snippet:-1, max-image-preview:large, max-video-preview:-1\" \/>\n<link rel=\"canonical\" href=\"https:\/\/redeicm.org.br\/carmo\/horarios-do-ensino-fundamental-i-e-ii\/\" \/>\n<meta property=\"og:locale\" content=\"pt_BR\" \/>\n<meta property=\"og:type\" content=\"article\" \/>\n<meta property=\"og:title\" content=\"Hor\u00e1rios do Ensino Fundamental I e II - Escola N. Sra. do Carmo | Rede ICM de Educa\u00e7\u00e3o\" \/>\n<meta property=\"og:description\" content=\"Para melhor acompanhamento das fam\u00edlias, disponibilizamos os hor\u00e1rios das turmas do EFI e EFII para o ano letivo de 2026. Consultas, por gentileza, clique abaixo: Turma 11 Turma 13 Turma 21 Turma 23 Turma 31 Turma 33 Turma 41 Turma 43 Turma 51 Turma 53 Turma 61 Turma 63 Turma 71 Turma 73 Turma 81 [&hellip;]\" \/>\n<meta property=\"og:url\" content=\"https:\/\/redeicm.org.br\/carmo\/horarios-do-ensino-fundamental-i-e-ii\/\" \/>\n<meta property=\"og:site_name\" content=\"Escola N. Sra. do Carmo | Rede ICM de Educa\u00e7\u00e3o\" \/>\n<meta property=\"article:modified_time\" content=\"2026-03-02T17:55:33+00:00\" \/>\n<meta property=\"og:image\" content=\"https:\/\/redeicm.org.br\/carmo\/wp-content\/uploads\/sites\/5\/2024\/08\/banner-projetos-educativos-1.jpg\" \/>\n\t<meta property=\"og:image:width\" content=\"1440\" \/>\n\t<meta property=\"og:image:height\" content=\"400\" \/>\n\t<meta property=\"og:image:type\" content=\"image\/jpeg\" \/>\n<meta name=\"twitter:card\" content=\"summary_large_image\" \/>\n<meta name=\"twitter:label1\" content=\"Est. tempo de leitura\" \/>\n\t<meta name=\"twitter:data1\" content=\"1 minuto\" \/>\n<script type=\"application\/ld+json\" class=\"yoast-schema-graph\">{\"@context\":\"https:\/\/schema.org\",\"@graph\":[{\"@type\":\"WebPage\",\"@id\":\"https:\/\/redeicm.org.br\/carmo\/horarios-do-ensino-fundamental-i-e-ii\/\",\"url\":\"https:\/\/redeicm.org.br\/carmo\/horarios-do-ensino-fundamental-i-e-ii\/\",\"name\":\"Hor\u00e1rios do Ensino Fundamental I e II - Escola N. Sra. do Carmo | Rede ICM de Educa\u00e7\u00e3o\",\"isPartOf\":{\"@id\":\"https:\/\/redeicm.org.br\/carmo\/#website\"},\"primaryImageOfPage\":{\"@id\":\"https:\/\/redeicm.org.br\/carmo\/horarios-do-ensino-fundamental-i-e-ii\/#primaryimage\"},\"image\":{\"@id\":\"https:\/\/redeicm.org.br\/carmo\/horarios-do-ensino-fundamental-i-e-ii\/#primaryimage\"},\"thumbnailUrl\":\"https:\/\/redeicm.org.br\/carmo\/wp-content\/uploads\/sites\/5\/2024\/08\/banner-projetos-educativos-1.jpg\",\"datePublished\":\"2024-08-21T14:17:55+00:00\",\"dateModified\":\"2026-03-02T17:55:33+00:00\",\"breadcrumb\":{\"@id\":\"https:\/\/redeicm.org.br\/carmo\/horarios-do-ensino-fundamental-i-e-ii\/#breadcrumb\"},\"inLanguage\":\"pt-BR\",\"potentialAction\":[{\"@type\":\"ReadAction\",\"target\":[\"https:\/\/redeicm.org.br\/carmo\/horarios-do-ensino-fundamental-i-e-ii\/\"]}]},{\"@type\":\"ImageObject\",\"inLanguage\":\"pt-BR\",\"@id\":\"https:\/\/redeicm.org.br\/carmo\/horarios-do-ensino-fundamental-i-e-ii\/#primaryimage\",\"url\":\"https:\/\/redeicm.org.br\/carmo\/wp-content\/uploads\/sites\/5\/2024\/08\/banner-projetos-educativos-1.jpg\",\"contentUrl\":\"https:\/\/redeicm.org.br\/carmo\/wp-content\/uploads\/sites\/5\/2024\/08\/banner-projetos-educativos-1.jpg\",\"width\":1440,\"height\":400},{\"@type\":\"BreadcrumbList\",\"@id\":\"https:\/\/redeicm.org.br\/carmo\/horarios-do-ensino-fundamental-i-e-ii\/#breadcrumb\",\"itemListElement\":[{\"@type\":\"ListItem\",\"position\":1,\"name\":\"In\u00edcio\",\"item\":\"https:\/\/redeicm.org.br\/carmo\/\"},{\"@type\":\"ListItem\",\"position\":2,\"name\":\"Hor\u00e1rios do Ensino Fundamental I e II\"}]},{\"@type\":\"WebSite\",\"@id\":\"https:\/\/redeicm.org.br\/carmo\/#website\",\"url\":\"https:\/\/redeicm.org.br\/carmo\/\",\"name\":\"Escola N. Sra. do Carmo | Rede ICM de Educa\u00e7\u00e3o\",\"description\":\"\",\"publisher\":{\"@id\":\"https:\/\/redeicm.org.br\/carmo\/#organization\"},\"potentialAction\":[{\"@type\":\"SearchAction\",\"target\":{\"@type\":\"EntryPoint\",\"urlTemplate\":\"https:\/\/redeicm.org.br\/carmo\/?s={search_term_string}\"},\"query-input\":{\"@type\":\"PropertyValueSpecification\",\"valueRequired\":true,\"valueName\":\"search_term_string\"}}],\"inLanguage\":\"pt-BR\"},{\"@type\":\"Organization\",\"@id\":\"https:\/\/redeicm.org.br\/carmo\/#organization\",\"name\":\"Escola N. Sra. do Carmo | Rede ICM de Educa\u00e7\u00e3o\",\"url\":\"https:\/\/redeicm.org.br\/carmo\/\",\"logo\":{\"@type\":\"ImageObject\",\"inLanguage\":\"pt-BR\",\"@id\":\"https:\/\/redeicm.org.br\/carmo\/#\/schema\/logo\/image\/\",\"url\":\"https:\/\/redeicm.org.br\/carmo\/wp-content\/uploads\/sites\/5\/2024\/08\/logo_Carmo.png\",\"contentUrl\":\"https:\/\/redeicm.org.br\/carmo\/wp-content\/uploads\/sites\/5\/2024\/08\/logo_Carmo.png\",\"width\":1024,\"height\":512,\"caption\":\"Escola N. Sra. do Carmo | Rede ICM de Educa\u00e7\u00e3o\"},\"image\":{\"@id\":\"https:\/\/redeicm.org.br\/carmo\/#\/schema\/logo\/image\/\"}}]}<\/script>\n<!-- \/ Yoast SEO plugin. -->","yoast_head_json":{"title":"Hor\u00e1rios do Ensino Fundamental I e II - Escola N. Sra. do Carmo | Rede ICM de Educa\u00e7\u00e3o","robots":{"index":"index","follow":"follow","max-snippet":"max-snippet:-1","max-image-preview":"max-image-preview:large","max-video-preview":"max-video-preview:-1"},"canonical":"https:\/\/redeicm.org.br\/carmo\/horarios-do-ensino-fundamental-i-e-ii\/","og_locale":"pt_BR","og_type":"article","og_title":"Hor\u00e1rios do Ensino Fundamental I e II - Escola N. Sra. do Carmo | Rede ICM de Educa\u00e7\u00e3o","og_description":"Para melhor acompanhamento das fam\u00edlias, disponibilizamos os hor\u00e1rios das turmas do EFI e EFII para o ano letivo de 2026. Consultas, por gentileza, clique abaixo: Turma 11 Turma 13 Turma 21 Turma 23 Turma 31 Turma 33 Turma 41 Turma 43 Turma 51 Turma 53 Turma 61 Turma 63 Turma 71 Turma 73 Turma 81 [&hellip;]","og_url":"https:\/\/redeicm.org.br\/carmo\/horarios-do-ensino-fundamental-i-e-ii\/","og_site_name":"Escola N. Sra. do Carmo | Rede ICM de Educa\u00e7\u00e3o","article_modified_time":"2026-03-02T17:55:33+00:00","og_image":[{"width":1440,"height":400,"url":"https:\/\/redeicm.org.br\/carmo\/wp-content\/uploads\/sites\/5\/2024\/08\/banner-projetos-educativos-1.jpg","type":"image\/jpeg"}],"twitter_card":"summary_large_image","twitter_misc":{"Est. tempo de leitura":"1 minuto"},"schema":{"@context":"https:\/\/schema.org","@graph":[{"@type":"WebPage","@id":"https:\/\/redeicm.org.br\/carmo\/horarios-do-ensino-fundamental-i-e-ii\/","url":"https:\/\/redeicm.org.br\/carmo\/horarios-do-ensino-fundamental-i-e-ii\/","name":"Hor\u00e1rios do Ensino Fundamental I e II - Escola N. Sra. do Carmo | Rede ICM de Educa\u00e7\u00e3o","isPartOf":{"@id":"https:\/\/redeicm.org.br\/carmo\/#website"},"primaryImageOfPage":{"@id":"https:\/\/redeicm.org.br\/carmo\/horarios-do-ensino-fundamental-i-e-ii\/#primaryimage"},"image":{"@id":"https:\/\/redeicm.org.br\/carmo\/horarios-do-ensino-fundamental-i-e-ii\/#primaryimage"},"thumbnailUrl":"https:\/\/redeicm.org.br\/carmo\/wp-content\/uploads\/sites\/5\/2024\/08\/banner-projetos-educativos-1.jpg","datePublished":"2024-08-21T14:17:55+00:00","dateModified":"2026-03-02T17:55:33+00:00","breadcrumb":{"@id":"https:\/\/redeicm.org.br\/carmo\/horarios-do-ensino-fundamental-i-e-ii\/#breadcrumb"},"inLanguage":"pt-BR","potentialAction":[{"@type":"ReadAction","target":["https:\/\/redeicm.org.br\/carmo\/horarios-do-ensino-fundamental-i-e-ii\/"]}]},{"@type":"ImageObject","inLanguage":"pt-BR","@id":"https:\/\/redeicm.org.br\/carmo\/horarios-do-ensino-fundamental-i-e-ii\/#primaryimage","url":"https:\/\/redeicm.org.br\/carmo\/wp-content\/uploads\/sites\/5\/2024\/08\/banner-projetos-educativos-1.jpg","contentUrl":"https:\/\/redeicm.org.br\/carmo\/wp-content\/uploads\/sites\/5\/2024\/08\/banner-projetos-educativos-1.jpg","width":1440,"height":400},{"@type":"BreadcrumbList","@id":"https:\/\/redeicm.org.br\/carmo\/horarios-do-ensino-fundamental-i-e-ii\/#breadcrumb","itemListElement":[{"@type":"ListItem","position":1,"name":"In\u00edcio","item":"https:\/\/redeicm.org.br\/carmo\/"},{"@type":"ListItem","position":2,"name":"Hor\u00e1rios do Ensino Fundamental I e II"}]},{"@type":"WebSite","@id":"https:\/\/redeicm.org.br\/carmo\/#website","url":"https:\/\/redeicm.org.br\/carmo\/","name":"Escola N. Sra. do Carmo | Rede ICM de Educa\u00e7\u00e3o","description":"","publisher":{"@id":"https:\/\/redeicm.org.br\/carmo\/#organization"},"potentialAction":[{"@type":"SearchAction","target":{"@type":"EntryPoint","urlTemplate":"https:\/\/redeicm.org.br\/carmo\/?s={search_term_string}"},"query-input":{"@type":"PropertyValueSpecification","valueRequired":true,"valueName":"search_term_string"}}],"inLanguage":"pt-BR"},{"@type":"Organization","@id":"https:\/\/redeicm.org.br\/carmo\/#organization","name":"Escola N. Sra. do Carmo | Rede ICM de Educa\u00e7\u00e3o","url":"https:\/\/redeicm.org.br\/carmo\/","logo":{"@type":"ImageObject","inLanguage":"pt-BR","@id":"https:\/\/redeicm.org.br\/carmo\/#\/schema\/logo\/image\/","url":"https:\/\/redeicm.org.br\/carmo\/wp-content\/uploads\/sites\/5\/2024\/08\/logo_Carmo.png","contentUrl":"https:\/\/redeicm.org.br\/carmo\/wp-content\/uploads\/sites\/5\/2024\/08\/logo_Carmo.png","width":1024,"height":512,"caption":"Escola N. Sra. do Carmo | Rede ICM de Educa\u00e7\u00e3o"},"image":{"@id":"https:\/\/redeicm.org.br\/carmo\/#\/schema\/logo\/image\/"}}]}},"_links":{"self":[{"href":"https:\/\/redeicm.org.br\/carmo\/wp-json\/wp\/v2\/pages\/584","targetHints":{"allow":["GET"]}}],"collection":[{"href":"https:\/\/redeicm.org.br\/carmo\/wp-json\/wp\/v2\/pages"}],"about":[{"href":"https:\/\/redeicm.org.br\/carmo\/wp-json\/wp\/v2\/types\/page"}],"author":[{"embeddable":true,"href":"https:\/\/redeicm.org.br\/carmo\/wp-json\/wp\/v2\/users\/1"}],"replies":[{"embeddable":true,"href":"https:\/\/redeicm.org.br\/carmo\/wp-json\/wp\/v2\/comments?post=584"}],"version-history":[{"count":6,"href":"https:\/\/redeicm.org.br\/carmo\/wp-json\/wp\/v2\/pages\/584\/revisions"}],"predecessor-version":[{"id":3136,"href":"https:\/\/redeicm.org.br\/carmo\/wp-json\/wp\/v2\/pages\/584\/revisions\/3136"}],"wp:featuredmedia":[{"embeddable":true,"href":"https:\/\/redeicm.org.br\/carmo\/wp-json\/wp\/v2\/media\/172"}],"wp:attachment":[{"href":"https:\/\/redeicm.org.br\/carmo\/wp-json\/wp\/v2\/media?parent=584"}],"curies":[{"name":"wp","href":"https:\/\/api.w.org\/{rel}","templated":true}]}}