{"id":566,"date":"2024-08-21T11:07:47","date_gmt":"2024-08-21T14:07:47","guid":{"rendered":"https:\/\/redeicm.org.br\/carmo\/?page_id=566"},"modified":"2026-02-27T15:58:52","modified_gmt":"2026-02-27T18:58:52","slug":"calendario-de-provas","status":"publish","type":"page","link":"https:\/\/redeicm.org.br\/carmo\/calendario-de-provas\/","title":{"rendered":"Calend\u00e1rio de Provas"},"content":{"rendered":"\t\t<div data-elementor-type=\"wp-page\" data-elementor-id=\"566\" class=\"elementor elementor-566\" data-elementor-post-type=\"page\">\n\t\t\t\t<div class=\"elementor-element elementor-element-12fb1a9e e-flex e-con-boxed e-con e-parent\" data-id=\"12fb1a9e\" data-element_type=\"container\" data-e-type=\"container\" data-settings=\"{&quot;background_background&quot;:&quot;classic&quot;}\">\n\t\t\t\t\t<div class=\"e-con-inner\">\n\t\t\t\t<div class=\"elementor-element elementor-element-2eda4c7f elementor-widget elementor-widget-heading\" data-id=\"2eda4c7f\" data-element_type=\"widget\" data-e-type=\"widget\" data-widget_type=\"heading.default\">\n\t\t\t\t<div class=\"elementor-widget-container\">\n\t\t\t\t\t<h1 class=\"elementor-heading-title elementor-size-default\">Calend\u00e1rio de Provas<\/h1>\t\t\t\t<\/div>\n\t\t\t\t<\/div>\n\t\t\t\t\t<\/div>\n\t\t\t\t<\/div>\n\t\t<div class=\"elementor-element elementor-element-20f02c58 e-flex e-con-boxed e-con e-parent\" data-id=\"20f02c58\" data-element_type=\"container\" data-e-type=\"container\">\n\t\t\t\t\t<div class=\"e-con-inner\">\n\t\t<div class=\"elementor-element elementor-element-131d6c13 e-con-full e-flex e-con e-child\" data-id=\"131d6c13\" data-element_type=\"container\" data-e-type=\"container\">\n\t\t\t\t<div class=\"elementor-element elementor-element-5e5661e elementor-widget elementor-widget-text-editor\" data-id=\"5e5661e\" data-element_type=\"widget\" data-e-type=\"widget\" data-widget_type=\"text-editor.default\">\n\t\t\t\t<div class=\"elementor-widget-container\">\n\t\t\t\t\t\t\t\t\t<h6 style=\"font-family: var(--font-h6);margin: 0px 0px 1.5rem;padding-top: 0px;font-size: 18px\">Visando um melhor acompanhamento das fam\u00edlias, disponibilizamos o calend\u00e1rio de provas do 6\u00ba ao 9\u00ba ano EFII para o ano letivo 2025.<\/h6><h6><span style=\"color: inherit;font-family: var(--font-h6);font-size: 18px;text-align: var(--text-align)\">Para consultas, por gentileza, clique abaixo:<\/span><\/h6><h6>\u00a0<\/h6><h6><a href=\"https:\/\/redeicm.org.br\/carmo\/wp-content\/uploads\/sites\/5\/2026\/02\/Calendario-Anual-de-Provas-Turma-11.pdf\">Calend\u00e1rio Anual de Provas \u2013 Turma 11 \u2013 2026<\/a><\/h6><h6><a href=\"https:\/\/redeicm.org.br\/carmo\/wp-content\/uploads\/sites\/5\/2026\/02\/Calendario-Anual-de-Provas-Turma-13.pdf\">Calend\u00e1rio Anual de Provas \u2013 Turma 13 \u2013 2026<\/a><\/h6><h6><a href=\"https:\/\/redeicm.org.br\/carmo\/wp-content\/uploads\/sites\/5\/2026\/02\/Calendario-Anual-de-Provas-Turma-21.pdf\">Calend\u00e1rio Anual de Provas \u2013 Turma 21 \u2013 2026<\/a><\/h6><h6><a href=\"https:\/\/redeicm.org.br\/carmo\/wp-content\/uploads\/sites\/5\/2026\/02\/Calendario-Anual-de-Provas-Turma-23.pdf\">Calend\u00e1rio Anual de Provas \u2013 Turma 23 \u2013 2026<\/a><\/h6><h6><a href=\"https:\/\/redeicm.org.br\/carmo\/wp-content\/uploads\/sites\/5\/2026\/02\/Calendario-Anual-de-Provas-Turma-31.pdf\">Calend\u00e1rio Anual de Provas \u2013 Turma 31 \u2013 2026<\/a><\/h6><h6><a href=\"https:\/\/redeicm.org.br\/carmo\/wp-content\/uploads\/sites\/5\/2026\/02\/Calendario-Anual-de-Provas-Turma-33.pdf\">Calend\u00e1rio Anual de Provas \u2013 Turma 33 \u2013 2026<\/a><\/h6><h6><a href=\"https:\/\/redeicm.org.br\/carmo\/wp-content\/uploads\/sites\/5\/2026\/02\/Calendario-Anual-de-Provas-Turma-41.pdf\">Calend\u00e1rio Anual de Provas \u2013 Turma 41 \u2013 2026<\/a><\/h6><h6><a href=\"https:\/\/redeicm.org.br\/carmo\/wp-content\/uploads\/sites\/5\/2026\/02\/Calendario-Anual-de-Provas-Turma-43.pdf\">Calend\u00e1rio Anual de Provas \u2013 Turma 43 \u2013 2026<\/a><\/h6><h6><a href=\"https:\/\/redeicm.org.br\/carmo\/wp-content\/uploads\/sites\/5\/2026\/02\/Calendario-Anual-de-Provas-Turma-51.pdf\">Calend\u00e1rio Anual de Provas \u2013 Turma 51 \u2013 2026<\/a><\/h6><h6><a href=\"https:\/\/redeicm.org.br\/carmo\/wp-content\/uploads\/sites\/5\/2026\/02\/Calendario-Anual-de-Provas-Turma-53.pdf\">Calend\u00e1rio Anual de Provas \u2013 Turma 53 \u2013 2026<\/a><\/h6><h6><a href=\"https:\/\/redeicm.org.br\/carmo\/wp-content\/uploads\/sites\/5\/2026\/02\/Calendario-Anual-de-Provas-Turma-61.pdf\">Calend\u00e1rio Anual de Provas \u2013 Turma 61 \u2013 2026<\/a><\/h6><h6><a href=\"https:\/\/redeicm.org.br\/carmo\/wp-content\/uploads\/sites\/5\/2026\/02\/Calendario-Anual-de-Provas-Turma-63.pdf\">Calend\u00e1rio Anual de Provas \u2013 Turma 63 \u2013 2026<\/a><\/h6><h6><a href=\"https:\/\/redeicm.org.br\/carmo\/wp-content\/uploads\/sites\/5\/2026\/02\/Calendario-Anual-de-Provas-Turma-71.pdf\">Calend\u00e1rio Anual de Provas \u2013 Turma 71 \u2013 2026<\/a><\/h6><h6><a href=\"https:\/\/redeicm.org.br\/carmo\/wp-content\/uploads\/sites\/5\/2026\/02\/Calendario-Anual-de-Provas-Turma-73.pdf\">Calend\u00e1rio Anual de Provas \u2013 Turma 73 \u2013 2026<\/a><\/h6><h6><a href=\"https:\/\/redeicm.org.br\/carmo\/wp-content\/uploads\/sites\/5\/2026\/02\/Calendario-Anual-de-Provas-Turma-81.pdf\">Calend\u00e1rio Anual de Provas \u2013 Turma 81 \u2013 2026<\/a><\/h6><h6><a href=\"https:\/\/redeicm.org.br\/carmo\/wp-content\/uploads\/sites\/5\/2026\/02\/Calendario-Anual-de-Provas-Turma-83.pdf\">Calend\u00e1rio Anual de Provas \u2013 Turma 83 \u2013 2026<\/a><\/h6><h6><a href=\"https:\/\/redeicm.org.br\/carmo\/wp-content\/uploads\/sites\/5\/2026\/02\/Calendario-Anual-de-Provas-Turma-91.pdf\">Calend\u00e1rio Anual de Provas \u2013 Turma 91 \u2013 2026<\/a><\/h6><h6><a href=\"https:\/\/redeicm.org.br\/carmo\/wp-content\/uploads\/sites\/5\/2026\/02\/Calendario-Anual-de-Provas-Turma-93.pdf\">Calend\u00e1rio Anual de Provas \u2013 Turma 93 \u2013 2026<\/a><\/h6>\t\t\t\t\t\t\t\t<\/div>\n\t\t\t\t<\/div>\n\t\t\t\t<\/div>\n\t\t\t\t\t<\/div>\n\t\t\t\t<\/div>\n\t\t\t\t<\/div>\n\t\t","protected":false},"excerpt":{"rendered":"<p>Visando um melhor acompanhamento das fam\u00edlias, disponibilizamos o calend\u00e1rio de provas do 6\u00ba ao 9\u00ba ano EFII para o ano letivo 2025. Para consultas, por gentileza, clique abaixo: \u00a0 Calend\u00e1rio Anual de Provas \u2013 Turma 11 \u2013 2026 Calend\u00e1rio Anual de Provas \u2013 Turma 13 \u2013 2026 Calend\u00e1rio Anual de Provas \u2013 Turma 21 \u2013 [&hellip;]<\/p>\n","protected":false},"author":1,"featured_media":172,"parent":0,"menu_order":0,"comment_status":"closed","ping_status":"closed","template":"","meta":{"_acf_changed":false,"footnotes":""},"class_list":["post-566","page","type-page","status-publish","has-post-thumbnail","hentry"],"acf":[],"yoast_head":"<!-- This site is optimized with the Yoast SEO plugin v26.3 - https:\/\/yoast.com\/wordpress\/plugins\/seo\/ -->\n<title>Calend\u00e1rio de Provas - Escola N. Sra. do Carmo | Rede ICM de Educa\u00e7\u00e3o<\/title>\n<meta name=\"robots\" content=\"index, follow, max-snippet:-1, max-image-preview:large, max-video-preview:-1\" \/>\n<link rel=\"canonical\" href=\"https:\/\/redeicm.org.br\/carmo\/calendario-de-provas\/\" \/>\n<meta property=\"og:locale\" content=\"pt_BR\" \/>\n<meta property=\"og:type\" content=\"article\" \/>\n<meta property=\"og:title\" content=\"Calend\u00e1rio de Provas - Escola N. Sra. do Carmo | Rede ICM de Educa\u00e7\u00e3o\" \/>\n<meta property=\"og:description\" content=\"Visando um melhor acompanhamento das fam\u00edlias, disponibilizamos o calend\u00e1rio de provas do 6\u00ba ao 9\u00ba ano EFII para o ano letivo 2025. Para consultas, por gentileza, clique abaixo: \u00a0 Calend\u00e1rio Anual de Provas \u2013 Turma 11 \u2013 2026 Calend\u00e1rio Anual de Provas \u2013 Turma 13 \u2013 2026 Calend\u00e1rio Anual de Provas \u2013 Turma 21 \u2013 [&hellip;]\" \/>\n<meta property=\"og:url\" content=\"https:\/\/redeicm.org.br\/carmo\/calendario-de-provas\/\" \/>\n<meta property=\"og:site_name\" content=\"Escola N. Sra. do Carmo | Rede ICM de Educa\u00e7\u00e3o\" \/>\n<meta property=\"article:modified_time\" content=\"2026-02-27T18:58:52+00:00\" \/>\n<meta property=\"og:image\" content=\"https:\/\/redeicm.org.br\/carmo\/wp-content\/uploads\/sites\/5\/2024\/08\/banner-projetos-educativos-1.jpg\" \/>\n\t<meta property=\"og:image:width\" content=\"1440\" \/>\n\t<meta property=\"og:image:height\" content=\"400\" \/>\n\t<meta property=\"og:image:type\" content=\"image\/jpeg\" \/>\n<meta name=\"twitter:card\" content=\"summary_large_image\" \/>\n<meta name=\"twitter:label1\" content=\"Est. tempo de leitura\" \/>\n\t<meta name=\"twitter:data1\" content=\"1 minuto\" \/>\n<script type=\"application\/ld+json\" class=\"yoast-schema-graph\">{\"@context\":\"https:\/\/schema.org\",\"@graph\":[{\"@type\":\"WebPage\",\"@id\":\"https:\/\/redeicm.org.br\/carmo\/calendario-de-provas\/\",\"url\":\"https:\/\/redeicm.org.br\/carmo\/calendario-de-provas\/\",\"name\":\"Calend\u00e1rio de Provas - Escola N. Sra. do Carmo | Rede ICM de Educa\u00e7\u00e3o\",\"isPartOf\":{\"@id\":\"https:\/\/redeicm.org.br\/carmo\/#website\"},\"primaryImageOfPage\":{\"@id\":\"https:\/\/redeicm.org.br\/carmo\/calendario-de-provas\/#primaryimage\"},\"image\":{\"@id\":\"https:\/\/redeicm.org.br\/carmo\/calendario-de-provas\/#primaryimage\"},\"thumbnailUrl\":\"https:\/\/redeicm.org.br\/carmo\/wp-content\/uploads\/sites\/5\/2024\/08\/banner-projetos-educativos-1.jpg\",\"datePublished\":\"2024-08-21T14:07:47+00:00\",\"dateModified\":\"2026-02-27T18:58:52+00:00\",\"breadcrumb\":{\"@id\":\"https:\/\/redeicm.org.br\/carmo\/calendario-de-provas\/#breadcrumb\"},\"inLanguage\":\"pt-BR\",\"potentialAction\":[{\"@type\":\"ReadAction\",\"target\":[\"https:\/\/redeicm.org.br\/carmo\/calendario-de-provas\/\"]}]},{\"@type\":\"ImageObject\",\"inLanguage\":\"pt-BR\",\"@id\":\"https:\/\/redeicm.org.br\/carmo\/calendario-de-provas\/#primaryimage\",\"url\":\"https:\/\/redeicm.org.br\/carmo\/wp-content\/uploads\/sites\/5\/2024\/08\/banner-projetos-educativos-1.jpg\",\"contentUrl\":\"https:\/\/redeicm.org.br\/carmo\/wp-content\/uploads\/sites\/5\/2024\/08\/banner-projetos-educativos-1.jpg\",\"width\":1440,\"height\":400},{\"@type\":\"BreadcrumbList\",\"@id\":\"https:\/\/redeicm.org.br\/carmo\/calendario-de-provas\/#breadcrumb\",\"itemListElement\":[{\"@type\":\"ListItem\",\"position\":1,\"name\":\"In\u00edcio\",\"item\":\"https:\/\/redeicm.org.br\/carmo\/\"},{\"@type\":\"ListItem\",\"position\":2,\"name\":\"Calend\u00e1rio de Provas\"}]},{\"@type\":\"WebSite\",\"@id\":\"https:\/\/redeicm.org.br\/carmo\/#website\",\"url\":\"https:\/\/redeicm.org.br\/carmo\/\",\"name\":\"Escola N. Sra. do Carmo | Rede ICM de Educa\u00e7\u00e3o\",\"description\":\"\",\"publisher\":{\"@id\":\"https:\/\/redeicm.org.br\/carmo\/#organization\"},\"potentialAction\":[{\"@type\":\"SearchAction\",\"target\":{\"@type\":\"EntryPoint\",\"urlTemplate\":\"https:\/\/redeicm.org.br\/carmo\/?s={search_term_string}\"},\"query-input\":{\"@type\":\"PropertyValueSpecification\",\"valueRequired\":true,\"valueName\":\"search_term_string\"}}],\"inLanguage\":\"pt-BR\"},{\"@type\":\"Organization\",\"@id\":\"https:\/\/redeicm.org.br\/carmo\/#organization\",\"name\":\"Escola N. Sra. do Carmo | Rede ICM de Educa\u00e7\u00e3o\",\"url\":\"https:\/\/redeicm.org.br\/carmo\/\",\"logo\":{\"@type\":\"ImageObject\",\"inLanguage\":\"pt-BR\",\"@id\":\"https:\/\/redeicm.org.br\/carmo\/#\/schema\/logo\/image\/\",\"url\":\"https:\/\/redeicm.org.br\/carmo\/wp-content\/uploads\/sites\/5\/2024\/08\/logo_Carmo.png\",\"contentUrl\":\"https:\/\/redeicm.org.br\/carmo\/wp-content\/uploads\/sites\/5\/2024\/08\/logo_Carmo.png\",\"width\":1024,\"height\":512,\"caption\":\"Escola N. Sra. do Carmo | Rede ICM de Educa\u00e7\u00e3o\"},\"image\":{\"@id\":\"https:\/\/redeicm.org.br\/carmo\/#\/schema\/logo\/image\/\"}}]}<\/script>\n<!-- \/ Yoast SEO plugin. -->","yoast_head_json":{"title":"Calend\u00e1rio de Provas - Escola N. Sra. do Carmo | Rede ICM de Educa\u00e7\u00e3o","robots":{"index":"index","follow":"follow","max-snippet":"max-snippet:-1","max-image-preview":"max-image-preview:large","max-video-preview":"max-video-preview:-1"},"canonical":"https:\/\/redeicm.org.br\/carmo\/calendario-de-provas\/","og_locale":"pt_BR","og_type":"article","og_title":"Calend\u00e1rio de Provas - Escola N. Sra. do Carmo | Rede ICM de Educa\u00e7\u00e3o","og_description":"Visando um melhor acompanhamento das fam\u00edlias, disponibilizamos o calend\u00e1rio de provas do 6\u00ba ao 9\u00ba ano EFII para o ano letivo 2025. Para consultas, por gentileza, clique abaixo: \u00a0 Calend\u00e1rio Anual de Provas \u2013 Turma 11 \u2013 2026 Calend\u00e1rio Anual de Provas \u2013 Turma 13 \u2013 2026 Calend\u00e1rio Anual de Provas \u2013 Turma 21 \u2013 [&hellip;]","og_url":"https:\/\/redeicm.org.br\/carmo\/calendario-de-provas\/","og_site_name":"Escola N. Sra. do Carmo | Rede ICM de Educa\u00e7\u00e3o","article_modified_time":"2026-02-27T18:58:52+00:00","og_image":[{"width":1440,"height":400,"url":"https:\/\/redeicm.org.br\/carmo\/wp-content\/uploads\/sites\/5\/2024\/08\/banner-projetos-educativos-1.jpg","type":"image\/jpeg"}],"twitter_card":"summary_large_image","twitter_misc":{"Est. tempo de leitura":"1 minuto"},"schema":{"@context":"https:\/\/schema.org","@graph":[{"@type":"WebPage","@id":"https:\/\/redeicm.org.br\/carmo\/calendario-de-provas\/","url":"https:\/\/redeicm.org.br\/carmo\/calendario-de-provas\/","name":"Calend\u00e1rio de Provas - Escola N. Sra. do Carmo | Rede ICM de Educa\u00e7\u00e3o","isPartOf":{"@id":"https:\/\/redeicm.org.br\/carmo\/#website"},"primaryImageOfPage":{"@id":"https:\/\/redeicm.org.br\/carmo\/calendario-de-provas\/#primaryimage"},"image":{"@id":"https:\/\/redeicm.org.br\/carmo\/calendario-de-provas\/#primaryimage"},"thumbnailUrl":"https:\/\/redeicm.org.br\/carmo\/wp-content\/uploads\/sites\/5\/2024\/08\/banner-projetos-educativos-1.jpg","datePublished":"2024-08-21T14:07:47+00:00","dateModified":"2026-02-27T18:58:52+00:00","breadcrumb":{"@id":"https:\/\/redeicm.org.br\/carmo\/calendario-de-provas\/#breadcrumb"},"inLanguage":"pt-BR","potentialAction":[{"@type":"ReadAction","target":["https:\/\/redeicm.org.br\/carmo\/calendario-de-provas\/"]}]},{"@type":"ImageObject","inLanguage":"pt-BR","@id":"https:\/\/redeicm.org.br\/carmo\/calendario-de-provas\/#primaryimage","url":"https:\/\/redeicm.org.br\/carmo\/wp-content\/uploads\/sites\/5\/2024\/08\/banner-projetos-educativos-1.jpg","contentUrl":"https:\/\/redeicm.org.br\/carmo\/wp-content\/uploads\/sites\/5\/2024\/08\/banner-projetos-educativos-1.jpg","width":1440,"height":400},{"@type":"BreadcrumbList","@id":"https:\/\/redeicm.org.br\/carmo\/calendario-de-provas\/#breadcrumb","itemListElement":[{"@type":"ListItem","position":1,"name":"In\u00edcio","item":"https:\/\/redeicm.org.br\/carmo\/"},{"@type":"ListItem","position":2,"name":"Calend\u00e1rio de Provas"}]},{"@type":"WebSite","@id":"https:\/\/redeicm.org.br\/carmo\/#website","url":"https:\/\/redeicm.org.br\/carmo\/","name":"Escola N. Sra. do Carmo | Rede ICM de Educa\u00e7\u00e3o","description":"","publisher":{"@id":"https:\/\/redeicm.org.br\/carmo\/#organization"},"potentialAction":[{"@type":"SearchAction","target":{"@type":"EntryPoint","urlTemplate":"https:\/\/redeicm.org.br\/carmo\/?s={search_term_string}"},"query-input":{"@type":"PropertyValueSpecification","valueRequired":true,"valueName":"search_term_string"}}],"inLanguage":"pt-BR"},{"@type":"Organization","@id":"https:\/\/redeicm.org.br\/carmo\/#organization","name":"Escola N. Sra. do Carmo | Rede ICM de Educa\u00e7\u00e3o","url":"https:\/\/redeicm.org.br\/carmo\/","logo":{"@type":"ImageObject","inLanguage":"pt-BR","@id":"https:\/\/redeicm.org.br\/carmo\/#\/schema\/logo\/image\/","url":"https:\/\/redeicm.org.br\/carmo\/wp-content\/uploads\/sites\/5\/2024\/08\/logo_Carmo.png","contentUrl":"https:\/\/redeicm.org.br\/carmo\/wp-content\/uploads\/sites\/5\/2024\/08\/logo_Carmo.png","width":1024,"height":512,"caption":"Escola N. Sra. do Carmo | Rede ICM de Educa\u00e7\u00e3o"},"image":{"@id":"https:\/\/redeicm.org.br\/carmo\/#\/schema\/logo\/image\/"}}]}},"_links":{"self":[{"href":"https:\/\/redeicm.org.br\/carmo\/wp-json\/wp\/v2\/pages\/566","targetHints":{"allow":["GET"]}}],"collection":[{"href":"https:\/\/redeicm.org.br\/carmo\/wp-json\/wp\/v2\/pages"}],"about":[{"href":"https:\/\/redeicm.org.br\/carmo\/wp-json\/wp\/v2\/types\/page"}],"author":[{"embeddable":true,"href":"https:\/\/redeicm.org.br\/carmo\/wp-json\/wp\/v2\/users\/1"}],"replies":[{"embeddable":true,"href":"https:\/\/redeicm.org.br\/carmo\/wp-json\/wp\/v2\/comments?post=566"}],"version-history":[{"count":3,"href":"https:\/\/redeicm.org.br\/carmo\/wp-json\/wp\/v2\/pages\/566\/revisions"}],"predecessor-version":[{"id":3102,"href":"https:\/\/redeicm.org.br\/carmo\/wp-json\/wp\/v2\/pages\/566\/revisions\/3102"}],"wp:featuredmedia":[{"embeddable":true,"href":"https:\/\/redeicm.org.br\/carmo\/wp-json\/wp\/v2\/media\/172"}],"wp:attachment":[{"href":"https:\/\/redeicm.org.br\/carmo\/wp-json\/wp\/v2\/media?parent=566"}],"curies":[{"name":"wp","href":"https:\/\/api.w.org\/{rel}","templated":true}]}}