{"id":513,"date":"2024-08-20T11:54:47","date_gmt":"2024-08-20T14:54:47","guid":{"rendered":"https:\/\/redeicm.org.br\/carmo\/?page_id=513"},"modified":"2026-03-03T14:12:10","modified_gmt":"2026-03-03T17:12:10","slug":"horarios","status":"publish","type":"page","link":"https:\/\/redeicm.org.br\/carmo\/horarios\/","title":{"rendered":"Hor\u00e1rios"},"content":{"rendered":"\t\t<div data-elementor-type=\"wp-page\" data-elementor-id=\"513\" class=\"elementor elementor-513\" data-elementor-post-type=\"page\">\n\t\t\t\t<div class=\"elementor-element elementor-element-b29bfa3 e-flex e-con-boxed e-con e-parent\" data-id=\"b29bfa3\" data-element_type=\"container\" data-e-type=\"container\" data-settings=\"{&quot;background_background&quot;:&quot;classic&quot;}\">\n\t\t\t\t\t<div class=\"e-con-inner\">\n\t\t\t\t<div class=\"elementor-element elementor-element-2297ccdd elementor-widget elementor-widget-heading\" data-id=\"2297ccdd\" data-element_type=\"widget\" data-e-type=\"widget\" data-widget_type=\"heading.default\">\n\t\t\t\t<div class=\"elementor-widget-container\">\n\t\t\t\t\t<h1 class=\"elementor-heading-title elementor-size-default\">Hor\u00e1rios<\/h1>\t\t\t\t<\/div>\n\t\t\t\t<\/div>\n\t\t\t\t\t<\/div>\n\t\t\t\t<\/div>\n\t\t<div class=\"elementor-element elementor-element-1dbca14 e-con-full e-flex e-con e-parent\" data-id=\"1dbca14\" data-element_type=\"container\" data-e-type=\"container\">\n\t\t<div class=\"elementor-element elementor-element-6d3cecf6 e-flex e-con-boxed e-con e-child\" data-id=\"6d3cecf6\" data-element_type=\"container\" data-e-type=\"container\">\n\t\t\t\t\t<div class=\"e-con-inner\">\n\t\t\t\t<div class=\"elementor-element elementor-element-2b4fced e-n-tabs-mobile elementor-widget elementor-widget-n-tabs\" data-id=\"2b4fced\" data-element_type=\"widget\" data-e-type=\"widget\" data-settings=\"{&quot;horizontal_scroll&quot;:&quot;disable&quot;}\" data-widget_type=\"nested-tabs.default\">\n\t\t\t\t<div class=\"elementor-widget-container\">\n\t\t\t\t\t\t\t<div class=\"e-n-tabs\" data-widget-number=\"45415661\" aria-label=\"Abas. Abra itens com &quot;Enter&quot; ou &quot;Espa\u00e7o&quot;, feche com &quot;Escape&quot; e navegue usando as teclas de &quot;Seta&quot;.\">\n\t\t\t<div class=\"e-n-tabs-heading\" role=\"tablist\">\n\t\t\t\t\t<button id=\"e-n-tab-title-454156611\" data-tab-title-id=\"e-n-tab-title-454156611\" class=\"e-n-tab-title\" aria-selected=\"true\" data-tab-index=\"1\" role=\"tab\" tabindex=\"0\" aria-controls=\"e-n-tab-content-454156611\" style=\"--n-tabs-title-order: 1;\">\n\t\t\t\t\t\t<span class=\"e-n-tab-title-text\">\n\t\t\t\tRecep\u00e7\u00e3o\t\t\t<\/span>\n\t\t<\/button>\n\t\t\t\t<button id=\"e-n-tab-title-454156612\" data-tab-title-id=\"e-n-tab-title-454156612\" class=\"e-n-tab-title\" aria-selected=\"false\" data-tab-index=\"2\" role=\"tab\" tabindex=\"-1\" aria-controls=\"e-n-tab-content-454156612\" style=\"--n-tabs-title-order: 2;\">\n\t\t\t\t\t\t<span class=\"e-n-tab-title-text\">\n\t\t\t\tSecretaria \t\t\t<\/span>\n\t\t<\/button>\n\t\t\t\t<button id=\"e-n-tab-title-454156613\" data-tab-title-id=\"e-n-tab-title-454156613\" class=\"e-n-tab-title\" aria-selected=\"false\" data-tab-index=\"3\" role=\"tab\" tabindex=\"-1\" aria-controls=\"e-n-tab-content-454156613\" style=\"--n-tabs-title-order: 3;\">\n\t\t\t\t\t\t<span class=\"e-n-tab-title-text\">\n\t\t\t\tTesouraria\t\t\t<\/span>\n\t\t<\/button>\n\t\t\t\t<button id=\"e-n-tab-title-454156614\" data-tab-title-id=\"e-n-tab-title-454156614\" class=\"e-n-tab-title\" aria-selected=\"false\" data-tab-index=\"4\" role=\"tab\" tabindex=\"-1\" aria-controls=\"e-n-tab-content-454156614\" style=\"--n-tabs-title-order: 4;\">\n\t\t\t\t\t\t<span class=\"e-n-tab-title-text\">\n\t\t\t\tBiblioteca\t\t\t<\/span>\n\t\t<\/button>\n\t\t\t\t<button id=\"e-n-tab-title-454156615\" data-tab-title-id=\"e-n-tab-title-454156615\" class=\"e-n-tab-title\" aria-selected=\"false\" data-tab-index=\"5\" role=\"tab\" tabindex=\"-1\" aria-controls=\"e-n-tab-content-454156615\" style=\"--n-tabs-title-order: 5;\">\n\t\t\t\t\t\t<span class=\"e-n-tab-title-text\">\n\t\t\t\tEduca\u00e7\u00e3o Infantil\t\t\t<\/span>\n\t\t<\/button>\n\t\t\t\t<button id=\"e-n-tab-title-454156616\" data-tab-title-id=\"e-n-tab-title-454156616\" class=\"e-n-tab-title\" aria-selected=\"false\" data-tab-index=\"6\" role=\"tab\" tabindex=\"-1\" aria-controls=\"e-n-tab-content-454156616\" style=\"--n-tabs-title-order: 6;\">\n\t\t\t\t\t\t<span class=\"e-n-tab-title-text\">\n\t\t\t\tEnsino Fundamental - Anos Iniciais\t\t\t<\/span>\n\t\t<\/button>\n\t\t\t\t<button id=\"e-n-tab-title-454156617\" data-tab-title-id=\"e-n-tab-title-454156617\" class=\"e-n-tab-title\" aria-selected=\"false\" data-tab-index=\"7\" role=\"tab\" tabindex=\"-1\" aria-controls=\"e-n-tab-content-454156617\" style=\"--n-tabs-title-order: 7;\">\n\t\t\t\t\t\t<span class=\"e-n-tab-title-text\">\n\t\t\t\tEnsino Fundamental - Anos Finais\t\t\t<\/span>\n\t\t<\/button>\n\t\t\t\t\t<\/div>\n\t\t\t<div class=\"e-n-tabs-content\">\n\t\t\t\t<div id=\"e-n-tab-content-454156611\" role=\"tabpanel\" aria-labelledby=\"e-n-tab-title-454156611\" data-tab-index=\"1\" style=\"--n-tabs-title-order: 1;\" class=\"e-active elementor-element elementor-element-85e124c e-con-full e-flex e-con e-child\" data-id=\"85e124c\" data-element_type=\"container\" data-e-type=\"container\">\n\t\t<div class=\"elementor-element elementor-element-a215c98 e-flex e-con-boxed e-con e-child\" data-id=\"a215c98\" data-element_type=\"container\" data-e-type=\"container\">\n\t\t\t\t\t<div class=\"e-con-inner\">\n\t\t\t\t<div class=\"elementor-element elementor-element-f6421cd elementor-widget elementor-widget-text-editor\" data-id=\"f6421cd\" data-element_type=\"widget\" data-e-type=\"widget\" data-widget_type=\"text-editor.default\">\n\t\t\t\t<div class=\"elementor-widget-container\">\n\t\t\t\t\t\t\t\t\t<p style=\"margin: 0px 0px 1.5rem;color: #666666;font-size: 14px\"><strong style=\"font-weight: bold\">Hor\u00e1rio de funcionamento da Recep\u00e7\u00e3o:<\/strong><\/p><p style=\"margin: 0px;color: #666666;font-size: 14px\">Segunda \u00e0 sexta-feira, das 7h \u00e0s 18h.<\/p>\t\t\t\t\t\t\t\t<\/div>\n\t\t\t\t<\/div>\n\t\t\t\t\t<\/div>\n\t\t\t\t<\/div>\n\t\t\t\t<\/div>\n\t\t<div id=\"e-n-tab-content-454156612\" role=\"tabpanel\" aria-labelledby=\"e-n-tab-title-454156612\" data-tab-index=\"2\" style=\"--n-tabs-title-order: 2;\" class=\" elementor-element elementor-element-c55bc8d e-con-full e-flex e-con e-child\" data-id=\"c55bc8d\" data-element_type=\"container\" data-e-type=\"container\">\n\t\t<div class=\"elementor-element elementor-element-19ba081 e-flex e-con-boxed e-con e-child\" data-id=\"19ba081\" data-element_type=\"container\" data-e-type=\"container\">\n\t\t\t\t\t<div class=\"e-con-inner\">\n\t\t\t\t<div class=\"elementor-element elementor-element-8b42837 elementor-widget elementor-widget-text-editor\" data-id=\"8b42837\" data-element_type=\"widget\" data-e-type=\"widget\" data-widget_type=\"text-editor.default\">\n\t\t\t\t<div class=\"elementor-widget-container\">\n\t\t\t\t\t\t\t\t\t<p style=\"margin: 0px 0px 1.5rem;color: #666666;font-size: 14px\"><strong style=\"font-weight: bold\">Hor\u00e1rio de funcionamento da Secretaria:<\/strong><\/p><p style=\"margin: 0px 0px 1.5rem;color: #666666;font-size: 14px\">Manh\u00e3: 08 \u00e0s 12h<\/p><p style=\"margin: 0px;color: #666666;font-size: 14px\">Tarde: 13 \u00e0s 17h<\/p>\t\t\t\t\t\t\t\t<\/div>\n\t\t\t\t<\/div>\n\t\t\t\t\t<\/div>\n\t\t\t\t<\/div>\n\t\t\t\t<\/div>\n\t\t<div id=\"e-n-tab-content-454156613\" role=\"tabpanel\" aria-labelledby=\"e-n-tab-title-454156613\" data-tab-index=\"3\" style=\"--n-tabs-title-order: 3;\" class=\" elementor-element elementor-element-4931681 e-con-full e-flex e-con e-child\" data-id=\"4931681\" data-element_type=\"container\" data-e-type=\"container\">\n\t\t<div class=\"elementor-element elementor-element-5e2aa4e e-flex e-con-boxed e-con e-child\" data-id=\"5e2aa4e\" data-element_type=\"container\" data-e-type=\"container\">\n\t\t\t\t\t<div class=\"e-con-inner\">\n\t\t\t\t<div class=\"elementor-element elementor-element-3ef368c elementor-widget elementor-widget-text-editor\" data-id=\"3ef368c\" data-element_type=\"widget\" data-e-type=\"widget\" data-widget_type=\"text-editor.default\">\n\t\t\t\t<div class=\"elementor-widget-container\">\n\t\t\t\t\t\t\t\t\t<p style=\"margin: 0px 0px 1.5rem;color: #666666;font-size: 14px\"><strong style=\"font-weight: bold\">Hor\u00e1rio de funcionamento da Tesouraria:<\/strong><\/p><p style=\"margin: 0px 0px 1.5rem;color: #666666;font-size: 14px\">Manh\u00e3: 07h30min \u00e0s 12h<\/p><p style=\"margin: 0px;color: #666666;font-size: 14px\">Tarde: 13 \u00e0s 17h30min<\/p>\t\t\t\t\t\t\t\t<\/div>\n\t\t\t\t<\/div>\n\t\t\t\t\t<\/div>\n\t\t\t\t<\/div>\n\t\t\t\t<\/div>\n\t\t<div id=\"e-n-tab-content-454156614\" role=\"tabpanel\" aria-labelledby=\"e-n-tab-title-454156614\" data-tab-index=\"4\" style=\"--n-tabs-title-order: 4;\" class=\" elementor-element elementor-element-82eeb29 e-flex e-con-boxed e-con e-child\" data-id=\"82eeb29\" data-element_type=\"container\" data-e-type=\"container\">\n\t\t\t\t\t<div class=\"e-con-inner\">\n\t\t<div class=\"elementor-element elementor-element-158e858 e-con-full e-flex e-con e-child\" data-id=\"158e858\" data-element_type=\"container\" data-e-type=\"container\">\n\t\t\t\t<div class=\"elementor-element elementor-element-0b65d44 elementor-widget elementor-widget-text-editor\" data-id=\"0b65d44\" data-element_type=\"widget\" data-e-type=\"widget\" data-widget_type=\"text-editor.default\">\n\t\t\t\t<div class=\"elementor-widget-container\">\n\t\t\t\t\t\t\t\t\t<p style=\"margin: 0px 0px 1.5rem;color: #666666;font-size: 14px\"><strong style=\"font-weight: bold\">Hor\u00e1rio de funcionamento da Biblioteca:<\/strong><\/p><p style=\"margin: 0px 0px 1.5rem;color: #666666;font-size: 14px\">Manh\u00e3: 07 \u00e0s 12h<\/p><p style=\"margin: 0px;color: #666666;font-size: 14px\">Tarde: 13 \u00e0s 16h30min<\/p>\t\t\t\t\t\t\t\t<\/div>\n\t\t\t\t<\/div>\n\t\t\t\t<\/div>\n\t\t\t\t\t<\/div>\n\t\t\t\t<\/div>\n\t\t<div id=\"e-n-tab-content-454156615\" role=\"tabpanel\" aria-labelledby=\"e-n-tab-title-454156615\" data-tab-index=\"5\" style=\"--n-tabs-title-order: 5;\" class=\" elementor-element elementor-element-2bc353d e-flex e-con-boxed e-con e-child\" data-id=\"2bc353d\" data-element_type=\"container\" data-e-type=\"container\">\n\t\t\t\t\t<div class=\"e-con-inner\">\n\t\t<div class=\"elementor-element elementor-element-ef1a0f6 e-con-full e-flex e-con e-child\" data-id=\"ef1a0f6\" data-element_type=\"container\" data-e-type=\"container\">\n\t\t\t\t<div class=\"elementor-element elementor-element-4bbf4e2 elementor-widget elementor-widget-text-editor\" data-id=\"4bbf4e2\" data-element_type=\"widget\" data-e-type=\"widget\" data-widget_type=\"text-editor.default\">\n\t\t\t\t<div class=\"elementor-widget-container\">\n\t\t\t\t\t\t\t\t\t<p style=\"margin: 0px 0px 1.5rem;color: #666666;font-size: 14px\"><strong style=\"font-weight: bold\">Hor\u00e1rio de entrada e sa\u00edda dos estudantes da Educa\u00e7\u00e3o Infantil:<\/strong><\/p><p style=\"margin: 0px 0px 1.5rem;color: #666666;font-size: 14px\">Manh\u00e3: 07 \u00e0s 12h<\/p><p style=\"margin: 0px;color: #666666;font-size: 14px\">Tarde: 13 \u00e0s 18h<\/p>\t\t\t\t\t\t\t\t<\/div>\n\t\t\t\t<\/div>\n\t\t\t\t<\/div>\n\t\t\t\t\t<\/div>\n\t\t\t\t<\/div>\n\t\t<div id=\"e-n-tab-content-454156616\" role=\"tabpanel\" aria-labelledby=\"e-n-tab-title-454156616\" data-tab-index=\"6\" style=\"--n-tabs-title-order: 6;\" class=\" elementor-element elementor-element-421c2bc e-flex e-con-boxed e-con e-child\" data-id=\"421c2bc\" data-element_type=\"container\" data-e-type=\"container\">\n\t\t\t\t\t<div class=\"e-con-inner\">\n\t\t<div class=\"elementor-element elementor-element-f4bbc0b e-con-full e-flex e-con e-child\" data-id=\"f4bbc0b\" data-element_type=\"container\" data-e-type=\"container\">\n\t\t\t\t<div class=\"elementor-element elementor-element-9293a69 elementor-widget elementor-widget-text-editor\" data-id=\"9293a69\" data-element_type=\"widget\" data-e-type=\"widget\" data-widget_type=\"text-editor.default\">\n\t\t\t\t<div class=\"elementor-widget-container\">\n\t\t\t\t\t\t\t\t\t<p style=\"margin: 0px 0px 1.5rem;color: #666666;font-size: 14px\"><strong style=\"font-weight: bold\">Hor\u00e1rio de entrada e sa\u00edda dos estudantes do Ensino Fundamental \u2013 Anos Iniciais:<\/strong><\/p><p style=\"margin: 0px 0px 1.5rem;color: #666666;font-size: 14px\"><strong style=\"font-weight: bold\">*1\u00ba ao 4\u00baano:<\/strong><\/p><p style=\"margin: 0px 0px 1.5rem;color: #666666;font-size: 14px\">Manh\u00e3: 07 \u00e0s 12h<\/p><p style=\"margin: 0px 0px 1.5rem;color: #666666;font-size: 14px\">Tarde: 13 \u00e0s 18h<\/p><p style=\"margin: 0px 0px 1.5rem;color: #666666;font-size: 14px\"><strong style=\"font-weight: bold\">*5\u00baano:<\/strong><\/p><p style=\"margin: 0px 0px 1.5rem;color: #666666;font-size: 14px\">Manh\u00e3: 07 \u00e0s 11h30min<\/p><p style=\"margin: 0px;color: #666666;font-size: 14px\">Tarde: 13 \u00e0s 17h30min<\/p>\t\t\t\t\t\t\t\t<\/div>\n\t\t\t\t<\/div>\n\t\t\t\t<\/div>\n\t\t\t\t\t<\/div>\n\t\t\t\t<\/div>\n\t\t<div id=\"e-n-tab-content-454156617\" role=\"tabpanel\" aria-labelledby=\"e-n-tab-title-454156617\" data-tab-index=\"7\" style=\"--n-tabs-title-order: 7;\" class=\" elementor-element elementor-element-d21dad7 e-flex e-con-boxed e-con e-child\" data-id=\"d21dad7\" data-element_type=\"container\" data-e-type=\"container\">\n\t\t\t\t\t<div class=\"e-con-inner\">\n\t\t<div class=\"elementor-element elementor-element-6c6cb48 e-con-full e-flex e-con e-child\" data-id=\"6c6cb48\" data-element_type=\"container\" data-e-type=\"container\">\n\t\t\t\t<div class=\"elementor-element elementor-element-54fc727 elementor-widget elementor-widget-text-editor\" data-id=\"54fc727\" data-element_type=\"widget\" data-e-type=\"widget\" data-widget_type=\"text-editor.default\">\n\t\t\t\t<div class=\"elementor-widget-container\">\n\t\t\t\t\t\t\t\t\t<p style=\"margin: 0px 0px 1.5rem;color: #666666;font-size: 14px\"><strong style=\"font-weight: bold\">Hor\u00e1rio de entrada e sa\u00edda dos estudantes do Ensino Fundamental \u2013 Anos Finais (6\u00ba ao 9\u00baano):<\/strong><\/p><p style=\"margin: 0px 0px 1.5rem;color: #666666;font-size: 14px\">Manh\u00e3: 07 \u00e0s 11h30min<\/p><p style=\"margin: 0px;color: #666666;font-size: 14px\">Tarde: 13 \u00e0s 17h30min<\/p>\t\t\t\t\t\t\t\t<\/div>\n\t\t\t\t<\/div>\n\t\t\t\t<\/div>\n\t\t\t\t\t<\/div>\n\t\t\t\t<\/div>\n\t\t\t\t\t<\/div>\n\t\t<\/div>\n\t\t\t\t\t\t<\/div>\n\t\t\t\t<\/div>\n\t\t\t\t\t<\/div>\n\t\t\t\t<\/div>\n\t\t\t\t<\/div>\n\t\t\t\t<\/div>\n\t\t","protected":false},"excerpt":{"rendered":"<p>Recep\u00e7\u00e3o Secretaria Tesouraria Biblioteca Educa\u00e7\u00e3o Infantil Ensino Fundamental &#8211; Anos Iniciais Ensino Fundamental &#8211; Anos Finais Hor\u00e1rio de funcionamento da Recep\u00e7\u00e3o: Segunda \u00e0 sexta-feira, das 7h \u00e0s 18h. Hor\u00e1rio de funcionamento da Secretaria: Manh\u00e3: 08 \u00e0s 12h Tarde: 13 \u00e0s 17h Hor\u00e1rio de funcionamento da Tesouraria: Manh\u00e3: 07h30min \u00e0s 12h Tarde: 13 \u00e0s 17h30min Hor\u00e1rio [&hellip;]<\/p>\n","protected":false},"author":1,"featured_media":105,"parent":0,"menu_order":0,"comment_status":"closed","ping_status":"closed","template":"","meta":{"_acf_changed":false,"footnotes":""},"class_list":["post-513","page","type-page","status-publish","has-post-thumbnail","hentry"],"acf":[],"yoast_head":"<!-- This site is optimized with the Yoast SEO plugin v26.3 - https:\/\/yoast.com\/wordpress\/plugins\/seo\/ -->\n<title>Hor\u00e1rios - Escola N. Sra. do Carmo | Rede ICM de Educa\u00e7\u00e3o<\/title>\n<meta name=\"robots\" content=\"index, follow, max-snippet:-1, max-image-preview:large, max-video-preview:-1\" \/>\n<link rel=\"canonical\" href=\"https:\/\/redeicm.org.br\/carmo\/horarios\/\" \/>\n<meta property=\"og:locale\" content=\"pt_BR\" \/>\n<meta property=\"og:type\" content=\"article\" \/>\n<meta property=\"og:title\" content=\"Hor\u00e1rios - Escola N. Sra. do Carmo | Rede ICM de Educa\u00e7\u00e3o\" \/>\n<meta property=\"og:description\" content=\"Recep\u00e7\u00e3o Secretaria Tesouraria Biblioteca Educa\u00e7\u00e3o Infantil Ensino Fundamental &#8211; Anos Iniciais Ensino Fundamental &#8211; Anos Finais Hor\u00e1rio de funcionamento da Recep\u00e7\u00e3o: Segunda \u00e0 sexta-feira, das 7h \u00e0s 18h. Hor\u00e1rio de funcionamento da Secretaria: Manh\u00e3: 08 \u00e0s 12h Tarde: 13 \u00e0s 17h Hor\u00e1rio de funcionamento da Tesouraria: Manh\u00e3: 07h30min \u00e0s 12h Tarde: 13 \u00e0s 17h30min Hor\u00e1rio [&hellip;]\" \/>\n<meta property=\"og:url\" content=\"https:\/\/redeicm.org.br\/carmo\/horarios\/\" \/>\n<meta property=\"og:site_name\" content=\"Escola N. Sra. do Carmo | Rede ICM de Educa\u00e7\u00e3o\" \/>\n<meta property=\"article:modified_time\" content=\"2026-03-03T17:12:10+00:00\" \/>\n<meta property=\"og:image\" content=\"https:\/\/redeicm.org.br\/carmo\/wp-content\/uploads\/sites\/5\/2024\/08\/banner-barbara-maix-1.jpg\" \/>\n\t<meta property=\"og:image:width\" content=\"1440\" \/>\n\t<meta property=\"og:image:height\" content=\"400\" \/>\n\t<meta property=\"og:image:type\" content=\"image\/jpeg\" \/>\n<meta name=\"twitter:card\" content=\"summary_large_image\" \/>\n<meta name=\"twitter:label1\" content=\"Est. tempo de leitura\" \/>\n\t<meta name=\"twitter:data1\" content=\"2 minutos\" \/>\n<script type=\"application\/ld+json\" class=\"yoast-schema-graph\">{\"@context\":\"https:\/\/schema.org\",\"@graph\":[{\"@type\":\"WebPage\",\"@id\":\"https:\/\/redeicm.org.br\/carmo\/horarios\/\",\"url\":\"https:\/\/redeicm.org.br\/carmo\/horarios\/\",\"name\":\"Hor\u00e1rios - Escola N. Sra. do Carmo | Rede ICM de Educa\u00e7\u00e3o\",\"isPartOf\":{\"@id\":\"https:\/\/redeicm.org.br\/carmo\/#website\"},\"primaryImageOfPage\":{\"@id\":\"https:\/\/redeicm.org.br\/carmo\/horarios\/#primaryimage\"},\"image\":{\"@id\":\"https:\/\/redeicm.org.br\/carmo\/horarios\/#primaryimage\"},\"thumbnailUrl\":\"https:\/\/redeicm.org.br\/carmo\/wp-content\/uploads\/sites\/5\/2024\/08\/banner-barbara-maix-1.jpg\",\"datePublished\":\"2024-08-20T14:54:47+00:00\",\"dateModified\":\"2026-03-03T17:12:10+00:00\",\"breadcrumb\":{\"@id\":\"https:\/\/redeicm.org.br\/carmo\/horarios\/#breadcrumb\"},\"inLanguage\":\"pt-BR\",\"potentialAction\":[{\"@type\":\"ReadAction\",\"target\":[\"https:\/\/redeicm.org.br\/carmo\/horarios\/\"]}]},{\"@type\":\"ImageObject\",\"inLanguage\":\"pt-BR\",\"@id\":\"https:\/\/redeicm.org.br\/carmo\/horarios\/#primaryimage\",\"url\":\"https:\/\/redeicm.org.br\/carmo\/wp-content\/uploads\/sites\/5\/2024\/08\/banner-barbara-maix-1.jpg\",\"contentUrl\":\"https:\/\/redeicm.org.br\/carmo\/wp-content\/uploads\/sites\/5\/2024\/08\/banner-barbara-maix-1.jpg\",\"width\":1440,\"height\":400},{\"@type\":\"BreadcrumbList\",\"@id\":\"https:\/\/redeicm.org.br\/carmo\/horarios\/#breadcrumb\",\"itemListElement\":[{\"@type\":\"ListItem\",\"position\":1,\"name\":\"In\u00edcio\",\"item\":\"https:\/\/redeicm.org.br\/carmo\/\"},{\"@type\":\"ListItem\",\"position\":2,\"name\":\"Hor\u00e1rios\"}]},{\"@type\":\"WebSite\",\"@id\":\"https:\/\/redeicm.org.br\/carmo\/#website\",\"url\":\"https:\/\/redeicm.org.br\/carmo\/\",\"name\":\"Escola N. Sra. do Carmo | Rede ICM de Educa\u00e7\u00e3o\",\"description\":\"\",\"publisher\":{\"@id\":\"https:\/\/redeicm.org.br\/carmo\/#organization\"},\"potentialAction\":[{\"@type\":\"SearchAction\",\"target\":{\"@type\":\"EntryPoint\",\"urlTemplate\":\"https:\/\/redeicm.org.br\/carmo\/?s={search_term_string}\"},\"query-input\":{\"@type\":\"PropertyValueSpecification\",\"valueRequired\":true,\"valueName\":\"search_term_string\"}}],\"inLanguage\":\"pt-BR\"},{\"@type\":\"Organization\",\"@id\":\"https:\/\/redeicm.org.br\/carmo\/#organization\",\"name\":\"Escola N. Sra. do Carmo | Rede ICM de Educa\u00e7\u00e3o\",\"url\":\"https:\/\/redeicm.org.br\/carmo\/\",\"logo\":{\"@type\":\"ImageObject\",\"inLanguage\":\"pt-BR\",\"@id\":\"https:\/\/redeicm.org.br\/carmo\/#\/schema\/logo\/image\/\",\"url\":\"https:\/\/redeicm.org.br\/carmo\/wp-content\/uploads\/sites\/5\/2024\/08\/logo_Carmo.png\",\"contentUrl\":\"https:\/\/redeicm.org.br\/carmo\/wp-content\/uploads\/sites\/5\/2024\/08\/logo_Carmo.png\",\"width\":1024,\"height\":512,\"caption\":\"Escola N. Sra. do Carmo | Rede ICM de Educa\u00e7\u00e3o\"},\"image\":{\"@id\":\"https:\/\/redeicm.org.br\/carmo\/#\/schema\/logo\/image\/\"}}]}<\/script>\n<!-- \/ Yoast SEO plugin. -->","yoast_head_json":{"title":"Hor\u00e1rios - Escola N. Sra. do Carmo | Rede ICM de Educa\u00e7\u00e3o","robots":{"index":"index","follow":"follow","max-snippet":"max-snippet:-1","max-image-preview":"max-image-preview:large","max-video-preview":"max-video-preview:-1"},"canonical":"https:\/\/redeicm.org.br\/carmo\/horarios\/","og_locale":"pt_BR","og_type":"article","og_title":"Hor\u00e1rios - Escola N. Sra. do Carmo | Rede ICM de Educa\u00e7\u00e3o","og_description":"Recep\u00e7\u00e3o Secretaria Tesouraria Biblioteca Educa\u00e7\u00e3o Infantil Ensino Fundamental &#8211; Anos Iniciais Ensino Fundamental &#8211; Anos Finais Hor\u00e1rio de funcionamento da Recep\u00e7\u00e3o: Segunda \u00e0 sexta-feira, das 7h \u00e0s 18h. Hor\u00e1rio de funcionamento da Secretaria: Manh\u00e3: 08 \u00e0s 12h Tarde: 13 \u00e0s 17h Hor\u00e1rio de funcionamento da Tesouraria: Manh\u00e3: 07h30min \u00e0s 12h Tarde: 13 \u00e0s 17h30min Hor\u00e1rio [&hellip;]","og_url":"https:\/\/redeicm.org.br\/carmo\/horarios\/","og_site_name":"Escola N. Sra. do Carmo | Rede ICM de Educa\u00e7\u00e3o","article_modified_time":"2026-03-03T17:12:10+00:00","og_image":[{"width":1440,"height":400,"url":"https:\/\/redeicm.org.br\/carmo\/wp-content\/uploads\/sites\/5\/2024\/08\/banner-barbara-maix-1.jpg","type":"image\/jpeg"}],"twitter_card":"summary_large_image","twitter_misc":{"Est. tempo de leitura":"2 minutos"},"schema":{"@context":"https:\/\/schema.org","@graph":[{"@type":"WebPage","@id":"https:\/\/redeicm.org.br\/carmo\/horarios\/","url":"https:\/\/redeicm.org.br\/carmo\/horarios\/","name":"Hor\u00e1rios - Escola N. Sra. do Carmo | Rede ICM de Educa\u00e7\u00e3o","isPartOf":{"@id":"https:\/\/redeicm.org.br\/carmo\/#website"},"primaryImageOfPage":{"@id":"https:\/\/redeicm.org.br\/carmo\/horarios\/#primaryimage"},"image":{"@id":"https:\/\/redeicm.org.br\/carmo\/horarios\/#primaryimage"},"thumbnailUrl":"https:\/\/redeicm.org.br\/carmo\/wp-content\/uploads\/sites\/5\/2024\/08\/banner-barbara-maix-1.jpg","datePublished":"2024-08-20T14:54:47+00:00","dateModified":"2026-03-03T17:12:10+00:00","breadcrumb":{"@id":"https:\/\/redeicm.org.br\/carmo\/horarios\/#breadcrumb"},"inLanguage":"pt-BR","potentialAction":[{"@type":"ReadAction","target":["https:\/\/redeicm.org.br\/carmo\/horarios\/"]}]},{"@type":"ImageObject","inLanguage":"pt-BR","@id":"https:\/\/redeicm.org.br\/carmo\/horarios\/#primaryimage","url":"https:\/\/redeicm.org.br\/carmo\/wp-content\/uploads\/sites\/5\/2024\/08\/banner-barbara-maix-1.jpg","contentUrl":"https:\/\/redeicm.org.br\/carmo\/wp-content\/uploads\/sites\/5\/2024\/08\/banner-barbara-maix-1.jpg","width":1440,"height":400},{"@type":"BreadcrumbList","@id":"https:\/\/redeicm.org.br\/carmo\/horarios\/#breadcrumb","itemListElement":[{"@type":"ListItem","position":1,"name":"In\u00edcio","item":"https:\/\/redeicm.org.br\/carmo\/"},{"@type":"ListItem","position":2,"name":"Hor\u00e1rios"}]},{"@type":"WebSite","@id":"https:\/\/redeicm.org.br\/carmo\/#website","url":"https:\/\/redeicm.org.br\/carmo\/","name":"Escola N. Sra. do Carmo | Rede ICM de Educa\u00e7\u00e3o","description":"","publisher":{"@id":"https:\/\/redeicm.org.br\/carmo\/#organization"},"potentialAction":[{"@type":"SearchAction","target":{"@type":"EntryPoint","urlTemplate":"https:\/\/redeicm.org.br\/carmo\/?s={search_term_string}"},"query-input":{"@type":"PropertyValueSpecification","valueRequired":true,"valueName":"search_term_string"}}],"inLanguage":"pt-BR"},{"@type":"Organization","@id":"https:\/\/redeicm.org.br\/carmo\/#organization","name":"Escola N. Sra. do Carmo | Rede ICM de Educa\u00e7\u00e3o","url":"https:\/\/redeicm.org.br\/carmo\/","logo":{"@type":"ImageObject","inLanguage":"pt-BR","@id":"https:\/\/redeicm.org.br\/carmo\/#\/schema\/logo\/image\/","url":"https:\/\/redeicm.org.br\/carmo\/wp-content\/uploads\/sites\/5\/2024\/08\/logo_Carmo.png","contentUrl":"https:\/\/redeicm.org.br\/carmo\/wp-content\/uploads\/sites\/5\/2024\/08\/logo_Carmo.png","width":1024,"height":512,"caption":"Escola N. Sra. do Carmo | Rede ICM de Educa\u00e7\u00e3o"},"image":{"@id":"https:\/\/redeicm.org.br\/carmo\/#\/schema\/logo\/image\/"}}]}},"_links":{"self":[{"href":"https:\/\/redeicm.org.br\/carmo\/wp-json\/wp\/v2\/pages\/513","targetHints":{"allow":["GET"]}}],"collection":[{"href":"https:\/\/redeicm.org.br\/carmo\/wp-json\/wp\/v2\/pages"}],"about":[{"href":"https:\/\/redeicm.org.br\/carmo\/wp-json\/wp\/v2\/types\/page"}],"author":[{"embeddable":true,"href":"https:\/\/redeicm.org.br\/carmo\/wp-json\/wp\/v2\/users\/1"}],"replies":[{"embeddable":true,"href":"https:\/\/redeicm.org.br\/carmo\/wp-json\/wp\/v2\/comments?post=513"}],"version-history":[{"count":9,"href":"https:\/\/redeicm.org.br\/carmo\/wp-json\/wp\/v2\/pages\/513\/revisions"}],"predecessor-version":[{"id":3166,"href":"https:\/\/redeicm.org.br\/carmo\/wp-json\/wp\/v2\/pages\/513\/revisions\/3166"}],"wp:featuredmedia":[{"embeddable":true,"href":"https:\/\/redeicm.org.br\/carmo\/wp-json\/wp\/v2\/media\/105"}],"wp:attachment":[{"href":"https:\/\/redeicm.org.br\/carmo\/wp-json\/wp\/v2\/media?parent=513"}],"curies":[{"name":"wp","href":"https:\/\/api.w.org\/{rel}","templated":true}]}}