{"id":501,"date":"2024-08-20T11:24:30","date_gmt":"2024-08-20T14:24:30","guid":{"rendered":"https:\/\/redeicm.org.br\/carmo\/?page_id=501"},"modified":"2024-08-20T11:31:11","modified_gmt":"2024-08-20T14:31:11","slug":"cursos","status":"publish","type":"page","link":"https:\/\/redeicm.org.br\/carmo\/cursos\/","title":{"rendered":"Cursos"},"content":{"rendered":"\t\t<div data-elementor-type=\"wp-page\" data-elementor-id=\"501\" class=\"elementor elementor-501\" data-elementor-post-type=\"page\">\n\t\t\t\t<div class=\"elementor-element elementor-element-b29bfa3 e-flex e-con-boxed e-con e-parent\" data-id=\"b29bfa3\" data-element_type=\"container\" data-e-type=\"container\" data-settings=\"{&quot;background_background&quot;:&quot;classic&quot;}\">\n\t\t\t\t\t<div class=\"e-con-inner\">\n\t\t\t\t<div class=\"elementor-element elementor-element-2297ccdd elementor-widget elementor-widget-heading\" data-id=\"2297ccdd\" data-element_type=\"widget\" data-e-type=\"widget\" data-widget_type=\"heading.default\">\n\t\t\t\t<div class=\"elementor-widget-container\">\n\t\t\t\t\t<h1 class=\"elementor-heading-title elementor-size-default\">Cursos<\/h1>\t\t\t\t<\/div>\n\t\t\t\t<\/div>\n\t\t\t\t\t<\/div>\n\t\t\t\t<\/div>\n\t\t<div class=\"elementor-element elementor-element-1dbca14 e-con-full e-flex e-con e-parent\" data-id=\"1dbca14\" data-element_type=\"container\" data-e-type=\"container\">\n\t\t<div class=\"elementor-element elementor-element-6d3cecf6 e-flex e-con-boxed e-con e-child\" data-id=\"6d3cecf6\" data-element_type=\"container\" data-e-type=\"container\">\n\t\t\t\t\t<div class=\"e-con-inner\">\n\t\t\t\t<div class=\"elementor-element elementor-element-86bed29 elementor-widget elementor-widget-text-editor\" data-id=\"86bed29\" data-element_type=\"widget\" data-e-type=\"widget\" data-widget_type=\"text-editor.default\">\n\t\t\t\t<div class=\"elementor-widget-container\">\n\t\t\t\t\t\t\t\t\t<p>A Escola Nossa Senhora do Carmo \u2013 Rede ICM de Educa\u00e7\u00e3o oferece projetos de car\u00e1ter multi e interdisciplinar visando a forma\u00e7\u00e3o integral do educando, sendo estes nas dimens\u00f5es social, pol\u00edtica, cognitiva, afetiva, \u00e9tica e religiosa, que permeiam o projeto pol\u00edtico pedag\u00f3gico.<br \/><br \/>Os conte\u00fados s\u00e3o desenvolvidos atrav\u00e9s de situa\u00e7\u00f5es de aprendizagem que favore\u00e7am as diversas \u00e1reas do conhecimento, desenvolvendo compet\u00eancias e habilidades por meio de diferentes estrat\u00e9gias de ensino.<\/p>\t\t\t\t\t\t\t\t<\/div>\n\t\t\t\t<\/div>\n\t\t\t\t<div class=\"elementor-element elementor-element-2b4fced e-n-tabs-mobile elementor-widget elementor-widget-n-tabs\" data-id=\"2b4fced\" data-element_type=\"widget\" data-e-type=\"widget\" data-widget_type=\"nested-tabs.default\">\n\t\t\t\t<div class=\"elementor-widget-container\">\n\t\t\t\t\t\t\t<div class=\"e-n-tabs\" data-widget-number=\"45415661\" aria-label=\"Abas. Abra itens com &quot;Enter&quot; ou &quot;Espa\u00e7o&quot;, feche com &quot;Escape&quot; e navegue usando as teclas de &quot;Seta&quot;.\">\n\t\t\t<div class=\"e-n-tabs-heading\" role=\"tablist\">\n\t\t\t\t\t<button id=\"e-n-tab-title-454156611\" data-tab-title-id=\"e-n-tab-title-454156611\" class=\"e-n-tab-title\" aria-selected=\"true\" data-tab-index=\"1\" role=\"tab\" tabindex=\"0\" aria-controls=\"e-n-tab-content-454156611\" style=\"--n-tabs-title-order: 1;\">\n\t\t\t\t\t\t<span class=\"e-n-tab-title-text\">\n\t\t\t\tEDUCA\u00c7\u00c3O INFANTIL\t\t\t<\/span>\n\t\t<\/button>\n\t\t\t\t<button id=\"e-n-tab-title-454156612\" data-tab-title-id=\"e-n-tab-title-454156612\" class=\"e-n-tab-title\" aria-selected=\"false\" data-tab-index=\"2\" role=\"tab\" tabindex=\"-1\" aria-controls=\"e-n-tab-content-454156612\" style=\"--n-tabs-title-order: 2;\">\n\t\t\t\t\t\t<span class=\"e-n-tab-title-text\">\n\t\t\t\tENSINO FUNDAMENTAL  - 1\u00ba ao 5\u00ba ano\t\t\t<\/span>\n\t\t<\/button>\n\t\t\t\t<button id=\"e-n-tab-title-454156613\" data-tab-title-id=\"e-n-tab-title-454156613\" class=\"e-n-tab-title\" aria-selected=\"false\" data-tab-index=\"3\" role=\"tab\" tabindex=\"-1\" aria-controls=\"e-n-tab-content-454156613\" style=\"--n-tabs-title-order: 3;\">\n\t\t\t\t\t\t<span class=\"e-n-tab-title-text\">\n\t\t\t\tENSINO FUNDAMENTAL - 6\u00ba ao 9\u00ba ano\t\t\t<\/span>\n\t\t<\/button>\n\t\t\t\t\t<\/div>\n\t\t\t<div class=\"e-n-tabs-content\">\n\t\t\t\t<div id=\"e-n-tab-content-454156611\" role=\"tabpanel\" aria-labelledby=\"e-n-tab-title-454156611\" data-tab-index=\"1\" style=\"--n-tabs-title-order: 1;\" class=\"e-active elementor-element elementor-element-85e124c e-con-full e-flex e-con e-child\" data-id=\"85e124c\" data-element_type=\"container\" data-e-type=\"container\">\n\t\t<div class=\"elementor-element elementor-element-a215c98 e-flex e-con-boxed e-con e-child\" data-id=\"a215c98\" data-element_type=\"container\" data-e-type=\"container\">\n\t\t\t\t\t<div class=\"e-con-inner\">\n\t\t\t\t<div class=\"elementor-element elementor-element-26885c3 elementor-widget elementor-widget-heading\" data-id=\"26885c3\" data-element_type=\"widget\" data-e-type=\"widget\" data-widget_type=\"heading.default\">\n\t\t\t\t<div class=\"elementor-widget-container\">\n\t\t\t\t\t<h3 class=\"elementor-heading-title elementor-size-default\">NOSSA PROPOSTA DE EDUCA\u00c7\u00c3O INFANTIL:<\/h3>\t\t\t\t<\/div>\n\t\t\t\t<\/div>\n\t\t\t\t<div class=\"elementor-element elementor-element-f6421cd elementor-widget elementor-widget-text-editor\" data-id=\"f6421cd\" data-element_type=\"widget\" data-e-type=\"widget\" data-widget_type=\"text-editor.default\">\n\t\t\t\t<div class=\"elementor-widget-container\">\n\t\t\t\t\t\t\t\t\t<p style=\"margin: 0px 0px 1.5rem; color: rgb(102, 102, 102); font-size: 14px; text-align: justify;\">O momento da chegada da crian\u00e7a pela primeira vez \u00e0 escola \u00e9 m\u00e1gico. Por isso, n\u00f3s educadores devemos criar um ambiente agrad\u00e1vel para acolher essas \u201csementinhas\u201d que entram em contato com um novo grupo social.<\/p><p style=\"margin: 0px 0px 1.5rem; color: rgb(102, 102, 102); font-size: 14px; text-align: justify;\">Para o Pedagogo Friedrich Froebel:<\/p><p style=\"margin: 0px 0px 1.5rem; color: rgb(102, 102, 102); font-size: 14px; text-align: justify;\">\u201cA inf\u00e2ncia \u00e9 assim como uma planta; deve ser objeto de cuidado atencioso, deve receber \u00e1gua, crescer em solo rico em nutrientes e ter a luz do sol na medida certa. Um jardim \u00e9 um lugar onde as plantas n\u00e3o crescem em estado totalmente silvestre, totalmente selvagem, \u00e9 um lugar onde elas recebem os cuidados do jardineiro ou da jardineira. Mas o jardineiro sabe que embora ele tenha por tarefa cuidar para que a planta tenha todo o cuidado necess\u00e1rio para seu crescimento e desenvolvimento, em \u00faltima inst\u00e2ncia, \u00e9 o processo natural da planta que dever\u00e1 determinar quais cuidados a ela dever\u00e3o ser dispensados. Certas plantas n\u00e3o crescem bem quando regadas em demasia, j\u00e1 outras precisam de muita \u00e1gua; algumas plantas precisam de muito sol, enquanto, que outras crescem melhor \u00e0 sombra. O bom jardineiro sabe \u201couvir\u201d as necessidades de cada planta e respeitar seu processo natural de desenvolvimento. Para Froebel, assim tamb\u00e9m ocorre com as crian\u00e7as e, portanto, os adultos encarregados da educa\u00e7\u00e3o das mesmas deveriam comportar-se tal como o jardineiro.\u201d<\/p><p style=\"margin: 0px 0px 1.5rem; color: rgb(102, 102, 102); font-size: 14px; text-align: justify;\">(Retirado do livro Friedrich Froebel: o Pedagogo dos Jardins de Inf\u00e2ncia, Alessandra Arce \u2013 Petr\u00f3polis, RJ: Vozes, 2002.)<\/p><p style=\"margin: 0px 0px 1.5rem; color: rgb(102, 102, 102); font-size: 14px; text-align: justify;\">As crian\u00e7as pequenas e suas fam\u00edlias devem encontrar na Educa\u00e7\u00e3o Infantil um ambiente f\u00edsico estruturado com funcionamento adequado e humanizado, onde sejam tra\u00e7adas propostas pedag\u00f3gicas com metas claras a serem desenvolvidas durante o processo ensino-aprendizagem.<\/p><p style=\"margin: 0px 0px 1.5rem; color: rgb(102, 102, 102); font-size: 14px; text-align: justify;\">Seguindo esta linha de pensamento, a Escola Nossa Senhora do Carmo, visa a qualidade na Educa\u00e7\u00e3o Infantil tendo como fundamentos norteadores: a socializa\u00e7\u00e3o, a autonomia, a responsabilidade, a solidariedade, a criatividade, a participa\u00e7\u00e3o, a criticidade, a constru\u00e7\u00e3o do conhecimento, a ludicidade e o respeito a servi\u00e7o do bem-comum, sabendo reconhecer a import\u00e2ncia de que cada educando \u00e9 um ser total, completo, indivis\u00edvel, com sentimentos que merecem cuidados a integra\u00e7\u00e3o entre os aspectos f\u00edsicos, emocionais, afetivos, cognitivo\/ling\u00fc\u00edsticos e sociais.<\/p>\t\t\t\t\t\t\t\t<\/div>\n\t\t\t\t<\/div>\n\t\t\t\t\t<\/div>\n\t\t\t\t<\/div>\n\t\t\t\t<\/div>\n\t\t<div id=\"e-n-tab-content-454156612\" role=\"tabpanel\" aria-labelledby=\"e-n-tab-title-454156612\" data-tab-index=\"2\" style=\"--n-tabs-title-order: 2;\" class=\" elementor-element elementor-element-c55bc8d e-con-full e-flex e-con e-child\" data-id=\"c55bc8d\" data-element_type=\"container\" data-e-type=\"container\">\n\t\t<div class=\"elementor-element elementor-element-19ba081 e-flex e-con-boxed e-con e-child\" data-id=\"19ba081\" data-element_type=\"container\" data-e-type=\"container\">\n\t\t\t\t\t<div class=\"e-con-inner\">\n\t\t\t\t<div class=\"elementor-element elementor-element-9ca7585 elementor-widget elementor-widget-heading\" data-id=\"9ca7585\" data-element_type=\"widget\" data-e-type=\"widget\" data-widget_type=\"heading.default\">\n\t\t\t\t<div class=\"elementor-widget-container\">\n\t\t\t\t\t<h2 class=\"elementor-heading-title elementor-size-default\">NOS ANOS INICIAIS DO ENSINO FUNDAMENTAL (1\u00ba ao 5\u00ba ano) \u00e9 oportunizado:<\/h2>\t\t\t\t<\/div>\n\t\t\t\t<\/div>\n\t\t\t\t<div class=\"elementor-element elementor-element-8b42837 elementor-widget elementor-widget-text-editor\" data-id=\"8b42837\" data-element_type=\"widget\" data-e-type=\"widget\" data-widget_type=\"text-editor.default\">\n\t\t\t\t<div class=\"elementor-widget-container\">\n\t\t\t\t\t\t\t\t\t<p style=\"margin: 0px 0px 1.5rem; color: #666666; font-size: 14px; text-align: justify;\">\u2013 o desenvolvimento integral do educando;<br \/>\u2013 a constru\u00e7\u00e3o de conhecimentos b\u00e1sicos, sistematizados e significativos;<br \/>\u2013 o dom\u00ednio de instrumentos de compreens\u00e3o cr\u00edtica da realidade, da auto-express\u00e3o e da comunica\u00e7\u00e3o social;<br \/>\u2013 a forma\u00e7\u00e3o para a cidadania, integra\u00e7\u00e3o e a participa\u00e7\u00e3o na conviv\u00eancia humana;<br \/>\u2013 a forma\u00e7\u00e3o de uma consci\u00eancia social, cr\u00edtica, solid\u00e1ria e democr\u00e1tica.<\/p><p style=\"margin: 0px 0px 1.5rem; color: #666666; font-size: 14px; text-align: justify;\">Temos como indicadores de sa\u00edda para a etapa do Ensino Fundamental ANOS INICIAIS:<\/p><p style=\"margin: 0px; color: #666666; font-size: 14px; text-align: justify;\">\u2013 Leitura compreensiva;<br \/>\u2013 Saber admirar;<br \/>\u2013 Capacidade de estabelecer rela\u00e7\u00f5es;<br \/>\u2013 Expressar ideias logicamente;<br \/>\u2013 Consci\u00eancia de sua corporeidade;<br \/>\u2013 Utiliza\u00e7\u00e3o do c\u00f3digo ortogr\u00e1fico;<br \/>\u2013 Atitude investigat\u00f3ria, criativa, cooperativa, aut\u00f4noma e solid\u00e1ria.<\/p>\t\t\t\t\t\t\t\t<\/div>\n\t\t\t\t<\/div>\n\t\t\t\t\t<\/div>\n\t\t\t\t<\/div>\n\t\t\t\t<\/div>\n\t\t<div id=\"e-n-tab-content-454156613\" role=\"tabpanel\" aria-labelledby=\"e-n-tab-title-454156613\" data-tab-index=\"3\" style=\"--n-tabs-title-order: 3;\" class=\" elementor-element elementor-element-4931681 e-con-full e-flex e-con e-child\" data-id=\"4931681\" data-element_type=\"container\" data-e-type=\"container\">\n\t\t<div class=\"elementor-element elementor-element-5e2aa4e e-flex e-con-boxed e-con e-child\" data-id=\"5e2aa4e\" data-element_type=\"container\" data-e-type=\"container\">\n\t\t\t\t\t<div class=\"e-con-inner\">\n\t\t\t\t<div class=\"elementor-element elementor-element-f4aece8 elementor-widget elementor-widget-heading\" data-id=\"f4aece8\" data-element_type=\"widget\" data-e-type=\"widget\" data-widget_type=\"heading.default\">\n\t\t\t\t<div class=\"elementor-widget-container\">\n\t\t\t\t\t<h2 class=\"elementor-heading-title elementor-size-default\">NOS ANOS FINAIS DO ENSINO FUNDAMENTAL (6\u00ba ao 9\u00ba ano) \u00e9 oportunizado:<\/h2>\t\t\t\t<\/div>\n\t\t\t\t<\/div>\n\t\t\t\t<div class=\"elementor-element elementor-element-3ef368c elementor-widget elementor-widget-text-editor\" data-id=\"3ef368c\" data-element_type=\"widget\" data-e-type=\"widget\" data-widget_type=\"text-editor.default\">\n\t\t\t\t<div class=\"elementor-widget-container\">\n\t\t\t\t\t\t\t\t\t<p class=\"Fonte_texto_corpo\" style=\"margin: 0px 0px 1.5rem; color: #666666; font-size: 14px; text-align: justify;\">\u2013 o desenvolvimento\u00a0<strong style=\"font-weight: bold;\">integral\u00a0<\/strong>do educando;<br \/>\u2013 a constru\u00e7\u00e3o de\u00a0<strong style=\"font-weight: bold;\">conhecimentos<\/strong>\u00a0b\u00e1sicos, sistematizados e significativos;<br \/>\u2013 o\u00a0<strong style=\"font-weight: bold;\">dom\u00ednio de instrumentos<\/strong>\u00a0de compreens\u00e3o cr\u00edtica da realidade, da auto-express\u00e3o e da comunica\u00e7\u00e3o social;<br \/>\u2013 a forma\u00e7\u00e3o para a\u00a0<strong style=\"font-weight: bold;\">cidadania,\u00a0<\/strong>integra\u00e7\u00e3o e a participa\u00e7\u00e3o na conviv\u00eancia humana;<br \/>\u2013 a\u00a0<strong style=\"font-weight: bold;\">forma\u00e7\u00e3o de uma consci\u00eancia<\/strong>\u00a0social, cr\u00edtica, solid\u00e1ria e democr\u00e1tica.<\/p><p class=\"Fonte_texto_corpo\" style=\"margin: 0px 0px 1.5rem; color: #666666; font-size: 14px; text-align: justify;\">Temos como indicadores de sa\u00edda para a etapa do Ensino Fundamental ANOS FINAIS:<\/p><p class=\"Fonte_texto_corpo\" style=\"margin: 0px; color: #666666; font-size: 14px; text-align: justify;\">\u2013 Flu\u00eancia verbal;<br \/>\u2013 Argumenta\u00e7\u00e3o;<br \/>\u2013 Atitude cr\u00edtica, criativa e cooperativa;<br \/>\u2013 Autonomia intelectual;<br \/>\u2013 Iniciativa;<br \/>\u2013 Dom\u00ednio da leitura e da escrita.<\/p>\t\t\t\t\t\t\t\t<\/div>\n\t\t\t\t<\/div>\n\t\t\t\t\t<\/div>\n\t\t\t\t<\/div>\n\t\t\t\t<\/div>\n\t\t\t\t\t<\/div>\n\t\t<\/div>\n\t\t\t\t\t\t<\/div>\n\t\t\t\t<\/div>\n\t\t\t\t\t<\/div>\n\t\t\t\t<\/div>\n\t\t\t\t<\/div>\n\t\t\t\t<\/div>\n\t\t","protected":false},"excerpt":{"rendered":"<p>A Escola Nossa Senhora do Carmo \u2013 Rede ICM de Educa\u00e7\u00e3o oferece projetos de car\u00e1ter multi e interdisciplinar visando a forma\u00e7\u00e3o integral do educando, sendo estes nas dimens\u00f5es social, pol\u00edtica, cognitiva, afetiva, \u00e9tica e religiosa, que permeiam o projeto pol\u00edtico pedag\u00f3gico. Os conte\u00fados s\u00e3o desenvolvidos atrav\u00e9s de situa\u00e7\u00f5es de aprendizagem que favore\u00e7am as diversas \u00e1reas [&hellip;]<\/p>\n","protected":false},"author":1,"featured_media":105,"parent":0,"menu_order":0,"comment_status":"closed","ping_status":"closed","template":"","meta":{"_acf_changed":false,"footnotes":""},"class_list":["post-501","page","type-page","status-publish","has-post-thumbnail","hentry"],"acf":[],"yoast_head":"<!-- This site is optimized with the Yoast SEO plugin v26.3 - https:\/\/yoast.com\/wordpress\/plugins\/seo\/ -->\n<title>Cursos - Escola N. Sra. do Carmo | Rede ICM de Educa\u00e7\u00e3o<\/title>\n<meta name=\"robots\" content=\"index, follow, max-snippet:-1, max-image-preview:large, max-video-preview:-1\" \/>\n<link rel=\"canonical\" href=\"https:\/\/redeicm.org.br\/carmo\/cursos\/\" \/>\n<meta property=\"og:locale\" content=\"pt_BR\" \/>\n<meta property=\"og:type\" content=\"article\" \/>\n<meta property=\"og:title\" content=\"Cursos - Escola N. Sra. do Carmo | Rede ICM de Educa\u00e7\u00e3o\" \/>\n<meta property=\"og:description\" content=\"A Escola Nossa Senhora do Carmo \u2013 Rede ICM de Educa\u00e7\u00e3o oferece projetos de car\u00e1ter multi e interdisciplinar visando a forma\u00e7\u00e3o integral do educando, sendo estes nas dimens\u00f5es social, pol\u00edtica, cognitiva, afetiva, \u00e9tica e religiosa, que permeiam o projeto pol\u00edtico pedag\u00f3gico. Os conte\u00fados s\u00e3o desenvolvidos atrav\u00e9s de situa\u00e7\u00f5es de aprendizagem que favore\u00e7am as diversas \u00e1reas [&hellip;]\" \/>\n<meta property=\"og:url\" content=\"https:\/\/redeicm.org.br\/carmo\/cursos\/\" \/>\n<meta property=\"og:site_name\" content=\"Escola N. Sra. do Carmo | Rede ICM de Educa\u00e7\u00e3o\" \/>\n<meta property=\"article:modified_time\" content=\"2024-08-20T14:31:11+00:00\" \/>\n<meta property=\"og:image\" content=\"https:\/\/redeicm.org.br\/carmo\/wp-content\/uploads\/sites\/5\/2024\/08\/banner-barbara-maix-1.jpg\" \/>\n\t<meta property=\"og:image:width\" content=\"1440\" \/>\n\t<meta property=\"og:image:height\" content=\"400\" \/>\n\t<meta property=\"og:image:type\" content=\"image\/jpeg\" \/>\n<meta name=\"twitter:card\" content=\"summary_large_image\" \/>\n<meta name=\"twitter:label1\" content=\"Est. tempo de leitura\" \/>\n\t<meta name=\"twitter:data1\" content=\"7 minutos\" \/>\n<script type=\"application\/ld+json\" class=\"yoast-schema-graph\">{\"@context\":\"https:\/\/schema.org\",\"@graph\":[{\"@type\":\"WebPage\",\"@id\":\"https:\/\/redeicm.org.br\/carmo\/cursos\/\",\"url\":\"https:\/\/redeicm.org.br\/carmo\/cursos\/\",\"name\":\"Cursos - Escola N. Sra. do Carmo | Rede ICM de Educa\u00e7\u00e3o\",\"isPartOf\":{\"@id\":\"https:\/\/redeicm.org.br\/carmo\/#website\"},\"primaryImageOfPage\":{\"@id\":\"https:\/\/redeicm.org.br\/carmo\/cursos\/#primaryimage\"},\"image\":{\"@id\":\"https:\/\/redeicm.org.br\/carmo\/cursos\/#primaryimage\"},\"thumbnailUrl\":\"https:\/\/redeicm.org.br\/carmo\/wp-content\/uploads\/sites\/5\/2024\/08\/banner-barbara-maix-1.jpg\",\"datePublished\":\"2024-08-20T14:24:30+00:00\",\"dateModified\":\"2024-08-20T14:31:11+00:00\",\"breadcrumb\":{\"@id\":\"https:\/\/redeicm.org.br\/carmo\/cursos\/#breadcrumb\"},\"inLanguage\":\"pt-BR\",\"potentialAction\":[{\"@type\":\"ReadAction\",\"target\":[\"https:\/\/redeicm.org.br\/carmo\/cursos\/\"]}]},{\"@type\":\"ImageObject\",\"inLanguage\":\"pt-BR\",\"@id\":\"https:\/\/redeicm.org.br\/carmo\/cursos\/#primaryimage\",\"url\":\"https:\/\/redeicm.org.br\/carmo\/wp-content\/uploads\/sites\/5\/2024\/08\/banner-barbara-maix-1.jpg\",\"contentUrl\":\"https:\/\/redeicm.org.br\/carmo\/wp-content\/uploads\/sites\/5\/2024\/08\/banner-barbara-maix-1.jpg\",\"width\":1440,\"height\":400},{\"@type\":\"BreadcrumbList\",\"@id\":\"https:\/\/redeicm.org.br\/carmo\/cursos\/#breadcrumb\",\"itemListElement\":[{\"@type\":\"ListItem\",\"position\":1,\"name\":\"In\u00edcio\",\"item\":\"https:\/\/redeicm.org.br\/carmo\/\"},{\"@type\":\"ListItem\",\"position\":2,\"name\":\"Cursos\"}]},{\"@type\":\"WebSite\",\"@id\":\"https:\/\/redeicm.org.br\/carmo\/#website\",\"url\":\"https:\/\/redeicm.org.br\/carmo\/\",\"name\":\"Escola N. Sra. do Carmo | Rede ICM de Educa\u00e7\u00e3o\",\"description\":\"\",\"publisher\":{\"@id\":\"https:\/\/redeicm.org.br\/carmo\/#organization\"},\"potentialAction\":[{\"@type\":\"SearchAction\",\"target\":{\"@type\":\"EntryPoint\",\"urlTemplate\":\"https:\/\/redeicm.org.br\/carmo\/?s={search_term_string}\"},\"query-input\":{\"@type\":\"PropertyValueSpecification\",\"valueRequired\":true,\"valueName\":\"search_term_string\"}}],\"inLanguage\":\"pt-BR\"},{\"@type\":\"Organization\",\"@id\":\"https:\/\/redeicm.org.br\/carmo\/#organization\",\"name\":\"Escola N. Sra. do Carmo | Rede ICM de Educa\u00e7\u00e3o\",\"url\":\"https:\/\/redeicm.org.br\/carmo\/\",\"logo\":{\"@type\":\"ImageObject\",\"inLanguage\":\"pt-BR\",\"@id\":\"https:\/\/redeicm.org.br\/carmo\/#\/schema\/logo\/image\/\",\"url\":\"https:\/\/redeicm.org.br\/carmo\/wp-content\/uploads\/sites\/5\/2024\/08\/logo_Carmo.png\",\"contentUrl\":\"https:\/\/redeicm.org.br\/carmo\/wp-content\/uploads\/sites\/5\/2024\/08\/logo_Carmo.png\",\"width\":1024,\"height\":512,\"caption\":\"Escola N. Sra. do Carmo | Rede ICM de Educa\u00e7\u00e3o\"},\"image\":{\"@id\":\"https:\/\/redeicm.org.br\/carmo\/#\/schema\/logo\/image\/\"}}]}<\/script>\n<!-- \/ Yoast SEO plugin. -->","yoast_head_json":{"title":"Cursos - Escola N. Sra. do Carmo | Rede ICM de Educa\u00e7\u00e3o","robots":{"index":"index","follow":"follow","max-snippet":"max-snippet:-1","max-image-preview":"max-image-preview:large","max-video-preview":"max-video-preview:-1"},"canonical":"https:\/\/redeicm.org.br\/carmo\/cursos\/","og_locale":"pt_BR","og_type":"article","og_title":"Cursos - Escola N. Sra. do Carmo | Rede ICM de Educa\u00e7\u00e3o","og_description":"A Escola Nossa Senhora do Carmo \u2013 Rede ICM de Educa\u00e7\u00e3o oferece projetos de car\u00e1ter multi e interdisciplinar visando a forma\u00e7\u00e3o integral do educando, sendo estes nas dimens\u00f5es social, pol\u00edtica, cognitiva, afetiva, \u00e9tica e religiosa, que permeiam o projeto pol\u00edtico pedag\u00f3gico. Os conte\u00fados s\u00e3o desenvolvidos atrav\u00e9s de situa\u00e7\u00f5es de aprendizagem que favore\u00e7am as diversas \u00e1reas [&hellip;]","og_url":"https:\/\/redeicm.org.br\/carmo\/cursos\/","og_site_name":"Escola N. Sra. do Carmo | Rede ICM de Educa\u00e7\u00e3o","article_modified_time":"2024-08-20T14:31:11+00:00","og_image":[{"width":1440,"height":400,"url":"https:\/\/redeicm.org.br\/carmo\/wp-content\/uploads\/sites\/5\/2024\/08\/banner-barbara-maix-1.jpg","type":"image\/jpeg"}],"twitter_card":"summary_large_image","twitter_misc":{"Est. tempo de leitura":"7 minutos"},"schema":{"@context":"https:\/\/schema.org","@graph":[{"@type":"WebPage","@id":"https:\/\/redeicm.org.br\/carmo\/cursos\/","url":"https:\/\/redeicm.org.br\/carmo\/cursos\/","name":"Cursos - Escola N. Sra. do Carmo | Rede ICM de Educa\u00e7\u00e3o","isPartOf":{"@id":"https:\/\/redeicm.org.br\/carmo\/#website"},"primaryImageOfPage":{"@id":"https:\/\/redeicm.org.br\/carmo\/cursos\/#primaryimage"},"image":{"@id":"https:\/\/redeicm.org.br\/carmo\/cursos\/#primaryimage"},"thumbnailUrl":"https:\/\/redeicm.org.br\/carmo\/wp-content\/uploads\/sites\/5\/2024\/08\/banner-barbara-maix-1.jpg","datePublished":"2024-08-20T14:24:30+00:00","dateModified":"2024-08-20T14:31:11+00:00","breadcrumb":{"@id":"https:\/\/redeicm.org.br\/carmo\/cursos\/#breadcrumb"},"inLanguage":"pt-BR","potentialAction":[{"@type":"ReadAction","target":["https:\/\/redeicm.org.br\/carmo\/cursos\/"]}]},{"@type":"ImageObject","inLanguage":"pt-BR","@id":"https:\/\/redeicm.org.br\/carmo\/cursos\/#primaryimage","url":"https:\/\/redeicm.org.br\/carmo\/wp-content\/uploads\/sites\/5\/2024\/08\/banner-barbara-maix-1.jpg","contentUrl":"https:\/\/redeicm.org.br\/carmo\/wp-content\/uploads\/sites\/5\/2024\/08\/banner-barbara-maix-1.jpg","width":1440,"height":400},{"@type":"BreadcrumbList","@id":"https:\/\/redeicm.org.br\/carmo\/cursos\/#breadcrumb","itemListElement":[{"@type":"ListItem","position":1,"name":"In\u00edcio","item":"https:\/\/redeicm.org.br\/carmo\/"},{"@type":"ListItem","position":2,"name":"Cursos"}]},{"@type":"WebSite","@id":"https:\/\/redeicm.org.br\/carmo\/#website","url":"https:\/\/redeicm.org.br\/carmo\/","name":"Escola N. Sra. do Carmo | Rede ICM de Educa\u00e7\u00e3o","description":"","publisher":{"@id":"https:\/\/redeicm.org.br\/carmo\/#organization"},"potentialAction":[{"@type":"SearchAction","target":{"@type":"EntryPoint","urlTemplate":"https:\/\/redeicm.org.br\/carmo\/?s={search_term_string}"},"query-input":{"@type":"PropertyValueSpecification","valueRequired":true,"valueName":"search_term_string"}}],"inLanguage":"pt-BR"},{"@type":"Organization","@id":"https:\/\/redeicm.org.br\/carmo\/#organization","name":"Escola N. Sra. do Carmo | Rede ICM de Educa\u00e7\u00e3o","url":"https:\/\/redeicm.org.br\/carmo\/","logo":{"@type":"ImageObject","inLanguage":"pt-BR","@id":"https:\/\/redeicm.org.br\/carmo\/#\/schema\/logo\/image\/","url":"https:\/\/redeicm.org.br\/carmo\/wp-content\/uploads\/sites\/5\/2024\/08\/logo_Carmo.png","contentUrl":"https:\/\/redeicm.org.br\/carmo\/wp-content\/uploads\/sites\/5\/2024\/08\/logo_Carmo.png","width":1024,"height":512,"caption":"Escola N. Sra. do Carmo | Rede ICM de Educa\u00e7\u00e3o"},"image":{"@id":"https:\/\/redeicm.org.br\/carmo\/#\/schema\/logo\/image\/"}}]}},"_links":{"self":[{"href":"https:\/\/redeicm.org.br\/carmo\/wp-json\/wp\/v2\/pages\/501","targetHints":{"allow":["GET"]}}],"collection":[{"href":"https:\/\/redeicm.org.br\/carmo\/wp-json\/wp\/v2\/pages"}],"about":[{"href":"https:\/\/redeicm.org.br\/carmo\/wp-json\/wp\/v2\/types\/page"}],"author":[{"embeddable":true,"href":"https:\/\/redeicm.org.br\/carmo\/wp-json\/wp\/v2\/users\/1"}],"replies":[{"embeddable":true,"href":"https:\/\/redeicm.org.br\/carmo\/wp-json\/wp\/v2\/comments?post=501"}],"version-history":[{"count":0,"href":"https:\/\/redeicm.org.br\/carmo\/wp-json\/wp\/v2\/pages\/501\/revisions"}],"wp:featuredmedia":[{"embeddable":true,"href":"https:\/\/redeicm.org.br\/carmo\/wp-json\/wp\/v2\/media\/105"}],"wp:attachment":[{"href":"https:\/\/redeicm.org.br\/carmo\/wp-json\/wp\/v2\/media?parent=501"}],"curies":[{"name":"wp","href":"https:\/\/api.w.org\/{rel}","templated":true}]}}