{"id":363,"date":"2024-08-20T10:13:49","date_gmt":"2024-08-20T13:13:49","guid":{"rendered":"https:\/\/redeicm.org.br\/carmo\/?page_id=363"},"modified":"2025-06-17T10:51:54","modified_gmt":"2025-06-17T13:51:54","slug":"manual-da-marca","status":"publish","type":"page","link":"https:\/\/redeicm.org.br\/carmo\/manual-da-marca\/","title":{"rendered":"Manual da Marca"},"content":{"rendered":"\t\t<div data-elementor-type=\"wp-page\" data-elementor-id=\"363\" class=\"elementor elementor-363\" data-elementor-post-type=\"page\">\n\t\t\t\t<div class=\"elementor-element elementor-element-b29bfa3 e-flex e-con-boxed e-con e-parent\" data-id=\"b29bfa3\" data-element_type=\"container\" data-e-type=\"container\" data-settings=\"{&quot;background_background&quot;:&quot;classic&quot;}\">\n\t\t\t\t\t<div class=\"e-con-inner\">\n\t\t\t\t<div class=\"elementor-element elementor-element-2297ccdd elementor-widget elementor-widget-heading\" data-id=\"2297ccdd\" data-element_type=\"widget\" data-e-type=\"widget\" data-widget_type=\"heading.default\">\n\t\t\t\t<div class=\"elementor-widget-container\">\n\t\t\t\t\t<h1 class=\"elementor-heading-title elementor-size-default\">Manual da Marca<\/h1>\t\t\t\t<\/div>\n\t\t\t\t<\/div>\n\t\t\t\t\t<\/div>\n\t\t\t\t<\/div>\n\t\t<div class=\"elementor-element elementor-element-1dbca14 e-con-full e-flex e-con e-parent\" data-id=\"1dbca14\" data-element_type=\"container\" data-e-type=\"container\">\n\t\t<div class=\"elementor-element elementor-element-6d3cecf6 e-flex e-con-boxed e-con e-child\" data-id=\"6d3cecf6\" data-element_type=\"container\" data-e-type=\"container\">\n\t\t\t\t\t<div class=\"e-con-inner\">\n\t\t\t\t<div class=\"elementor-element elementor-element-3eab8309 elementor-invisible elementor-widget elementor-widget-text-editor\" data-id=\"3eab8309\" data-element_type=\"widget\" data-e-type=\"widget\" data-settings=\"{&quot;_animation&quot;:&quot;fadeInUp&quot;}\" data-widget_type=\"text-editor.default\">\n\t\t\t\t<div class=\"elementor-widget-container\">\n\t\t\t\t\t\t\t\t\t<p><span style=\"color: #666666;font-size: 14px;text-align: start\">Para aplica\u00e7\u00f5es da\u00a0<\/span><strong style=\"font-weight: bold;color: #666666;font-size: 14px;text-align: start\">ASSINATURA VISUAL DA ESCOLA N. Sra. Do Carmo<\/strong><span style=\"color: #666666;font-size: 14px;text-align: start\">, dever\u00e3o ser observados os conceitos e regras estabelecidas atrav\u00e9s do\u00a0<\/span><strong style=\"font-weight: bold;color: #666666;font-size: 14px;text-align: start\">Manual de Identidade Visual<\/strong><span style=\"color: #666666;font-size: 14px;text-align: start\"> da Escola.<\/span><\/p>\t\t\t\t\t\t\t\t<\/div>\n\t\t\t\t<\/div>\n\t\t\t\t<div class=\"elementor-element elementor-element-e563a41 elementor-widget elementor-widget-heading\" data-id=\"e563a41\" data-element_type=\"widget\" data-e-type=\"widget\" data-widget_type=\"heading.default\">\n\t\t\t\t<div class=\"elementor-widget-container\">\n\t\t\t\t\t<h3 class=\"elementor-heading-title elementor-size-default\"><a href=\"https:\/\/redeicm.org.br\/carmo\/manual-da-marca_compressed\/\" target=\"_blank\">Manual de Identidade Visual da Escola N. Sra. do Carmo <\/a><\/h3>\t\t\t\t<\/div>\n\t\t\t\t<\/div>\n\t\t\t\t\t<\/div>\n\t\t\t\t<\/div>\n\t\t\t\t<\/div>\n\t\t\t\t<\/div>\n\t\t","protected":false},"excerpt":{"rendered":"<p>Para aplica\u00e7\u00f5es da\u00a0ASSINATURA VISUAL DA ESCOLA N. Sra. Do Carmo, dever\u00e3o ser observados os conceitos e regras estabelecidas atrav\u00e9s do\u00a0Manual de Identidade Visual da Escola. Manual de Identidade Visual da Escola N. Sra. do Carmo<\/p>\n","protected":false},"author":1,"featured_media":105,"parent":0,"menu_order":0,"comment_status":"closed","ping_status":"closed","template":"","meta":{"_acf_changed":false,"footnotes":""},"class_list":["post-363","page","type-page","status-publish","has-post-thumbnail","hentry"],"acf":[],"yoast_head":"<!-- This site is optimized with the Yoast SEO plugin v26.3 - https:\/\/yoast.com\/wordpress\/plugins\/seo\/ -->\n<title>Manual da Marca - Escola N. Sra. do Carmo | Rede ICM de Educa\u00e7\u00e3o<\/title>\n<meta name=\"robots\" content=\"index, follow, max-snippet:-1, max-image-preview:large, max-video-preview:-1\" \/>\n<link rel=\"canonical\" href=\"https:\/\/redeicm.org.br\/carmo\/manual-da-marca\/\" \/>\n<meta property=\"og:locale\" content=\"pt_BR\" \/>\n<meta property=\"og:type\" content=\"article\" \/>\n<meta property=\"og:title\" content=\"Manual da Marca - Escola N. Sra. do Carmo | Rede ICM de Educa\u00e7\u00e3o\" \/>\n<meta property=\"og:description\" content=\"Para aplica\u00e7\u00f5es da\u00a0ASSINATURA VISUAL DA ESCOLA N. Sra. Do Carmo, dever\u00e3o ser observados os conceitos e regras estabelecidas atrav\u00e9s do\u00a0Manual de Identidade Visual da Escola. Manual de Identidade Visual da Escola N. Sra. do Carmo\" \/>\n<meta property=\"og:url\" content=\"https:\/\/redeicm.org.br\/carmo\/manual-da-marca\/\" \/>\n<meta property=\"og:site_name\" content=\"Escola N. Sra. do Carmo | Rede ICM de Educa\u00e7\u00e3o\" \/>\n<meta property=\"article:modified_time\" content=\"2025-06-17T13:51:54+00:00\" \/>\n<meta property=\"og:image\" content=\"https:\/\/redeicm.org.br\/carmo\/wp-content\/uploads\/sites\/5\/2024\/08\/banner-barbara-maix-1.jpg\" \/>\n\t<meta property=\"og:image:width\" content=\"1440\" \/>\n\t<meta property=\"og:image:height\" content=\"400\" \/>\n\t<meta property=\"og:image:type\" content=\"image\/jpeg\" \/>\n<meta name=\"twitter:card\" content=\"summary_large_image\" \/>\n<meta name=\"twitter:label1\" content=\"Est. tempo de leitura\" \/>\n\t<meta name=\"twitter:data1\" content=\"1 minuto\" \/>\n<script type=\"application\/ld+json\" class=\"yoast-schema-graph\">{\"@context\":\"https:\/\/schema.org\",\"@graph\":[{\"@type\":\"WebPage\",\"@id\":\"https:\/\/redeicm.org.br\/carmo\/manual-da-marca\/\",\"url\":\"https:\/\/redeicm.org.br\/carmo\/manual-da-marca\/\",\"name\":\"Manual da Marca - Escola N. Sra. do Carmo | Rede ICM de Educa\u00e7\u00e3o\",\"isPartOf\":{\"@id\":\"https:\/\/redeicm.org.br\/carmo\/#website\"},\"primaryImageOfPage\":{\"@id\":\"https:\/\/redeicm.org.br\/carmo\/manual-da-marca\/#primaryimage\"},\"image\":{\"@id\":\"https:\/\/redeicm.org.br\/carmo\/manual-da-marca\/#primaryimage\"},\"thumbnailUrl\":\"https:\/\/redeicm.org.br\/carmo\/wp-content\/uploads\/sites\/5\/2024\/08\/banner-barbara-maix-1.jpg\",\"datePublished\":\"2024-08-20T13:13:49+00:00\",\"dateModified\":\"2025-06-17T13:51:54+00:00\",\"breadcrumb\":{\"@id\":\"https:\/\/redeicm.org.br\/carmo\/manual-da-marca\/#breadcrumb\"},\"inLanguage\":\"pt-BR\",\"potentialAction\":[{\"@type\":\"ReadAction\",\"target\":[\"https:\/\/redeicm.org.br\/carmo\/manual-da-marca\/\"]}]},{\"@type\":\"ImageObject\",\"inLanguage\":\"pt-BR\",\"@id\":\"https:\/\/redeicm.org.br\/carmo\/manual-da-marca\/#primaryimage\",\"url\":\"https:\/\/redeicm.org.br\/carmo\/wp-content\/uploads\/sites\/5\/2024\/08\/banner-barbara-maix-1.jpg\",\"contentUrl\":\"https:\/\/redeicm.org.br\/carmo\/wp-content\/uploads\/sites\/5\/2024\/08\/banner-barbara-maix-1.jpg\",\"width\":1440,\"height\":400},{\"@type\":\"BreadcrumbList\",\"@id\":\"https:\/\/redeicm.org.br\/carmo\/manual-da-marca\/#breadcrumb\",\"itemListElement\":[{\"@type\":\"ListItem\",\"position\":1,\"name\":\"In\u00edcio\",\"item\":\"https:\/\/redeicm.org.br\/carmo\/\"},{\"@type\":\"ListItem\",\"position\":2,\"name\":\"Manual da Marca\"}]},{\"@type\":\"WebSite\",\"@id\":\"https:\/\/redeicm.org.br\/carmo\/#website\",\"url\":\"https:\/\/redeicm.org.br\/carmo\/\",\"name\":\"Escola N. Sra. do Carmo | Rede ICM de Educa\u00e7\u00e3o\",\"description\":\"\",\"publisher\":{\"@id\":\"https:\/\/redeicm.org.br\/carmo\/#organization\"},\"potentialAction\":[{\"@type\":\"SearchAction\",\"target\":{\"@type\":\"EntryPoint\",\"urlTemplate\":\"https:\/\/redeicm.org.br\/carmo\/?s={search_term_string}\"},\"query-input\":{\"@type\":\"PropertyValueSpecification\",\"valueRequired\":true,\"valueName\":\"search_term_string\"}}],\"inLanguage\":\"pt-BR\"},{\"@type\":\"Organization\",\"@id\":\"https:\/\/redeicm.org.br\/carmo\/#organization\",\"name\":\"Escola N. Sra. do Carmo | Rede ICM de Educa\u00e7\u00e3o\",\"url\":\"https:\/\/redeicm.org.br\/carmo\/\",\"logo\":{\"@type\":\"ImageObject\",\"inLanguage\":\"pt-BR\",\"@id\":\"https:\/\/redeicm.org.br\/carmo\/#\/schema\/logo\/image\/\",\"url\":\"https:\/\/redeicm.org.br\/carmo\/wp-content\/uploads\/sites\/5\/2024\/08\/logo_Carmo.png\",\"contentUrl\":\"https:\/\/redeicm.org.br\/carmo\/wp-content\/uploads\/sites\/5\/2024\/08\/logo_Carmo.png\",\"width\":1024,\"height\":512,\"caption\":\"Escola N. Sra. do Carmo | Rede ICM de Educa\u00e7\u00e3o\"},\"image\":{\"@id\":\"https:\/\/redeicm.org.br\/carmo\/#\/schema\/logo\/image\/\"}}]}<\/script>\n<!-- \/ Yoast SEO plugin. -->","yoast_head_json":{"title":"Manual da Marca - Escola N. Sra. do Carmo | Rede ICM de Educa\u00e7\u00e3o","robots":{"index":"index","follow":"follow","max-snippet":"max-snippet:-1","max-image-preview":"max-image-preview:large","max-video-preview":"max-video-preview:-1"},"canonical":"https:\/\/redeicm.org.br\/carmo\/manual-da-marca\/","og_locale":"pt_BR","og_type":"article","og_title":"Manual da Marca - Escola N. Sra. do Carmo | Rede ICM de Educa\u00e7\u00e3o","og_description":"Para aplica\u00e7\u00f5es da\u00a0ASSINATURA VISUAL DA ESCOLA N. Sra. Do Carmo, dever\u00e3o ser observados os conceitos e regras estabelecidas atrav\u00e9s do\u00a0Manual de Identidade Visual da Escola. Manual de Identidade Visual da Escola N. Sra. do Carmo","og_url":"https:\/\/redeicm.org.br\/carmo\/manual-da-marca\/","og_site_name":"Escola N. Sra. do Carmo | Rede ICM de Educa\u00e7\u00e3o","article_modified_time":"2025-06-17T13:51:54+00:00","og_image":[{"width":1440,"height":400,"url":"https:\/\/redeicm.org.br\/carmo\/wp-content\/uploads\/sites\/5\/2024\/08\/banner-barbara-maix-1.jpg","type":"image\/jpeg"}],"twitter_card":"summary_large_image","twitter_misc":{"Est. tempo de leitura":"1 minuto"},"schema":{"@context":"https:\/\/schema.org","@graph":[{"@type":"WebPage","@id":"https:\/\/redeicm.org.br\/carmo\/manual-da-marca\/","url":"https:\/\/redeicm.org.br\/carmo\/manual-da-marca\/","name":"Manual da Marca - Escola N. Sra. do Carmo | Rede ICM de Educa\u00e7\u00e3o","isPartOf":{"@id":"https:\/\/redeicm.org.br\/carmo\/#website"},"primaryImageOfPage":{"@id":"https:\/\/redeicm.org.br\/carmo\/manual-da-marca\/#primaryimage"},"image":{"@id":"https:\/\/redeicm.org.br\/carmo\/manual-da-marca\/#primaryimage"},"thumbnailUrl":"https:\/\/redeicm.org.br\/carmo\/wp-content\/uploads\/sites\/5\/2024\/08\/banner-barbara-maix-1.jpg","datePublished":"2024-08-20T13:13:49+00:00","dateModified":"2025-06-17T13:51:54+00:00","breadcrumb":{"@id":"https:\/\/redeicm.org.br\/carmo\/manual-da-marca\/#breadcrumb"},"inLanguage":"pt-BR","potentialAction":[{"@type":"ReadAction","target":["https:\/\/redeicm.org.br\/carmo\/manual-da-marca\/"]}]},{"@type":"ImageObject","inLanguage":"pt-BR","@id":"https:\/\/redeicm.org.br\/carmo\/manual-da-marca\/#primaryimage","url":"https:\/\/redeicm.org.br\/carmo\/wp-content\/uploads\/sites\/5\/2024\/08\/banner-barbara-maix-1.jpg","contentUrl":"https:\/\/redeicm.org.br\/carmo\/wp-content\/uploads\/sites\/5\/2024\/08\/banner-barbara-maix-1.jpg","width":1440,"height":400},{"@type":"BreadcrumbList","@id":"https:\/\/redeicm.org.br\/carmo\/manual-da-marca\/#breadcrumb","itemListElement":[{"@type":"ListItem","position":1,"name":"In\u00edcio","item":"https:\/\/redeicm.org.br\/carmo\/"},{"@type":"ListItem","position":2,"name":"Manual da Marca"}]},{"@type":"WebSite","@id":"https:\/\/redeicm.org.br\/carmo\/#website","url":"https:\/\/redeicm.org.br\/carmo\/","name":"Escola N. Sra. do Carmo | Rede ICM de Educa\u00e7\u00e3o","description":"","publisher":{"@id":"https:\/\/redeicm.org.br\/carmo\/#organization"},"potentialAction":[{"@type":"SearchAction","target":{"@type":"EntryPoint","urlTemplate":"https:\/\/redeicm.org.br\/carmo\/?s={search_term_string}"},"query-input":{"@type":"PropertyValueSpecification","valueRequired":true,"valueName":"search_term_string"}}],"inLanguage":"pt-BR"},{"@type":"Organization","@id":"https:\/\/redeicm.org.br\/carmo\/#organization","name":"Escola N. Sra. do Carmo | Rede ICM de Educa\u00e7\u00e3o","url":"https:\/\/redeicm.org.br\/carmo\/","logo":{"@type":"ImageObject","inLanguage":"pt-BR","@id":"https:\/\/redeicm.org.br\/carmo\/#\/schema\/logo\/image\/","url":"https:\/\/redeicm.org.br\/carmo\/wp-content\/uploads\/sites\/5\/2024\/08\/logo_Carmo.png","contentUrl":"https:\/\/redeicm.org.br\/carmo\/wp-content\/uploads\/sites\/5\/2024\/08\/logo_Carmo.png","width":1024,"height":512,"caption":"Escola N. Sra. do Carmo | Rede ICM de Educa\u00e7\u00e3o"},"image":{"@id":"https:\/\/redeicm.org.br\/carmo\/#\/schema\/logo\/image\/"}}]}},"_links":{"self":[{"href":"https:\/\/redeicm.org.br\/carmo\/wp-json\/wp\/v2\/pages\/363","targetHints":{"allow":["GET"]}}],"collection":[{"href":"https:\/\/redeicm.org.br\/carmo\/wp-json\/wp\/v2\/pages"}],"about":[{"href":"https:\/\/redeicm.org.br\/carmo\/wp-json\/wp\/v2\/types\/page"}],"author":[{"embeddable":true,"href":"https:\/\/redeicm.org.br\/carmo\/wp-json\/wp\/v2\/users\/1"}],"replies":[{"embeddable":true,"href":"https:\/\/redeicm.org.br\/carmo\/wp-json\/wp\/v2\/comments?post=363"}],"version-history":[{"count":6,"href":"https:\/\/redeicm.org.br\/carmo\/wp-json\/wp\/v2\/pages\/363\/revisions"}],"predecessor-version":[{"id":2408,"href":"https:\/\/redeicm.org.br\/carmo\/wp-json\/wp\/v2\/pages\/363\/revisions\/2408"}],"wp:featuredmedia":[{"embeddable":true,"href":"https:\/\/redeicm.org.br\/carmo\/wp-json\/wp\/v2\/media\/105"}],"wp:attachment":[{"href":"https:\/\/redeicm.org.br\/carmo\/wp-json\/wp\/v2\/media?parent=363"}],"curies":[{"name":"wp","href":"https:\/\/api.w.org\/{rel}","templated":true}]}}