{"id":127,"date":"2024-08-14T15:28:08","date_gmt":"2024-08-14T18:28:08","guid":{"rendered":"https:\/\/redeicm.org.br\/carmo\/proposta-pedagogica-e-propositos-gerais-do-ece-pio-xii\/"},"modified":"2025-10-10T14:46:23","modified_gmt":"2025-10-10T17:46:23","slug":"diferenciais","status":"publish","type":"page","link":"https:\/\/redeicm.org.br\/carmo\/diferenciais\/","title":{"rendered":"Diferenciais"},"content":{"rendered":"\t\t<div data-elementor-type=\"wp-page\" data-elementor-id=\"127\" class=\"elementor elementor-127\" data-elementor-post-type=\"page\">\n\t\t\t\t<div class=\"elementor-element elementor-element-292e5d8c e-flex e-con-boxed e-con e-parent\" data-id=\"292e5d8c\" data-element_type=\"container\" data-e-type=\"container\" data-settings=\"{&quot;background_background&quot;:&quot;classic&quot;}\">\n\t\t\t\t\t<div class=\"e-con-inner\">\n\t\t\t\t<div class=\"elementor-element elementor-element-4794ac0f elementor-absolute elementor-widget elementor-widget-heading\" data-id=\"4794ac0f\" data-element_type=\"widget\" data-e-type=\"widget\" data-settings=\"{&quot;_position&quot;:&quot;absolute&quot;}\" data-widget_type=\"heading.default\">\n\t\t\t\t<div class=\"elementor-widget-container\">\n\t\t\t\t\t<h1 class=\"elementor-heading-title elementor-size-default\">Diferenciais<\/h1>\t\t\t\t<\/div>\n\t\t\t\t<\/div>\n\t\t\t\t\t<\/div>\n\t\t\t\t<\/div>\n\t\t<div class=\"elementor-element elementor-element-1cb2ef24 e-con-full e-flex e-con e-parent\" data-id=\"1cb2ef24\" data-element_type=\"container\" data-e-type=\"container\" data-settings=\"{&quot;background_background&quot;:&quot;classic&quot;}\">\n\t\t<div class=\"elementor-element elementor-element-7dd498c7 e-flex e-con-boxed e-con e-child\" data-id=\"7dd498c7\" data-element_type=\"container\" data-e-type=\"container\">\n\t\t\t\t\t<div class=\"e-con-inner\">\n\t\t<div class=\"elementor-element elementor-element-7299a1b1 e-grid e-con-full e-con e-child\" data-id=\"7299a1b1\" data-element_type=\"container\" data-e-type=\"container\">\n\t\t<div class=\"elementor-element elementor-element-6369597e e-con-full e-flex elementor-invisible e-con e-child\" data-id=\"6369597e\" data-element_type=\"container\" data-e-type=\"container\" data-settings=\"{&quot;animation&quot;:&quot;fadeInUp&quot;,&quot;animation_delay&quot;:&quot;150&quot;}\">\n\t\t\t\t<div class=\"elementor-element elementor-element-691d8d23 elementor-invisible elementor-widget elementor-widget-heading\" data-id=\"691d8d23\" data-element_type=\"widget\" data-e-type=\"widget\" data-settings=\"{&quot;_animation&quot;:&quot;fadeInUp&quot;}\" data-widget_type=\"heading.default\">\n\t\t\t\t<div class=\"elementor-widget-container\">\n\t\t\t\t\t<div class=\"elementor-heading-title elementor-size-default\">Projeto Educativo<\/div>\t\t\t\t<\/div>\n\t\t\t\t<\/div>\n\t\t\t\t<div class=\"elementor-element elementor-element-76748df5 elementor-widget__width-initial elementor-invisible elementor-widget elementor-widget-heading\" data-id=\"76748df5\" data-element_type=\"widget\" data-e-type=\"widget\" data-settings=\"{&quot;_animation&quot;:&quot;fadeInUp&quot;}\" data-widget_type=\"heading.default\">\n\t\t\t\t<div class=\"elementor-widget-container\">\n\t\t\t\t\t<h2 class=\"elementor-heading-title elementor-size-default\">Diferenciais<\/h2>\t\t\t\t<\/div>\n\t\t\t\t<\/div>\n\t\t\t\t<div class=\"elementor-element elementor-element-62b11515 elementor-widget elementor-widget-text-editor\" data-id=\"62b11515\" data-element_type=\"widget\" data-e-type=\"widget\" data-widget_type=\"text-editor.default\">\n\t\t\t\t<div class=\"elementor-widget-container\">\n\t\t\t\t\t\t\t\t\t<span style=\"color: #666666;text-align: justify\">As atividades esportivas s\u00e3o essenciais para uma melhor qualidade de vida do ser humano, ajudando-o em suas habilidades f\u00edsicas, coletivas e outras. Pensando nisso, a Escola Nossa Senhora do Carmo disponibiliza aos seus alunos diversas atividades extraclasse com a supervis\u00e3o e orienta\u00e7\u00e3o de professores da \u00e1rea.<\/span>\t\t\t\t\t\t\t\t<\/div>\n\t\t\t\t<\/div>\n\t\t\t\t<div class=\"elementor-element elementor-element-46c6512 e-n-tabs-mobile elementor-widget elementor-widget-n-tabs\" data-id=\"46c6512\" data-element_type=\"widget\" data-e-type=\"widget\" data-settings=\"{&quot;horizontal_scroll&quot;:&quot;disable&quot;}\" data-widget_type=\"nested-tabs.default\">\n\t\t\t\t<div class=\"elementor-widget-container\">\n\t\t\t\t\t\t\t<div class=\"e-n-tabs\" data-widget-number=\"74212626\" aria-label=\"Abas. Abra itens com &quot;Enter&quot; ou &quot;Espa\u00e7o&quot;, feche com &quot;Escape&quot; e navegue usando as teclas de &quot;Seta&quot;.\">\n\t\t\t<div class=\"e-n-tabs-heading\" role=\"tablist\">\n\t\t\t\t\t<button id=\"e-n-tab-title-742126261\" data-tab-title-id=\"e-n-tab-title-742126261\" class=\"e-n-tab-title\" aria-selected=\"true\" data-tab-index=\"1\" role=\"tab\" tabindex=\"0\" aria-controls=\"e-n-tab-content-742126261\" style=\"--n-tabs-title-order: 1;\">\n\t\t\t\t\t\t<span class=\"e-n-tab-title-text\">\n\t\t\t\tFutsal\t\t\t<\/span>\n\t\t<\/button>\n\t\t\t\t<button id=\"e-n-tab-title-742126262\" data-tab-title-id=\"e-n-tab-title-742126262\" class=\"e-n-tab-title\" aria-selected=\"false\" data-tab-index=\"2\" role=\"tab\" tabindex=\"-1\" aria-controls=\"e-n-tab-content-742126262\" style=\"--n-tabs-title-order: 2;\">\n\t\t\t\t\t\t<span class=\"e-n-tab-title-text\">\n\t\t\t\tJud\u00f4\t\t\t<\/span>\n\t\t<\/button>\n\t\t\t\t<button id=\"e-n-tab-title-742126263\" data-tab-title-id=\"e-n-tab-title-742126263\" class=\"e-n-tab-title\" aria-selected=\"false\" data-tab-index=\"3\" role=\"tab\" tabindex=\"-1\" aria-controls=\"e-n-tab-content-742126263\" style=\"--n-tabs-title-order: 3;\">\n\t\t\t\t\t\t<span class=\"e-n-tab-title-text\">\n\t\t\t\tJazz\t\t\t<\/span>\n\t\t<\/button>\n\t\t\t\t\t<\/div>\n\t\t\t<div class=\"e-n-tabs-content\">\n\t\t\t\t<div id=\"e-n-tab-content-742126261\" role=\"tabpanel\" aria-labelledby=\"e-n-tab-title-742126261\" data-tab-index=\"1\" style=\"--n-tabs-title-order: 1;\" class=\"e-active elementor-element elementor-element-b04af63 e-con-full e-flex e-con e-child\" data-id=\"b04af63\" data-element_type=\"container\" data-e-type=\"container\">\n\t\t<div class=\"elementor-element elementor-element-8f111ae e-flex e-con-boxed e-con e-child\" data-id=\"8f111ae\" data-element_type=\"container\" data-e-type=\"container\">\n\t\t\t\t\t<div class=\"e-con-inner\">\n\t\t\t\t<div class=\"elementor-element elementor-element-64f0600 elementor-widget elementor-widget-text-editor\" data-id=\"64f0600\" data-element_type=\"widget\" data-e-type=\"widget\" data-widget_type=\"text-editor.default\">\n\t\t\t\t<div class=\"elementor-widget-container\">\n\t\t\t\t\t\t\t\t\t<p>Atividade oferecida \u00e0s Segunda e Quinta Feira, para estudantes a partir dos 7 anos de idade, no hor\u00e1rio das 17h30min \u00e0s 19hs<\/p>\t\t\t\t\t\t\t\t<\/div>\n\t\t\t\t<\/div>\n\t\t\t\t\t<\/div>\n\t\t\t\t<\/div>\n\t\t\t\t<\/div>\n\t\t<div id=\"e-n-tab-content-742126262\" role=\"tabpanel\" aria-labelledby=\"e-n-tab-title-742126262\" data-tab-index=\"2\" style=\"--n-tabs-title-order: 2;\" class=\" elementor-element elementor-element-42c3c36 e-con-full e-flex e-con e-child\" data-id=\"42c3c36\" data-element_type=\"container\" data-e-type=\"container\">\n\t\t<div class=\"elementor-element elementor-element-ec85105 e-flex e-con-boxed e-con e-child\" data-id=\"ec85105\" data-element_type=\"container\" data-e-type=\"container\">\n\t\t\t\t\t<div class=\"e-con-inner\">\n\t\t\t\t<div class=\"elementor-element elementor-element-fbda74f elementor-widget elementor-widget-text-editor\" data-id=\"fbda74f\" data-element_type=\"widget\" data-e-type=\"widget\" data-widget_type=\"text-editor.default\">\n\t\t\t\t<div class=\"elementor-widget-container\">\n\t\t\t\t\t\t\t\t\t<p>Atividade oferecida \u00e0s ter\u00e7as e quintas-feiras, para estudantes a partir de 6 anos de idade, em tr\u00eas hor\u00e1rios: 12 \u00e0s 12h50min; 18h \u00e0s 18h50min.<\/p>\t\t\t\t\t\t\t\t<\/div>\n\t\t\t\t<\/div>\n\t\t\t\t\t<\/div>\n\t\t\t\t<\/div>\n\t\t\t\t<\/div>\n\t\t<div id=\"e-n-tab-content-742126263\" role=\"tabpanel\" aria-labelledby=\"e-n-tab-title-742126263\" data-tab-index=\"3\" style=\"--n-tabs-title-order: 3;\" class=\" elementor-element elementor-element-8cf214f e-con-full e-flex e-con e-child\" data-id=\"8cf214f\" data-element_type=\"container\" data-e-type=\"container\">\n\t\t<div class=\"elementor-element elementor-element-686c236 e-flex e-con-boxed e-con e-child\" data-id=\"686c236\" data-element_type=\"container\" data-e-type=\"container\">\n\t\t\t\t\t<div class=\"e-con-inner\">\n\t\t\t\t<div class=\"elementor-element elementor-element-25abccd elementor-widget elementor-widget-text-editor\" data-id=\"25abccd\" data-element_type=\"widget\" data-e-type=\"widget\" data-widget_type=\"text-editor.default\">\n\t\t\t\t<div class=\"elementor-widget-container\">\n\t\t\t\t\t\t\t\t\t<p>Atividade oferecida \u00e0s Quartas e Sextas-feiras, para estudantes a partir de 3 anos de idade, em dois hor\u00e1rios: 12h10min \u00e0s 13hs; 18h10min \u00e0s 19hs.<\/p>\t\t\t\t\t\t\t\t<\/div>\n\t\t\t\t<\/div>\n\t\t\t\t\t<\/div>\n\t\t\t\t<\/div>\n\t\t\t\t<\/div>\n\t\t\t\t\t<\/div>\n\t\t<\/div>\n\t\t\t\t\t\t<\/div>\n\t\t\t\t<\/div>\n\t\t\t\t<\/div>\n\t\t<div class=\"elementor-element elementor-element-18bea230 e-con-full e-flex elementor-invisible e-con e-child\" data-id=\"18bea230\" data-element_type=\"container\" data-e-type=\"container\" data-settings=\"{&quot;animation&quot;:&quot;fadeInUp&quot;,&quot;animation_delay&quot;:&quot;200&quot;}\">\n\t\t\t\t<div class=\"elementor-element elementor-element-2776eaff elementor-widget elementor-widget-image\" data-id=\"2776eaff\" data-element_type=\"widget\" data-e-type=\"widget\" data-widget_type=\"image.default\">\n\t\t\t\t<div class=\"elementor-widget-container\">\n\t\t\t\t\t\t\t\t\t\t\t\t\t\t\t<img fetchpriority=\"high\" decoding=\"async\" width=\"505\" height=\"580\" src=\"https:\/\/redeicm.org.br\/carmo\/wp-content\/uploads\/sites\/5\/2024\/08\/proposta-pedagogica.jpg\" class=\"attachment-large size-large wp-image-128\" alt=\"\" srcset=\"https:\/\/redeicm.org.br\/carmo\/wp-content\/uploads\/sites\/5\/2024\/08\/proposta-pedagogica.jpg 505w, https:\/\/redeicm.org.br\/carmo\/wp-content\/uploads\/sites\/5\/2024\/08\/proposta-pedagogica-261x300.jpg 261w\" sizes=\"(max-width: 505px) 100vw, 505px\" \/>\t\t\t\t\t\t\t\t\t\t\t\t\t\t\t<\/div>\n\t\t\t\t<\/div>\n\t\t\t\t<\/div>\n\t\t\t\t<\/div>\n\t\t\t\t\t<\/div>\n\t\t\t\t<\/div>\n\t\t\t\t<\/div>\n\t\t\t\t<\/div>\n\t\t","protected":false},"excerpt":{"rendered":"<p>Projeto Educativo As atividades esportivas s\u00e3o essenciais para uma melhor qualidade de vida do ser humano, ajudando-o em suas habilidades f\u00edsicas, coletivas e outras. Pensando nisso, a Escola Nossa Senhora do Carmo disponibiliza aos seus alunos diversas atividades extraclasse com a supervis\u00e3o e orienta\u00e7\u00e3o de professores da \u00e1rea. Futsal Jud\u00f4 Jazz Atividade oferecida \u00e0s Segunda [&hellip;]<\/p>\n","protected":false},"author":1,"featured_media":149,"parent":0,"menu_order":0,"comment_status":"closed","ping_status":"closed","template":"","meta":{"_acf_changed":false,"footnotes":""},"class_list":["post-127","page","type-page","status-publish","has-post-thumbnail","hentry"],"acf":[],"yoast_head":"<!-- This site is optimized with the Yoast SEO plugin v26.3 - https:\/\/yoast.com\/wordpress\/plugins\/seo\/ -->\n<title>Diferenciais - Escola N. Sra. do Carmo | Rede ICM de Educa\u00e7\u00e3o<\/title>\n<meta name=\"robots\" content=\"index, follow, max-snippet:-1, max-image-preview:large, max-video-preview:-1\" \/>\n<link rel=\"canonical\" href=\"https:\/\/redeicm.org.br\/carmo\/diferenciais\/\" \/>\n<meta property=\"og:locale\" content=\"pt_BR\" \/>\n<meta property=\"og:type\" content=\"article\" \/>\n<meta property=\"og:title\" content=\"Diferenciais - Escola N. Sra. do Carmo | Rede ICM de Educa\u00e7\u00e3o\" \/>\n<meta property=\"og:description\" content=\"Projeto Educativo As atividades esportivas s\u00e3o essenciais para uma melhor qualidade de vida do ser humano, ajudando-o em suas habilidades f\u00edsicas, coletivas e outras. Pensando nisso, a Escola Nossa Senhora do Carmo disponibiliza aos seus alunos diversas atividades extraclasse com a supervis\u00e3o e orienta\u00e7\u00e3o de professores da \u00e1rea. Futsal Jud\u00f4 Jazz Atividade oferecida \u00e0s Segunda [&hellip;]\" \/>\n<meta property=\"og:url\" content=\"https:\/\/redeicm.org.br\/carmo\/diferenciais\/\" \/>\n<meta property=\"og:site_name\" content=\"Escola N. Sra. do Carmo | Rede ICM de Educa\u00e7\u00e3o\" \/>\n<meta property=\"article:modified_time\" content=\"2025-10-10T17:46:23+00:00\" \/>\n<meta property=\"og:image\" content=\"https:\/\/redeicm.org.br\/carmo\/wp-content\/uploads\/sites\/5\/2024\/08\/banner-projetos-educativos-4.jpg\" \/>\n\t<meta property=\"og:image:width\" content=\"1440\" \/>\n\t<meta property=\"og:image:height\" content=\"400\" \/>\n\t<meta property=\"og:image:type\" content=\"image\/jpeg\" \/>\n<meta name=\"twitter:card\" content=\"summary_large_image\" \/>\n<meta name=\"twitter:label1\" content=\"Est. tempo de leitura\" \/>\n\t<meta name=\"twitter:data1\" content=\"2 minutos\" \/>\n<script type=\"application\/ld+json\" class=\"yoast-schema-graph\">{\"@context\":\"https:\/\/schema.org\",\"@graph\":[{\"@type\":\"WebPage\",\"@id\":\"https:\/\/redeicm.org.br\/carmo\/diferenciais\/\",\"url\":\"https:\/\/redeicm.org.br\/carmo\/diferenciais\/\",\"name\":\"Diferenciais - Escola N. Sra. do Carmo | Rede ICM de Educa\u00e7\u00e3o\",\"isPartOf\":{\"@id\":\"https:\/\/redeicm.org.br\/carmo\/#website\"},\"primaryImageOfPage\":{\"@id\":\"https:\/\/redeicm.org.br\/carmo\/diferenciais\/#primaryimage\"},\"image\":{\"@id\":\"https:\/\/redeicm.org.br\/carmo\/diferenciais\/#primaryimage\"},\"thumbnailUrl\":\"https:\/\/redeicm.org.br\/carmo\/wp-content\/uploads\/sites\/5\/2024\/08\/banner-projetos-educativos-4.jpg\",\"datePublished\":\"2024-08-14T18:28:08+00:00\",\"dateModified\":\"2025-10-10T17:46:23+00:00\",\"breadcrumb\":{\"@id\":\"https:\/\/redeicm.org.br\/carmo\/diferenciais\/#breadcrumb\"},\"inLanguage\":\"pt-BR\",\"potentialAction\":[{\"@type\":\"ReadAction\",\"target\":[\"https:\/\/redeicm.org.br\/carmo\/diferenciais\/\"]}]},{\"@type\":\"ImageObject\",\"inLanguage\":\"pt-BR\",\"@id\":\"https:\/\/redeicm.org.br\/carmo\/diferenciais\/#primaryimage\",\"url\":\"https:\/\/redeicm.org.br\/carmo\/wp-content\/uploads\/sites\/5\/2024\/08\/banner-projetos-educativos-4.jpg\",\"contentUrl\":\"https:\/\/redeicm.org.br\/carmo\/wp-content\/uploads\/sites\/5\/2024\/08\/banner-projetos-educativos-4.jpg\",\"width\":1440,\"height\":400},{\"@type\":\"BreadcrumbList\",\"@id\":\"https:\/\/redeicm.org.br\/carmo\/diferenciais\/#breadcrumb\",\"itemListElement\":[{\"@type\":\"ListItem\",\"position\":1,\"name\":\"In\u00edcio\",\"item\":\"https:\/\/redeicm.org.br\/carmo\/\"},{\"@type\":\"ListItem\",\"position\":2,\"name\":\"Diferenciais\"}]},{\"@type\":\"WebSite\",\"@id\":\"https:\/\/redeicm.org.br\/carmo\/#website\",\"url\":\"https:\/\/redeicm.org.br\/carmo\/\",\"name\":\"Escola N. Sra. do Carmo | Rede ICM de Educa\u00e7\u00e3o\",\"description\":\"\",\"publisher\":{\"@id\":\"https:\/\/redeicm.org.br\/carmo\/#organization\"},\"potentialAction\":[{\"@type\":\"SearchAction\",\"target\":{\"@type\":\"EntryPoint\",\"urlTemplate\":\"https:\/\/redeicm.org.br\/carmo\/?s={search_term_string}\"},\"query-input\":{\"@type\":\"PropertyValueSpecification\",\"valueRequired\":true,\"valueName\":\"search_term_string\"}}],\"inLanguage\":\"pt-BR\"},{\"@type\":\"Organization\",\"@id\":\"https:\/\/redeicm.org.br\/carmo\/#organization\",\"name\":\"Escola N. Sra. do Carmo | Rede ICM de Educa\u00e7\u00e3o\",\"url\":\"https:\/\/redeicm.org.br\/carmo\/\",\"logo\":{\"@type\":\"ImageObject\",\"inLanguage\":\"pt-BR\",\"@id\":\"https:\/\/redeicm.org.br\/carmo\/#\/schema\/logo\/image\/\",\"url\":\"https:\/\/redeicm.org.br\/carmo\/wp-content\/uploads\/sites\/5\/2024\/08\/logo_Carmo.png\",\"contentUrl\":\"https:\/\/redeicm.org.br\/carmo\/wp-content\/uploads\/sites\/5\/2024\/08\/logo_Carmo.png\",\"width\":1024,\"height\":512,\"caption\":\"Escola N. Sra. do Carmo | Rede ICM de Educa\u00e7\u00e3o\"},\"image\":{\"@id\":\"https:\/\/redeicm.org.br\/carmo\/#\/schema\/logo\/image\/\"}}]}<\/script>\n<!-- \/ Yoast SEO plugin. -->","yoast_head_json":{"title":"Diferenciais - Escola N. Sra. do Carmo | Rede ICM de Educa\u00e7\u00e3o","robots":{"index":"index","follow":"follow","max-snippet":"max-snippet:-1","max-image-preview":"max-image-preview:large","max-video-preview":"max-video-preview:-1"},"canonical":"https:\/\/redeicm.org.br\/carmo\/diferenciais\/","og_locale":"pt_BR","og_type":"article","og_title":"Diferenciais - Escola N. Sra. do Carmo | Rede ICM de Educa\u00e7\u00e3o","og_description":"Projeto Educativo As atividades esportivas s\u00e3o essenciais para uma melhor qualidade de vida do ser humano, ajudando-o em suas habilidades f\u00edsicas, coletivas e outras. Pensando nisso, a Escola Nossa Senhora do Carmo disponibiliza aos seus alunos diversas atividades extraclasse com a supervis\u00e3o e orienta\u00e7\u00e3o de professores da \u00e1rea. Futsal Jud\u00f4 Jazz Atividade oferecida \u00e0s Segunda [&hellip;]","og_url":"https:\/\/redeicm.org.br\/carmo\/diferenciais\/","og_site_name":"Escola N. Sra. do Carmo | Rede ICM de Educa\u00e7\u00e3o","article_modified_time":"2025-10-10T17:46:23+00:00","og_image":[{"width":1440,"height":400,"url":"https:\/\/redeicm.org.br\/carmo\/wp-content\/uploads\/sites\/5\/2024\/08\/banner-projetos-educativos-4.jpg","type":"image\/jpeg"}],"twitter_card":"summary_large_image","twitter_misc":{"Est. tempo de leitura":"2 minutos"},"schema":{"@context":"https:\/\/schema.org","@graph":[{"@type":"WebPage","@id":"https:\/\/redeicm.org.br\/carmo\/diferenciais\/","url":"https:\/\/redeicm.org.br\/carmo\/diferenciais\/","name":"Diferenciais - Escola N. Sra. do Carmo | Rede ICM de Educa\u00e7\u00e3o","isPartOf":{"@id":"https:\/\/redeicm.org.br\/carmo\/#website"},"primaryImageOfPage":{"@id":"https:\/\/redeicm.org.br\/carmo\/diferenciais\/#primaryimage"},"image":{"@id":"https:\/\/redeicm.org.br\/carmo\/diferenciais\/#primaryimage"},"thumbnailUrl":"https:\/\/redeicm.org.br\/carmo\/wp-content\/uploads\/sites\/5\/2024\/08\/banner-projetos-educativos-4.jpg","datePublished":"2024-08-14T18:28:08+00:00","dateModified":"2025-10-10T17:46:23+00:00","breadcrumb":{"@id":"https:\/\/redeicm.org.br\/carmo\/diferenciais\/#breadcrumb"},"inLanguage":"pt-BR","potentialAction":[{"@type":"ReadAction","target":["https:\/\/redeicm.org.br\/carmo\/diferenciais\/"]}]},{"@type":"ImageObject","inLanguage":"pt-BR","@id":"https:\/\/redeicm.org.br\/carmo\/diferenciais\/#primaryimage","url":"https:\/\/redeicm.org.br\/carmo\/wp-content\/uploads\/sites\/5\/2024\/08\/banner-projetos-educativos-4.jpg","contentUrl":"https:\/\/redeicm.org.br\/carmo\/wp-content\/uploads\/sites\/5\/2024\/08\/banner-projetos-educativos-4.jpg","width":1440,"height":400},{"@type":"BreadcrumbList","@id":"https:\/\/redeicm.org.br\/carmo\/diferenciais\/#breadcrumb","itemListElement":[{"@type":"ListItem","position":1,"name":"In\u00edcio","item":"https:\/\/redeicm.org.br\/carmo\/"},{"@type":"ListItem","position":2,"name":"Diferenciais"}]},{"@type":"WebSite","@id":"https:\/\/redeicm.org.br\/carmo\/#website","url":"https:\/\/redeicm.org.br\/carmo\/","name":"Escola N. Sra. do Carmo | Rede ICM de Educa\u00e7\u00e3o","description":"","publisher":{"@id":"https:\/\/redeicm.org.br\/carmo\/#organization"},"potentialAction":[{"@type":"SearchAction","target":{"@type":"EntryPoint","urlTemplate":"https:\/\/redeicm.org.br\/carmo\/?s={search_term_string}"},"query-input":{"@type":"PropertyValueSpecification","valueRequired":true,"valueName":"search_term_string"}}],"inLanguage":"pt-BR"},{"@type":"Organization","@id":"https:\/\/redeicm.org.br\/carmo\/#organization","name":"Escola N. Sra. do Carmo | Rede ICM de Educa\u00e7\u00e3o","url":"https:\/\/redeicm.org.br\/carmo\/","logo":{"@type":"ImageObject","inLanguage":"pt-BR","@id":"https:\/\/redeicm.org.br\/carmo\/#\/schema\/logo\/image\/","url":"https:\/\/redeicm.org.br\/carmo\/wp-content\/uploads\/sites\/5\/2024\/08\/logo_Carmo.png","contentUrl":"https:\/\/redeicm.org.br\/carmo\/wp-content\/uploads\/sites\/5\/2024\/08\/logo_Carmo.png","width":1024,"height":512,"caption":"Escola N. Sra. do Carmo | Rede ICM de Educa\u00e7\u00e3o"},"image":{"@id":"https:\/\/redeicm.org.br\/carmo\/#\/schema\/logo\/image\/"}}]}},"_links":{"self":[{"href":"https:\/\/redeicm.org.br\/carmo\/wp-json\/wp\/v2\/pages\/127","targetHints":{"allow":["GET"]}}],"collection":[{"href":"https:\/\/redeicm.org.br\/carmo\/wp-json\/wp\/v2\/pages"}],"about":[{"href":"https:\/\/redeicm.org.br\/carmo\/wp-json\/wp\/v2\/types\/page"}],"author":[{"embeddable":true,"href":"https:\/\/redeicm.org.br\/carmo\/wp-json\/wp\/v2\/users\/1"}],"replies":[{"embeddable":true,"href":"https:\/\/redeicm.org.br\/carmo\/wp-json\/wp\/v2\/comments?post=127"}],"version-history":[{"count":18,"href":"https:\/\/redeicm.org.br\/carmo\/wp-json\/wp\/v2\/pages\/127\/revisions"}],"predecessor-version":[{"id":2706,"href":"https:\/\/redeicm.org.br\/carmo\/wp-json\/wp\/v2\/pages\/127\/revisions\/2706"}],"wp:featuredmedia":[{"embeddable":true,"href":"https:\/\/redeicm.org.br\/carmo\/wp-json\/wp\/v2\/media\/149"}],"wp:attachment":[{"href":"https:\/\/redeicm.org.br\/carmo\/wp-json\/wp\/v2\/media?parent=127"}],"curies":[{"name":"wp","href":"https:\/\/api.w.org\/{rel}","templated":true}]}}