{"id":110,"date":"2024-08-14T15:28:05","date_gmt":"2024-08-14T18:28:05","guid":{"rendered":"https:\/\/redeicm.org.br\/carmo\/ensino-fundamental-anos-finais\/"},"modified":"2024-08-20T10:31:15","modified_gmt":"2024-08-20T13:31:15","slug":"ensino-fundamental-anos-finais","status":"publish","type":"page","link":"https:\/\/redeicm.org.br\/carmo\/ensino-fundamental-anos-finais\/","title":{"rendered":"Ensino Fundamental \u2013 Anos finais"},"content":{"rendered":"\t\t<div data-elementor-type=\"wp-page\" data-elementor-id=\"110\" class=\"elementor elementor-110\" data-elementor-post-type=\"page\">\n\t\t\t\t<div class=\"elementor-element elementor-element-7d9f9446 e-flex e-con-boxed e-con e-parent\" data-id=\"7d9f9446\" data-element_type=\"container\" data-e-type=\"container\" data-settings=\"{&quot;background_background&quot;:&quot;classic&quot;}\">\n\t\t\t\t\t<div class=\"e-con-inner\">\n\t\t\t\t\t<\/div>\n\t\t\t\t<\/div>\n\t\t<div class=\"elementor-element elementor-element-1937eeec e-flex e-con-boxed e-con e-parent\" data-id=\"1937eeec\" data-element_type=\"container\" data-e-type=\"container\">\n\t\t\t\t\t<div class=\"e-con-inner\">\n\t\t\t\t<div class=\"elementor-element elementor-element-2fb7211d elementor-widget elementor-widget-heading\" data-id=\"2fb7211d\" data-element_type=\"widget\" data-e-type=\"widget\" data-widget_type=\"heading.default\">\n\t\t\t\t<div class=\"elementor-widget-container\">\n\t\t\t\t\t<h1 class=\"elementor-heading-title elementor-size-default\">Ensino Fundamental \u2013 Anos finais<\/h1>\t\t\t\t<\/div>\n\t\t\t\t<\/div>\n\t\t\t\t\t<\/div>\n\t\t\t\t<\/div>\n\t\t<div class=\"elementor-element elementor-element-3bc92487 e-con-full e-flex e-con e-parent\" data-id=\"3bc92487\" data-element_type=\"container\" data-e-type=\"container\">\n\t\t<div class=\"elementor-element elementor-element-31cd7a96 e-flex e-con-boxed e-con e-child\" data-id=\"31cd7a96\" data-element_type=\"container\" data-e-type=\"container\">\n\t\t\t\t\t<div class=\"e-con-inner\">\n\t\t\t\t<div class=\"elementor-element elementor-element-1a72e9a5 elementor-invisible elementor-widget elementor-widget-text-editor\" data-id=\"1a72e9a5\" data-element_type=\"widget\" data-e-type=\"widget\" data-settings=\"{&quot;_animation&quot;:&quot;fadeInUp&quot;}\" data-widget_type=\"text-editor.default\">\n\t\t\t\t<div class=\"elementor-widget-container\">\n\t\t\t\t\t\t\t\t\t<p class=\"Fonte_texto_corpo\" style=\"margin: 0px 0px 1.5rem; color: rgb(102, 102, 102); font-size: 14px;\">NOS ANOS FINAIS DO ENSINO FUNDAMENTAL \u00e9 oportunizado:<br>\u2013 o desenvolvimento&nbsp;<strong style=\"font-weight: bold;\">integral&nbsp;<\/strong>do educando;<br>\u2013 a constru\u00e7\u00e3o de&nbsp;<strong style=\"font-weight: bold;\">conhecimentos<\/strong>&nbsp;b\u00e1sicos, sistematizados e significativos;<br>\u2013 o&nbsp;<strong style=\"font-weight: bold;\">dom\u00ednio de instrumentos<\/strong>&nbsp;de compreens\u00e3o cr\u00edtica da realidade, da auto-express\u00e3o e da comunica\u00e7\u00e3o social;<br>\u2013 a forma\u00e7\u00e3o para a&nbsp;<strong style=\"font-weight: bold;\">cidadania,&nbsp;<\/strong>integra\u00e7\u00e3o e a participa\u00e7\u00e3o na conviv\u00eancia humana;<br>\u2013 a&nbsp;<strong style=\"font-weight: bold;\">forma\u00e7\u00e3o de uma consci\u00eancia<\/strong>&nbsp;social, cr\u00edtica, solid\u00e1ria e democr\u00e1tica.<\/p><p class=\"Fonte_texto_corpo\" style=\"margin: 0px 0px 1.5rem; color: rgb(102, 102, 102); font-size: 14px;\">Temos como indicadores de sa\u00edda para a etapa do Ensino Fundamental ANOS FINAIS:<\/p><p class=\"Fonte_texto_corpo\" style=\"margin: 0px 0px 1.5rem; color: rgb(102, 102, 102); font-size: 14px;\">\u2013 Flu\u00eancia verbal;<br>\u2013 Argumenta\u00e7\u00e3o;<br>\u2013 Atitude cr\u00edtica, criativa e cooperativa;<br>\u2013 Autonomia intelectual;<br>\u2013 Iniciativa;<br>\u2013 Dom\u00ednio da leitura e da escrita.<\/p>\t\t\t\t\t\t\t\t<\/div>\n\t\t\t\t<\/div>\n\t\t\t\t\t<\/div>\n\t\t\t\t<\/div>\n\t\t\t\t<\/div>\n\t\t\t\t<\/div>\n\t\t","protected":false},"excerpt":{"rendered":"<p>NOS ANOS FINAIS DO ENSINO FUNDAMENTAL \u00e9 oportunizado:\u2013 o desenvolvimento&nbsp;integral&nbsp;do educando;\u2013 a constru\u00e7\u00e3o de&nbsp;conhecimentos&nbsp;b\u00e1sicos, sistematizados e significativos;\u2013 o&nbsp;dom\u00ednio de instrumentos&nbsp;de compreens\u00e3o cr\u00edtica da realidade, da auto-express\u00e3o e da comunica\u00e7\u00e3o social;\u2013 a forma\u00e7\u00e3o para a&nbsp;cidadania,&nbsp;integra\u00e7\u00e3o e a participa\u00e7\u00e3o na conviv\u00eancia humana;\u2013 a&nbsp;forma\u00e7\u00e3o de uma consci\u00eancia&nbsp;social, cr\u00edtica, solid\u00e1ria e democr\u00e1tica. Temos como indicadores de sa\u00edda para a [&hellip;]<\/p>\n","protected":false},"author":1,"featured_media":113,"parent":0,"menu_order":0,"comment_status":"closed","ping_status":"closed","template":"","meta":{"_acf_changed":false,"footnotes":""},"class_list":["post-110","page","type-page","status-publish","has-post-thumbnail","hentry"],"acf":[],"yoast_head":"<!-- This site is optimized with the Yoast SEO plugin v26.3 - https:\/\/yoast.com\/wordpress\/plugins\/seo\/ -->\n<title>Ensino Fundamental \u2013 Anos finais - Escola N. Sra. do Carmo | Rede ICM de Educa\u00e7\u00e3o<\/title>\n<meta name=\"robots\" content=\"index, follow, max-snippet:-1, max-image-preview:large, max-video-preview:-1\" \/>\n<link rel=\"canonical\" href=\"https:\/\/redeicm.org.br\/carmo\/ensino-fundamental-anos-finais\/\" \/>\n<meta property=\"og:locale\" content=\"pt_BR\" \/>\n<meta property=\"og:type\" content=\"article\" \/>\n<meta property=\"og:title\" content=\"Ensino Fundamental \u2013 Anos finais - Escola N. Sra. do Carmo | Rede ICM de Educa\u00e7\u00e3o\" \/>\n<meta property=\"og:description\" content=\"NOS ANOS FINAIS DO ENSINO FUNDAMENTAL \u00e9 oportunizado:\u2013 o desenvolvimento&nbsp;integral&nbsp;do educando;\u2013 a constru\u00e7\u00e3o de&nbsp;conhecimentos&nbsp;b\u00e1sicos, sistematizados e significativos;\u2013 o&nbsp;dom\u00ednio de instrumentos&nbsp;de compreens\u00e3o cr\u00edtica da realidade, da auto-express\u00e3o e da comunica\u00e7\u00e3o social;\u2013 a forma\u00e7\u00e3o para a&nbsp;cidadania,&nbsp;integra\u00e7\u00e3o e a participa\u00e7\u00e3o na conviv\u00eancia humana;\u2013 a&nbsp;forma\u00e7\u00e3o de uma consci\u00eancia&nbsp;social, cr\u00edtica, solid\u00e1ria e democr\u00e1tica. Temos como indicadores de sa\u00edda para a [&hellip;]\" \/>\n<meta property=\"og:url\" content=\"https:\/\/redeicm.org.br\/carmo\/ensino-fundamental-anos-finais\/\" \/>\n<meta property=\"og:site_name\" content=\"Escola N. Sra. do Carmo | Rede ICM de Educa\u00e7\u00e3o\" \/>\n<meta property=\"article:modified_time\" content=\"2024-08-20T13:31:15+00:00\" \/>\n<meta property=\"og:image\" content=\"https:\/\/redeicm.org.br\/carmo\/wp-content\/uploads\/sites\/5\/2024\/08\/banner-ensino-fundamental-finais.jpg\" \/>\n\t<meta property=\"og:image:width\" content=\"1440\" \/>\n\t<meta property=\"og:image:height\" content=\"401\" \/>\n\t<meta property=\"og:image:type\" content=\"image\/jpeg\" \/>\n<meta name=\"twitter:card\" content=\"summary_large_image\" \/>\n<meta name=\"twitter:label1\" content=\"Est. tempo de leitura\" \/>\n\t<meta name=\"twitter:data1\" content=\"1 minuto\" \/>\n<script type=\"application\/ld+json\" class=\"yoast-schema-graph\">{\"@context\":\"https:\/\/schema.org\",\"@graph\":[{\"@type\":\"WebPage\",\"@id\":\"https:\/\/redeicm.org.br\/carmo\/ensino-fundamental-anos-finais\/\",\"url\":\"https:\/\/redeicm.org.br\/carmo\/ensino-fundamental-anos-finais\/\",\"name\":\"Ensino Fundamental \u2013 Anos finais - Escola N. Sra. do Carmo | Rede ICM de Educa\u00e7\u00e3o\",\"isPartOf\":{\"@id\":\"https:\/\/redeicm.org.br\/carmo\/#website\"},\"primaryImageOfPage\":{\"@id\":\"https:\/\/redeicm.org.br\/carmo\/ensino-fundamental-anos-finais\/#primaryimage\"},\"image\":{\"@id\":\"https:\/\/redeicm.org.br\/carmo\/ensino-fundamental-anos-finais\/#primaryimage\"},\"thumbnailUrl\":\"https:\/\/redeicm.org.br\/carmo\/wp-content\/uploads\/sites\/5\/2024\/08\/banner-ensino-fundamental-finais.jpg\",\"datePublished\":\"2024-08-14T18:28:05+00:00\",\"dateModified\":\"2024-08-20T13:31:15+00:00\",\"breadcrumb\":{\"@id\":\"https:\/\/redeicm.org.br\/carmo\/ensino-fundamental-anos-finais\/#breadcrumb\"},\"inLanguage\":\"pt-BR\",\"potentialAction\":[{\"@type\":\"ReadAction\",\"target\":[\"https:\/\/redeicm.org.br\/carmo\/ensino-fundamental-anos-finais\/\"]}]},{\"@type\":\"ImageObject\",\"inLanguage\":\"pt-BR\",\"@id\":\"https:\/\/redeicm.org.br\/carmo\/ensino-fundamental-anos-finais\/#primaryimage\",\"url\":\"https:\/\/redeicm.org.br\/carmo\/wp-content\/uploads\/sites\/5\/2024\/08\/banner-ensino-fundamental-finais.jpg\",\"contentUrl\":\"https:\/\/redeicm.org.br\/carmo\/wp-content\/uploads\/sites\/5\/2024\/08\/banner-ensino-fundamental-finais.jpg\",\"width\":1440,\"height\":401},{\"@type\":\"BreadcrumbList\",\"@id\":\"https:\/\/redeicm.org.br\/carmo\/ensino-fundamental-anos-finais\/#breadcrumb\",\"itemListElement\":[{\"@type\":\"ListItem\",\"position\":1,\"name\":\"In\u00edcio\",\"item\":\"https:\/\/redeicm.org.br\/carmo\/\"},{\"@type\":\"ListItem\",\"position\":2,\"name\":\"Ensino Fundamental \u2013 Anos finais\"}]},{\"@type\":\"WebSite\",\"@id\":\"https:\/\/redeicm.org.br\/carmo\/#website\",\"url\":\"https:\/\/redeicm.org.br\/carmo\/\",\"name\":\"Escola N. Sra. do Carmo | Rede ICM de Educa\u00e7\u00e3o\",\"description\":\"\",\"publisher\":{\"@id\":\"https:\/\/redeicm.org.br\/carmo\/#organization\"},\"potentialAction\":[{\"@type\":\"SearchAction\",\"target\":{\"@type\":\"EntryPoint\",\"urlTemplate\":\"https:\/\/redeicm.org.br\/carmo\/?s={search_term_string}\"},\"query-input\":{\"@type\":\"PropertyValueSpecification\",\"valueRequired\":true,\"valueName\":\"search_term_string\"}}],\"inLanguage\":\"pt-BR\"},{\"@type\":\"Organization\",\"@id\":\"https:\/\/redeicm.org.br\/carmo\/#organization\",\"name\":\"Escola N. Sra. do Carmo | Rede ICM de Educa\u00e7\u00e3o\",\"url\":\"https:\/\/redeicm.org.br\/carmo\/\",\"logo\":{\"@type\":\"ImageObject\",\"inLanguage\":\"pt-BR\",\"@id\":\"https:\/\/redeicm.org.br\/carmo\/#\/schema\/logo\/image\/\",\"url\":\"https:\/\/redeicm.org.br\/carmo\/wp-content\/uploads\/sites\/5\/2024\/08\/logo_Carmo.png\",\"contentUrl\":\"https:\/\/redeicm.org.br\/carmo\/wp-content\/uploads\/sites\/5\/2024\/08\/logo_Carmo.png\",\"width\":1024,\"height\":512,\"caption\":\"Escola N. Sra. do Carmo | Rede ICM de Educa\u00e7\u00e3o\"},\"image\":{\"@id\":\"https:\/\/redeicm.org.br\/carmo\/#\/schema\/logo\/image\/\"}}]}<\/script>\n<!-- \/ Yoast SEO plugin. -->","yoast_head_json":{"title":"Ensino Fundamental \u2013 Anos finais - Escola N. Sra. do Carmo | Rede ICM de Educa\u00e7\u00e3o","robots":{"index":"index","follow":"follow","max-snippet":"max-snippet:-1","max-image-preview":"max-image-preview:large","max-video-preview":"max-video-preview:-1"},"canonical":"https:\/\/redeicm.org.br\/carmo\/ensino-fundamental-anos-finais\/","og_locale":"pt_BR","og_type":"article","og_title":"Ensino Fundamental \u2013 Anos finais - Escola N. Sra. do Carmo | Rede ICM de Educa\u00e7\u00e3o","og_description":"NOS ANOS FINAIS DO ENSINO FUNDAMENTAL \u00e9 oportunizado:\u2013 o desenvolvimento&nbsp;integral&nbsp;do educando;\u2013 a constru\u00e7\u00e3o de&nbsp;conhecimentos&nbsp;b\u00e1sicos, sistematizados e significativos;\u2013 o&nbsp;dom\u00ednio de instrumentos&nbsp;de compreens\u00e3o cr\u00edtica da realidade, da auto-express\u00e3o e da comunica\u00e7\u00e3o social;\u2013 a forma\u00e7\u00e3o para a&nbsp;cidadania,&nbsp;integra\u00e7\u00e3o e a participa\u00e7\u00e3o na conviv\u00eancia humana;\u2013 a&nbsp;forma\u00e7\u00e3o de uma consci\u00eancia&nbsp;social, cr\u00edtica, solid\u00e1ria e democr\u00e1tica. Temos como indicadores de sa\u00edda para a [&hellip;]","og_url":"https:\/\/redeicm.org.br\/carmo\/ensino-fundamental-anos-finais\/","og_site_name":"Escola N. Sra. do Carmo | Rede ICM de Educa\u00e7\u00e3o","article_modified_time":"2024-08-20T13:31:15+00:00","og_image":[{"width":1440,"height":401,"url":"https:\/\/redeicm.org.br\/carmo\/wp-content\/uploads\/sites\/5\/2024\/08\/banner-ensino-fundamental-finais.jpg","type":"image\/jpeg"}],"twitter_card":"summary_large_image","twitter_misc":{"Est. tempo de leitura":"1 minuto"},"schema":{"@context":"https:\/\/schema.org","@graph":[{"@type":"WebPage","@id":"https:\/\/redeicm.org.br\/carmo\/ensino-fundamental-anos-finais\/","url":"https:\/\/redeicm.org.br\/carmo\/ensino-fundamental-anos-finais\/","name":"Ensino Fundamental \u2013 Anos finais - Escola N. Sra. do Carmo | Rede ICM de Educa\u00e7\u00e3o","isPartOf":{"@id":"https:\/\/redeicm.org.br\/carmo\/#website"},"primaryImageOfPage":{"@id":"https:\/\/redeicm.org.br\/carmo\/ensino-fundamental-anos-finais\/#primaryimage"},"image":{"@id":"https:\/\/redeicm.org.br\/carmo\/ensino-fundamental-anos-finais\/#primaryimage"},"thumbnailUrl":"https:\/\/redeicm.org.br\/carmo\/wp-content\/uploads\/sites\/5\/2024\/08\/banner-ensino-fundamental-finais.jpg","datePublished":"2024-08-14T18:28:05+00:00","dateModified":"2024-08-20T13:31:15+00:00","breadcrumb":{"@id":"https:\/\/redeicm.org.br\/carmo\/ensino-fundamental-anos-finais\/#breadcrumb"},"inLanguage":"pt-BR","potentialAction":[{"@type":"ReadAction","target":["https:\/\/redeicm.org.br\/carmo\/ensino-fundamental-anos-finais\/"]}]},{"@type":"ImageObject","inLanguage":"pt-BR","@id":"https:\/\/redeicm.org.br\/carmo\/ensino-fundamental-anos-finais\/#primaryimage","url":"https:\/\/redeicm.org.br\/carmo\/wp-content\/uploads\/sites\/5\/2024\/08\/banner-ensino-fundamental-finais.jpg","contentUrl":"https:\/\/redeicm.org.br\/carmo\/wp-content\/uploads\/sites\/5\/2024\/08\/banner-ensino-fundamental-finais.jpg","width":1440,"height":401},{"@type":"BreadcrumbList","@id":"https:\/\/redeicm.org.br\/carmo\/ensino-fundamental-anos-finais\/#breadcrumb","itemListElement":[{"@type":"ListItem","position":1,"name":"In\u00edcio","item":"https:\/\/redeicm.org.br\/carmo\/"},{"@type":"ListItem","position":2,"name":"Ensino Fundamental \u2013 Anos finais"}]},{"@type":"WebSite","@id":"https:\/\/redeicm.org.br\/carmo\/#website","url":"https:\/\/redeicm.org.br\/carmo\/","name":"Escola N. Sra. do Carmo | Rede ICM de Educa\u00e7\u00e3o","description":"","publisher":{"@id":"https:\/\/redeicm.org.br\/carmo\/#organization"},"potentialAction":[{"@type":"SearchAction","target":{"@type":"EntryPoint","urlTemplate":"https:\/\/redeicm.org.br\/carmo\/?s={search_term_string}"},"query-input":{"@type":"PropertyValueSpecification","valueRequired":true,"valueName":"search_term_string"}}],"inLanguage":"pt-BR"},{"@type":"Organization","@id":"https:\/\/redeicm.org.br\/carmo\/#organization","name":"Escola N. Sra. do Carmo | Rede ICM de Educa\u00e7\u00e3o","url":"https:\/\/redeicm.org.br\/carmo\/","logo":{"@type":"ImageObject","inLanguage":"pt-BR","@id":"https:\/\/redeicm.org.br\/carmo\/#\/schema\/logo\/image\/","url":"https:\/\/redeicm.org.br\/carmo\/wp-content\/uploads\/sites\/5\/2024\/08\/logo_Carmo.png","contentUrl":"https:\/\/redeicm.org.br\/carmo\/wp-content\/uploads\/sites\/5\/2024\/08\/logo_Carmo.png","width":1024,"height":512,"caption":"Escola N. Sra. do Carmo | Rede ICM de Educa\u00e7\u00e3o"},"image":{"@id":"https:\/\/redeicm.org.br\/carmo\/#\/schema\/logo\/image\/"}}]}},"_links":{"self":[{"href":"https:\/\/redeicm.org.br\/carmo\/wp-json\/wp\/v2\/pages\/110","targetHints":{"allow":["GET"]}}],"collection":[{"href":"https:\/\/redeicm.org.br\/carmo\/wp-json\/wp\/v2\/pages"}],"about":[{"href":"https:\/\/redeicm.org.br\/carmo\/wp-json\/wp\/v2\/types\/page"}],"author":[{"embeddable":true,"href":"https:\/\/redeicm.org.br\/carmo\/wp-json\/wp\/v2\/users\/1"}],"replies":[{"embeddable":true,"href":"https:\/\/redeicm.org.br\/carmo\/wp-json\/wp\/v2\/comments?post=110"}],"version-history":[{"count":0,"href":"https:\/\/redeicm.org.br\/carmo\/wp-json\/wp\/v2\/pages\/110\/revisions"}],"wp:featuredmedia":[{"embeddable":true,"href":"https:\/\/redeicm.org.br\/carmo\/wp-json\/wp\/v2\/media\/113"}],"wp:attachment":[{"href":"https:\/\/redeicm.org.br\/carmo\/wp-json\/wp\/v2\/media?parent=110"}],"curies":[{"name":"wp","href":"https:\/\/api.w.org\/{rel}","templated":true}]}}