{"id":106,"date":"2024-08-14T15:28:04","date_gmt":"2024-08-14T18:28:04","guid":{"rendered":"https:\/\/redeicm.org.br\/carmo\/educacao-infantil\/"},"modified":"2024-08-20T10:30:01","modified_gmt":"2024-08-20T13:30:01","slug":"educacao-infantil","status":"publish","type":"page","link":"https:\/\/redeicm.org.br\/carmo\/educacao-infantil\/","title":{"rendered":"Educa\u00e7\u00e3o Infantil"},"content":{"rendered":"\t\t<div data-elementor-type=\"wp-page\" data-elementor-id=\"106\" class=\"elementor elementor-106\" data-elementor-post-type=\"page\">\n\t\t\t\t<div class=\"elementor-element elementor-element-13b370a3 e-flex e-con-boxed e-con e-parent\" data-id=\"13b370a3\" data-element_type=\"container\" data-e-type=\"container\" data-settings=\"{&quot;background_background&quot;:&quot;classic&quot;}\">\n\t\t\t\t\t<div class=\"e-con-inner\">\n\t\t\t\t\t<\/div>\n\t\t\t\t<\/div>\n\t\t<div class=\"elementor-element elementor-element-66320bb6 e-flex e-con-boxed e-con e-parent\" data-id=\"66320bb6\" data-element_type=\"container\" data-e-type=\"container\">\n\t\t\t\t\t<div class=\"e-con-inner\">\n\t\t\t\t<div class=\"elementor-element elementor-element-2ca62c84 elementor-widget elementor-widget-heading\" data-id=\"2ca62c84\" data-element_type=\"widget\" data-e-type=\"widget\" data-widget_type=\"heading.default\">\n\t\t\t\t<div class=\"elementor-widget-container\">\n\t\t\t\t\t<h1 class=\"elementor-heading-title elementor-size-default\">Educa\u00e7\u00e3o Infantil<\/h1>\t\t\t\t<\/div>\n\t\t\t\t<\/div>\n\t\t\t\t\t<\/div>\n\t\t\t\t<\/div>\n\t\t<div class=\"elementor-element elementor-element-494a42c7 e-con-full e-flex e-con e-parent\" data-id=\"494a42c7\" data-element_type=\"container\" data-e-type=\"container\">\n\t\t<div class=\"elementor-element elementor-element-81ab19f e-flex e-con-boxed e-con e-child\" data-id=\"81ab19f\" data-element_type=\"container\" data-e-type=\"container\">\n\t\t\t\t\t<div class=\"e-con-inner\">\n\t\t\t\t<div class=\"elementor-element elementor-element-b740dd5 elementor-invisible elementor-widget elementor-widget-text-editor\" data-id=\"b740dd5\" data-element_type=\"widget\" data-e-type=\"widget\" data-settings=\"{&quot;_animation&quot;:&quot;fadeInUp&quot;}\" data-widget_type=\"text-editor.default\">\n\t\t\t\t<div class=\"elementor-widget-container\">\n\t\t\t\t\t\t\t\t\t<p style=\"margin: 0px 0px 1.5rem; color: rgb(102, 102, 102); font-size: 14px; text-align: justify;\">O momento da chegada da crian\u00e7a pela primeira vez \u00e0 escola \u00e9 m\u00e1gico. Por isso, n\u00f3s educadores devemos criar um ambiente agrad\u00e1vel para acolher essas \u201csementinhas\u201d que entram em contato com um novo grupo social.<\/p><p style=\"margin: 0px 0px 1.5rem; color: rgb(102, 102, 102); font-size: 14px; text-align: justify;\">Para o Pedagogo Friedrich Froebel:<\/p><p style=\"margin: 0px 0px 1.5rem; color: rgb(102, 102, 102); font-size: 14px; text-align: justify;\">\u201cA inf\u00e2ncia \u00e9 assim como uma planta; deve ser objeto de cuidado atencioso, deve receber \u00e1gua, crescer em solo rico em nutrientes e ter a luz do sol na medida certa. Um jardim \u00e9 um lugar onde as plantas n\u00e3o crescem em estado totalmente silvestre, totalmente selvagem, \u00e9 um lugar onde elas recebem os cuidados do jardineiro ou da jardineira. Mas o jardineiro sabe que embora ele tenha por tarefa cuidar para que a planta tenha todo o cuidado necess\u00e1rio para seu crescimento e desenvolvimento, em \u00faltima inst\u00e2ncia, \u00e9 o processo natural da planta que dever\u00e1 determinar quais cuidados a ela dever\u00e3o ser dispensados. Certas plantas n\u00e3o crescem bem quando regadas em demasia, j\u00e1 outras precisam de muita \u00e1gua; algumas plantas precisam de muito sol, enquanto, que outras crescem melhor \u00e0 sombra. O bom jardineiro sabe \u201couvir\u201d as necessidades de cada planta e respeitar seu processo natural de desenvolvimento. Para Froebel, assim tamb\u00e9m ocorre com as crian\u00e7as e, portanto, os adultos encarregados da educa\u00e7\u00e3o das mesmas deveriam comportar-se tal como o jardineiro.\u201d<\/p><p style=\"margin: 0px 0px 1.5rem; color: rgb(102, 102, 102); font-size: 14px; text-align: justify;\">(Retirado do livro Friedrich Froebel: o Pedagogo dos Jardins de Inf\u00e2ncia, Alessandra Arce \u2013 Petr\u00f3polis, RJ: Vozes, 2002.)<\/p><p style=\"margin: 0px 0px 1.5rem; color: rgb(102, 102, 102); font-size: 14px; text-align: justify;\">As crian\u00e7as pequenas e suas fam\u00edlias devem encontrar na Educa\u00e7\u00e3o Infantil um ambiente f\u00edsico estruturado com funcionamento adequado e humanizado, onde sejam tra\u00e7adas propostas pedag\u00f3gicas com metas claras a serem desenvolvidas durante o processo ensino-aprendizagem.<\/p><p style=\"margin: 0px 0px 1.5rem; color: rgb(102, 102, 102); font-size: 14px; text-align: justify;\">Seguindo esta linha de pensamento, a Escola Nossa Senhora do Carmo, visa a qualidade na Educa\u00e7\u00e3o Infantil tendo como fundamentos norteadores: a socializa\u00e7\u00e3o, a autonomia, a responsabilidade, a solidariedade, a criatividade, a participa\u00e7\u00e3o, a criticidade, a constru\u00e7\u00e3o do conhecimento, a ludicidade e o respeito a servi\u00e7o do bem-comum, sabendo reconhecer a import\u00e2ncia de que cada educando \u00e9 um ser total, completo, indivis\u00edvel, com sentimentos que merecem cuidados a integra\u00e7\u00e3o entre os aspectos f\u00edsicos, emocionais, afetivos, cognitivo\/ling\u00fc\u00edsticos e sociais.<\/p>\t\t\t\t\t\t\t\t<\/div>\n\t\t\t\t<\/div>\n\t\t\t\t\t<\/div>\n\t\t\t\t<\/div>\n\t\t\t\t<\/div>\n\t\t\t\t<\/div>\n\t\t","protected":false},"excerpt":{"rendered":"<p>O momento da chegada da crian\u00e7a pela primeira vez \u00e0 escola \u00e9 m\u00e1gico. Por isso, n\u00f3s educadores devemos criar um ambiente agrad\u00e1vel para acolher essas \u201csementinhas\u201d que entram em contato com um novo grupo social. Para o Pedagogo Friedrich Froebel: \u201cA inf\u00e2ncia \u00e9 assim como uma planta; deve ser objeto de cuidado atencioso, deve receber [&hellip;]<\/p>\n","protected":false},"author":1,"featured_media":109,"parent":0,"menu_order":0,"comment_status":"closed","ping_status":"closed","template":"","meta":{"_acf_changed":false,"footnotes":""},"class_list":["post-106","page","type-page","status-publish","has-post-thumbnail","hentry"],"acf":[],"yoast_head":"<!-- This site is optimized with the Yoast SEO plugin v26.3 - https:\/\/yoast.com\/wordpress\/plugins\/seo\/ -->\n<title>Educa\u00e7\u00e3o Infantil - Escola N. Sra. do Carmo | Rede ICM de Educa\u00e7\u00e3o<\/title>\n<meta name=\"robots\" content=\"index, follow, max-snippet:-1, max-image-preview:large, max-video-preview:-1\" \/>\n<link rel=\"canonical\" href=\"https:\/\/redeicm.org.br\/carmo\/educacao-infantil\/\" \/>\n<meta property=\"og:locale\" content=\"pt_BR\" \/>\n<meta property=\"og:type\" content=\"article\" \/>\n<meta property=\"og:title\" content=\"Educa\u00e7\u00e3o Infantil - Escola N. Sra. do Carmo | Rede ICM de Educa\u00e7\u00e3o\" \/>\n<meta property=\"og:description\" content=\"O momento da chegada da crian\u00e7a pela primeira vez \u00e0 escola \u00e9 m\u00e1gico. Por isso, n\u00f3s educadores devemos criar um ambiente agrad\u00e1vel para acolher essas \u201csementinhas\u201d que entram em contato com um novo grupo social. Para o Pedagogo Friedrich Froebel: \u201cA inf\u00e2ncia \u00e9 assim como uma planta; deve ser objeto de cuidado atencioso, deve receber [&hellip;]\" \/>\n<meta property=\"og:url\" content=\"https:\/\/redeicm.org.br\/carmo\/educacao-infantil\/\" \/>\n<meta property=\"og:site_name\" content=\"Escola N. Sra. do Carmo | Rede ICM de Educa\u00e7\u00e3o\" \/>\n<meta property=\"article:modified_time\" content=\"2024-08-20T13:30:01+00:00\" \/>\n<meta property=\"og:image\" content=\"https:\/\/redeicm.org.br\/carmo\/wp-content\/uploads\/sites\/5\/2024\/08\/banner-educacao-infantil.jpg\" \/>\n\t<meta property=\"og:image:width\" content=\"1440\" \/>\n\t<meta property=\"og:image:height\" content=\"400\" \/>\n\t<meta property=\"og:image:type\" content=\"image\/jpeg\" \/>\n<meta name=\"twitter:card\" content=\"summary_large_image\" \/>\n<meta name=\"twitter:label1\" content=\"Est. tempo de leitura\" \/>\n\t<meta name=\"twitter:data1\" content=\"2 minutos\" \/>\n<script type=\"application\/ld+json\" class=\"yoast-schema-graph\">{\"@context\":\"https:\/\/schema.org\",\"@graph\":[{\"@type\":\"WebPage\",\"@id\":\"https:\/\/redeicm.org.br\/carmo\/educacao-infantil\/\",\"url\":\"https:\/\/redeicm.org.br\/carmo\/educacao-infantil\/\",\"name\":\"Educa\u00e7\u00e3o Infantil - Escola N. Sra. do Carmo | Rede ICM de Educa\u00e7\u00e3o\",\"isPartOf\":{\"@id\":\"https:\/\/redeicm.org.br\/carmo\/#website\"},\"primaryImageOfPage\":{\"@id\":\"https:\/\/redeicm.org.br\/carmo\/educacao-infantil\/#primaryimage\"},\"image\":{\"@id\":\"https:\/\/redeicm.org.br\/carmo\/educacao-infantil\/#primaryimage\"},\"thumbnailUrl\":\"https:\/\/redeicm.org.br\/carmo\/wp-content\/uploads\/sites\/5\/2024\/08\/banner-educacao-infantil.jpg\",\"datePublished\":\"2024-08-14T18:28:04+00:00\",\"dateModified\":\"2024-08-20T13:30:01+00:00\",\"breadcrumb\":{\"@id\":\"https:\/\/redeicm.org.br\/carmo\/educacao-infantil\/#breadcrumb\"},\"inLanguage\":\"pt-BR\",\"potentialAction\":[{\"@type\":\"ReadAction\",\"target\":[\"https:\/\/redeicm.org.br\/carmo\/educacao-infantil\/\"]}]},{\"@type\":\"ImageObject\",\"inLanguage\":\"pt-BR\",\"@id\":\"https:\/\/redeicm.org.br\/carmo\/educacao-infantil\/#primaryimage\",\"url\":\"https:\/\/redeicm.org.br\/carmo\/wp-content\/uploads\/sites\/5\/2024\/08\/banner-educacao-infantil.jpg\",\"contentUrl\":\"https:\/\/redeicm.org.br\/carmo\/wp-content\/uploads\/sites\/5\/2024\/08\/banner-educacao-infantil.jpg\",\"width\":1440,\"height\":400},{\"@type\":\"BreadcrumbList\",\"@id\":\"https:\/\/redeicm.org.br\/carmo\/educacao-infantil\/#breadcrumb\",\"itemListElement\":[{\"@type\":\"ListItem\",\"position\":1,\"name\":\"In\u00edcio\",\"item\":\"https:\/\/redeicm.org.br\/carmo\/\"},{\"@type\":\"ListItem\",\"position\":2,\"name\":\"Educa\u00e7\u00e3o Infantil\"}]},{\"@type\":\"WebSite\",\"@id\":\"https:\/\/redeicm.org.br\/carmo\/#website\",\"url\":\"https:\/\/redeicm.org.br\/carmo\/\",\"name\":\"Escola N. Sra. do Carmo | Rede ICM de Educa\u00e7\u00e3o\",\"description\":\"\",\"publisher\":{\"@id\":\"https:\/\/redeicm.org.br\/carmo\/#organization\"},\"potentialAction\":[{\"@type\":\"SearchAction\",\"target\":{\"@type\":\"EntryPoint\",\"urlTemplate\":\"https:\/\/redeicm.org.br\/carmo\/?s={search_term_string}\"},\"query-input\":{\"@type\":\"PropertyValueSpecification\",\"valueRequired\":true,\"valueName\":\"search_term_string\"}}],\"inLanguage\":\"pt-BR\"},{\"@type\":\"Organization\",\"@id\":\"https:\/\/redeicm.org.br\/carmo\/#organization\",\"name\":\"Escola N. Sra. do Carmo | Rede ICM de Educa\u00e7\u00e3o\",\"url\":\"https:\/\/redeicm.org.br\/carmo\/\",\"logo\":{\"@type\":\"ImageObject\",\"inLanguage\":\"pt-BR\",\"@id\":\"https:\/\/redeicm.org.br\/carmo\/#\/schema\/logo\/image\/\",\"url\":\"https:\/\/redeicm.org.br\/carmo\/wp-content\/uploads\/sites\/5\/2024\/08\/logo_Carmo.png\",\"contentUrl\":\"https:\/\/redeicm.org.br\/carmo\/wp-content\/uploads\/sites\/5\/2024\/08\/logo_Carmo.png\",\"width\":1024,\"height\":512,\"caption\":\"Escola N. Sra. do Carmo | Rede ICM de Educa\u00e7\u00e3o\"},\"image\":{\"@id\":\"https:\/\/redeicm.org.br\/carmo\/#\/schema\/logo\/image\/\"}}]}<\/script>\n<!-- \/ Yoast SEO plugin. -->","yoast_head_json":{"title":"Educa\u00e7\u00e3o Infantil - Escola N. Sra. do Carmo | Rede ICM de Educa\u00e7\u00e3o","robots":{"index":"index","follow":"follow","max-snippet":"max-snippet:-1","max-image-preview":"max-image-preview:large","max-video-preview":"max-video-preview:-1"},"canonical":"https:\/\/redeicm.org.br\/carmo\/educacao-infantil\/","og_locale":"pt_BR","og_type":"article","og_title":"Educa\u00e7\u00e3o Infantil - Escola N. Sra. do Carmo | Rede ICM de Educa\u00e7\u00e3o","og_description":"O momento da chegada da crian\u00e7a pela primeira vez \u00e0 escola \u00e9 m\u00e1gico. Por isso, n\u00f3s educadores devemos criar um ambiente agrad\u00e1vel para acolher essas \u201csementinhas\u201d que entram em contato com um novo grupo social. Para o Pedagogo Friedrich Froebel: \u201cA inf\u00e2ncia \u00e9 assim como uma planta; deve ser objeto de cuidado atencioso, deve receber [&hellip;]","og_url":"https:\/\/redeicm.org.br\/carmo\/educacao-infantil\/","og_site_name":"Escola N. Sra. do Carmo | Rede ICM de Educa\u00e7\u00e3o","article_modified_time":"2024-08-20T13:30:01+00:00","og_image":[{"width":1440,"height":400,"url":"https:\/\/redeicm.org.br\/carmo\/wp-content\/uploads\/sites\/5\/2024\/08\/banner-educacao-infantil.jpg","type":"image\/jpeg"}],"twitter_card":"summary_large_image","twitter_misc":{"Est. tempo de leitura":"2 minutos"},"schema":{"@context":"https:\/\/schema.org","@graph":[{"@type":"WebPage","@id":"https:\/\/redeicm.org.br\/carmo\/educacao-infantil\/","url":"https:\/\/redeicm.org.br\/carmo\/educacao-infantil\/","name":"Educa\u00e7\u00e3o Infantil - Escola N. Sra. do Carmo | Rede ICM de Educa\u00e7\u00e3o","isPartOf":{"@id":"https:\/\/redeicm.org.br\/carmo\/#website"},"primaryImageOfPage":{"@id":"https:\/\/redeicm.org.br\/carmo\/educacao-infantil\/#primaryimage"},"image":{"@id":"https:\/\/redeicm.org.br\/carmo\/educacao-infantil\/#primaryimage"},"thumbnailUrl":"https:\/\/redeicm.org.br\/carmo\/wp-content\/uploads\/sites\/5\/2024\/08\/banner-educacao-infantil.jpg","datePublished":"2024-08-14T18:28:04+00:00","dateModified":"2024-08-20T13:30:01+00:00","breadcrumb":{"@id":"https:\/\/redeicm.org.br\/carmo\/educacao-infantil\/#breadcrumb"},"inLanguage":"pt-BR","potentialAction":[{"@type":"ReadAction","target":["https:\/\/redeicm.org.br\/carmo\/educacao-infantil\/"]}]},{"@type":"ImageObject","inLanguage":"pt-BR","@id":"https:\/\/redeicm.org.br\/carmo\/educacao-infantil\/#primaryimage","url":"https:\/\/redeicm.org.br\/carmo\/wp-content\/uploads\/sites\/5\/2024\/08\/banner-educacao-infantil.jpg","contentUrl":"https:\/\/redeicm.org.br\/carmo\/wp-content\/uploads\/sites\/5\/2024\/08\/banner-educacao-infantil.jpg","width":1440,"height":400},{"@type":"BreadcrumbList","@id":"https:\/\/redeicm.org.br\/carmo\/educacao-infantil\/#breadcrumb","itemListElement":[{"@type":"ListItem","position":1,"name":"In\u00edcio","item":"https:\/\/redeicm.org.br\/carmo\/"},{"@type":"ListItem","position":2,"name":"Educa\u00e7\u00e3o Infantil"}]},{"@type":"WebSite","@id":"https:\/\/redeicm.org.br\/carmo\/#website","url":"https:\/\/redeicm.org.br\/carmo\/","name":"Escola N. Sra. do Carmo | Rede ICM de Educa\u00e7\u00e3o","description":"","publisher":{"@id":"https:\/\/redeicm.org.br\/carmo\/#organization"},"potentialAction":[{"@type":"SearchAction","target":{"@type":"EntryPoint","urlTemplate":"https:\/\/redeicm.org.br\/carmo\/?s={search_term_string}"},"query-input":{"@type":"PropertyValueSpecification","valueRequired":true,"valueName":"search_term_string"}}],"inLanguage":"pt-BR"},{"@type":"Organization","@id":"https:\/\/redeicm.org.br\/carmo\/#organization","name":"Escola N. Sra. do Carmo | Rede ICM de Educa\u00e7\u00e3o","url":"https:\/\/redeicm.org.br\/carmo\/","logo":{"@type":"ImageObject","inLanguage":"pt-BR","@id":"https:\/\/redeicm.org.br\/carmo\/#\/schema\/logo\/image\/","url":"https:\/\/redeicm.org.br\/carmo\/wp-content\/uploads\/sites\/5\/2024\/08\/logo_Carmo.png","contentUrl":"https:\/\/redeicm.org.br\/carmo\/wp-content\/uploads\/sites\/5\/2024\/08\/logo_Carmo.png","width":1024,"height":512,"caption":"Escola N. Sra. do Carmo | Rede ICM de Educa\u00e7\u00e3o"},"image":{"@id":"https:\/\/redeicm.org.br\/carmo\/#\/schema\/logo\/image\/"}}]}},"_links":{"self":[{"href":"https:\/\/redeicm.org.br\/carmo\/wp-json\/wp\/v2\/pages\/106","targetHints":{"allow":["GET"]}}],"collection":[{"href":"https:\/\/redeicm.org.br\/carmo\/wp-json\/wp\/v2\/pages"}],"about":[{"href":"https:\/\/redeicm.org.br\/carmo\/wp-json\/wp\/v2\/types\/page"}],"author":[{"embeddable":true,"href":"https:\/\/redeicm.org.br\/carmo\/wp-json\/wp\/v2\/users\/1"}],"replies":[{"embeddable":true,"href":"https:\/\/redeicm.org.br\/carmo\/wp-json\/wp\/v2\/comments?post=106"}],"version-history":[{"count":0,"href":"https:\/\/redeicm.org.br\/carmo\/wp-json\/wp\/v2\/pages\/106\/revisions"}],"wp:featuredmedia":[{"embeddable":true,"href":"https:\/\/redeicm.org.br\/carmo\/wp-json\/wp\/v2\/media\/109"}],"wp:attachment":[{"href":"https:\/\/redeicm.org.br\/carmo\/wp-json\/wp\/v2\/media?parent=106"}],"curies":[{"name":"wp","href":"https:\/\/api.w.org\/{rel}","templated":true}]}}