{"id":462,"date":"2024-08-11T19:33:10","date_gmt":"2024-08-11T22:33:10","guid":{"rendered":"https:\/\/redeicm.org.br\/auxiliadora\/?page_id=462"},"modified":"2025-07-08T14:51:33","modified_gmt":"2025-07-08T17:51:33","slug":"extracurricular","status":"publish","type":"page","link":"https:\/\/redeicm.org.br\/auxiliadora\/extracurricular\/","title":{"rendered":"Extracurricular"},"content":{"rendered":"\t\t<div data-elementor-type=\"wp-page\" data-elementor-id=\"462\" class=\"elementor elementor-462\" data-elementor-post-type=\"page\">\n\t\t\t\t<div class=\"elementor-element elementor-element-4a231d89 e-flex e-con-boxed e-con e-parent\" data-id=\"4a231d89\" data-element_type=\"container\" data-e-type=\"container\" data-settings=\"{&quot;background_background&quot;:&quot;classic&quot;}\">\n\t\t\t\t\t<div class=\"e-con-inner\">\n\t\t\t\t\t<\/div>\n\t\t\t\t<\/div>\n\t\t<div class=\"elementor-element elementor-element-759d3e74 e-flex e-con-boxed e-con e-parent\" data-id=\"759d3e74\" data-element_type=\"container\" data-e-type=\"container\">\n\t\t\t\t\t<div class=\"e-con-inner\">\n\t\t\t\t<div class=\"elementor-element elementor-element-7e651a1b elementor-widget elementor-widget-heading\" data-id=\"7e651a1b\" data-element_type=\"widget\" data-e-type=\"widget\" data-widget_type=\"heading.default\">\n\t\t\t\t<div class=\"elementor-widget-container\">\n\t\t\t\t\t<h1 class=\"elementor-heading-title elementor-size-default\">Extracurricular<\/h1>\t\t\t\t<\/div>\n\t\t\t\t<\/div>\n\t\t\t\t\t<\/div>\n\t\t\t\t<\/div>\n\t\t<div class=\"elementor-element elementor-element-2820d857 e-con-full e-flex e-con e-parent\" data-id=\"2820d857\" data-element_type=\"container\" data-e-type=\"container\">\n\t\t<div class=\"elementor-element elementor-element-1b1226aa e-flex e-con-boxed e-con e-child\" data-id=\"1b1226aa\" data-element_type=\"container\" data-e-type=\"container\">\n\t\t\t\t\t<div class=\"e-con-inner\">\n\t\t\t\t<div class=\"elementor-element elementor-element-3a85b2cc elementor-invisible elementor-widget elementor-widget-text-editor\" data-id=\"3a85b2cc\" data-element_type=\"widget\" data-e-type=\"widget\" data-settings=\"{&quot;_animation&quot;:&quot;fadeInUp&quot;}\" data-widget_type=\"text-editor.default\">\n\t\t\t\t<div class=\"elementor-widget-container\">\n\t\t\t\t\t\t\t\t\t<p>A Escola oferece \u00a0projetos de car\u00e1ter multi e interdisciplinar visando \u00e0 forma\u00e7\u00e3o integral do educando, sendo estes nas dimens\u00f5es social, pol\u00edtica,\u00a0 cognitiva, afetiva, \u00e9tica e religiosa, que permeiam o projeto pol\u00edtico pedag\u00f3gico.<\/p><p>Os conte\u00fados s\u00e3o desenvolvidos atrav\u00e9s de situa\u00e7\u00f5es de aprendizagem que favore\u00e7am as diversas \u00e1reas do conhecimento, desenvolvendo compet\u00eancias e habilidades por meio de diferentes estrat\u00e9gias de ensino.<\/p>\t\t\t\t\t\t\t\t<\/div>\n\t\t\t\t<\/div>\n\t\t\t\t\t<\/div>\n\t\t\t\t<\/div>\n\t\t\t\t<\/div>\n\t\t<div class=\"elementor-element elementor-element-a31fa1d e-con-full e-flex e-con e-parent\" data-id=\"a31fa1d\" data-element_type=\"container\" data-e-type=\"container\">\n\t\t<div class=\"elementor-element elementor-element-58a8dbc e-flex e-con-boxed e-con e-child\" data-id=\"58a8dbc\" data-element_type=\"container\" data-e-type=\"container\">\n\t\t\t\t\t<div class=\"e-con-inner\">\n\t\t\t\t<div class=\"elementor-element elementor-element-d68262d elementor-invisible elementor-widget elementor-widget-text-editor\" data-id=\"d68262d\" data-element_type=\"widget\" data-e-type=\"widget\" data-settings=\"{&quot;_animation&quot;:&quot;fadeInUp&quot;}\" data-widget_type=\"text-editor.default\">\n\t\t\t\t<div class=\"elementor-widget-container\">\n\t\t\t\t\t\t\t\t\t<div class=\"elementor-element elementor-element-0938cf1 e-flex e-con-boxed e-con e-parent e-lazyloaded\" data-id=\"0938cf1\" data-element_type=\"container\"><div class=\"e-con-inner\"><div class=\"elementor-element elementor-element-1c6a1ca elementor-icon-list--layout-traditional elementor-list-item-link-full_width elementor-widget elementor-widget-icon-list\" data-id=\"1c6a1ca\" data-element_type=\"widget\" data-widget_type=\"icon-list.default\"><div class=\"elementor-widget-container\"><ul><li><strong><span class=\"elementor-icon-list-text\">70h30:\u00a0<\/span><\/strong>Recep\u00e7\u00e3o, organiza\u00e7\u00e3o dos materiais, ora\u00e7\u00e3o, chamada, rotina da manh\u00e3, tema e hora do estudo.<\/li><\/ul><\/div><\/div><\/div><\/div><div class=\"elementor-element elementor-element-bfd16ad e-flex e-con-boxed e-con e-parent e-lazyloaded\" data-id=\"bfd16ad\" data-element_type=\"container\"><div class=\"e-con-inner\"><div class=\"elementor-element elementor-element-2a6b0a9 elementor-icon-list--layout-traditional elementor-list-item-link-full_width elementor-widget elementor-widget-icon-list\" data-id=\"2a6b0a9\" data-element_type=\"widget\" data-widget_type=\"icon-list.default\"><div class=\"elementor-widget-container\"><ul><li><strong><span class=\"elementor-icon-list-text\">8h: <\/span><\/strong><span class=\"elementor-icon-list-text\">A<\/span>tividades pedag\u00f3gicas e dirigidas.<\/li><\/ul><\/div><\/div><\/div><\/div><div class=\"elementor-element elementor-element-ffbb7c6 e-flex e-con-boxed e-con e-parent e-lazyloaded\" data-id=\"ffbb7c6\" data-element_type=\"container\"><div class=\"e-con-inner\"><div class=\"elementor-element elementor-element-31bd00b elementor-icon-list--layout-traditional elementor-list-item-link-full_width elementor-widget elementor-widget-icon-list\" data-id=\"31bd00b\" data-element_type=\"widget\" data-widget_type=\"icon-list.default\"><div class=\"elementor-widget-container\"><ul><li><strong><span class=\"elementor-icon-list-text\">9h: <\/span><\/strong>Higiene e lanche.<\/li><\/ul><\/div><\/div><\/div><\/div><div class=\"elementor-element elementor-element-bc4981d e-flex e-con-boxed e-con e-parent e-lazyloaded\" data-id=\"bc4981d\" data-element_type=\"container\"><div class=\"e-con-inner\"><div class=\"elementor-element elementor-element-4273f36 elementor-icon-list--layout-traditional elementor-list-item-link-full_width elementor-widget elementor-widget-icon-list\" data-id=\"4273f36\" data-element_type=\"widget\" data-widget_type=\"icon-list.default\"><div class=\"elementor-widget-container\"><ul><li><strong><span class=\"elementor-icon-list-text\">10h: <\/span><\/strong>Hora da recrea\u00e7\u00e3o e lazer\/livre ou dirigida.<\/li><\/ul><\/div><\/div><\/div><\/div><div class=\"elementor-element elementor-element-12d73a4 e-flex e-con-boxed e-con e-parent e-lazyloaded\" data-id=\"12d73a4\" data-element_type=\"container\"><div class=\"e-con-inner\"><div class=\"elementor-element elementor-element-5ba299d elementor-icon-list--layout-traditional elementor-list-item-link-full_width elementor-widget elementor-widget-icon-list\" data-id=\"5ba299d\" data-element_type=\"widget\" data-widget_type=\"icon-list.default\"><div class=\"elementor-widget-container\"><ul><li><strong><span class=\"elementor-icon-list-text\">11h20min: <\/span><\/strong>Higiene, ora\u00e7\u00e3o e almo\u00e7o.<\/li><\/ul><\/div><\/div><\/div><\/div><div class=\"elementor-element elementor-element-b7971a4 e-flex e-con-boxed e-con e-parent e-lazyloaded\" data-id=\"b7971a4\" data-element_type=\"container\"><div class=\"e-con-inner\"><div class=\"elementor-element elementor-element-0c1f3b1 elementor-icon-list--layout-traditional elementor-list-item-link-full_width elementor-widget elementor-widget-icon-list\" data-id=\"0c1f3b1\" data-element_type=\"widget\" data-widget_type=\"icon-list.default\"><div class=\"elementor-widget-container\"><ul><li><span class=\"elementor-icon-list-text\"><strong>12h \u00e0s 13h15min: <\/strong><\/span>Higiene (escova\u00e7\u00e3o), hora do descanso e organiza\u00e7\u00e3o para o turno da tarde.<\/li><\/ul><\/div><\/div><\/div><\/div><div class=\"elementor-element elementor-element-cd9b464 e-flex e-con-boxed e-con e-parent e-lazyloaded\" data-id=\"cd9b464\" data-element_type=\"container\"><div class=\"e-con-inner\"><div class=\"elementor-element elementor-element-21a34ca elementor-icon-list--layout-traditional elementor-list-item-link-full_width elementor-widget elementor-widget-icon-list\" data-id=\"21a34ca\" data-element_type=\"widget\" data-widget_type=\"icon-list.default\"><div class=\"elementor-widget-container\">\u00a0<\/div><\/div><\/div><\/div><div class=\"elementor-element elementor-element-cd9b464 e-flex e-con-boxed e-con e-parent e-lazyloaded\" data-id=\"cd9b464\" data-element_type=\"container\"><div class=\"e-con-inner\"><div class=\"elementor-element elementor-element-21a34ca elementor-icon-list--layout-traditional elementor-list-item-link-full_width elementor-widget elementor-widget-icon-list\" data-id=\"21a34ca\" data-element_type=\"widget\" data-widget_type=\"icon-list.default\"><div class=\"elementor-widget-container\"><p><strong><span class=\"elementor-icon-list-text\">Atividades Pedag\u00f3gicas:<\/span><\/strong><\/p><p>-Projetos pedag\u00f3gicos<br \/>-Inform\u00e1tica<br \/>-M\u00fasica<br \/>-Atividades f\u00edsicas<br \/>-Biblioteca\/Hora do conto<br \/>-Capela<\/p><\/div><\/div><\/div><\/div><div class=\"elementor-element elementor-element-bf97c9e e-flex e-con-boxed e-con e-parent e-lazyloaded\" data-id=\"bf97c9e\" data-element_type=\"container\"><div class=\"e-con-inner\"><div class=\"elementor-element elementor-element-a7c6a56 elementor-icon-list--layout-traditional elementor-list-item-link-full_width elementor-widget elementor-widget-icon-list\" data-id=\"a7c6a56\" data-element_type=\"widget\" data-widget_type=\"icon-list.default\"><div class=\"elementor-widget-container\"><ul class=\"elementor-icon-list-items\"><li class=\"elementor-icon-list-item\"><strong><span class=\"elementor-icon-list-text\">Atividades Dirigidas Recreativas:<\/span><\/strong><\/li><li>\u00a0<\/li><li class=\"elementor-icon-list-item\">-Campinho<\/li><\/ul><p>-Brinquedo de casa<br \/>-Pracinha<br \/>-Bosque<br \/>-Casinha de brinquedos<br \/>-Oficinas<br \/>-Jogos\/brincadeiras.<br \/><br \/><strong><span class=\"elementor-icon-list-text\">Coordenadora Pedag\u00f3gica: Grazieli Noro Grabowski\u00a0<\/span><\/strong><strong> &#8211;\u00a0<\/strong><a href=\"mailto:sopei@madrebarbara.com.br\">grazieli.grabowski@redeicm.org.br<\/a><\/p><\/div><\/div><\/div><\/div>\t\t\t\t\t\t\t\t<\/div>\n\t\t\t\t<\/div>\n\t\t\t\t\t<\/div>\n\t\t\t\t<\/div>\n\t\t\t\t<\/div>\n\t\t\t\t<\/div>\n\t\t","protected":false},"excerpt":{"rendered":"<p>A Escola oferece \u00a0projetos de car\u00e1ter multi e interdisciplinar visando \u00e0 forma\u00e7\u00e3o integral do educando, sendo estes nas dimens\u00f5es social, pol\u00edtica,\u00a0 cognitiva, afetiva, \u00e9tica e religiosa, que permeiam o projeto pol\u00edtico pedag\u00f3gico. Os conte\u00fados s\u00e3o desenvolvidos atrav\u00e9s de situa\u00e7\u00f5es de aprendizagem que favore\u00e7am as diversas \u00e1reas do conhecimento, desenvolvendo compet\u00eancias e habilidades por meio de [&hellip;]<\/p>\n","protected":false},"author":1,"featured_media":145,"parent":0,"menu_order":0,"comment_status":"closed","ping_status":"closed","template":"","meta":{"_acf_changed":false,"footnotes":""},"class_list":["post-462","page","type-page","status-publish","has-post-thumbnail","hentry"],"acf":[],"yoast_head":"<!-- This site is optimized with the Yoast SEO plugin v26.3 - https:\/\/yoast.com\/wordpress\/plugins\/seo\/ -->\n<title>Extracurricular - Escola Nossa Senhora Auxiliadora<\/title>\n<meta name=\"robots\" content=\"index, follow, max-snippet:-1, max-image-preview:large, max-video-preview:-1\" \/>\n<link rel=\"canonical\" href=\"https:\/\/redeicm.org.br\/auxiliadora\/extracurricular\/\" \/>\n<meta property=\"og:locale\" content=\"pt_BR\" \/>\n<meta property=\"og:type\" content=\"article\" \/>\n<meta property=\"og:title\" content=\"Extracurricular - Escola Nossa Senhora Auxiliadora\" \/>\n<meta property=\"og:description\" content=\"A Escola oferece \u00a0projetos de car\u00e1ter multi e interdisciplinar visando \u00e0 forma\u00e7\u00e3o integral do educando, sendo estes nas dimens\u00f5es social, pol\u00edtica,\u00a0 cognitiva, afetiva, \u00e9tica e religiosa, que permeiam o projeto pol\u00edtico pedag\u00f3gico. Os conte\u00fados s\u00e3o desenvolvidos atrav\u00e9s de situa\u00e7\u00f5es de aprendizagem que favore\u00e7am as diversas \u00e1reas do conhecimento, desenvolvendo compet\u00eancias e habilidades por meio de [&hellip;]\" \/>\n<meta property=\"og:url\" content=\"https:\/\/redeicm.org.br\/auxiliadora\/extracurricular\/\" \/>\n<meta property=\"og:site_name\" content=\"Escola Nossa Senhora Auxiliadora\" \/>\n<meta property=\"article:modified_time\" content=\"2025-07-08T17:51:33+00:00\" \/>\n<meta property=\"og:image\" content=\"https:\/\/redeicm.org.br\/auxiliadora\/wp-content\/uploads\/sites\/3\/2024\/08\/banner-educacao-infantil.jpg\" \/>\n\t<meta property=\"og:image:width\" content=\"1440\" \/>\n\t<meta property=\"og:image:height\" content=\"400\" \/>\n\t<meta property=\"og:image:type\" content=\"image\/jpeg\" \/>\n<meta name=\"twitter:card\" content=\"summary_large_image\" \/>\n<meta name=\"twitter:label1\" content=\"Est. tempo de leitura\" \/>\n\t<meta name=\"twitter:data1\" content=\"2 minutos\" \/>\n<script type=\"application\/ld+json\" class=\"yoast-schema-graph\">{\"@context\":\"https:\/\/schema.org\",\"@graph\":[{\"@type\":\"WebPage\",\"@id\":\"https:\/\/redeicm.org.br\/auxiliadora\/extracurricular\/\",\"url\":\"https:\/\/redeicm.org.br\/auxiliadora\/extracurricular\/\",\"name\":\"Extracurricular - Escola Nossa Senhora Auxiliadora\",\"isPartOf\":{\"@id\":\"https:\/\/redeicm.org.br\/auxiliadora\/#website\"},\"primaryImageOfPage\":{\"@id\":\"https:\/\/redeicm.org.br\/auxiliadora\/extracurricular\/#primaryimage\"},\"image\":{\"@id\":\"https:\/\/redeicm.org.br\/auxiliadora\/extracurricular\/#primaryimage\"},\"thumbnailUrl\":\"https:\/\/redeicm.org.br\/auxiliadora\/wp-content\/uploads\/sites\/3\/2024\/08\/banner-educacao-infantil.jpg\",\"datePublished\":\"2024-08-11T22:33:10+00:00\",\"dateModified\":\"2025-07-08T17:51:33+00:00\",\"breadcrumb\":{\"@id\":\"https:\/\/redeicm.org.br\/auxiliadora\/extracurricular\/#breadcrumb\"},\"inLanguage\":\"pt-BR\",\"potentialAction\":[{\"@type\":\"ReadAction\",\"target\":[\"https:\/\/redeicm.org.br\/auxiliadora\/extracurricular\/\"]}]},{\"@type\":\"ImageObject\",\"inLanguage\":\"pt-BR\",\"@id\":\"https:\/\/redeicm.org.br\/auxiliadora\/extracurricular\/#primaryimage\",\"url\":\"https:\/\/redeicm.org.br\/auxiliadora\/wp-content\/uploads\/sites\/3\/2024\/08\/banner-educacao-infantil.jpg\",\"contentUrl\":\"https:\/\/redeicm.org.br\/auxiliadora\/wp-content\/uploads\/sites\/3\/2024\/08\/banner-educacao-infantil.jpg\",\"width\":1440,\"height\":400},{\"@type\":\"BreadcrumbList\",\"@id\":\"https:\/\/redeicm.org.br\/auxiliadora\/extracurricular\/#breadcrumb\",\"itemListElement\":[{\"@type\":\"ListItem\",\"position\":1,\"name\":\"In\u00edcio\",\"item\":\"https:\/\/redeicm.org.br\/auxiliadora\/\"},{\"@type\":\"ListItem\",\"position\":2,\"name\":\"Extracurricular\"}]},{\"@type\":\"WebSite\",\"@id\":\"https:\/\/redeicm.org.br\/auxiliadora\/#website\",\"url\":\"https:\/\/redeicm.org.br\/auxiliadora\/\",\"name\":\"Escola Nossa Senhora Auxiliadora\",\"description\":\"\",\"publisher\":{\"@id\":\"https:\/\/redeicm.org.br\/auxiliadora\/#organization\"},\"potentialAction\":[{\"@type\":\"SearchAction\",\"target\":{\"@type\":\"EntryPoint\",\"urlTemplate\":\"https:\/\/redeicm.org.br\/auxiliadora\/?s={search_term_string}\"},\"query-input\":{\"@type\":\"PropertyValueSpecification\",\"valueRequired\":true,\"valueName\":\"search_term_string\"}}],\"inLanguage\":\"pt-BR\"},{\"@type\":\"Organization\",\"@id\":\"https:\/\/redeicm.org.br\/auxiliadora\/#organization\",\"name\":\"Escola Nossa Senhora Auxiliadora\",\"url\":\"https:\/\/redeicm.org.br\/auxiliadora\/\",\"logo\":{\"@type\":\"ImageObject\",\"inLanguage\":\"pt-BR\",\"@id\":\"https:\/\/redeicm.org.br\/auxiliadora\/#\/schema\/logo\/image\/\",\"url\":\"https:\/\/redeicm.org.br\/auxiliadora\/wp-content\/uploads\/sites\/3\/2024\/08\/ICM_Educacao_Auxiliadora_Preferencial_Cores-1024x401-1.png\",\"contentUrl\":\"https:\/\/redeicm.org.br\/auxiliadora\/wp-content\/uploads\/sites\/3\/2024\/08\/ICM_Educacao_Auxiliadora_Preferencial_Cores-1024x401-1.png\",\"width\":1024,\"height\":401,\"caption\":\"Escola Nossa Senhora Auxiliadora\"},\"image\":{\"@id\":\"https:\/\/redeicm.org.br\/auxiliadora\/#\/schema\/logo\/image\/\"}}]}<\/script>\n<!-- \/ Yoast SEO plugin. -->","yoast_head_json":{"title":"Extracurricular - Escola Nossa Senhora Auxiliadora","robots":{"index":"index","follow":"follow","max-snippet":"max-snippet:-1","max-image-preview":"max-image-preview:large","max-video-preview":"max-video-preview:-1"},"canonical":"https:\/\/redeicm.org.br\/auxiliadora\/extracurricular\/","og_locale":"pt_BR","og_type":"article","og_title":"Extracurricular - Escola Nossa Senhora Auxiliadora","og_description":"A Escola oferece \u00a0projetos de car\u00e1ter multi e interdisciplinar visando \u00e0 forma\u00e7\u00e3o integral do educando, sendo estes nas dimens\u00f5es social, pol\u00edtica,\u00a0 cognitiva, afetiva, \u00e9tica e religiosa, que permeiam o projeto pol\u00edtico pedag\u00f3gico. Os conte\u00fados s\u00e3o desenvolvidos atrav\u00e9s de situa\u00e7\u00f5es de aprendizagem que favore\u00e7am as diversas \u00e1reas do conhecimento, desenvolvendo compet\u00eancias e habilidades por meio de [&hellip;]","og_url":"https:\/\/redeicm.org.br\/auxiliadora\/extracurricular\/","og_site_name":"Escola Nossa Senhora Auxiliadora","article_modified_time":"2025-07-08T17:51:33+00:00","og_image":[{"width":1440,"height":400,"url":"https:\/\/redeicm.org.br\/auxiliadora\/wp-content\/uploads\/sites\/3\/2024\/08\/banner-educacao-infantil.jpg","type":"image\/jpeg"}],"twitter_card":"summary_large_image","twitter_misc":{"Est. tempo de leitura":"2 minutos"},"schema":{"@context":"https:\/\/schema.org","@graph":[{"@type":"WebPage","@id":"https:\/\/redeicm.org.br\/auxiliadora\/extracurricular\/","url":"https:\/\/redeicm.org.br\/auxiliadora\/extracurricular\/","name":"Extracurricular - Escola Nossa Senhora Auxiliadora","isPartOf":{"@id":"https:\/\/redeicm.org.br\/auxiliadora\/#website"},"primaryImageOfPage":{"@id":"https:\/\/redeicm.org.br\/auxiliadora\/extracurricular\/#primaryimage"},"image":{"@id":"https:\/\/redeicm.org.br\/auxiliadora\/extracurricular\/#primaryimage"},"thumbnailUrl":"https:\/\/redeicm.org.br\/auxiliadora\/wp-content\/uploads\/sites\/3\/2024\/08\/banner-educacao-infantil.jpg","datePublished":"2024-08-11T22:33:10+00:00","dateModified":"2025-07-08T17:51:33+00:00","breadcrumb":{"@id":"https:\/\/redeicm.org.br\/auxiliadora\/extracurricular\/#breadcrumb"},"inLanguage":"pt-BR","potentialAction":[{"@type":"ReadAction","target":["https:\/\/redeicm.org.br\/auxiliadora\/extracurricular\/"]}]},{"@type":"ImageObject","inLanguage":"pt-BR","@id":"https:\/\/redeicm.org.br\/auxiliadora\/extracurricular\/#primaryimage","url":"https:\/\/redeicm.org.br\/auxiliadora\/wp-content\/uploads\/sites\/3\/2024\/08\/banner-educacao-infantil.jpg","contentUrl":"https:\/\/redeicm.org.br\/auxiliadora\/wp-content\/uploads\/sites\/3\/2024\/08\/banner-educacao-infantil.jpg","width":1440,"height":400},{"@type":"BreadcrumbList","@id":"https:\/\/redeicm.org.br\/auxiliadora\/extracurricular\/#breadcrumb","itemListElement":[{"@type":"ListItem","position":1,"name":"In\u00edcio","item":"https:\/\/redeicm.org.br\/auxiliadora\/"},{"@type":"ListItem","position":2,"name":"Extracurricular"}]},{"@type":"WebSite","@id":"https:\/\/redeicm.org.br\/auxiliadora\/#website","url":"https:\/\/redeicm.org.br\/auxiliadora\/","name":"Escola Nossa Senhora Auxiliadora","description":"","publisher":{"@id":"https:\/\/redeicm.org.br\/auxiliadora\/#organization"},"potentialAction":[{"@type":"SearchAction","target":{"@type":"EntryPoint","urlTemplate":"https:\/\/redeicm.org.br\/auxiliadora\/?s={search_term_string}"},"query-input":{"@type":"PropertyValueSpecification","valueRequired":true,"valueName":"search_term_string"}}],"inLanguage":"pt-BR"},{"@type":"Organization","@id":"https:\/\/redeicm.org.br\/auxiliadora\/#organization","name":"Escola Nossa Senhora Auxiliadora","url":"https:\/\/redeicm.org.br\/auxiliadora\/","logo":{"@type":"ImageObject","inLanguage":"pt-BR","@id":"https:\/\/redeicm.org.br\/auxiliadora\/#\/schema\/logo\/image\/","url":"https:\/\/redeicm.org.br\/auxiliadora\/wp-content\/uploads\/sites\/3\/2024\/08\/ICM_Educacao_Auxiliadora_Preferencial_Cores-1024x401-1.png","contentUrl":"https:\/\/redeicm.org.br\/auxiliadora\/wp-content\/uploads\/sites\/3\/2024\/08\/ICM_Educacao_Auxiliadora_Preferencial_Cores-1024x401-1.png","width":1024,"height":401,"caption":"Escola Nossa Senhora Auxiliadora"},"image":{"@id":"https:\/\/redeicm.org.br\/auxiliadora\/#\/schema\/logo\/image\/"}}]}},"_links":{"self":[{"href":"https:\/\/redeicm.org.br\/auxiliadora\/wp-json\/wp\/v2\/pages\/462","targetHints":{"allow":["GET"]}}],"collection":[{"href":"https:\/\/redeicm.org.br\/auxiliadora\/wp-json\/wp\/v2\/pages"}],"about":[{"href":"https:\/\/redeicm.org.br\/auxiliadora\/wp-json\/wp\/v2\/types\/page"}],"author":[{"embeddable":true,"href":"https:\/\/redeicm.org.br\/auxiliadora\/wp-json\/wp\/v2\/users\/1"}],"replies":[{"embeddable":true,"href":"https:\/\/redeicm.org.br\/auxiliadora\/wp-json\/wp\/v2\/comments?post=462"}],"version-history":[{"count":15,"href":"https:\/\/redeicm.org.br\/auxiliadora\/wp-json\/wp\/v2\/pages\/462\/revisions"}],"predecessor-version":[{"id":2327,"href":"https:\/\/redeicm.org.br\/auxiliadora\/wp-json\/wp\/v2\/pages\/462\/revisions\/2327"}],"wp:featuredmedia":[{"embeddable":true,"href":"https:\/\/redeicm.org.br\/auxiliadora\/wp-json\/wp\/v2\/media\/145"}],"wp:attachment":[{"href":"https:\/\/redeicm.org.br\/auxiliadora\/wp-json\/wp\/v2\/media?parent=462"}],"curies":[{"name":"wp","href":"https:\/\/api.w.org\/{rel}","templated":true}]}}