{"id":331,"date":"2024-08-11T10:42:05","date_gmt":"2024-08-11T13:42:05","guid":{"rendered":"https:\/\/redeicm.org.br\/auxiliadora\/?page_id=331"},"modified":"2025-07-08T16:40:25","modified_gmt":"2025-07-08T19:40:25","slug":"sistema-de-avaliacao","status":"publish","type":"page","link":"https:\/\/redeicm.org.br\/auxiliadora\/sistema-de-avaliacao\/","title":{"rendered":"Sistema de Avalia\u00e7\u00e3o"},"content":{"rendered":"\t\t<div data-elementor-type=\"wp-page\" data-elementor-id=\"331\" class=\"elementor elementor-331\" data-elementor-post-type=\"page\">\n\t\t\t\t<div class=\"elementor-element elementor-element-8ffd9bc e-flex e-con-boxed e-con e-parent\" data-id=\"8ffd9bc\" data-element_type=\"container\" data-e-type=\"container\" data-settings=\"{&quot;background_background&quot;:&quot;classic&quot;}\">\n\t\t\t\t\t<div class=\"e-con-inner\">\n\t\t\t\t<div class=\"elementor-element elementor-element-de9a91e elementor-widget elementor-widget-heading\" data-id=\"de9a91e\" data-element_type=\"widget\" data-e-type=\"widget\" data-widget_type=\"heading.default\">\n\t\t\t\t<div class=\"elementor-widget-container\">\n\t\t\t\t\t<h1 class=\"elementor-heading-title elementor-size-default\">Sistema de Avalia\u00e7\u00e3o\n<\/h1>\t\t\t\t<\/div>\n\t\t\t\t<\/div>\n\t\t\t\t\t<\/div>\n\t\t\t\t<\/div>\n\t\t<div class=\"elementor-element elementor-element-24caf02 e-con-full e-flex e-con e-parent\" data-id=\"24caf02\" data-element_type=\"container\" data-e-type=\"container\">\n\t\t<div class=\"elementor-element elementor-element-4ae2dfec e-flex e-con-boxed e-con e-child\" data-id=\"4ae2dfec\" data-element_type=\"container\" data-e-type=\"container\">\n\t\t\t\t\t<div class=\"e-con-inner\">\n\t\t\t\t<div class=\"elementor-element elementor-element-7f20682 elementor-invisible elementor-widget elementor-widget-text-editor\" data-id=\"7f20682\" data-element_type=\"widget\" data-e-type=\"widget\" data-settings=\"{&quot;_animation&quot;:&quot;fadeInUp&quot;}\" data-widget_type=\"text-editor.default\">\n\t\t\t\t<div class=\"elementor-widget-container\">\n\t\t\t\t\t\t\t\t\t<p>Constituinte do processo educativo, a avalia\u00e7\u00e3o, na perspectiva da Educa\u00e7\u00e3o Evang\u00e9lico-Libertadora e alicer\u00e7ada nos Princ\u00edpios Pedag\u00f3gicos de B\u00e1rbara Maix, tem como finalidade auxiliar no desenvolvimento do aluno em todas as dimens\u00f5es de sua personalidade, mediando a descoberta de seu potencial e a constru\u00e7\u00e3o de seu saber, bem como realimentar, sustentar e adequar a interven\u00e7\u00e3o pedag\u00f3gica, num movimento dial\u00e9tico, inclusivo, regulador\u00a0 e integrador.<\/p><p>Nessa concep\u00e7\u00e3o, a avalia\u00e7\u00e3o \u00e9 realizada durante o processo de constru\u00e7\u00e3o do conhecimento cognitivo, social, afetivo e espiritual em uma din\u00e2mica de ensino-aprendizagem que oportuna o desenvolvimento de habilidades, valores e compet\u00eancias no aluno. Esse processo visa ao crescimento e ao avan\u00e7o do aluno como ser cr\u00edtico, livre e participativo na constru\u00e7\u00e3o de aprendizagem significativas formuladas e reformuladas.<\/p>\t\t\t\t\t\t\t\t<\/div>\n\t\t\t\t<\/div>\n\t\t\t\t\t<\/div>\n\t\t\t\t<\/div>\n\t\t\t\t<\/div>\n\t\t\t\t<\/div>\n\t\t","protected":false},"excerpt":{"rendered":"<p>Sistema de Avalia\u00e7\u00e3o Constituinte do processo educativo, a avalia\u00e7\u00e3o, na perspectiva da Educa\u00e7\u00e3o Evang\u00e9lico-Libertadora e alicer\u00e7ada nos Princ\u00edpios Pedag\u00f3gicos de B\u00e1rbara Maix, tem como finalidade auxiliar no desenvolvimento do aluno em todas as dimens\u00f5es de sua personalidade, mediando a descoberta de seu potencial e a constru\u00e7\u00e3o de seu saber, bem como realimentar, sustentar e adequar [&hellip;]<\/p>\n","protected":false},"author":1,"featured_media":133,"parent":0,"menu_order":0,"comment_status":"closed","ping_status":"closed","template":"","meta":{"_acf_changed":false,"footnotes":""},"class_list":["post-331","page","type-page","status-publish","has-post-thumbnail","hentry"],"acf":[],"yoast_head":"<!-- This site is optimized with the Yoast SEO plugin v26.3 - https:\/\/yoast.com\/wordpress\/plugins\/seo\/ -->\n<title>Sistema de Avalia\u00e7\u00e3o - Escola Nossa Senhora Auxiliadora<\/title>\n<meta name=\"robots\" content=\"index, follow, max-snippet:-1, max-image-preview:large, max-video-preview:-1\" \/>\n<link rel=\"canonical\" href=\"https:\/\/redeicm.org.br\/auxiliadora\/sistema-de-avaliacao\/\" \/>\n<meta property=\"og:locale\" content=\"pt_BR\" \/>\n<meta property=\"og:type\" content=\"article\" \/>\n<meta property=\"og:title\" content=\"Sistema de Avalia\u00e7\u00e3o - Escola Nossa Senhora Auxiliadora\" \/>\n<meta property=\"og:description\" content=\"Sistema de Avalia\u00e7\u00e3o Constituinte do processo educativo, a avalia\u00e7\u00e3o, na perspectiva da Educa\u00e7\u00e3o Evang\u00e9lico-Libertadora e alicer\u00e7ada nos Princ\u00edpios Pedag\u00f3gicos de B\u00e1rbara Maix, tem como finalidade auxiliar no desenvolvimento do aluno em todas as dimens\u00f5es de sua personalidade, mediando a descoberta de seu potencial e a constru\u00e7\u00e3o de seu saber, bem como realimentar, sustentar e adequar [&hellip;]\" \/>\n<meta property=\"og:url\" content=\"https:\/\/redeicm.org.br\/auxiliadora\/sistema-de-avaliacao\/\" \/>\n<meta property=\"og:site_name\" content=\"Escola Nossa Senhora Auxiliadora\" \/>\n<meta property=\"article:modified_time\" content=\"2025-07-08T19:40:25+00:00\" \/>\n<meta property=\"og:image\" content=\"https:\/\/redeicm.org.br\/auxiliadora\/wp-content\/uploads\/sites\/3\/2024\/08\/banner-ensino-medio.jpg\" \/>\n\t<meta property=\"og:image:width\" content=\"1440\" \/>\n\t<meta property=\"og:image:height\" content=\"401\" \/>\n\t<meta property=\"og:image:type\" content=\"image\/jpeg\" \/>\n<meta name=\"twitter:card\" content=\"summary_large_image\" \/>\n<meta name=\"twitter:label1\" content=\"Est. tempo de leitura\" \/>\n\t<meta name=\"twitter:data1\" content=\"1 minuto\" \/>\n<script type=\"application\/ld+json\" class=\"yoast-schema-graph\">{\"@context\":\"https:\/\/schema.org\",\"@graph\":[{\"@type\":\"WebPage\",\"@id\":\"https:\/\/redeicm.org.br\/auxiliadora\/sistema-de-avaliacao\/\",\"url\":\"https:\/\/redeicm.org.br\/auxiliadora\/sistema-de-avaliacao\/\",\"name\":\"Sistema de Avalia\u00e7\u00e3o - Escola Nossa Senhora Auxiliadora\",\"isPartOf\":{\"@id\":\"https:\/\/redeicm.org.br\/auxiliadora\/#website\"},\"primaryImageOfPage\":{\"@id\":\"https:\/\/redeicm.org.br\/auxiliadora\/sistema-de-avaliacao\/#primaryimage\"},\"image\":{\"@id\":\"https:\/\/redeicm.org.br\/auxiliadora\/sistema-de-avaliacao\/#primaryimage\"},\"thumbnailUrl\":\"https:\/\/redeicm.org.br\/auxiliadora\/wp-content\/uploads\/sites\/3\/2024\/08\/banner-ensino-medio.jpg\",\"datePublished\":\"2024-08-11T13:42:05+00:00\",\"dateModified\":\"2025-07-08T19:40:25+00:00\",\"breadcrumb\":{\"@id\":\"https:\/\/redeicm.org.br\/auxiliadora\/sistema-de-avaliacao\/#breadcrumb\"},\"inLanguage\":\"pt-BR\",\"potentialAction\":[{\"@type\":\"ReadAction\",\"target\":[\"https:\/\/redeicm.org.br\/auxiliadora\/sistema-de-avaliacao\/\"]}]},{\"@type\":\"ImageObject\",\"inLanguage\":\"pt-BR\",\"@id\":\"https:\/\/redeicm.org.br\/auxiliadora\/sistema-de-avaliacao\/#primaryimage\",\"url\":\"https:\/\/redeicm.org.br\/auxiliadora\/wp-content\/uploads\/sites\/3\/2024\/08\/banner-ensino-medio.jpg\",\"contentUrl\":\"https:\/\/redeicm.org.br\/auxiliadora\/wp-content\/uploads\/sites\/3\/2024\/08\/banner-ensino-medio.jpg\",\"width\":1440,\"height\":401},{\"@type\":\"BreadcrumbList\",\"@id\":\"https:\/\/redeicm.org.br\/auxiliadora\/sistema-de-avaliacao\/#breadcrumb\",\"itemListElement\":[{\"@type\":\"ListItem\",\"position\":1,\"name\":\"In\u00edcio\",\"item\":\"https:\/\/redeicm.org.br\/auxiliadora\/\"},{\"@type\":\"ListItem\",\"position\":2,\"name\":\"Sistema de Avalia\u00e7\u00e3o\"}]},{\"@type\":\"WebSite\",\"@id\":\"https:\/\/redeicm.org.br\/auxiliadora\/#website\",\"url\":\"https:\/\/redeicm.org.br\/auxiliadora\/\",\"name\":\"Escola Nossa Senhora Auxiliadora\",\"description\":\"\",\"publisher\":{\"@id\":\"https:\/\/redeicm.org.br\/auxiliadora\/#organization\"},\"potentialAction\":[{\"@type\":\"SearchAction\",\"target\":{\"@type\":\"EntryPoint\",\"urlTemplate\":\"https:\/\/redeicm.org.br\/auxiliadora\/?s={search_term_string}\"},\"query-input\":{\"@type\":\"PropertyValueSpecification\",\"valueRequired\":true,\"valueName\":\"search_term_string\"}}],\"inLanguage\":\"pt-BR\"},{\"@type\":\"Organization\",\"@id\":\"https:\/\/redeicm.org.br\/auxiliadora\/#organization\",\"name\":\"Escola Nossa Senhora Auxiliadora\",\"url\":\"https:\/\/redeicm.org.br\/auxiliadora\/\",\"logo\":{\"@type\":\"ImageObject\",\"inLanguage\":\"pt-BR\",\"@id\":\"https:\/\/redeicm.org.br\/auxiliadora\/#\/schema\/logo\/image\/\",\"url\":\"https:\/\/redeicm.org.br\/auxiliadora\/wp-content\/uploads\/sites\/3\/2024\/08\/ICM_Educacao_Auxiliadora_Preferencial_Cores-1024x401-1.png\",\"contentUrl\":\"https:\/\/redeicm.org.br\/auxiliadora\/wp-content\/uploads\/sites\/3\/2024\/08\/ICM_Educacao_Auxiliadora_Preferencial_Cores-1024x401-1.png\",\"width\":1024,\"height\":401,\"caption\":\"Escola Nossa Senhora Auxiliadora\"},\"image\":{\"@id\":\"https:\/\/redeicm.org.br\/auxiliadora\/#\/schema\/logo\/image\/\"}}]}<\/script>\n<!-- \/ Yoast SEO plugin. -->","yoast_head_json":{"title":"Sistema de Avalia\u00e7\u00e3o - Escola Nossa Senhora Auxiliadora","robots":{"index":"index","follow":"follow","max-snippet":"max-snippet:-1","max-image-preview":"max-image-preview:large","max-video-preview":"max-video-preview:-1"},"canonical":"https:\/\/redeicm.org.br\/auxiliadora\/sistema-de-avaliacao\/","og_locale":"pt_BR","og_type":"article","og_title":"Sistema de Avalia\u00e7\u00e3o - Escola Nossa Senhora Auxiliadora","og_description":"Sistema de Avalia\u00e7\u00e3o Constituinte do processo educativo, a avalia\u00e7\u00e3o, na perspectiva da Educa\u00e7\u00e3o Evang\u00e9lico-Libertadora e alicer\u00e7ada nos Princ\u00edpios Pedag\u00f3gicos de B\u00e1rbara Maix, tem como finalidade auxiliar no desenvolvimento do aluno em todas as dimens\u00f5es de sua personalidade, mediando a descoberta de seu potencial e a constru\u00e7\u00e3o de seu saber, bem como realimentar, sustentar e adequar [&hellip;]","og_url":"https:\/\/redeicm.org.br\/auxiliadora\/sistema-de-avaliacao\/","og_site_name":"Escola Nossa Senhora Auxiliadora","article_modified_time":"2025-07-08T19:40:25+00:00","og_image":[{"width":1440,"height":401,"url":"https:\/\/redeicm.org.br\/auxiliadora\/wp-content\/uploads\/sites\/3\/2024\/08\/banner-ensino-medio.jpg","type":"image\/jpeg"}],"twitter_card":"summary_large_image","twitter_misc":{"Est. tempo de leitura":"1 minuto"},"schema":{"@context":"https:\/\/schema.org","@graph":[{"@type":"WebPage","@id":"https:\/\/redeicm.org.br\/auxiliadora\/sistema-de-avaliacao\/","url":"https:\/\/redeicm.org.br\/auxiliadora\/sistema-de-avaliacao\/","name":"Sistema de Avalia\u00e7\u00e3o - Escola Nossa Senhora Auxiliadora","isPartOf":{"@id":"https:\/\/redeicm.org.br\/auxiliadora\/#website"},"primaryImageOfPage":{"@id":"https:\/\/redeicm.org.br\/auxiliadora\/sistema-de-avaliacao\/#primaryimage"},"image":{"@id":"https:\/\/redeicm.org.br\/auxiliadora\/sistema-de-avaliacao\/#primaryimage"},"thumbnailUrl":"https:\/\/redeicm.org.br\/auxiliadora\/wp-content\/uploads\/sites\/3\/2024\/08\/banner-ensino-medio.jpg","datePublished":"2024-08-11T13:42:05+00:00","dateModified":"2025-07-08T19:40:25+00:00","breadcrumb":{"@id":"https:\/\/redeicm.org.br\/auxiliadora\/sistema-de-avaliacao\/#breadcrumb"},"inLanguage":"pt-BR","potentialAction":[{"@type":"ReadAction","target":["https:\/\/redeicm.org.br\/auxiliadora\/sistema-de-avaliacao\/"]}]},{"@type":"ImageObject","inLanguage":"pt-BR","@id":"https:\/\/redeicm.org.br\/auxiliadora\/sistema-de-avaliacao\/#primaryimage","url":"https:\/\/redeicm.org.br\/auxiliadora\/wp-content\/uploads\/sites\/3\/2024\/08\/banner-ensino-medio.jpg","contentUrl":"https:\/\/redeicm.org.br\/auxiliadora\/wp-content\/uploads\/sites\/3\/2024\/08\/banner-ensino-medio.jpg","width":1440,"height":401},{"@type":"BreadcrumbList","@id":"https:\/\/redeicm.org.br\/auxiliadora\/sistema-de-avaliacao\/#breadcrumb","itemListElement":[{"@type":"ListItem","position":1,"name":"In\u00edcio","item":"https:\/\/redeicm.org.br\/auxiliadora\/"},{"@type":"ListItem","position":2,"name":"Sistema de Avalia\u00e7\u00e3o"}]},{"@type":"WebSite","@id":"https:\/\/redeicm.org.br\/auxiliadora\/#website","url":"https:\/\/redeicm.org.br\/auxiliadora\/","name":"Escola Nossa Senhora Auxiliadora","description":"","publisher":{"@id":"https:\/\/redeicm.org.br\/auxiliadora\/#organization"},"potentialAction":[{"@type":"SearchAction","target":{"@type":"EntryPoint","urlTemplate":"https:\/\/redeicm.org.br\/auxiliadora\/?s={search_term_string}"},"query-input":{"@type":"PropertyValueSpecification","valueRequired":true,"valueName":"search_term_string"}}],"inLanguage":"pt-BR"},{"@type":"Organization","@id":"https:\/\/redeicm.org.br\/auxiliadora\/#organization","name":"Escola Nossa Senhora Auxiliadora","url":"https:\/\/redeicm.org.br\/auxiliadora\/","logo":{"@type":"ImageObject","inLanguage":"pt-BR","@id":"https:\/\/redeicm.org.br\/auxiliadora\/#\/schema\/logo\/image\/","url":"https:\/\/redeicm.org.br\/auxiliadora\/wp-content\/uploads\/sites\/3\/2024\/08\/ICM_Educacao_Auxiliadora_Preferencial_Cores-1024x401-1.png","contentUrl":"https:\/\/redeicm.org.br\/auxiliadora\/wp-content\/uploads\/sites\/3\/2024\/08\/ICM_Educacao_Auxiliadora_Preferencial_Cores-1024x401-1.png","width":1024,"height":401,"caption":"Escola Nossa Senhora Auxiliadora"},"image":{"@id":"https:\/\/redeicm.org.br\/auxiliadora\/#\/schema\/logo\/image\/"}}]}},"_links":{"self":[{"href":"https:\/\/redeicm.org.br\/auxiliadora\/wp-json\/wp\/v2\/pages\/331","targetHints":{"allow":["GET"]}}],"collection":[{"href":"https:\/\/redeicm.org.br\/auxiliadora\/wp-json\/wp\/v2\/pages"}],"about":[{"href":"https:\/\/redeicm.org.br\/auxiliadora\/wp-json\/wp\/v2\/types\/page"}],"author":[{"embeddable":true,"href":"https:\/\/redeicm.org.br\/auxiliadora\/wp-json\/wp\/v2\/users\/1"}],"replies":[{"embeddable":true,"href":"https:\/\/redeicm.org.br\/auxiliadora\/wp-json\/wp\/v2\/comments?post=331"}],"version-history":[{"count":3,"href":"https:\/\/redeicm.org.br\/auxiliadora\/wp-json\/wp\/v2\/pages\/331\/revisions"}],"predecessor-version":[{"id":2360,"href":"https:\/\/redeicm.org.br\/auxiliadora\/wp-json\/wp\/v2\/pages\/331\/revisions\/2360"}],"wp:featuredmedia":[{"embeddable":true,"href":"https:\/\/redeicm.org.br\/auxiliadora\/wp-json\/wp\/v2\/media\/133"}],"wp:attachment":[{"href":"https:\/\/redeicm.org.br\/auxiliadora\/wp-json\/wp\/v2\/media?parent=331"}],"curies":[{"name":"wp","href":"https:\/\/api.w.org\/{rel}","templated":true}]}}